{"id":19507,"date":"2025-04-07T06:51:19","date_gmt":"2025-04-07T06:51:19","guid":{"rendered":"https:\/\/www.hydraulic-cylinders.net\/product\/boom-cylinder-for-sgzg-sd18b\/"},"modified":"2025-04-07T06:51:21","modified_gmt":"2025-04-07T06:51:21","slug":"boom-cylinder-for-sgzg-sd18b","status":"publish","type":"product","link":"https:\/\/www.hydraulic-cylinders.net\/sl\/izdelek\/boom-cylinder-for-sgzg-sd18b\/","title":{"rendered":"Cilinder roke za SGZG SD18B"},"content":{"rendered":"<h1>Cilinder roke za SGZG SD18B<\/h1>\n<h2>Uvod v cilindre roke<\/h2>\n<p>Hidravli\u010dni cilinder za SGZG SD18B je specializiran hidravli\u010dni cilinder, zasnovan za nadzor gibanja \u017elic v razli\u010dnih te\u017ekih strojih, vklju\u010dno z bagri, bagri nakladalniki in \u010delnimi nakladalniki. Ti cilindri igrajo klju\u010dno vlogo pri nalogah ravnanja z materiali, saj omogo\u010dajo u\u010dinkovito dvigovanje, spu\u0161\u010danje in nagibanje \u017elice. V bistvu je cilinder \u017elice vrsta hidravli\u010dnega cilindra, ki omogo\u010da u\u010dinkovito delovanje hidravli\u010dnih sistemov, zaradi \u010desar je nepogre\u0161ljiv sestavni del sodobne gradbene in kmetijske opreme.<\/p>\n<p><img decoding=\"async\" src=\"https:\/\/www.hydraulic-cylinders.net\/wp-content\/uploads\/2025\/04\/songte-company-1.webp\" alt=\"Cilinder roke\"><\/p>\n<h3>Funkcija in uporaba<\/h3>\n<p>Cilindri \u017elice omogo\u010dajo natan\u010den nadzor in premikanje \u017elic, kar je bistvenega pomena za kopanje, nakladanje in prevoz materialov. Mo\u017enost spreminjanja polo\u017eaja \u017elice pove\u010duje produktivnost in u\u010dinkovitost pri razli\u010dnih aplikacijah.<\/p>\n<h2>Zna\u010dilnosti cilindra roke za SGZG SD18B<\/h2>\n<ul>\n<li><strong>Visoka trdnost in vzdr\u017eljivost:<\/strong> Ti cilindri, izdelani iz visoko trdnega jekla ali aluminija, lahko prenesejo visok tlak in velike obremenitve, zaradi \u010desar so primerni za zahtevna delovna okolja.<\/li>\n<li><strong>U\u010dinkovito hidravli\u010dno delovanje:<\/strong> Z uporabo hidravli\u010dnega oljnega tlaka za gladko iztegovanje in vstavljanje zagotavljajo hiter odziv na krmilne ukaze ter zagotavljajo mo\u010dne potisne in vle\u010dne sile.<\/li>\n<li><strong>Razli\u010dne vrste:<\/strong> Na voljo v enosmerni (delujo\u010di v eno smer) ali dvosmerni (delujo\u010di v obe smeri) izvedbi za razli\u010dne operativne potrebe. Nekateri modeli imajo tudi teleskopske zasnove za dalj\u0161i doseg brez pove\u010danja zunanjih dimenzij.<\/li>\n<li><strong>Izdelava po meri:<\/strong> Ta izdelek lahko izdelamo tako, da popolnoma nadomesti obstoje\u010de hidravli\u010dne cilindre z enakovrednimi specifikacijami.<\/li>\n<li><strong>Vsestranske uporabe:<\/strong> Primerno za razli\u010dne stroje v gradbeni\u0161tvu in kmetijstvu, kar zagotavlja optimalno delovanje v ve\u010d scenarijih.<\/li>\n<\/ul>\n<p><img decoding=\"async\" src=\"https:\/\/www.hydraulic-cylinders.net\/wp-content\/uploads\/2025\/04\/songte-cylinder-head-with-all-kinds-excavator-models.webp\" alt=\"Modeli bagrov\"><\/p>\n<h2>Uporaba cilindra roke<\/h2>\n<h3>Gradbena oprema<\/h3>\n<p>Pri bagrih so cilindri roke klju\u010dnega pomena za kopanje, nakladanje in premikanje zemlje ali ru\u0161evin. Njihova vloga pri bagrih nakladalnikih je dvojna, saj pomagajo tako pri izkopavanju kot pri dvigovanju. Zaradi te vsestranskosti so bistveni za gradbene projekte, kjer sta u\u010dinkovitost in natan\u010dnost najpomembnej\u0161i.<\/p>\n<h3>Kmetijska mehanizacija<\/h3>\n<p>Pri \u010delnih nakladalnikih se cilindri roke uporabljajo za zajemanje, dvigovanje in prevoz zemlje, sena in drugih materialov. Izbolj\u0161ujejo u\u010dinkovitost kmetijskih opravil, kar kmetom omogo\u010da enostavno ravnanje z materiali in s tem pove\u010duje produktivnost pri kmetijskih dejavnostih.<\/p>\n<h3>Bagri<\/h3>\n<p>Cilindri \u017elice olaj\u0161ajo kopanje, saj omogo\u010dajo, da \u017elica prodre v zemljo. Ta sposobnost je klju\u010dnega pomena za u\u010dinkovito izkopavanje, saj zagotavlja, da lahko upravljavci dose\u017eejo \u017eelene globine in ohranijo produktivnost med delovanjem.<\/p>\n<h3>Nakladalci<\/h3>\n<p>Pri \u010delnih nakladalnikih cilindri roke u\u010dinkovito prispevajo k dvigovanju in razkladanju bremen. Zaradi svoje sposobnosti upravljanja te\u017ekih materialov so neprecenljivi v gradbeni\u0161tvu in pri ravnanju z materiali.<\/p>\n<h2>Oblikovalski vidiki in izbirna merila<\/h2>\n<ul>\n<li><strong>Nosilnost:<\/strong> Nosilnost valja je klju\u010dni dejavnik za zagotovitev, da izpolnjuje zahteve stroja. Zasnovan mora biti tako, da prenese najve\u010djo te\u017eo premikanih materialov, da se prepre\u010di okvara.<\/li>\n<li><strong>U\u010dinkovitost tesnjenja:<\/strong> Pravilni tesnilni mehanizmi so bistveni za prepre\u010devanje pu\u0161\u010danja hidravli\u010dne teko\u010dine. To vklju\u010duje uporabo visokokakovostnih tesnil, ki lahko prenesejo pritisk in so odporna proti obrabi skozi \u010das.<\/li>\n<li><strong>Vzdr\u017eljivost:<\/strong> Materiali, uporabljeni pri izdelavi, morajo biti odporni proti koroziji in obrabi, kar podalj\u0161a \u017eivljenjsko dobo cilindra tudi v te\u017ekih delovnih pogojih.<\/li>\n<li><strong>Varnostne funkcije:<\/strong> Vgradnja varnostnih ventilov in sistemov za razbremenitev tlaka \u0161\u010diti upravljavce in stroje pred morebitnimi nevarnostmi ter zagotavlja varno delovanje v razli\u010dnih okoljih.<\/li>\n<li><strong>Dostopnost vzdr\u017eevanja:<\/strong> Zasnova mora omogo\u010dati enostaven dostop za vzdr\u017eevanje in popravila, kar omogo\u010da hitrej\u0161e servisiranje in skraj\u0161anje \u010dasa izpada.<\/li>\n<\/ul>\n<p><img decoding=\"async\" src=\"https:\/\/www.hydraulic-cylinders.net\/wp-content\/uploads\/2025\/04\/songte-oil-pipes-and-spare-parts.webp\" alt=\"Oljne cevi in \u200b\u200brezervni deli\"><\/p>\n<h2>Tesnjenje in mazanje cilindra roke<\/h2>\n<p>Tesnjenje in mazanje sta klju\u010dna elementa za ohranjanje delovanja cilindrov roke. Za prepre\u010devanje pu\u0161\u010danja in kontaminacije hidravli\u010dne teko\u010dine se uporabljajo razli\u010dna tesnila, kot so tesnila bata in tesnila palic. Zaradi svoje vzdr\u017eljivosti in odpornosti proti obrabi se pogosto uporabljajo tesnila iz poliuretana ali nitrilne gume.<\/p>\n<p>Telo valja in navojne kon\u010dne povr\u0161ine so natan\u010dno obdelane za izbolj\u0161anje odpornosti proti obrabi, kar znatno podalj\u0161a \u017eivljenjsko dobo valja. Redno mazanje s hidravli\u010dnim oljem je klju\u010dnega pomena; zmanj\u0161uje trenje med gibljivimi deli in zagotavlja nemoteno delovanje.<\/p>\n<h2>Preventivni vzdr\u017eevalni ukrepi<\/h2>\n<ul>\n<li><strong>Redni pregledi:<\/strong> Redno preverjanje pu\u0161\u010danja, razpok in znakov obrabe je bistvenega pomena za ohranjanje optimalne zmogljivosti in prepre\u010devanje nenadnih okvar.<\/li>\n<li><strong>Ustrezno mazanje:<\/strong> Vzdr\u017eevanje ustrezne ravni hidravli\u010dnega olja in redno mazanje zmanj\u0161uje obrabo in ohranja obratovalno u\u010dinkovitost.<\/li>\n<li><strong>Zamenjava tesnil in preverjanje kalibracije:<\/strong> Spremljanje in zamenjava tesnil po potrebi prepre\u010duje pu\u0161\u010danje teko\u010dine. Poleg tega redni pregledi kalibracije zagotavljajo, da jeklenka deluje znotraj dolo\u010denih parametrov.<\/li>\n<\/ul>\n<h2>Pravilna navodila za namestitev<\/h2>\n<p>Pravilna namestitev cilindra roke je klju\u010dnega pomena za optimalno delovanje. Najprej se prepri\u010dajte, da so pritrdilne to\u010dke \u010diste in brez umazanije. Za pritrditev cilindra uporabite ustrezne pritrdilne nosilce, pri \u010demer zagotovite pravilno poravnavo z drugimi komponentami, da prepre\u010dite prekomerno obremenitev cilindra.<\/p>\n<p>Med namestitvijo vzdr\u017eujte pravilno poravnavo, da zmanj\u0161ate obrabo in zagotovite nemoteno delovanje. Priporo\u010dljivo je, da se za specifi\u010dne nastavitve navora in postopke namestitve posvetujete s proizvajal\u010devimi navodili. Po namestitvi izvedite funkcionalni preizkus, da potrdite, da valj deluje pravilno, in po potrebi prilagodite.<\/p>\n<h2>Pogosta vzdr\u017eevalna opravila<\/h2>\n<ul>\n<li><strong>Redni pregledi:<\/strong> Izvajanje pregledov v dolo\u010denih intervalih za zgodnje odkrivanje obrabe in morebitnih te\u017eav je klju\u010dnega pomena za vzdr\u017eevanje. To vklju\u010duje preverjanje pu\u0161\u010danja, deformacij ali drugih znakov po\u0161kodb.<\/li>\n<li><strong>Ustrezno mazanje:<\/strong> Zagotavljanje pravilnih postopkov mazanja je bistvenega pomena za zmanj\u0161anje trenja in obrabe, s \u010dimer se podalj\u0161a \u017eivljenjska doba komponente.<\/li>\n<li><strong>Zamenjava tesnil in preverjanje kalibracije:<\/strong> Redna menjava tesnil prepre\u010duje pu\u0161\u010danje in zagotavlja u\u010dinkovito delovanje. Poleg tega preverjanje kalibracije zagotavlja, da se valj natan\u010dno odziva na krmilne vhode.<\/li>\n<\/ul>\n<h2>Varnostni vidiki in okoljski dejavniki<\/h2>\n<p>Izvajanje varnostnih ukrepov pri upravljanju hidravli\u010dnih cilindrov je klju\u010dnega pomena. Upravljavci morajo upo\u0161tevati smernice proizvajalca in zagotoviti, da vse varnostne naprave delujejo. Ustrezno usposabljanje za uporabo hidravli\u010dne opreme zmanj\u0161uje tveganja, povezana z delovanjem, medtem ko lahko ozave\u0161\u010denost o okolju, v katerem se oprema uporablja, prepre\u010di nesre\u010de in okoljsko \u0161kodo.<\/p>\n<h2>Odpravljanje te\u017eav in pogoste te\u017eave<\/h2>\n<ul>\n<li><strong>Pu\u0161\u010danje hidravli\u010dne teko\u010dine:<\/strong> Pu\u0161\u010danje lahko nastane zaradi obrabljenih tesnil ali po\u0161kodovanih komponent. Redni pregledi lahko pomagajo zgodaj odkriti pu\u0161\u010danja, kar omogo\u010da pravo\u010dasna popravila.<\/li>\n<li><strong>Nedosledno delovanje:<\/strong> \u010ce valj ne deluje pravilno, lahko to ka\u017ee na te\u017eave s hidravli\u010dno teko\u010dino ali notranjo obrabo. Preverjanje nivoja teko\u010dine in pregled notranjih po\u0161kodb je klju\u010dnega pomena.<\/li>\n<li><strong>Pregrevanje:<\/strong> Pregrevanje lahko ka\u017ee na te\u017eave, kot sta previsok tlak ali neustrezno mazanje. Spremljanje obratovalnih temperatur in zagotavljanje ustreznih metod hlajenja lahko ubla\u017ei to te\u017eavo.<\/li>\n<\/ul>\n<p>Za u\u010dinkovito odpravljanje te\u017eav morajo upravljavci voditi jasne evidence o vzdr\u017eevalnih dejavnostih in vseh nepravilnostih, opa\u017eenih med delovanjem. Ta proaktivni pristop pomaga pri natan\u010dnem diagnosticiranju te\u017eav in zagotavljanju, da se morebitne te\u017eave odpravijo, preden se stopnjujejo.<\/p>\n<p><img decoding=\"async\" src=\"https:\/\/www.hydraulic-cylinders.net\/wp-content\/uploads\/2025\/04\/songte-bushings-with-all-kinds-of-excavator-models.webp\" alt=\"Pu\u0161e z modeli bagrov\"><\/p>\n<h2>O na\u0161em podjetju<\/h2>\n<p>Smo vodilni proizvajalec in veleprodajni distributer nadomestnih hidravli\u010dnih cilindrov, znani po \u0161iroki paleti izdelkov in zavezanosti kakovosti. Na\u0161e podjetje izvaja napredne strategije upravljanja proizvodnje in se zana\u0161a na usposobljeno delovno silo, vrhunsko digitalno proizvodno opremo in robustne sisteme testiranja za izbolj\u0161anje kakovosti izdelkov in u\u010dinkovitosti proizvodnje.<\/p>\n<p>Ponosni smo na na\u0161o sposobnost, da s prilagojenimi storitvami zadovoljimo raznolike potrebe strank. Na\u0161i izdelki so podvr\u017eeni strogemu nadzoru kakovosti, kar zagotavlja skladnost z mednarodnimi standardi. Poleg tega nudimo izjemno poprodajno podporo, saj strankam pomagamo pri namestitvi, vzdr\u017eevanju in vseh te\u017eavah, ki se lahko pojavijo po nakupu.<\/p>\n<p><img decoding=\"async\" src=\"https:\/\/www.hydraulic-cylinders.net\/wp-content\/uploads\/2025\/04\/songte-company-4.webp\" alt=\"Slika podjetja 1\"><br \/>\n<img decoding=\"async\" src=\"https:\/\/www.hydraulic-cylinders.net\/wp-content\/uploads\/2025\/04\/songte-company-3.webp\" alt=\"Slika podjetja 2\"><\/p>\n<p>Avtor: lyl<\/p>","protected":false},"excerpt":{"rendered":"<p>Boom Cylinder For SGZG SD18B Introduction to Boom Cylinders The Boom Cylinder for SGZG SD18B is a specialized hydraulic cylinder designed to control the movement of buckets in various heavy machinery, including excavators, backhoe loaders, and front loaders. These cylinders play a crucial role in material handling tasks, enabling the bucket to lift, lower, and [&hellip;]<\/p>","protected":false},"featured_media":17875,"comment_status":"open","ping_status":"closed","template":"","meta":{"_et_pb_use_builder":"","_et_pb_old_content":"","_et_gb_content_width":""},"product_brand":[],"product_cat":[1546],"product_tag":[1547,1496],"class_list":{"0":"post-19507","1":"product","2":"type-product","3":"status-publish","4":"has-post-thumbnail","6":"product_cat-boom-cylinders","7":"product_tag-boom-cylinders","8":"product_tag-hydraulic-cylinders","10":"first","11":"instock","12":"shipping-taxable","13":"product-type-simple"},"amp_enabled":true,"_links":{"self":[{"href":"https:\/\/www.hydraulic-cylinders.net\/sl\/wp-json\/wp\/v2\/product\/19507","targetHints":{"allow":["GET"]}}],"collection":[{"href":"https:\/\/www.hydraulic-cylinders.net\/sl\/wp-json\/wp\/v2\/product"}],"about":[{"href":"https:\/\/www.hydraulic-cylinders.net\/sl\/wp-json\/wp\/v2\/types\/product"}],"replies":[{"embeddable":true,"href":"https:\/\/www.hydraulic-cylinders.net\/sl\/wp-json\/wp\/v2\/comments?post=19507"}],"wp:featuredmedia":[{"embeddable":true,"href":"https:\/\/www.hydraulic-cylinders.net\/sl\/wp-json\/wp\/v2\/media\/17875"}],"wp:attachment":[{"href":"https:\/\/www.hydraulic-cylinders.net\/sl\/wp-json\/wp\/v2\/media?parent=19507"}],"wp:term":[{"taxonomy":"product_brand","embeddable":true,"href":"https:\/\/www.hydraulic-cylinders.net\/sl\/wp-json\/wp\/v2\/product_brand?post=19507"},{"taxonomy":"product_cat","embeddable":true,"href":"https:\/\/www.hydraulic-cylinders.net\/sl\/wp-json\/wp\/v2\/product_cat?post=19507"},{"taxonomy":"product_tag","embeddable":true,"href":"https:\/\/www.hydraulic-cylinders.net\/sl\/wp-json\/wp\/v2\/product_tag?post=19507"}],"curies":[{"name":"delovni list","href":"https:\/\/api.w.org\/{rel}","templated":true}]}}