{"id":19515,"date":"2025-04-07T06:51:49","date_gmt":"2025-04-07T06:51:49","guid":{"rendered":"https:\/\/www.hydraulic-cylinders.net\/product\/boom-cylinder-for-carter-ct60-8a-8b\/"},"modified":"2025-04-07T06:51:52","modified_gmt":"2025-04-07T06:51:52","slug":"boom-cylinder-for-carter-ct60-8a-8b","status":"publish","type":"product","link":"https:\/\/www.hydraulic-cylinders.net\/sl\/izdelek\/boom-cylinder-for-carter-ct60-8a-8b\/","title":{"rendered":"Cilinder roke za Carter CT60-8A-8B"},"content":{"rendered":"<h1>Cilinder roke za Carter CT60-8A-8B<\/h1>\n<h2>Uvod v cilinder roke<\/h2>\n<p>Hidravli\u010dni cilinder roke je specializiran hidravli\u010dni cilinder, zasnovan za krmiljenje gibanja \u017elic v razli\u010dnih te\u017ekih strojih, kot so bagri, bagri nakladalniki in \u010delni nakladalniki. Ta hidravli\u010dna komponenta omogo\u010da dvigovanje, spu\u0161\u010danje in nagibanje \u017elice, kar olaj\u0161a naloge ravnanja z materiali v gradbeni\u0161tvu in kmetijstvu. Cilinder \u017elice igra klju\u010dno vlogo v hidravli\u010dnem sistemu, saj zagotavlja nemoteno in u\u010dinkovito delovanje pri dvigovanju te\u017ekih bremen.<\/p>\n<p><img decoding=\"async\" src=\"https:\/\/www.hydraulic-cylinders.net\/wp-content\/uploads\/2025\/04\/songte-company-1.webp\" alt=\"Cilinder roke\" \/><\/p>\n<h2>Zna\u010dilnosti cilindra roke<\/h2>\n<ul>\n<li>\n<h3>Visoka trdnost in vzdr\u017eljivost<\/h3>\n<p>    Ti cilindri, obi\u010dajno izdelani iz visoko trdnega jekla ali aluminija, so zasnovani tako, da prenesejo visoke tlake in velike obremenitve, zaradi \u010desar so primerni za zahtevna delovna okolja. Njihova zasnova vklju\u010duje tudi odpornost proti obrabi in koroziji, kar podalj\u0161uje njihovo \u017eivljenjsko dobo.<\/li>\n<li>\n<h3>U\u010dinkovito hidravli\u010dno delovanje<\/h3>\n<p>    Z uporabo tlaka hidravli\u010dnega olja omogo\u010da valj roke gladko iztegovanje in vstavljanje, se hitro odziva na ukaze upravljavca in zagotavlja mo\u010dne potisne in vle\u010dne sile. Zaradi tega so idealni za ravnanje s te\u017ekimi materiali in kompleksnimi nalogami.<\/li>\n<li>\n<h3>Razli\u010dne vrste<\/h3>\n<p>    Cilindre roke je mogo\u010de izbrati glede na specifi\u010dne potrebe, vklju\u010dno z enosmerno delujo\u010dimi (hidravli\u010dna sila v eni smeri) ali dvosmerno delujo\u010dimi (hidravli\u010dna sila v obeh smereh). Nekateri modeli so teleskopski, kar omogo\u010da ve\u010dji izvle\u010dek brez pove\u010danja zunanjih dimenzij, primerni za uporabo z omejenim prostorom.<\/li>\n<\/ul>\n<h2>Proizvodna zmogljivost<\/h2>\n<p>Ta hidravli\u010dni valj roke lahko izdelamo z natan\u010dnostjo in kakovostjo, ki lahko popolnoma nadomesti obstoje\u010de hidravli\u010dne cilindre.<\/p>\n<p><img decoding=\"async\" src=\"https:\/\/www.hydraulic-cylinders.net\/wp-content\/uploads\/2025\/04\/songte-cylinder-head-with-all-kinds-excavator-models.webp\" alt=\"Proizvodna zmogljivost\" \/><\/p>\n<h2>Uporaba cilindra roke<\/h2>\n<h3>Gradbena oprema<\/h3>\n<p>Pri bagrih so cilindri roke bistveni za kopanje, nakladanje in premikanje zemlje ali ru\u0161evin. Igrajo klju\u010dno vlogo pri u\u010dinkovitem prodiranju \u017elice v tla, kar omogo\u010da u\u010dinkovito izkopavanje in transport materiala.<\/p>\n<h3>Kmetijska mehanizacija<\/h3>\n<p>Pri \u010delnih nakladalnikih cilindri roke pomagajo pri zajemanju, dvigovanju in transportu zemlje, sena in drugih materialov. Njihovo zanesljivo delovanje je klju\u010dnega pomena za optimizacijo kmetijskih opravil in pove\u010danje produktivnosti na kmetijah.<\/p>\n<h3>Bagri<\/h3>\n<p>Cilinder roke omogo\u010da bagrom izvajanje kopanja, saj omogo\u010da, da \u017elica zlahka prodre v zemljo. Ta funkcionalnost je bistvena za razli\u010dne gradbene in krajinske projekte.<\/p>\n<h3>Nakladalci<\/h3>\n<p>Pri \u010delnih nakladalnikih cilinder roke u\u010dinkovito pomaga pri dvigovanju in odlaganju materialov. To je klju\u010dnega pomena za gradbi\u0161\u010da, kjer je treba te\u017eke materiale u\u010dinkovito premikati.<\/p>\n<h2>Oblikovalski vidiki in izbirna merila<\/h2>\n<ul>\n<li>\n<h3>Nosilnost<\/h3>\n<p>    Pri izbiri cilindra roke je klju\u010dnega pomena razumevanje njegove nosilnosti. Cilinder mora biti sposoben prenesti najve\u010djo obremenitev, s katero se bo soo\u010dil med delovanjem, ne da bi pri tem ogrozil varnost ali zmogljivost. Za zagotovitev ustreznega razreda cilindra za njegovo uporabo je treba upo\u0161tevati dejavnike, kot sta te\u017ea materialov, ki se premikajo, in naklon terena.<\/h3>\n<\/li>\n<li>\n<h3>Tesnjenje<\/h3>\n<p>    Tesnilni sistemi, ki se uporabljajo v cilindrih roke, so bistvenega pomena za njihovo delovanje. Visokokakovostna tesnila prepre\u010dujejo pu\u0161\u010danje hidravli\u010dne teko\u010dine, kar lahko povzro\u010di zmanj\u0161ano u\u010dinkovitost in morebitno po\u0161kodbo cilindra. Razli\u010dni materiali tesnil, kot sta poliuretan in nitrilna guma, so izbrani zaradi svoje vzdr\u017eljivosti in odpornosti proti obrabi, kar zagotavlja dolgo \u017eivljenjsko dobo cilindra.<\/h3>\n<\/li>\n<li>\n<h3>Vzdr\u017eljivost<\/h3>\n<p>    Materiali, uporabljeni pri izdelavi cilindrov roke, mo\u010dno vplivajo na njihovo vzdr\u017eljivost. Visokotrdni materiali so bistveni za prena\u0161anje te\u017ekih delovnih pogojev in mehanskih obremenitev. Redne ocene obrabe lahko pomagajo pri ugotavljanju, kdaj je potreben servis ali zamenjava cilindra.<\/h3>\n<\/li>\n<li>\n<h3>Varnost<\/h3>\n<p>    Varnostne funkcije, kot so tla\u010dni varnostni ventili in varnostne klju\u010davnice, so pomembni dejavniki pri zasnovi cilindrov roke. Te funkcije pomagajo prepre\u010devati nesre\u010de med delovanjem in zagotavljajo brezskrbnost upravljavcem, ki delajo s te\u017ekimi stroji.<\/h3>\n<\/li>\n<li>\n<h3>Vzdr\u017eevanje<\/h3>\n<p>    Izbira cilindra roke, zasnovanega za enostavno vzdr\u017eevanje, lahko znatno skraj\u0161a \u010das izpada. Funkcije, ki omogo\u010dajo hitre preglede, mazanje in zamenjavo tesnil, lahko podalj\u0161ajo \u017eivljenjsko dobo cilindra in zagotovijo njegovo dalj\u0161e delovanje.<\/h3>\n<\/li>\n<\/ul>\n<p><img decoding=\"async\" src=\"https:\/\/www.hydraulic-cylinders.net\/wp-content\/uploads\/2025\/04\/songte-oil-pipes-and-spare-parts.webp\" alt=\"Oblikovalski vidiki\" \/><\/p>\n<h2>Tesnjenje in mazanje valja<\/h2>\n<p>U\u010dinkovito tesnjenje je klju\u010dnega pomena za delovanje cilindrov roke. Za zadr\u017eevanje hidravli\u010dne teko\u010dine in prepre\u010devanje vdora zunanjih onesna\u017eevalcev v valj se uporabljajo razli\u010dne tesnilne komponente, kot so tesnila bata in palice. Tesnila iz trpe\u017enih materialov, kot sta poliuretan in nitrilna guma, zagotavljajo odpornost proti obrabi in te\u017ekim delovnim pogojem. Poleg tega so ohi\u0161je cilindra in navojne kon\u010dne povr\u0161ine podvr\u017eene natan\u010dnim postopkom obdelave za pove\u010danje odpornosti proti obrabi. Redno mazanje s hidravli\u010dnim oljem je bistveno za zmanj\u0161anje trenja in zagotavljanje nemotenega delovanja gibljivih delov.<\/p>\n<h2>Redni pregledi in preventivno vzdr\u017eevanje<\/h2>\n<ul>\n<li>\n<h3>Rutinski pregledi<\/h3>\n<p>    Redno preverjanje cilindra roke je klju\u010dnega pomena za prepoznavanje morebitnih te\u017eav, preden te postanejo resne. To vklju\u010duje pregledovanje morebitnih pu\u0161\u010danj, obrabe in po\u0161kodb, ki lahko ka\u017eejo na osnovne mehanske okvare. Redno spremljanje zagotavlja, da oprema ostane v optimalnem delovnem stanju in s tem podalj\u0161a njeno \u017eivljenjsko dobo.<\/h3>\n<\/li>\n<li>\n<h3>Ustrezno mazanje<\/h3>\n<p>    Pravilno mazanje hidravli\u010dnih valjev je klju\u010dnega pomena za zmanj\u0161anje trenja in obrabe med gibljivimi deli. Za ohranjanje delovanja valjev je nujno upo\u0161tevati priporo\u010dila proizvajalca glede intervalov in koli\u010din mazanja. Ustrezno mazanje ne le prepre\u010duje prezgodnjo obrabo, temve\u010d tudi pove\u010duje u\u010dinkovitost hidravli\u010dnega sistema.<\/h3>\n<\/li>\n<li>\n<h3>Zamenjava tesnila<\/h3>\n<p>    Tesnila so pogost obrabni del hidravli\u010dnih cilindrov, zato je pravo\u010dasna zamenjava klju\u010dnega pomena za prepre\u010devanje pu\u0161\u010danja hidravli\u010dnih sistemov. Redni pregled znakov obrabe ali po\u0161kodb lahko pomaga ugotoviti, kdaj je treba tesnila zamenjati. Upo\u0161tevati je treba ustrezne postopke zamenjave tesnil, da se zagotovi tesno prileganje in prepre\u010di prihodnje pu\u0161\u010danje.<\/h3>\n<\/li>\n<\/ul>\n<p><img decoding=\"async\" src=\"https:\/\/www.hydraulic-cylinders.net\/wp-content\/uploads\/2025\/04\/songte-chushion-collar.webp\" alt=\"Vzdr\u017eevalna opravila\" \/><\/p>\n<h2>Varnostni vidiki in okoljski dejavniki<\/h2>\n<p>Pri delu s hidravli\u010dnimi sistemi so varnostni ukrepi najpomembnej\u0161i. Upravljavci morajo biti usposobljeni za pravilno uporabo hidravli\u010dne opreme, vklju\u010dno s tveganji, povezanimi z visokotla\u010dnimi sistemi. Poleg tega so redni vzdr\u017eevalni pregledi bistveni za zagotovitev pravilnega delovanja vseh komponent, s \u010dimer se zmanj\u0161a tveganje za nesre\u010de. Okoljske dejavnike, kot so razlitja olja in onesna\u017eenje, je treba obravnavati tudi z uporabo okolju prijaznih hidravli\u010dnih teko\u010din in izvajanjem ustreznih postopkov odstranjevanja odpadkov, ki nastanejo med vzdr\u017eevanjem.<\/p>\n<h2>Diagnoza napak in pogoste te\u017eave<\/h2>\n<ul>\n<li>\n<h3>Hidravli\u010dna pu\u0161\u010danja<\/h3>\n<p>    Ena najpogostej\u0161ih te\u017eav z cilindri roke je pu\u0161\u010danje hidravli\u010dne teko\u010dine. Do tega lahko pride zaradi obrabljenih tesnil ali po\u0161kodovanih komponent, kar vodi do zmanj\u0161ane u\u010dinkovitosti in morebitnih varnostnih tveganj. Redni pregledi lahko pomagajo pri zgodnjem odkrivanju pu\u0161\u010danj in omogo\u010dajo hitra popravila.<\/h3>\n<\/li>\n<li>\n<h3>Po\u010dasen odzivni \u010das<\/h3>\n<p>    \u010ce se valj roke po\u010dasi odziva na ukaze upravljavca, lahko to ka\u017ee na zrak v hidravli\u010dnem sistemu ali nizko raven teko\u010dine. Zaradi te te\u017eave bo morda treba odzra\u010diti sistem ali doliti hidravli\u010dno teko\u010dino, da se ponovno vzpostavi normalno delovanje.<\/h3>\n<\/li>\n<li>\n<h3>Pove\u010dana raven hrupa<\/h3>\n<p>    Nenavaden hrup med delovanjem lahko ka\u017ee na mehanske te\u017eave, kot sta napa\u010dno poravnan valj ali pomanjkanje mazanja. Upravljavci morajo preveriti vir hrupa, da prepre\u010dijo nadaljnjo \u0161kodo na hidravli\u010dnem sistemu.<\/h3>\n<\/li>\n<\/ul>\n<h2>Nasveti in re\u0161itve za odpravljanje te\u017eav<\/h2>\n<p>Za u\u010dinkovito diagnosticiranje in odpravljanje te\u017eav z cilindri roke morajo upravljavci upo\u0161tevati strukturiran pristop. Za\u010dnite s pregledom zunanjih pu\u0161\u010danj in preverjanjem nivoja teko\u010din. \u010ce odkrijete pu\u0161\u010danje, zamenjajte potrebna tesnila in komponente. Pri po\u010dasnih odzivnih \u010dasih se prepri\u010dajte, da je hidravli\u010dni sistem brez zraka in da je nivo teko\u010dine ustrezen. Pravo\u010dasno odpravljanje morebitnega nenavadnega hrupa bo prepre\u010dilo zaplete, upravljavci pa naj se za posebne postopke odpravljanja te\u017eav obrnejo na navodila proizvajalca. Preventivni ukrepi, kot sta redno vzdr\u017eevanje in pregledi, so bistveni za zmanj\u0161anje morebitnih te\u017eav in zagotavljanje zanesljivega delovanja.<\/p>\n<p><img decoding=\"async\" src=\"https:\/\/www.hydraulic-cylinders.net\/wp-content\/uploads\/2025\/04\/songte-bushings-with-all-kinds-of-excavator-models.webp\" alt=\"Odpravljanje te\u017eav\" \/><\/p>\n<h2>O na\u0161em podjetju<\/h2>\n<p>Smo proizvajalec nadomestnih hidravli\u010dnih cilindrov in ponujamo \u0161iroko paleto izdelkov, zaradi katerih smo se uveljavili kot eden vodilnih proizvajalcev in veletrgovcev na doma\u010dem in mednarodnem trgu. Odli\u010dnost v kakovosti zasledujemo z izpopolnjeno proizvodno strategijo, ki poudarja industrijsko upravljanje proizvodnje. Na\u0161e podjetje nenehno izbolj\u0161uje svoje proizvodne zmogljivosti z integracijo usposobljenega tehni\u010dnega osebja, napredne digitalne proizvodne opreme in profesionalnih sistemov testiranja. Ta zavezanost kakovosti in natan\u010dnosti nam omogo\u010da, da u\u010dinkovito izpolnjujemo raznolike potrebe strank.<\/p>\n<p><img decoding=\"async\" src=\"https:\/\/www.hydraulic-cylinders.net\/wp-content\/uploads\/2025\/04\/songte-company-4.webp\" alt=\"Pregled podjetja\" \/><br \/>\n<img decoding=\"async\" src=\"https:\/\/www.hydraulic-cylinders.net\/wp-content\/uploads\/2025\/04\/songte-company-3.webp\" alt=\"Pregled podjetja\" \/><\/p>\n<p>Na\u0161e podjetje se pona\u0161a s svojo profesionalnostjo, mednarodnimi certifikati, prilagojenimi storitvami, najsodobnej\u0161o proizvodno opremo in izjemno poprodajno storitvijo, s \u010dimer zagotavljamo, da na\u0161e stranke prejmejo najbolj\u0161e mo\u017ene izdelke in podporo.<\/p>\n<p>Avtor: lyl<\/p>","protected":false},"excerpt":{"rendered":"<p>Boom Cylinder For Carter CT60-8A-8B Introduction to Boom Cylinder The Boom Cylinder is a specialized hydraulic cylinder designed to control the movement of buckets in various heavy machinery, such as excavators, backhoe loaders, and front loaders. This hydraulic component enables the bucket to lift, lower, and tilt, facilitating material handling tasks in construction and agriculture. [&hellip;]<\/p>","protected":false},"featured_media":17868,"comment_status":"open","ping_status":"closed","template":"","meta":{"_et_pb_use_builder":"","_et_pb_old_content":"","_et_gb_content_width":""},"product_brand":[],"product_cat":[1546],"product_tag":[1547,1496],"class_list":{"0":"post-19515","1":"product","2":"type-product","3":"status-publish","4":"has-post-thumbnail","6":"product_cat-boom-cylinders","7":"product_tag-boom-cylinders","8":"product_tag-hydraulic-cylinders","10":"first","11":"instock","12":"shipping-taxable","13":"product-type-simple"},"amp_enabled":true,"_links":{"self":[{"href":"https:\/\/www.hydraulic-cylinders.net\/sl\/wp-json\/wp\/v2\/product\/19515","targetHints":{"allow":["GET"]}}],"collection":[{"href":"https:\/\/www.hydraulic-cylinders.net\/sl\/wp-json\/wp\/v2\/product"}],"about":[{"href":"https:\/\/www.hydraulic-cylinders.net\/sl\/wp-json\/wp\/v2\/types\/product"}],"replies":[{"embeddable":true,"href":"https:\/\/www.hydraulic-cylinders.net\/sl\/wp-json\/wp\/v2\/comments?post=19515"}],"wp:featuredmedia":[{"embeddable":true,"href":"https:\/\/www.hydraulic-cylinders.net\/sl\/wp-json\/wp\/v2\/media\/17868"}],"wp:attachment":[{"href":"https:\/\/www.hydraulic-cylinders.net\/sl\/wp-json\/wp\/v2\/media?parent=19515"}],"wp:term":[{"taxonomy":"product_brand","embeddable":true,"href":"https:\/\/www.hydraulic-cylinders.net\/sl\/wp-json\/wp\/v2\/product_brand?post=19515"},{"taxonomy":"product_cat","embeddable":true,"href":"https:\/\/www.hydraulic-cylinders.net\/sl\/wp-json\/wp\/v2\/product_cat?post=19515"},{"taxonomy":"product_tag","embeddable":true,"href":"https:\/\/www.hydraulic-cylinders.net\/sl\/wp-json\/wp\/v2\/product_tag?post=19515"}],"curies":[{"name":"delovni list","href":"https:\/\/api.w.org\/{rel}","templated":true}]}}