{"id":19520,"date":"2025-04-07T06:52:01","date_gmt":"2025-04-07T06:52:01","guid":{"rendered":"https:\/\/www.hydraulic-cylinders.net\/product\/boom-cylinder-for-carter-ct70-8g\/"},"modified":"2025-04-07T06:52:03","modified_gmt":"2025-04-07T06:52:03","slug":"boom-cylinder-for-carter-ct70-8g","status":"publish","type":"product","link":"https:\/\/www.hydraulic-cylinders.net\/sl\/izdelek\/boom-cylinder-for-carter-ct70-8g\/","title":{"rendered":"Cilinder roke za Carter CT70-8G"},"content":{"rendered":"<h1>Cilinder roke za Carter CT70-8G<\/h1>\n<h2>Razumevanje cilindra vedra<\/h2>\n<p>Hidravli\u010dni cilinder za Carter CT70-8G je specializiran hidravli\u010dni cilinder, zasnovan za nadzor gibanja \u017elic v te\u017ekih strojih, kot so bagri, bagri nakladalniki in \u010delni nakladalniki. Ta hidravli\u010dna komponenta omogo\u010da dvigovanje, spu\u0161\u010danje in nagibanje \u017elice, kar omogo\u010da u\u010dinkovito ravnanje z materiali. Cilinder \u017elice igra klju\u010dno vlogo v hidravli\u010dnih sistemih, saj uporablja tla\u010dno teko\u010dino za zagotavljanje natan\u010dnega nadzora in mo\u010dnih gibov, potrebnih za razli\u010dna gradbena in kmetijska opravila.<\/p>\n<p><img decoding=\"async\" src=\"https:\/\/www.hydraulic-cylinders.net\/wp-content\/uploads\/2025\/04\/songte-company-1.webp\" alt=\"Slika cilindra roke\"><\/p>\n<h3>Klju\u010dne lastnosti<\/h3>\n<ul>\n<li><strong>Visoka trdnost in vzdr\u017eljivost:<\/strong> Ti cilindri, izdelani iz visoko trdnega jekla ali aluminija, lahko prenesejo visok tlak in velike obremenitve, primerni so za zahtevna delovna okolja in zagotavljajo dolgotrajno vzdr\u017eljivost.<\/li>\n<li><strong>U\u010dinkovito hidravli\u010dno delovanje:<\/strong> Cilinder uporablja hidravli\u010dni tlak olja za gladko iztegovanje in vstavljanje, se hitro odziva na krmilne ukaze in zagotavlja mo\u010dne potisne in vle\u010dne sile, potrebne za opravljanje te\u017ekih in kompleksnih nalog.<\/li>\n<li><strong>Razli\u010dne vrste:<\/strong> Na voljo v enosmerno delujo\u010di (deluje v eno smer) in dvosmerno delujo\u010di (deluje v obe smeri), kar omogo\u010da prilagoditev glede na operativne potrebe, nekateri modeli pa so zasnovani za teleskopsko uporabo, kar zagotavlja dalj\u0161i doseg v omejenih prostorih.<\/li>\n<\/ul>\n<p>Ta izdelek izdelujemo mi, na\u0161i cilindri pa lahko odli\u010dno nadomestijo razli\u010dne hidravli\u010dne cilindre.<\/p>\n<p><img decoding=\"async\" src=\"https:\/\/www.hydraulic-cylinders.net\/wp-content\/uploads\/2025\/04\/songte-cylinder-head-with-all-kinds-excavator-models.webp\" alt=\"Zamenjava hidravli\u010dnega cilindra\"><\/p>\n<h2>Uporaba cilindra roke<\/h2>\n<h3>Gradbena oprema<\/h3>\n<p>Pri bagrih so cilindri roke bistveni za kopanje, nakladanje in premikanje zemlje ali ru\u0161evin. Igrajo klju\u010dno vlogo tako pri izkopavanju kot dvigovanju pri bagrih nakladalnikih, kar zagotavlja nemoteno delovanje.<\/p>\n<h3>Kmetijska mehanizacija<\/h3>\n<p>Cilindri roke, ki se uporabljajo v \u010delnih nakladalnikih, so klju\u010dni za zajemanje, dvigovanje in prevoz zemlje, sena in drugih materialov. Zagotavljajo potrebno silo za u\u010dinkovito opravljanje razli\u010dnih kmetijskih opravil.<\/p>\n<h3>Bagri<\/h3>\n<p>Cilindri roke omogo\u010dajo, da \u017elica med izkopom prodre v zemljo, kar operaterjem omogo\u010da globlje in u\u010dinkovitej\u0161e kopanje, kar je bistvenega pomena za gradnjo in pripravo gradbi\u0161\u010da.<\/p>\n<h3>Nakladalci<\/h3>\n<p>Pri \u010delnih nakladalnikih ti cilindri pomagajo pri dvigovanju in razkladanju bremen, kar optimizira ravnanje z materialom in izbolj\u0161uje produktivnost na gradbi\u0161\u010dih.<\/p>\n<h2>Oblikovalski vidiki in izbirna merila<\/h2>\n<h3>Nosilnost<\/h3>\n<p>Pri izbiri cilindra roke je klju\u010dnega pomena upo\u0161tevati njegovo nosilnost, ki dolo\u010da, koliko te\u017ee lahko cilinder varno prenese. Pravilno dimenzioniran cilinder zagotavlja varnost in u\u010dinkovitost delovanja ter prepre\u010duje okvare med delovanjem z veliko obremenitvijo.<\/p>\n<h3>Tesnjenje<\/h3>\n<p>Tesnjenje je \u0161e en klju\u010dni vidik, saj visokokakovostna tesnila prepre\u010dujejo pu\u0161\u010danje teko\u010dine in kontaminacijo, kar zagotavlja dolgo \u017eivljenjsko dobo in zanesljivost hidravli\u010dnega sistema. Izbira materialov za tesnila vpliva na delovanje, zlasti v zahtevnih okoljih.<\/p>\n<h3>Vzdr\u017eljivost<\/h3>\n<p>Vzdr\u017eljivost je bistvenega pomena za hidravli\u010dne cilindre, ki delujejo v zahtevnih pogojih. Upo\u0161tevati je treba dejavnike, kot sta odpornost proti obrabi in koroziji, saj ti elementi neposredno vplivajo na \u017eivljenjsko dobo in delovanje cilindra.<\/p>\n<h3>Varnost<\/h3>\n<p>Varnostne funkcije, kot so tla\u010dni varnostni ventili in robustna konstrukcija, so klju\u010dne za prepre\u010devanje nesre\u010d in po\u0161kodb med delovanjem. Zagotavljanje, da so te funkcije vklju\u010dene in delujo\u010de, je nujno za vsak hidravli\u010dni sistem.<\/p>\n<h3>Vzdr\u017eevanje<\/h3>\n<p>Enostavnost vzdr\u017eevanja je \u0161e en klju\u010dni dejavnik. Izbira valjev, ki omogo\u010dajo preprost pregled, mazanje in zamenjavo delov, bo zmanj\u0161ala \u010das izpada in stro\u0161ke vzdr\u017eevanja ter pove\u010dala splo\u0161no produktivnost.<\/p>\n<p><img decoding=\"async\" src=\"https:\/\/www.hydraulic-cylinders.net\/wp-content\/uploads\/2025\/04\/songte-oil-pipes-and-spare-parts.webp\" alt=\"Oljne cevi in \u200b\u200brezervni deli\"><\/p>\n<h2>Tesnjenje in mazanje<\/h2>\n<p>Pravilno tesnjenje in mazanje sta bistvenega pomena za dolgo \u017eivljenjsko dobo in u\u010dinkovitost hidravli\u010dnih cilindrov. Za ohranjanje celovitosti teko\u010dine se uporabljajo razli\u010dna tesnila, kot so tesnila bata in tesnila palic. Tesnila iz trpe\u017enih materialov, kot sta poliuretan in nitrilna guma, pove\u010dajo odpornost proti obrabi. Poleg tega sta ohi\u0161je cilindra in navojni konci podvr\u017eeni skrbni obdelavi za pove\u010danje odpornosti proti obrabi. Redno mazanje s hidravli\u010dnim oljem je potrebno za zagotovitev nemotenega delovanja in prepre\u010devanje obrabe.<\/p>\n<h2>Preventivni vzdr\u017eevalni ukrepi<\/h2>\n<ul>\n<li>Redno pregledujte hidravli\u010dne cevi in \u200b\u200bpriklju\u010dke glede pu\u0161\u010danja.<\/li>\n<li>Prepri\u010dajte se, da so tesnila v dobrem stanju in jih po potrebi zamenjajte.<\/li>\n<li>Spremljajte nivo in kakovost hidravli\u010dne teko\u010dine ter jo po potrebi dolijte ali zamenjajte.<\/li>\n<\/ul>\n<h2>Navodila za namestitev<\/h2>\n<p>Namestitev cilindra roke zahteva natan\u010dnost za zagotovitev optimalnega delovanja. Najprej se prepri\u010dajte, da je delovni prostor prost in da so na voljo potrebna orodja. Poravnajte valj z nosilci in se prepri\u010dajte, da so vsi vijaki in spoji pravilno name\u0161\u010deni. Za trdno pritrditev cilindra uporabite ustrezne nosilce. Po namestitvi preverite poravnavo in delovanje, preden za\u017eenete opremo. Redni pregledi po namestitvi bodo pomagali zgodaj odkriti morebitne te\u017eave.<\/p>\n<h2>Pogosta vzdr\u017eevalna opravila<\/h2>\n<h3>Redni pregledi<\/h3>\n<p>Redni pregledi so klju\u010dnega pomena za prepoznavanje morebitnih te\u017eav, preden se stopnjujejo. Preverite morebitne znake obrabe, pu\u0161\u010danja ali po\u0161kodb, ki bi lahko poslab\u0161ale delovanje. Vzdr\u017eevanje urnika teh pregledov lahko privede do proaktivnega vzdr\u017eevanja in zmanj\u0161anja nepri\u010dakovanih izpadov.<\/p>\n<h3>Ustrezno mazanje<\/h3>\n<p>Pravilno mazanje je klju\u010dnega pomena za nemoteno delovanje hidravli\u010dnega cilindra. Zagotovite, da je raven hidravli\u010dnega olja na priporo\u010deni ravni, in ga dosledno nana\u0161ajte, da prepre\u010dite trenje in obrabo med gibljivimi deli. Redno mazanje bo podalj\u0161alo \u017eivljenjsko dobo cilindra.<\/p>\n<h3>Zamenjava tesnila<\/h3>\n<p>Zamenjava tesnil je klju\u010dnega pomena za ohranjanje celovitosti sistema. Ko se tesnila s\u010dasoma obrabijo, lahko povzro\u010dijo pu\u0161\u010danje in zmanj\u0161ano delovanje. Redna na\u010drtovana menjava tesnil bo pomagala ohranjati optimalno delovanje in prepre\u010dila izgubo hidravli\u010dne teko\u010dine.<\/p>\n<p><img decoding=\"async\" src=\"https:\/\/www.hydraulic-cylinders.net\/wp-content\/uploads\/2025\/04\/songte-chushion-collar.webp\" alt=\"Slika ovratnika z blazino\"><\/p>\n<h2>Varnostni vidiki in okoljski dejavniki<\/h2>\n<p>Pri delu s hidravli\u010dnimi sistemi so varnostni ukrepi najpomembnej\u0161i. Vedno upo\u0161tevajte navodila proizvajalca in uporabljajte varnostno opremo, da prepre\u010dite nesre\u010de. Poleg tega upo\u0161tevajte vpliv hidravli\u010dnih teko\u010din na okolje in uporabljajte metode recikliranja in odstranjevanja, ki zmanj\u0161ujejo \u0161kodo za okolje.<\/p>\n<h2>Odpravljanje pogostih te\u017eav<\/h2>\n<ul>\n<li><strong>Pu\u0161\u010danje:<\/strong> Preverite tesnila in spoje glede po\u0161kodb; po potrebi jih zamenjajte.<\/li>\n<li><strong>Neodzivno delovanje:<\/strong> Prepri\u010dajte se, da je nivo hidravli\u010dne teko\u010dine ustrezen, in preverite, ali je v sistemu kak\u0161na blokada.<\/li>\n<li><strong>Prekomerni hrup:<\/strong> Preverite, ali je v sistemu zrak ali ali so komponente obrabljene; \u200b\u200bodzra\u010dite sistem in po potrebi zamenjajte po\u0161kodovane dele.<\/li>\n<\/ul>\n<h2>Nasveti za odpravljanje te\u017eav<\/h2>\n<p>U\u010dinkovito odpravljanje te\u017eav vklju\u010duje sistemati\u010dne preglede hidravli\u010dnega sistema. Za\u010dnite z odkrivanjem morebitnih nenavadnih simptomov in njihovim sledenjem do morebitnih vzrokov. Izvajajte preventivne ukrepe, kot so redno vzdr\u017eevanje in pregledi, da ubla\u017eite pogoste te\u017eave ter zagotovite dolgoro\u010dno zanesljivost in u\u010dinkovitost.<\/p>\n<p><img decoding=\"async\" src=\"https:\/\/www.hydraulic-cylinders.net\/wp-content\/uploads\/2025\/04\/songte-bushings-with-all-kinds-of-excavator-models.webp\" alt=\"Slika pu\u0161\"><\/p>\n<h2>O na\u0161em podjetju<\/h2>\n<p>Smo vodilni proizvajalec nadomestnih hidravli\u010dnih cilindrov, ki ponuja \u0161iroko paleto izdelkov na doma\u010dem in mednarodnem trgu. Na\u0161a zavezanost odli\u010dnosti se ka\u017ee v na\u0161ih izpopolnjenih proizvodnih strategijah ter uporabi napredne digitalne proizvodne opreme in profesionalnih sistemov testiranja. Z mo\u010dnim poudarkom na kakovosti so na\u0161i izdelki zasnovani tako, da u\u010dinkovito izpolnjujejo razli\u010dne potrebe strank.<\/p>\n<h3>Strokovno znanje<\/h3>\n<p>Strokovno znanje na\u0161e ekipe pri na\u010drtovanju in izdelavi hidravli\u010dnih cilindrov zagotavlja visoke standarde in zanesljivost delovanja.<\/p>\n<h3>Mednarodni certifikati<\/h3>\n<p>Upo\u0161tevamo mednarodne standarde, s \u010dimer zagotavljamo, da na\u0161i izdelki izpolnjujejo stroge zahteve glede kakovosti in varnosti.<\/p>\n<h3>Storitve po meri<\/h3>\n<p>Ponujamo re\u0161itve po meri, ki so prilagojene specifi\u010dnim zahtevam strank in s tem pove\u010dujejo fleksibilnost pri uporabi.<\/p>\n<h3>Napredna proizvodna oprema<\/h3>\n<p>Na\u0161i najsodobnej\u0161i proizvodni obrati omogo\u010dajo natan\u010dno proizvodnjo in zagotavljanje kakovosti.<\/p>\n<h3>Poprodajna podpora<\/h3>\n<p>Zagotavljamo celovito poprodajno podporo, da zagotovimo zadovoljstvo strank in zanesljivost izdelkov.<\/p>\n<p><img decoding=\"async\" src=\"https:\/\/www.hydraulic-cylinders.net\/wp-content\/uploads\/2025\/04\/songte-company-4.webp\" alt=\"Slika podjetja\"><br \/>\n<img decoding=\"async\" src=\"https:\/\/www.hydraulic-cylinders.net\/wp-content\/uploads\/2025\/04\/songte-company-3.webp\" alt=\"Slika podjetja\"><\/p>\n<p>Avtor lyl<\/p>","protected":false},"excerpt":{"rendered":"<p>Boom Cylinder For Carter CT70-8G Understanding the Bucket Cylinder The Boom Cylinder for Carter CT70-8G is a specialized hydraulic cylinder designed to control the movement of buckets in heavy machinery such as excavators, backhoe loaders, and front loaders. This hydraulic component allows the bucket to lift, lower, and tilt, facilitating the efficient handling of materials. [&hellip;]<\/p>","protected":false},"featured_media":17873,"comment_status":"open","ping_status":"closed","template":"","meta":{"_et_pb_use_builder":"","_et_pb_old_content":"","_et_gb_content_width":""},"product_brand":[],"product_cat":[1546],"product_tag":[1547,1496],"class_list":{"0":"post-19520","1":"product","2":"type-product","3":"status-publish","4":"has-post-thumbnail","6":"product_cat-boom-cylinders","7":"product_tag-boom-cylinders","8":"product_tag-hydraulic-cylinders","10":"first","11":"instock","12":"shipping-taxable","13":"product-type-simple"},"amp_enabled":true,"_links":{"self":[{"href":"https:\/\/www.hydraulic-cylinders.net\/sl\/wp-json\/wp\/v2\/product\/19520","targetHints":{"allow":["GET"]}}],"collection":[{"href":"https:\/\/www.hydraulic-cylinders.net\/sl\/wp-json\/wp\/v2\/product"}],"about":[{"href":"https:\/\/www.hydraulic-cylinders.net\/sl\/wp-json\/wp\/v2\/types\/product"}],"replies":[{"embeddable":true,"href":"https:\/\/www.hydraulic-cylinders.net\/sl\/wp-json\/wp\/v2\/comments?post=19520"}],"wp:featuredmedia":[{"embeddable":true,"href":"https:\/\/www.hydraulic-cylinders.net\/sl\/wp-json\/wp\/v2\/media\/17873"}],"wp:attachment":[{"href":"https:\/\/www.hydraulic-cylinders.net\/sl\/wp-json\/wp\/v2\/media?parent=19520"}],"wp:term":[{"taxonomy":"product_brand","embeddable":true,"href":"https:\/\/www.hydraulic-cylinders.net\/sl\/wp-json\/wp\/v2\/product_brand?post=19520"},{"taxonomy":"product_cat","embeddable":true,"href":"https:\/\/www.hydraulic-cylinders.net\/sl\/wp-json\/wp\/v2\/product_cat?post=19520"},{"taxonomy":"product_tag","embeddable":true,"href":"https:\/\/www.hydraulic-cylinders.net\/sl\/wp-json\/wp\/v2\/product_tag?post=19520"}],"curies":[{"name":"delovni list","href":"https:\/\/api.w.org\/{rel}","templated":true}]}}