{"id":19523,"date":"2025-04-07T06:52:28","date_gmt":"2025-04-07T06:52:28","guid":{"rendered":"https:\/\/www.hydraulic-cylinders.net\/product\/boom-cylinder-for-carter-ct330-8c\/"},"modified":"2025-04-07T06:52:37","modified_gmt":"2025-04-07T06:52:37","slug":"boom-cylinder-for-carter-ct330-8c","status":"publish","type":"product","link":"https:\/\/www.hydraulic-cylinders.net\/sl\/izdelek\/boom-cylinder-for-carter-ct330-8c\/","title":{"rendered":"Cilinder roke za Carter CT330-8C"},"content":{"rendered":"<h1>Cilinder roke za Carter CT330-8C<\/h1>\n<h2>Uvod v cilinder roke<\/h2>\n<p>Hidravli\u010dni cilinder za Carter CT330-8C je specializiran hidravli\u010dni cilinder, zasnovan za nadzor gibanja \u017elice na razli\u010dnih te\u017ekih strojih, kot so bagri, bagri in \u010delni nakladalci. Ta hidravli\u010dna komponenta je klju\u010dnega pomena za operacije, ki vklju\u010dujejo dvigovanje, spu\u0161\u010danje in nagibanje \u017elice, kar omogo\u010da u\u010dinkovito ravnanje z materiali.<\/p>\n<p>Hidravli\u010dni cilindri, vklju\u010dno z cilindri roke, igrajo bistveno vlogo v hidravli\u010dnih sistemih. Pretvarjajo hidravli\u010dno energijo v mehansko energijo, kar omogo\u010da gladke in nadzorovane gibe, potrebne za te\u017eko opremo. Cilinder roke je \u0161e posebej pomemben v gradbeni\u0161tvu in kmetijstvu, kjer sta potrebna dvigovanje te\u017ekih bremen in natan\u010dno premikanje.<\/p>\n<p><img decoding=\"async\" src=\"https:\/\/www.hydraulic-cylinders.net\/wp-content\/uploads\/2025\/04\/songte-company-1.webp\" alt=\"Cilinder roke\"><\/p>\n<h2>Zna\u010dilnosti cilindra roke<\/h2>\n<ul>\n<li><strong>Visoka trdnost in vzdr\u017eljivost:<\/strong> Ti cilindri, obi\u010dajno izdelani iz visoko trdnega jekla ali aluminija, lahko prenesejo visok tlak in velike obremenitve, hkrati pa se prilagajajo zahtevnim delovnim okoljem. Zasnovani so z mislijo na odpornost proti obrabi in koroziji, da se podalj\u0161a njihova \u017eivljenjska doba.<\/li>\n<li><strong>U\u010dinkovito hidravli\u010dno delovanje:<\/strong> Z uporabo tlaka hidravli\u010dnega olja valj roke zagotavlja gladko iztegovanje in vstavljanje, kar omogo\u010da hiter odziv na krmilne ukaze in zagotavlja mo\u010dne potisne in vle\u010dne sile, primerne za ravnanje s te\u017ekimi materiali in kompleksnimi nalogami.<\/li>\n<li><strong>Razli\u010dne vrste:<\/strong> Stranke lahko izbirajo med enosmerno delujo\u010dimi (hidravli\u010dno delovanje v eno smer) ali dvosmerno delujo\u010dimi (hidravli\u010dno delovanje v obe smeri) cilindri, da zadostijo razli\u010dnim operativnim potrebam. Nekateri modeli so teleskopski, kar omogo\u010da ve\u010dji razteg brez pove\u010danja zunanjih dimenzij, kar je idealno za aplikacije z omejenim prostorom.<\/li>\n<li><strong>Prilagodljive re\u0161itve:<\/strong> Ta izdelek izdelujemo tako, da popolnoma nadomesti obstoje\u010de hidravli\u010dne cilindre, s \u010dimer zagotavljamo zdru\u017eljivost in zmogljivost.<\/li>\n<li><strong>Robustna zasnova:<\/strong> Z uporabo naprednih in\u017eenirskih tehnik je cilinder roke izdelan za dolgo \u017eivljenjsko dobo in zagotavlja zanesljivost v zahtevnih pogojih.<\/li>\n<\/ul>\n<p><img decoding=\"async\" src=\"https:\/\/www.hydraulic-cylinders.net\/wp-content\/uploads\/2025\/04\/songte-cylinder-head-with-all-kinds-excavator-models.webp\" alt=\"Cilinder roke Carter CT330-8C\"><\/p>\n<h2>Uporaba cilindra roke<\/h2>\n<h3>Gradbena oprema<\/h3>\n<p>V gradbenih strojih so cilindri roke sestavni del bagrov, kjer olaj\u0161ajo kopanje, nakladanje in premikanje zemlje ali ru\u0161evin. Pri bagrih nakladalnikih cilinder \u017elice pomaga tako pri izkopavanju kot pri dvigovanju, zaradi \u010desar je nepogre\u0161ljiv pri gradbenih projektih.<\/p>\n<h3>Kmetijska mehanizacija<\/h3>\n<p>Pri \u010delnih nakladalnikih so cilindri roke bistveni za zajemanje, dvigovanje in prevoz zemlje, sena in drugih materialov. Njihova zanesljivost zagotavlja u\u010dinkovito opravljanje kmetijskih opravil, kar pove\u010duje produktivnost na kmetijah.<\/p>\n<h3>Bagri<\/h3>\n<p>Pri bagrih cilinder roke omogo\u010da, da \u017elica prodre v zemljo, kar omogo\u010da u\u010dinkovito kopanje. Njegov natan\u010den nadzor omogo\u010da upravljavcem izvajanje natan\u010dnih izkopnih del, ki so klju\u010dnega pomena za pripravo gradbi\u0161\u010da in urejanje okolice.<\/p>\n<h3>Nakladalci<\/h3>\n<p>Pri \u010delnih nakladalnikih cilindri roke u\u010dinkovito prispevajo k dvigovanju in praznjenju materialov. Njihova robustna zmogljivost zagotavlja enostavno in natan\u010dno upravljanje te\u017ekih bremen, kar skraj\u0161a \u010das delovanja in pove\u010da u\u010dinkovitost.<\/p>\n<h2>Oblikovalski vidiki in izbirna merila<\/h2>\n<h3>Nosilnost<\/h3>\n<p>Load capacity is a critical factor in selecting a boom cylinder. Each cylinder must be able to handle the specific weight it will lift or move. Proper calculations based on the machine&#8217;s specifications and operational demands ensure safety and efficiency.<\/p>\n<h3>Tesnilni mehanizmi<\/h3>\n<p>U\u010dinkoviti tesnilni mehanizmi so bistveni za prepre\u010devanje pu\u0161\u010danja hidravli\u010dne teko\u010dine in vzdr\u017eevanje tlaka. Visokokakovostna tesnila, ki prenesejo ekstremne temperature in tlake, podalj\u0161ajo \u017eivljenjsko dobo valja in zagotavljajo optimalno delovanje.<\/p>\n<h3>Vzdr\u017eljivost<\/h3>\n<p>Pri zasnovi cilindrov roke je vzdr\u017eljivost najpomembnej\u0161a. Izdelani morajo biti iz materialov, ki so odporni proti obrabi, koroziji in utrujenosti skozi \u010das, kar zagotavlja, da ostanejo delujo\u010di tudi v te\u017ekih pogojih in pri intenzivni uporabi.<\/p>\n<h3>Varnostne funkcije<\/h3>\n<p>Varnost je klju\u010dni dejavnik pri zasnovi hidravli\u010dnih cilindrov. Funkcije, kot sta za\u0161\u010dita pred preobremenitvijo in varnostni ventili, pomagajo prepre\u010diti nesre\u010de in okvare opreme ter tako za\u0161\u010ditijo tako upravljavce kot stroje med delovanjem.<\/p>\n<h3>Vzdr\u017eevanje<\/h3>\n<p>Izberite zasnove, ki omogo\u010dajo enostavno vzdr\u017eevanje in popravila. Dostopnost kriti\u010dnih komponent za pregled, zamenjavo tesnil in mazanje zagotavlja dolgo \u017eivljenjsko dobo in zanesljivost cilindra.<\/p>\n<p><img decoding=\"async\" src=\"https:\/\/www.hydraulic-cylinders.net\/wp-content\/uploads\/2025\/04\/songte-oil-pipes-and-spare-parts.webp\" alt=\"Komponente hidravli\u010dnega cilindra\"><\/p>\n<h2>Tesnjenje in mazanje<\/h2>\n<p>U\u010dinkovitost cilindra roke je mo\u010dno odvisna od njegovih tesnilnih in mazalnih sistemov. Razli\u010dna tesnila, kot so tesnila bata in tesnila palice, so klju\u010dnega pomena za vzdr\u017eevanje hidravli\u010dnega tlaka in prepre\u010devanje pu\u0161\u010danja teko\u010dine. Ta tesnila so obi\u010dajno izdelana iz trpe\u017enih materialov, kot sta poliuretan in nitrilna guma, ki nudita odli\u010dno odpornost proti obrabi.<\/p>\n<p>Telo valja in navojne kon\u010dne povr\u0161ine so podvr\u017eene natan\u010dnim postopkom obdelave, ki pove\u010dujejo njihovo vzdr\u017eljivost in odpornost proti obrabi. Redno mazanje s hidravli\u010dnim oljem je bistvenega pomena za zmanj\u0161anje trenja in obrabe, kar zagotavlja nemoteno delovanje in podalj\u0161uje \u017eivljenjsko dobo valja.<\/p>\n<h2>Redni pregledi in preventivno vzdr\u017eevanje<\/h2>\n<ul>\n<li><strong>Periodi\u010dni pregledi:<\/strong> Redni pregledi cilindra roke glede znakov obrabe, pu\u0161\u010danja in po\u0161kodb so klju\u010dnega pomena za ohranjanje operativne integritete. Preverite tesnila, cevi in \u200b\u200bpriklju\u010dke ter nemudoma zamenjajte vse obrabljene komponente.<\/li>\n<li><strong>Pravilno mazanje:<\/strong> Zagotovite, da je raven hidravli\u010dne teko\u010dine ustrezna in da je mazanje uporabljeno v skladu z navodili proizvajalca, da prepre\u010dite prekomerno obrabo in pregrevanje.<\/li>\n<li><strong>Zamenjava tesnila:<\/strong> Redna menjava tesnil lahko prepre\u010di pu\u0161\u010danje in zagotovi u\u010dinkovito delovanje jeklenke. Zamenjave na\u010drtujte glede na pogostost uporabe in okoljske pogoje.<\/li>\n<\/ul>\n<h2>Navodila za namestitev<\/h2>\n<p>Pravilna namestitev cilindra roke je bistvenega pomena za njegovo optimalno delovanje. Najprej zagotovite, da so monta\u017ene povr\u0161ine \u010diste in brez ostankov. Za pravilno poravnavo cilindra uporabite ustrezna orodja za poravnavo, da se izognete nepotrebni obremenitvi in \u200b\u200bobrabi cilindra in priklju\u010denih komponent. Cilinder pritrdite z ustreznimi monta\u017enimi nosilci in se prepri\u010dajte, da je trdno name\u0161\u010den. Med namestitvijo dvakrat preverite tesnjenje hidravli\u010dnih priklju\u010dkov in pred polnim delovanjem preizkusite sistem v nadzorovanih pogojih.<\/p>\n<h2>Pogosta vzdr\u017eevalna opravila<\/h2>\n<h3>Periodi\u010dni pregledi<\/h3>\n<p>Redni pregledi cilindra roke so klju\u010dnega pomena za prepoznavanje morebitnih te\u017eav, preden se stopnjujejo. Med rutinskimi pregledi preverite pu\u0161\u010danja, nenavadne zvoke in znake obrabe. Ta proaktivni pristop zagotavlja, da cilinder ostane funkcionalen in varen.<\/p>\n<h3>Ustrezno mazanje<\/h3>\n<p>Maintaining proper lubrication is crucial for the smooth operation of the boom cylinder. Use high-quality hydraulic oil, and ensure that it is filled to the manufacturer&#8217;s recommended levels. Regularly inspect the hydraulic oil for contamination or degradation, replacing it as necessary.<\/p>\n<h3>Zamenjava tesnil in preverjanje kalibracije<\/h3>\n<p>Redno menjajte tesnila, da prepre\u010dite pu\u0161\u010danje in ohranite hidravli\u010dno celovitost. Preverjanje kalibracije zagotavlja, da valj roke deluje znotraj dolo\u010denih parametrov. Upo\u0161tevanje priporo\u010denih postopkov in urnikov za ta opravila znatno podalj\u0161a \u017eivljenjsko dobo in zmogljivost valj\u010dka.<\/p>\n<p><img decoding=\"async\" src=\"https:\/\/www.hydraulic-cylinders.net\/wp-content\/uploads\/2025\/04\/songte-chushion-collar.webp\" alt=\"Blazinasti ovratnik za valj roke\"><\/p>\n<h2>Varnostni vidiki in okoljski dejavniki<\/h2>\n<p>Pri upravljanju hidravli\u010dnih cilindrov so varnostni ukrepi najpomembnej\u0161i. Operaterji morajo biti usposobljeni za prepoznavanje nevarnosti, povezanih s hidravli\u010dnimi sistemi, vklju\u010dno s pu\u0161\u010danjem teko\u010dine pod visokim tlakom in morebitno okvaro opreme. Izvajanje varnostnih protokolov in redno usposabljanje lahko mo\u010dno zmanj\u0161ata tveganja, povezana z uporabo cilindrov roke.<\/p>\n<h2>Odpravljanje te\u017eav in pogoste te\u017eave<\/h2>\n<ul>\n<li><strong>Pu\u0161\u010danje:<\/strong> Pu\u0161\u010danje hidravli\u010dne teko\u010dine lahko ka\u017ee na obrabljena tesnila ali povezave. Opravite temeljit pregled in takoj zamenjajte obrabljene komponente, da prepre\u010dite nadaljnjo \u0161kodo.<\/li>\n<li><strong>Neodzivno delovanje:<\/strong> \u010ce se valj roke ne odziva, preverite nivo hidravli\u010dne teko\u010dine in se prepri\u010dajte, da v sistemu ni zraka. Po potrebi odzra\u010dite sistem.<\/li>\n<li><strong>Neenakomerno gibanje:<\/strong> Neenakomerno iztegovanje ali umikanje je lahko posledica blokad ali okvarjenih tesnil. Preverite, ali so blokade, in nemudoma zamenjajte okvarjena tesnila.<\/li>\n<\/ul>\n<h2>Nasveti za odpravljanje te\u017eav<\/h2>\n<p>Pri diagnosticiranju te\u017eav z cilindrom roke je bistveno slediti sistemati\u010dnemu pristopu. Za\u010dnite s preverjanjem pogostih te\u017eav, kot so pu\u0161\u010danje teko\u010dine ali izguba tlaka. Redno vzdr\u017eevanje in pregledi lahko pomagajo zgodaj odkriti morebitne te\u017eave in zmanj\u0161ajo tveganje za resne te\u017eave. Izvajajte preventivne ukrepe, kot so redni pregledi mazanja in tesnil, da zmanj\u0161ate pojav napak.<\/p>\n<p><img decoding=\"async\" src=\"https:\/\/www.hydraulic-cylinders.net\/wp-content\/uploads\/2025\/04\/songte-bushings-with-all-kinds-of-excavator-models.webp\" alt=\"Pu\u0161e za modele bagrov\"><\/p>\n<h2>O na\u0161em podjetju<\/h2>\n<p>Smo vodilni proizvajalec nadomestnih hidravli\u010dnih cilindrov in ponujamo \u0161iroko paleto izdelkov, zaradi katerih smo se uvrstili med vodilne proizvajalce in veletrgovce hidravli\u010dnih cilindrov na doma\u010dem in mednarodnem trgu. Na\u0161o zavezanost odli\u010dnosti v kakovosti podpira dovr\u0161ena strategija upravljanja proizvodnje, ki poudarja natan\u010dnost in u\u010dinkovitost.<\/p>\n<p>Za izbolj\u0161anje na\u0161ih proizvodnih zmogljivosti uporabljamo napredne proizvodne tehnologije, usposobljeno tehni\u010dno osebje in stroge sisteme testiranja. Na\u0161a mo\u010dna inovacijska sposobnost nam omogo\u010da, da u\u010dinkovito zadovoljujemo raznolike potrebe strank. S poudarkom na visoki u\u010dinkovitosti, natan\u010dnosti in kakovosti zagotavljamo, da na\u0161i izdelki izpolnjujejo najvi\u0161je standarde v panogi.<\/p>\n<p>Na\u0161e storitve vklju\u010dujejo tudi prilagojene re\u0161itve, prilagojene specifi\u010dnim zahtevam, ki jih podpira strokovna poprodajna podpora, da zagotovimo zadovoljstvo na\u0161ih strank s svojimi hidravli\u010dnimi sistemi.<\/p>\n<p><img decoding=\"async\" src=\"https:\/\/www.hydraulic-cylinders.net\/wp-content\/uploads\/2025\/04\/songte-company-4.webp\" alt=\"Pregled na\u0161ega podjetja\"><br \/>\n<img decoding=\"async\" src=\"https:\/\/www.hydraulic-cylinders.net\/wp-content\/uploads\/2025\/04\/songte-company-3.webp\" alt=\"Proizvodni obrat podjetja\"><\/p>\n<p>Avtor: lyl<\/p>","protected":false},"excerpt":{"rendered":"<p>Boom Cylinder For Carter CT330-8C Introduction to the Boom Cylinder The Boom Cylinder for Carter CT330-8C is a specialized hydraulic cylinder designed to control the movement of the bucket on various heavy machinery such as excavators, backhoes, and front loaders. This hydraulic component is crucial for operations that involve lifting, lowering, and tilting the bucket, [&hellip;]<\/p>","protected":false},"featured_media":17876,"comment_status":"open","ping_status":"closed","template":"","meta":{"_et_pb_use_builder":"","_et_pb_old_content":"","_et_gb_content_width":""},"product_brand":[],"product_cat":[1546],"product_tag":[1547,1496],"class_list":{"0":"post-19523","1":"product","2":"type-product","3":"status-publish","4":"has-post-thumbnail","6":"product_cat-boom-cylinders","7":"product_tag-boom-cylinders","8":"product_tag-hydraulic-cylinders","10":"first","11":"instock","12":"shipping-taxable","13":"product-type-simple"},"amp_enabled":true,"_links":{"self":[{"href":"https:\/\/www.hydraulic-cylinders.net\/sl\/wp-json\/wp\/v2\/product\/19523","targetHints":{"allow":["GET"]}}],"collection":[{"href":"https:\/\/www.hydraulic-cylinders.net\/sl\/wp-json\/wp\/v2\/product"}],"about":[{"href":"https:\/\/www.hydraulic-cylinders.net\/sl\/wp-json\/wp\/v2\/types\/product"}],"replies":[{"embeddable":true,"href":"https:\/\/www.hydraulic-cylinders.net\/sl\/wp-json\/wp\/v2\/comments?post=19523"}],"wp:featuredmedia":[{"embeddable":true,"href":"https:\/\/www.hydraulic-cylinders.net\/sl\/wp-json\/wp\/v2\/media\/17876"}],"wp:attachment":[{"href":"https:\/\/www.hydraulic-cylinders.net\/sl\/wp-json\/wp\/v2\/media?parent=19523"}],"wp:term":[{"taxonomy":"product_brand","embeddable":true,"href":"https:\/\/www.hydraulic-cylinders.net\/sl\/wp-json\/wp\/v2\/product_brand?post=19523"},{"taxonomy":"product_cat","embeddable":true,"href":"https:\/\/www.hydraulic-cylinders.net\/sl\/wp-json\/wp\/v2\/product_cat?post=19523"},{"taxonomy":"product_tag","embeddable":true,"href":"https:\/\/www.hydraulic-cylinders.net\/sl\/wp-json\/wp\/v2\/product_tag?post=19523"}],"curies":[{"name":"delovni list","href":"https:\/\/api.w.org\/{rel}","templated":true}]}}