{"id":19524,"date":"2025-04-07T06:52:37","date_gmt":"2025-04-07T06:52:37","guid":{"rendered":"https:\/\/www.hydraulic-cylinders.net\/product\/boom-cylinder-for-kym-ky55\/"},"modified":"2025-04-07T06:52:45","modified_gmt":"2025-04-07T06:52:45","slug":"boom-cylinder-for-kym-ky55","status":"publish","type":"product","link":"https:\/\/www.hydraulic-cylinders.net\/sl\/izdelek\/boom-cylinder-for-kym-ky55\/","title":{"rendered":"Cilinder roke za KYM KY55"},"content":{"rendered":"<h1>Cilinder roke za KYM KY55<\/h1>\n<h2>Uvod v cilinder roke<\/h2>\n<p>Cilinder roke je klju\u010dna komponenta, posebej zasnovana za te\u017eko mehanizacijo, ki omogo\u010da nadzor gibanja \u017elice v aplikacijah, kot so bagri, bagri nakladalniki in \u010delni nakladalniki. Ti hidravli\u010dni cilindri omogo\u010dajo dvigovanje, spu\u0161\u010danje in nagibanje \u017elice, kar omogo\u010da u\u010dinkovito ravnanje z materiali. Cilinder roke deluje kot aktuator in pretvarja hidravli\u010dno energijo v mehansko silo, kar zagotavlja nemoteno delovanje tudi pri velikih obremenitvah. Z izkori\u0161\u010danjem hidravli\u010dnega tlaka ima cilinder klju\u010dno vlogo pri izkopavanju in dvigovanju materialov, zaradi \u010desar je nepogre\u0161ljiv v razli\u010dnih panogah, vklju\u010dno z gradbeni\u0161tvom in kmetijstvom.<\/p>\n<p><img decoding=\"async\" src=\"https:\/\/www.hydraulic-cylinders.net\/wp-content\/uploads\/2025\/04\/songte-company-1.webp\" alt=\"Slika cilindra roke\" \/><\/p>\n<h2>Zna\u010dilnosti cilindra roke<\/h2>\n<ul>\n<li>\n<h3>Visoka trdnost in vzdr\u017eljivost<\/h3>\n<p>Cilinder roke, izdelan iz visoko trdnega jekla ali aluminija, je zasnovan tako, da prenese visok tlak in velike obremenitve. Zasnovan je za delovanje v zahtevnih delovnih okoljih, z lastnostmi, ki izbolj\u0161ajo odpornost proti obrabi in koroziji, kar ima za posledico dalj\u0161o \u017eivljenjsko dobo.<\/p>\n<\/li>\n<li>\n<h3>U\u010dinkovito hidravli\u010dno delovanje<\/h3>\n<p>Cilinder uporablja hidravli\u010dni tlak olja za doseganje gladkega in odzivnega iztegovanja in vvla\u010devanja, kar zagotavlja mo\u010dne potisne in vle\u010dne zmogljivosti. Zaradi te u\u010dinkovitosti je primeren za ravnanje s te\u017ekimi materiali in izvajanje kompleksnih operativnih nalog.<\/p>\n<\/li>\n<li>\n<h3>Na voljo so razli\u010dne vrste<\/h3>\n<p>Glede na operativne potrebe lahko stranke izbirajo med enosmerno delujo\u010dimi (hidravli\u010dni tlak v eno smer) ali dvosmerno delujo\u010dimi (hidravli\u010dni tlak v obe smeri) cilindri. Nekateri modeli so teleskopski, kar omogo\u010da ve\u010dji razteg brez pove\u010danja zunanjih dimenzij, kar je idealno za aplikacije z omejenim prostorom.<\/p>\n<\/li>\n<\/ul>\n<p>Ta izdelek izdelujemo mi, na\u0161a ponudba pa je odli\u010dna zamenjava za razli\u010dne hidravli\u010dne cilindre.<\/p>\n<p><img decoding=\"async\" src=\"https:\/\/www.hydraulic-cylinders.net\/wp-content\/uploads\/2025\/04\/songte-cylinder-head-with-all-kinds-excavator-models.webp\" alt=\"Modeli bagrov\" \/><\/p>\n<h2>Uporaba cilindra roke<\/h2>\n<ul>\n<li>\n<h3>Gradbena oprema<\/h3>\n<p>Pri bagrih so cilindri roke bistveni za kopanje, nakladanje in premikanje zemlje ali ru\u0161evin. Omogo\u010dajo, da \u017elica u\u010dinkovito prodre v tla za u\u010dinkovito izkopavanje. Poleg tega pri bagrih nakladalnikih pomagajo pri kopanju in dvigovanju, kar pove\u010duje vsestranskost in produktivnost stroja.<\/p>\n<\/li>\n<li>\n<h3>Kmetijska mehanizacija<\/h3>\n<p>Pri \u010delnih nakladalnikih cilindri roke olaj\u0161ajo zajemanje, dvigovanje in transport zemlje, sena in drugih materialov. Njihovo zanesljivo delovanje je klju\u010dnega pomena za kmetijska opravila, zaradi \u010desar so nepogre\u0161ljivi za kmete, ki se za vsakodnevna opravila zana\u0161ajo na te\u017eko mehanizacijo.<\/p>\n<\/li>\n<li>\n<h3>Bagri<\/h3>\n<p>Cilinder roke omogo\u010da bagrom kopanje, saj omogo\u010da, da \u017elica u\u010dinkovito prodre v zemljo. Ta funkcionalnost je klju\u010dnega pomena za projekte, ki zahtevajo izkopavanje zemlje, zato je cilinder roke klju\u010dna komponenta teh strojev.<\/p>\n<\/li>\n<li>\n<h3>Nakladalci<\/h3>\n<p>Pri \u010delnih nakladalnikih cilindri roke pomagajo pri u\u010dinkovitem dvigovanju in praznjenju bremen. Zagotavljajo potrebno silo za nagibanje \u017elice, kar zagotavlja u\u010dinkovito ravnanje z materialom in optimizira porazdelitev bremena za varnej\u0161e delovanje.<\/p>\n<\/li>\n<\/ul>\n<h2>Oblikovalski vidiki in izbirna merila<\/h2>\n<ul>\n<li>\n<h3>Nosilnost<\/h3>\n<p>Pri izbiri cilindra roke je klju\u010dnega pomena upo\u0161tevati njegovo nosilnost in zagotoviti, da lahko prenese predvideno te\u017eo brez tveganja okvare. To vklju\u010duje oceno materialov, uporabljenih pri izdelavi, dimenzij cilindra in hidravli\u010dnega tlaka, ki ga lahko prenese.<\/p>\n<\/li>\n<li>\n<h3>Tesnilna zmogljivost<\/h3>\n<p>U\u010dinkovito tesnjenje je klju\u010dnega pomena za prepre\u010devanje pu\u0161\u010danja hidravli\u010dne teko\u010dine in zagotavljanje optimalne zmogljivosti. Valji morajo biti opremljeni z visokokakovostnimi tesnili, ki lahko prenesejo ekstremni tlak in ohranjajo mazanje, kar podalj\u0161a \u017eivljenjsko dobo in u\u010dinkovitost valja.<\/p>\n<\/li>\n<li>\n<h3>Vzdr\u017eljivost<\/h3>\n<p>Vzdr\u017eljivost je klju\u010dni dejavnik pri zasnovi cilindrov roke. Morajo biti odporni na obrabo zaradi neprekinjene uporabe v zahtevnih okoljih. Izbira materialov, ki so odporni proti koroziji in po\u0161kodbam zaradi zunanjih elementov, je bistvenega pomena za ohranjanje dolge \u017eivljenjske dobe.<\/p>\n<\/li>\n<li>\n<h3>Varnostne funkcije<\/h3>\n<p>Varnost ne sme biti nikoli ogro\u017eena. Cilindri roke morajo imeti vgrajene varnostne funkcije za prepre\u010devanje nesre\u010d, kot so varnostni ventili in robustne strukture, ki lahko prenesejo nepri\u010dakovane obremenitve ali udarce, s \u010dimer se zagotavlja varnost upravljavcev in strojev.<\/p>\n<\/li>\n<li>\n<h3>Dostopnost vzdr\u017eevanja<\/h3>\n<p>Enostavno vzdr\u017eevanje je klju\u010dnega pomena za dolgo \u017eivljenjsko dobo hidravli\u010dnih cilindrov. Zasnova mora omogo\u010dati enostaven dostop do komponent, kot so tesnila in priklju\u010dki, kar olaj\u0161a redne preglede, vzdr\u017eevanje in popravila ter s tem zmanj\u0161a \u010das izpada.<\/p>\n<\/li>\n<\/ul>\n<p><img decoding=\"async\" src=\"https:\/\/www.hydraulic-cylinders.net\/wp-content\/uploads\/2025\/04\/songte-oil-pipes-and-spare-parts.webp\" alt=\"Oljne cevi in \u200b\u200brezervni deli\" \/><\/p>\n<h2>Tesnjenje in mazanje<\/h2>\n<p>Pravilno tesnjenje in mazanje sta klju\u010dnega pomena za delovanje in dolgo \u017eivljenjsko dobo cilindrov roke. Za zagotovitev, da hidravli\u010dna teko\u010dina ostane v cilindru, se uporabljajo razli\u010dna tesnila, kot so tesnila bata in tesnila palic. Tesnila iz materialov, odpornih proti obrabi, kot sta poliuretan in nitrilna guma, so idealna za zmanj\u0161anje obrabe. Poleg tega sta ohi\u0161je cilindra in navojni konci fino obdelani, da se pove\u010da vzdr\u017eljivost proti abrazivnim elementom. Redno mazanje s hidravli\u010dnim oljem je potrebno za nemoteno delovanje, zmanj\u0161anje trenja in prepre\u010devanje pregrevanja, s \u010dimer se podalj\u0161a \u017eivljenjska doba cilindra.<\/p>\n<h2>Redni pregledi in preventivni vzdr\u017eevalni ukrepi<\/h2>\n<ul>\n<li>\n<h3>Redni pregledi<\/h3>\n<p>Pogosto je treba pregledovati cilindre roke, da se odkrijejo morebitni znaki obrabe, pu\u0161\u010danja ali po\u0161kodb. Zgodnje odkrivanje te\u017eav lahko prepre\u010di resnej\u0161e te\u017eave in draga popravila.<\/p>\n<\/li>\n<li>\n<h3>Pravilno mazanje<\/h3>\n<p>Vzdr\u017eevanje ustrezne ravni mazanja v hidravli\u010dnem sistemu je klju\u010dnega pomena. Poskrbite, da se hidravli\u010dno olje po potrebi doliva, da se prepre\u010di pregrevanje in prekomerna obraba komponent.<\/p>\n<\/li>\n<li>\n<h3>Zamenjava tesnila<\/h3>\n<p>Tesnila je treba redno menjati, da prepre\u010dite pu\u0161\u010danje hidravli\u010dne teko\u010dine. Uvedite urnik pregledov in zamenjav tesnil, da zagotovite optimalno delovanje cilindra roke.<\/p>\n<\/li>\n<\/ul>\n<h2>Navodila za namestitev<\/h2>\n<p>Pravilna namestitev cilindra roke je bistvenega pomena za njegovo optimalno delovanje. Najprej zagotovite, da je valj pravilno poravnan s pritrdilnimi to\u010dkami, da prepre\u010dite te\u017eave z neporavnanostjo. Za pritrditev cilindra uporabite ustrezne pritrdilne nosilce in ga trdno pritrdite, da prepre\u010dite premikanje med delovanjem. Klju\u010dnega pomena je, da pravilno priklju\u010dite hidravli\u010dne cevi v skladu s specifikacijami proizvajalca za tla\u010dne in teko\u010dinske priklju\u010dke. Po namestitvi pred uporabo stroja temeljito preverite vse priklju\u010dke in nastavitve ter se prepri\u010dajte, da je vse na svojem mestu za varno in u\u010dinkovito uporabo.<\/p>\n<h2>Pogosta vzdr\u017eevalna opravila<\/h2>\n<ul>\n<li>\n<h3>Redni pregledi<\/h3>\n<p>Izvajanje rednih pregledov je klju\u010dnega pomena za prepoznavanje morebitnih te\u017eav, preden se stopnjujejo. Poi\u0161\u010dite znake obrabe ali po\u0161kodb in takoj odpravite morebitne te\u017eave, da zagotovite optimalno delovanje cilindra roke.<\/p>\n<\/li>\n<li>\n<h3>Ustrezno mazanje<\/h3>\n<p>Uporaba pravilne vrste in koli\u010dine hidravli\u010dnega olja je bistvenega pomena za ohranjanje delovanja. Zagotovite redno dodajanje maziv in \u010disto\u010do sistema pred onesna\u017eevalci, da za\u0161\u010ditite celovitost cilindra roke.<\/p>\n<\/li>\n<li>\n<h3>Zamenjava tesnil in preverjanje kalibracije<\/h3>\n<p>Redna menjava tesnil in izvajanje kalibracijskih pregledov zagotavljata nemoteno delovanje sistema. Med vzdr\u017eevalnimi postopki je treba preveriti obrabo tesnil in morebitne nepravilnosti v hidravli\u010dnem sistemu nemudoma odpraviti.<\/p>\n<\/li>\n<\/ul>\n<p><img decoding=\"async\" src=\"https:\/\/www.hydraulic-cylinders.net\/wp-content\/uploads\/2025\/04\/songte-chushion-collar.webp\" alt=\"Blazinasti ovratnik\" \/><\/p>\n<h2>Varnostni vidiki in okoljski dejavniki<\/h2>\n<p>Pri delu s hidravli\u010dnimi sistemi so varnostni ukrepi najpomembnej\u0161i. Ustrezno usposabljanje za upravljanje strojev, opremljenih z valji roke, je bistvenega pomena za zmanj\u0161anje tveganja nesre\u010d. Upravljavci se morajo zavedati morebitnih nevarnosti, povezanih s hidravli\u010dnim tlakom, in zagotoviti, da vedno nosijo varnostno opremo. Poleg tega je treba upo\u0161tevati okoljske vidike; uporaba okolju prijaznih hidravli\u010dnih teko\u010din lahko zmanj\u0161a vpliv na okolje. Rabljena olja ali teko\u010dine zavrzite v skladu z lokalnimi predpisi, da prepre\u010dite onesna\u017eenje tal ali vodnih virov.<\/p>\n<h2>Odpravljanje pogostih te\u017eav<\/h2>\n<ul>\n<li>\n<h3>Pu\u0161\u010danje<\/h3>\n<p>Pu\u0161\u010danje hidravli\u010dne teko\u010dine lahko ka\u017ee na obrabljena tesnila ali po\u0161kodovane komponente. Preverite tesnila glede znakov obrabe in jih po potrebi zamenjajte. Preverite tesnost priklju\u010dkov, da prepre\u010dite pu\u0161\u010danje.<\/p>\n<\/li>\n<li>\n<h3>Zmanj\u0161ana zmogljivost<\/h3>\n<p>\u010ce valj roke ne deluje po pri\u010dakovanjih, preverite nivo in kakovost hidravli\u010dne teko\u010dine. Nizka ali onesna\u017eena teko\u010dina lahko ovira delovanje. Poleg tega preverite, ali so v hidravli\u010dnih ceveh kak\u0161ne blokade.<\/p>\n<\/li>\n<li>\n<h3>Nepri\u010dakovani zvoki<\/h3>\n<p>Nenavadni hrupi med delovanjem lahko ka\u017eejo na notranje po\u0161kodbe ali nizko raven mazanja. Prei\u0161\u010dite vir hrupa in ga nemudoma odpravite, da prepre\u010dite nadaljnjo \u0161kodo.<\/p>\n<\/li>\n<\/ul>\n<p>Izvajanje preventivnih ukrepov, kot so redni pregledi in pravo\u010dasno vzdr\u017eevanje, lahko znatno zmanj\u0161a verjetnost nastanka teh te\u017eav in zagotovi zanesljivost cilindra roke.<\/p>\n<p><img decoding=\"async\" src=\"https:\/\/www.hydraulic-cylinders.net\/wp-content\/uploads\/2025\/04\/songte-bushings-with-all-kinds-of-excavator-models.webp\" alt=\"Pu\u0161e z modeli bagrov\" \/><\/p>\n<h2>O na\u0161em podjetju<\/h2>\n<p>Smo vodilni proizvajalec nadomestnih hidravli\u010dnih cilindrov, znani po \u0161iroki paleti izdelkov in zavezanosti kakovosti. Kot eden vodilnih proizvajalcev in veletrgovcev na doma\u010dem in mednarodnem trgu se dr\u017eimo najvi\u0161jih standardov odli\u010dnosti. Na\u0161e dovr\u0161ene strategije upravljanja proizvodnje, skupaj z usposobljenim tehni\u010dnim osebjem in napredno proizvodno opremo, nam omogo\u010dajo, da dobavljamo visokokakovostne hidravli\u010dne cilindre. Na\u0161i proizvodni procesi so optimizirani za u\u010dinkovitost, natan\u010dnost in kakovost, kar zagotavlja, da izpolnjujemo raznolike potrebe na\u0161ih strank.<\/p>\n<ul>\n<li>\n<h3>Strokovno znanje in industrijski certifikati<\/h3>\n<p>Imamo obse\u017eno poznavanje panoge in certifikate, ki potrjujejo na\u0161o zavezanost standardom kakovosti in varnosti ter zagotavljajo zanesljivost in u\u010dinkovitost na\u0161ih izdelkov.<\/p>\n<\/li>\n<li>\n<h3>Storitve po meri<\/h3>\n<p>Ponujamo re\u0161itve po meri, prilagojene specifi\u010dnim zahtevam strank, s \u010dimer pove\u010dujemo vsestranskost na\u0161ih izdelkov in zagotavljamo zadovoljstvo strank.<\/p>\n<\/li>\n<li>\n<h3>Napredna proizvodna oprema<\/h3>\n<p>Na\u0161i najsodobnej\u0161i proizvodni obrati uporabljajo najsodobnej\u0161o tehnologijo za proizvodnjo visokokakovostnih hidravli\u010dnih cilindrov, kar zagotavlja natan\u010dnost in zmogljivost vsake enote.<\/p>\n<\/li>\n<li>\n<h3>Celovita poprodajna podpora<\/h3>\n<p>Nudimo stalno podporo in storitve tudi po prodaji, s \u010dimer na\u0161im strankam zagotavljamo pomo\u010d, kadar koli jo potrebujejo, in s tem spodbujamo dolgoro\u010dna partnerstva.<\/p>\n<\/li>\n<\/ul>\n<p><img decoding=\"async\" src=\"https:\/\/www.hydraulic-cylinders.net\/wp-content\/uploads\/2025\/04\/songte-company-4.webp\" alt=\"Slika podjetja 1\" \/><br \/>\n<img decoding=\"async\" src=\"https:\/\/www.hydraulic-cylinders.net\/wp-content\/uploads\/2025\/04\/songte-company-3.webp\" alt=\"Slika podjetja 2\" \/><\/p>\n<p>Avtor: lyl<\/p>","protected":false},"excerpt":{"rendered":"<p>Boom Cylinder For KYM KY55 Introduction to Boom Cylinder The Boom Cylinder is a vital component specifically designed for heavy machinery, enabling the control of bucket movements in applications such as excavators, backhoe loaders, and front-end loaders. These hydraulic cylinders allow the bucket to lift, lower, and tilt, facilitating efficient material handling tasks. Acting as [&hellip;]<\/p>","protected":false},"featured_media":17877,"comment_status":"open","ping_status":"closed","template":"","meta":{"_et_pb_use_builder":"","_et_pb_old_content":"","_et_gb_content_width":""},"product_brand":[],"product_cat":[1546],"product_tag":[1547,1496],"class_list":{"0":"post-19524","1":"product","2":"type-product","3":"status-publish","4":"has-post-thumbnail","6":"product_cat-boom-cylinders","7":"product_tag-boom-cylinders","8":"product_tag-hydraulic-cylinders","10":"first","11":"instock","12":"shipping-taxable","13":"product-type-simple"},"amp_enabled":true,"_links":{"self":[{"href":"https:\/\/www.hydraulic-cylinders.net\/sl\/wp-json\/wp\/v2\/product\/19524","targetHints":{"allow":["GET"]}}],"collection":[{"href":"https:\/\/www.hydraulic-cylinders.net\/sl\/wp-json\/wp\/v2\/product"}],"about":[{"href":"https:\/\/www.hydraulic-cylinders.net\/sl\/wp-json\/wp\/v2\/types\/product"}],"replies":[{"embeddable":true,"href":"https:\/\/www.hydraulic-cylinders.net\/sl\/wp-json\/wp\/v2\/comments?post=19524"}],"wp:featuredmedia":[{"embeddable":true,"href":"https:\/\/www.hydraulic-cylinders.net\/sl\/wp-json\/wp\/v2\/media\/17877"}],"wp:attachment":[{"href":"https:\/\/www.hydraulic-cylinders.net\/sl\/wp-json\/wp\/v2\/media?parent=19524"}],"wp:term":[{"taxonomy":"product_brand","embeddable":true,"href":"https:\/\/www.hydraulic-cylinders.net\/sl\/wp-json\/wp\/v2\/product_brand?post=19524"},{"taxonomy":"product_cat","embeddable":true,"href":"https:\/\/www.hydraulic-cylinders.net\/sl\/wp-json\/wp\/v2\/product_cat?post=19524"},{"taxonomy":"product_tag","embeddable":true,"href":"https:\/\/www.hydraulic-cylinders.net\/sl\/wp-json\/wp\/v2\/product_tag?post=19524"}],"curies":[{"name":"delovni list","href":"https:\/\/api.w.org\/{rel}","templated":true}]}}