{"id":19526,"date":"2025-04-07T06:52:50","date_gmt":"2025-04-07T06:52:50","guid":{"rendered":"https:\/\/www.hydraulic-cylinders.net\/product\/boom-cylinder-for-kym-ky60f\/"},"modified":"2025-04-07T06:52:52","modified_gmt":"2025-04-07T06:52:52","slug":"boom-cylinder-for-kym-ky60f","status":"publish","type":"product","link":"https:\/\/www.hydraulic-cylinders.net\/sl\/izdelek\/boom-cylinder-for-kym-ky60f\/","title":{"rendered":"Cilinder roke za KYM KY60F"},"content":{"rendered":"<h1>Cilinder roke za KYM KY60F<\/h1>\n<h2>Pregled izdelka<\/h2>\n<p>Hidravli\u010dni cilinder za KYM KY60F je bistvena hidravli\u010dna komponenta, zasnovana posebej za nadzor gibanja \u017elice na te\u017ekih strojih, kot so bagri, bagri nakladalniki in \u010delni nakladalniki. Ta hidravli\u010dni cilinder omogo\u010da dvigovanje, spu\u0161\u010danje in nagibanje \u017elice, kar omogo\u010da u\u010dinkovito ravnanje z materiali v razli\u010dnih gradbenih in kmetijskih aplikacijah. Kot hidravli\u010dni cilinder deluje s tla\u010dno hidravli\u010dno teko\u010dino, ki omogo\u010da gladko in mo\u010dno gibanje, kar zagotavlja, da lahko upravljavci natan\u010dno manevrirajo s te\u017ekimi bremeni.<\/p>\n<p><img decoding=\"async\" src=\"https:\/\/www.hydraulic-cylinders.net\/wp-content\/uploads\/2025\/04\/songte-company-1.webp\" alt=\"Cilinder roke\"><\/p>\n<h2>Zna\u010dilnosti cilindra roke<\/h2>\n<ul>\n<li><strong>Visoka trdnost in vzdr\u017eljivost:<\/strong> Ta jeklenka, ki je obi\u010dajno izdelana iz visoko trdnega jekla ali aluminija, lahko prenese visok tlak in velike obremenitve, zaradi \u010desar je primerna za zahtevna delovna okolja. Zasnovana je z mislijo na odpornost proti obrabi in koroziji, kar podalj\u0161uje njeno \u017eivljenjsko dobo.<\/li>\n<li><strong>U\u010dinkovito hidravli\u010dno delovanje:<\/strong> Z uporabo hidravli\u010dnega oljnega tlaka ta valj zagotavlja gladke teleskopske gibe in se hitro odziva na krmilne ukaze, kar zagotavlja mo\u010dne potisne in vle\u010dne sile, idealne za ravnanje s te\u017ekimi materiali in kompleksnimi nalogami.<\/li>\n<li><strong>Razli\u010dne vrste:<\/strong> Glede na operativne potrebe lahko uporabniki izbirajo med enosmerno delujo\u010dimi (delujejo v eno smer) ali dvosmerno delujo\u010dimi (delujejo v obe smeri) cilindri. Nekateri modeli imajo teleskopske zasnove, ki omogo\u010dajo ve\u010dji razteg brez pove\u010danja zunanjih dimenzij, kar je idealno za aplikacije z omejenim prostorom.<\/li>\n<li><strong>Izdelava po meri:<\/strong> Na\u0161e proizvodne zmogljivosti nam omogo\u010dajo, da ta izdelek izdelamo tako, da popolnoma nadomesti obstoje\u010de hidravli\u010dne cilindre, kar zagotavlja zdru\u017eljivost in zmogljivost.<\/li>\n<\/ul>\n<p><img decoding=\"async\" src=\"https:\/\/www.hydraulic-cylinders.net\/wp-content\/uploads\/2025\/04\/songte-cylinder-head-with-all-kinds-excavator-models.webp\" alt=\"Glava valja za modele bagrov\"><\/p>\n<h2>Uporaba cilindra roke<\/h2>\n<h3>Gradbena oprema<\/h3>\n<p>V gradbeni mehanizaciji je cilinder roke klju\u010dnega pomena za bagre, kjer pomaga pri kopanju, nakladanju in premikanju zemlje ali ru\u0161evin. Hidravli\u010dna mo\u010d cilindra omogo\u010da u\u010dinkovito kopanje, zaradi \u010desar je nepogre\u0161ljiv sestavni del pri gradbenih projektih, od manj\u0161ih urejanj okolice do obse\u017enih izkopnih del.<\/p>\n<h3>Kmetijska mehanizacija<\/h3>\n<p>Pri \u010delnih nakladalnikih ima valj roke klju\u010dno vlogo pri zajemanju, dvigovanju in prevozu zemlje, sena in drugih materialov. Njegova sposobnost zagotavljanja mo\u010dnih dvigalnih dejanj pove\u010duje produktivnost pri kmetijskih dejavnostih, kar kmetom omogo\u010da u\u010dinkovito upravljanje virov in poenostavitev delovnega procesa.<\/p>\n<h3>Bagri<\/h3>\n<p>Cilinder roke omogo\u010da, da \u017elica prodre v tla, kar olaj\u0161a kopanje, ki ga potrebujejo bagri. Ta sposobnost je bistvena za razli\u010dna opravila, kot so kopanje jarkov, priprava gradbi\u0161\u010da in kopanje temeljev, kar znatno prispeva k u\u010dinkovitosti izkopne opreme.<\/p>\n<h3>Nakladalci<\/h3>\n<p>Pri \u010delnih nakladalnikih cilindri roke pomagajo pri u\u010dinkovitem dvigovanju in razkladanju tovora. Hidravli\u010dna mo\u010d omogo\u010da upravljavcem brez napora upravljanje materialov, kot so gramoz, pesek in drugi razsuti predmeti, kar zagotavlja nemoteno delovanje med nakladanjem in razkladanjem.<\/p>\n<h2>Oblikovalski vidiki in izbirna merila<\/h2>\n<h3>Nosilnost<\/h3>\n<p>Pri izbiri cilindra roke je razumevanje njegove nosilnosti najpomembnej\u0161e. Cilinder mora biti sposoben prenesti najve\u010djo obremenitev, ki jo pri\u010dakujemo med delovanjem. To vklju\u010duje upo\u0161tevanje tako stati\u010dnih kot dinami\u010dnih obremenitev, s katerimi se bo cilinder soo\u010dil. \u010ce ne izberete cilindra z ustrezno nosilnostjo, lahko to povzro\u010di prezgodnjo okvaro, varnostne nevarnosti in drage izpade.<\/p>\n<h3>Tesnjenje in vzdr\u017eljivost<\/h3>\n<p>Tesnilni sistem cilindra roke je klju\u010dnega pomena za ohranjanje zmogljivosti in dolge \u017eivljenjske dobe. Visokokakovostna tesnila prepre\u010dujejo pu\u0161\u010danje hidravli\u010dne teko\u010dine in zagotavljajo u\u010dinkovito delovanje. Izbira pravih materialov za tesnila, kot sta poliuretan in nitrilna guma, pove\u010da vzdr\u017eljivost in zmanj\u0161a potrebe po vzdr\u017eevanju. Poleg tega morajo biti cilindri zasnovani tako, da prenesejo obrabo zaradi okoljskih dejavnikov, kar prispeva k njihovi celotni \u017eivljenjski dobi.<\/p>\n<h3>Varnostne funkcije<\/h3>\n<p>Varnost je glavna skrb pri na\u010drtovanju hidravli\u010dnih sistemov. Vklju\u010ditev funkcij, kot so tla\u010dni varnostni ventili in varnostne klju\u010davnice, lahko prepre\u010di nesre\u010de, ki jih povzro\u010dijo nenadni tla\u010dni sunki ali okvara opreme. Dobro zasnovan valj mora vklju\u010devati te varnostne mehanizme za za\u0161\u010dito tako upravljavca kot opreme.<\/p>\n<h3>Dostopnost vzdr\u017eevanja<\/h3>\n<p>Bistven vidik zasnove je zagotavljanje enostavnega vzdr\u017eevanja cilindra. To vklju\u010duje redne preglede, mazanje in mo\u017enost zamenjave obrabljenih tesnil ali delov brez obse\u017ene demonta\u017ee. Cilinder, zasnovan z mislijo na vzdr\u017eevanje, bo pove\u010dal operativno u\u010dinkovitost in zmanj\u0161al \u010das izpada.<\/p>\n<p><img decoding=\"async\" src=\"https:\/\/www.hydraulic-cylinders.net\/wp-content\/uploads\/2025\/04\/songte-oil-pipes-and-spare-parts.webp\" alt=\"Hidravli\u010dne cevi in \u200b\u200brezervni deli\"><\/p>\n<h2>Tesnjenje in mazanje<\/h2>\n<p>U\u010dinkovito tesnjenje in mazanje sta klju\u010dnega pomena za delovanje cilindra roke. Razli\u010dne tesnilne komponente, vklju\u010dno s tesnili bata in palice, je treba izbrati glede na njihovo vzdr\u017eljivost in odpornost proti obrabi. Materiali, kot sta poliuretan ali nitrilna guma, se pogosto uporabljajo zaradi svoje trdnosti in odpornosti na hidravli\u010dne teko\u010dine. Ohi\u0161je cilindra in navojne kon\u010dne povr\u0161ine morajo biti natan\u010dno obdelane, da se pove\u010da odpornost proti obrabi in zagotovi, da prenesejo te\u017eke obratovalne pogoje.<\/p>\n<p>Redno mazanje s hidravli\u010dnim oljem je prav tako bistveno. Ustrezno mazanje zmanj\u0161uje trenje in obrabo, kar zagotavlja nemoteno delovanje in podalj\u0161uje \u017eivljenjsko dobo cilindra. Upravljavci morajo spremljati nivo olja in redno dolivati \u200b\u200bpotrebno koli\u010dino hidravli\u010dne teko\u010dine, da ohranijo optimalno delovanje.<\/p>\n<h2>Redno vzdr\u017eevanje in preventivni ukrepi<\/h2>\n<ul>\n<li><strong>Redni pregledi:<\/strong> Redni pregledi cilindra roke glede znakov obrabe, pu\u0161\u010danja ali po\u0161kodb so klju\u010dnega pomena. Zgodnje prepoznavanje te\u017eav lahko prepre\u010di ve\u010dje te\u017eave in draga popravila v prihodnosti.<\/li>\n<li><strong>Pravilno mazanje:<\/strong> Zagotavljanje ustreznega mazanja valja bo prepre\u010dilo prezgodnjo obrabo. Upravljavci morajo upo\u0161tevati priporo\u010dila proizvajalca glede intervalov mazanja in vrst olj, ki jih je treba uporabiti.<\/li>\n<li><strong>Zamenjava tesnila:<\/strong> S\u010dasoma se lahko tesnila obrabijo in jih je treba zamenjati. Redni pregled in zamenjava tesnil lahko znatno zmanj\u0161a tveganje za pu\u0161\u010danje hidravli\u010dnega sistema in ohrani optimalno delovanje.<\/li>\n<\/ul>\n<h2>Navodila za namestitev<\/h2>\n<p>Pravilna namestitev cilindra roke je klju\u010dnega pomena za zagotovitev optimalne zmogljivosti in dolge \u017eivljenjske dobe. Najprej se prepri\u010dajte, da so monta\u017ene povr\u0161ine \u010diste in brez umazanije. Pravilno poravnajte cilinder s monta\u017enimi to\u010dkami stroja in ga pritrdite z ustreznimi monta\u017enimi nosilci. Pomembno je, da se izognete napa\u010dni poravnavi, saj lahko to povzro\u010di neenakomerno obrabo in s\u010dasoma okvaro.<\/p>\n<p>Med namestitvijo upo\u0161tevajte proizvajal\u010deve specifikacije glede nastavitev navora in se prepri\u010dajte, da so vsi priklju\u010dki varno priviti, da prepre\u010dite pu\u0161\u010danje. Vedno uporabljajte umerjen momentni klju\u010d, da se izognete premo\u010dnemu privijanju, ki lahko po\u0161koduje valj. Po namestitvi opravite funkcionalni pregled, da zagotovite nemoteno in u\u010dinkovito delovanje valja.<\/p>\n<h2>Pogosta vzdr\u017eevalna opravila<\/h2>\n<h3>Redni pregledi<\/h3>\n<p>Redni pregledi so klju\u010dnega pomena za odkrivanje obrabe in morebitnih okvar cilindra roke. Upravljavci naj izvajajo vizualne preglede za morebitne znake pu\u0161\u010danja ali po\u0161kodb ter preverjajo celovitost cevi in \u200b\u200bspojev. Na\u010drtovanje rednih vzdr\u017eevalnih sej lahko pomaga odkriti te\u017eave, preden se razvijejo v resne te\u017eave.<\/p>\n<h3>Pravilno mazanje<\/h3>\n<p>Pravilno mazanje je bistvenega pomena za ohranjanje delovanja cilindra roke. Upravljavci morajo zagotoviti, da je nivo hidravli\u010dnega olja ustrezen in da je olje \u010disto. Onesna\u017eeno ali nezadostno olje lahko povzro\u010di pove\u010dano trenje in obrabo. Za optimalno delovanje je klju\u010dnega pomena upo\u0161tevanje proizvajal\u010devega na\u010drta mazanja.<\/p>\n<h3>Zamenjava tesnil in preverjanje kalibracije<\/h3>\n<p>Zamenjava tesnil je nujna naloga, saj se tesnila s\u010dasoma obrabijo. Redno preverjajte tesnila glede znakov obrabe in jih po potrebi zamenjajte. Poleg tega je treba izvajati kalibracijske preglede, da se zagotovi delovanje valja znotraj dolo\u010denih parametrov. To pomaga ohranjati u\u010dinkovitost in podalj\u0161ati \u017eivljenjsko dobo hidravli\u010dnega sistema.<\/p>\n<p><img decoding=\"async\" src=\"https:\/\/www.hydraulic-cylinders.net\/wp-content\/uploads\/2025\/04\/songte-chushion-collar.webp\" alt=\"Blazinasti ovratnik\"><\/p>\n<h2>Varnostni vidiki in okoljski dejavniki<\/h2>\n<p>Varnostni ukrepi so pri delu s hidravli\u010dnimi sistemi najpomembnej\u0161i. Upravljavci morajo biti usposobljeni za varno uporabo hidravli\u010dne opreme in razumeti morebitne nevarnosti, povezane z visokotla\u010dnimi sistemi. No\u0161enje ustrezne osebne za\u0161\u010ditne opreme (OZO) je bistvenega pomena za prepre\u010devanje po\u0161kodb med delovanjem ali vzdr\u017eevanjem. Poleg tega je treba upo\u0161tevati okoljske dejavnike; sprejeti morajo biti ustrezni zadr\u017eevalni ukrepi za prepre\u010devanje razlitja hidravli\u010dne teko\u010dine, ki je lahko \u0161kodljivo za okolje.<\/p>\n<h2>Diagnoza napak in pogoste te\u017eave<\/h2>\n<ul>\n<li><strong>Pu\u0161\u010danje:<\/strong> Pu\u0161\u010danje hidravli\u010dne teko\u010dine je pogosta te\u017eava, ki lahko ka\u017ee na obrabljena tesnila ali po\u0161kodovane cevi. Upravljavci morajo redno pregledovati morebitna pu\u0161\u010danja in jih pravo\u010dasno odpraviti, da prepre\u010dijo okvaro sistema.<\/li>\n<li><strong>Zmanj\u0161ana zmogljivost:<\/strong> \u010ce se valj roke ne odziva u\u010dinkovito, je to lahko posledica nizke ravni hidravli\u010dne teko\u010dine, onesna\u017eenega olja ali notranje obrabe. Redni pregledi in pravo\u010dasno vzdr\u017eevanje lahko pomagajo ubla\u017eiti te te\u017eave.<\/li>\n<li><strong>Nenavadni zvoki:<\/strong> Nenavadni zvoki med delovanjem, kot sta \u0161kripanje ali sikanje, lahko ka\u017eejo na mehanske te\u017eave. Upravljavci morajo te zvoke nemudoma preveriti, saj lahko ka\u017eejo na resne te\u017eave, ki zahtevajo pozornost.<\/li>\n<\/ul>\n<h2>Nasveti za odpravljanje te\u017eav<\/h2>\n<p>Za u\u010dinkovito diagnosticiranje napak morajo upravljavci voditi podroben dnevnik pregledov, da bi spremljali te\u017eave z delovanjem in zgodovino vzdr\u017eevanja. \u010ce se odkrije pu\u0161\u010danje, najprej preverite tesnila in priklju\u010dke ter zamenjajte vse obrabljene komponente. Pri zmanj\u0161ani zmogljivosti se prepri\u010dajte, da je hidravli\u010dna teko\u010dina na priporo\u010deni ravni in \u010dista. \u010ce se pojavijo nenavadni zvoki, takoj ustavite delovanje, da prepre\u010dite nadaljnjo \u0161kodo, in se za podrobno analizo posvetujte s tehnikom.<\/p>\n<p>Prepre\u010devanje je klju\u010dnega pomena; redno vzdr\u017eevanje in usposabljanje lahko znatno zmanj\u0161ata tveganje za morebitne te\u017eave. Upravljavce je treba spodbujati, da se seznanijo s stroji in upo\u0161tevajo priporo\u010dene na\u010drte vzdr\u017eevanja, da se zagotovi dolga \u017eivljenjsko doba in zanesljivost.<\/p>\n<p><img decoding=\"async\" src=\"https:\/\/www.hydraulic-cylinders.net\/wp-content\/uploads\/2025\/04\/songte-bushings-with-all-kinds-of-excavator-models.webp\" alt=\"Pu\u0161e za modele bagrov\"><\/p>\n<h2>O na\u0161em podjetju<\/h2>\n<p>Smo vodilni proizvajalec nadomestnih hidravli\u010dnih cilindrov in ponujamo \u0161iroko paleto izdelkov, zaradi katerih smo se uveljavili kot eden vodilnih proizvajalcev in veleprodajnih distributerjev tako na doma\u010dem kot na mednarodnem trgu. Zavezani smo k odli\u010dnosti, pri \u010demer se zana\u0161amo na izpopolnjene proizvodne strategije in napredne tehnike upravljanja proizvodnje.<\/p>\n<p>Na\u0161e podjetje nenehno izbolj\u0161uje svojo proizvodno platformo z uporabo tehni\u010dnega talenta, vrhunske digitalne proizvodne opreme in profesionalnih sistemov testiranja. To zagotavlja, da ohranjamo najvi\u0161je standarde kakovosti proizvodnje. Imamo robustne ustvarjalne sposobnosti in se dr\u017eimo na\u010del visoke u\u010dinkovitosti, natan\u010dnosti in kakovosti, da bi zadovoljili raznolike potrebe strank.<\/p>\n<p>Na\u0161e strokovno znanje sega na razli\u010dne vidike, vklju\u010dno s specializacijo za hidravli\u010dne sisteme, mednarodnimi certifikati, prilagojenimi storitvami, napredno proizvodno opremo in neprimerljivo poprodajno podporo.<\/p>\n<p><img decoding=\"async\" src=\"https:\/\/www.hydraulic-cylinders.net\/wp-content\/uploads\/2025\/04\/songte-company-4.webp\" alt=\"Slika podjetja 1\"><br \/>\n<img decoding=\"async\" src=\"https:\/\/www.hydraulic-cylinders.net\/wp-content\/uploads\/2025\/04\/songte-company-3.webp\" alt=\"Slika podjetja 2\"><\/p>\n<p>Avtor: lyl<\/p>","protected":false},"excerpt":{"rendered":"<p>Boom Cylinder For KYM KY60F Product Overview The Boom Cylinder for KYM KY60F is an essential hydraulic component designed specifically for controlling the movement of the bucket on heavy machinery such as excavators, backhoe loaders, and front-end loaders. This hydraulic cylinder enables the bucket to lift, lower, and tilt, facilitating efficient material handling tasks in [&hellip;]<\/p>","protected":false},"featured_media":17879,"comment_status":"open","ping_status":"closed","template":"","meta":{"_et_pb_use_builder":"","_et_pb_old_content":"","_et_gb_content_width":""},"product_brand":[],"product_cat":[1546],"product_tag":[1547,1496],"class_list":{"0":"post-19526","1":"product","2":"type-product","3":"status-publish","4":"has-post-thumbnail","6":"product_cat-boom-cylinders","7":"product_tag-boom-cylinders","8":"product_tag-hydraulic-cylinders","10":"first","11":"instock","12":"shipping-taxable","13":"product-type-simple"},"amp_enabled":true,"_links":{"self":[{"href":"https:\/\/www.hydraulic-cylinders.net\/sl\/wp-json\/wp\/v2\/product\/19526","targetHints":{"allow":["GET"]}}],"collection":[{"href":"https:\/\/www.hydraulic-cylinders.net\/sl\/wp-json\/wp\/v2\/product"}],"about":[{"href":"https:\/\/www.hydraulic-cylinders.net\/sl\/wp-json\/wp\/v2\/types\/product"}],"replies":[{"embeddable":true,"href":"https:\/\/www.hydraulic-cylinders.net\/sl\/wp-json\/wp\/v2\/comments?post=19526"}],"wp:featuredmedia":[{"embeddable":true,"href":"https:\/\/www.hydraulic-cylinders.net\/sl\/wp-json\/wp\/v2\/media\/17879"}],"wp:attachment":[{"href":"https:\/\/www.hydraulic-cylinders.net\/sl\/wp-json\/wp\/v2\/media?parent=19526"}],"wp:term":[{"taxonomy":"product_brand","embeddable":true,"href":"https:\/\/www.hydraulic-cylinders.net\/sl\/wp-json\/wp\/v2\/product_brand?post=19526"},{"taxonomy":"product_cat","embeddable":true,"href":"https:\/\/www.hydraulic-cylinders.net\/sl\/wp-json\/wp\/v2\/product_cat?post=19526"},{"taxonomy":"product_tag","embeddable":true,"href":"https:\/\/www.hydraulic-cylinders.net\/sl\/wp-json\/wp\/v2\/product_tag?post=19526"}],"curies":[{"name":"delovni list","href":"https:\/\/api.w.org\/{rel}","templated":true}]}}