{"id":19527,"date":"2025-04-07T06:52:52","date_gmt":"2025-04-07T06:52:52","guid":{"rendered":"https:\/\/www.hydraulic-cylinders.net\/product\/boom-cylinder-for-kym-ky85\/"},"modified":"2025-04-07T06:52:55","modified_gmt":"2025-04-07T06:52:55","slug":"boom-cylinder-for-kym-ky85","status":"publish","type":"product","link":"https:\/\/www.hydraulic-cylinders.net\/sl\/izdelek\/boom-cylinder-for-kym-ky85\/","title":{"rendered":"Cilinder roke za KYM KY85"},"content":{"rendered":"<h1>Cilinder roke za KYM KY85<\/h1>\n<h2>Uvod v cilinder roke<\/h2>\n<p>Cilinder roke je klju\u010dni sestavni del hidravli\u010dnih sistemov, zlasti v te\u017ekih strojih, kot so bagri, bagri in \u010delni nakladalci. Ta hidravli\u010dni cilinder, zasnovan posebej za nadzor gibanja \u017elice, omogo\u010da dvigovanje, spu\u0161\u010danje in nagibanje, ki so bistvena za u\u010dinkovito ravnanje z materiali. Cilinder \u017elice igra klju\u010dno vlogo pri delovanju in u\u010dinkovitosti opreme, v kateri se uporablja.<\/p>\n<p><img decoding=\"async\" src=\"https:\/\/www.hydraulic-cylinders.net\/wp-content\/uploads\/2025\/04\/songte-company-1.webp\" alt=\"Cilinder roke\"><\/p>\n<h3>Definicija in pregled<\/h3>\n<p>Hidravli\u010dni cilindri roke so vrsta hidravli\u010dnega cilindra, ki deluje s hidravli\u010dno teko\u010dino za ustvarjanje mehanske sile. Uporablja se predvsem za manevriranje z \u017elico te\u017ekih strojev, kar upravljavcu omogo\u010da izvajanje nalog, kot so kopanje, dvigovanje in prevoz materialov. Zasnova cilindra roke ne zagotavlja le nemotenega delovanja, temve\u010d tudi pove\u010duje u\u010dinkovitost pri razli\u010dnih aplikacijah, zaradi \u010desar je nepogre\u0161ljiv element sodobne gradbene in kmetijske opreme.<\/p>\n<h2>Zna\u010dilnosti cilindra roke<\/h2>\n<ul>\n<li><strong>Visoka trdnost in vzdr\u017eljivost:<\/strong> Cilinder roke, izdelan iz visoko trdnega jekla ali aluminija, je izdelan tako, da prenese visok tlak in velike obremenitve, primeren za zahtevna delovna okolja ter zasnovan za odpornost proti obrabi in koroziji, kar podalj\u0161uje njegovo \u017eivljenjsko dobo.<\/li>\n<li><strong>U\u010dinkovito hidravli\u010dno delovanje:<\/strong> Cilinder uporablja hidravli\u010dni tlak olja za gladko iztegovanje in vstavljanje, kar zagotavlja hiter odziv na krmilne ukaze in mo\u010dne potisne in vle\u010dne sile, idealne za ravnanje s te\u017ekimi materiali in kompleksnimi nalogami.<\/li>\n<li><strong>Raznolikost vrst:<\/strong> Na voljo so z enosmernim (deluje v eno smer) in dvosmernim (deluje v obe smeri) delovanjem cilindrov, kar ponuja mo\u017enosti za razli\u010dne operativne potrebe, pri \u010demer so nekateri modeli zasnovani kot teleskopski za ve\u010dji izvle\u010dek brez pove\u010danja zunanjih dimenzij, kar je idealno za aplikacije z omejenim prostorom.<\/li>\n<\/ul>\n<p>Na\u0161e podjetje je specializirano za proizvodnjo teh izdelkov in zagotavlja popolne zamenjave za razli\u010dne hidravli\u010dne cilindre.<\/p>\n<p><img decoding=\"async\" src=\"https:\/\/www.hydraulic-cylinders.net\/wp-content\/uploads\/2025\/04\/songte-cylinder-head-with-all-kinds-excavator-models.webp\" alt=\"Modeli bagrov\"><\/p>\n<h2>Uporaba cilindra roke<\/h2>\n<ul>\n<li><strong>Gradbena oprema:<\/strong> Pri bagrih so cilindri roke klju\u010dnega pomena za kopanje, nakladanje in premikanje zemlje ali ru\u0161evin. Olaj\u0161ajo izkopavanje in dvigovanje ter zagotavljajo, da lahko stroj u\u010dinkovito in uspe\u0161no opravlja naloge.<\/li>\n<li><strong>Kmetijska mehanizacija:<\/strong> Cilindri roke, ki se uporabljajo v \u010delnih nakladalnikih, pomagajo pri zajemanju, dvigovanju in prevozu zemlje, sena in drugih materialov, kar se izkazuje za bistvenega pomena pri razli\u010dnih kmetijskih opravilih.<\/li>\n<li><strong>Bagri:<\/strong> Cilinder roke omogo\u010da, da \u017elica prodre v zemljo za u\u010dinkovito kopanje, kar pove\u010da splo\u0161no produktivnost stroja.<\/li>\n<li><strong>Nakladalci:<\/strong> Pri \u010delnih nakladalnikih cilindri roke pomagajo u\u010dinkovito dvigovati in razkladati tovor, kar omogo\u010da hitro ravnanje z materialom in ve\u010djo delovno u\u010dinkovitost.<\/li>\n<\/ul>\n<h2>Oblikovalski vidiki in izbirna merila<\/h2>\n<ul>\n<li><strong>Nosilnost:<\/strong> Cilinder roke mora podpirati obremenitve, s katerimi se bo soo\u010dil med delovanjem. Temeljita ocena najve\u010dje zahteve glede obremenitve zagotavlja varnost in zanesljivost med uporabo.<\/li>\n<li><strong>Tesnjenje:<\/strong> Pravilno tesnjenje je klju\u010dnega pomena za prepre\u010devanje pu\u0161\u010danja teko\u010dine, kar lahko povzro\u010di zmanj\u0161ano u\u010dinkovitost in morebitno \u0161kodo. Visokokakovostna tesnila iz trpe\u017enih materialov so bistvena za vzdr\u017eevanje hidravli\u010dnega tlaka.<\/li>\n<li><strong>Vzdr\u017eljivost:<\/strong> Zasnova se mora osredoto\u010diti na materiale in metode izdelave, ki podalj\u0161ajo \u017eivljenjsko dobo in odpornost proti obrabi, s \u010dimer se zagotovi, da jeklenka prenese te\u017eke obratovalne pogoje.<\/li>\n<li><strong>Varnost:<\/strong> V zasnovo je treba vklju\u010diti varnostne elemente za za\u0161\u010dito upravljavcev in opreme. To vklju\u010duje uporabo tla\u010dnih varnostnih ventilov in mehanizmov za za\u0161\u010dito pred preobremenitvijo.<\/li>\n<li><strong>Dostopnost vzdr\u017eevanja:<\/strong> Zasnova mora omogo\u010dati enostavno vzdr\u017eevanje in pregled. Komponente morajo biti name\u0161\u010dene tako, da omogo\u010dajo hiter dostop za rutinske preglede in popravila.<\/li>\n<\/ul>\n<p><img decoding=\"async\" src=\"https:\/\/www.hydraulic-cylinders.net\/wp-content\/uploads\/2025\/04\/songte-oil-pipes-and-spare-parts.webp\" alt=\"Oljne cevi in \u200b\u200brezervni deli\"><\/p>\n<h2>Tesnjenje in mazanje<\/h2>\n<p>U\u010dinkovito tesnjenje in mazanje sta klju\u010dnega pomena za optimalno delovanje cilindra roke. Uporabljajo se razli\u010dni tesnilni elementi, kot so tesnila bata in palice, pogosto izdelani iz materialov, odpornih proti obrabi, kot sta poliuretan in nitrilna guma, ki pove\u010dujejo vzdr\u017eljivost. Telo cilindra in navojne kon\u010dne povr\u0161ine so natan\u010dno obdelane za izbolj\u0161anje odpornosti proti obrabi. Redno mazanje z zadostno koli\u010dino hidravli\u010dnega olja je potrebno za zmanj\u0161anje trenja in podalj\u0161anje \u017eivljenjske dobe cilindra. \u010ce ne vzdr\u017eujete ustreznega mazanja, lahko to povzro\u010di pove\u010dano obrabo in morebitno okvaro hidravli\u010dnega sistema.<\/p>\n<h2>Preventivni vzdr\u017eevalni ukrepi<\/h2>\n<ul>\n<li><strong>Redni pregledi:<\/strong> Redno preverjajte cilindre roke glede znakov obrabe, pu\u0161\u010danja ali po\u0161kodb. Zgodnje odkrivanje lahko prepre\u010di resnej\u0161e te\u017eave in draga popravila v prihodnosti.<\/li>\n<li><strong>Pravilno mazanje:<\/strong> Zagotovite vzdr\u017eevanje ravni hidravli\u010dnega olja in redno nana\u0161anje maziv, da vsi gibljivi deli nemoteno delujejo.<\/li>\n<li><strong>Zamenjava tesnila:<\/strong> Spremljajte tesnila glede obrabe in jih po potrebi zamenjajte, da prepre\u010dite pu\u0161\u010danje teko\u010dine in ohranite delovanje valjev.<\/li>\n<\/ul>\n<h2>Navodila za namestitev<\/h2>\n<p>Pravilna namestitev cilindra roke je klju\u010dnega pomena za njegovo delovanje in dolgo \u017eivljenjsko dobo. Tukaj so klju\u010dni koraki, ki jih je treba upo\u0161tevati:<\/p>\n<ul>\n<li>Pred namestitvijo se prepri\u010dajte, da so vse komponente \u010diste in brez umazanije.<\/li>\n<li>Natan\u010dno poravnajte valj s pritrdilnimi to\u010dkami, da se izognete prekomerni obremenitvi med delovanjem. Nepravilna poravnava lahko povzro\u010di prezgodnjo obrabo ali okvaro.<\/li>\n<li>Za trdno pritrditev cilindra uporabite ustrezne monta\u017ene nosilce, zasnovane za dolo\u010den model.<\/li>\n<li>Upo\u0161tevajte proizvajal\u010deve specifikacije glede nastavitev navora, da zagotovite varne povezave brez po\u0161kodb.<\/li>\n<li>Po namestitvi preizkusite delovanje jeklenke pri nizkem tlaku, da se pred polnim delovanjem prepri\u010date o pravilnem delovanju.<\/li>\n<\/ul>\n<h2>Vzdr\u017eevalna opravila<\/h2>\n<ul>\n<li><strong>Redni pregledi:<\/strong> Za zgodnje odkrivanje morebitnih nepravilnosti so potrebni pogosti vizualni in operativni pregledi. Ta naloga mora vklju\u010devati pregled pu\u0161\u010danj, nenavadnih zvokov in te\u017eav z delovanjem.<\/li>\n<li><strong>Pravilno mazanje:<\/strong> Vzdr\u017eevanje pravilne ravni hidravli\u010dnega olja in zagotavljanje pravo\u010dasnega mazanja vseh gibljivih komponent je klju\u010dnega pomena za nemoteno delovanje.<\/li>\n<li><strong>Zamenjava tesnila:<\/strong> S\u010dasoma se tesnila lahko obrabijo in zmanj\u0161ajo u\u010dinkovitost valja. Redno preverjajte znake obrabe in po potrebi zamenjajte tesnila, da ohranite delovanje.<\/li>\n<\/ul>\n<p>Vsako vzdr\u017eevalno opravilo je bistveno za zagotovitev optimalnega delovanja cilindra roke. Pravilna poravnava med namestitvijo je klju\u010dnega pomena, prav tako uporaba ustreznega pritrdilnega materiala za podporo. Redni pregledi in pravo\u010dasna popravila bodo podalj\u0161ali \u017eivljenjsko dobo cilindra ter zmanj\u0161ali \u010das izpada in stro\u0161ke vzdr\u017eevanja.<\/p>\n<p><img decoding=\"async\" src=\"https:\/\/www.hydraulic-cylinders.net\/wp-content\/uploads\/2025\/04\/songte-chushion-collar.webp\" alt=\"Blazinasti ovratnik\"><\/p>\n<h2>Varnostni vidiki in okoljski dejavniki<\/h2>\n<p>Pri delu s hidravli\u010dnimi sistemi, kot je valj roke, so varnostni ukrepi najpomembnej\u0161i. Upravljavci morajo biti ustrezno usposobljeni za varno ravnanje z opremo in razumeti tveganja, povezana s hidravli\u010dnimi teko\u010dinami pod tlakom. Upo\u0161tevati je treba tudi okoljske vidike, kot je zagotavljanje, da se morebitna pu\u0161\u010danja hidravli\u010dnih teko\u010din zadr\u017eijo in obravnavajo, da se prepre\u010di kontaminacija. Pravilno odstranjevanje hidravli\u010dnih teko\u010din in vzdr\u017eevanje opreme bosta prispevala k varnej\u0161emu in bolj trajnostnemu delovnemu okolju.<\/p>\n<h2>Odpravljanje te\u017eav in pogoste te\u017eave<\/h2>\n<ul>\n<li><strong>Pu\u0161\u010danje teko\u010dine:<\/strong> Ena najpogostej\u0161ih te\u017eav je pu\u0161\u010danje hidravli\u010dne teko\u010dine, kar lahko ka\u017ee na obrabljena tesnila ali po\u0161kodbo valja. Pravo\u010dasno odpravljanje pu\u0161\u010danj je klju\u010dnega pomena za ohranjanje u\u010dinkovitosti.<\/li>\n<li><strong>Izguba tlaka:<\/strong> Opazen padec delovne mo\u010di lahko ka\u017ee na te\u017eave v hidravli\u010dnem sistemu, kot so blokade ali po\u0161kodovane komponente. Preiskava in odpravljanje teh te\u017eav je bistvenega pomena za ponovno vzpostavitev delovanja.<\/li>\n<li><strong>Nenavadni zvoki:<\/strong> Kakr\u0161ni koli \u010dudni zvoki med delovanjem lahko ka\u017eejo na mehansko okvaro ali nezadostno mazanje. Prepoznavanje in odpravljanje vira hrupa lahko prepre\u010di nadaljnjo \u0161kodo.<\/li>\n<\/ul>\n<p>Pravo\u010dasno odpravljanje te\u017eav lahko prepre\u010di, da bi se manj\u0161e te\u017eave razvile v ve\u010dje te\u017eave, s \u010dimer se zagotovi nemoteno in u\u010dinkovito delovanje cilindra roke. Redni vzdr\u017eevalni pregledi lahko zmanj\u0161ajo mo\u017enosti za nastanek teh te\u017eav.<\/p>\n<p><img decoding=\"async\" src=\"https:\/\/www.hydraulic-cylinders.net\/wp-content\/uploads\/2025\/04\/songte-bushings-with-all-kinds-of-excavator-models.webp\" alt=\"Pu\u0161e z modeli bagrov\"><\/p>\n<h2>Pregled podjetja<\/h2>\n<p>Smo vodilni proizvajalec nadomestnih hidravli\u010dnih cilindrov, zavezani k zagotavljanju celovite palete izdelkov, ki zadovoljujejo potrebe tako doma\u010dega kot mednarodnega trga. Na\u0161a predanost kakovosti je neomajna, saj v na\u0161e proizvodne procese uvajamo izpopolnjene strategije upravljanja proizvodnje. Z uporabo usposobljenega tehni\u010dnega osebja, napredne digitalne proizvodne opreme in specializiranih sistemov testiranja nenehno izbolj\u0161ujemo na\u0161e proizvodne zmogljivosti.<\/p>\n<p>Na\u0161a osredoto\u010denost na visoko u\u010dinkovitost, natan\u010dnost in kakovost nam omogo\u010da, da zadovoljimo raznoliko paleto zahtev strank. Ponujamo re\u0161itve po meri, prilagojene specifi\u010dnim potrebam, in zagotavljamo mednarodne certifikate za na\u0161e izdelke, kar na\u0161im strankam zagotavlja brezskrbnost.<\/p>\n<p><img decoding=\"async\" src=\"https:\/\/www.hydraulic-cylinders.net\/wp-content\/uploads\/2025\/04\/songte-company-4.webp\" alt=\"Pregled podjetja 1\"><br \/>\n<img decoding=\"async\" src=\"https:\/\/www.hydraulic-cylinders.net\/wp-content\/uploads\/2025\/04\/songte-company-3.webp\" alt=\"Pregled podjetja 2\"><\/p>\n<p>Avtor: lyl<\/p>","protected":false},"excerpt":{"rendered":"<p>Boom Cylinder For KYM KY85 Introduction to Boom Cylinder The Boom Cylinder is a crucial component in hydraulic systems, particularly in heavy machinery like excavators, backhoes, and front loaders. Designed specifically for controlling the movement of the bucket, this hydraulic cylinder enables lifting, lowering, and tilting actions that are essential for effective material handling tasks. [&hellip;]<\/p>","protected":false},"featured_media":17880,"comment_status":"open","ping_status":"closed","template":"","meta":{"_et_pb_use_builder":"","_et_pb_old_content":"","_et_gb_content_width":""},"product_brand":[],"product_cat":[1546],"product_tag":[1547,1496],"class_list":{"0":"post-19527","1":"product","2":"type-product","3":"status-publish","4":"has-post-thumbnail","6":"product_cat-boom-cylinders","7":"product_tag-boom-cylinders","8":"product_tag-hydraulic-cylinders","10":"first","11":"instock","12":"shipping-taxable","13":"product-type-simple"},"amp_enabled":true,"_links":{"self":[{"href":"https:\/\/www.hydraulic-cylinders.net\/sl\/wp-json\/wp\/v2\/product\/19527","targetHints":{"allow":["GET"]}}],"collection":[{"href":"https:\/\/www.hydraulic-cylinders.net\/sl\/wp-json\/wp\/v2\/product"}],"about":[{"href":"https:\/\/www.hydraulic-cylinders.net\/sl\/wp-json\/wp\/v2\/types\/product"}],"replies":[{"embeddable":true,"href":"https:\/\/www.hydraulic-cylinders.net\/sl\/wp-json\/wp\/v2\/comments?post=19527"}],"wp:featuredmedia":[{"embeddable":true,"href":"https:\/\/www.hydraulic-cylinders.net\/sl\/wp-json\/wp\/v2\/media\/17880"}],"wp:attachment":[{"href":"https:\/\/www.hydraulic-cylinders.net\/sl\/wp-json\/wp\/v2\/media?parent=19527"}],"wp:term":[{"taxonomy":"product_brand","embeddable":true,"href":"https:\/\/www.hydraulic-cylinders.net\/sl\/wp-json\/wp\/v2\/product_brand?post=19527"},{"taxonomy":"product_cat","embeddable":true,"href":"https:\/\/www.hydraulic-cylinders.net\/sl\/wp-json\/wp\/v2\/product_cat?post=19527"},{"taxonomy":"product_tag","embeddable":true,"href":"https:\/\/www.hydraulic-cylinders.net\/sl\/wp-json\/wp\/v2\/product_tag?post=19527"}],"curies":[{"name":"delovni list","href":"https:\/\/api.w.org\/{rel}","templated":true}]}}