{"id":19535,"date":"2025-04-07T06:53:13","date_gmt":"2025-04-07T06:53:13","guid":{"rendered":"https:\/\/www.hydraulic-cylinders.net\/product\/boom-cylinder-for-pengpu-sw210e\/"},"modified":"2025-04-07T06:53:16","modified_gmt":"2025-04-07T06:53:16","slug":"boom-cylinder-for-pengpu-sw210e","status":"publish","type":"product","link":"https:\/\/www.hydraulic-cylinders.net\/sl\/izdelek\/boom-cylinder-for-pengpu-sw210e\/","title":{"rendered":"Cilinder roke za Pengpu SW210E"},"content":{"rendered":"<h1>Cilinder roke za Pengpu SW210E<\/h1>\n<h2>Pregled izdelka<\/h2>\n<p>Hidravli\u010dni cilinder roke za Pengpu SW210E je specializiran hidravli\u010dni cilinder, zasnovan za nadzor gibanja roke v razli\u010dnih te\u017ekih strojih, kot so bagri, bagri nakladalniki in \u010delni nakladalniki. Ta bistvena komponenta omogo\u010da dvigovanje, spu\u0161\u010danje in nagibanje roke, kar omogo\u010da u\u010dinkovito ravnanje z materiali. Kot vrsta hidravli\u010dnega cilindra ima cilinder roke klju\u010dno vlogo v hidravli\u010dnih sistemih, saj omogo\u010da natan\u010den nadzor in zmogljivo delovanje v zahtevnih okoljih.<\/p>\n<p><img decoding=\"async\" src=\"https:\/\/www.hydraulic-cylinders.net\/wp-content\/uploads\/2025\/04\/songte-company-1.webp\" alt=\"Slika cilindra roke\"><\/p>\n<h2>Zna\u010dilnosti cilindra roke<\/h2>\n<ul>\n<li><strong>Visoka trdnost in vzdr\u017eljivost:<\/strong> Ti cilindri, ki so obi\u010dajno izdelani iz visoko trdnega jekla ali aluminija, lahko prenesejo visok tlak in velike obremenitve, hkrati pa so zasnovani tako, da so odporni proti obrabi in koroziji, s \u010dimer se podalj\u0161a njihova \u017eivljenjska doba.<\/li>\n<li><strong>U\u010dinkovito hidravli\u010dno delovanje:<\/strong> Cilinder roke uporablja hidravli\u010dni tlak olja za doseganje gladkega iztegovanja in vvla\u010devanja, kar omogo\u010da hiter odziv na krmilne ukaze in zagotavlja znatno silo potiska in vle\u010denja, primerno za te\u017eka in kompleksna opravila.<\/li>\n<li><strong>Razli\u010dne vrste:<\/strong> Na voljo so v enosmerno delujo\u010dih (delujejo v eno smer) ali dvosmerno delujo\u010dih (delujejo v obe smeri) konfiguracijah za razli\u010dne operativne potrebe, pri \u010demer imajo nekateri modeli teleskopske zasnove za ve\u010dji izvle\u010dek brez pove\u010danja zunanjih dimenzij, kar je idealno za aplikacije z omejenim prostorom.<\/li>\n<li><strong>Izdelava po meri:<\/strong> Na\u0161i izdelki lahko popolnoma nadomestijo obstoje\u010de hidravli\u010dne cilindre, kar zagotavlja zdru\u017eljivost in zanesljivost delovanja.<\/li>\n<li><strong>Strogo testiranje:<\/strong> Vsaka jeklenka je temeljito testirana, da se zagotovi skladnost z vsemi industrijskimi standardi glede varnosti, u\u010dinkovitosti in dolge \u017eivljenjske dobe.<\/li>\n<\/ul>\n<p><img decoding=\"async\" src=\"https:\/\/www.hydraulic-cylinders.net\/wp-content\/uploads\/2025\/04\/songte-cylinder-head-with-all-kinds-excavator-models.webp\" alt=\"Slika zamenjave cilindra\"><\/p>\n<h2>Scenariji uporabe<\/h2>\n<h3>Gradbena oprema<\/h3>\n<p>V gradbeni mehanizaciji se cilindri roke nahajajo v bagrih, kjer so klju\u010dni za kopanje, nakladanje in premikanje zemlje ali ru\u0161evin. Pri bagrih nakladalnikih cilinder roke pomaga tako pri izkopavanju kot pri dvigovanju, kar je bistveno za pripravo gradbi\u0161\u010da in prevoz materiala.<\/p>\n<h3>Kmetijska mehanizacija<\/h3>\n<p>Pri \u010delnih nakladalnikih imajo cilindri roke klju\u010dno vlogo pri zajemanju, dvigovanju in prevozu zemlje, sena in drugih materialov, kar pove\u010duje u\u010dinkovitost razli\u010dnih kmetijskih opravil in operacij.<\/p>\n<h3>Bagri<\/h3>\n<p>Cilinder roke omogo\u010da, da \u017elica prodre v zemljo, kar omogo\u010da kopanje, ki je klju\u010dnega pomena za gradbene projekte in razvoj zemlji\u0161\u010d. Ta funkcionalnost optimizira operativno u\u010dinkovitost in uspe\u0161nost pri razli\u010dnih kopalnih nalogah.<\/p>\n<h3>Nakladalci<\/h3>\n<p>Pri \u010delnih nakladalnikih cilindri roke pomagajo pri u\u010dinkovitem dvigovanju in razkladanju bremen, kar je bistvenega pomena za ravnanje z materiali v razli\u010dnih panogah, saj zagotavljajo hitro in varno premikanje te\u017ekih materialov.<\/p>\n<h2>Oblikovalski vidiki in izbirna merila<\/h2>\n<h3>Nosilnost<\/h3>\n<p>Nosilnost cilindra roke je klju\u010dni dejavnik, ki dolo\u010da njegovo sposobnost dvigovanja in manevriranja te\u017ekih materialov. Izbira ustrezne nosilnosti zagotavlja varno in u\u010dinkovito delovanje ter zmanj\u0161uje tveganje za okvaro cilindra in morebitne nesre\u010de. Bistveno je oceniti najve\u010djo obremenitev, ki jo bo cilinder do\u017eivel med delovanjem, in izbrati cilinder z nazivno vrednostjo nad tem pragom, da se zagotovi zanesljivost in varnost.<\/p>\n<h3>Tesnilna zmogljivost<\/h3>\n<p>Tesnilna zmogljivost je klju\u010dnega pomena za prepre\u010devanje pu\u0161\u010danja hidravli\u010dne teko\u010dine in vzdr\u017eevanje tlaka v valju. Izbrati je treba ustrezna tesnila, ki prenesejo delovno okolje, temperature in tlake. Visokokakovostna tesnila prispevajo tudi k dolgi \u017eivljenjski dobi valja, saj zmanj\u0161ujejo obrabo notranjih komponent.<\/p>\n<h3>Vzdr\u017eljivost<\/h3>\n<p>Vzdr\u017eljivost je klju\u010dni dejavnik pri zasnovi cilindrov roke, saj pogosto delujejo v te\u017ekih pogojih. Materiale je treba izbrati glede na njihovo trdnost in odpornost proti koroziji in obrabi. Izbolj\u0161ana vzdr\u017eljivost vodi do dalj\u0161e \u017eivljenjske dobe in ni\u017ejih stro\u0161kov vzdr\u017eevanja, zato je klju\u010dnega pomena pri izbiri cilindra.<\/p>\n<h3>Varnostne funkcije<\/h3>\n<p>Varnost je pri hidravli\u010dnih sistemih najpomembnej\u0161a. Cilindri roke morajo imeti funkcije, kot so za\u0161\u010dita pred preobremenitvijo, varnostni ventili in varnostni mehanizmi za prepre\u010devanje nesre\u010d. Zagotavljanje, da so te varnostne funkcije del zasnove, pomaga za\u0161\u010dititi upravljavce in stroje med delovanjem.<\/p>\n<h3>Vzdr\u017eevanje in popravljivost<\/h3>\n<p>Enostavnost vzdr\u017eevanja in popravila sta pomemben dejavnik pri zasnovi. Komponente morajo biti zasnovane tako, da so enostaven dostop in zamenjava, kar omogo\u010da u\u010dinkovite vzdr\u017eevalne postopke. Vzpostaviti je treba redne vzdr\u017eevalne protokole, da se jeklenka ohrani v optimalnem delovnem stanju, kar podalj\u0161a njeno \u017eivljenjsko dobo in izbolj\u0161a njeno delovanje.<\/p>\n<p><img decoding=\"async\" src=\"https:\/\/www.hydraulic-cylinders.net\/wp-content\/uploads\/2025\/04\/songte-oil-pipes-and-spare-parts.webp\" alt=\"Slika hidravli\u010dnih komponent\"><\/p>\n<h2>Tesnjenje in mazanje<\/h2>\n<p>Za optimalno delovanje cilindri roke uporabljajo razli\u010dne tesnilne elemente, vklju\u010dno s tesnili bata in tesnili palic. Ta tesnila so obi\u010dajno izdelana iz trpe\u017enih materialov, kot sta poliuretan in nitrilna guma, ki so s\u010dasoma odporni proti obrabi. Telo cilindra in navojne povr\u0161ine so fino obdelane, da se pove\u010da njihova odpornost proti obrabi in zagotovi tesno tesnjenje. Redno mazanje s hidravli\u010dnim oljem je bistvenega pomena, saj zagotavlja potrebno teko\u010dnost in pomaga prepre\u010devati obrabo gibljivih delov, kar zagotavlja nemoteno delovanje.<\/p>\n<h2>Redni pregledi in preventivno vzdr\u017eevanje<\/h2>\n<ul>\n<li><strong>Rutinski pregledi:<\/strong> Redno pregledovanje cilindra roke glede znakov obrabe, pu\u0161\u010danja ali po\u0161kodb je bistvenega pomena. Zgodnje odkrivanje lahko prepre\u010di resnej\u0161e te\u017eave, ki bi lahko zahtevale draga popravila ali zamenjave.<\/li>\n<li><strong>Pravilno mazanje:<\/strong> Zagotavljanje ustreznega mazanja valja z ustreznim hidravli\u010dnim oljem prepre\u010duje trenje in obrabo notranjih komponent, kar spodbuja nemoteno delovanje in podalj\u0161uje \u017eivljenjsko dobo valja.<\/li>\n<li><strong>Zamenjava tesnila:<\/strong> Tesnila je treba pregledati in po potrebi zamenjati, saj lahko obrabljena tesnila povzro\u010dijo pu\u0161\u010danje teko\u010dine in zmanj\u0161ano delovanje. Redne menjave pomagajo ohranjati celovitost hidravli\u010dnega sistema.<\/li>\n<\/ul>\n<h2>Navodila za namestitev<\/h2>\n<p>Pravilna namestitev je klju\u010dnega pomena za u\u010dinkovito delovanje cilindra roke. Upo\u0161tevajte ta navodila:<\/p>\n<ol>\n<li>Prepri\u010dajte se, da je obmo\u010dje namestitve \u010disto in brez ostankov, ki bi lahko motili delovanje cilindra.<\/li>\n<li>Jeklenko natan\u010dno poravnajte z nosilci, da prepre\u010dite napa\u010dno poravnavo, ki bi lahko povzro\u010dila prezgodnjo obrabo ali okvaro.<\/li>\n<li>Za pritrditev cilindra na mesto uporabite ustrezne monta\u017ene nosilce in strojno opremo, s \u010dimer zagotovite mo\u010dno in stabilno namestitev.<\/li>\n<li>Po namestitvi preizkusite delovanje jeklenke pri nizkem tlaku, da preverite morebitne pu\u0161\u010danja in potrdite poravnavo, preden jo za\u017eenete v celoti.<\/li>\n<li>Med prvo uporabo spremljajte jeklenko, da zagotovite nemoteno delovanje in takoj odpravite morebitne te\u017eave.<\/li>\n<\/ol>\n<p><img decoding=\"async\" src=\"https:\/\/www.hydraulic-cylinders.net\/wp-content\/uploads\/2025\/04\/songte-chushion-collar.webp\" alt=\"Slika ovratnika z blazino\"><\/p>\n<h2>Varnostni vidiki in okoljski dejavniki<\/h2>\n<p>Pri delu s hidravli\u010dnimi sistemi je izvajanje varnostnih ukrepov klju\u010dnega pomena za prepre\u010devanje nesre\u010d. Upravljavci morajo vedno nositi ustrezno osebno za\u0161\u010ditno opremo (OZO) in biti usposobljeni za varnostne postopke v hidravliki. Poleg tega je treba upo\u0161tevati okoljske dejavnike, kot je zagotavljanje ustreznega skladi\u0161\u010denja in odstranjevanja hidravli\u010dnih teko\u010din, da se prepre\u010di onesna\u017eenje okolja.<\/p>\n<h2>Diagnoza napak in pogoste te\u017eave<\/h2>\n<ul>\n<li><strong>Pu\u0161\u010danje:<\/strong> Pogosta te\u017eava s hidravli\u010dnimi cilindri je pu\u0161\u010danje, ki ga pogosto povzro\u010dijo obrabljena tesnila ali po\u0161kodba ohi\u0161ja cilindra. Redno pregledujte tesnila in jih po potrebi zamenjajte, da prepre\u010dite pu\u0161\u010danje.<\/li>\n<li><strong>Te\u017eave z zmogljivostjo:<\/strong> \u010ce se valj ne odziva pravilno, je to lahko posledica zraka, ujetega v hidravli\u010dni teko\u010dini, ali nezadostnega mazanja. Odzra\u010dite sistem in zagotovite ustrezno mazanje, da ponovno vzpostavite delovanje.<\/li>\n<li><strong>Hrupno delovanje:<\/strong> Nenavadni hrupi med delovanjem lahko ka\u017eejo na mehanske te\u017eave ali nizko raven hidravli\u010dne teko\u010dine. Preverite ustrezno raven teko\u010dine in preglejte morebitne mehanske okvare, ki bi lahko zahtevale popravilo.<\/li>\n<\/ul>\n<h2>Nasveti za odpravljanje te\u017eav<\/h2>\n<p>Za u\u010dinkovito diagnosticiranje in odpravljanje te\u017eav z cilindrom roke upo\u0161tevajte te nasvete:<\/p>\n<ul>\n<li>Redno preverjajte nivo hidravli\u010dne teko\u010dine in vzdr\u017eujte ustrezno raven hidravli\u010dne teko\u010dine, da prepre\u010dite te\u017eave z delovanjem.<\/li>\n<li>Spremljajte znake obrabe in jih pravo\u010dasno odpravite, da zmanj\u0161ate tveganje okvare.<\/li>\n<li>Za zagotovitev dolgoro\u010dne zanesljivosti in delovanja uvedite redne vzdr\u017eevalne na\u010drte.<\/li>\n<\/ul>\n<p><img decoding=\"async\" src=\"https:\/\/www.hydraulic-cylinders.net\/wp-content\/uploads\/2025\/04\/songte-bushings-with-all-kinds-of-excavator-models.webp\" alt=\"Slika pu\u0161\"><\/p>\n<h2>O na\u0161em podjetju<\/h2>\n<p>Smo vodilni proizvajalec nadomestnih hidravli\u010dnih cilindrov in ponujamo \u0161iroko paleto izdelkov za doma\u010di in mednarodni trg. Na\u0161a zavezanost odli\u010dnosti se odra\u017ea v na\u0161ih izpopolnjenih proizvodnih strategijah in uporabi napredne tehnologije. Osredoto\u010damo se na visoko u\u010dinkovitost, natan\u010dnost in kakovost, da bi zadovoljili raznolike potrebe strank.<\/p>\n<ul>\n<li><strong>Specializacija:<\/strong> Na\u0161e strokovno znanje na podro\u010dju proizvodnje hidravli\u010dnih cilindrov nam omogo\u010da, da ponudimo re\u0161itve po meri, ki ustrezajo specifi\u010dnim zahtevam.<\/li>\n<li><strong>Mednarodno certificiranje:<\/strong> Na\u0161i izdelki ustrezajo mednarodnim standardom kakovosti, kar zagotavlja zanesljivost in varnost.<\/li>\n<li><strong>Storitve prilagajanja:<\/strong> Ponujamo re\u0161itve po meri, prilagojene edinstvenim operativnim zahtevam.<\/li>\n<li><strong>Najsodobnej\u0161a oprema:<\/strong> Na\u0161i proizvodni obrati so opremljeni z napredno tehnologijo, ki izbolj\u0161uje natan\u010dnost in u\u010dinkovitost proizvodnje.<\/li>\n<li><strong>Poprodajna podpora:<\/strong> Zagotavljamo robustno poprodajno storitev, da zagotovimo zadovoljstvo strank in odpravimo morebitne te\u017eave, povezane z izdelkom.<\/li>\n<\/ul>\n<p><img decoding=\"async\" src=\"https:\/\/www.hydraulic-cylinders.net\/wp-content\/uploads\/2025\/04\/songte-company-4.webp\" alt=\"Slika podjetja 1\"><br \/>\n<img decoding=\"async\" src=\"https:\/\/www.hydraulic-cylinders.net\/wp-content\/uploads\/2025\/04\/songte-company-3.webp\" alt=\"Slika podjetja 2\"><\/p>\n<p>Avtor: lyl<\/p>","protected":false},"excerpt":{"rendered":"<p>Boom Cylinder For Pengpu SW210E Product Overview The boom cylinder for the Pengpu SW210E is a specialized hydraulic cylinder designed to control the movement of the boom in various heavy machinery like excavators, backhoe loaders, and front-end loaders. This essential component enables the boom to lift, lower, and tilt, facilitating efficient material handling tasks. As [&hellip;]<\/p>","protected":false},"featured_media":17873,"comment_status":"open","ping_status":"closed","template":"","meta":{"_et_pb_use_builder":"","_et_pb_old_content":"","_et_gb_content_width":""},"product_brand":[],"product_cat":[1546],"product_tag":[1547,1496],"class_list":{"0":"post-19535","1":"product","2":"type-product","3":"status-publish","4":"has-post-thumbnail","6":"product_cat-boom-cylinders","7":"product_tag-boom-cylinders","8":"product_tag-hydraulic-cylinders","10":"first","11":"instock","12":"shipping-taxable","13":"product-type-simple"},"amp_enabled":true,"_links":{"self":[{"href":"https:\/\/www.hydraulic-cylinders.net\/sl\/wp-json\/wp\/v2\/product\/19535","targetHints":{"allow":["GET"]}}],"collection":[{"href":"https:\/\/www.hydraulic-cylinders.net\/sl\/wp-json\/wp\/v2\/product"}],"about":[{"href":"https:\/\/www.hydraulic-cylinders.net\/sl\/wp-json\/wp\/v2\/types\/product"}],"replies":[{"embeddable":true,"href":"https:\/\/www.hydraulic-cylinders.net\/sl\/wp-json\/wp\/v2\/comments?post=19535"}],"wp:featuredmedia":[{"embeddable":true,"href":"https:\/\/www.hydraulic-cylinders.net\/sl\/wp-json\/wp\/v2\/media\/17873"}],"wp:attachment":[{"href":"https:\/\/www.hydraulic-cylinders.net\/sl\/wp-json\/wp\/v2\/media?parent=19535"}],"wp:term":[{"taxonomy":"product_brand","embeddable":true,"href":"https:\/\/www.hydraulic-cylinders.net\/sl\/wp-json\/wp\/v2\/product_brand?post=19535"},{"taxonomy":"product_cat","embeddable":true,"href":"https:\/\/www.hydraulic-cylinders.net\/sl\/wp-json\/wp\/v2\/product_cat?post=19535"},{"taxonomy":"product_tag","embeddable":true,"href":"https:\/\/www.hydraulic-cylinders.net\/sl\/wp-json\/wp\/v2\/product_tag?post=19535"}],"curies":[{"name":"delovni list","href":"https:\/\/api.w.org\/{rel}","templated":true}]}}