{"id":19552,"date":"2025-04-07T06:54:07","date_gmt":"2025-04-07T06:54:07","guid":{"rendered":"https:\/\/www.hydraulic-cylinders.net\/product\/boom-cylinder-for-nante-nt130uu\/"},"modified":"2025-04-07T06:54:10","modified_gmt":"2025-04-07T06:54:10","slug":"boom-cylinder-for-nante-nt130uu","status":"publish","type":"product","link":"https:\/\/www.hydraulic-cylinders.net\/sl\/izdelek\/boom-cylinder-for-nante-nt130uu\/","title":{"rendered":"Cilinder roke za Nante NT130UU"},"content":{"rendered":"<h1>Cilinder roke za Nante NT130UU<\/h1>\n<h2>Pregled izdelka<\/h2>\n<p>Cilinder roke za Nante NT130UU je klju\u010dna komponenta hidravli\u010dnih sistemov, posebej zasnovana za nadzor gibanja \u017elic te\u017ekih strojev. Ti hidravli\u010dni cilindri so bistvenega pomena za bagre, bagre nakladalnike in \u010delne nakladalnike, saj omogo\u010dajo u\u010dinkovito dvigovanje, spu\u0161\u010danje in nagibanje \u017elice za poenostavitev nalog ravnanja z materiali.<\/p>\n<p>Hidravli\u010dni cilinder \u017elice je vrsta hidravli\u010dnega cilindra, ki deluje pod visokim tlakom in upravlja gibanje priklju\u010dkov opreme. Igra pomembno vlogo pri razli\u010dnih aplikacijah, saj omogo\u010da upravljavcem enostavno opravljanje nalog, kot so kopanje, nakladanje in prevoz materialov.<\/p>\n<p><img decoding=\"async\" src=\"https:\/\/www.hydraulic-cylinders.net\/wp-content\/uploads\/2025\/04\/songte-company-1.webp\" alt=\"Cilinder roke za Nante NT130UU\"><\/p>\n<h2>Zna\u010dilnosti cilindra roke<\/h2>\n<ul>\n<li>\n<h3>Visoka trdnost in vzdr\u017eljivost<\/h3>\n<p>    Ti cilindri, obi\u010dajno izdelani iz visoko trdnega jekla ali aluminija, lahko prenesejo visok tlak in velike obremenitve, zaradi \u010desar so primerni za zahtevna delovna okolja. Njihova zasnova upo\u0161teva odpornost proti obrabi in koroziji, kar podalj\u0161uje njihovo \u017eivljenjsko dobo.<\/li>\n<li>\n<h3>U\u010dinkovito hidravli\u010dno delovanje<\/h3>\n<p>    Uporaba tlaka hidravli\u010dnega olja omogo\u010da gladko teleskopsko gibanje, kar zagotavlja hiter odziv na krmilne ukaze in zagotavlja mo\u010dne potisne in vle\u010dne sile, primerne za rokovanje s te\u017ekimi bremeni in kompleksnimi nalogami.<\/li>\n<li>\n<h3>Razli\u010dne vrste<\/h3>\n<p>    Cilindre je mogo\u010de izbrati glede na operativne potrebe, na primer kot enosmerno delujo\u010de (hidravli\u010dno delovanje v eni smeri) ali dvosmerno delujo\u010de (hidravli\u010dno delovanje v obeh smereh). Nekateri modeli so teleskopski, kar omogo\u010da ve\u010dji izvle\u010dek brez pove\u010danja zunanjih dimenzij, kar je idealno za aplikacije z omejenim prostorom.<\/li>\n<\/ul>\n<p>Na\u0161 izdelek odli\u010dno nadome\u0161\u010da te hidravli\u010dne cilindre.<\/p>\n<p><img decoding=\"async\" src=\"https:\/\/www.hydraulic-cylinders.net\/wp-content\/uploads\/2025\/04\/songte-cylinder-head-with-all-kinds-excavator-models.webp\" alt=\"Nadomestni valj roke\"><\/p>\n<h2>Aplikacije<\/h2>\n<ul>\n<li>\n<h3>Gradbena oprema<\/h3>\n<p>    Pri bagrih je cilinder roke bistvenega pomena za kopanje, nakladanje in premikanje zemlje ali ru\u0161evin. Omogo\u010da, da \u017elica enostavno prodre v tla, zaradi \u010desar so izkopavanja u\u010dinkovita. Pri bagrih nakladalnikih cilinder \u017elice pomaga tako pri izkopavanju kot pri dvigovanju, kar zagotavlja vsestranskost delovanja.<\/h3>\n<\/li>\n<li>\n<h3>Kmetijska mehanizacija<\/h3>\n<p>    Ti cilindri, ki se uporabljajo v \u010delnih nakladalnikih, so klju\u010dni za zajemanje, dvigovanje in prevoz zemlje, sena in drugih materialov. Pove\u010dujejo produktivnost v kmetijskih dejavnostih, saj omogo\u010dajo hitro in u\u010dinkovito ravnanje z materiali.<\/h3>\n<\/li>\n<li>\n<h3>Bagri<\/h3>\n<p>    Cilinder roke omogo\u010da, da se \u017elica koplje globoko v zemljo, kar omogo\u010da u\u010dinkovito izkopavanje. Zaradi robustne zasnove je kos te\u017ekim talnim razmeram, zaradi \u010desar je neprecenljiva prednost v gradbeni\u0161tvu in rudarstvu.<\/h3>\n<\/li>\n<li>\n<h3>Nakladalci<\/h3>\n<p>    Pri \u010delnih nakladalnikih ti cilindri pomagajo pri u\u010dinkovitem dvigovanju in razkladanju bremen. Njihovo zanesljivo delovanje zagotavlja nemoteno delovanje, kar zmanj\u0161uje \u010das izpada in pove\u010duje produktivnost.<\/h3>\n<\/li>\n<\/ul>\n<h2>Oblikovalski vidiki in izbirna merila<\/h2>\n<ul>\n<li>\n<h3>Nosilnost<\/h3>\n<p>    Ocena nosilnosti cilindra roke je temeljnega pomena. Mora biti sposoben prenesti najve\u010dje obremenitve, ki se pri\u010dakujejo med delovanjem. To vklju\u010duje razumevanje te\u017ee materialov, sil, ki delujejo med dvigovanjem, in zagotavljanje, da je valj primeren za te pogoje. Dobro zasnovan valj, ki presega potrebno nosilnost, zmanj\u0161a tveganje za okvaro, kar bi lahko povzro\u010dilo drage izpade in popravila.<\/h3>\n<\/li>\n<li>\n<h3>Tesnilna zmogljivost<\/h3>\n<p>    Tesnjenje igra klju\u010dno vlogo pri delovanju in dolgi \u017eivljenjski dobi hidravli\u010dnih cilindrov. Visokokakovostna tesnila prepre\u010dujejo pu\u0161\u010danje hidravli\u010dne teko\u010dine, kar je bistveno za vzdr\u017eevanje tlaka in u\u010dinkovitosti. Glede na zasnovo se uporabljajo razli\u010dne vrste tesnil, kot so tesnila bata in tesnila batnic. U\u010dinkovito tesnjenje zmanj\u0161uje potrebe po vzdr\u017eevanju in pove\u010duje zanesljivost delovanja.<\/h3>\n<\/li>\n<li>\n<h3>Vzdr\u017eljivost<\/h3>\n<p>    Na vzdr\u017eljivost cilindra roke vplivajo materiali in premazi, uporabljeni pri njegovi izdelavi. Visoko trdni materiali, odporni proti obrabi in koroziji, zagotavljajo, da lahko valj prenese te\u017eke pogoje. Poleg tega se lahko nanesejo za\u0161\u010ditni premazi za pove\u010danje povr\u0161inske odpornosti, kar podalj\u0161a \u017eivljenjsko dobo opreme in zmanj\u0161a stro\u0161ke vzdr\u017eevanja.<\/h3>\n<\/li>\n<li>\n<h3>Varnostne funkcije<\/h3>\n<p>    Varnost je pri hidravli\u010dnih sistemih najpomembnej\u0161a. Zasnova mora vklju\u010devati varnostne funkcije za prepre\u010devanje nenamernega delovanja in za\u0161\u010dito pred preobremenitvijo. To vklju\u010duje varnostne ventile in mehanizme za razbremenitev tlaka, ki pomagajo zmanj\u0161ati tveganja, povezana s hidravli\u010dnimi okvarami.<\/h3>\n<\/li>\n<li>\n<h3>Vzdr\u017eevanje<\/h3>\n<p>    Dobro zasnovan valj roke naj bi omogo\u010dal tudi enostavno vzdr\u017eevanje. Dostopne to\u010dke za pregled in zamenjavo tesnil ali komponent so bistvenega pomena. Izvedba zasnove, ki omogo\u010da preproste postopke vzdr\u017eevanja, zagotavlja operativno u\u010dinkovitost in skraj\u0161a \u010das izpada.<\/h3>\n<\/li>\n<\/ul>\n<p><img decoding=\"async\" src=\"https:\/\/www.hydraulic-cylinders.net\/wp-content\/uploads\/2025\/04\/songte-oil-pipes-and-spare-parts.webp\" alt=\"Deli hidravli\u010dnega cilindra\"><\/p>\n<h2>Tesnjenje in mazanje<\/h2>\n<p>U\u010dinkovito tesnjenje je klju\u010dnega pomena za ohranjanje delovanja hidravli\u010dnih cilindrov. Za zagotavljanje optimalnega delovanja se uporabljajo razli\u010dni tesnilni elementi, kot so tesnila bata in ojnice. Tesnila iz trpe\u017enih materialov, kot sta poliuretan in nitrilna guma, so izbrana zaradi svojih lastnosti odpornosti proti obrabi, ki so klju\u010dne za dolgo \u017eivljenjsko dobo cilindra.<\/p>\n<p>Telo valja in navojne kon\u010dne povr\u0161ine so natan\u010dno obdelane za izbolj\u0161anje odpornosti proti obrabi. Redno mazanje je prav tako bistveno; redno je treba dolivati \u200b\u200bhidravli\u010dno olje, da se zagotovi nemoteno delovanje vseh gibljivih delov. Pravilno mazanje ne le zmanj\u0161a trenje, ampak tudi prepre\u010di pregrevanje in podalj\u0161a \u017eivljenjsko dobo valja.<\/p>\n<h2>Redni pregledi in preventivno vzdr\u017eevanje<\/h2>\n<ul>\n<li>\n<h3>Redni pregledi<\/h3>\n<p>    Klju\u010dnega pomena je redno pregledovanje, da se odkrijejo morebitne te\u017eave, preden postanejo resne. Preverjanje znakov obrabe, pu\u0161\u010danja ali po\u0161kodb mora biti del rutinskega vzdr\u017eevalnega na\u010drta. Zgodnje odkrivanje prispeva k ohranjanju delovanja in prepre\u010devanju dragih popravil.<\/h3>\n<\/li>\n<li>\n<h3>Pravilno mazanje<\/h3>\n<p>    Zadostno mazanje je klju\u010dnega pomena za nemoteno delovanje hidravli\u010dnih cilindrov. Uporaba prave vrste hidravli\u010dnega olja in zagotavljanje pravilne ravni prepre\u010dujeta obrabo notranjih komponent. Pomembno je vzdr\u017eevati urnik mazanja, da se zagotovi optimalno delovanje.<\/h3>\n<\/li>\n<li>\n<h3>Zamenjava tesnil in preverjanje kalibracije<\/h3>\n<p>    Tesnila so obrabni deli, ki jih je s\u010dasoma treba zamenjati. Redno preverjanje in zamenjava tesnil po potrebi prepre\u010duje pu\u0161\u010danje in vzdr\u017euje hidravli\u010dni tlak. Preverjanje kalibracije zagotavlja, da valj deluje znotraj dolo\u010denih parametrov, kar je klju\u010dnega pomena za u\u010dinkovitost delovanja in varnost.<\/h3>\n<\/li>\n<\/ul>\n<p>Med namestitvijo je pravilna poravnava cilindra bistvenega pomena. Za pritrditev cilindra uporabite ustrezne monta\u017ene nosilce in zagotovite, da je pravilno name\u0161\u010den, da prepre\u010dite prekomerno obremenitev komponent. Za zagotovitev dolge \u017eivljenjske dobe in delovanja upo\u0161tevajte priporo\u010dene postopke pregledov, popravil in zamenjav.<\/p>\n<p><img decoding=\"async\" src=\"https:\/\/www.hydraulic-cylinders.net\/wp-content\/uploads\/2025\/04\/songte-chushion-collar.webp\" alt=\"Blazinasti ovratnik za hidravli\u010dni cilinder\"><\/p>\n<h2>Varnostni vidiki in okoljski dejavniki<\/h2>\n<p>Pri delu s hidravli\u010dnimi sistemi so varnostni ukrepi najpomembnej\u0161i. Ustrezno usposabljanje upravljavcev, redni varnostni pregledi in upo\u0161tevanje operativnih smernic pomagajo zmanj\u0161ati tveganja. Zagotavljanje, da so varnostne funkcije name\u0161\u010dene in delujo\u010de, zmanj\u0161uje verjetnost nesre\u010d in pove\u010duje splo\u0161no varnost delovanja.<\/p>\n<h2>Odpravljanje te\u017eav in pogoste te\u017eave<\/h2>\n<ul>\n<li>\n<h3>Te\u017eave s pu\u0161\u010danjem<\/h3>\n<p>    Ena najpogostej\u0161ih te\u017eav je pu\u0161\u010danje, ki ga pogosto povzro\u010dijo obrabljena tesnila ali nepravilna namestitev. Redni pregledi lahko pomagajo zgodaj odkriti pu\u0161\u010danja. \u010ce se odkrije pu\u0161\u010danje, je treba nemudoma ukrepati in zamenjati tesnila ali po potrebi zategniti povezave.<\/h3>\n<\/li>\n<li>\n<h3>Po\u010dasno delovanje<\/h3>\n<p>    \u010ce se valj premika po\u010dasi, lahko to ka\u017ee na nizko raven hidravli\u010dne teko\u010dine ali blokade v sistemu. Preverite raven teko\u010dine in preglejte morebitne ovire v ceveh ali priklju\u010dkih, ki bi lahko ovirale pretok. Zagotavljanje ustrezne ravni hidravli\u010dne teko\u010dine je bistvenega pomena za ohranjanje delovanja.<\/h3>\n<\/li>\n<li>\n<h3>Hrupno delovanje<\/h3>\n<p>    Nenavadni hrupi med delovanjem lahko ka\u017eejo na mehanske te\u017eave. To je lahko posledica nezadostnega mazanja, zraka v hidravli\u010dnem sistemu ali po\u0161kodovanih komponent. Pravo\u010dasna preiskava vira hrupa lahko prepre\u010di nadaljnjo \u0161kodo in zagotovi nemoteno delovanje.<\/h3>\n<\/li>\n<\/ul>\n<p>Za re\u0161evanje teh te\u017eav je pomembno vzpostaviti na\u010drt preventivnega vzdr\u017eevanja, ki vklju\u010duje redne preglede in takoj\u0161njo pozornost na morebitne znake te\u017eav. Preventivni ukrepi, kot je uporaba kakovostnih teko\u010din in komponent, lahko znatno zmanj\u0161ajo tveganje za okvaro.<\/p>\n<p><img decoding=\"async\" src=\"https:\/\/www.hydraulic-cylinders.net\/wp-content\/uploads\/2025\/04\/songte-bushings-with-all-kinds-of-excavator-models.webp\" alt=\"Pu\u0161e za hidravli\u010dne sisteme\"><\/p>\n<h2>Pregled podjetja<\/h2>\n<p>Smo proizvajalec, specializiran za nadomestne hidravli\u010dne cilindre, in ponujamo raznoliko paleto izdelkov, zaradi \u010desar smo vodilni proizvajalec in veleprodajni distributer tako na doma\u010dem kot na mednarodnem trgu. Dr\u017eimo se strogih standardov kakovosti in uporabljamo napredne strategije upravljanja proizvodnje. Na\u0161e strokovno znanje izhaja iz kombinacije usposobljenih strokovnjakov, vrhunske digitalne proizvodne opreme in celovitih sistemov testiranja, ki izbolj\u0161ujejo na\u0161e proizvodne zmogljivosti.<\/p>\n<p>Na\u0161a zavezanost kakovosti se odra\u017ea v na\u0161ih u\u010dinkovitih, natan\u010dnih in visokokakovostnih proizvodnih na\u010delih, ki zadovoljujejo raznolike potrebe na\u0161ih strank. Osredoto\u010damo se na nenehne izbolj\u0161ave in inovacije, s \u010dimer zagotavljamo, da na\u0161i izdelki ostajajo v ospredju panoge.<\/p>\n<p><img decoding=\"async\" src=\"https:\/\/www.hydraulic-cylinders.net\/wp-content\/uploads\/2025\/04\/songte-company-4.webp\" alt=\"Prostori podjetja\"><br \/>\n<img decoding=\"async\" src=\"https:\/\/www.hydraulic-cylinders.net\/wp-content\/uploads\/2025\/04\/songte-company-3.webp\" alt=\"Proizvodna linija\"><\/p>\n<p>Avtor: lyl<\/p>","protected":false},"excerpt":{"rendered":"<p>Boom Cylinder For Nante NT130UU Product Overview The Boom Cylinder for Nante NT130UU is a crucial component in hydraulic systems, specifically designed for controlling the movement of heavy machinery buckets. These hydraulic cylinders are vital for excavators, backhoe loaders, and front loaders, facilitating efficient lifting, lowering, and tilting of the bucket to streamline material handling [&hellip;]<\/p>","protected":false},"featured_media":17875,"comment_status":"open","ping_status":"closed","template":"","meta":{"_et_pb_use_builder":"","_et_pb_old_content":"","_et_gb_content_width":""},"product_brand":[],"product_cat":[1546],"product_tag":[1547,1496],"class_list":{"0":"post-19552","1":"product","2":"type-product","3":"status-publish","4":"has-post-thumbnail","6":"product_cat-boom-cylinders","7":"product_tag-boom-cylinders","8":"product_tag-hydraulic-cylinders","10":"first","11":"instock","12":"shipping-taxable","13":"product-type-simple"},"amp_enabled":true,"_links":{"self":[{"href":"https:\/\/www.hydraulic-cylinders.net\/sl\/wp-json\/wp\/v2\/product\/19552","targetHints":{"allow":["GET"]}}],"collection":[{"href":"https:\/\/www.hydraulic-cylinders.net\/sl\/wp-json\/wp\/v2\/product"}],"about":[{"href":"https:\/\/www.hydraulic-cylinders.net\/sl\/wp-json\/wp\/v2\/types\/product"}],"replies":[{"embeddable":true,"href":"https:\/\/www.hydraulic-cylinders.net\/sl\/wp-json\/wp\/v2\/comments?post=19552"}],"wp:featuredmedia":[{"embeddable":true,"href":"https:\/\/www.hydraulic-cylinders.net\/sl\/wp-json\/wp\/v2\/media\/17875"}],"wp:attachment":[{"href":"https:\/\/www.hydraulic-cylinders.net\/sl\/wp-json\/wp\/v2\/media?parent=19552"}],"wp:term":[{"taxonomy":"product_brand","embeddable":true,"href":"https:\/\/www.hydraulic-cylinders.net\/sl\/wp-json\/wp\/v2\/product_brand?post=19552"},{"taxonomy":"product_cat","embeddable":true,"href":"https:\/\/www.hydraulic-cylinders.net\/sl\/wp-json\/wp\/v2\/product_cat?post=19552"},{"taxonomy":"product_tag","embeddable":true,"href":"https:\/\/www.hydraulic-cylinders.net\/sl\/wp-json\/wp\/v2\/product_tag?post=19552"}],"curies":[{"name":"delovni list","href":"https:\/\/api.w.org\/{rel}","templated":true}]}}