{"id":19567,"date":"2025-04-07T06:54:59","date_gmt":"2025-04-07T06:54:59","guid":{"rendered":"https:\/\/www.hydraulic-cylinders.net\/product\/boom-cylinder-for-john-deere-e240lc\/"},"modified":"2025-04-07T06:55:02","modified_gmt":"2025-04-07T06:55:02","slug":"boom-cylinder-for-john-deere-e240lc","status":"publish","type":"product","link":"https:\/\/www.hydraulic-cylinders.net\/sl\/izdelek\/boom-cylinder-for-john-deere-e240lc\/","title":{"rendered":"Cilinder roke za John Deere E240LC"},"content":{"rendered":"<h1>Cilinder roke za John Deere E240LC<\/h1>\n<h2>Pregled izdelka<\/h2>\n<p>Hidravli\u010dni cilinder za John Deere E240LC je specializiran hidravli\u010dni cilinder, zasnovan za nadzor gibanja roke roke v razli\u010dnih te\u017ekih strojih. Ta cilinder igra klju\u010dno vlogo v hidravli\u010dnih sistemih, saj omogo\u010da natan\u010dno gibanje in nadzor opreme, kot so bagri, bagri nakladalniki in \u010delni nakladalniki. Z omogo\u010danjem dvigovanja, spu\u0161\u010danja in nagibanja roke cilinder roke olaj\u0161a u\u010dinkovito ravnanje z materiali, kar je bistveno za gradbeni\u0161tvo, kmetijstvo in razli\u010dne industrijske aplikacije.<\/p>\n<p><img decoding=\"async\" src=\"https:\/\/www.hydraulic-cylinders.net\/wp-content\/uploads\/2025\/04\/songte-company-1.webp\" alt=\"Cilinder roke za John Deere E240LC\"><\/p>\n<h2>Klju\u010dne lastnosti<\/h2>\n<ul>\n<li><strong>Visoka trdnost in vzdr\u017eljivost:<\/strong> Ti cilindri so obi\u010dajno izdelani iz visoko trdnega jekla ali aluminija in so zasnovani tako, da prenesejo visok tlak in velike obremenitve, zato so primerni za zahtevna delovna okolja.<\/li>\n<li><strong>U\u010dinkovito hidravli\u010dno delovanje:<\/strong> Z uporabo hidravli\u010dnega tlaka olja za gladko iztegovanje in vstavljanje se valj roke hitro odziva na krmilne ukaze in zagotavlja mo\u010dne potisne in vle\u010dne sile, idealne za dvigovanje te\u017ekih bremen in kompleksne operativne naloge.<\/li>\n<li><strong>Razli\u010dne vrste:<\/strong> Na voljo so v enosmerno delujo\u010dih (delujejo v eno smer) ali dvosmerno delujo\u010dih (delujejo v obe smeri) konfiguracijah, pri \u010demer nekateri modeli ponujajo teleskopske zasnove za ve\u010dji doseg brez pove\u010danja zunanjih dimenzij, zaradi \u010desar so primerni za uporabo v omejenem prostoru.<\/li>\n<\/ul>\n<h2>Proizvodne zmogljivosti<\/h2>\n<p>Na\u0161e podjetje je specializirano za proizvodnjo tega izdelka, kar zagotavlja, da lahko na\u0161i cilindri roke popolnoma nadomestijo obstoje\u010de hidravli\u010dne cilindre z brezhibno zdru\u017eljivostjo.<\/p>\n<p><img decoding=\"async\" src=\"https:\/\/www.hydraulic-cylinders.net\/wp-content\/uploads\/2025\/04\/songte-cylinder-head-with-all-kinds-excavator-models.webp\" alt=\"Glava hidravli\u010dnega valja\"><\/p>\n<h2>Aplikacije<\/h2>\n<h3>Gradbena oprema<\/h3>\n<p>Cilindri roke so sestavni del gradbenih strojev, kot so bagri, ki se nanje zana\u0161ajo pri kopanju, nakladanju in premikanju zemlje ali ru\u0161evin. Pri bagrih nakladalnikih ti cilindri ne pomagajo le pri kopanju, temve\u010d tudi pri dvigovanju materialov, kar zagotavlja nemoteno in u\u010dinkovito delovanje.<\/p>\n<h3>Kmetijska mehanizacija<\/h3>\n<p>Pri \u010delnih nakladalnikih se cilindri roke uporabljajo za zajemanje, dvigovanje in prevoz zemlje, sena in drugih materialov. Njihova robustna zasnova omogo\u010da kmetom enostavno opravljanje razli\u010dnih nalog, kar pove\u010duje produktivnost na polju.<\/p>\n<h3>Bagri<\/h3>\n<p>Cilinder roke omogo\u010da, da \u017elica bagra u\u010dinkovito prodre v zemljo, zaradi \u010desar je bistvenega pomena za kopanje. Ta funkcionalnost je klju\u010dnega pomena za kopanje jarkov, temeljna dela in druga izkopavanja.<\/p>\n<h3>Nakladalci<\/h3>\n<p>Pri \u010delnih nakladalnikih imajo cilindri roke klju\u010dno vlogo pri u\u010dinkovitem dvigovanju in odlaganju materialov. Njihova natan\u010dnost in mo\u010d zagotavljata, da lahko upravljavci samozavestno obvladujejo te\u017eke tovore.<\/p>\n<h2>Oblikovalski vidiki<\/h2>\n<h3>Nosilnost<\/h3>\n<p>Pri na\u010drtovanju cilindra roke je nosilnost najpomembnej\u0161a. Cilinder mora prenesti te\u017eo in tlak, ki se izvajata med delovanjem, ne da bi pri tem ogrozili varnost ali zmogljivost. In\u017eenirji izvajajo stroge teste, da zagotovijo, da valj izpolnjuje zahtevane standarde obremenitve, kar zagotavlja zanesljivost in varnost pri delovanju te\u017eke opreme.<\/p>\n<h3>Tesnjenje<\/h3>\n<p>U\u010dinkovito tesnjenje je klju\u010dnega pomena v hidravli\u010dnih sistemih za prepre\u010devanje pu\u0161\u010danja in vzdr\u017eevanje tlaka. Za zagotavljanje dolge \u017eivljenjske dobe in u\u010dinkovitosti se uporabljajo visokokakovostna tesnila iz trpe\u017enih materialov, kot sta poliuretan in nitrilna guma. Pravilni tesnilni mehanizmi pomagajo vzdr\u017eevati nivo hidravli\u010dne teko\u010dine in prepre\u010devati kontaminacijo, s \u010dimer se izbolj\u0161a splo\u0161no delovanje hidravli\u010dnega sistema.<\/p>\n<h3>Vzdr\u017eljivost<\/h3>\n<p>Vzdr\u017eljivost je klju\u010dna lastnost cilindrov roke, saj so pogosto izpostavljeni ekstremnim pogojem. Uporaba materialov, odpornih proti koroziji, in naprednih proizvodnih tehnik zagotavlja, da ti cilindri prenesejo izpostavljenost te\u017ekim okoljem, kar podalj\u0161uje njihovo \u017eivljenjsko dobo. Redno vzdr\u017eevanje in kakovostni materiali prispevajo k njihovi robustnosti.<\/p>\n<h3>Varnostne funkcije<\/h3>\n<p>Varnost je glavna skrb pri na\u010drtovanju hidravli\u010dnih cilindrov. Vklju\u010ditev varnostnih elementov, kot so tla\u010dni varnostni ventili in mehanizmi za za\u0161\u010dito pred preobremenitvijo, je klju\u010dnega pomena za prepre\u010devanje nesre\u010d in zagotavljanje varnosti upravljavca. Te funkcije so zasnovane tako, da obravnavajo morebitne nevarnosti, povezane z delovanjem te\u017ekih strojev.<\/p>\n<h3>Dostopnost vzdr\u017eevanja<\/h3>\n<p>Zasnova za enostavno vzdr\u017eevanje je bistvenega pomena. Hidravli\u010dni cilindri morajo omogo\u010dati enostaven dostop do komponent za pregled, popravilo in zamenjavo. Ta dejavnik zmanj\u0161a \u010das izpada in zagotavlja u\u010dinkovito izvajanje vzdr\u017eevanja, s \u010dimer se ohrani delovanje opreme.<\/p>\n<p><img decoding=\"async\" src=\"https:\/\/www.hydraulic-cylinders.net\/wp-content\/uploads\/2025\/04\/songte-oil-pipes-and-spare-parts.webp\" alt=\"Oljne cevi in \u200b\u200brezervni deli\"><\/p>\n<h2>Tesnjenje in mazanje<\/h2>\n<p>Zmogljivost hidravli\u010dnih cilindrov je mo\u010dno odvisna od u\u010dinkovitega tesnjenja in mazanja. Za prepre\u010devanje pu\u0161\u010danja hidravli\u010dne teko\u010dine se uporabljajo razli\u010dni tesnilni elementi, kot so tesnila bata in ojnice. Izbira tesnil iz materialov, odpornih proti obrabi, kot sta poliuretan in nitrilna guma, pove\u010da vzdr\u017eljivost in zmogljivost. Poleg tega sta ohi\u0161je cilindra in navojni konci podvr\u017eeni fini obdelavi za izbolj\u0161anje odpornosti proti obrabi. Redno mazanje s hidravli\u010dnim oljem je potrebno za zagotovitev nemotenega delovanja in zmanj\u0161anje trenja med gibljivimi deli, s \u010dimer se podalj\u0161a \u017eivljenjska doba cilindra.<\/p>\n<h2>Redni pregledi in preventivno vzdr\u017eevanje<\/h2>\n<ul>\n<li><strong>Redni pregledi:<\/strong> Redno preverjanje hidravli\u010dnega cilindra glede znakov obrabe, pu\u0161\u010danja in drugih morebitnih te\u017eav je klju\u010dnega pomena. Ta proaktivni pristop pomaga pri zgodnjem odkrivanju te\u017eav in prepre\u010devanju dragih okvar.<\/li>\n<li><strong>Pravilno mazanje:<\/strong> Zagotavljanje ustreznega mazanja cilindra pomaga ohranjati nemoteno delovanje in zmanj\u0161uje obrabo komponent. Redno preverjanje in dolivanje nivoja hidravli\u010dnega olja je bistvenega pomena za u\u010dinkovito delovanje.<\/li>\n<li><strong>Zamenjava tesnila:<\/strong> S\u010dasoma se lahko tesnila obrabijo in jih je treba zamenjati. Redno spremljanje in pravo\u010dasna zamenjava tesnil lahko prepre\u010dita pu\u0161\u010danje in ohranita celovitost sistema.<\/li>\n<\/ul>\n<h2>Navodila za namestitev<\/h2>\n<p>Pravilna namestitev cilindra roke je klju\u010dnega pomena za njegovo delovanje in varnost. Pred namestitvijo se prepri\u010dajte, da so vsa orodja in komponente pripravljene. Cilinder pravilno poravnajte z pritrdilnimi to\u010dkami z uporabo ustreznih orodij za poravnavo, da prepre\u010dite nepravilno poravnavo, ki bi lahko povzro\u010dila prezgodnjo obrabo ali okvaro. Priporo\u010dljivo je uporabiti ustrezne pritrdilne nosilce za pritrditev cilindra. Po namestitvi preverite, ali pu\u0161\u010da hidravli\u010dna teko\u010dina, in se prepri\u010dajte, da so vse povezave tesne. Redno pregledujte namestitev glede morebitnih znakov obrabe ali te\u017eav, da ohranite optimalno delovanje.<\/p>\n<p><img decoding=\"async\" src=\"https:\/\/www.hydraulic-cylinders.net\/wp-content\/uploads\/2025\/04\/songte-chushion-collar.webp\" alt=\"Blazinasti ovratnik\"><\/p>\n<h2>Varnostni vidiki in okoljski dejavniki<\/h2>\n<p>Pri upravljanju hidravli\u010dnih cilindrov so varnostni ukrepi klju\u010dnega pomena. Uporabniki morajo vedno nositi ustrezno osebno za\u0161\u010ditno opremo (OZO) in upo\u0161tevati varnostne protokole, da zmanj\u0161ajo tveganje za nesre\u010de. Poleg tega je za zagotovitev varne uporabe potrebno ustrezno usposabljanje za upravljanje te\u017ekih strojev, opremljenih s hidravli\u010dnimi cilindri. Upo\u0161tevati je treba tudi okoljske vidike, saj lahko pu\u0161\u010danje hidravli\u010dne teko\u010dine predstavlja resno nevarnost za okolje. Redno vzdr\u017eevanje in pregledi lahko pomagajo zmanj\u0161ati ta tveganja.<\/p>\n<h2>Diagnoza napak in pogoste te\u017eave<\/h2>\n<ul>\n<li><strong>Pu\u0161\u010danje:<\/strong> Ena najpogostej\u0161ih te\u017eav pri hidravli\u010dnih cilindrih je pu\u0161\u010danje. To lahko povzro\u010dijo obrabljena tesnila ali nepravilna namestitev. Redno preverjanje tesnil lahko pomaga prepoznati morebitne te\u017eave, preden se poslab\u0161ajo.<\/li>\n<li><strong>Slaba zmogljivost:<\/strong> \u010ce se valj ne izteguje ali umika gladko, je v sistemu morda ujet zrak ali pa ni dovolj hidravli\u010dne teko\u010dine. To lahko re\u0161ite z odzra\u010devanjem sistema in zagotavljanjem ustrezne ravni olja.<\/li>\n<li><strong>Pregrevanje:<\/strong> Do pregrevanja lahko pride, \u010de je hidravli\u010dni sistem preobremenjen ali \u010de ni zadostnega mazanja. Redno spremljanje temperature in obremenitve sistema lahko prepre\u010di pregrevanje.<\/li>\n<\/ul>\n<h2>Nasveti za odpravljanje te\u017eav<\/h2>\n<p>Za u\u010dinkovito diagnosticiranje in odpravljanje te\u017eav morajo uporabniki skrbno spremljati hidravli\u010dni sistem glede znakov pu\u0161\u010danja, nenavadnih zvokov ali padcev zmogljivosti. Izvajanje preventivnih ukrepov, kot sta redno vzdr\u017eevanje in pregledi, lahko znatno zmanj\u0161a verjetnost morebitnih te\u017eav. \u010ce se pojavijo te\u017eave, je priporo\u010dljivo, da se posvetujete s strokovnjakom ali pa si ogledate priro\u010dnik za opremo za metode odpravljanja te\u017eav.<\/p>\n<p><img decoding=\"async\" src=\"https:\/\/www.hydraulic-cylinders.net\/wp-content\/uploads\/2025\/04\/songte-bushings-with-all-kinds-of-excavator-models.webp\" alt=\"Pu\u0161e za modele bagrov\"><\/p>\n<h2>Pregled podjetja<\/h2>\n<p>Smo vodilni proizvajalec nadomestnih hidravli\u010dnih cilindrov in ponujamo raznoliko paleto izdelkov, zaradi katerih smo postali klju\u010dni akter na doma\u010dem in mednarodnem trgu. Zavezani k odli\u010dnosti se dr\u017eimo prefinjene proizvodne strategije, ki izkori\u0161\u010da tehnologijo, usposobljeno osebje in vrhunsko digitalno proizvodno opremo. Na\u0161 poudarek na nadzoru kakovosti zagotavlja, da na\u0161i izdelki izpolnjujejo najvi\u0161je standarde, z vzpostavljenimi robustnimi sistemi testiranja in pregledovanja, ki zagotavljajo delovanje. Nenehno izbolj\u0161ujemo na\u0161e proizvodne zmogljivosti in si prizadevamo zadovoljiti razli\u010dne potrebe na\u0161ih strank z re\u0161itvami po meri.<\/p>\n<p><img decoding=\"async\" src=\"https:\/\/www.hydraulic-cylinders.net\/wp-content\/uploads\/2025\/04\/songte-company-4.webp\" alt=\"Slika pregleda podjetja\"><br \/>\n<img decoding=\"async\" src=\"https:\/\/www.hydraulic-cylinders.net\/wp-content\/uploads\/2025\/04\/songte-company-3.webp\" alt=\"Slika proizvodnega obrata\"><\/p>\n<p><strong>Avtor:<\/strong> lyl<\/p>","protected":false},"excerpt":{"rendered":"<p>Boom Cylinder For John Deere E240LC Product Overview The Boom Cylinder for John Deere E240LC is a specialized hydraulic cylinder designed to control the movement of the boom arm in various heavy machines. This cylinder plays a critical role in hydraulic systems, allowing for precise movement and control of equipment such as excavators, backhoe loaders, [&hellip;]<\/p>","protected":false},"featured_media":17875,"comment_status":"open","ping_status":"closed","template":"","meta":{"_et_pb_use_builder":"","_et_pb_old_content":"","_et_gb_content_width":""},"product_brand":[],"product_cat":[1546],"product_tag":[1547,1496],"class_list":{"0":"post-19567","1":"product","2":"type-product","3":"status-publish","4":"has-post-thumbnail","6":"product_cat-boom-cylinders","7":"product_tag-boom-cylinders","8":"product_tag-hydraulic-cylinders","10":"first","11":"instock","12":"shipping-taxable","13":"product-type-simple"},"amp_enabled":true,"_links":{"self":[{"href":"https:\/\/www.hydraulic-cylinders.net\/sl\/wp-json\/wp\/v2\/product\/19567","targetHints":{"allow":["GET"]}}],"collection":[{"href":"https:\/\/www.hydraulic-cylinders.net\/sl\/wp-json\/wp\/v2\/product"}],"about":[{"href":"https:\/\/www.hydraulic-cylinders.net\/sl\/wp-json\/wp\/v2\/types\/product"}],"replies":[{"embeddable":true,"href":"https:\/\/www.hydraulic-cylinders.net\/sl\/wp-json\/wp\/v2\/comments?post=19567"}],"wp:featuredmedia":[{"embeddable":true,"href":"https:\/\/www.hydraulic-cylinders.net\/sl\/wp-json\/wp\/v2\/media\/17875"}],"wp:attachment":[{"href":"https:\/\/www.hydraulic-cylinders.net\/sl\/wp-json\/wp\/v2\/media?parent=19567"}],"wp:term":[{"taxonomy":"product_brand","embeddable":true,"href":"https:\/\/www.hydraulic-cylinders.net\/sl\/wp-json\/wp\/v2\/product_brand?post=19567"},{"taxonomy":"product_cat","embeddable":true,"href":"https:\/\/www.hydraulic-cylinders.net\/sl\/wp-json\/wp\/v2\/product_cat?post=19567"},{"taxonomy":"product_tag","embeddable":true,"href":"https:\/\/www.hydraulic-cylinders.net\/sl\/wp-json\/wp\/v2\/product_tag?post=19567"}],"curies":[{"name":"delovni list","href":"https:\/\/api.w.org\/{rel}","templated":true}]}}