{"id":19574,"date":"2025-04-07T06:55:18","date_gmt":"2025-04-07T06:55:18","guid":{"rendered":"https:\/\/www.hydraulic-cylinders.net\/product\/boom-cylinder-for-yuchai-yc08-8\/"},"modified":"2025-04-07T06:55:20","modified_gmt":"2025-04-07T06:55:20","slug":"boom-cylinder-for-yuchai-yc08-8","status":"publish","type":"product","link":"https:\/\/www.hydraulic-cylinders.net\/sl\/izdelek\/boom-cylinder-for-yuchai-yc08-8\/","title":{"rendered":"Cilinder roke za Yuchai YC08-8"},"content":{"rendered":"<h1>Cilinder roke za Yuchai YC08-8<\/h1>\n<h2>Pregled izdelka<\/h2>\n<p>Cilinder roke za Yuchai YC08-8 je bistvena komponenta hidravli\u010dnih sistemov, ki se uporabljajo v te\u017ekih strojih. Kot vrsta hidravli\u010dnega cilindra je posebej zasnovan za nadzor gibanja \u017elic v razli\u010dni opremi, kot so bagri, bagri nakladalniki in \u010delni nakladalniki. Primarna funkcija cilindra roke je omogo\u010danje dvigovanja, spu\u0161\u010danja in nagibanja \u017elice, kar omogo\u010da u\u010dinkovito ravnanje z materiali.<\/p>\n<p>Delovanje cilindra roke je klju\u010dnega pomena v gradbeni in kmetijski mehanizaciji, kjer sta potrebna natan\u010den nadzor in visoka zmogljivost. Omogo\u010da gladke gibe in zagotavlja potrebno silo za u\u010dinkovito ravnanje s te\u017ekimi bremeni. Hidravli\u010dni sistem uporablja tlak teko\u010dine, ki omogo\u010da nemoteno iztegovanje in umikanje cilindra roke. Ta funkcionalnost je bistvena za izvajanje razli\u010dnih operacij, vklju\u010dno s kopanjem, dvigovanjem in prevozom materialov.<\/p>\n<p><img decoding=\"async\" src=\"https:\/\/www.hydraulic-cylinders.net\/wp-content\/uploads\/2025\/04\/songte-company-1.webp\" alt=\"Cilinder roke\"><\/p>\n<h2>Klju\u010dne lastnosti<\/h2>\n<ul>\n<li>\n<h3>Visoka trdnost in vzdr\u017eljivost<\/h3>\n<p>Cilinder roke, izdelan iz visoko trdnega jekla ali aluminija, je zasnovan tako, da prenese visok tlak in velike obremenitve. Njegova zasnova upo\u0161teva odpornost proti obrabi in koroziji, kar zagotavlja dolgo \u017eivljenjsko dobo tudi v zahtevnih delovnih okoljih.<\/p>\n<\/li>\n<li>\n<h3>U\u010dinkovito hidravli\u010dno delovanje<\/h3>\n<p>Cilinder roke uporablja hidravli\u010dni tlak olja za doseganje gladkega iztegovanja in vvla\u010devanja. Hitro se odziva na ukaze upravljavca in zagotavlja robustne potisne in vle\u010dne sile, primerne za rokovanje s te\u017ekimi predmeti in kompleksna opravila.<\/p>\n<\/li>\n<li>\n<h3>Raznolikost vrst<\/h3>\n<p>Glede na potrebe uporabe je mogo\u010de izbrati valj roke kot enosmerni (deluje v eno smer) ali dvosmerni (deluje v dve smeri). Nekateri modeli so teleskopski, kar omogo\u010da ve\u010dji izvle\u010dek brez pove\u010danja zunanjih dimenzij, zaradi \u010desar so primerni za omejene prostore.<\/p>\n<\/li>\n<li>\n<h3>Izdelava po meri<\/h3>\n<p>Na\u0161e podjetje je specializirano za proizvodnjo cilindrov roke, prilagojenih specifi\u010dnim zahtevam. Na\u0161i izdelki lahko popolnoma nadomestijo obstoje\u010de hidravli\u010dne cilindre, kar zagotavlja zdru\u017eljivost in zmogljivost.<\/p>\n<\/li>\n<li>\n<h3>Integracija napredne tehnologije<\/h3>\n<p>V na\u0161ih proizvodnih procesih uporabljamo najsodobnej\u0161o tehnologijo, s \u010dimer izbolj\u0161ujemo natan\u010dnost in kakovost na\u0161ih cilindrov roke.<\/p>\n<\/li>\n<\/ul>\n<p><img decoding=\"async\" src=\"https:\/\/www.hydraulic-cylinders.net\/wp-content\/uploads\/2025\/04\/songte-cylinder-head-with-all-kinds-excavator-models.webp\" alt=\"Glava hidravli\u010dnega valja\"><\/p>\n<h2>Scenariji uporabe<\/h2>\n<h3>Gradbena oprema<\/h3>\n<p>Pri bagrih imajo cilindri roke klju\u010dno vlogo pri kopanju, nakladanju in premikanju zemlje ali ru\u0161evin. Omogo\u010dajo, da \u017elica u\u010dinkovito prodre v tla, kar upravljavcem omogo\u010da u\u010dinkovito izvajanje izkopnih del. Pri bagrih nakladalnikih ti cilindri pomagajo ne le pri kopanju, temve\u010d tudi pri dvigovanju materialov, kar zagotavlja vsestranskost pri gradbenih delih.<\/p>\n<h3>Kmetijska mehanizacija<\/h3>\n<p>Pri \u010delnih nakladalnikih so cilindri roke bistveni za zajemanje, dvigovanje in prevoz zemlje, sena in drugih materialov. Njihova hidravli\u010dna mo\u010d zagotavlja hitro in u\u010dinkovito premikanje velikih koli\u010din, kar pove\u010duje produktivnost na kmetijah in kmetijskih obmo\u010djih.<\/p>\n<h3>Bagri<\/h3>\n<p>Bagri se za la\u017eje kopanje zana\u0161ajo na cilindre roke, ki omogo\u010dajo, da \u017elica u\u010dinkovito prodre v zemljo. Ta sposobnost je klju\u010dnega pomena za razli\u010dna opravila, vklju\u010dno z izkopavanjem jarkov, ravnanjem in pripravo gradbi\u0161\u010da, kjer sta potrebni natan\u010dnost in mo\u010d.<\/p>\n<h3>Nakladalci<\/h3>\n<p>Pri \u010delnih nakladalnikih cilindri roke pomembno prispevajo k u\u010dinkovitemu dvigovanju in razkladanju bremen. Zasnovani so tako, da obvladujejo zahteve dvigovanja te\u017ekih bremen, hkrati pa ohranjajo stabilnost in nadzor, zaradi \u010desar so nepogre\u0161ljivi pri ravnanju z materiali.<\/p>\n<h2>Oblikovalski vidiki<\/h2>\n<h3>Nosilnost<\/h3>\n<p>Nosilnost cilindra roke je klju\u010dni dejavnik pri njegovi zasnovi. Zasnovan mora biti tako, da prenese najve\u010djo te\u017eo, ki jo bo prenesel, ne da bi pri tem ogrozil varnost ali zmogljivost. To vklju\u010duje izbiro ustreznih materialov in dimenzij, da se zagotovi strukturna celovitost pod obremenitvijo.<\/p>\n<h3>Tesnjenje<\/h3>\n<p>U\u010dinkovito tesnjenje je pri hidravli\u010dnih cilindrih bistvenega pomena za prepre\u010devanje pu\u0161\u010danja teko\u010dine in kontaminacije. Za vzdr\u017eevanje tlaka v sistemu je treba uporabiti visokokakovostna tesnila, kar zagotavlja optimalno delovanje in dolgo \u017eivljenjsko dobo cilindra. Zasnova mora omogo\u010dati razli\u010dne vrste tesnil, da se prilagodijo specifi\u010dnim delovnim pogojem.<\/p>\n<h3>Vzdr\u017eljivost<\/h3>\n<p>Vzdr\u017eljivost je za cilindre roke bistvenega pomena, saj delujejo v zahtevnih okoljih. Uporabljeni materiali morajo biti odporni proti obrabi in koroziji, kar podalj\u0161a \u017eivljenjsko dobo cilindra. Redno vzdr\u017eevanje in preverjanje kakovosti med proizvodnjo zagotavljajo, da cilindri izpolnjujejo standarde vzdr\u017eljivosti.<\/p>\n<h3>Varnost<\/h3>\n<p>Vklju\u010ditev varnostnih elementov v zasnovo hidravli\u010dnih cilindrov je bistvenega pomena za prepre\u010devanje nesre\u010d in zagotavljanje varnega delovanja te\u017ekih strojev. To vklju\u010duje tla\u010dne varnostne ventile in varnostne mehanizme, ki se aktivirajo v primeru okvare.<\/p>\n<h3>Vzdr\u017eevanje<\/h3>\n<p>Zasnova cilindrov roke mora omogo\u010dati enostavno vzdr\u017eevanje in popravilo. To vklju\u010duje dostopnost za zamenjavo tesnil in mazanje delov ter zagotavljanje jasnih smernic za servisiranje. Dobro zasnovani postopki vzdr\u017eevanja pomagajo podalj\u0161ati \u017eivljenjsko dobo hidravli\u010dnega sistema.<\/p>\n<p><img decoding=\"async\" src=\"https:\/\/www.hydraulic-cylinders.net\/wp-content\/uploads\/2025\/04\/songte-oil-pipes-and-spare-parts.webp\" alt=\"Hidravli\u010dni deli\"><\/p>\n<h2>Tesnjenje in mazanje<\/h2>\n<p>Tesnjenje in mazanje sta klju\u010dni komponenti za ohranjanje delovanja hidravli\u010dnih cilindrov. Za prepre\u010devanje pu\u0161\u010danja teko\u010dine in vzdr\u017eevanje tlaka v sistemu se uporabljajo razli\u010dni tesnilni elementi, kot so tesnila bata in ojnice. Tesnila iz materialov, kot sta poliuretan in nitrilna guma, so prednostna zaradi svoje odpornosti proti obrabi in vzdr\u017eljivosti.<\/p>\n<p>Telo valja in navojne kon\u010dne povr\u0161ine so obi\u010dajno fino obdelane za pove\u010danje odpornosti proti obrabi. Redno mazanje z ustreznim hidravli\u010dnim oljem je potrebno za zmanj\u0161anje trenja in obrabe gibljivih delov, s \u010dimer se zagotovi nemoteno delovanje. Izvajanje rednega na\u010drta mazanja je klju\u010dnega pomena za ohranjanje u\u010dinkovitosti in dolge \u017eivljenjske dobe hidravli\u010dnega sistema.<\/p>\n<h2>Redni pregledi in preventivno vzdr\u017eevanje<\/h2>\n<ul>\n<li>\n<h3>Rutinski pregledi<\/h3>\n<p>Redni pregledi cilindra roke so klju\u010dnega pomena za prepoznavanje morebitnih te\u017eav, preden se te stopnjujejo. Upravljavci morajo preveriti morebitne znake pu\u0161\u010danja, korozije ali obrabe tesnil in drugih komponent. Zgodnje odkrivanje lahko prepre\u010di draga popravila in podalj\u0161a \u017eivljenjsko dobo opreme.<\/p>\n<\/li>\n<li>\n<h3>Pravilno mazanje<\/h3>\n<p>Za u\u010dinkovito delovanje je bistveno zagotoviti ustrezno mazanje cilindra roke. Upravljavci morajo upo\u0161tevati navodila proizvajalca glede pogostosti mazanja in vrst hidravli\u010dnega olja, ki ga je treba uporabiti. Nezadostno mazanje lahko povzro\u010di pove\u010dano trenje in prezgodnjo obrabo.<\/p>\n<\/li>\n<li>\n<h3>Zamenjava tesnila<\/h3>\n<p>S\u010dasoma se lahko tesnila obrabijo in jih je treba zamenjati, da se ohrani celovitost sistema. Redno na\u010drtovano vzdr\u017eevanje mora vklju\u010devati preverjanje obrabe tesnil in njihovo zamenjavo po potrebi, da se prepre\u010di pu\u0161\u010danje teko\u010dine in zagotovi optimalno delovanje.<\/p>\n<\/li>\n<\/ul>\n<h2>Navodila za namestitev<\/h2>\n<p>Pravilna namestitev cilindra roke je klju\u010dnega pomena za zagotovitev njegove optimalne zmogljivosti in dolge \u017eivljenjske dobe. Najprej zagotovite, da je delovni prostor \u010dist in brez umazanije. Cilinder natan\u010dno poravnajte s pritrdilnimi to\u010dkami in ga pritrdite z ustreznimi nosilci. Pomembno je preveriti, ali so vse povezave tesne in ali so hidravli\u010dne cevi pravilno napeljane, da se izognete morebitnim prepogibanjem ali izgubi tlaka.<\/p>\n<p>Pri priklju\u010devanju cevi se prepri\u010dajte, da ni pu\u0161\u010danja, tako da preverite vse priklju\u010dke in spoje. Po namestitvi preizkusite jeklenko tako, da jo za\u017eenete v celotnem obsegu gibanja, da se prepri\u010date, da deluje gladko in brez ovir. Redno preverjajte poravnavo in varnost monta\u017ee, da se izognete morebitnim te\u017eavam pri delovanju.<\/p>\n<h2>Pogosta vzdr\u017eevalna opravila<\/h2>\n<ul>\n<li>\n<h3>Redni pregledi<\/h3>\n<p>Za spremljanje stanja cilindra roke je treba izvajati na\u010drtovane preglede. To vklju\u010duje preverjanje znakov obrabe, ocenjevanje nivoja teko\u010din in zagotavljanje, da so vse komponente varne in pravilno delujejo.<\/p>\n<\/li>\n<li>\n<h3>Pravilno mazanje<\/h3>\n<p>Vzpostavitev na\u010drta mazanja je bistvenega pomena. Uporabljajte priporo\u010dena hidravli\u010dna olja in zagotovite, da je valj mazan v skladu s specifikacijami proizvajalca, da prepre\u010dite prekomerno obrabo in ohranite u\u010dinkovitost.<\/p>\n<\/li>\n<li>\n<h3>Zamenjava tesnil in preverjanje kalibracije<\/h3>\n<p>Pazite na tesnila glede morebitnih znakov obrabe. Pri zamenjavi tesnil se prepri\u010dajte, da so vse komponente pravilno kalibrirane, da se ohrani optimalno delovanje hidravli\u010dnega sistema.<\/p>\n<\/li>\n<\/ul>\n<p><img decoding=\"async\" src=\"https:\/\/www.hydraulic-cylinders.net\/wp-content\/uploads\/2025\/04\/songte-chushion-collar.webp\" alt=\"Hidravli\u010dni bla\u017eilni ovratnik\"><\/p>\n<h2>Varnostni vidiki in okoljski dejavniki<\/h2>\n<p>Pri upravljanju hidravli\u010dnih sistemov so varnostni ukrepi najpomembnej\u0161i. Upravljavci morajo nositi ustrezno osebno za\u0161\u010ditno opremo in zagotoviti, da se med delovanjem in vzdr\u017eevanjem upo\u0161tevajo vsi varnostni protokoli. Redno usposabljanje in varnostne vaje lahko pomagajo zmanj\u0161ati tveganje za nesre\u010de na delovnem mestu. Poleg tega je treba upo\u0161tevati okoljske vidike, da se prepre\u010di razlitje in pu\u0161\u010danje hidravli\u010dne teko\u010dine, ki lahko \u0161koduje okolici.<\/p>\n<h2>Diagnoza napak in pogoste te\u017eave<\/h2>\n<ul>\n<li>\n<h3>Pu\u0161\u010danje teko\u010dine<\/h3>\n<p>Pu\u0161\u010danje teko\u010dine je ena najpogostej\u0161ih te\u017eav pri hidravli\u010dnih cilindrih. Znaki vklju\u010dujejo lu\u017ee pod stroji ali padec hidravli\u010dnega tlaka. Preverite tesnila, priklju\u010dke in cevi, da ugotovite in odpravite vir pu\u0161\u010danja.<\/p>\n<\/li>\n<li>\n<h3>Zmanj\u0161ana zmogljivost<\/h3>\n<p>\u010ce cilinder roke ne dviguje ali ne deluje po pri\u010dakovanjih, preverite, ali je nivo hidravli\u010dne teko\u010dine nizek, ali so cevi zama\u0161ene ali ali so tesnila obrabljena. Zagotavljanje ustreznega nivoja hidravli\u010dne teko\u010dine in preverjanje morebitnih ovir lahko pogosto odpravita te\u017eave z delovanjem.<\/p>\n<\/li>\n<li>\n<h3>Pregrevanje<\/h3>\n<p>Do pregrevanja lahko pride zaradi prekomerne uporabe, nezadostnega mazanja ali okvare hidravli\u010dnega sistema. Zagotovite redno vzdr\u017eevanje in menjavo hidravli\u010dnega olja v skladu s priporo\u010dili proizvajalca, da se izognete te\u017eavam s pregrevanjem.<\/p>\n<\/li>\n<\/ul>\n<p>Za u\u010dinkovito diagnosticiranje in odpravljanje te\u017eav morajo biti upravljavci usposobljeni za prepoznavanje simptomov in izvajanje osnovnega odpravljanja te\u017eav. Preventivni ukrepi, kot sta redno vzdr\u017eevanje in spremljanje nivoja teko\u010din, lahko pomagajo zmanj\u0161ati morebitne te\u017eave.<\/p>\n<p><img decoding=\"async\" src=\"https:\/\/www.hydraulic-cylinders.net\/wp-content\/uploads\/2025\/04\/songte-bushings-with-all-kinds-of-excavator-models.webp\" alt=\"Hidravli\u010dne pu\u0161e\"><\/p>\n<h2>O na\u0161em podjetju<\/h2>\n<p>Smo vodilni proizvajalec nadomestnih hidravli\u010dnih cilindrov, ki ponuja \u0161iroko paleto izdelkov za doma\u010di in mednarodni trg. Na\u0161o zavezanost k odli\u010dnosti kakovosti podpirajo na\u0161e izpopolnjene strategije upravljanja proizvodnje. Nenehno izbolj\u0161ujemo svoje proizvodne zmogljivosti z uporabo napredne tehnologije, usposobljenih strokovnjakov in profesionalnih sistemov testiranja, kar zagotavlja visoko u\u010dinkovitost, natan\u010dnost in kakovostne rezultate, ki ustrezajo raznolikim potrebam strank.<\/p>\n<p>Na\u0161a specializacija sega v profesionalne storitve, mednarodne certifikate in prilagodljive re\u0161itve, ki ustrezajo razli\u010dnim zahtevam industrije. Na\u0161a najsodobnej\u0161a proizvodna oprema in robustna poprodajna storitev \u0161e dodatno krepita na\u0161o zavezanost zadovoljstvu strank.<\/p>\n<p><img decoding=\"async\" src=\"https:\/\/www.hydraulic-cylinders.net\/wp-content\/uploads\/2025\/04\/songte-company-4.webp\" alt=\"Objekt podjetja\"><br \/>\n<img decoding=\"async\" src=\"https:\/\/www.hydraulic-cylinders.net\/wp-content\/uploads\/2025\/04\/songte-company-3.webp\" alt=\"Proizvodnja podjetja\"><\/p>\n<p>Avtor: lyl<\/p>","protected":false},"excerpt":{"rendered":"<p>Boom Cylinder For Yuchai YC08-8 Product Overview The Boom Cylinder for Yuchai YC08-8 is an essential component in hydraulic systems used in heavy machinery. As a type of hydraulic cylinder, it is specifically designed to control the movement of buckets in various equipment such as excavators, backhoe loaders, and front-end loaders. The primary function of [&hellip;]<\/p>","protected":false},"featured_media":17867,"comment_status":"open","ping_status":"closed","template":"","meta":{"_et_pb_use_builder":"","_et_pb_old_content":"","_et_gb_content_width":""},"product_brand":[],"product_cat":[1546],"product_tag":[1547,1496],"class_list":{"0":"post-19574","1":"product","2":"type-product","3":"status-publish","4":"has-post-thumbnail","6":"product_cat-boom-cylinders","7":"product_tag-boom-cylinders","8":"product_tag-hydraulic-cylinders","10":"first","11":"instock","12":"shipping-taxable","13":"product-type-simple"},"amp_enabled":true,"_links":{"self":[{"href":"https:\/\/www.hydraulic-cylinders.net\/sl\/wp-json\/wp\/v2\/product\/19574","targetHints":{"allow":["GET"]}}],"collection":[{"href":"https:\/\/www.hydraulic-cylinders.net\/sl\/wp-json\/wp\/v2\/product"}],"about":[{"href":"https:\/\/www.hydraulic-cylinders.net\/sl\/wp-json\/wp\/v2\/types\/product"}],"replies":[{"embeddable":true,"href":"https:\/\/www.hydraulic-cylinders.net\/sl\/wp-json\/wp\/v2\/comments?post=19574"}],"wp:featuredmedia":[{"embeddable":true,"href":"https:\/\/www.hydraulic-cylinders.net\/sl\/wp-json\/wp\/v2\/media\/17867"}],"wp:attachment":[{"href":"https:\/\/www.hydraulic-cylinders.net\/sl\/wp-json\/wp\/v2\/media?parent=19574"}],"wp:term":[{"taxonomy":"product_brand","embeddable":true,"href":"https:\/\/www.hydraulic-cylinders.net\/sl\/wp-json\/wp\/v2\/product_brand?post=19574"},{"taxonomy":"product_cat","embeddable":true,"href":"https:\/\/www.hydraulic-cylinders.net\/sl\/wp-json\/wp\/v2\/product_cat?post=19574"},{"taxonomy":"product_tag","embeddable":true,"href":"https:\/\/www.hydraulic-cylinders.net\/sl\/wp-json\/wp\/v2\/product_tag?post=19574"}],"curies":[{"name":"delovni list","href":"https:\/\/api.w.org\/{rel}","templated":true}]}}