{"id":19577,"date":"2025-04-07T06:55:25","date_gmt":"2025-04-07T06:55:25","guid":{"rendered":"https:\/\/www.hydraulic-cylinders.net\/product\/boom-cylinder-for-yuchai-yc35-8-2\/"},"modified":"2025-04-07T06:55:27","modified_gmt":"2025-04-07T06:55:27","slug":"boom-cylinder-for-yuchai-yc35-8-2","status":"publish","type":"product","link":"https:\/\/www.hydraulic-cylinders.net\/sl\/izdelek\/boom-cylinder-for-yuchai-yc35-8-2\/","title":{"rendered":"Cilinder roke za Yuchai YC35-8"},"content":{"rendered":"<h1>Cilinder roke za Yuchai YC35-8<\/h1>\n<h2>Pregled izdelka<\/h2>\n<p>Hidravli\u010dni cilinder roke za Yuchai YC35-8 je specializiran hidravli\u010dni cilinder, zasnovan za nadzor gibanja roke v te\u017ekih strojih, kot so bagri, bagri nakladalniki in \u010delni nakladalniki. Ta vrsta hidravli\u010dnega cilindra igra klju\u010dno vlogo pri razli\u010dnih nalogah ravnanja z materiali, saj omogo\u010da upravljavcem natan\u010dno dvigovanje, spu\u0161\u010danje in nagibanje \u017elice. Bistven je v hidravli\u010dnih sistemih, kjer uporablja hidravli\u010dni tlak za ustvarjanje mo\u010dnega gibanja, kar zagotavlja u\u010dinkovitost in uspe\u0161nost na gradbi\u0161\u010du.<\/p>\n<p><img decoding=\"async\" src=\"https:\/\/www.hydraulic-cylinders.net\/wp-content\/uploads\/2025\/04\/songte-company-1.webp\" alt=\"Cilinder roke\"><\/p>\n<h3>Funkcija cilindra roke<\/h3>\n<p>Valj \u017elice je vrsta hidravli\u010dnega cilindra, posebej zasnovanega za te\u017eko mehanizacijo, ki olaj\u0161a manipulacijo polo\u017eaja \u017elice. Ta funkcija je klju\u010dnega pomena za bagre, ki zahtevajo natan\u010dna kopanja in u\u010dinkovit transport materialov. Hidravli\u010dni sistem izkori\u0161\u010da mo\u010d hidravli\u010dne teko\u010dine za ustvarjanje mo\u010dnih potiskih in vle\u010dnih sil, kar je bistveno pri gradbenih in kmetijskih opravilih.<\/p>\n<h2>Zna\u010dilnosti cilindra roke<\/h2>\n<ul>\n<li><strong>Visoka trdnost in vzdr\u017eljivost:<\/strong> Izdelane iz visoko trdnega jekla ali aluminija, so te jeklenke sposobne prenesti visok tlak in velike obremenitve, zaradi \u010desar so primerne za zahtevna delovna okolja.<\/li>\n<li><strong>U\u010dinkovito hidravli\u010dno delovanje:<\/strong> Cilinder uporablja hidravli\u010dni tlak teko\u010dine za gladko iztegovanje in vstavljanje, kar omogo\u010da hiter odziv na ukaze upravljavca.<\/li>\n<li><strong>Raznolikost vrst:<\/strong> Na voljo v enosmerno delujo\u010di (delujejo v eno smer) ali dvosmerno delujo\u010di (delujejo v obe smeri) konfiguraciji, pri \u010demer so nekateri modeli teleskopski za ve\u010dji izvle\u010dek brez pove\u010danja zunanjih dimenzij.<\/li>\n<li><strong>Prilagodljive mo\u017enosti:<\/strong> Na\u0161i izdelki lahko odli\u010dno nadomestijo razli\u010dne hidravli\u010dne cilindre in zagotavljajo re\u0161itve, prilagojene razli\u010dnim operativnim potrebam.<\/li>\n<li><strong>Vzdr\u017eevalno prijazna zasnova:<\/strong> Zasnova vklju\u010duje funkcije, ki olaj\u0161ajo vzdr\u017eevalna opravila, zagotavljajo dolgo \u017eivljenjsko dobo in zanesljivost.<\/li>\n<\/ul>\n<p><img decoding=\"async\" src=\"https:\/\/www.hydraulic-cylinders.net\/wp-content\/uploads\/2025\/04\/songte-cylinder-head-with-all-kinds-excavator-models.webp\" alt=\"Modeli bagrov\"><\/p>\n<h2>Uporaba cilindra roke<\/h2>\n<h3>Gradbena oprema<\/h3>\n<p>Pri bagrih je cilinder roke klju\u010dnega pomena za kopanje, nakladanje in premikanje zemlje ali ru\u0161evin. Njegova hidravli\u010dna mo\u010d zagotavlja potrebno silo za prodiranje v tla, zaradi \u010desar je bistvena komponenta za u\u010dinkovita izkopavanja.<\/p>\n<h3>Kmetijska mehanizacija<\/h3>\n<p>Pri \u010delnih nakladalnikih se cilinder roke uporablja za zajemanje, dvigovanje in prevoz zemlje, sena in drugih materialov. Ta vsestranskost omogo\u010da kmetom u\u010dinkovito opravljanje razli\u010dnih nalog, kar pove\u010duje produktivnost pri kmetijskih dejavnostih.<\/p>\n<h3>Bagri<\/h3>\n<p>Cilinder roke omogo\u010da, da \u017elica prodre v zemljo, kar olaj\u0161a kopanje, ki je bistveno za gradbene in krajinske projekte. Ta zmogljivost je klju\u010dnega pomena za izvajanje \u0161irokega nabora izkopnih del.<\/p>\n<h3>Nakladalci<\/h3>\n<p>Pri \u010delnih nakladalnikih cilindri roke pomagajo pri u\u010dinkovitem dvigovanju in razkladanju tovora. Ta funkcionalnost je klju\u010dnega pomena za gradbeni\u0161tvo in ravnanje z materiali, saj izbolj\u0161uje operativno u\u010dinkovitost in uspe\u0161nost.<\/p>\n<h2>Oblikovalski vidiki in izbirna merila<\/h2>\n<h3>Nosilnost<\/h3>\n<p>Cilinder roke mora biti zasnovan tako, da prenese te\u017eo, ki jo mora dvigniti. Bistveno je izra\u010dunati najve\u010djo pri\u010dakovano obremenitev, da se zagotovi zanesljivo delovanje cilindra v obratovalnih pogojih.<\/p>\n<h3>Tesnilna zmogljivost<\/h3>\n<p>Pravilno tesnjenje je klju\u010dnega pomena za prepre\u010devanje pu\u0161\u010danja hidravli\u010dne teko\u010dine, kar lahko povzro\u010di neu\u010dinkovitost sistema. Visokokakovostna tesnila iz materialov, kot sta poliuretan in nitrilna guma, so bistvena za vzdr\u017eevanje hidravli\u010dnega tlaka.<\/p>\n<h3>Vzdr\u017eljivost<\/h3>\n<p>Vzdr\u017eljivost je klju\u010dni dejavnik, saj bo valj roke izpostavljen zahtevnim okoljem. Za dolgo \u017eivljenjsko dobo so potrebni materiali in premazi, ki so odporni proti obrabi in koroziji, saj zmanj\u0161ujejo pogostost in stro\u0161ke zamenjav.<\/p>\n<h3>Varnostne funkcije<\/h3>\n<p>Pri delu s hidravli\u010dnimi sistemi je varnost najpomembnej\u0161a. Zasnova mora vklju\u010devati varnostne funkcije za prepre\u010devanje nenadnih okvar, vklju\u010dno z varnostnimi ventili in ustreznimi mehanizmi za pritrditev za stabilizacijo valja med delovanjem.<\/p>\n<h3>Vzdr\u017eevanje<\/h3>\n<p>Dobra zasnova naj bi omogo\u010dala enostavno vzdr\u017eevanje. Komponente, do katerih je mogo\u010de enostavno dostopati za pregled, mazanje in zamenjavo delov, prispevajo k splo\u0161ni u\u010dinkovitosti stroja.<\/p>\n<p><img decoding=\"async\" src=\"https:\/\/www.hydraulic-cylinders.net\/wp-content\/uploads\/2025\/04\/songte-oil-pipes-and-spare-parts.webp\" alt=\"Oljne cevi in \u200b\u200brezervni deli\"><\/p>\n<h2>Tesnjenje in mazanje<\/h2>\n<p>Uporaba razli\u010dnih tesnilnih komponent, kot so tesnila bata in ojnice, je nujna za zagotovitev u\u010dinkovitega delovanja hidravli\u010dnega cilindra. Tesnila iz trpe\u017enih materialov, kot sta poliuretan in nitrilna guma, zagotavljajo odpornost proti obrabi. Telo cilindra in navojne povr\u0161ine so fino obdelane za izbolj\u0161anje njihove odpornosti proti obrabi. Redno mazanje s hidravli\u010dnim oljem je potrebno tudi za ohranjanje optimalne zmogljivosti in prepre\u010devanje po\u0161kodb.<\/p>\n<h2>Preventivni vzdr\u017eevalni ukrepi<\/h2>\n<ul>\n<li><strong>Redni pregledi:<\/strong> Na\u010drtujte rutinske preglede, da odkrijete obrabo, preden se razvijejo v resne te\u017eave.<\/li>\n<li><strong>Pravilno mazanje:<\/strong> Zagotovite, da je raven hidravli\u010dnega olja ustrezna in da za mazanje uporabljate pravilno vrsto olja.<\/li>\n<li><strong>Zamenjava tesnila:<\/strong> Spremljajte tesnila glede znakov obrabe in jih po potrebi zamenjajte, da prepre\u010dite pu\u0161\u010danje teko\u010dine.<\/li>\n<\/ul>\n<h2>Navodila za namestitev<\/h2>\n<p>Pri name\u0161\u010danju cilindra roke se prepri\u010dajte, da so vse komponente pravilno poravnane, da se izognete prekomerni obremenitvi cilindra. Za pritrditev cilindra uporabite ustrezne nosilce. Upo\u0161tevajte navodila proizvajalca glede navora, da prepre\u010dite po\u0161kodbe. Za nemoteno delovanje se prepri\u010dajte, da so hidravli\u010dne cevi brez ovir in pravilno priklju\u010dene.<\/p>\n<h2>Pogosta vzdr\u017eevalna opravila<\/h2>\n<ul>\n<li><strong>Redni pregled:<\/strong> Pogosto pregledujte morebitne znake obrabe ali pu\u0161\u010danja. Zgodnje odkrivanje lahko prepre\u010di ve\u010dja popravila v prihodnosti.<\/li>\n<li><strong>Pravilno mazanje:<\/strong> Za nemoteno delovanje hidravli\u010dnega sistema vzdr\u017eujte ustrezno raven mazanja. To zmanj\u0161a trenje in podalj\u0161a \u017eivljenjsko dobo komponent.<\/li>\n<li><strong>Zamenjava tesnila:<\/strong> Redno preverjajte tesnila glede obrabe in jih po potrebi zamenjajte, da prepre\u010dite pu\u0161\u010danje hidravli\u010dne teko\u010dine in zagotovite, da sistem ohrani svojo u\u010dinkovitost.<\/li>\n<\/ul>\n<h2>Varnostni vidiki in okoljski dejavniki<\/h2>\n<p>Pri delu s hidravli\u010dnimi sistemi je klju\u010dnega pomena izvajanje varnostnih ukrepov. Upravljavci morajo nositi ustrezno osebno za\u0161\u010ditno opremo (OZO) in biti usposobljeni za varno ravnanje s hidravli\u010dnimi stroji. Pravilno odstranjevanje hidravli\u010dnih teko\u010din in rabljenih komponent je nujno za zmanj\u0161anje vpliva na okolje.<\/p>\n<h2>Odpravljanje te\u017eav in pogoste te\u017eave<\/h2>\n<ul>\n<li><strong>Pu\u0161\u010danje:<\/strong> Preverite morebitna pu\u0161\u010danja na tesnilih ali priklju\u010dkih; zamenjajte po\u0161kodovana tesnila in se prepri\u010dajte, da so priklju\u010dki tesni.<\/li>\n<li><strong>Po\u010dasno delovanje:<\/strong> Preverite nivo hidravli\u010dne teko\u010dine in jo po potrebi zamenjajte, prav tako pa preverite morebitne blokade v hidravli\u010dnih ceveh.<\/li>\n<li><strong>Nedosledna zmogljivost:<\/strong> Preverite, ali so v valju po\u0161kodovane komponente, in se prepri\u010dajte, da so vsa tesnila nepo\u0161kodovana in delujejo.<\/li>\n<\/ul>\n<p>Izvajanje preventivnih ukrepov lahko znatno zmanj\u0161a morebitne te\u017eave. Redno vzdr\u017eevanje lahko pomaga ohranjati nemoteno delovanje sistema in skraj\u0161a \u010das izpada.<\/p>\n<p><img decoding=\"async\" src=\"https:\/\/www.hydraulic-cylinders.net\/wp-content\/uploads\/2025\/04\/songte-bushings-with-all-kinds-of-excavator-models.webp\" alt=\"Pu\u0161e za modele bagrov\"><\/p>\n<h2>Na\u0161e podjetje<\/h2>\n<p>Smo proizvajalec nadomestnih hidravli\u010dnih cilindrov, znani po na\u0161i celoviti ponudbi izdelkov, ki nas je uveljavila kot enega vodilnih proizvajalcev in veletrgovcev na doma\u010dem in mednarodnem trgu. Na\u0161o zavezanost odli\u010dnosti podpira izpopolnjena strategija upravljanja proizvodnje v na\u0161ih najsodobnej\u0161ih proizvodnih obratih.<\/p>\n<p>Na\u0161o proizvodno platformo nenehno izbolj\u0161ujemo z vlaganjem v usposobljeno tehni\u010dno osebje, napredno digitalno proizvodno opremo in profesionalne sisteme testiranja. Na\u0161 poudarek na visoki u\u010dinkovitosti, natan\u010dnosti in kakovosti je usklajen z raznolikimi potrebami na\u0161ih strank.<\/p>\n<p><img decoding=\"async\" src=\"https:\/\/www.hydraulic-cylinders.net\/wp-content\/uploads\/2025\/04\/songte-company-4.webp\" alt=\"Pregled podjetja\"><br \/>\n<img decoding=\"async\" src=\"https:\/\/www.hydraulic-cylinders.net\/wp-content\/uploads\/2025\/04\/songte-company-3.webp\" alt=\"Proizvodna oprema\"><\/p>\n<p>Avtor: lyl<\/p>","protected":false},"excerpt":{"rendered":"<p>Boom Cylinder For Yuchai YC35-8 Product Overview The Boom Cylinder for Yuchai YC35-8 is a specialized hydraulic cylinder designed to control the movement of the boom in heavy machinery such as excavators, backhoe loaders, and front loaders. This type of hydraulic cylinder plays a crucial role in various material handling tasks, allowing operators to lift, [&hellip;]<\/p>","protected":false},"featured_media":17870,"comment_status":"open","ping_status":"closed","template":"","meta":{"_et_pb_use_builder":"","_et_pb_old_content":"","_et_gb_content_width":""},"product_brand":[],"product_cat":[1546],"product_tag":[1547,1496],"class_list":{"0":"post-19577","1":"product","2":"type-product","3":"status-publish","4":"has-post-thumbnail","6":"product_cat-boom-cylinders","7":"product_tag-boom-cylinders","8":"product_tag-hydraulic-cylinders","10":"first","11":"instock","12":"shipping-taxable","13":"product-type-simple"},"amp_enabled":true,"_links":{"self":[{"href":"https:\/\/www.hydraulic-cylinders.net\/sl\/wp-json\/wp\/v2\/product\/19577","targetHints":{"allow":["GET"]}}],"collection":[{"href":"https:\/\/www.hydraulic-cylinders.net\/sl\/wp-json\/wp\/v2\/product"}],"about":[{"href":"https:\/\/www.hydraulic-cylinders.net\/sl\/wp-json\/wp\/v2\/types\/product"}],"replies":[{"embeddable":true,"href":"https:\/\/www.hydraulic-cylinders.net\/sl\/wp-json\/wp\/v2\/comments?post=19577"}],"wp:featuredmedia":[{"embeddable":true,"href":"https:\/\/www.hydraulic-cylinders.net\/sl\/wp-json\/wp\/v2\/media\/17870"}],"wp:attachment":[{"href":"https:\/\/www.hydraulic-cylinders.net\/sl\/wp-json\/wp\/v2\/media?parent=19577"}],"wp:term":[{"taxonomy":"product_brand","embeddable":true,"href":"https:\/\/www.hydraulic-cylinders.net\/sl\/wp-json\/wp\/v2\/product_brand?post=19577"},{"taxonomy":"product_cat","embeddable":true,"href":"https:\/\/www.hydraulic-cylinders.net\/sl\/wp-json\/wp\/v2\/product_cat?post=19577"},{"taxonomy":"product_tag","embeddable":true,"href":"https:\/\/www.hydraulic-cylinders.net\/sl\/wp-json\/wp\/v2\/product_tag?post=19577"}],"curies":[{"name":"delovni list","href":"https:\/\/api.w.org\/{rel}","templated":true}]}}