{"id":19582,"date":"2025-04-07T06:55:53","date_gmt":"2025-04-07T06:55:53","guid":{"rendered":"https:\/\/www.hydraulic-cylinders.net\/product\/boom-cylinder-for-yuchai-yc18-8\/"},"modified":"2025-04-07T06:55:56","modified_gmt":"2025-04-07T06:55:56","slug":"boom-cylinder-for-yuchai-yc18-8","status":"publish","type":"product","link":"https:\/\/www.hydraulic-cylinders.net\/sl\/izdelek\/boom-cylinder-for-yuchai-yc18-8\/","title":{"rendered":"Cilinder roke za Yuchai YC18-8"},"content":{"rendered":"<h1>Cilinder roke za Yuchai YC18-8<\/h1>\n<h2>Pregled izdelka<\/h2>\n<p>Hidravli\u010dni cilinder za Yuchai YC18-8 je specializiran hidravli\u010dni cilinder, ki igra klju\u010dno vlogo pri nadzoru gibanja \u017elice na razli\u010dnih te\u017ekih strojih, vklju\u010dno z bagri, bagri nakladalniki in \u010delnimi nakladalniki. Ta hidravli\u010dni cilinder omogo\u010da dvigovanje, spu\u0161\u010danje in nagibanje \u017elice, kar omogo\u010da u\u010dinkovito ravnanje z materiali. Ti cilindri so zasnovani tako, da prenesejo visoke tlake in velike obremenitve, zato so bistveni sestavni deli hidravli\u010dnih sistemov, ki zagotavljajo optimalno delovanje gradbenih in kmetijskih strojev.<\/p>\n<p><img decoding=\"async\" src=\"https:\/\/www.hydraulic-cylinders.net\/wp-content\/uploads\/2025\/04\/songte-company-1.webp\" alt=\"Cilinder roke za Yuchai YC18-8\" \/><\/p>\n<h2>Klju\u010dne lastnosti<\/h2>\n<ul>\n<li>\n<h3>Visoka trdnost in vzdr\u017eljivost<\/h3>\n<p>Ti cilindri, izdelani iz visoko trdnega jekla ali aluminija, lahko prenesejo visok tlak in velike obremenitve, hkrati pa se prilagajajo zahtevnim delovnim okoljem. Zasnovani so z mislijo na odpornost proti obrabi in koroziji, kar podalj\u0161uje njihovo \u017eivljenjsko dobo.<\/li>\n<li>\n<h3>U\u010dinkovito hidravli\u010dno delovanje<\/h3>\n<p>Z uporabo tlaka hidravli\u010dnega olja ti cilindri dose\u017eejo gladko iztegovanje in vle\u010denje, se hitro odzivajo na krmilne ukaze in zagotavljajo mo\u010dne potisne in vle\u010dne zmogljivosti, primerne za rokovanje s te\u017ekimi predmeti in kompleksne naloge.<\/li>\n<li>\n<h3>Razli\u010dne vrste<\/h3>\n<p>Cilindri so na voljo v razli\u010dnih vrstah, vklju\u010dno z enosmerno delujo\u010dimi (delujejo v eno smer) in dvosmerno delujo\u010dimi (delujejo v obe smeri) konfiguracijami, da zadostijo razli\u010dnim operativnim potrebam. Nekateri modeli so teleskopski, kar omogo\u010da ve\u010dji razteg brez pove\u010danja zunanjih dimenzij, kar je idealno za aplikacije z omejenim prostorom.<\/li>\n<li>\n<h3>Izdelava po meri<\/h3>\n<p>Ta izdelek izdelujemo tako, da popolnoma nadomesti obstoje\u010de hidravli\u010dne cilindre, kar zagotavlja zdru\u017eljivost in zanesljivost delovanja.<\/li>\n<li>\n<h3>Vsestranske uporabe<\/h3>\n<p>Zasnovani so za ve\u010d vrst te\u017eke mehanizacije in jih je mogo\u010de prilagoditi razli\u010dnim operativnim scenarijem, kar pove\u010duje produktivnost v razli\u010dnih sektorjih.<\/li>\n<\/ul>\n<p><img decoding=\"async\" src=\"https:\/\/www.hydraulic-cylinders.net\/wp-content\/uploads\/2025\/04\/songte-cylinder-head-with-all-kinds-excavator-models.webp\" alt=\"Razli\u010dice hidravli\u010dnih cilindrov\" \/><\/p>\n<h2>Uporaba cilindra roke<\/h2>\n<h3>Gradbena oprema<\/h3>\n<p>Pri bagrih je cilinder roke bistvenega pomena za kopanje, nakladanje in premikanje zemlje ali ru\u0161evin. Zagotavlja potrebno silo za dvigovanje \u017elice in omogo\u010da natan\u010dno pozicioniranje med delovanjem. Pri bagrih nakladalnikih cilinder olaj\u0161a tako kopanje kot dvigovanje, kar znatno prispeva k u\u010dinkovitosti na gradbi\u0161\u010dih.<\/p>\n<h3>Kmetijska mehanizacija<\/h3>\n<p>Ti cilindri so klju\u010dni pri \u010delnih nakladalnikih, kjer se uporabljajo za zajemanje, dvigovanje in prevoz zemlje, sena in drugih materialov. Njihova hidravli\u010dna mo\u010d omogo\u010da nemoteno delovanje v kmetijskih okoljih, kar pove\u010duje produktivnost in zmanj\u0161uje ro\u010dno delo.<\/p>\n<h3>Bagri<\/h3>\n<p>Cilinder roke omogo\u010da, da \u017elica prodre v zemljo, kar olaj\u0161a u\u010dinkovito kopanje. Hidravli\u010dna mo\u010d omogo\u010da delovanje v zahtevnih pogojih, zaradi \u010desar je nepogre\u0161ljiv sestavni del za izkopavanja na razli\u010dnih terenih.<\/p>\n<h3>Nakladalci<\/h3>\n<p>Pri \u010delnih nakladalnikih cilinder roke pomaga pri u\u010dinkovitem dvigovanju in razkladanju materialov. To zagotavlja enostavno premikanje te\u017ekih bremen, kar izbolj\u0161a splo\u0161no produktivnost nakladalnih operacij.<\/p>\n<h2>Oblikovalski vidiki in izbirna merila<\/h2>\n<h3>Nosilnost<\/h3>\n<p>Nosilnost cilindra roke je klju\u010dni dejavnik pri na\u010drtovanju. Zasnovan mora biti tako, da prenese specifi\u010dno te\u017eo materialov, ki se premikajo ali dvigujejo. Pravilen izra\u010dun nosilnosti zagotavlja, da lahko valj deluje brezhibno pri najve\u010djih obratovalnih obremenitvah.<\/p>\n<h3>Tesnilna zmogljivost<\/h3>\n<p>U\u010dinkovito tesnjenje je klju\u010dnega pomena za prepre\u010devanje pu\u0161\u010danja in kontaminacije hidravli\u010dne teko\u010dine. Zasnova mora vklju\u010devati trpe\u017ena tesnila, kot so tesnila bata in ojnice, da se ohrani celovitost in delovanje sistema skozi \u010das. Visokokakovostna tesnila zmanj\u0161ujejo obrabo in podalj\u0161ujejo \u017eivljenjsko dobo hidravli\u010dnega cilindra.<\/p>\n<h3>Vzdr\u017eljivost<\/h3>\n<p>Vzdr\u017eljivost je bistvenega pomena, zlasti v te\u017ekih delovnih pogojih. Materiali, uporabljeni pri izdelavi cilindra roke, morajo biti odporni proti obrabi in koroziji, kar zagotavlja, da cilinder ostane funkcionalen dlje \u010dasa. Redne ocene celovitosti materiala lahko prepre\u010dijo prezgodnje okvare.<\/p>\n<h3>Varnostne funkcije<\/h3>\n<p>Varnost mora biti pri na\u010drtovanju hidravli\u010dnih cilindrov prednostna naloga. Vklju\u010ditev funkcij, kot so varnostni ventili, lahko prepre\u010di preobremenitev in morebitne nesre\u010de med delovanjem. Zagotavljanje izpolnjevanja varnostnih standardov \u0161\u010diti tako opremo kot upravljavce.<\/p>\n<h3>Vzdr\u017eevanje<\/h3>\n<p>Zasnova za vzdr\u017eevanje omogo\u010da la\u017eje preglede in popravila. Komponente morajo biti dostopne, zasnova pa mora omogo\u010dati rutinska vzdr\u017eevalna opravila, kot sta zamenjava tesnil in mazanje, da se podalj\u0161a \u017eivljenjska doba hidravli\u010dnega sistema.<\/p>\n<p><img decoding=\"async\" src=\"https:\/\/www.hydraulic-cylinders.net\/wp-content\/uploads\/2025\/04\/songte-oil-pipes-and-spare-parts.webp\" alt=\"Komponente hidravli\u010dnega cilindra\" \/><\/p>\n<h2>Tesnjenje in mazanje<\/h2>\n<p>U\u010dinkovitost hidravli\u010dnega cilindra je v veliki meri odvisna od njegovih tesnilnih in mazalnih sistemov. Razli\u010dna tesnila, vklju\u010dno s tesnili bata in ojnice, so klju\u010dnega pomena za vzdr\u017eevanje hidravli\u010dnega tlaka in prepre\u010devanje pu\u0161\u010danja. Zaradi svojih lastnosti odpornosti proti obrabi se pogosto uporabljajo materiali, kot sta poliuretan in nitrilna guma.<\/p>\n<p>Poleg tega sta ohi\u0161je valja in navojne kon\u010dne povr\u0161ine fino obdelani za ve\u010djo odpornost proti obrabi. Redno mazanje s hidravli\u010dnim oljem je bistvenega pomena za zagotovitev nemotenega delovanja vseh gibljivih delov in za zmanj\u0161anje trenja, ki lahko povzro\u010di prezgodnjo obrabo.<\/p>\n<h2>Preventivni vzdr\u017eevalni ukrepi<\/h2>\n<ul>\n<li>\n<h3>Redni pregledi<\/h3>\n<p>Redni pregledi cilindra roke glede znakov obrabe ali po\u0161kodb so bistvenega pomena. Preverjanje pu\u0161\u010danja, zagotavljanje nepo\u0161kodovanosti tesnil in ocena stanja hidravli\u010dnih cevi bodo pomagali prepoznati te\u017eave, preden se stopnjujejo.<\/li>\n<li>\n<h3>Ustrezno mazanje<\/h3>\n<p>Zagotavljanje ustrezne ravni hidravli\u010dnega olja in pravilno mazanje gibljivih delov bo izbolj\u0161alo delovanje in podalj\u0161alo \u017eivljenjsko dobo cilindra. Klju\u010dnega pomena je upo\u0161tevati priporo\u010dila proizvajalca glede intervalov mazanja.<\/li>\n<li>\n<h3>Zamenjava tesnila<\/h3>\n<p>Redna menjava tesnil kot del vzdr\u017eevalnega na\u010drta bo prepre\u010dila pu\u0161\u010danje in ohranila hidravli\u010dno u\u010dinkovitost. \u010ce obrabljenih tesnil ne zamenjate, lahko to povzro\u010di znatne te\u017eave z delovanjem in draga popravila.<\/li>\n<\/ul>\n<h2>Navodila za namestitev<\/h2>\n<p>Za zagotovitev pravilnega delovanja in dolge \u017eivljenjske dobe cilindra roke je klju\u010dnega pomena upo\u0161tevati pravilne postopke namestitve. Najprej se prepri\u010dajte, da so monta\u017ene povr\u0161ine \u010diste in brez umazanije. Cilinder pravilno poravnajte s pritrdilnimi to\u010dkami in ohranite pravilno orientacijo, da prepre\u010dite obremenitev tesnil.<\/p>\n<p>Za pritrditev valja uporabite ustrezne nosilce in prepre\u010dite premikanje med delovanjem. Po namestitvi preverite ustrezno raven hidravli\u010dne teko\u010dine in odzra\u010dite sistem, da odstranite morebitne zra\u010dne \u017eepe, ki bi lahko vplivali na delovanje. Na koncu izvedite preizkusno delovanje, da se prepri\u010date, da valj deluje gladko in u\u010dinkovito, ter opravite vse potrebne prilagoditve.<\/p>\n<h2>Pogosta vzdr\u017eevalna opravila<\/h2>\n<ul>\n<li>\n<h3>Redni pregledi<\/h3>\n<p>Redni pregledi pomagajo zgodaj odkriti morebitne te\u017eave. Preverite obrabo tesnil, morebitna vidna pu\u0161\u010danja in splo\u0161no stanje. Pravo\u010dasna intervencija lahko prepre\u010di ve\u010dje okvare in draga popravila.<\/li>\n<li>\n<h3>Pravilno mazanje<\/h3>\n<p>Vzdr\u017eevanje ustrezne ravni mazanja je klju\u010dnega pomena za nemoteno delovanje hidravli\u010dnega sistema. Redno preverjajte in dolivajte hidravli\u010dno olje ter se prepri\u010dajte, da izpolnjuje zahtevane specifikacije, da se izognete te\u017eavam z delovanjem.<\/li>\n<li>\n<h3>Zamenjava in kalibracija tesnila<\/h3>\n<p>Zamenjajte tesnila, ki ka\u017eejo znake obrabe ali po\u0161kodb, da ohranite hidravli\u010dni tlak. Poleg tega bo kalibracija hidravli\u010dnega sistema zagotovila, da deluje znotraj dolo\u010denih parametrov, kar bo optimiziralo zmogljivost in varnost.<\/li>\n<\/ul>\n<h2>Varnostni vidiki in okoljski dejavniki<\/h2>\n<p>Pri uporabi hidravli\u010dnih cilindrov so varnostni ukrepi najpomembnej\u0161i. Upravljavci morajo biti usposobljeni za prepoznavanje znakov hidravli\u010dne okvare ali nepravilnega delovanja. Redni varnostni pregledi in upo\u0161tevanje navodil za uporabo pomagajo zmanj\u0161ati tveganja. Poleg tega je treba izvajati okolju prijazne prakse, kot sta pravilno odstranjevanje hidravli\u010dnih teko\u010din in recikliranje materialov, kjer je to mogo\u010de.<\/p>\n<h2>Diagnoza napak in pogoste te\u017eave<\/h2>\n<ul>\n<li>\n<h3>Hidravli\u010dna pu\u0161\u010danja<\/h3>\n<p>Pu\u0161\u010danje lahko nastane zaradi obrabljenih tesnil ali po\u0161kodovanih cevi. Sistem je nujno redno pregledovati, da se pu\u0161\u010danja pravo\u010dasno odkrijejo in odpravijo.<\/li>\n<li>\n<h3>Izguba tlaka<\/h3>\n<p>Nenadna izguba tlaka lahko ka\u017ee na notranjo po\u0161kodbo ali pu\u0161\u010danje teko\u010dine. Spremljanje od\u010ditkov merilnikov lahko pomaga ugotoviti, ali obstaja te\u017eava, kar omogo\u010da pravo\u010dasna popravila.<\/li>\n<li>\n<h3>Neodziven valj<\/h3>\n<p>\u010ce se valj ne odziva na krmilne ukaze, lahko to ka\u017ee na blokado v hidravli\u010dnem sistemu ali okvaro krmilnega mehanizma. Odpravljanje te\u017eav s krmilnimi ventili in cevmi lahko pomaga ugotoviti vzrok.<\/li>\n<\/ul>\n<h2>Nasveti za odpravljanje te\u017eav<\/h2>\n<p>Za u\u010dinkovito diagnosticiranje in odpravljanje te\u017eav z cilindrom roke morajo upravljavci voditi podroben dnevnik simptomov in zgodovine vzdr\u017eevanja. Redno usposabljanje o tehnikah odpravljanja te\u017eav bo osebju pomagalo zgodaj prepoznati te\u017eave.<\/p>\n<p>Izvajanje preventivnih ukrepov, kot so redni vzdr\u017eevalni na\u010drti in upo\u0161tevanje operativnih smernic, bo zmanj\u0161alo morebitne te\u017eave. Poleg tega bo zagotavljanje, da so upravljavci seznanjeni z varnostnimi protokoli, spodbudilo varnej\u0161e delovno okolje.<\/p>\n<p><img decoding=\"async\" src=\"https:\/\/www.hydraulic-cylinders.net\/wp-content\/uploads\/2025\/04\/songte-bushings-with-all-kinds-of-excavator-models.webp\" alt=\"Komponente bagra\" \/><\/p>\n<h2>O na\u0161em podjetju<\/h2>\n<p>Smo vodilni proizvajalec nadomestnih hidravli\u010dnih cilindrov in ponujamo \u0161iroko paleto izdelkov za mednarodne trge. Z upo\u0161tevanjem izjemnih standardov kakovosti in izvajanjem prefinjene strategije upravljanja proizvodnje nenehno izbolj\u0161ujemo na\u0161e proizvodne zmogljivosti. Na\u0161 poudarek na tehnolo\u0161kih talentih, napredni proizvodni opremi in specializiranih testnih sistemih nam omogo\u010da, da z visoko u\u010dinkovitostjo, natan\u010dnostjo in kakovostjo izpolnjujemo raznolike zahteve strank.<\/p>\n<p>Na\u0161e podjetje je mednarodno certificirano in ponuja prilagojene storitve, prilagojene specifi\u010dnim zahtevam strank. Z najsodobnej\u0161o proizvodno opremo in namensko ekipo za poprodajne storitve zagotavljamo, da na\u0161e stranke prejmejo vrhunske izdelke in podporo.<\/p>\n<p><img decoding=\"async\" src=\"https:\/\/www.hydraulic-cylinders.net\/wp-content\/uploads\/2025\/04\/songte-company-4.webp\" alt=\"Pregled podjetja\" \/><br \/>\n<img decoding=\"async\" src=\"https:\/\/www.hydraulic-cylinders.net\/wp-content\/uploads\/2025\/04\/songte-company-3.webp\" alt=\"Proizvodni obrat\" \/><\/p>\n<p>Avtor: lyl<\/p>","protected":false},"excerpt":{"rendered":"<p>Boom Cylinder For Yuchai YC18-8 Product Overview The Boom Cylinder for Yuchai YC18-8 is a specialized hydraulic cylinder that plays a critical role in controlling the movement of the bucket on various heavy machinery, including excavators, backhoe loaders, and front loaders. This hydraulic cylinder enables the bucket to lift, lower, and tilt, facilitating efficient material [&hellip;]<\/p>","protected":false},"featured_media":17875,"comment_status":"open","ping_status":"closed","template":"","meta":{"_et_pb_use_builder":"","_et_pb_old_content":"","_et_gb_content_width":""},"product_brand":[],"product_cat":[1546],"product_tag":[1547,1496],"class_list":{"0":"post-19582","1":"product","2":"type-product","3":"status-publish","4":"has-post-thumbnail","6":"product_cat-boom-cylinders","7":"product_tag-boom-cylinders","8":"product_tag-hydraulic-cylinders","10":"first","11":"instock","12":"shipping-taxable","13":"product-type-simple"},"amp_enabled":true,"_links":{"self":[{"href":"https:\/\/www.hydraulic-cylinders.net\/sl\/wp-json\/wp\/v2\/product\/19582","targetHints":{"allow":["GET"]}}],"collection":[{"href":"https:\/\/www.hydraulic-cylinders.net\/sl\/wp-json\/wp\/v2\/product"}],"about":[{"href":"https:\/\/www.hydraulic-cylinders.net\/sl\/wp-json\/wp\/v2\/types\/product"}],"replies":[{"embeddable":true,"href":"https:\/\/www.hydraulic-cylinders.net\/sl\/wp-json\/wp\/v2\/comments?post=19582"}],"wp:featuredmedia":[{"embeddable":true,"href":"https:\/\/www.hydraulic-cylinders.net\/sl\/wp-json\/wp\/v2\/media\/17875"}],"wp:attachment":[{"href":"https:\/\/www.hydraulic-cylinders.net\/sl\/wp-json\/wp\/v2\/media?parent=19582"}],"wp:term":[{"taxonomy":"product_brand","embeddable":true,"href":"https:\/\/www.hydraulic-cylinders.net\/sl\/wp-json\/wp\/v2\/product_brand?post=19582"},{"taxonomy":"product_cat","embeddable":true,"href":"https:\/\/www.hydraulic-cylinders.net\/sl\/wp-json\/wp\/v2\/product_cat?post=19582"},{"taxonomy":"product_tag","embeddable":true,"href":"https:\/\/www.hydraulic-cylinders.net\/sl\/wp-json\/wp\/v2\/product_tag?post=19582"}],"curies":[{"name":"delovni list","href":"https:\/\/api.w.org\/{rel}","templated":true}]}}