{"id":19583,"date":"2025-04-07T06:55:56","date_gmt":"2025-04-07T06:55:56","guid":{"rendered":"https:\/\/www.hydraulic-cylinders.net\/product\/boom-cylinder-for-yuchai-yc35sr\/"},"modified":"2025-04-07T06:55:58","modified_gmt":"2025-04-07T06:55:58","slug":"boom-cylinder-for-yuchai-yc35sr","status":"publish","type":"product","link":"https:\/\/www.hydraulic-cylinders.net\/sl\/izdelek\/boom-cylinder-for-yuchai-yc35sr\/","title":{"rendered":"Cilinder roke za Yuchai YC35SR"},"content":{"rendered":"<h1>Cilinder roke za Yuchai YC35SR<\/h1>\n<h2>Uvod v cilindre roke<\/h2>\n<p>Cilinder roke je klju\u010dna komponenta hidravli\u010dnih sistemov, posebej zasnovana za nadzor gibanja \u017elic v razli\u010dnih te\u017ekih strojih. To vklju\u010duje bagre, bagre nakladalnike in \u010delne nakladalnike. Omogo\u010da dvigovanje, spu\u0161\u010danje in nagibanje \u017elice, kar olaj\u0161a razli\u010dna opravila ravnanja z materiali.<\/p>\n<p><img decoding=\"async\" src=\"https:\/\/www.hydraulic-cylinders.net\/wp-content\/uploads\/2025\/04\/songte-company-1.webp\" alt=\"Cilinder roke\"><\/p>\n<h3>Funkcionalnost in definicija<\/h3>\n<p>Hidravli\u010dni cilindri \u017elice so vrsta hidravli\u010dnega cilindra, namenjenega upravljanju delovanja \u017elice stroja. Ti cilindri igrajo klju\u010dno vlogo v hidravli\u010dnem sistemu, saj pretvarjajo hidravli\u010dno energijo v mehansko energijo, kar omogo\u010da natan\u010den nadzor nad gibanjem \u017elice. Zmo\u017enost dvigovanja te\u017ekih bremen, njihovega natan\u010dnega spu\u0161\u010danja in nagibanja za bolj\u0161e pozicioniranje naredi cilindre roke bistvene v gradbeni\u0161tvu, kmetijstvu in razli\u010dnih industrijskih aplikacijah.<\/p>\n<h2>Zna\u010dilnosti cilindra roke<\/h2>\n<ul>\n<li><strong>Visoka trdnost in vzdr\u017eljivost:<\/strong> Ti cilindri, obi\u010dajno izdelani iz visoko trdnega jekla ali aluminija, lahko prenesejo visok tlak in velike obremenitve, zaradi \u010desar so primerni za zahtevna delovna okolja. Njihova zasnova vklju\u010duje odpornost proti obrabi in koroziji, kar podalj\u0161a njihovo \u017eivljenjsko dobo.<\/li>\n<li><strong>U\u010dinkovito hidravli\u010dno delovanje:<\/strong> Z uporabo hidravli\u010dnega tlaka olja cilindri roke zagotavljajo gladko iztegovanje in vstavljanje. Hitro se odzivajo na krmilne ukaze in zagotavljajo mo\u010dne potisne in vle\u010dne sile, potrebne za ravnanje s te\u017ekimi materiali in kompleksnimi nalogami.<\/li>\n<li><strong>Razli\u010dne vrste:<\/strong> Cilindri roke so lahko enosmerno delujo\u010di (delujejo v eno smer) ali dvosmerno delujo\u010di (delujejo v obe smeri), kar ustreza razli\u010dnim operativnim potrebam. Nekateri modeli so teleskopski, kar omogo\u010da ve\u010dji izvle\u010dek brez pove\u010danja zunanjih dimenzij, kar je idealno za aplikacije z omejenim prostorom.<\/li>\n<li><strong>Prilagoditev po meri:<\/strong> Na\u0161i izdelki lahko popolnoma nadomestijo obstoje\u010de hidravli\u010dne cilindre, kar zagotavlja zdru\u017eljivost in zmogljivost.<\/li>\n<li><strong>Napredna proizvodnja:<\/strong> Na\u0161i cilindri so izdelani natan\u010dno in z najnovej\u0161o tehnologijo ter izpolnjujejo stroge standarde kakovosti, kar zagotavlja zanesljivost in u\u010dinkovitost.<\/li>\n<\/ul>\n<p><img decoding=\"async\" src=\"https:\/\/www.hydraulic-cylinders.net\/wp-content\/uploads\/2025\/04\/songte-cylinder-head-with-all-kinds-excavator-models.webp\" alt=\"Modeli bagrov\"><\/p>\n<h2>Uporaba cilindrov roke<\/h2>\n<h3>Gradbena oprema<\/h3>\n<p>Pri bagrih so cilindri roke bistveni za kopanje, nakladanje in premikanje zemlje ali ru\u0161evin. Zagotavljajo potrebno silo za u\u010dinkovito prodiranje v tla, zaradi \u010desar so nepogre\u0161ljivi pri gradbenih projektih. Pri bagrih nakladalnikih ti cilindri pomagajo tako pri kopanju kot pri dvigovanju, kar zagotavlja vsestranskost na gradbi\u0161\u010du.<\/p>\n<h3>Kmetijska mehanizacija<\/h3>\n<p>Pri \u010delnih nakladalnikih imajo cilindri roke klju\u010dno vlogo pri zajemanju, dvigovanju in prevozu zemlje, sena in drugih materialov. Zaradi svoje sposobnosti opravljanja razli\u010dnih nalog so neprecenljivi pri kmetijskih delih, saj pove\u010dujejo produktivnost in u\u010dinkovitost.<\/p>\n<h3>Bagri<\/h3>\n<p>Pri bagrih cilinder roke omogo\u010da, da \u017elica prodre v zemljo, kar olaj\u0161a u\u010dinkovito izkopavanje. Hidravli\u010dna mo\u010d, ki jo zagotavljajo ti cilindri, zagotavlja, da lahko stroji obvladujejo te\u017eaven teren in te\u017eke obremenitve, zaradi \u010desar so primerni za \u0161irok spekter izkopnih nalog.<\/p>\n<h3>Nakladalci<\/h3>\n<p>Pri \u010delnih nakladalnikih cilindri roke pomagajo pri u\u010dinkovitem dvigovanju in razkladanju bremen. Njihova sposobnost upravljanja te\u017ekih materialov zagotavlja hitro in varno izvajanje operacij, s \u010dimer se optimizira potek dela na gradbi\u0161\u010dih in industrijskih lokacijah.<\/p>\n<h2>Oblikovalski vidiki in izbirna merila<\/h2>\n<h3>Nosilnost<\/h3>\n<p>Nosilnost cilindra roke je klju\u010dni dejavnik pri na\u010drtovanju. Bistveno je zagotoviti, da lahko valj prenese najve\u010djo pri\u010dakovano obremenitev brez tveganja okvare. In\u017eenirji morajo upo\u0161tevati sile, ki delujejo na valj med delovanjem, in izbrati materiale in zasnove, ki lahko te obremenitve prenesejo skozi \u010das.<\/p>\n<h3>Tesnilni mehanizmi<\/h3>\n<p>U\u010dinkovito tesnjenje je klju\u010dnega pomena za prepre\u010devanje pu\u0161\u010danja hidravli\u010dne teko\u010dine. Izbira tesnil, kot so tesnila bata in tesnila ojnic, mora temeljiti na specifi\u010dnih potrebah uporabe. Visokokakovostna tesnila so bistvena za zagotovitev dolgoro\u010dnega delovanja in zmanj\u0161anje zahtev glede vzdr\u017eevanja.<\/p>\n<h3>Vzdr\u017eljivost<\/h3>\n<p>Vzdr\u017eljivost je klju\u010dni dejavnik pri zasnovi cilindrov roke. Izdelani morajo biti iz materialov, ki lahko prenesejo te\u017eke delovne pogoje, vklju\u010dno z izpostavljenostjo umazaniji, vlagi in ekstremnim temperaturam. Uporaba korozijsko odpornih premazov in robustnih materialov lahko pove\u010da vzdr\u017eljivost cilindra.<\/p>\n<h3>Varnostne funkcije<\/h3>\n<p>Varnost je pri hidravli\u010dnih aplikacijah najpomembnej\u0161a. Cilindri roke morajo biti zasnovani z elementi, ki prepre\u010dujejo nenamerno premikanje, kot so varnostne klju\u010davnice ali sistemi za za\u0161\u010dito pred preobremenitvijo. Zagotavljanje teh varnostnih ukrepov pomaga prepre\u010diti nesre\u010de in po\u0161kodbe opreme.<\/p>\n<h3>Dostopnost vzdr\u017eevanja<\/h3>\n<p>Zasnova cilindrov roke za enostavno vzdr\u017eevanje je klju\u010dnega pomena. Med postopkom na\u010drtovanja je treba upo\u0161tevati dostopne to\u010dke za mazanje, zamenjavo tesnil in preglede. To olaj\u0161a redno vzdr\u017eevanje, s \u010dimer se podalj\u0161a \u017eivljenjska doba cilindra in izbolj\u0161a operativna u\u010dinkovitost.<\/p>\n<p><img decoding=\"async\" src=\"https:\/\/www.hydraulic-cylinders.net\/wp-content\/uploads\/2025\/04\/songte-oil-pipes-and-spare-parts.webp\" alt=\"Hidravli\u010dni deli\"><\/p>\n<h2>Tesnjenje in mazanje<\/h2>\n<p>Tesnjenje in mazanje cilindrov roke sta klju\u010dnega pomena za optimalno delovanje in dolgo \u017eivljenjsko dobo. Za prepre\u010devanje pu\u0161\u010danja hidravli\u010dne teko\u010dine se uporabljajo razli\u010dna tesnila, kot so tesnila bata in tesnila palic. Tesnila iz materialov, odpornih proti obrabi, kot sta poliuretan in nitrilna guma, zagotavljajo vzdr\u017eljivost v te\u017ekih pogojih.<\/p>\n<p>Telo valja in navojni konci so fino obdelani za ve\u010djo odpornost proti obrabi, kar zmanj\u0161uje tveganje po\u0161kodb s\u010dasoma. Poleg tega je redno mazanje s hidravli\u010dnim oljem bistvenega pomena za nemoteno delovanje in prepre\u010devanje obrabe gibljivih delov. Redni pregledi in ustrezno mazanje zagotavljajo u\u010dinkovito delovanje valja in podalj\u0161ujejo njegovo \u017eivljenjsko dobo.<\/p>\n<h2>Redni pregledi in preventivni vzdr\u017eevalni ukrepi<\/h2>\n<ul>\n<li><strong>Redni pregledi:<\/strong> Izvajajte rutinske preglede, da odkrijete znake obrabe ali po\u0161kodb. To vklju\u010duje preverjanje pu\u0161\u010danja, zagotavljanje, da so tesnila nepo\u0161kodovana, in preverjanje splo\u0161nega stanja jeklenke. Zgodnje odkrivanje te\u017eav lahko prepre\u010di draga popravila in izpade.<\/li>\n<li><strong>Ustrezno mazanje:<\/strong> Zagotovite, da je valj ustrezno mazan v dolo\u010denih intervalih. Uporaba pravilne vrste hidravli\u010dnega olja in upo\u0161tevanje priporo\u010dil proizvajalca za mazanje pomaga ohranjati u\u010dinkovito delovanje.<\/li>\n<li><strong>Zamenjava tesnila:<\/strong> S\u010dasoma se lahko tesnila obrabijo in jih je treba zamenjati. Redni vzdr\u017eevalni na\u010drti morajo vklju\u010devati preglede celovitosti tesnil in na\u010drt za pravo\u010dasno zamenjavo, da se prepre\u010di pu\u0161\u010danje.<\/li>\n<\/ul>\n<h2>Navodila za namestitev<\/h2>\n<p>Pravilna namestitev cilindrov roke je klju\u010dnega pomena za zagotovitev njihove u\u010dinkovitosti in dolge \u017eivljenjske dobe. Najprej previdno poravnajte valj z nosilci in se prepri\u010dajte, da je raven in pravilno name\u0161\u010den. Priporo\u010dljivo je, da za pritrditev cilindra uporabite ustrezne nosilce, da prepre\u010dite nepravilno poravnavo med delovanjem.<\/p>\n<p>Preden privijete vijake, dvakrat preverite poravnavo, da se izognete prekomerni obremenitvi cilindra. Po pritrditvi cilindra priklju\u010dite hidravli\u010dne cevi in \u200b\u200bse prepri\u010dajte, da niso prepognjene ali upognene, kar bi lahko oviralo pretok teko\u010dine. Ko so name\u0161\u010dene, izvedite tla\u010dni preizkus, da potrdite pravilno delovanje cilindra in da ni pu\u0161\u010danja. Ohranjanje pravilne poravnave je klju\u010dnega pomena za prepre\u010devanje obrabe in podalj\u0161anje \u017eivljenjske dobe cilindra roke.<\/p>\n<h2>Pogosta vzdr\u017eevalna opravila<\/h2>\n<ul>\n<li><strong>Redni pregledi:<\/strong> Redno preverjajte stanje valja. Bodite pozorni na znake obrabe, kot so praske na batnici ali pu\u0161\u010danje okoli tesnil. Zgodnje prepoznavanje te\u017eav lahko prepre\u010di resnej\u0161e te\u017eave v prihodnosti.<\/li>\n<li><strong>Ustrezno mazanje:<\/strong> Zagotovite, da je valj ustrezno mazan v skladu s specifikacijami proizvajalca. Za optimalno delovanje uporabljajte priporo\u010deno hidravli\u010dno olje in ga redno ma\u017eite.<\/li>\n<li><strong>Zamenjava tesnila:<\/strong> Spremljajte stanje tesnil in jih po potrebi zamenjajte. To prepre\u010duje pu\u0161\u010danje teko\u010dine in ohranja u\u010dinkovitost hidravli\u010dnega sistema.<\/li>\n<\/ul>\n<p>Pravilna namestitev, mazanje in nastavitev so klju\u010dnega pomena za delovanje cilindra. Med namestitvijo zagotovite, da je valj pravilno poravnan in varno pritrjen z ustreznimi monta\u017enimi nosilci. Redni pregledi, popravila in postopki zamenjave podalj\u0161ajo \u017eivljenjsko dobo cilindrov roke.<\/p>\n<p><img decoding=\"async\" src=\"https:\/\/www.hydraulic-cylinders.net\/wp-content\/uploads\/2025\/04\/songte-chushion-collar.webp\" alt=\"Blazinasti ovratnik\"><\/p>\n<h2>Varnostni vidiki in okoljski dejavniki<\/h2>\n<p>Izvajanje varnostnih ukrepov med delovanjem cilindrov roke je bistvenega pomena za prepre\u010devanje nesre\u010d. Upravljavci morajo biti usposobljeni za varno ravnanje in se zavedati morebitnih nevarnosti, povezanih s hidravli\u010dnimi sistemi. Uporaba ustrezne osebne za\u0161\u010ditne opreme (OZO) in upo\u0161tevanje varnostnih protokolov znatno zmanj\u0161ata tveganja na delovnem mestu.<\/p>\n<h2>Odpravljanje pogostih te\u017eav<\/h2>\n<ul>\n<li><strong>Pu\u0161\u010danje hidravli\u010dne teko\u010dine:<\/strong> Preverite tesnila in priklju\u010dke glede morebitnih znakov pu\u0161\u010danja. Po\u0161kodovana tesnila nemudoma zamenjajte, da prepre\u010dite izgubo hidravli\u010dnega tlaka.<\/li>\n<li><strong>Zmanj\u0161ana zmogljivost:<\/strong> \u010ce je valj po\u010dasen ali se ne odziva, preverite nivo hidravli\u010dne teko\u010dine in morebitne ovire v hidravli\u010dnih ceveh.<\/li>\n<li><strong>Prekomerni hrup:<\/strong> Nenavadni zvoki med delovanjem lahko ka\u017eejo na notranje po\u0161kodbe ali zrak v hidravli\u010dnem sistemu. Odzra\u010dite sistem, da odstranite morebitni ujeti zrak in zagotovite nemoteno delovanje.<\/li>\n<\/ul>\n<p>Hitro odpravljanje teh te\u017eav lahko prepre\u010di ve\u010dje te\u017eave in podalj\u0161a \u017eivljenjsko dobo cilindra roke. Redno vzdr\u017eevanje in pregledi igrajo klju\u010dno vlogo pri zgodnjem odkrivanju morebitnih te\u017eav, kar zagotavlja nemoteno delovanje.<\/p>\n<p><img decoding=\"async\" src=\"https:\/\/www.hydraulic-cylinders.net\/wp-content\/uploads\/2025\/04\/songte-bushings-with-all-kinds-of-excavator-models.webp\" alt=\"Pu\u0161e za bagre\"><\/p>\n<h2>O na\u0161em podjetju<\/h2>\n<p>Smo vodilni proizvajalec nadomestnih hidravli\u010dnih cilindrov in ponujamo \u0161iroko paleto izdelkov, ki ustrezajo tako doma\u010demu kot mednarodnemu trgu. Na\u0161o zavezanost k odli\u010dnosti kakovosti podpirajo izpopolnjene proizvodne strategije v na\u0161ih najsodobnej\u0161ih obratih. Nenehno izbolj\u0161ujemo svoje proizvodne zmogljivosti z vlaganjem v tehni\u010dne talente, napredno digitalno proizvodno opremo in specializirane sisteme za testiranje.<\/p>\n<p>Na\u0161i proizvodni procesi so zasnovani tako, da izpolnjujejo visoke standarde u\u010dinkovitosti, natan\u010dnosti in kakovosti, kar nam omogo\u010da, da zadostimo razli\u010dnim potrebam strank. Ponosni smo na svojo sposobnost zagotavljanja prilagojenih re\u0161itev, ki jih podpirajo mednarodni certifikati, s \u010dimer zagotavljamo, da na\u0161i izdelki ustrezajo svetovnim industrijskim standardom.<\/p>\n<p><img decoding=\"async\" src=\"https:\/\/www.hydraulic-cylinders.net\/wp-content\/uploads\/2025\/04\/songte-company-4.webp\" alt=\"Pregled podjetja\"><br \/>\n<img decoding=\"async\" src=\"https:\/\/www.hydraulic-cylinders.net\/wp-content\/uploads\/2025\/04\/songte-company-3.webp\" alt=\"Napredna proizvodnja\"><\/p>\n<p>Z mo\u010dnim poudarkom na profesionalni storitvi nudimo celovito poprodajno podporo, s \u010dimer zagotavljamo, da na\u0161e stranke prejmejo najvi\u0161jo raven storitev skozi celotno \u017eivljenjsko dobo na\u0161ih izdelkov.<\/p>\n<p>Avtor: lyl<\/p>","protected":false},"excerpt":{"rendered":"<p>Boom Cylinder For Yuchai YC35SR Introduction to Boom Cylinders The Boom Cylinder is a crucial component in hydraulic systems, specifically designed for controlling the movement of buckets in various heavy machinery. This includes excavators, backhoe loaders, and front loaders. It enables the bucket to lift, lower, and tilt, facilitating various material handling tasks. Functionality and [&hellip;]<\/p>","protected":false},"featured_media":17876,"comment_status":"open","ping_status":"closed","template":"","meta":{"_et_pb_use_builder":"","_et_pb_old_content":"","_et_gb_content_width":""},"product_brand":[],"product_cat":[1546],"product_tag":[1547,1496],"class_list":{"0":"post-19583","1":"product","2":"type-product","3":"status-publish","4":"has-post-thumbnail","6":"product_cat-boom-cylinders","7":"product_tag-boom-cylinders","8":"product_tag-hydraulic-cylinders","10":"first","11":"instock","12":"shipping-taxable","13":"product-type-simple"},"amp_enabled":true,"_links":{"self":[{"href":"https:\/\/www.hydraulic-cylinders.net\/sl\/wp-json\/wp\/v2\/product\/19583","targetHints":{"allow":["GET"]}}],"collection":[{"href":"https:\/\/www.hydraulic-cylinders.net\/sl\/wp-json\/wp\/v2\/product"}],"about":[{"href":"https:\/\/www.hydraulic-cylinders.net\/sl\/wp-json\/wp\/v2\/types\/product"}],"replies":[{"embeddable":true,"href":"https:\/\/www.hydraulic-cylinders.net\/sl\/wp-json\/wp\/v2\/comments?post=19583"}],"wp:featuredmedia":[{"embeddable":true,"href":"https:\/\/www.hydraulic-cylinders.net\/sl\/wp-json\/wp\/v2\/media\/17876"}],"wp:attachment":[{"href":"https:\/\/www.hydraulic-cylinders.net\/sl\/wp-json\/wp\/v2\/media?parent=19583"}],"wp:term":[{"taxonomy":"product_brand","embeddable":true,"href":"https:\/\/www.hydraulic-cylinders.net\/sl\/wp-json\/wp\/v2\/product_brand?post=19583"},{"taxonomy":"product_cat","embeddable":true,"href":"https:\/\/www.hydraulic-cylinders.net\/sl\/wp-json\/wp\/v2\/product_cat?post=19583"},{"taxonomy":"product_tag","embeddable":true,"href":"https:\/\/www.hydraulic-cylinders.net\/sl\/wp-json\/wp\/v2\/product_tag?post=19583"}],"curies":[{"name":"delovni list","href":"https:\/\/api.w.org\/{rel}","templated":true}]}}