{"id":19584,"date":"2025-04-07T06:55:58","date_gmt":"2025-04-07T06:55:58","guid":{"rendered":"https:\/\/www.hydraulic-cylinders.net\/product\/boom-cylinder-for-yuchai-yc50-8\/"},"modified":"2025-04-07T06:56:01","modified_gmt":"2025-04-07T06:56:01","slug":"boom-cylinder-for-yuchai-yc50-8","status":"publish","type":"product","link":"https:\/\/www.hydraulic-cylinders.net\/sl\/izdelek\/boom-cylinder-for-yuchai-yc50-8\/","title":{"rendered":"Cilinder roke za Yuchai YC50-8"},"content":{"rendered":"<h1>Cilinder roke za Yuchai YC50-8<\/h1>\n<h2>Pregled izdelka<\/h2>\n<p>Hidravli\u010dni cilinder roke za Yuchai YC50-8 je specializiran hidravli\u010dni cilinder, zasnovan za nadzor gibanja \u017elice v razli\u010dnih te\u017ekih strojih. Ti hidravli\u010dni cilindri igrajo klju\u010dno vlogo v bagrih, bagrih in \u010delnih nakladalnikih, saj omogo\u010dajo dvigovanje, spu\u0161\u010danje in nagibanje \u017elice. Ta funkcionalnost je bistvena za naloge ravnanja z materiali, saj omogo\u010da u\u010dinkovito izkopavanje in prevoz materialov.<\/p>\n<p><img decoding=\"async\" src=\"https:\/\/www.hydraulic-cylinders.net\/wp-content\/uploads\/2025\/04\/songte-company-1.webp\" alt=\"Cilinder roke\" \/><\/p>\n<h3>Kaj je valj z vedrom?<\/h3>\n<p>Hidravli\u010dni cilindri \u017elice so vrsta hidravli\u010dnega cilindra, ki se uporablja predvsem za nadzor gibanja \u017elic na gradbeni opremi. Ta hidravli\u010dna komponenta je zasnovana za uravnavanje tlaka in pretoka hidravli\u010dne teko\u010dine, kar omogo\u010da \u017elici izvajanje razli\u010dnih gibov, bistvenih za u\u010dinkovito delovanje. Pomena cilindrov \u017elice ni mogo\u010de preceniti, saj neposredno vplivajo na u\u010dinkovitost in produktivnost gradbenih in kmetijskih strojev.<\/p>\n<h2>Klju\u010dne lastnosti<\/h2>\n<ul>\n<li><strong>Visoka trdnost in vzdr\u017eljivost:<\/strong> Ti cilindri, izdelani iz visoko trdnega jekla ali aluminija, lahko prenesejo visok tlak in velike obremenitve, zasnovani pa so tako, da prenesejo zahtevna delovna okolja, hkrati pa zmanj\u0161ujejo obrabo in korozijo.<\/li>\n<li><strong>U\u010dinkovito hidravli\u010dno delovanje:<\/strong> Z uporabo hidravli\u010dnega tlaka olja valj roke zagotavlja gladko iztegovanje in vstavljanje, kar omogo\u010da hiter odziv na ukaze upravljavca in zagotavlja mo\u010dne potisne in vle\u010dne sile, primerne za te\u017eka in kompleksna opravila.<\/li>\n<li><strong>Razli\u010dne vrste:<\/strong> Na voljo so v enosmerno delujo\u010di (delujejo v eno smer) in dvosmerno delujo\u010di (delujejo v obe smeri) konfiguraciji, nekateri modeli pa imajo teleskopsko zasnovo za ve\u010dji razteg brez pove\u010danja zunanje velikosti, kar je idealno za aplikacije z omejenim prostorom.<\/li>\n<\/ul>\n<p>Na\u0161e podjetje proizvaja te izdelke in zagotavlja popolne zamenjave za razli\u010dne hidravli\u010dne cilindre.<\/p>\n<p><img decoding=\"async\" src=\"https:\/\/www.hydraulic-cylinders.net\/wp-content\/uploads\/2025\/04\/songte-cylinder-head-with-all-kinds-excavator-models.webp\" alt=\"Modeli bagrov\" \/><\/p>\n<h2>Aplikacije<\/h2>\n<h3>Gradbena oprema<\/h3>\n<p>Pri bagrih so cilindri \u017elice klju\u010dni za kopanje, nakladanje in premikanje zemlje ali ru\u0161evin. Omogo\u010dajo, da \u017elica u\u010dinkovito prodre v zemljo, kar izbolj\u0161a postopek kopanja. Pri bagrih nakladalnikih ti cilindri pomagajo ne le pri izkopavanju, temve\u010d tudi pri dvigovanju, zaradi \u010desar so nepogre\u0161ljivi za ve\u010dopravilnost na gradbi\u0161\u010dih.<\/p>\n<h3>Kmetijska mehanizacija<\/h3>\n<p>Cilindri \u017elice, ki se uporabljajo v \u010delnih nakladalnikih, so odgovorni za zajemanje, dvigovanje in transport zemlje, sena in drugih materialov. Njihova zasnova omogo\u010da natan\u010dno ravnanje z materiali, kar je klju\u010dnega pomena za ohranjanje produktivnosti pri kmetijskih dejavnostih.<\/p>\n<h3>Bagri<\/h3>\n<p>Cilindri \u017elice v bagrih omogo\u010dajo, da \u017elica prodre v tla, kar omogo\u010da u\u010dinkovito kopanje. Ta funkcija je klju\u010dnega pomena pri razli\u010dnih gradbenih projektih, saj pove\u010duje splo\u0161no u\u010dinkovitost strojev pri izkopavanju zemlje.<\/p>\n<h3>Nakladalci<\/h3>\n<p>Pri \u010delnih nakladalnikih ti cilindri pomagajo pri u\u010dinkovitem dvigovanju in razkladanju bremen. Njihovo delovanje neposredno vpliva na hitrost in u\u010dinkovitost ravnanja z materialom, zaradi \u010desar so bistveni sestavni deli pri nakladanju.<\/p>\n<h2>Oblikovalski vidiki<\/h2>\n<ul>\n<li><strong>Nosilnost:<\/strong> Nosilnost hidravli\u010dnega cilindra je izjemnega pomena, saj dolo\u010da najve\u010djo te\u017eo, ki jo lahko valj varno prenese. Ta specifikacija je klju\u010dna za zagotavljanje u\u010dinkovitega delovanja stroja brez tveganja okvare. Hidravli\u010dni cilindri morajo biti zasnovani tako, da prenesejo dolo\u010dene omejitve obremenitve, hkrati pa zagotavljajo zanesljivo delovanje skozi \u010das.<\/li>\n<li><strong>Tesnjenje:<\/strong> U\u010dinkovito tesnjenje je bistvenega pomena za delovanje in dolgo \u017eivljenjsko dobo hidravli\u010dnih cilindrov. Za prepre\u010devanje pu\u0161\u010danja in vzdr\u017eevanje hidravli\u010dnega tlaka se uporabljajo razli\u010dni tesnilni materiali, kot sta poliuretan in nitrilna guma. Pravilno tesnjenje zmanj\u0161uje tudi obrabo, kar prispeva k obratovalni dobi cilindra.<\/li>\n<li><strong>Vzdr\u017eljivost:<\/strong> Na vzdr\u017eljivost cilindra vplivata material, uporabljen pri izdelavi, in proizvodni proces. Visokokakovostni materiali in natan\u010dna izdelava vodijo do izdelkov, ki lahko prenesejo ekstremne pogoje in zagotavljajo dolgoro\u010dno zanesljivost na terenu.<\/li>\n<li><strong>Varnost:<\/strong> V na\u010drt morajo biti vklju\u010dene varnostne funkcije, da se prepre\u010dijo nesre\u010de in okvare opreme. To vklju\u010duje tla\u010dne varnostne ventile in varnostne blokade, ki \u0161\u010ditijo upravljavce in stroje med delovanjem.<\/li>\n<li><strong>Vzdr\u017eevanje:<\/strong> Enostavnost vzdr\u017eevanja je klju\u010dni dejavnik pri izbiri hidravli\u010dnih cilindrov. Zasnove, ki omogo\u010dajo enostaven dostop do komponent za pregled in popravilo, lahko znatno zmanj\u0161ajo \u010das izpada in obratovalne stro\u0161ke za te\u017eko opremo.<\/li>\n<\/ul>\n<p><img decoding=\"async\" src=\"https:\/\/www.hydraulic-cylinders.net\/wp-content\/uploads\/2025\/04\/songte-oil-pipes-and-spare-parts.webp\" alt=\"Oljne cevi in \u200b\u200brezervni deli\" \/><\/p>\n<h2>Tesnjenje in mazanje<\/h2>\n<p>Tesnjenje in mazanje hidravli\u010dnih cilindrov sta klju\u010dnega pomena za njihovo delovanje in dolgo \u017eivljenjsko dobo. Za prepre\u010devanje pu\u0161\u010danja teko\u010dine se uporabljajo razli\u010dna tesnila, kot so tesnila bata in tesnila palic. Ta tesnila so izdelana iz trpe\u017enih materialov, kot sta poliuretan in nitrilna guma, ki sta odporna proti obrabi in zagotavljata u\u010dinkovito tesnjenje. Poleg tega sta ohi\u0161je cilindra in navojni konci fino obdelani za pove\u010danje odpornosti proti obrabi. Redno mazanje s hidravli\u010dnim oljem je potrebno za nemoteno delovanje in zmanj\u0161anje trenja, kar prepre\u010duje prezgodnjo obrabo in okvaro hidravli\u010dnih komponent.<\/p>\n<h2>Vzdr\u017eevalni postopki<\/h2>\n<ul>\n<li><strong>Redni pregledi:<\/strong> Bistveno je izvajati rutinske preglede hidravli\u010dnih cilindrov, da se odkrijejo znaki obrabe, pu\u0161\u010danja ali po\u0161kodb. Zgodnje odkrivanje te\u017eav lahko prepre\u010di ve\u010dje okvare in draga popravila.<\/li>\n<li><strong>Pravilno mazanje:<\/strong> Za nemoteno delovanje je klju\u010dnega pomena, da je hidravli\u010dni valj dobro podmazan z ustrezno koli\u010dino hidravli\u010dnega olja. Nezadostno mazanje lahko povzro\u010di pove\u010dano trenje in obrabo, kar vpliva na delovanje valja.<\/li>\n<li><strong>Zamenjava tesnila:<\/strong> Redno preverjanje in zamenjava tesnil po potrebi lahko prepre\u010di pu\u0161\u010danje teko\u010dine in vzdr\u017euje optimalen hidravli\u010dni tlak. Ta praksa je klju\u010dnega pomena za zagotavljanje dolge \u017eivljenjske dobe in u\u010dinkovitosti hidravli\u010dnega sistema.<\/li>\n<\/ul>\n<h2>Navodila za namestitev<\/h2>\n<p>Pravilna namestitev hidravli\u010dnega cilindra je klju\u010dnega pomena za delovanje in varnost. Najprej se prepri\u010dajte, da so vse komponente \u010diste in brez umazanije. Cilinder pravilno poravnajte s pritrdilnimi to\u010dkami na opremi z ustreznimi pritrdilnimi nosilci, da ga pritrdite na svoje mesto. Upo\u0161tevajte proizvajal\u010deve specifikacije glede nastavitev navora in poravnave. Po namestitvi preverite morebitna pu\u0161\u010danja in se prepri\u010dajte, da hidravli\u010dni sistem deluje pravilno. Pravilna namestitev ne le pove\u010da u\u010dinkovitost delovanja cilindra, temve\u010d tudi podalj\u0161a njegovo \u017eivljenjsko dobo.<\/p>\n<h2>Pogosta vzdr\u017eevalna opravila<\/h2>\n<ul>\n<li><strong>Redni pregledi:<\/strong> Redni pregledi pomagajo odkriti morebitne te\u017eave \u017ee v zgodnji fazi, kar omogo\u010da pravo\u010dasna popravila in zmanj\u0161uje tveganje za okvaro opreme.<\/li>\n<li><strong>Ustrezno mazanje:<\/strong> Zagotavljanje dobrega mazanja hidravli\u010dnega cilindra je bistvenega pomena za njegovo delovanje. Ta praksa zmanj\u0161uje trenje in obrabo, kar vodi do bolj\u0161e zmogljivosti.<\/li>\n<li><strong>Zamenjava tesnila:<\/strong> Redna menjava tesnil pomaga prepre\u010devati pu\u0161\u010danje in vzdr\u017eevati hidravli\u010dni tlak, kar zagotavlja optimalno delovanje hidravli\u010dnega sistema.<\/li>\n<\/ul>\n<h2>Varnostni vidiki in okoljski dejavniki<\/h2>\n<p>Varnostni ukrepi so pri uporabi hidravli\u010dnih cilindrov bistvenega pomena. Upravljavci morajo biti usposobljeni za prepoznavanje morebitnih nevarnosti in zagotavljanje upo\u0161tevanja varnostnih protokolov. Poleg tega ne smemo spregledati vpliva pu\u0161\u010danja hidravli\u010dne teko\u010dine na okolje. Ustrezni zadr\u017eevalni ukrepi in redno vzdr\u017eevanje lahko pomagajo zmanj\u0161ati tveganja, povezana z okvarami hidravli\u010dnega sistema.<\/p>\n<h2>Diagnoza napak in pogoste te\u017eave<\/h2>\n<ul>\n<li><strong>Pu\u0161\u010danje tesnil:<\/strong> Pogosta te\u017eava so pu\u0161\u010dajo\u010da tesnila, kar lahko povzro\u010di izgubo hidravli\u010dnega tlaka. Redni pregledi in pravo\u010dasna zamenjava tesnil lahko prepre\u010dijo to te\u017eavo.<\/li>\n<li><strong>Nedosledno delovanje:<\/strong> \u010ce valj deluje nedosledno, lahko to ka\u017ee na te\u017eavo z nivojem hidravli\u010dne teko\u010dine ali onesna\u017eevalci v teko\u010dini. Redno vzdr\u017eevanje lahko pomaga zagotoviti nemoteno delovanje.<\/li>\n<li><strong>Pregrevanje:<\/strong> Do pregrevanja lahko pride zaradi prevelike obremenitve ali nezadostnega mazanja. Spremljanje obratovalnih pogojev in zagotavljanje ustreznega mazanja sta bistvenega pomena za prepre\u010devanje pregrevanja.<\/li>\n<\/ul>\n<p>Za u\u010dinkovito diagnosticiranje in odpravljanje te\u017eav morajo upravljavci voditi dnevnik delovanja hidravli\u010dnega sistema in redno preverjati delovanje, da bi zgodaj odkrili morebitne te\u017eave. Preventivni ukrepi lahko znatno zmanj\u0161ajo verjetnost nastanka te\u017eav.<\/p>\n<p><img decoding=\"async\" src=\"https:\/\/www.hydraulic-cylinders.net\/wp-content\/uploads\/2025\/04\/songte-bushings-with-all-kinds-of-excavator-models.webp\" alt=\"Pu\u0161e z modeli bagrov\" \/><\/p>\n<h2>Pregled podjetja<\/h2>\n<p>Na\u0161e podjetje je specializirano za proizvodnjo nadomestnih hidravli\u010dnih cilindrov in je postalo eden vodilnih proizvajalcev in veletrgovcev na doma\u010dem in mednarodnem trgu. Dr\u017eimo se strogih standardov kakovosti in uporabljamo napredne proizvodne strategije in tehnologije. Na\u0161a tovarna je opremljena z vrhunsko digitalno proizvodno opremo in profesionalnim sistemom testiranja, s \u010dimer nenehno izbolj\u0161ujemo na\u0161e proizvodne zmogljivosti. Poudarek dajemo u\u010dinkovitosti, natan\u010dnosti in kakovosti, da bi zadovoljili raznolike potrebe na\u0161ih strank.<\/p>\n<p><img decoding=\"async\" src=\"https:\/\/www.hydraulic-cylinders.net\/wp-content\/uploads\/2025\/04\/songte-company-4.webp\" alt=\"Pregled podjetja\" \/><br \/>\n<img decoding=\"async\" src=\"https:\/\/www.hydraulic-cylinders.net\/wp-content\/uploads\/2025\/04\/songte-company-3.webp\" alt=\"Pregled podjetja\" \/><\/p>\n<p>Poleg specializiranih proizvodnih zmogljivosti ponujamo tudi prilagojene storitve, ki so prilagojene specifi\u010dnim zahtevam strank. Na\u0161o zavezanost kakovosti potrjujejo mednarodni certifikati, ki zagotavljajo, da na\u0161i izdelki ustrezajo svetovnim standardom. Na\u0161a poprodajna storitev zagotavlja, da na\u0161e stranke prejemajo stalno podporo, kar \u0161e dodatno utrjuje na\u0161 ugled v panogi.<\/p>\n<p>Avtor: lyl<\/p>","protected":false},"excerpt":{"rendered":"<p>Boom Cylinder For Yuchai YC50-8 Product Overview The Boom Cylinder for Yuchai YC50-8 is a specialized hydraulic cylinder designed to control the movement of the bucket in various heavy machinery. These hydraulic cylinders play a crucial role in excavators, backhoes, and front loaders, enabling the bucket to lift, lower, and tilt. This functionality is essential [&hellip;]<\/p>","protected":false},"featured_media":17877,"comment_status":"open","ping_status":"closed","template":"","meta":{"_et_pb_use_builder":"","_et_pb_old_content":"","_et_gb_content_width":""},"product_brand":[],"product_cat":[1546],"product_tag":[1547,1496],"class_list":{"0":"post-19584","1":"product","2":"type-product","3":"status-publish","4":"has-post-thumbnail","6":"product_cat-boom-cylinders","7":"product_tag-boom-cylinders","8":"product_tag-hydraulic-cylinders","10":"first","11":"instock","12":"shipping-taxable","13":"product-type-simple"},"amp_enabled":true,"_links":{"self":[{"href":"https:\/\/www.hydraulic-cylinders.net\/sl\/wp-json\/wp\/v2\/product\/19584","targetHints":{"allow":["GET"]}}],"collection":[{"href":"https:\/\/www.hydraulic-cylinders.net\/sl\/wp-json\/wp\/v2\/product"}],"about":[{"href":"https:\/\/www.hydraulic-cylinders.net\/sl\/wp-json\/wp\/v2\/types\/product"}],"replies":[{"embeddable":true,"href":"https:\/\/www.hydraulic-cylinders.net\/sl\/wp-json\/wp\/v2\/comments?post=19584"}],"wp:featuredmedia":[{"embeddable":true,"href":"https:\/\/www.hydraulic-cylinders.net\/sl\/wp-json\/wp\/v2\/media\/17877"}],"wp:attachment":[{"href":"https:\/\/www.hydraulic-cylinders.net\/sl\/wp-json\/wp\/v2\/media?parent=19584"}],"wp:term":[{"taxonomy":"product_brand","embeddable":true,"href":"https:\/\/www.hydraulic-cylinders.net\/sl\/wp-json\/wp\/v2\/product_brand?post=19584"},{"taxonomy":"product_cat","embeddable":true,"href":"https:\/\/www.hydraulic-cylinders.net\/sl\/wp-json\/wp\/v2\/product_cat?post=19584"},{"taxonomy":"product_tag","embeddable":true,"href":"https:\/\/www.hydraulic-cylinders.net\/sl\/wp-json\/wp\/v2\/product_tag?post=19584"}],"curies":[{"name":"delovni list","href":"https:\/\/api.w.org\/{rel}","templated":true}]}}