{"id":19589,"date":"2025-04-07T06:56:12","date_gmt":"2025-04-07T06:56:12","guid":{"rendered":"https:\/\/www.hydraulic-cylinders.net\/product\/boom-cylinder-for-yangong-yg70c\/"},"modified":"2025-04-07T06:56:14","modified_gmt":"2025-04-07T06:56:14","slug":"boom-cylinder-for-yangong-yg70c","status":"publish","type":"product","link":"https:\/\/www.hydraulic-cylinders.net\/sl\/izdelek\/boom-cylinder-for-yangong-yg70c\/","title":{"rendered":"Cilinder roke za Yangong YG70C"},"content":{"rendered":"<h1>Cilinder roke za Yangong YG70C<\/h1>\n<h2>Uvod v cilinder roke<\/h2>\n<p>Cilinder roke za Yangong YG70C je specializirana hidravli\u010dna komponenta, zasnovana za upravljanje gibanja \u017elic v razli\u010dnih te\u017ekih strojih, vklju\u010dno z bagri, bagri nakladalniki in \u010delnimi nakladalniki. Ti cilindri omogo\u010dajo dvigovanje, spu\u0161\u010danje in nagibanje \u017elice, zaradi \u010desar so nepogre\u0161ljivi pri nalogah ravnanja z materiali v gradbeni\u0161tvu, kmetijstvu in drugih industrijskih aplikacijah.<\/p>\n<p><img decoding=\"async\" src=\"https:\/\/www.hydraulic-cylinders.net\/wp-content\/uploads\/2025\/04\/songte-company-1.webp\" alt=\"Cilinder roke\" \/><\/p>\n<h3>Definicija in pregled<\/h3>\n<p>Cilindri roke so hidravli\u010dni cilindri, ki se uporabljajo predvsem v te\u017eki mehanizaciji za nadzor gibanja \u017elice. Igrajo klju\u010dno vlogo v hidravli\u010dnih sistemih, saj pretvarjajo hidravli\u010dni tlak v mehansko delo. Tlak hidravli\u010dne teko\u010dine omogo\u010da nemoteno in nadzorovano delovanje, kar opremi omogo\u010da u\u010dinkovito opravljanje natan\u010dnih nalog, kot so kopanje, dvigovanje bremen in odlaganje materialov.<\/p>\n<h2>Zna\u010dilnosti cilindra roke<\/h2>\n<ul>\n<li><strong>Visoka trdnost in vzdr\u017eljivost:<\/strong> Ti cilindri, izdelani iz visoko trdnega jekla ali aluminija, lahko prenesejo visok tlak in velike obremenitve, zaradi \u010desar so primerni za te\u017eke delovne pogoje.<\/li>\n<li><strong>U\u010dinkovito hidravli\u010dno delovanje:<\/strong> Z uporabo hidravli\u010dnega oljnega tlaka zagotavljajo gladko iztegovanje in vstavljanje, odzivajo se na krmilne ukaze in ustvarjajo znatno silo potiska in vle\u010denja.<\/li>\n<li><strong>Razli\u010dne vrste:<\/strong> Na voljo v enosmerni (hidravli\u010dni tlak v eni smeri) ali dvosmerni (hidravli\u010dni tlak v obeh smereh) izvedbi, ki ustreza razli\u010dnim operativnim potrebam.<\/li>\n<li><strong>Prostorsko var\u010dna zasnova:<\/strong> Nekateri modeli imajo teleskopske zasnove, ki omogo\u010dajo ve\u010dji razteg brez pove\u010danja zunanjih dimenzij, kar je idealno za omejene aplikacije.<\/li>\n<li><strong>Obse\u017ena prilagoditev:<\/strong> Na\u0161i izdelki lahko popolnoma nadomestijo razli\u010dne hidravli\u010dne cilindre, prilagojene specifi\u010dnim zahtevam strojev.<\/li>\n<\/ul>\n<p><img decoding=\"async\" src=\"https:\/\/www.hydraulic-cylinders.net\/wp-content\/uploads\/2025\/04\/songte-cylinder-head-with-all-kinds-excavator-models.webp\" alt=\"Zamenjava hidravli\u010dnega cilindra\" \/><\/p>\n<h2>Uporaba cilindra roke<\/h2>\n<h3>Gradbena oprema<\/h3>\n<p>Pri bagrih so cilindri roke klju\u010dni za kopanje, nakladanje in premikanje zemlje ali ru\u0161evin. Zagotavljajo, da \u017elica u\u010dinkovito prodre v tla, kar pove\u010da operativno u\u010dinkovitost.<\/p>\n<h3>Kmetijska mehanizacija<\/h3>\n<p>Pri \u010delnih nakladalnikih se cilindri roke uporabljajo za zajemanje, dvigovanje in prevoz zemlje, sena in razli\u010dnih materialov, kar znatno izbolj\u0161a produktivnost pri kmetijskih opravilih.<\/p>\n<h3>Bagri<\/h3>\n<p>Pri bagrih cilinder roke omogo\u010da, da \u017elica prodre v zemljo, zaradi \u010desar je bistvenega pomena za izkopavanja, saj zagotavlja natan\u010den nadzor nad globino in kotom kopanja.<\/p>\n<h3>Nakladalci<\/h3>\n<p>Pri \u010delnih nakladalnikih cilindri roke pomagajo pri u\u010dinkovitem dvigovanju in razkladanju tovora, kar optimizira potek dela pri ravnanju z materiali in transportu.<\/p>\n<h2>Oblikovalski vidiki in izbirna merila<\/h2>\n<h3>Nosilnost<\/h3>\n<p>Pri izbiri cilindra roke je klju\u010dnega pomena oceniti njegovo nosilnost. Cilinder mora biti sposoben prenesti najve\u010djo pri\u010dakovano obremenitev med delovanjem, da se prepre\u010di okvara in zagotovi varnost. Izra\u010dun najve\u010dje obremenitve vklju\u010duje upo\u0161tevanje ne le te\u017ee materialov, ki se premikajo, temve\u010d tudi dejavnike, kot sta kot delovanja in skupna dvi\u017ena zmogljivost stroja. Ve\u010dja nosilnost omogo\u010da ve\u010djo vsestranskost pri delovanju in lahko znatno pove\u010da produktivnost v zahtevnih okoljih.<\/p>\n<h3>Tesnilni sistemi<\/h3>\n<p>Pravilno tesnjenje je bistvenega pomena za u\u010dinkovito delovanje hidravli\u010dnih valjev. Visokokakovostna tesnila prepre\u010dujejo pu\u0161\u010danje hidravli\u010dne teko\u010dine, kar je klju\u010dnega pomena za vzdr\u017eevanje tlaka v sistemu. Dobro zasnovan tesnilni sistem bo sestavljen iz ve\u010d komponent, vklju\u010dno s tesnili bata in ojnic, izdelanih iz trpe\u017enih materialov, kot sta poliuretan ali nitrilna guma, znana po svoji odpornosti proti obrabi. Redno vzdr\u017eevanje in pravo\u010dasna zamenjava tesnil lahko drasti\u010dno zmanj\u0161ata \u010das izpada in stro\u0161ke vzdr\u017eevanja ter zagotovita dolgo \u017eivljenjsko dobo hidravli\u010dnega sistema.<\/p>\n<h3>Vzdr\u017eljivost in odpornost proti koroziji<\/h3>\n<p>Vzdr\u017eljivost je klju\u010dni dejavnik pri zasnovi cilindrov roke, zlasti pri uporabi v zahtevnih okoljih. Izbira materialov, ki so odporni proti obrabi in koroziji, podalj\u0161a \u017eivljenjsko dobo cilindra. Pogosto se uporabljajo visokotrdna jekla in aluminijeve zlitine, ki so pogosto obdelane ali prevle\u010dene za dodatno za\u0161\u010dito. Poleg tega lahko premi\u0161ljeni oblikovalski vidiki, kot so za\u0161\u010ditni pokrovi ali premazi, za\u0161\u010ditijo cilinder pred okoljskimi dejavniki, kar dodatno pove\u010da njegovo vzdr\u017eljivost in zagotovi dosledno delovanje.<\/p>\n<h3>Varnostne funkcije<\/h3>\n<p>Varnost je pri na\u010drtovanju hidravli\u010dnih cilindrov najpomembnej\u0161a. Vklju\u010ditev funkcij, kot so varnostni ventili, pomaga prepre\u010diti preobremenitev sistema, ki lahko povzro\u010di katastrofalne okvare. Poleg tega zanesljive in\u017eenirske prakse zagotavljajo, da je zasnova v skladu z industrijskimi standardi in predpisi, kar zagotavlja varno delovanje. Izvajanje rednih varnostnih pregledov lahko pomaga tudi pri prepoznavanju morebitnih te\u017eav, preden se stopnjujejo, s \u010dimer se ohranja integriteta tako strojev kot njihovih upravljavcev.<\/p>\n<h3>Vzdr\u017eevanje in servisiranje<\/h3>\n<p>Zasnova hidravli\u010dnega cilindra za enostavno vzdr\u017eevanje in servisiranje je bistvenega pomena za zmanj\u0161anje izpadov. Funkcije, kot so dostopne mazalke, modularne komponente in pregledne kontrolne to\u010dke, omogo\u010dajo u\u010dinkovite vzdr\u017eevalne postopke. Poleg tega zagotavljanje celovite servisne dokumentacije in enostaven dostop do nadomestnih delov zagotavljata, da lahko upravljavci vzdr\u017eujejo nemoteno delovanje svoje opreme z minimalnim naporom.<\/p>\n<p><img decoding=\"async\" src=\"https:\/\/www.hydraulic-cylinders.net\/wp-content\/uploads\/2025\/04\/songte-oil-pipes-and-spare-parts.webp\" alt=\"Deli hidravli\u010dnega cilindra\" \/><\/p>\n<h2>Tesnjenje in mazanje<\/h2>\n<p>U\u010dinkovito tesnjenje in mazanje sta klju\u010dnega pomena za delovanje in dolgo \u017eivljenjsko dobo cilindrov roke. Za prepre\u010devanje pu\u0161\u010danja hidravli\u010dne teko\u010dine in hkrati zagotavljanje nemotenega gibanja se uporabljajo razli\u010dni tesnilni elementi, kot so tesnila bata in palice. Izbira tesnilnih materialov, kot sta poliuretan in nitrilna guma, je klju\u010dnega pomena za vzdr\u017eljivost in odpornost proti obrabi. Poleg tega so povr\u0161inske obdelave ohi\u0161ja cilindra in navojnih koncev skrbno obdelane za izbolj\u0161anje odpornosti proti obrabi. Za ohranjanje optimalne zmogljivosti in prepre\u010devanje notranjih po\u0161kodb je nujno redno dolivanje hidravli\u010dnega olja za mazanje.<\/p>\n<h2>Preventivni vzdr\u017eevalni ukrepi<\/h2>\n<ul>\n<li><strong>Redni pregledi:<\/strong> Redno preverjajte obrabo ali po\u0161kodbe, ki bi lahko ogrozile delovanje in varnost jeklenke.<\/li>\n<li><strong>Pravilno mazanje:<\/strong> Zagotovite, da so vsi gibljivi deli ustrezno namazani, da zmanj\u0161ate trenje in obrabo, pri \u010demer uporabite priporo\u010dena hidravli\u010dna olja.<\/li>\n<li><strong>Zamenjava tesnila:<\/strong> Redno preverjajte celovitost tesnil in obrabljena tesnila nemudoma zamenjajte, da prepre\u010dite pu\u0161\u010danje in ohranite tlak.<\/li>\n<\/ul>\n<h2>Navodila za namestitev<\/h2>\n<p>Pravilna namestitev cilindrov roke je bistvenega pomena za optimalno delovanje. Najprej zagotovite, da so monta\u017ene povr\u0161ine \u010diste in brez umazanije. Za pritrditev cilindra uporabite ustrezne monta\u017ene nosilce in se prepri\u010dajte, da je pravilno poravnan z delovno potjo stroja. Pazljivo upo\u0161tevajte navodila proizvajalca za namestitev in bodite pozorni na specifikacije navora, da prepre\u010dite po\u0161kodbe med delovanjem. Po namestitvi pred polno uporabo temeljito pregledajte in preizkusite delovanje cilindra v nadzorovanih pogojih.<\/p>\n<h2>Pogosta vzdr\u017eevalna opravila<\/h2>\n<ul>\n<li><strong>Redni pregledi:<\/strong> Pogosti vizualni pregledi lahko pomagajo prepoznati morebitne te\u017eave, preden postanejo resne. Med delovanjem bodite pozorni na znake obrabe, pu\u0161\u010danja ali nenavadne zvoke.<\/li>\n<li><strong>Ustrezno mazanje:<\/strong> Za zagotovitev nemotenega delovanja in dolge \u017eivljenjske dobe redno ma\u017eite gibljive dele hidravli\u010dnega sistema. Uporabljajte predpisano hidravli\u010dno olje, kot ga je navedel proizvajalec.<\/li>\n<li><strong>Zamenjava tesnila:<\/strong> Pazite na tesnila glede morebitnih znakov obrabe ali po\u0161kodb. Pravo\u010dasna zamenjava zagotavlja, da hidravli\u010dni sistem vzdr\u017euje tlak in deluje u\u010dinkovito.<\/li>\n<\/ul>\n<p>Pravilna namestitev, mazanje in nastavitev so klju\u010dnega pomena za dolgo \u017eivljenjsko dobo in u\u010dinkovitost cilindra roke. Med namestitvijo zagotovite, da je valj pravilno poravnan, da se izognete prekomerni obremenitvi, in za stabilnost uporabite ustrezne nosilce. Redni pregledi, popravila in postopki zamenjave bistveno prispevajo k podalj\u0161anju \u017eivljenjske dobe hidravli\u010dnih komponent.<\/p>\n<p><img decoding=\"async\" src=\"https:\/\/www.hydraulic-cylinders.net\/wp-content\/uploads\/2025\/04\/songte-chushion-collar.webp\" alt=\"Komponente hidravli\u010dnega cilindra\" \/><\/p>\n<h2>Varnostni vidiki in okoljski dejavniki<\/h2>\n<p>Izvajanje varnostnih ukrepov med uporabo hidravli\u010dnih cilindrov je izjemnega pomena. Upravljavci morajo biti usposobljeni za prepoznavanje morebitnih nevarnosti, povezanih s hidravli\u010dnimi sistemi, kot so nenadna sprostitev tlaka ali okvara opreme. Med servisiranjem ali upravljanjem strojev je treba ves \u010das nositi ustrezno osebno za\u0161\u010ditno opremo (OZO). Poleg tega je treba u\u010dinkovito upravljati okoljske vidike, kot je pu\u0161\u010danje teko\u010din, da se prepre\u010di kontaminacija in zagotovi skladnost z okoljskimi predpisi.<\/p>\n<h2>Odpravljanje te\u017eav in pogoste te\u017eave<\/h2>\n<ul>\n<li><strong>Pu\u0161\u010danje:<\/strong> Preverite tesnila in priklju\u010dke glede obrabe ali po\u0161kodb; po potrebi jih zamenjajte.<\/li>\n<li><strong>Po\u010dasno delovanje:<\/strong> Preverite nivo in kakovost hidravli\u010dne teko\u010dine; prepri\u010dajte se, da v sistemu ni zra\u010dnih mehur\u010dkov.<\/li>\n<li><strong>Neodzivni valj:<\/strong> Preverite hidravli\u010dne povezave in pretok teko\u010dine; preverite morebitne blokade ali mehanske ovire.<\/li>\n<\/ul>\n<p>Nasveti za odpravljanje te\u017eav lahko uporabnikom pomagajo u\u010dinkovito diagnosticirati in odpraviti te\u017eave. \u010ce na primer pride do pu\u0161\u010danja, preverite tesnila in povezave glede morebitnih znakov obrabe ali po\u0161kodb ter jih po potrebi zamenjajte. \u010ce valj deluje po\u010dasi, preverite nivo in kakovost hidravli\u010dne teko\u010dine ter se prepri\u010dajte, da v sistemu ni zra\u010dnih \u017eepov, ki bi lahko ovirali delovanje. Z proaktivnim odpravljanjem teh pogostih te\u017eav lahko uporabniki zmanj\u0161ajo \u010das izpada in ohranijo optimalno delovanje.<\/p>\n<p><img decoding=\"async\" src=\"https:\/\/www.hydraulic-cylinders.net\/wp-content\/uploads\/2025\/04\/songte-bushings-with-all-kinds-of-excavator-models.webp\" alt=\"Hidravli\u010dne komponente\" \/><\/p>\n<h2>O na\u0161em podjetju<\/h2>\n<p>Smo vodilni proizvajalec nadomestnih hidravli\u010dnih cilindrov in ponujamo \u0161iroko paleto izdelkov, ki ustrezajo tako doma\u010demu kot mednarodnemu trgu. Na\u0161a zavezanost odli\u010dnosti nas spodbuja k uvajanju izpopolnjenih proizvodnih procesov, ki jih podpira napredna digitalna oprema in profesionalni sistemi testiranja. Z nenehnim izbolj\u0161evanjem na\u0161e proizvodne platforme in ukrepov za nadzor kakovosti zagotavljamo visoko u\u010dinkovitost, natan\u010dnost in kakovost ter izpolnjujemo raznolike zahteve strank. Na\u0161e strokovno znanje, mednarodni certifikati in storitve prilagajanja \u0161e dodatno izbolj\u0161ujejo na\u0161o ponudbo, kar nam omogo\u010da zagotavljanje vrhunskih izdelkov in zanesljivo poprodajno podporo.<\/p>\n<p><img decoding=\"async\" src=\"https:\/\/www.hydraulic-cylinders.net\/wp-content\/uploads\/2025\/04\/songte-company-4.webp\" alt=\"Pregled podjetja\" \/><br \/>\n<img decoding=\"async\" src=\"https:\/\/www.hydraulic-cylinders.net\/wp-content\/uploads\/2025\/04\/songte-company-3.webp\" alt=\"Proizvodni proces\" \/><\/p>\n<p>Avtor: lyl<\/p>","protected":false},"excerpt":{"rendered":"<p>Boom Cylinder For Yangong YG70C Introduction to Boom Cylinder The Boom Cylinder for Yangong YG70C is a specialized hydraulic component designed to manage the movement of buckets in various heavy machinery, including excavators, backhoe loaders, and front-end loaders. These cylinders facilitate the lifting, lowering, and tilting of the bucket, making them indispensable for material handling [&hellip;]<\/p>","protected":false},"featured_media":17867,"comment_status":"open","ping_status":"closed","template":"","meta":{"_et_pb_use_builder":"","_et_pb_old_content":"","_et_gb_content_width":""},"product_brand":[],"product_cat":[1546],"product_tag":[1547,1496],"class_list":{"0":"post-19589","1":"product","2":"type-product","3":"status-publish","4":"has-post-thumbnail","6":"product_cat-boom-cylinders","7":"product_tag-boom-cylinders","8":"product_tag-hydraulic-cylinders","10":"first","11":"instock","12":"shipping-taxable","13":"product-type-simple"},"amp_enabled":true,"_links":{"self":[{"href":"https:\/\/www.hydraulic-cylinders.net\/sl\/wp-json\/wp\/v2\/product\/19589","targetHints":{"allow":["GET"]}}],"collection":[{"href":"https:\/\/www.hydraulic-cylinders.net\/sl\/wp-json\/wp\/v2\/product"}],"about":[{"href":"https:\/\/www.hydraulic-cylinders.net\/sl\/wp-json\/wp\/v2\/types\/product"}],"replies":[{"embeddable":true,"href":"https:\/\/www.hydraulic-cylinders.net\/sl\/wp-json\/wp\/v2\/comments?post=19589"}],"wp:featuredmedia":[{"embeddable":true,"href":"https:\/\/www.hydraulic-cylinders.net\/sl\/wp-json\/wp\/v2\/media\/17867"}],"wp:attachment":[{"href":"https:\/\/www.hydraulic-cylinders.net\/sl\/wp-json\/wp\/v2\/media?parent=19589"}],"wp:term":[{"taxonomy":"product_brand","embeddable":true,"href":"https:\/\/www.hydraulic-cylinders.net\/sl\/wp-json\/wp\/v2\/product_brand?post=19589"},{"taxonomy":"product_cat","embeddable":true,"href":"https:\/\/www.hydraulic-cylinders.net\/sl\/wp-json\/wp\/v2\/product_cat?post=19589"},{"taxonomy":"product_tag","embeddable":true,"href":"https:\/\/www.hydraulic-cylinders.net\/sl\/wp-json\/wp\/v2\/product_tag?post=19589"}],"curies":[{"name":"delovni list","href":"https:\/\/api.w.org\/{rel}","templated":true}]}}