{"id":19590,"date":"2025-04-07T06:56:14","date_gmt":"2025-04-07T06:56:14","guid":{"rendered":"https:\/\/www.hydraulic-cylinders.net\/product\/boom-cylinder-for-yangong-yg85e\/"},"modified":"2025-04-07T06:56:17","modified_gmt":"2025-04-07T06:56:17","slug":"boom-cylinder-for-yangong-yg85e","status":"publish","type":"product","link":"https:\/\/www.hydraulic-cylinders.net\/sl\/izdelek\/boom-cylinder-for-yangong-yg85e\/","title":{"rendered":"Cilinder roke za Yangong YG85E"},"content":{"rendered":"<h1>Cilinder roke za Yangong YG85E<\/h1>\n<h2>Uvod v cilinder roke<\/h2>\n<p>Cilinder roke je klju\u010dna komponenta hidravli\u010dnih sistemov, posebej zasnovana za upravljanje \u017elic te\u017ekih strojev, kot so bagri, bagri nakladalniki in \u010delni nakladalniki. Ta hidravli\u010dni cilinder igra klju\u010dno vlogo pri nadzoru gibanja \u017elice, kar omogo\u010da dvigovanje, spu\u0161\u010danje in nagibanje. Tak\u0161na funkcionalnost je bistvena pri nalogah ravnanja z materiali v razli\u010dnih panogah, saj pove\u010duje u\u010dinkovitost in produktivnost.<\/p>\n<p><img decoding=\"async\" src=\"https:\/\/www.hydraulic-cylinders.net\/wp-content\/uploads\/2025\/04\/songte-company-1.webp\" alt=\"Slika cilindra roke\"><\/p>\n<h3>Pregled cilindrov z \u017elico<\/h3>\n<p>Valji \u017elic so specializirani hidravli\u010dni cilindri, zasnovani za upravljanje kompleksnih gibov \u017elic na gradbeni opremi. Ti cilindri so sestavni del delovanja te\u017ekih strojev, saj zagotavljajo potrebno silo za u\u010dinkovito ravnanje s bremeni. Z uporabo hidravli\u010dnega tlaka ti cilindri zagotavljajo gladko in hitro gibanje, zaradi \u010desar so nepogre\u0161ljivi v panogah, kot sta gradbeni\u0161tvo in kmetijstvo.<\/p>\n<h2>Zna\u010dilnosti cilindra roke<\/h2>\n<ul>\n<li><strong>Visoka trdnost in vzdr\u017eljivost:<\/strong> Cilinder roke je izdelan iz visoko trdnega jekla ali aluminija in lahko prenese visok tlak in velike obremenitve, zaradi \u010desar je primeren za zahtevna delovna okolja. Njegova zasnova upo\u0161teva odpornost proti obrabi in koroziji, kar podalj\u0161uje njegovo \u017eivljenjsko dobo.<\/li>\n<li><strong>U\u010dinkovito hidravli\u010dno delovanje:<\/strong> Cilinder uporablja hidravli\u010dni tlak olja za gladko iztegovanje in vstavljanje, se hitro odziva na operativne ukaze in zagotavlja znatno potisno in vle\u010dno silo za te\u017eka dvigovanja.<\/li>\n<li><strong>Razli\u010dne vrste:<\/strong> Mo\u017enosti vklju\u010dujejo enosmerno delujo\u010de (hidravli\u010dno v eno smer) ali dvosmerno delujo\u010de (hidravli\u010dno v obe smeri) cilindre, ki ustrezajo razli\u010dnim operativnim potrebam. Nekateri modeli so teleskopski, kar omogo\u010da ve\u010dji razteg brez pove\u010danja zunanjih dimenzij, idealno za omejene prostore.<\/li>\n<li><strong>Izdelava po meri:<\/strong> Ta izdelek izdelujemo tako, da zagotavlja popolno zamenjavo za obstoje\u010de hidravli\u010dne cilindre.<\/li>\n<li><strong>Zagotavljanje kakovosti:<\/strong> Na\u0161i cilindri so podvr\u017eeni strogim testiranjem, da izpolnjujejo stroge standarde kakovosti, kar strankam zagotavlja njihovo zanesljivost in zmogljivost.<\/li>\n<\/ul>\n<p><img decoding=\"async\" src=\"https:\/\/www.hydraulic-cylinders.net\/wp-content\/uploads\/2025\/04\/songte-cylinder-head-with-all-kinds-excavator-models.webp\" alt=\"Slika glave valja roke\"><\/p>\n<h2>Uporaba cilindra roke<\/h2>\n<h3>Gradbena oprema<\/h3>\n<p>Pri bagrih so cilindri roke bistveni za kopanje, nakladanje in premikanje zemlje ali ru\u0161evin, kar pove\u010duje u\u010dinkovitost gradbenih projektov. Pri bagrih nakladalnikih olaj\u0161ajo tako kopanje kot dvigovanje, kar pove\u010duje produktivnost.<\/p>\n<h3>Kmetijska mehanizacija<\/h3>\n<p>Cilindri roke, ki se uporabljajo v \u010delnih nakladalnikih, pomagajo pri zajemanju, dvigovanju in prevozu zemlje, sena in drugih materialov, kar pove\u010duje produktivnost pri kmetijskih delih in zagotavlja u\u010dinkovito opravljanje kmetijskih nalog.<\/p>\n<h3>Bagri<\/h3>\n<p>Cilindri roke omogo\u010dajo bagrom u\u010dinkovito prodiranje v zemljo, kar omogo\u010da u\u010dinkovito kopanje, potrebno pri razli\u010dnih zemeljskih delih.<\/p>\n<h3>Nakladalci<\/h3>\n<p>Pri \u010delnih nakladalnikih so ti cilindri klju\u010dni za u\u010dinkovito dvigovanje in razkladanje tovora, zaradi \u010desar so bistveni za ravnanje z odpadki in prevoz materiala.<\/p>\n<h2>Oblikovalski vidiki in izbirna merila<\/h2>\n<h3>Nosilnost<\/h3>\n<p>Pri izbiri cilindra roke je najpomembnej\u0161a ocena njegove nosilnosti. Cilinder mora biti sposoben prenesti najve\u010djo obremenitev, ki jo pri\u010dakujemo med delovanjem. To vklju\u010duje izra\u010dun te\u017ee materialov, ki se premikajo, in zagotovitev, da lahko hidravli\u010dni cilinder varno obvladuje te te\u017ee. Cilinder z nezadostno nosilnostjo lahko povzro\u010di okvaro, kar predstavlja varnostna tveganja in povzro\u010di izpad delovanja.<\/p>\n<h3>Tesnjenje in vzdr\u017eljivost<\/h3>\n<p>Tehnologija tesnjenja, ki se uporablja v cilindrih roke, je klju\u010dnega pomena za vzdr\u017eevanje hidravli\u010dnega tlaka in prepre\u010devanje pu\u0161\u010danja. Visokokakovostna tesnila zagotavljajo, da hidravli\u010dna teko\u010dina ostane zadr\u017eana, hkrati pa omogo\u010dajo gibanje bata znotraj cilindra. Uporaba vrhunskih materialov, kot sta poliuretan in nitrilna guma, prispeva k odpornosti cilindra proti obrabi, s \u010dimer se pove\u010da njegova splo\u0161na \u017eivljenjska doba in zanesljivost.<\/p>\n<h3>Varnostne funkcije<\/h3>\n<p>Varnost je glavna skrb pri na\u010drtovanju hidravli\u010dnega sistema. Cilindri roke morajo imeti varnostne funkcije za prepre\u010devanje katastrofalnih okvar. To vklju\u010duje varnostne ventile za obvladovanje prekomernega tlaka in zagotavljanje varnega delovanja. Redni pregledi in vzdr\u017eevanje teh varnostnih komponent so bistveni za ohranjanje standardov operativne varnosti, ki \u0161\u010ditijo tako upravljavce kot opremo pred nevarnostmi.<\/p>\n<p><img decoding=\"async\" src=\"https:\/\/www.hydraulic-cylinders.net\/wp-content\/uploads\/2025\/04\/songte-oil-pipes-and-spare-parts.webp\" alt=\"Slika hidravli\u010dnih delov\"><\/p>\n<h2>Tesnjenje in mazanje cilindra roke<\/h2>\n<p>Celovitost tesnil cilindra roke je bistvenega pomena za optimalno delovanje. Za zadr\u017eevanje hidravli\u010dne teko\u010dine se uporabljajo razli\u010dne tesnilne komponente, kot so tesnila bata in palice. Tesnila so obi\u010dajno izdelana iz materialov, odpornih proti obrabi, kot sta poliuretan in nitrilna guma, kar zagotavlja dolgotrajno delovanje. Ohi\u0161je cilindra in navojni konci so natan\u010dno obdelani za pove\u010danje vzdr\u017eljivosti in zmanj\u0161anje obrabe.<\/p>\n<p>Redno mazanje z ustrezno hidravli\u010dno teko\u010dino je klju\u010dnega pomena za ohranjanje delovanja valja. To vklju\u010duje redne preglede in dolivanje hidravli\u010dnega olja, ki ma\u017ee notranje komponente, s \u010dimer se zmanj\u0161a trenje in kopi\u010denje toplote med delovanjem. Pravilno mazanje ne le podalj\u0161a \u017eivljenjsko dobo valja, temve\u010d tudi izbolj\u0161a odzivnost in splo\u0161no u\u010dinkovitost.<\/p>\n<h2>Preventivni vzdr\u017eevalni ukrepi<\/h2>\n<ul>\n<li><strong>Redni pregledi:<\/strong> Redni pregledi cilindra roke lahko pomagajo prepoznati obrabo, preden povzro\u010dijo resnej\u0161e okvare. Bodite pozorni na znake pu\u0161\u010danja, nenavadne zvoke ali zmanj\u0161ano zmogljivost in morebitne te\u017eave nemudoma odpravite.<\/li>\n<li><strong>Ustrezno mazanje:<\/strong> Za prepre\u010devanje prekomerne obrabe je bistveno, da je valj dobro mazan s pravo hidravli\u010dno teko\u010dino. Za ohranjanje optimalne zmogljivosti uporabljajte visokokakovostna hidravli\u010dna olja, primerna za dolo\u010deno uporabo.<\/li>\n<li><strong>Zamenjava tesnila:<\/strong> Tesnila se s\u010dasoma obrabijo in jih bo morda treba zamenjati, da zagotovite, da valj ostane neprepusten. Redno preverjajte tesnila glede znakov po\u0161kodb in jih po potrebi zamenjajte, da ohranite hidravli\u010dni tlak.<\/li>\n<\/ul>\n<h2>Navodila za namestitev cilindra roke<\/h2>\n<p>Pravilna namestitev cilindra roke je klju\u010dnega pomena za zagotovitev optimalne zmogljivosti in varnosti. Najprej se prepri\u010dajte, da so vse komponente \u010diste in brez umazanije. Pravilno poravnajte cilinder, da prepre\u010dite napa\u010dno poravnavo med delovanjem, kar lahko povzro\u010di pospe\u0161eno obrabo ali okvaro. Za trdno pritrditev cilindra uporabite ustrezne nosilce, ki zagotavljajo, da lahko prenese obratovalne sile.<\/p>\n<p>Preden priklju\u010dite hidravli\u010dne cevi, preverite, ali so vsi priklju\u010dki zdru\u017eljivi in \u200b\u200bv dobrem stanju. Ko so priklju\u010deni, odzra\u010dite sistem, da odstranite morebiten zrak, ki lahko ovira delovanje. Na koncu temeljito preizkusite jeklenko v obratovalnih pogojih, da zagotovite, da vse deluje pravilno.<\/p>\n<h2>Vzdr\u017eevalna opravila za cilinder roke<\/h2>\n<h3>Redni pregled<\/h3>\n<p>Redni pregledi so bistveni za zgodnje odkrivanje te\u017eav, ki bi lahko povzro\u010dile okvaro. Upravljavci morajo preveriti znake pu\u0161\u010danja, nenavadne zvoke ali spremembe v delovanju. Zgodnje prepoznavanje te\u017eav lahko prepre\u010di draga popravila in izpade.<\/p>\n<h3>Pravilno mazanje<\/h3>\n<p>Vzdr\u017eevanje pravilne ravni mazanja z ustrezno hidravli\u010dno teko\u010dino je klju\u010dnega pomena za prepre\u010devanje obrabe in zagotavljanje nemotenega delovanja. Upravljavci morajo upo\u0161tevati priporo\u010dila proizvajalca glede vrste teko\u010dine in intervalov menjave, da optimizirajo \u017eivljenjsko dobo cilindra.<\/p>\n<h3>Zamenjava tesnil in preverjanje kalibracije<\/h3>\n<p>Redna menjava tesnil in izvajanje kalibracijskih pregledov sta potrebni za ohranjanje celovitosti hidravli\u010dnega sistema. To zagotavlja u\u010dinkovito in varno delovanje cilindra roke, kar zmanj\u0161uje tveganje pu\u0161\u010danja in izgube tlaka. Upravljavci morajo upo\u0161tevati priporo\u010dene postopke za preverjanje in zamenjavo tesnil ter po potrebi kalibrirati sistem, da zagotovijo natan\u010dno delovanje.<\/p>\n<p><img decoding=\"async\" src=\"https:\/\/www.hydraulic-cylinders.net\/wp-content\/uploads\/2025\/04\/songte-chushion-collar.webp\" alt=\"Slika ovratnika z blazino\"><\/p>\n<h2>Varnostni vidiki in okoljski dejavniki<\/h2>\n<p>Pri upravljanju hidravli\u010dnih cilindrov je bistvenega pomena upo\u0161tevanje varnostnih protokolov. Upravljavci morajo nositi ustrezno osebno za\u0161\u010ditno opremo (OZO) in upo\u0161tevati vse varnostne smernice, da prepre\u010dijo nesre\u010de. Poleg tega upo\u0161tevajte okoljske dejavnike, ki lahko vplivajo na delovanje cilindra, kot so temperaturne spremembe in izpostavljenost agresivnim elementom. Izvajanje ukrepov za ubla\u017eitev teh dejavnikov lahko pove\u010da vzdr\u017eljivost in varnost cilindra.<\/p>\n<h2>Odpravljanje te\u017eav in pogoste te\u017eave<\/h2>\n<ul>\n<li><strong>Pu\u0161\u010danje:<\/strong> \u010ce iz valja pu\u0161\u010da hidravli\u010dna teko\u010dina, to lahko ka\u017ee na obrabljena tesnila ali po\u0161kodovane spoje. Preverite te komponente in jih po potrebi zamenjajte.<\/li>\n<li><strong>Po\u010dasno delovanje:<\/strong> Po\u010dasen odziv lahko ka\u017ee na nizko raven hidravli\u010dne teko\u010dine ali zrak v sistemu. Preverite raven teko\u010dine in odzra\u010dite sistem, da ponovno vzpostavite pravilno delovanje.<\/li>\n<li><strong>Nedosledno gibanje:<\/strong> \u010ce se valj premika neenakomerno, je lahko vzrok nepravilna poravnava ali blokade. Zagotovite pravilno poravnavo in odstranite morebitne ovire v hidravli\u010dnih ceveh.<\/li>\n<\/ul>\n<h2>Nasveti za odpravljanje te\u017eav<\/h2>\n<p>Za u\u010dinkovito diagnosticiranje in odpravljanje te\u017eav z cilindrom roke morajo upravljavci upo\u0161tevati dolo\u010dene korake za odpravljanje te\u017eav. Najprej preverite morebitna pu\u0161\u010danja in preverite nivo hidravli\u010dne teko\u010dine, da zagotovite ustrezen tlak. \u010ce se cilinder premika po\u010dasno ali neenakomerno, preverite, ali je v sistemu zrak, in ga po potrebi odzra\u010dite. Vodenje dnevnika vseh vzdr\u017eevalnih ukrepov in te\u017eav, ki so se pojavile, lahko pomaga pri prepoznavanju vzorcev, ki lahko zahtevajo obse\u017enej\u0161a popravila ali zamenjave.<\/p>\n<p><img decoding=\"async\" src=\"https:\/\/www.hydraulic-cylinders.net\/wp-content\/uploads\/2025\/04\/songte-bushings-with-all-kinds-of-excavator-models.webp\" alt=\"Slika pu\u0161\"><\/p>\n<h2>O na\u0161em podjetju<\/h2>\n<p>Smo vodilni proizvajalec hidravli\u010dnih cilindrov in ponujamo \u0161iroko paleto izdelkov. Na\u0161a zavezanost odli\u010dnosti nas je uveljavila kot enega vodilnih proizvajalcev in veletrgovcev na doma\u010dem in mednarodnem trgu. Dr\u017eimo se strogih standardov kakovosti, ki jih podpirajo natan\u010dne proizvodne strategije. S poudarkom na napredni tehnologiji, usposobljenem osebju in robustnem sistemu zagotavljanja kakovosti nenehno izbolj\u0161ujemo na\u0161e proizvodne zmogljivosti.<\/p>\n<p>Na\u0161e podjetje daje prednost potrebam strank, zagotavlja prilagojene re\u0161itve, mednarodne certifikate in izjemno poprodajno podporo. Z uporabo najsodobnej\u0161e proizvodne opreme in procesov zagotavljamo visoko u\u010dinkovitost, natan\u010dnost in kakovost na\u0161ih izdelkov.<\/p>\n<p><img decoding=\"async\" src=\"https:\/\/www.hydraulic-cylinders.net\/wp-content\/uploads\/2025\/04\/songte-company-4.webp\" alt=\"Slika podjetja\"><br \/>\n<img decoding=\"async\" src=\"https:\/\/www.hydraulic-cylinders.net\/wp-content\/uploads\/2025\/04\/songte-company-3.webp\" alt=\"Slika podjetja\"><\/p>\n<p>Avtor: lyl<\/p>","protected":false},"excerpt":{"rendered":"<p>Boom Cylinder For Yangong YG85E Introduction to Boom Cylinder The Boom Cylinder is a critical component in hydraulic systems, specifically designed for the operation of heavy machinery buckets such as excavators, backhoe loaders, and front loaders. This hydraulic cylinder plays a pivotal role in controlling the movement of the bucket, allowing it to lift, lower, [&hellip;]<\/p>","protected":false},"featured_media":17868,"comment_status":"open","ping_status":"closed","template":"","meta":{"_et_pb_use_builder":"","_et_pb_old_content":"","_et_gb_content_width":""},"product_brand":[],"product_cat":[1546],"product_tag":[1547,1496],"class_list":{"0":"post-19590","1":"product","2":"type-product","3":"status-publish","4":"has-post-thumbnail","6":"product_cat-boom-cylinders","7":"product_tag-boom-cylinders","8":"product_tag-hydraulic-cylinders","10":"first","11":"instock","12":"shipping-taxable","13":"product-type-simple"},"amp_enabled":true,"_links":{"self":[{"href":"https:\/\/www.hydraulic-cylinders.net\/sl\/wp-json\/wp\/v2\/product\/19590","targetHints":{"allow":["GET"]}}],"collection":[{"href":"https:\/\/www.hydraulic-cylinders.net\/sl\/wp-json\/wp\/v2\/product"}],"about":[{"href":"https:\/\/www.hydraulic-cylinders.net\/sl\/wp-json\/wp\/v2\/types\/product"}],"replies":[{"embeddable":true,"href":"https:\/\/www.hydraulic-cylinders.net\/sl\/wp-json\/wp\/v2\/comments?post=19590"}],"wp:featuredmedia":[{"embeddable":true,"href":"https:\/\/www.hydraulic-cylinders.net\/sl\/wp-json\/wp\/v2\/media\/17868"}],"wp:attachment":[{"href":"https:\/\/www.hydraulic-cylinders.net\/sl\/wp-json\/wp\/v2\/media?parent=19590"}],"wp:term":[{"taxonomy":"product_brand","embeddable":true,"href":"https:\/\/www.hydraulic-cylinders.net\/sl\/wp-json\/wp\/v2\/product_brand?post=19590"},{"taxonomy":"product_cat","embeddable":true,"href":"https:\/\/www.hydraulic-cylinders.net\/sl\/wp-json\/wp\/v2\/product_cat?post=19590"},{"taxonomy":"product_tag","embeddable":true,"href":"https:\/\/www.hydraulic-cylinders.net\/sl\/wp-json\/wp\/v2\/product_tag?post=19590"}],"curies":[{"name":"delovni list","href":"https:\/\/api.w.org\/{rel}","templated":true}]}}