{"id":19600,"date":"2025-04-07T06:56:44","date_gmt":"2025-04-07T06:56:44","guid":{"rendered":"https:\/\/www.hydraulic-cylinders.net\/product\/boom-cylinder-for-volwa-small-excavator-dls160-8b-9\/"},"modified":"2025-04-07T06:56:52","modified_gmt":"2025-04-07T06:56:52","slug":"boom-cylinder-for-volwa-small-excavator-dls160-8b-9","status":"publish","type":"product","link":"https:\/\/www.hydraulic-cylinders.net\/sl\/izdelek\/boom-cylinder-for-volwa-small-excavator-dls160-8b-9\/","title":{"rendered":"Cilinder roke za majhen bager Volwa DLS160-8B-9"},"content":{"rendered":"<h1>Cilinder roke za majhen bager Volwa DLS160-8B-9<\/h1>\n<h2>Pregled cilindra roke<\/h2>\n<p>Cilinder roke je klju\u010dna hidravli\u010dna komponenta, zasnovana posebej za nadzor gibanja \u017elice v te\u017ekih strojih, kot so bagri, bagri in \u010delni nakladalniki. Omogo\u010da dvigovanje, spu\u0161\u010danje in nagibanje \u017elice, kar omogo\u010da u\u010dinkovito ravnanje z materiali. V kontekstu Volwa malega bagra DLS160-8B-9 ima cilinder roke bistveno vlogo pri celotni zmogljivosti in funkcionalnosti stroja.<\/p>\n<p><img decoding=\"async\" src=\"https:\/\/www.hydraulic-cylinders.net\/wp-content\/uploads\/2025\/04\/songte-company-1.webp\" alt=\"Cilinder roke\" \/><\/p>\n<h3>Definicija in funkcionalnost<\/h3>\n<p>Hidravli\u010dni cilindri \u017elice so vrsta hidravli\u010dnega cilindra, posebej zasnovanega za krmiljenje gibanja \u017elice na razli\u010dnih te\u017ekih strojih. Ti cilindri uporabljajo hidravli\u010dni tlak za ustvarjanje sile, kar omogo\u010da nemoteno dvigovanje in manevriranje te\u017ekih bremen. Pri uporabi, kot so izkopavanja, gradbeni\u0161tvo in kmetijstvo, sta u\u010dinkovitost in zanesljivost cilindrov roke izjemnega pomena. Zasnovani so tako, da prenesejo visoke tlake in obremenitve, kar zagotavlja optimalno delovanje tudi v te\u017ekih delovnih okoljih.<\/p>\n<h2>Zna\u010dilnosti cilindra roke<\/h2>\n<ul>\n<li><strong>Visoka trdnost in vzdr\u017eljivost:<\/strong> Cilinder roke, ki je obi\u010dajno izdelan iz visoko trdnega jekla ali aluminija, lahko prenese visok tlak in velike obremenitve, zaradi \u010desar je primeren za zahtevne pogoje in podalj\u0161uje \u017eivljenjsko dobo izdelka.<\/li>\n<li><strong>U\u010dinkovito hidravli\u010dno delovanje:<\/strong> Cilinder uporablja hidravli\u010dni tlak teko\u010dine za doseganje gladkega iztegovanja in vle\u010denja ter se hitro odziva na ukaze upravljavca z znatno silo potiska in vle\u010denja.<\/li>\n<li><strong>Razli\u010dne vrste na voljo:<\/strong> Glede na specifi\u010dne operativne potrebe lahko stranke izbirajo med enosmerno delujo\u010dimi (delujejo v eno smer) ali dvosmerno delujo\u010dimi (delujejo v obe smeri) cilindri. Nekateri modeli imajo teleskopsko zasnovo za ve\u010dji izvle\u010dek brez pove\u010danja zunanjih dimenzij.<\/li>\n<li><strong>Odpornost proti koroziji:<\/strong> Zasnovan iz materialov, ki so odporni proti koroziji, cilinder roke zagotavlja dalj\u0161o \u017eivljenjsko dobo in zanesljivost v razli\u010dnih okoljskih pogojih.<\/li>\n<li><strong>Prilagodljive mo\u017enosti:<\/strong> Mo\u017enost prilagajanja specifikacij uporabnikom omogo\u010da, da valj prilagodijo svojim specifi\u010dnim strojem in operativnim zahtevam.<\/li>\n<\/ul>\n<h2>Uporaba cilindra roke<\/h2>\n<h3>Gradbena oprema<\/h3>\n<p>Pri bagrih so cilindri roke klju\u010dni za kopanje, nakladanje in premikanje zemlje ali ru\u0161evin. Njihova vloga je klju\u010dna ne le pri izkopavanju, temve\u010d tudi pri dvigovanju te\u017ekih bremen, kar lahko znatno pove\u010da produktivnost na gradbi\u0161\u010dih.<\/p>\n<h3>Kmetijska mehanizacija<\/h3>\n<p>Cilindri roke, ki se uporabljajo v \u010delnih nakladalnikih, olaj\u0161ajo zajemanje, dvigovanje in transport zemlje, sena in drugih materialov. Njihova u\u010dinkovitost neposredno vpliva na hitrost kmetijskih opravil, kar kmetom omogo\u010da, da kar najbolje izkoristijo svoj delovni \u010das.<\/p>\n<h3>Bagri<\/h3>\n<p>Pri bagrih cilindri roke omogo\u010dajo, da \u017elica u\u010dinkovito prodre v zemljo, kar zagotavlja u\u010dinkovito kopanje. Natan\u010dnost in odzivnost cilindra roke lahko mo\u010dno izbolj\u0161ata splo\u0161no zmogljivost bagra.<\/p>\n<h3>Nakladalci<\/h3>\n<p>Pri \u010delnih nakladalnikih ti cilindri u\u010dinkovito pomagajo pri dvigovanju in razkladanju bremen. Njihova zasnova omogo\u010da mo\u010dno dvigovanje, kar upravljavcem omogo\u010da enostavno in u\u010dinkovito rokovanje s te\u017ekimi materiali.<\/p>\n<h2>Oblikovalski vidiki in izbirna merila<\/h2>\n<ul>\n<li><strong>Nosilnost:<\/strong> Klju\u010dnega pomena je oceniti nosilnost cilindra roke in zagotoviti, da lahko med delovanjem prenese pri\u010dakovane te\u017ee. Zasnova mora upo\u0161tevati koni\u010dne obremenitve, ne da bi pri tem ogrozila varnost ali funkcionalnost.<\/li>\n<li><strong>Mehanizmi za tesnjenje:<\/strong> Celovitost tesnil je klju\u010dnega pomena za prepre\u010devanje pu\u0161\u010danja hidravli\u010dne teko\u010dine, kar lahko povzro\u010di izgubo zmogljivosti in varnostne nevarnosti. Dobro zasnovan tesnilni sistem bo zagotovil u\u010dinkovito delovanje in dolgo \u017eivljenjsko dobo.<\/li>\n<li><strong>Vzdr\u017eljivost:<\/strong> Materiali, uporabljeni pri izdelavi cilindra roke, morajo biti dovolj trpe\u017eni, da so odporni proti obrabi in koroziji, zlasti v zahtevnih okoljih, kjer je izpostavljenost vremenskim vplivom in kemikalijam pogosta.<\/li>\n<li><strong>Varnostne funkcije:<\/strong> Vgradnja varnostnih elementov, kot so tla\u010dni varnostni ventili in varnostne klju\u010davnice, je bistvenega pomena za prepre\u010devanje nesre\u010d in okvar opreme med delovanjem.<\/li>\n<li><strong>Dostopnost vzdr\u017eevanja:<\/strong> Zasnova naj bi omogo\u010dala enostavno vzdr\u017eevanje in popravila, kar bi operaterjem zagotovilo hitro odpravljanje morebitnih te\u017eav brez dalj\u0161ih izpadov.<\/li>\n<\/ul>\n<p><img decoding=\"async\" src=\"https:\/\/www.hydraulic-cylinders.net\/wp-content\/uploads\/2025\/04\/songte-oil-pipes-and-spare-parts.webp\" alt=\"Hidravli\u010dne komponente\" \/><\/p>\n<h2>Tesnjenje in mazanje<\/h2>\n<p>U\u010dinkovitost cilindra roke je mo\u010dno odvisna od uporabljenih sistemov tesnjenja in mazanja. Razli\u010dna tesnila, kot so tesnila bata in tesnila palic, igrajo klju\u010dno vlogo pri ohranjanju celovitosti hidravli\u010dne teko\u010dine. Izbira tesnil iz trpe\u017enih materialov, kot sta poliuretan in nitrilna guma, zagotavlja odpornost proti obrabi. Poleg tega je treba ohi\u0161je cilindra in navojne konce natan\u010dno obdelati, da se pove\u010da odpornost proti obrabi. Redno mazanje z ustreznim hidravli\u010dnim oljem je bistveno za zmanj\u0161anje trenja in podalj\u0161anje \u017eivljenjske dobe cilindra.<\/p>\n<h2>Preventivni vzdr\u017eevalni ukrepi<\/h2>\n<ul>\n<li><strong>Redni pregledi:<\/strong> Redno preverjajte cilindre roke, da zgodaj odkrijete morebitne znake obrabe, pu\u0161\u010danja ali po\u0161kodb. Pravo\u010dasno odkrivanje lahko prepre\u010di draga popravila in podalj\u0161a \u017eivljenjsko dobo opreme.<\/li>\n<li><strong>Mazanje:<\/strong> Zagotovite, da je valj ves \u010das ustrezno mazan. Zanemarjanje mazanja lahko povzro\u010di pove\u010dano trenje in prezgodnjo obrabo, kar na koncu ogrozi delovanje valja.<\/li>\n<li><strong>Zamenjava tesnila:<\/strong> Redno preverjajte in po potrebi zamenjajte tesnila. Obrabljena tesnila lahko povzro\u010dijo pu\u0161\u010danje teko\u010dine, kar vpliva na u\u010dinkovitost in delovanje valja.<\/li>\n<\/ul>\n<h2>Navodila za namestitev<\/h2>\n<p>Pravilna namestitev cilindra roke je klju\u010dnega pomena za zagotovitev optimalnega delovanja. Za\u010dnite s natan\u010dno poravnavo cilindra s pritrdilnimi to\u010dkami na stroju, da prepre\u010dite napetost in neporavnanost. Za pritrditev cilindra na mesto uporabite ustrezne pritrdilne nosilce in zagotovite, da se lahko prosto giblje brez ovir. Pred dokon\u010danjem namestitve je priporo\u010dljivo uporabiti orodja za poravnavo, da zagotovite natan\u010dno pozicioniranje. Vedno upo\u0161tevajte navodila proizvajalca glede specifikacij navora in postopkov priklju\u010ditve ter po namestitvi preverite, ali vse hidravli\u010dne povezave pu\u0161\u010dajo.<\/p>\n<h2>Pogosta vzdr\u017eevalna opravila<\/h2>\n<ul>\n<li><strong>Redni pregledi:<\/strong> Redni pregledi pomagajo pri odkrivanju te\u017eav, preden se stopnjujejo. Poi\u0161\u010dite znake obrabe ali pu\u0161\u010danja in jih takoj odpravite, da se izognete nadaljnjim zapletom.<\/li>\n<li><strong>Pravilno mazanje:<\/strong> Za nemoteno delovanje zagotovite redno mazanje cilindra roke. Uporabljati je treba pravilno vrsto hidravli\u010dne teko\u010dine, sistem pa mora biti napolnjen do ravni, ki jo priporo\u010da proizvajalec.<\/li>\n<li><strong>Zamenjava tesnila:<\/strong> Spremljajte stanje tesnil in jih po potrebi zamenjajte. To je klju\u010dnega pomena za vzdr\u017eevanje hidravli\u010dnega tlaka in prepre\u010devanje pu\u0161\u010danja.<\/li>\n<\/ul>\n<p><img decoding=\"async\" src=\"https:\/\/www.hydraulic-cylinders.net\/wp-content\/uploads\/2025\/04\/songte-chushion-collar.webp\" alt=\"Namestitev cilindra\" \/><\/p>\n<h2>Varnostni vidiki in okoljski dejavniki<\/h2>\n<p>Pri uporabi hidravli\u010dnih cilindrov je izvajanje varnostnih ukrepov bistvenega pomena za za\u0161\u010dito upravljavcev in opreme. Zagotovite, da vse varnostne funkcije delujejo in da je osebje usposobljeno za varne delovne postopke. Pravilno ravnanje s hidravli\u010dnimi teko\u010dinami je prav tako bistveno za zmanj\u0161anje vpliva na okolje. Redno pregledujte hidravli\u010dne sisteme glede pu\u0161\u010danja in zagotovite, da se morebitna razlitja takoj o\u010distijo, da se prepre\u010di kontaminacija.<\/p>\n<h2>Odpravljanje te\u017eav in pogoste te\u017eave<\/h2>\n<ul>\n<li><strong>Pu\u0161\u010danje:<\/strong> Pu\u0161\u010danje hidravli\u010dne teko\u010dine lahko ka\u017ee na obrabljena tesnila ali po\u0161kodovane povezave. Preverite vsa tesnila in priklju\u010dke ter takoj zamenjajte vse okvarjene komponente.<\/li>\n<li><strong>Slaba zmogljivost:<\/strong> \u010ce cilinder roke ne deluje gladko, preverite nivo in kakovost hidravli\u010dne teko\u010dine. Onesna\u017eena ali nizka raven teko\u010dine lahko znatno zmanj\u0161a delovanje.<\/li>\n<li><strong>Nenavadni zvoki:<\/strong> Neznan zvok med delovanjem lahko ka\u017ee na mehanske te\u017eave. Prei\u0161\u010dite vir hrupa in izvedite potrebna popravila, da prepre\u010dite nadaljnjo \u0161kodo.<\/li>\n<\/ul>\n<p>Za u\u010dinkovito diagnosticiranje te\u017eav vodite podroben dnevnik vseh obratovalnih parametrov in vseh nepravilnosti, opa\u017eenih med uporabo. Tak\u0161ni zapisi bodo pomagali prepoznati vzorce in morebitne te\u017eave, preden postanejo resne. S proaktivnimi ukrepi lahko znatno skraj\u0161ate \u010das izpada in podalj\u0161ate \u017eivljenjsko dobo opreme.<\/p>\n<p><img decoding=\"async\" src=\"https:\/\/www.hydraulic-cylinders.net\/wp-content\/uploads\/2025\/04\/songte-bushings-with-all-kinds-of-excavator-models.webp\" alt=\"Deli za bagre\" \/><\/p>\n<h2>Pregled podjetja<\/h2>\n<p>Smo vodilni proizvajalec nadomestnih hidravli\u010dnih cilindrov, znani po \u0161iroki paleti izdelkov tako na doma\u010dem kot mednarodnem trgu. Na\u0161a zavezanost odli\u010dnosti se odra\u017ea v na\u0161ih dovr\u0161enih strategijah upravljanja proizvodnje. Na\u0161o proizvodno platformo nenehno izbolj\u0161ujemo z zaposlovanjem usposobljenega tehni\u010dnega osebja, vlaganjem v vrhunsko digitalno proizvodno opremo in uvajanjem profesionalnih sistemov testiranja. To nam omogo\u010da visoko u\u010dinkovitost, natan\u010dnost in kakovost ter izpolnjujemo razli\u010dne potrebe strank.<\/p>\n<p><img decoding=\"async\" src=\"https:\/\/www.hydraulic-cylinders.net\/wp-content\/uploads\/2025\/04\/songte-company-4.webp\" alt=\"Prostori podjetja\" \/><br \/>\n<img decoding=\"async\" src=\"https:\/\/www.hydraulic-cylinders.net\/wp-content\/uploads\/2025\/04\/songte-company-3.webp\" alt=\"Oprema podjetja\" \/><\/p>\n<h2>Zaklju\u010dek<\/h2>\n<p>Skratka, cilinder roke za majhen bager Volwa DLS160-8B-9 je bistvena komponenta, zasnovana za izbolj\u0161anje zmogljivosti in u\u010dinkovitosti te\u017eke mehanizacije. Z robustnimi lastnostmi, raznoliko uporabo in mo\u017enostjo prilagoditve so na\u0161i hidravli\u010dni cilindri idealna izbira za upravljavce, ki i\u0161\u010dejo zanesljivost in vzdr\u017eljivost svoje opreme.<\/p>\n<p>Avtor: lyl<\/p>","protected":false},"excerpt":{"rendered":"<p>Boom Cylinder For Volwa Small Excavator DLS160-8B-9 Overview of the Boom Cylinder The boom cylinder is a crucial hydraulic component designed specifically to control the movement of the bucket in heavy machinery such as excavators, backhoes, and front loaders. It facilitates the lifting, lowering, and tilting of the bucket, enabling efficient material handling tasks. In [&hellip;]<\/p>","protected":false},"featured_media":17878,"comment_status":"open","ping_status":"closed","template":"","meta":{"_et_pb_use_builder":"","_et_pb_old_content":"","_et_gb_content_width":""},"product_brand":[],"product_cat":[1546],"product_tag":[1547,1496],"class_list":{"0":"post-19600","1":"product","2":"type-product","3":"status-publish","4":"has-post-thumbnail","6":"product_cat-boom-cylinders","7":"product_tag-boom-cylinders","8":"product_tag-hydraulic-cylinders","10":"first","11":"instock","12":"shipping-taxable","13":"product-type-simple"},"amp_enabled":true,"_links":{"self":[{"href":"https:\/\/www.hydraulic-cylinders.net\/sl\/wp-json\/wp\/v2\/product\/19600","targetHints":{"allow":["GET"]}}],"collection":[{"href":"https:\/\/www.hydraulic-cylinders.net\/sl\/wp-json\/wp\/v2\/product"}],"about":[{"href":"https:\/\/www.hydraulic-cylinders.net\/sl\/wp-json\/wp\/v2\/types\/product"}],"replies":[{"embeddable":true,"href":"https:\/\/www.hydraulic-cylinders.net\/sl\/wp-json\/wp\/v2\/comments?post=19600"}],"wp:featuredmedia":[{"embeddable":true,"href":"https:\/\/www.hydraulic-cylinders.net\/sl\/wp-json\/wp\/v2\/media\/17878"}],"wp:attachment":[{"href":"https:\/\/www.hydraulic-cylinders.net\/sl\/wp-json\/wp\/v2\/media?parent=19600"}],"wp:term":[{"taxonomy":"product_brand","embeddable":true,"href":"https:\/\/www.hydraulic-cylinders.net\/sl\/wp-json\/wp\/v2\/product_brand?post=19600"},{"taxonomy":"product_cat","embeddable":true,"href":"https:\/\/www.hydraulic-cylinders.net\/sl\/wp-json\/wp\/v2\/product_cat?post=19600"},{"taxonomy":"product_tag","embeddable":true,"href":"https:\/\/www.hydraulic-cylinders.net\/sl\/wp-json\/wp\/v2\/product_tag?post=19600"}],"curies":[{"name":"delovni list","href":"https:\/\/api.w.org\/{rel}","templated":true}]}}