{"id":19601,"date":"2025-04-07T06:56:53","date_gmt":"2025-04-07T06:56:53","guid":{"rendered":"https:\/\/www.hydraulic-cylinders.net\/product\/boom-cylinder-for-volwa-small-excavator-dls818-9b\/"},"modified":"2025-04-07T06:56:55","modified_gmt":"2025-04-07T06:56:55","slug":"boom-cylinder-for-volwa-small-excavator-dls818-9b","status":"publish","type":"product","link":"https:\/\/www.hydraulic-cylinders.net\/sl\/izdelek\/boom-cylinder-for-volwa-small-excavator-dls818-9b\/","title":{"rendered":"Cilinder roke za majhen bager Volwa DLS818-9B"},"content":{"rendered":"<h1>Cilinder roke za majhen bager Volwa DLS818-9B<\/h1>\n<h2>Pregled izdelka<\/h2>\n<p>Hidravli\u010dni cilinder roke za majhen bager Volwa DLS818-9B je klju\u010dni sestavni del hidravli\u010dnega sistema bagrov. Zasnovan je za nadzor gibanja roke bagra, kar omogo\u010da dvigovanje, spu\u0161\u010danje in nagibanje, kar je bistveno za u\u010dinkovito ravnanje z materiali. Ta hidravli\u010dni cilinder, posebej zasnovan za te\u017eko mehanizacijo, igra klju\u010dno vlogo pri delovanju in funkcionalnosti bagrov, bagrov nakladalnikov in \u010delnih nakladalnikov.<\/p>\n<p><img decoding=\"async\" src=\"https:\/\/www.hydraulic-cylinders.net\/wp-content\/uploads\/2025\/04\/songte-company-1.webp\" alt=\"Cilinder roke za bagre\"><\/p>\n<h3>Razumevanje cilindrov roke<\/h3>\n<p>Hidravli\u010dni valj roke je hidravli\u010dni valj, ki se uporablja za upravljanje gibanja \u017elice ali roke v te\u017ekih strojih. Ti valji so sestavni del delovanja bagrov, bagrov nakladalnikov in \u010delnih nakladalnikov. Omogo\u010dajo dvigovanje, spu\u0161\u010danje in nagibanje roke, kar u\u010dinkovito olaj\u0161a razli\u010dna opravila ravnanja z materiali. Zasnova teh valjev omogo\u010da gladke in nadzorovane gibe, ki so bistveni za zagotavljanje varnosti in u\u010dinkovitosti te\u017ekih operacij.<\/p>\n<h2>Zna\u010dilnosti cilindra roke<\/h2>\n<ul>\n<li><strong>Visoka trdnost in vzdr\u017eljivost:<\/strong> Cilinder roke je izdelan iz visoko trdnega jekla ali aluminija in je zasnovan tako, da prenese visoke tlake in velike obremenitve, zaradi \u010desar je primeren za te\u017eke delovne pogoje. Njegova zasnova vklju\u010duje odpornost proti obrabi in koroziji za podalj\u0161anje njegove \u017eivljenjske dobe.<\/li>\n<li><strong>U\u010dinkovito hidravli\u010dno delovanje:<\/strong> Cilinder uporablja hidravli\u010dni tlak olja za gladko iztegovanje in vstavljanje, kar zagotavlja hiter odziv na ukaze upravljavca. To omogo\u010da zmogljive potisne in vle\u010dne zmogljivosti, idealne za ravnanje s te\u017ekimi materiali in kompleksnimi nalogami.<\/li>\n<li><strong>Razli\u010dne vrste:<\/strong> Na voljo so mo\u017enosti za enosmerno delujo\u010de (hidravli\u010dno delovanje v eno smer) ali dvosmerno delujo\u010de (hidravli\u010dno delovanje v obe smeri) cilindre, ki ustrezajo razli\u010dnim operativnim potrebam. Nekateri modeli imajo teleskopske zasnove, ki omogo\u010dajo ve\u010dji razteg brez pove\u010danja zunanjih dimenzij, kar je idealno za aplikacije z omejenim prostorom.<\/li>\n<li><strong>Izdelava po meri:<\/strong> Specializirani smo za proizvodnjo tega izdelka, kar zagotavlja, da lahko na\u0161i cilindri popolnoma nadomestijo obstoje\u010de hidravli\u010dne cilindre v razli\u010dnih strojih.<\/li>\n<\/ul>\n<p><img decoding=\"async\" src=\"https:\/\/www.hydraulic-cylinders.net\/wp-content\/uploads\/2025\/04\/songte-cylinder-head-with-all-kinds-excavator-models.webp\" alt=\"Modeli bagrov\"><\/p>\n<h2>Uporaba cilindra roke<\/h2>\n<h3>1. Gradbena oprema<\/h3>\n<p>Pri bagrih so cilindri roke bistveni za kopanje, nakladanje in premikanje zemlje ali ru\u0161evin. Omogo\u010dajo stroju u\u010dinkovito opravljanje razli\u010dnih nalog in zagotavljajo nemoten potek delovanja. Pri bagrih nakladalnikih cilinder roke ne pomaga le pri izkopavanju, temve\u010d tudi pri dvigovanju materialov, kar ka\u017ee na njegovo vsestranskost pri gradbenih nalogah.<\/p>\n<h3>2. Kmetijska mehanizacija<\/h3>\n<p>Cilindri roke, ki se uporabljajo v \u010delnih nakladalnikih, olaj\u0161ajo zajemanje, dvigovanje in transport zemlje, sena in drugih materialov. Njihova mo\u010d in natan\u010dnost sta klju\u010dnega pomena za kmetijska opravila, zaradi \u010desar so nepogre\u0161ljivi pri kmetijskih dejavnostih.<\/p>\n<h3>3. Bagri<\/h3>\n<p>Pri bagrih cilinder roke omogo\u010da, da \u017elica u\u010dinkovito prodre v zemljo, kar prispeva k uspe\u0161nemu kopanju. Ta hidravli\u010dni mehanizem je klju\u010dnega pomena za ohranjanje mo\u010di, potrebne za obvladovanje te\u017ekih talnih razmer.<\/p>\n<h3>4. Nakladalci<\/h3>\n<p>Pri \u010delnih nakladalnikih cilindri roke pomagajo pri u\u010dinkovitem dvigovanju in razkladanju bremen. Njihova zasnova zagotavlja enostavno upravljanje te\u017ekih materialov, kar izbolj\u0161uje operativne zmogljivosti nakladalnika.<\/p>\n<h2>Oblikovalski vidiki in standardi izbire<\/h2>\n<h3>Nosilnost<\/h3>\n<p>Nosilnost cilindra roke je najpomembnej\u0161a. Mora biti sposoben prenesti najve\u010djo obremenitev med delovanjem, ne da bi pri tem ogrozil varnost ali zmogljivost. Proizvajalci morajo upo\u0161tevati omejitve te\u017ee glede na opremo, v kateri se bo uporabljal.<\/p>\n<h3>Tesnjenje<\/h3>\n<p>U\u010dinkovito tesnjenje je klju\u010dnega pomena za prepre\u010devanje pu\u0161\u010danja hidravli\u010dne teko\u010dine, ki lahko povzro\u010di okvare sistema in zmanj\u0161a u\u010dinkovitost strojev. Tesnila je treba izbrati glede na njihovo sposobnost, da prenesejo obrabo zaradi okoljskih dejavnikov.<\/p>\n<h3>Vzdr\u017eljivost<\/h3>\n<p>Vzdr\u017eljivost je bistvenega pomena za cilindre roke, saj delujejo v ekstremnih pogojih. Uporabljeni materiali morajo biti odporni proti koroziji in obrabi, kar zagotavlja dolgo \u017eivljenjsko dobo in zanesljivo delovanje v razli\u010dnih okoljih.<\/p>\n<h3>Varnost<\/h3>\n<p>Varnostne funkcije so klju\u010dnega pomena v hidravli\u010dnih sistemih. To vklju\u010duje vgradnjo varnostnih ventilov in varnostnih klju\u010davnic za prepre\u010devanje nenamernih izpustov in zagotavljanje varnosti upravljavca med delovanjem.<\/p>\n<h3>Vzdr\u017eevanje<\/h3>\n<p>Enostavnost vzdr\u017eevanja je pomemben dejavnik pri zasnovi cilindrov roke. Komponente morajo biti dostopne za rutinske preglede in popravila, kar upravljavcem olaj\u0161a vzdr\u017eevanje strojev v optimalnem delovnem stanju.<\/p>\n<p><img decoding=\"async\" src=\"https:\/\/www.hydraulic-cylinders.net\/wp-content\/uploads\/2025\/04\/songte-oil-pipes-and-spare-parts.webp\" alt=\"Hidravli\u010dne komponente\"><\/p>\n<h2>Tesnjenje in mazanje<\/h2>\n<p>Tesnjenje in mazanje sta klju\u010dnega pomena za dolgo \u017eivljenjsko dobo in delovanje cilindra roke. Za vzdr\u017eevanje hidravli\u010dnega tlaka in prepre\u010devanje pu\u0161\u010danja se uporabljajo razli\u010dna tesnila, kot so tesnila bata in tesnila palic. Tesnila iz materialov, kot sta poliuretan in nitrilna guma, so prednostna zaradi svoje vzdr\u017eljivosti in odpornosti proti obrabi. Poleg tega so ohi\u0161je cilindra in navojne povr\u0161ine podvr\u017eene fini obdelavi, ki pove\u010da njihovo odpornost proti obrabi in zagotovi tesno prileganje. Redno mazanje s hidravli\u010dnim oljem je bistveno za zmanj\u0161anje trenja in obrabe ter ohranjanje u\u010dinkovitega delovanja.<\/p>\n<h2>Redni pregledi in preventivno vzdr\u017eevanje<\/h2>\n<ul>\n<li><strong>Pogosti pregledi:<\/strong> Redno preverjajte hidravli\u010dni valj glede pu\u0161\u010danja, obrabe in splo\u0161nega delovanja. To pomaga prepoznati morebitne te\u017eave, preden se stopnjujejo, kar zagotavlja varnost in u\u010dinkovitost delovanja.<\/li>\n<li><strong>Ustrezno mazanje:<\/strong> Prepri\u010dajte se, da je nivo hidravli\u010dnega olja ustrezen in da je uporabljeno olje primerno za delovne pogoje. Pravilno mazanje zmanj\u0161a trenje in podalj\u0161a \u017eivljenjsko dobo cilindra.<\/li>\n<li><strong>Zamenjava tesnila:<\/strong> Spremljajte tesnila glede znakov obrabe ali po\u0161kodb. Redna menjava tesnil po potrebi je klju\u010dnega pomena za prepre\u010devanje pu\u0161\u010danja hidravli\u010dne teko\u010dine in ohranjanje celovitosti sistema.<\/li>\n<\/ul>\n<h2>Navodila za namestitev<\/h2>\n<p>Pravilna namestitev cilindra roke je klju\u010dnega pomena za optimalno delovanje. Najprej zagotovite, da je obmo\u010dje namestitve \u010disto in brez ostankov. Cilinder natan\u010dno poravnajte s pritrdilnimi to\u010dkami na bagru. Uporaba ustreznih pritrdilnih nosilcev za pritrditev cilindra je bistvenega pomena; to prepre\u010duje nepravilno poravnavo med delovanjem. Po namestitvi se prepri\u010dajte, da so vsi vijaki in vijaki priviti v skladu s specifikacijami proizvajalca. Na koncu preizkusite delovanje cilindra, da zagotovite nemoteno gibanje in preverite morebitna pu\u0161\u010danja.<\/p>\n<h2>Pogosta vzdr\u017eevalna opravila<\/h2>\n<h3>1. Redni pregledi<\/h3>\n<p>Redni pregledi so klju\u010dnega pomena za zagotovitev pravilnega delovanja jeklenke. Med delovanjem bodite pozorni na znake obrabe, pu\u0161\u010danja ali kakr\u0161ne koli nenavadne zvoke. Zgodnje odkrivanje te\u017eav lahko prepre\u010di draga popravila in izpade. Za ohranjanje optimalne zmogljivosti na\u010drtujte preglede v priporo\u010denih intervalih ali po intenzivni uporabi.<\/p>\n<h3>2. Pravilno mazanje<\/h3>\n<p>Zagotovite, da je valj roke mazan s pravilnim hidravli\u010dnim oljem. To zmanj\u0161a trenje in obrabo gibljivih delov, kar prispeva k njihovi dolgi \u017eivljenjski dobi. Dolo\u010dite na\u010drt mazanja glede na uporabo in okoljske pogoje ter vedno upo\u0161tevajte priporo\u010dila proizvajalca glede vrste in koli\u010dine olja.<\/p>\n<h3>3. Zamenjava tesnila in preverjanje kalibracije<\/h3>\n<p>Zamenjava tesnil ob prvih znakih obrabe lahko prepre\u010di pu\u0161\u010danje in zagotovi u\u010dinkovito delovanje. Redni pregledi kalibracije so potrebni tudi za ohranjanje natan\u010dnosti hidravli\u010dnih gibov. Upo\u0161tevajte navodila proizvajalca glede intervalov zamenjave in postopkov kalibracije, da ohranite delovanje in zanesljivost valja.<\/p>\n<p><img decoding=\"async\" src=\"https:\/\/www.hydraulic-cylinders.net\/wp-content\/uploads\/2025\/04\/songte-chushion-collar.webp\" alt=\"Blazinasti ovratnik\"><\/p>\n<h2>Varnostni vidiki in okoljski dejavniki<\/h2>\n<p>Izvajanje varnostnih ukrepov pri uporabi cilindrov roke je klju\u010dnega pomena. Upravljavci morajo biti usposobljeni za razumevanje delovanja hidravli\u010dnega sistema in morebitnih nevarnosti. Redni varnostni pregledi lahko prepre\u010dijo nesre\u010de in zagotovijo, da oprema deluje znotraj varnih meja. Poleg tega upo\u0161tevajte vpliv hidravli\u010dnih teko\u010din in drugih uporabljenih materialov na okolje ter se po mo\u017enosti odlo\u010dite za okolju prijazne mo\u017enosti.<\/p>\n<h2>Diagnoza napak in pogoste te\u017eave<\/h2>\n<h3>Diagnoza in re\u0161itve<\/h3>\n<ul>\n<li><strong>Pu\u0161\u010danja:<\/strong> \u010ce hidravli\u010dna teko\u010dina pu\u0161\u010da, preverite, ali so tesnila po\u0161kodovana ali da so povezave zrahljane. Po potrebi zamenjajte tesnila in privijte priklju\u010dke, da prepre\u010dite pu\u0161\u010danje.<\/li>\n<li><strong>Nezadostno gibanje:<\/strong> \u010ce se valj roke ne premika po pri\u010dakovanjih, preverite nivo hidravli\u010dne teko\u010dine in se prepri\u010dajte, da v hidravli\u010dnih ceveh ni blokad.<\/li>\n<li><strong>\u010cudni zvoki:<\/strong> Nenavadni zvoki med delovanjem lahko ka\u017eejo na notranje po\u0161kodbe ali obrabo. Preverite valj za znake okvare in se po potrebi posvetujte s strokovnjakom.<\/li>\n<\/ul>\n<h2>Preventivni ukrepi<\/h2>\n<p>Da bi zmanj\u0161ali morebitne te\u017eave z cilindri roke, izvajajte preventivne ukrepe, kot so redno vzdr\u017eevanje, pravo\u010dasni pregledi in takoj\u0161nja popravila vseh ugotovljenih te\u017eav. Vodenje dnevnika vzdr\u017eevanja lahko pomaga pri spremljanju delovanja in na\u010drtovanju potrebnih pregledov. Izobra\u017eevanje upravljavcev o varnem ravnanju in delovanju bo prav tako zmanj\u0161alo tveganje za po\u0161kodbe in podalj\u0161alo \u017eivljenjsko dobo opreme.<\/p>\n<p><img decoding=\"async\" src=\"https:\/\/www.hydraulic-cylinders.net\/wp-content\/uploads\/2025\/04\/songte-bushings-with-all-kinds-of-excavator-models.webp\" alt=\"Pu\u0161e za bagre\"><\/p>\n<h2>O na\u0161em podjetju<\/h2>\n<p>Smo vodilni proizvajalec in veleprodajni distributer nadomestnih hidravli\u010dnih cilindrov na doma\u010dem in mednarodnem trgu. Na\u0161a \u0161iroka paleta izdelkov, zavezanost kakovosti in napredne proizvodne strategije so nas uveljavile kot enega vodilnih proizvajalcev v panogi. Z izkori\u0161\u010danjem tehni\u010dnega znanja, vrhunske digitalne proizvodne opreme in robustnega sistema zagotavljanja kakovosti nenehno izbolj\u0161ujemo na\u0161o proizvodno platformo, da bi u\u010dinkovito zadovoljili raznolike potrebe strank.<\/p>\n<p><img decoding=\"async\" src=\"https:\/\/www.hydraulic-cylinders.net\/wp-content\/uploads\/2025\/04\/songte-company-4.webp\" alt=\"Pregled podjetja\"><br \/>\n<img decoding=\"async\" src=\"https:\/\/www.hydraulic-cylinders.net\/wp-content\/uploads\/2025\/04\/songte-company-3.webp\" alt=\"Proizvodni obrat\"><\/p>\n<p>Na\u0161a predanost profesionalnosti, mednarodnim certifikatom, storitvam po meri, napredni proizvodni opremi in zanesljivi poprodajni podpori nas lo\u010dijo na trgu. Dajemo prednost zadovoljstvu strank in smo zavezani zagotavljanju visokokakovostnih izdelkov, prilagojenih specifi\u010dnim operativnim potrebam.<\/p>\n<p>Avtor: lyl<\/p>","protected":false},"excerpt":{"rendered":"<p>Boom Cylinder For Volwa Small Excavator DLS818-9B Product Overview The Boom Cylinder for Volwa Small Excavator DLS818-9B is a crucial component in the hydraulic system of excavators. It is designed to control the movement of the excavator&#8217;s boom, allowing for lifting, lowering, and tilting actions essential for efficient material handling tasks. This hydraulic cylinder, specifically [&hellip;]<\/p>","protected":false},"featured_media":17879,"comment_status":"open","ping_status":"closed","template":"","meta":{"_et_pb_use_builder":"","_et_pb_old_content":"","_et_gb_content_width":""},"product_brand":[],"product_cat":[1546],"product_tag":[1547,1496],"class_list":{"0":"post-19601","1":"product","2":"type-product","3":"status-publish","4":"has-post-thumbnail","6":"product_cat-boom-cylinders","7":"product_tag-boom-cylinders","8":"product_tag-hydraulic-cylinders","10":"first","11":"instock","12":"shipping-taxable","13":"product-type-simple"},"amp_enabled":true,"_links":{"self":[{"href":"https:\/\/www.hydraulic-cylinders.net\/sl\/wp-json\/wp\/v2\/product\/19601","targetHints":{"allow":["GET"]}}],"collection":[{"href":"https:\/\/www.hydraulic-cylinders.net\/sl\/wp-json\/wp\/v2\/product"}],"about":[{"href":"https:\/\/www.hydraulic-cylinders.net\/sl\/wp-json\/wp\/v2\/types\/product"}],"replies":[{"embeddable":true,"href":"https:\/\/www.hydraulic-cylinders.net\/sl\/wp-json\/wp\/v2\/comments?post=19601"}],"wp:featuredmedia":[{"embeddable":true,"href":"https:\/\/www.hydraulic-cylinders.net\/sl\/wp-json\/wp\/v2\/media\/17879"}],"wp:attachment":[{"href":"https:\/\/www.hydraulic-cylinders.net\/sl\/wp-json\/wp\/v2\/media?parent=19601"}],"wp:term":[{"taxonomy":"product_brand","embeddable":true,"href":"https:\/\/www.hydraulic-cylinders.net\/sl\/wp-json\/wp\/v2\/product_brand?post=19601"},{"taxonomy":"product_cat","embeddable":true,"href":"https:\/\/www.hydraulic-cylinders.net\/sl\/wp-json\/wp\/v2\/product_cat?post=19601"},{"taxonomy":"product_tag","embeddable":true,"href":"https:\/\/www.hydraulic-cylinders.net\/sl\/wp-json\/wp\/v2\/product_tag?post=19601"}],"curies":[{"name":"delovni list","href":"https:\/\/api.w.org\/{rel}","templated":true}]}}