{"id":19602,"date":"2025-04-07T06:56:55","date_gmt":"2025-04-07T06:56:55","guid":{"rendered":"https:\/\/www.hydraulic-cylinders.net\/product\/boom-cylinder-for-volwa-small-excavator-dls880-8b\/"},"modified":"2025-04-07T06:56:58","modified_gmt":"2025-04-07T06:56:58","slug":"boom-cylinder-for-volwa-small-excavator-dls880-8b","status":"publish","type":"product","link":"https:\/\/www.hydraulic-cylinders.net\/sl\/izdelek\/boom-cylinder-for-volwa-small-excavator-dls880-8b\/","title":{"rendered":"Cilinder roke za majhen bager Volwa DLS880-8B"},"content":{"rendered":"<h1>Cilinder roke za majhen bager Volwa DLS880-8B<\/h1>\n<h2>Pregled izdelka<\/h2>\n<p>Cilinder roke za majhen bager Volwa DLS880-8B je klju\u010dna hidravli\u010dna komponenta, zasnovana za izbolj\u0161anje zmogljivosti bagrov, zlasti pri nadzoru gibanja roke. Ta hidravli\u010dni cilinder igra bistveno vlogo v razli\u010dnih te\u017ekih strojih, kot so bagri, bagri nakladalniki in \u010delni nakladalniki, saj omogo\u010da dvigovanje, spu\u0161\u010danje in nagibanje \u017elice za u\u010dinkovito ravnanje z materiali.<\/p>\n<p>Kot hidravli\u010dni cilinder uporablja tla\u010dno teko\u010dino za ustvarjanje linearnega gibanja, kar omogo\u010da robustne zmogljivosti gibanja, ki so klju\u010dne za gradbena in zemeljska dela. Cilinder \u017elice je zasnovan tako, da prenese znatne obratovalne pritiske in velike obremenitve, zaradi \u010desar je nepogre\u0161ljiv v zahtevnih delovnih okoljih.<\/p>\n<p><img decoding=\"async\" src=\"https:\/\/www.hydraulic-cylinders.net\/wp-content\/uploads\/2025\/04\/songte-company-1.webp\" alt=\"Cilinder roke za bager\"><\/p>\n<h2>Zna\u010dilnosti cilindra roke<\/h2>\n<ul>\n<li><strong>Visoka trdnost in vzdr\u017eljivost:<\/strong> Ta jeklenka, izdelana iz visoko trdnega jekla ali aluminija, je zasnovana tako, da prenese visoke tlake in velike obremenitve, primerna pa je za te\u017eke delovne pogoje. Pri zasnovi upo\u0161teva odpornost proti obrabi in koroziji, kar podalj\u0161uje njeno \u017eivljenjsko dobo.<\/li>\n<li><strong>U\u010dinkovito hidravli\u010dno delovanje:<\/strong> Cilinder omogo\u010da gladko iztegovanje in vle\u010denje s pomo\u010djo hidravli\u010dnega tlaka teko\u010dine, kar zagotavlja hiter odziv na operativne ukaze in zagotavlja znatno silo potiska in vle\u010denja, kar je idealno za opravljanje te\u017ekih in kompleksnih nalog.<\/li>\n<li><strong>Razli\u010dne vrste:<\/strong> Na voljo so v enosmerno delujo\u010dih (delujejo v eno smer) in dvosmerno delujo\u010dih (delujejo v obe smeri) konfiguracijah za razli\u010dne operativne potrebe. Nekateri modeli imajo teleskopske zasnove, ki omogo\u010dajo ve\u010dji razteg brez pove\u010danja zunanjih dimenzij, zaradi \u010desar so primerni za uporabo v omejenem prostoru.<\/li>\n<\/ul>\n<h2>Proizvodne zmogljivosti<\/h2>\n<p>Ta izdelek izdelujemo natan\u010dno in kakovostno, kar zagotavlja, da so na\u0161i hidravli\u010dni cilindri popolna zamenjava za obstoje\u010de modele, saj zagotavljajo robustno delovanje in zanesljivost.<\/p>\n<p><img decoding=\"async\" src=\"https:\/\/www.hydraulic-cylinders.net\/wp-content\/uploads\/2025\/04\/songte-cylinder-head-with-all-kinds-excavator-models.webp\" alt=\"Izdelava hidravli\u010dnih cilindrov\"><\/p>\n<h2>Uporaba cilindra roke<\/h2>\n<h3>Gradbena oprema<\/h3>\n<p>Pri bagrih so cilindri roke bistveni za kopanje, nakladanje in premikanje zemlje ali ru\u0161evin. Njihova sposobnost omogo\u010danja natan\u010dnih gibov je klju\u010dnega pomena za u\u010dinkovita izkopavanja. Poleg tega pri bagrih nakladalnikih ti cilindri pomagajo tako pri kopanju kot pri dvigovanju, zaradi \u010desar so vsestransko orodje na gradbi\u0161\u010dih.<\/p>\n<h3>Kmetijska mehanizacija<\/h3>\n<p>Cilindri roke, ki se uporabljajo v \u010delnih nakladalnikih, so klju\u010dne komponente za zajemanje, dvigovanje in transport zemlje, sena in drugih materialov. Njihove hidromehanske zmogljivosti pove\u010dujejo u\u010dinkovitost kmetijskih operacij, zlasti pri nalogah, ki zahtevajo dvigovanje te\u017ekih bremen ali natan\u010dno odlaganje materialov.<\/p>\n<h3>Bagri<\/h3>\n<p>Pri bagrih cilinder roke omogo\u010da, da \u017elica prodre v zemljo in izvede u\u010dinkovita kopanja. Ta mehanizem je klju\u010dnega pomena za razli\u010dna izkopavanja, saj omogo\u010da operaterjem, da dose\u017eejo \u017eeleno globino kopanja z natan\u010dnostjo in hitrostjo.<\/p>\n<h3>Nakladalci<\/h3>\n<p>Pri \u010delnih nakladalnikih cilindri roke u\u010dinkovito prispevajo k dvigovanju in razkladanju materialov. Njihova zasnova zagotavlja nemoteno delovanje, kar je klju\u010dnega pomena za ohranjanje produktivnosti pri nakladanju.<\/p>\n<h2>Oblikovalski vidiki in standardi izbire<\/h2>\n<h3>Nosilnost<\/h3>\n<p>Nosilnost je klju\u010dni dejavnik pri izbiri cilindra roke. Dolo\u010da, koliko te\u017ee lahko valj podpira, ne da bi pri tem ogrozil celovitost. Proizvajalci morajo natan\u010dno oceniti pri\u010dakovane obremenitve med delovanjem, da zagotovijo, da lahko valj varno prenese zahtevano te\u017eo. Nosilnost mora biti usklajena s specifi\u010dnimi uporabami bagra in zagotavljati ravnovesje med zmogljivostjo in varnostjo.<\/p>\n<h3>Tesnjenje in vzdr\u017eljivost<\/h3>\n<p>Tesnjenje je klju\u010dnega pomena za vzdr\u017eevanje hidravli\u010dnega tlaka in prepre\u010devanje pu\u0161\u010danja. Izbira tesnil, kot so tesnila bata in tesnila palice, pomembno vpliva na delovanje valja. Visokokakovostna tesnila iz materialov, kot sta poliuretan in nitrilna guma, pove\u010dajo vzdr\u017eljivost in odpornost proti obrabi in okoljskim dejavnikom. Poleg tega so ohi\u0161je valja in navojne kon\u010dne povr\u0161ine natan\u010dno obdelane za izbolj\u0161anje odpornosti proti obrabi in podalj\u0161anje \u017eivljenjske dobe.<\/p>\n<h3>Varnost in vzdr\u017eevanje<\/h3>\n<p>Varnostne funkcije so pri zasnovi hidravli\u010dnih cilindrov najpomembnej\u0161e. Vklju\u010ditev elementov, ki prepre\u010dujejo prekomerno raztezanje ali prekomerni tlak, je bistvenega pomena za prepre\u010devanje katastrofalnih okvar. Poleg tega ima enostavno vzdr\u017eevanje klju\u010dno vlogo pri zagotavljanju dolge \u017eivljenjske dobe cilindra. Zasnova mora omogo\u010dati enostaven dostop za preglede in popravila, kar omogo\u010da redno vzdr\u017eevanje brez dalj\u0161ih izpadov.<\/p>\n<p><img decoding=\"async\" src=\"https:\/\/www.hydraulic-cylinders.net\/wp-content\/uploads\/2025\/04\/songte-oil-pipes-and-spare-parts.webp\" alt=\"Komponente hidravli\u010dnega cilindra\"><\/p>\n<h2>Tesnjenje in mazanje<\/h2>\n<p>U\u010dinkovitost hidravli\u010dnega cilindra je v veliki meri odvisna od pravilnega tesnjenja in mazanja. Razli\u010dne tesnilne komponente, vklju\u010dno s tesnili bata in palice, so klju\u010dne za ohranjanje celovitosti tlaka in prepre\u010devanje pu\u0161\u010danja teko\u010dine. Tesnila iz materialov, odpornih proti obrabi, kot sta poliuretan in nitrilna guma, zagotavljajo dolgo \u017eivljenjsko dobo in zanesljivost. Poleg tega sta ohi\u0161je cilindra in navojne kon\u010dne povr\u0161ine natan\u010dno obdelani za ve\u010djo vzdr\u017eljivost in odpornost na te\u017eke pogoje.<\/p>\n<p>Redno mazanje je bistvenega pomena za nemoteno delovanje. Ob\u010dasno je treba dolivati \u200b\u200bhidravli\u010dno olje, da se zmanj\u0161a trenje in obraba med gibljivimi deli. Ta praksa ne le podalj\u0161a \u017eivljenjsko dobo cilindra, temve\u010d tudi optimizira njegovo delovanje med delovanjem. Zanemarjanje mazanja lahko povzro\u010di znatne te\u017eave pri delovanju in draga popravila.<\/p>\n<h2>Preventivni vzdr\u017eevalni ukrepi<\/h2>\n<ul>\n<li><strong>Redni pregledi:<\/strong> Redni pregledi hidravli\u010dnega sistema lahko odkrijejo morebitne te\u017eave, preden se stopnjujejo. Med delovanjem bodite pozorni na znake obrabe, pu\u0161\u010danja ali nenavadne zvoke. Zgodnje odkrivanje lahko prepre\u010di drage okvare in zagotovi optimalno delovanje.<\/li>\n<li><strong>Ustrezno mazanje:<\/strong> Zagotavljanje ustreznega mazanja hidravli\u010dnega cilindra je klju\u010dnega pomena za u\u010dinkovito delovanje. Uporabljajte priporo\u010deno vrsto hidravli\u010dnega olja in vzdr\u017eujte ustrezno raven olja, da zmanj\u0161ate trenje in obrabo komponent.<\/li>\n<li><strong>Zamenjava tesnila:<\/strong> S\u010dasoma se lahko tesnila obrabijo in jih je treba zamenjati. Redno preverjajte stanje tesnil in jih po potrebi zamenjajte, da ohranite hidravli\u010dno celovitost in prepre\u010dite pu\u0161\u010danje.<\/li>\n<\/ul>\n<h2>Pravilna navodila za namestitev<\/h2>\n<p>Pravilna namestitev cilindra roke je klju\u010dnega pomena za zagotovitev njegove optimalne zmogljivosti in dolge \u017eivljenjske dobe. Najprej pravilno poravnajte cilinder s pritrdilnimi to\u010dkami na bagru. Za pritrditev cilindra uporabite ustrezne pritrdilne nosilce, da prepre\u010dite morebitno nepravilno poravnavo med delovanjem. Klju\u010dnega pomena je, da upo\u0161tevate proizvajal\u010deve specifikacije glede nastavitev navora in na\u010dinov pritrditve, da se izognete prekomerni obremenitvi cilindra.<\/p>\n<p>Med namestitvijo se prepri\u010dajte, da so hidravli\u010dne povezave varne in ne pu\u0161\u010dajo. Preverite vse cevi in \u200b\u200bpriklju\u010dke glede znakov po\u0161kodb ali obrabe ter zamenjajte vse komponente, ki ne ustrezajo varnostnim standardom. Po namestitvi temeljito preverite sistem, da se prepri\u010date, da valj deluje gladko in u\u010dinkovito, preden opremo ponovno za\u017eenete. Pravilna poravnava in namestitev sta klju\u010dnega pomena za podalj\u0161anje \u017eivljenjske dobe valja roke.<\/p>\n<p><img decoding=\"async\" src=\"https:\/\/www.hydraulic-cylinders.net\/wp-content\/uploads\/2025\/04\/songte-chushion-collar.webp\" alt=\"Namestitev cilindra roke\"><\/p>\n<h2>Varnostni vidiki in okoljski dejavniki<\/h2>\n<p>Varnost je najpomembnej\u0161a pri upravljanju hidravli\u010dnih cilindrov, zlasti pri te\u017ekih strojih, kot so bagri. Izvajanje varnostnih ukrepov, kot sta ustrezno usposabljanje upravljavcev in redni varnostni pregledi, lahko znatno zmanj\u0161a tveganje za nesre\u010de. Upravljavci morajo biti seznanjeni z zmogljivostmi in omejitvami hidravli\u010dnega sistema, da prepre\u010dijo preobremenitev in zagotovijo varno delovanje.<\/p>\n<p>Okoljski dejavniki igrajo klju\u010dno vlogo tudi pri dolgi \u017eivljenjski dobi in delovanju hidravli\u010dnih cilindrov. Izpostavljenost ekstremnim temperaturam, vlagi in korozivnim snovem lahko oslabi tesnila in komponente. Izbira pravih materialov in za\u0161\u010ditnih premazov lahko zmanj\u0161a ta tveganja in zagotovi, da cilinder ostane funkcionalen in zanesljiv kljub okoljskim izzivom.<\/p>\n<h2>Odpravljanje pogostih te\u017eav<\/h2>\n<ul>\n<li><strong>Pu\u0161\u010danje hidravli\u010dne teko\u010dine:<\/strong> Pu\u0161\u010danje lahko nastane zaradi obrabljenih tesnil ali po\u0161kodovanih cevi. Redno pregledujte hidravli\u010dni sistem glede znakov pu\u0161\u010danja in takoj zamenjajte vse po\u0161kodovane komponente.<\/li>\n<li><strong>Po\u010dasno gibanje valja:<\/strong> \u010ce se valj odziva po\u010dasi, to lahko ka\u017ee na nizko raven hidravli\u010dne teko\u010dine ali na ujet zrak v sistemu. Preverite raven teko\u010dine in po potrebi odzra\u010dite sistem, da zagotovite pravilno delovanje.<\/li>\n<li><strong>Nenavadni zvoki:<\/strong> Zvoki, kot sta \u0161kripanje ali cviljenje, lahko ka\u017eejo na mehanske te\u017eave v cilindru. Prei\u0161\u010dite vir hrupa in opravite potrebna popravila, da prepre\u010dite nadaljnjo \u0161kodo.<\/li>\n<\/ul>\n<h2>Nasveti za u\u010dinkovito odpravljanje te\u017eav<\/h2>\n<p>Za u\u010dinkovito diagnosticiranje in odpravljanje te\u017eav z cilindrom roke je bistvenega pomena sistemati\u010den pristop. Za\u010dnite z identifikacijo simptomov in njihovo povezavo z morebitnimi vzroki. Vodite podroben dnevnik vseh te\u017eav in opravljenih popravil, kar vam lahko pomaga pri prihodnjih prizadevanjih za odpravljanje te\u017eav.<\/p>\n<p>Redno vzdr\u017eevanje in pregledi lahko znatno zmanj\u0161ajo verjetnost nastanka te\u017eav. Za ohranjanje optimalne zmogljivosti izvajajte preventivne ukrepe, kot so redni pregledi tesnil, cevi in \u200b\u200bnivoja teko\u010din. Poleg tega lahko usposabljanje upravljavcev o prepoznavanju zgodnjih opozorilnih znakov pomaga pri re\u0161evanju te\u017eav, preden se stopnjujejo.<\/p>\n<p><img decoding=\"async\" src=\"https:\/\/www.hydraulic-cylinders.net\/wp-content\/uploads\/2025\/04\/songte-bushings-with-all-kinds-of-excavator-models.webp\" alt=\"Deli hidravli\u010dnega cilindra\"><\/p>\n<h2>O na\u0161em podjetju<\/h2>\n<p>Smo vodilni proizvajalec hidravli\u010dnih cilindrov, specializiran za proizvodnjo visokokakovostnih nadomestnih delov za razli\u010dne te\u017eke stroje. Na\u0161a \u0161iroka paleta izdelkov nas uvr\u0161\u010da med vodilne proizvajalce in veleprodajne distributerje tako na doma\u010dem kot na mednarodnem trgu. Dr\u017eimo se strogih standardov kakovosti, uporabljamo fine proizvodne procese in napredne strategije upravljanja proizvodnje.<\/p>\n<p>Na\u0161e podjetje se pona\u0161a s svojim tehni\u010dnim znanjem in izku\u0161njami, saj uporablja najsodobnej\u0161o digitalno proizvodno opremo in profesionalne sisteme za testiranje, s \u010dimer izbolj\u0161uje na\u0161e proizvodne zmogljivosti. Nenehno izbolj\u0161ujemo na\u0161o proizvodno platformo, da bi zagotovili visoko u\u010dinkovitost, natan\u010dnost in kakovost ter odli\u010dno zadovoljili raznolike potrebe na\u0161ih strank.<\/p>\n<p>Ponujamo re\u0161itve po meri, prilagojene specifi\u010dnim zahtevam, ki jih podpirajo mednarodni certifikati, ki zagotavljajo zanesljivost izdelkov. Na\u0161a robustna poprodajna storitev zagotavlja zadovoljstvo strank in u\u010dinkovito obravnava vsa vpra\u0161anja ali pomisleke.<\/p>\n<p><img decoding=\"async\" src=\"https:\/\/www.hydraulic-cylinders.net\/wp-content\/uploads\/2025\/04\/songte-company-4.webp\" alt=\"Pregled podjetja\"><br \/>\n<img decoding=\"async\" src=\"https:\/\/www.hydraulic-cylinders.net\/wp-content\/uploads\/2025\/04\/songte-company-3.webp\" alt=\"Napredni proizvodni obrat\"><\/p>\n<p>Avtor: lyl<\/p>","protected":false},"excerpt":{"rendered":"<p>Boom Cylinder For Volwa Small Excavator DLS880-8B Product Overview The Boom Cylinder for Volwa Small Excavator DLS880-8B is a crucial hydraulic component designed to enhance the performance of excavators, specifically in controlling the movement of the boom. This hydraulic cylinder plays an essential role in various heavy machinery, such as excavators, backhoe loaders, and front-end [&hellip;]<\/p>","protected":false},"featured_media":17880,"comment_status":"open","ping_status":"closed","template":"","meta":{"_et_pb_use_builder":"","_et_pb_old_content":"","_et_gb_content_width":""},"product_brand":[],"product_cat":[1546],"product_tag":[1547,1496],"class_list":{"0":"post-19602","1":"product","2":"type-product","3":"status-publish","4":"has-post-thumbnail","6":"product_cat-boom-cylinders","7":"product_tag-boom-cylinders","8":"product_tag-hydraulic-cylinders","10":"first","11":"instock","12":"shipping-taxable","13":"product-type-simple"},"amp_enabled":true,"_links":{"self":[{"href":"https:\/\/www.hydraulic-cylinders.net\/sl\/wp-json\/wp\/v2\/product\/19602","targetHints":{"allow":["GET"]}}],"collection":[{"href":"https:\/\/www.hydraulic-cylinders.net\/sl\/wp-json\/wp\/v2\/product"}],"about":[{"href":"https:\/\/www.hydraulic-cylinders.net\/sl\/wp-json\/wp\/v2\/types\/product"}],"replies":[{"embeddable":true,"href":"https:\/\/www.hydraulic-cylinders.net\/sl\/wp-json\/wp\/v2\/comments?post=19602"}],"wp:featuredmedia":[{"embeddable":true,"href":"https:\/\/www.hydraulic-cylinders.net\/sl\/wp-json\/wp\/v2\/media\/17880"}],"wp:attachment":[{"href":"https:\/\/www.hydraulic-cylinders.net\/sl\/wp-json\/wp\/v2\/media?parent=19602"}],"wp:term":[{"taxonomy":"product_brand","embeddable":true,"href":"https:\/\/www.hydraulic-cylinders.net\/sl\/wp-json\/wp\/v2\/product_brand?post=19602"},{"taxonomy":"product_cat","embeddable":true,"href":"https:\/\/www.hydraulic-cylinders.net\/sl\/wp-json\/wp\/v2\/product_cat?post=19602"},{"taxonomy":"product_tag","embeddable":true,"href":"https:\/\/www.hydraulic-cylinders.net\/sl\/wp-json\/wp\/v2\/product_tag?post=19602"}],"curies":[{"name":"delovni list","href":"https:\/\/api.w.org\/{rel}","templated":true}]}}