{"id":19605,"date":"2025-04-07T06:57:03","date_gmt":"2025-04-07T06:57:03","guid":{"rendered":"https:\/\/www.hydraulic-cylinders.net\/product\/boom-cylinder-for-volwa-small-excavator-dls815-9\/"},"modified":"2025-04-07T06:57:05","modified_gmt":"2025-04-07T06:57:05","slug":"boom-cylinder-for-volwa-small-excavator-dls815-9","status":"publish","type":"product","link":"https:\/\/www.hydraulic-cylinders.net\/sl\/izdelek\/boom-cylinder-for-volwa-small-excavator-dls815-9\/","title":{"rendered":"Cilinder roke za majhen bager Volwa DLS815-9"},"content":{"rendered":"<h1>Cilinder roke za majhen bager Volwa DLS815-9<\/h1>\n<h2>Uvod v cilindre roke<\/h2>\n<p>Cilinder roke je klju\u010dni sestavni del hidravli\u010dnih sistemov, zlasti v te\u017ekih strojih, kot so bagri, bagri nakladalniki in \u010delni nakladalniki. Ta hidravli\u010dni cilinder nadzoruje gibanje roke roke, kar ji omogo\u010da dvigovanje, spu\u0161\u010danje in nagibanje, s \u010dimer olaj\u0161a razli\u010dna opravila ravnanja z materiali. Cilinder \u017elice je posebej zasnovan za upravljanje delovanja \u017elice, pritrjene na te stroje. U\u010dinkovito deluje v pogojih visokega tlaka in je bistvenega pomena za opravila, kot so kopanje, dvigovanje in premikanje materialov, kot so zemlja ali ru\u0161evine.<\/p>\n<p><img decoding=\"async\" src=\"https:\/\/www.hydraulic-cylinders.net\/wp-content\/uploads\/2025\/04\/songte-company-1.webp\" alt=\"Cilinder roke\"><\/p>\n<h2>Klju\u010dne zna\u010dilnosti cilindra roke<\/h2>\n<ul>\n<li><strong>Visoka trdnost in vzdr\u017eljivost:<\/strong> Ta jeklenka, izdelana iz visoko trdnega jekla ali aluminija, lahko prenese visok tlak in velike obremenitve, zaradi \u010desar je primerna za zahtevna delovna okolja.<\/li>\n<li><strong>U\u010dinkovito hidravli\u010dno delovanje:<\/strong> Uporablja hidravli\u010dni tlak olja za zagotavljanje gladkega iztegovanja in vvla\u010devanja, hiter odziv na krmilne ukaze, hkrati pa zagotavlja znatno potisno in vle\u010dno silo.<\/li>\n<li><strong>Razli\u010dne vrste:<\/strong> Na voljo v enojno ali dvostransko delujo\u010di konfiguraciji za razli\u010dne operativne potrebe. Nekateri modeli so teleskopski, kar omogo\u010da ve\u010dji izvle\u010dek brez pove\u010danja zunanjih dimenzij.<\/li>\n<li><strong>Vzdr\u017eevalno prijazna zasnova:<\/strong> Zasnovan za enostavno vzdr\u017eevanje, kar zagotavlja dolgo \u017eivljenjsko dobo in zanesljivo delovanje.<\/li>\n<li><strong>Odpornost proti koroziji:<\/strong> Za za\u0161\u010dito pred rjo in obrabo se nanesejo posebni premazi, ki podalj\u0161ujejo \u017eivljenjsko dobo hidravli\u010dnega cilindra.<\/li>\n<\/ul>\n<p>Na\u0161e podjetje je specializirano za proizvodnjo cilindrov roke, ki popolnoma nadomestijo obstoje\u010de hidravli\u010dne cilindre v razli\u010dnih aplikacijah.<\/p>\n<p><img decoding=\"async\" src=\"https:\/\/www.hydraulic-cylinders.net\/wp-content\/uploads\/2025\/04\/songte-cylinder-head-with-all-kinds-excavator-models.webp\" alt=\"Modeli bagrov\"><\/p>\n<h2>Uporaba cilindrov roke<\/h2>\n<h3>Gradbena oprema<\/h3>\n<p>Pri bagrih so cilindri roke bistveni za kopanje, nakladanje in premikanje zemlje ali ru\u0161evin. Natan\u010den nadzor, ki ga zagotavljajo, omogo\u010da upravljavcem, da opravljajo naloge z visoko natan\u010dnostjo, kar pove\u010duje splo\u0161no produktivnost na gradbi\u0161\u010dih. Poleg tega pri bagrih nakladalnikih ti cilindri pomagajo tako pri izkopavanju kot pri dvigovanju, zaradi \u010desar so neprecenljivi za vsestranske gradbene aplikacije.<\/p>\n<h3>Kmetijska mehanizacija<\/h3>\n<p>Pri \u010delnih nakladalnikih se cilindri roke uporabljajo za zajemanje, dvigovanje in prevoz zemlje, sena in drugih materialov. Njihova robustna zasnova zagotavlja, da lahko prenesejo obremenitve kmetijskih del in zagotavljajo zanesljivo delovanje pri nalogah, ki so klju\u010dne za kmetijsko delovanje. Zmo\u017enost u\u010dinkovitega upravljanja ravnanja z materiali izbolj\u0161a splo\u0161no produktivnost kmetije in u\u010dinkovitost delovanja.<\/p>\n<h3>Bagri<\/h3>\n<p>In excavators, the boom cylinder enables the bucket to penetrate the soil, facilitating efficient digging operations. The hydraulic precision allows for depth control and accuracy, essential for construction and landscaping projects where detail is critical. The responsiveness of the boom cylinder enhances an operator&#8217;s control over the machinery, leading to better outcomes in excavation projects.<\/p>\n<h3>Nakladalci<\/h3>\n<p>Pri \u010delnih nakladalnikih cilindri roke pomagajo pri u\u010dinkovitem dvigovanju in razkladanju bremen. Zagotavljajo potrebno silo za dvigovanje te\u017ekih materialov, kar omogo\u010da upravljavcem u\u010dinkovito upravljanje nalog, kot so nakladanje tovornjakov ali premikanje materialov po delovnem mestu. Zaradi svoje vzdr\u017eljivosti in zanesljivosti so bistveni sestavni del pri razli\u010dnih nakladalnih opravilih.<\/p>\n<h2>Oblikovalski vidiki in izbirna merila<\/h2>\n<h3>Nosilnost<\/h3>\n<p>Pri izbiri cilindra roke je klju\u010dnega pomena razumevanje njegove nosilnosti. Cilinder mora biti sposoben prenesti najve\u010djo obremenitev, ki se pri\u010dakuje med delovanjem, ne da bi pri tem ogrozili varnost. Proizvajalci pogosto zagotovijo podrobne specifikacije, ki uporabnikom pomagajo prilagoditi cilinder svoji opremi in zagotoviti, da izpolnjuje zahteve dela.<\/p>\n<h3>Tesnilni mehanizmi<\/h3>\n<p>U\u010dinkovito tesnjenje je klju\u010dnega pomena za dolgo \u017eivljenjsko dobo in delovanje hidravli\u010dnih cilindrov. Pri izbiri tesnil, kot so tesnila bata in ojnice, je treba upo\u0161tevati delovne pogoje. Tesnila iz trpe\u017enih materialov, kot sta poliuretan ali nitrilna guma, izbolj\u0161ajo delovanje in zmanj\u0161ajo potrebe po vzdr\u017eevanju, hkrati pa prepre\u010dujejo pu\u0161\u010danje teko\u010dine, ki lahko povzro\u010di te\u017eave z delovanjem.<\/p>\n<h3>Vzdr\u017eljivost<\/h3>\n<p>Vzdr\u017eljivost je klju\u010dni dejavnik pri zasnovi cilindrov roke. Prenesti morajo ostre okoljske razmere in obrabo, povezano z intenzivno uporabo. Proizvajalci se osredoto\u010dajo na izdelavo cilindrov z visoko odpornostjo proti obrabi, protikorozijskimi premazi in robustno konstrukcijo, da zagotovijo dolgo \u017eivljenjsko dobo in minimalne izpade med delovanjem.<\/p>\n<h3>Varnostne funkcije<\/h3>\n<p>Varnost je v hidravli\u010dnih sistemih najpomembnej\u0161a. Valji morajo imeti funkcije, kot so varnostni ventili, da prepre\u010dijo preobremenitev in morebitne okvare. Poleg tega lahko robustna konstrukcija in pozornost do detajlov pri zasnovi pomagata prepre\u010diti nesre\u010de in zagotoviti zanesljivo delovanje, zato je varnost klju\u010dna komponenta v procesu izbire.<\/p>\n<h3>Vzdr\u017eevanje<\/h3>\n<p>Dobra zasnova upo\u0161teva enostavno vzdr\u017eevanje, kar omogo\u010da hitre preglede in popravila. To vklju\u010duje funkcije, ki olaj\u0161ajo zamenjavo tesnil in drugih komponent brez obse\u017ene demonta\u017ee. Redno vzdr\u017eevanje je bistvenega pomena za u\u010dinkovito delovanje hidravli\u010dnih cilindrov, zato zasnova, ki to podpira, pomaga podalj\u0161ati \u017eivljenjsko dobo opreme.<\/p>\n<p><img decoding=\"async\" src=\"https:\/\/www.hydraulic-cylinders.net\/wp-content\/uploads\/2025\/04\/songte-oil-pipes-and-spare-parts.webp\" alt=\"Oljne cevi in \u200b\u200brezervni deli\"><\/p>\n<h2>Tesnjenje in mazanje cilindrov roke<\/h2>\n<p>Tesnjenje in mazanje cilindrov roke sta klju\u010dnega pomena za zagotavljanje njihovega u\u010dinkovitega delovanja. Za vzdr\u017eevanje hidravli\u010dnega tlaka in prepre\u010devanje pu\u0161\u010danja teko\u010dine se uporabljajo razli\u010dne tesnilne komponente, kot so tesnila bata in ojnice. Izbira tesnil iz trpe\u017enih materialov, kot sta poliuretan ali nitrilna guma, lahko znatno podalj\u0161a \u017eivljenjsko dobo cilindra.<\/p>\n<p>Poleg tega sta ohi\u0161je valja in navojne kon\u010dne povr\u0161ine skrbno obdelani za izbolj\u0161anje odpornosti proti obrabi. Redno mazanje s hidravli\u010dnim oljem je potrebno za pravilno delovanje tesnil in prepre\u010devanje obrabe zaradi trenja. To vklju\u010duje redne preglede in dolivanje hidravli\u010dnega olja za ohranjanje optimalne zmogljivosti.<\/p>\n<h2>Preventivni vzdr\u017eevalni ukrepi<\/h2>\n<ul>\n<li><strong>Redni pregledi:<\/strong> Pogosti vizualni in funkcionalni pregledi hidravli\u010dnega cilindra lahko pomagajo zgodaj odkriti morebitne te\u017eave. Bodite pozorni na znake obrabe, pu\u0161\u010danja ali po\u0161kodb.<\/li>\n<li><strong>Pravilno mazanje:<\/strong> Prepri\u010dajte se, da je hidravli\u010dno olje na priporo\u010deni ravni in da ni onesna\u017eeno. Pravilno mazanje pomaga prepre\u010diti prezgodnjo obrabo in ohranja delovanje.<\/li>\n<li><strong>Zamenjava tesnila:<\/strong> Redno preverjajte tesnila glede obrabe in jih po potrebi zamenjajte. To je klju\u010dnega pomena za vzdr\u017eevanje hidravli\u010dnega tlaka in prepre\u010devanje pu\u0161\u010danja.<\/li>\n<\/ul>\n<h2>Navodila za namestitev cilindrov roke<\/h2>\n<p>Pravilna namestitev cilindrov roke je bistvenega pomena za optimalno delovanje in varnost. Najprej zagotovite, da je cilinder pravilno poravnan s pritrdilnimi to\u010dkami. Za pritrditev cilindra uporabite ustrezne pritrdilne nosilce, da se izognete napa\u010dni poravnavi, ki bi lahko povzro\u010dila prezgodnjo obrabo ali okvaro.<\/p>\n<p>It is critical to follow the manufacturer&#8217;s specifications for torque settings and assembly procedures to ensure a secure fit. During installation, be mindful of the hydraulic connections, ensuring they are leak-free and properly tightened. After installation, bleed the hydraulic system to remove any air pockets, which can adversely affect performance.<\/p>\n<p>Na koncu izvedite temeljit preizkus delovanja, da zagotovite nemoteno in u\u010dinkovito delovanje cilindra ter potrdite, da vse varnostne funkcije delujejo po predvidenem namenu.<\/p>\n<h2>Pogosta vzdr\u017eevalna opravila<\/h2>\n<ul>\n<li><strong>Redni pregledi:<\/strong> Redno pregledujte valj roke glede znakov obrabe in morebitnih okvar. Zgodnje odkrivanje te\u017eav lahko prepre\u010di draga popravila in izpade.<\/li>\n<li><strong>Pravilno mazanje:<\/strong> Zagotovite, da je hidravli\u010dni sistem pravilno mazan, tako da preverjate nivo olja in ga po potrebi dolivate. Pravilno mazanje zmanj\u0161a trenje in podalj\u0161a \u017eivljenjsko dobo valja.<\/li>\n<li><strong>Zamenjava tesnila:<\/strong> Spremljajte obrabo tesnil in jih po potrebi zamenjajte. Obrabljena tesnila lahko povzro\u010dijo pu\u0161\u010danje, kar ogro\u017ea u\u010dinkovitost in varnost hidravli\u010dnega sistema.<\/li>\n<\/ul>\n<p>Vsako vzdr\u017eevalno opravilo je klju\u010dnega pomena za maksimalno \u017eivljenjsko dobo in u\u010dinkovitost cilindra roke. Pravilna namestitev, mazanje in nastavitve igrajo klju\u010dno vlogo pri delovanju.<\/p>\n<p><img decoding=\"async\" src=\"https:\/\/www.hydraulic-cylinders.net\/wp-content\/uploads\/2025\/04\/songte-chushion-collar.webp\" alt=\"Blazinasti ovratnik\"><\/p>\n<h2>Varnostni vidiki in okoljski dejavniki<\/h2>\n<p>Pri uporabi cilindrov roke je vklju\u010devanje varnostnih ukrepov bistvenega pomena. Upravljavci morajo vedno nositi ustrezno osebno za\u0161\u010ditno opremo (OZO) in se pred uporabo prepri\u010dati, da vsa oprema deluje pravilno. Klju\u010dnega pomena je upo\u0161tevanje varnostnih smernic za prepre\u010devanje nesre\u010d in po\u0161kodb na delovnem mestu.<\/p>\n<p>Poleg tega je bistvenega pomena obravnavanje okoljskih dejavnikov. Pravilno odstranjevanje hidravli\u010dnih teko\u010din in obrabljenih komponent varuje okolje in spodbuja trajnost. Izvajanje u\u010dinkovitih strategij ravnanja z odpadki v hidravli\u010dnih obratih zagotavlja skladnost z okoljskimi predpisi in odra\u017ea odgovornost podjetij.<\/p>\n<h2>Diagnoza napak in pogoste te\u017eave<\/h2>\n<ul>\n<li><strong>Pu\u0161\u010danje:<\/strong> Ena najpogostej\u0161ih te\u017eav, s katerimi se soo\u010dajo hidravli\u010dni cilindri, je pu\u0161\u010danje. To lahko izvira iz obrabljenih tesnil ali po\u0161kodovanih spojev. Redni pregledi lahko pomagajo odkriti to te\u017eavo zgodaj.<\/li>\n<li><strong>Te\u017eave s pritiskom:<\/strong> Nezadosten ali previsok tlak lahko povzro\u010di okvare v delovanju. Spremljanje ravni tlaka in zagotavljanje, da je znotraj dolo\u010denih meja, je klju\u010dnega pomena za zanesljivo delovanje.<\/li>\n<li><strong>Poslab\u0161anje delovanja:<\/strong> S\u010dasoma se lahko delovanje hidravli\u010dnih cilindrov zaradi obrabe zmanj\u0161a. Redno vzdr\u017eevanje in pravo\u010dasne zamenjave lahko omilijo to te\u017eavo.<\/li>\n<\/ul>\n<p>Pravo\u010dasno re\u0161evanje teh te\u017eav je bistvenega pomena za ohranjanje u\u010dinkovitosti in varnosti hidravli\u010dnih sistemov.<\/p>\n<h2>Nasveti za odpravljanje te\u017eav in preventivni ukrepi<\/h2>\n<p>Za u\u010dinkovito diagnosticiranje in odpravljanje te\u017eav z cilindri roke je bistveno redno pregledovanje in skrbno spremljanje delovanja. Za morebitno pu\u0161\u010danje se prepri\u010dajte, da so vsa tesnila in priklju\u010dki v dobrem stanju, in takoj zamenjajte vse obrabljene komponente.<\/p>\n<p>Pri te\u017eavah, povezanih s tlakom, preverite nivo hidravli\u010dne teko\u010dine in stanje hidravli\u010dne \u010drpalke. Vzdr\u017eevanje ustrezne ravni teko\u010dine je bistvenega pomena za optimalno delovanje. Poleg tega redni vzdr\u017eevalni na\u010drt zagotavlja, da se morebitne te\u017eave odpravijo, preden se stopnjujejo.<\/p>\n<p>Nenazadnje lahko usposabljanje upravljavcev o pravilni uporabi in vzdr\u017eevanju znatno zmanj\u0161a tveganje za nastanek te\u017eav, kar vodi do u\u010dinkovitej\u0161ega delovanja na splo\u0161no.<\/p>\n<p><img decoding=\"async\" src=\"https:\/\/www.hydraulic-cylinders.net\/wp-content\/uploads\/2025\/04\/songte-bushings-with-all-kinds-of-excavator-models.webp\" alt=\"Modeli bagrov s pu\u0161ami\"><\/p>\n<h2>O na\u0161em podjetju<\/h2>\n<p>Smo vodilni proizvajalec hidravli\u010dnih cilindrov, specializiran za zagotavljanje visokokakovostnih nadomestnih mo\u017enosti za razli\u010dne stroje. Na\u0161a \u0161iroka paleta izdelkov in zavezanost odli\u010dnosti sta nas uvrstili med vodilne proizvajalce in veletrgovce tako na doma\u010dem kot na mednarodnem trgu. Dr\u017eimo se strogih standardov kakovosti, uporabljamo napredne proizvodne prakse in usposobljeno delovno silo, da zagotovimo, da na\u0161i izdelki izpolnjujejo najvi\u0161ja pri\u010dakovanja v industriji.<\/p>\n<p>Na\u0161i mednarodni certifikati potrjujejo na\u0161o zavezanost kakovosti in varnosti, na\u0161e storitve prilagajanja pa nam omogo\u010dajo, da izpolnimo specifi\u010dne potrebe strank. Nenehno vlagamo v sodobno proizvodno opremo in sisteme nadzora kakovosti, da bi izbolj\u0161ali na\u0161e proizvodne zmogljivosti.<\/p>\n<p>Z izjemno poprodajno podporo zagotavljamo, da na\u0161e stranke prejmejo celovito pomo\u010d in nasvete za vzdr\u017eevanje, kar jim pomaga pove\u010dati zmogljivost in dolgo \u017eivljenjsko dobo njihovih hidravli\u010dnih sistemov.<\/p>\n<p><img decoding=\"async\" src=\"https:\/\/www.hydraulic-cylinders.net\/wp-content\/uploads\/2025\/04\/songte-company-4.webp\" alt=\"Pregled podjetja\"><br \/>\n<img decoding=\"async\" src=\"https:\/\/www.hydraulic-cylinders.net\/wp-content\/uploads\/2025\/04\/songte-company-3.webp\" alt=\"Proizvodni obrat podjetja\"><\/p>\n<p>Avtor: lyl<\/p>","protected":false},"excerpt":{"rendered":"<p>Boom Cylinder For Volwa Small Excavator DLS815-9 Introduction to Boom Cylinders The boom cylinder is a crucial component in hydraulic systems, particularly in heavy machinery such as excavators, backhoes, and front loaders. This hydraulic cylinder controls the movement of the boom arm, enabling it to lift, lower, and tilt, thereby facilitating various material handling tasks. [&hellip;]<\/p>","protected":false},"featured_media":17868,"comment_status":"open","ping_status":"closed","template":"","meta":{"_et_pb_use_builder":"","_et_pb_old_content":"","_et_gb_content_width":""},"product_brand":[],"product_cat":[1546],"product_tag":[1547,1496],"class_list":{"0":"post-19605","1":"product","2":"type-product","3":"status-publish","4":"has-post-thumbnail","6":"product_cat-boom-cylinders","7":"product_tag-boom-cylinders","8":"product_tag-hydraulic-cylinders","10":"first","11":"instock","12":"shipping-taxable","13":"product-type-simple"},"amp_enabled":true,"_links":{"self":[{"href":"https:\/\/www.hydraulic-cylinders.net\/sl\/wp-json\/wp\/v2\/product\/19605","targetHints":{"allow":["GET"]}}],"collection":[{"href":"https:\/\/www.hydraulic-cylinders.net\/sl\/wp-json\/wp\/v2\/product"}],"about":[{"href":"https:\/\/www.hydraulic-cylinders.net\/sl\/wp-json\/wp\/v2\/types\/product"}],"replies":[{"embeddable":true,"href":"https:\/\/www.hydraulic-cylinders.net\/sl\/wp-json\/wp\/v2\/comments?post=19605"}],"wp:featuredmedia":[{"embeddable":true,"href":"https:\/\/www.hydraulic-cylinders.net\/sl\/wp-json\/wp\/v2\/media\/17868"}],"wp:attachment":[{"href":"https:\/\/www.hydraulic-cylinders.net\/sl\/wp-json\/wp\/v2\/media?parent=19605"}],"wp:term":[{"taxonomy":"product_brand","embeddable":true,"href":"https:\/\/www.hydraulic-cylinders.net\/sl\/wp-json\/wp\/v2\/product_brand?post=19605"},{"taxonomy":"product_cat","embeddable":true,"href":"https:\/\/www.hydraulic-cylinders.net\/sl\/wp-json\/wp\/v2\/product_cat?post=19605"},{"taxonomy":"product_tag","embeddable":true,"href":"https:\/\/www.hydraulic-cylinders.net\/sl\/wp-json\/wp\/v2\/product_tag?post=19605"}],"curies":[{"name":"delovni list","href":"https:\/\/api.w.org\/{rel}","templated":true}]}}