{"id":19614,"date":"2025-04-07T06:57:27","date_gmt":"2025-04-07T06:57:27","guid":{"rendered":"https:\/\/www.hydraulic-cylinders.net\/product\/boom-cylinder-for-volwa-large-excavator-dls330-8b\/"},"modified":"2025-04-07T06:57:29","modified_gmt":"2025-04-07T06:57:29","slug":"boom-cylinder-for-volwa-large-excavator-dls330-8b","status":"publish","type":"product","link":"https:\/\/www.hydraulic-cylinders.net\/sl\/izdelek\/boom-cylinder-for-volwa-large-excavator-dls330-8b\/","title":{"rendered":"Cilinder roke za velik bager Volwa DLS330-8B"},"content":{"rendered":"<h1>Cilinder roke za velik bager Volwa DLS330-8B<\/h1>\n<h2>Pregled izdelka<\/h2>\n<p>The <strong>Cilinder roke za velik bager Volwa DLS330-8B<\/strong> je bistvena komponenta hidravli\u010dnega sistema bagrov. Zasnovan je posebej za nadzor gibanja roke, kar je klju\u010dnega pomena za razli\u010dna opravila te\u017ekih strojev. Cilinder roke deluje tako, da usmerja hidravli\u010dno teko\u010dino, ki omogo\u010da dvigovanje, spu\u0161\u010danje in nagibanje roke, kar omogo\u010da u\u010dinkovito ravnanje z materiali. Ta vrsta hidravli\u010dnega cilindra je klju\u010dnega pomena pri opremi, kot so bagri, bagri nakladalniki in \u010delni nakladalniki, saj jim omogo\u010da izvajanje operacij, kot sta kopanje in prevoz materialov.<\/p>\n<p><img decoding=\"async\" src=\"https:\/\/www.hydraulic-cylinders.net\/wp-content\/uploads\/2025\/04\/songte-company-1.webp\" alt=\"Cilinder roke za bagre\" \/><\/p>\n<h2>Zna\u010dilnosti cilindra roke<\/h2>\n<ul>\n<li><strong>Visoka trdnost in vzdr\u017eljivost:<\/strong> Izdelane iz visoko trdnega jekla ali aluminija, te jeklenke lahko prenesejo visok tlak in velike obremenitve, zaradi \u010desar so primerne za zahtevna delovna okolja.<\/li>\n<li><strong>U\u010dinkovito hidravli\u010dno delovanje:<\/strong> Cilinder roke omogo\u010da gladko iztegovanje in vstavljanje s pomo\u010djo hidravli\u010dnega tlaka olja, kar zagotavlja hiter odziv na operativne ukaze in mo\u010dne sile potiska in vle\u010denja.<\/li>\n<li><strong>Razli\u010dne mo\u017enosti:<\/strong> Na voljo v enosmerno delujo\u010dih (delujejo v eno smer) ali dvosmerno delujo\u010dih (delujejo v obe smeri) konfiguracijah, pri \u010demer imajo nekateri modeli teleskopsko zasnovo za dalj\u0161i doseg brez pove\u010danja zunanjih dimenzij.<\/li>\n<li><strong>Odpornost proti obrabi in koroziji:<\/strong> Zasnovan iz materialov, ki so odporni proti obrabi in koroziji, kar zagotavlja dolgo \u017eivljenjsko dobo tudi v zahtevnih pogojih.<\/li>\n<li><strong>Prilagodljive re\u0161itve:<\/strong> Te hidravli\u010dne cilindre lahko izdelamo tako, da popolnoma nadomestijo originalno opremo, kar zagotavlja zdru\u017eljivost in optimalno delovanje.<\/li>\n<\/ul>\n<p><img decoding=\"async\" src=\"https:\/\/www.hydraulic-cylinders.net\/wp-content\/uploads\/2025\/04\/songte-cylinder-head-with-all-kinds-excavator-models.webp\" alt=\"Modeli bagrov\" \/><\/p>\n<h2>Uporaba cilindra roke<\/h2>\n<h3>Gradbena oprema<\/h3>\n<p>Pri bagrih je cilinder roke klju\u010dnega pomena za kopanje, nakladanje in premikanje zemlje ali ru\u0161evin. Njegova vloga omogo\u010da upravljavcem u\u010dinkovito manevriranje s strojem, opravljanje nalog, kot sta kopanje jarkov in priprava gradbi\u0161\u010da. Pri bagrih nakladalnikih cilinder roke pomaga tako pri izkopavanju kot pri dvigovanju, zaradi \u010desar je nepogre\u0161ljiv pri gradbenih in izkopnih projektih.<\/p>\n<h3>Kmetijska mehanizacija<\/h3>\n<p>Cilinder roke se uporablja tudi pri \u010delnih nakladalnikih za zajemanje, dvigovanje in prevoz zemlje, sena in drugih materialov. Ti stroji potrebujejo zanesljive hidravli\u010dne sisteme za pove\u010danje produktivnosti pri kmetijskih opravilih, kar zagotavlja u\u010dinkovito delovanje pri nakladanju in razkladanju.<\/p>\n<h3>Bagri<\/h3>\n<p>Pri bagrih cilinder roke omogo\u010da, da \u017elica u\u010dinkovito prodre v tla, kar olaj\u0161a izkopavanje. Mo\u010d in nadzor, ki ju zagotavlja hidravli\u010dni sistem, omogo\u010data natan\u010dnost pri kopanju, kar je bistvenega pomena za razli\u010dne gradbene projekte.<\/p>\n<h3>Nakladalci<\/h3>\n<p>Pri \u010delnih nakladalnikih pomagajo pri u\u010dinkovitem dvigovanju in odlaganju materialov. Hidravli\u010dno delovanje roke omogo\u010da upravljavcem hitro in varno rokovanje z velikimi bremeni, kar je klju\u010dnega pomena za gradbena dela in ravnanje z materiali.<\/p>\n<h2>Oblikovalski vidiki in izbirna merila<\/h2>\n<h3>Nosilnost<\/h3>\n<p>Pri izbiri cilindra roke je klju\u010dnega pomena razumevanje njegove nosilnosti. Pravilno dimenzioniran cilinder zagotavlja, da lahko dvigne in premakne zahtevano te\u017eo brez okvare. Nosilnost je odvisna od velikosti, materiala in zasnove cilindra. Cilinder, ki prese\u017ee svojo omejitev nosilnosti, tvega katastrofalno okvaro, ki povzro\u010di po\u0161kodbe opreme in varnostne nevarnosti.<\/p>\n<h3>Tesnjenje<\/h3>\n<p>Tesnjenje je bistvenega pomena za ohranjanje celovitosti hidravli\u010dnega cilindra. U\u010dinkovita tesnila prepre\u010dujejo pu\u0161\u010danje hidravli\u010dne teko\u010dine, kar zagotavlja u\u010dinkovito delovanje in zmanj\u0161uje stro\u0161ke vzdr\u017eevanja. Uporabljajo se visokokakovostni tesnilni materiali, kot sta poliuretan in nitrilna guma, ki vzdr\u017eijo visok tlak in obrabo. Pravilno tesnjenje zagotavlja u\u010dinkovito delovanje cilindra skozi celotno \u017eivljenjsko dobo.<\/p>\n<h3>Vzdr\u017eljivost<\/h3>\n<p>Vzdr\u017eljivost cilindra roke je izjemnega pomena, zlasti v zahtevnih okoljih. Vzdr\u017eljiv valj je izdelan iz robustnih materialov, zasnovanih tako, da so odporni proti obrabi in koroziji. Redne ocene stanja cilindra lahko prepre\u010dijo prezgodnjo odpoved in draga popravila, zato je vzdr\u017eljivost klju\u010dni dejavnik pri izbiri.<\/p>\n<h3>Varnost<\/h3>\n<p>Varnostne funkcije, kot sta za\u0161\u010dita pred preobremenitvijo in u\u010dinkoviti sistemi za razbremenitev tlaka, so klju\u010dnega pomena pri hidravli\u010dnih cilindrih. Te funkcije pomagajo prepre\u010diti nesre\u010de in po\u0161kodbe opreme med delovanjem. Izbira cilindra z vgrajenimi varnostnimi ukrepi zagotavlja, da lahko upravljavci delajo samozavestno in varno.<\/p>\n<h3>Vzdr\u017eevanje<\/h3>\n<p>Enostavno vzdr\u017eevanje je \u0161e en dejavnik pri zasnovi. Izdelki, ki omogo\u010dajo preproste preglede in pravo\u010dasno zamenjavo tesnil in komponent, podalj\u0161ujejo \u017eivljenjsko dobo. Dobro zasnovan hidravli\u010dni cilinder zmanj\u0161a \u010das izpada in zagotavlja, da oprema ostane v delovanju dlje \u010dasa.<\/p>\n<p><img decoding=\"async\" src=\"https:\/\/www.hydraulic-cylinders.net\/wp-content\/uploads\/2025\/04\/songte-oil-pipes-and-spare-parts.webp\" alt=\"Hidravli\u010dne cevi in \u200b\u200brezervni deli\" \/><\/p>\n<h2>Tesnjenje in mazanje hidravli\u010dnega cilindra<\/h2>\n<p>Zanesljivost cilindra roke je bistveno odvisna od kakovosti njegovega tesnjenja in mazanja. Za prepre\u010devanje pu\u0161\u010danja teko\u010dine se uporabljajo razli\u010dna tesnila, kot so tesnila bata in tesnila palice. Tesnila iz materialov, kot sta poliuretan in nitrilna guma, so prednostna zaradi svoje vzdr\u017eljivosti in odpornosti proti obrabi. Telo cilindra in navojne kon\u010dne povr\u0161ine so podvr\u017eene natan\u010dnim postopkom dodelave za pove\u010danje odpornosti proti obrabi.<\/p>\n<p>Redno mazanje s hidravli\u010dnim oljem je potrebno za ohranjanje delovanja valjev. To mazanje ne le zmanj\u0161a obrabo gibljivih delov, temve\u010d tudi \u0161\u010diti pred korozijo in pregrevanjem. Pravilni postopki mazanja zagotavljajo dolgo \u017eivljenjsko dobo in u\u010dinkovito delovanje hidravli\u010dnega sistema.<\/p>\n<h2>Preventivni vzdr\u017eevalni ukrepi<\/h2>\n<ul>\n<li><strong>Redni pregledi:<\/strong> Redno pregledujte jeklenko glede znakov obrabe, pu\u0161\u010danja ali po\u0161kodb. Zgodnje odkrivanje te\u017eav lahko prepre\u010di katastrofalne okvare.<\/li>\n<li><strong>Pravilno mazanje:<\/strong> Zagotovite, da je valj ustrezno namazan s priporo\u010denim hidravli\u010dnim oljem, saj lahko nezadostno mazanje povzro\u010di ve\u010djo obrabo.<\/li>\n<li><strong>Zamenjava tesnil:<\/strong> Redno preverjajte in po potrebi zamenjajte tesnila, da ohranite delovanje in prepre\u010dite pu\u0161\u010danje.<\/li>\n<\/ul>\n<h2>Navodila za namestitev<\/h2>\n<p>Pravilna namestitev cilindra roke je bistvenega pomena za optimalno delovanje. Najprej se prepri\u010dajte, da so vse komponente \u010diste in brez umazanije. Cilinder pravilno poravnajte z pritrdilnimi to\u010dkami, da prepre\u010dite napa\u010dno poravnavo, ki lahko povzro\u010di prezgodnjo obrabo. Za pritrditev cilindra uporabite ustrezne pritrdilne nosilce, ki zagotavljajo stabilnost med delovanjem.<\/p>\n<p>Pred dokon\u010danjem namestitve dvakrat preverite vse povezave, da se prepri\u010date, da so tesne in varne. Po namestitvi preizkusite jeklenko v normalnih obratovalnih pogojih, da se prepri\u010date, da deluje pravilno. Vse potrebne prilagoditve je treba opraviti takoj, da prepre\u010dite te\u017eave z delovanjem.<\/p>\n<h2>Pogosta vzdr\u017eevalna opravila<\/h2>\n<h3>Redni pregledi<\/h3>\n<p>Redno pregledujte, da zgodaj odkrijete morebitne te\u017eave. Bodite pozorni na znake obrabe, korozije ali pu\u0161\u010danja in jih nemudoma odpravite, da prepre\u010dite dolgoro\u010dno \u0161kodo.<\/p>\n<h3>Ustrezno mazanje<\/h3>\n<p>Vzdr\u017eevanje ustrezne ravni mazanja je klju\u010dnega pomena. Za nemoteno delovanje uporabljajte hidravli\u010dno olje, ki ga priporo\u010da proizvajalec, in ga nana\u0161ajte v skladu z navedenimi intervali.<\/p>\n<h3>Zamenjava tesnila in preverjanje kalibracije<\/h3>\n<p>Zamenjava tesnil je potrebna za ohranjanje hidravli\u010dne u\u010dinkovitosti. Sledite urniku za menjavo tesnil in redno preverjajte kalibracijo valja, da zagotovite pravilno delovanje.<\/p>\n<p><img decoding=\"async\" src=\"https:\/\/www.hydraulic-cylinders.net\/wp-content\/uploads\/2025\/04\/songte-chushion-collar.webp\" alt=\"Blazinasti ovratnik za hidravliko\" \/><\/p>\n<h2>Varnostni vidiki in okoljski dejavniki<\/h2>\n<p>Pri delu s hidravli\u010dnimi sistemi je upo\u0161tevanje varnostnih ukrepov klju\u010dnega pomena. Ustrezno usposabljanje za hidravli\u010dno delovanje zagotavlja, da lahko upravljavci varno upravljajo z opremo. Poleg tega odgovorna uporaba hidravli\u010dnih cilindrov zmanj\u0161uje vplive na okolje. Zagotovite pravilno odstranjevanje hidravli\u010dnih teko\u010din in drugih materialov, da za\u0161\u010ditite okolje.<\/p>\n<h2>Odpravljanje te\u017eav in pogoste te\u017eave<\/h2>\n<ul>\n<li><strong>Pu\u0161\u010danje tesnil:<\/strong> \u010ce pride do pu\u0161\u010danja, preverite tesnila glede obrabe ali po\u0161kodb in jih po potrebi zamenjajte.<\/li>\n<li><strong>Zmanj\u0161ana zmogljivost:<\/strong> \u010ce valj ne deluje u\u010dinkovito, preverite ustrezno raven mazanja in kakovost hidravli\u010dne teko\u010dine.<\/li>\n<li><strong>Nenavadni zvoki:<\/strong> Nenavadni zvoki lahko ka\u017eejo na notranje po\u0161kodbe ali potrebo po vzdr\u017eevanju \u2013 opravite temeljit pregled.<\/li>\n<\/ul>\n<h2>Diagnoza in re\u0161itve<\/h2>\n<p>Za u\u010dinkovito odpravljanje te\u017eav za\u010dnite z ugotavljanjem simptomov: znakov obrabe, nepri\u010dakovanih zvokov ali padcev zmogljivosti. Izvedite sistemati\u010den pregled, s poudarkom na tesnilih, mazanju in nivoju hidravli\u010dne teko\u010dine. Izvedite preventivne ukrepe, kot so redno vzdr\u017eevanje in pregledi, da zmanj\u0161ate tveganja in podalj\u0161ate \u017eivljenjsko dobo cilindra roke.<\/p>\n<p><img decoding=\"async\" src=\"https:\/\/www.hydraulic-cylinders.net\/wp-content\/uploads\/2025\/04\/songte-bushings-with-all-kinds-of-excavator-models.webp\" alt=\"Pu\u0161e za modele bagrov\" \/><\/p>\n<h2>O na\u0161em podjetju<\/h2>\n<p>Smo vodilni proizvajalec nadomestnih hidravli\u010dnih cilindrov in ponujamo \u0161iroko paleto izdelkov, ki zadovoljujejo razli\u010dne potrebe trga. Na\u0161a osredoto\u010denost na izjemno kakovost in natan\u010dne proizvodne strategije nas uvr\u0161\u010da med najbolj\u0161ega konkurenta tako na doma\u010dem kot na mednarodnem trgu. Z naprednimi tehnologijami, usposobljenimi strokovnjaki in robustnim sistemom zagotavljanja kakovosti izbolj\u0161ujemo svoje proizvodne zmogljivosti in zagotavljamo visoke standarde.<\/p>\n<p>Na\u0161a zavezanost zadovoljstvu strank se odra\u017ea v na\u0161ih prilagodljivih storitvah, mednarodnih certifikatih in namenski poprodajni podpori. Prizadevamo si izpolniti edinstvene zahteve na\u0161ih strank, hkrati pa ohranjamo vodilne standarde v panogi pri izdelavi hidravli\u010dnih cilindrov.<\/p>\n<p><img decoding=\"async\" src=\"https:\/\/www.hydraulic-cylinders.net\/wp-content\/uploads\/2025\/04\/songte-company-4.webp\" alt=\"Na\u0161e podjetje\" \/><br \/>\n<img decoding=\"async\" src=\"https:\/\/www.hydraulic-cylinders.net\/wp-content\/uploads\/2025\/04\/songte-company-3.webp\" alt=\"Proizvodni proces\" \/><\/p>\n<p>Avtor: lyl<\/p>","protected":false},"excerpt":{"rendered":"<p>Boom Cylinder For Volwa Large Excavator DLS330-8B Product Overview The Boom Cylinder For Volwa Large Excavator DLS330-8B is an essential component in the hydraulic system of excavators. It is specifically designed to control the movement of the boom, which is crucial for various heavy machinery tasks. A boom cylinder operates by directing hydraulic fluid to [&hellip;]<\/p>","protected":false},"featured_media":17877,"comment_status":"open","ping_status":"closed","template":"","meta":{"_et_pb_use_builder":"","_et_pb_old_content":"","_et_gb_content_width":""},"product_brand":[],"product_cat":[1546],"product_tag":[1547,1496],"class_list":{"0":"post-19614","1":"product","2":"type-product","3":"status-publish","4":"has-post-thumbnail","6":"product_cat-boom-cylinders","7":"product_tag-boom-cylinders","8":"product_tag-hydraulic-cylinders","10":"first","11":"instock","12":"shipping-taxable","13":"product-type-simple"},"amp_enabled":true,"_links":{"self":[{"href":"https:\/\/www.hydraulic-cylinders.net\/sl\/wp-json\/wp\/v2\/product\/19614","targetHints":{"allow":["GET"]}}],"collection":[{"href":"https:\/\/www.hydraulic-cylinders.net\/sl\/wp-json\/wp\/v2\/product"}],"about":[{"href":"https:\/\/www.hydraulic-cylinders.net\/sl\/wp-json\/wp\/v2\/types\/product"}],"replies":[{"embeddable":true,"href":"https:\/\/www.hydraulic-cylinders.net\/sl\/wp-json\/wp\/v2\/comments?post=19614"}],"wp:featuredmedia":[{"embeddable":true,"href":"https:\/\/www.hydraulic-cylinders.net\/sl\/wp-json\/wp\/v2\/media\/17877"}],"wp:attachment":[{"href":"https:\/\/www.hydraulic-cylinders.net\/sl\/wp-json\/wp\/v2\/media?parent=19614"}],"wp:term":[{"taxonomy":"product_brand","embeddable":true,"href":"https:\/\/www.hydraulic-cylinders.net\/sl\/wp-json\/wp\/v2\/product_brand?post=19614"},{"taxonomy":"product_cat","embeddable":true,"href":"https:\/\/www.hydraulic-cylinders.net\/sl\/wp-json\/wp\/v2\/product_cat?post=19614"},{"taxonomy":"product_tag","embeddable":true,"href":"https:\/\/www.hydraulic-cylinders.net\/sl\/wp-json\/wp\/v2\/product_tag?post=19614"}],"curies":[{"name":"delovni list","href":"https:\/\/api.w.org\/{rel}","templated":true}]}}