{"id":19630,"date":"2025-04-07T06:58:25","date_gmt":"2025-04-07T06:58:25","guid":{"rendered":"https:\/\/www.hydraulic-cylinders.net\/product\/boom-cylinder-for-wacker-e8003\/"},"modified":"2025-04-07T06:58:28","modified_gmt":"2025-04-07T06:58:28","slug":"boom-cylinder-for-wacker-e8003","status":"publish","type":"product","link":"https:\/\/www.hydraulic-cylinders.net\/sl\/izdelek\/boom-cylinder-for-wacker-e8003\/","title":{"rendered":"Cilinder roke za Wacker E8003"},"content":{"rendered":"<h1>Cilinder roke za Wacker E8003<\/h1>\n<h2>Pregled izdelka<\/h2>\n<p>Hidravli\u010dni cilinder roke za Wacker E8003 je specializiran hidravli\u010dni cilinder, zasnovan za krmiljenje gibanja \u017elic te\u017ekih strojev, kot so tiste v bagrih, bagrih nakladalnikih in \u010delnih nakladalnikih. Ti cilindri so bistveni za la\u017eje dvigovanje, spu\u0161\u010danje in nagibanje \u017elic, kar poenostavlja naloge ravnanja z materiali v razli\u010dnih panogah.<\/p>\n<p><img decoding=\"async\" src=\"https:\/\/www.hydraulic-cylinders.net\/wp-content\/uploads\/2025\/04\/songte-company-1.webp\" alt=\"Cilinder roke za Wacker E8003\"><\/p>\n<h3>Definicija in funkcija v hidravli\u010dnih sistemih<\/h3>\n<p>Hidravli\u010dni cilindri \u017elice so vrsta hidravli\u010dnega cilindra, ki igra klju\u010dno vlogo pri delovanju te\u017ekih strojev. Uporablja hidravli\u010dno teko\u010dino za ustvarjanje sile, ki se nato pretvori v gibanje za nadzor delovanja \u017elice. Ti cilindri so zasnovani za obvladovanje visokih tlakov in te\u017ekih bremen, hkrati pa zagotavljajo nemoteno delovanje. Z natan\u010dnim nadzorom nad gibanjem \u017elice pove\u010dajo u\u010dinkovitost razli\u010dnih nalog, kot so kopanje, dvigovanje in prevoz materialov. Pomena dobro delujo\u010dega cilindra roke ni mogo\u010de preceniti, saj neposredno vpliva na delovanje in produktivnost opreme, ki ji slu\u017ei.<\/p>\n<h2>Klju\u010dne lastnosti<\/h2>\n<ul>\n<li><strong>Visoka trdnost in vzdr\u017eljivost:<\/strong> Ti cilindri, izdelani iz visoko trdnega jekla ali aluminija, prenesejo visok tlak in velike obremenitve, zaradi \u010desar so primerni za zahtevna delovna okolja. Zasnovani so z mislijo na odpornost proti obrabi in koroziji, kar podalj\u0161uje njihovo \u017eivljenjsko dobo.<\/li>\n<li><strong>U\u010dinkovito hidravli\u010dno delovanje:<\/strong> Cilinder deluje gladko s pomo\u010djo hidravli\u010dnega oljnega tlaka, kar omogo\u010da hiter odziv na krmilne ukaze in zagotavlja znatno potisno in vle\u010dno silo za ravnanje s te\u017ekimi materiali.<\/li>\n<li><strong>Razli\u010dne vrste:<\/strong> Na voljo so kot enosmerno delujo\u010di (uporabljajo se v eno smer) ali dvosmerno delujo\u010di (delujejo v obe smeri) cilindri, ki ustrezajo razli\u010dnim operativnim potrebam. Nekateri modeli so teleskopski, kar omogo\u010da ve\u010dji razteg brez pove\u010danja zunanjih dimenzij.<\/li>\n<li><strong>Zdru\u017eljivost:<\/strong> Na\u0161i izdelki lahko popolnoma nadomestijo obstoje\u010de hidravli\u010dne cilindre in zagotovijo brezhibno integracijo z va\u0161imi stroji.<\/li>\n<li><strong>Re\u0161itve po meri:<\/strong> Prilagojene mo\u017enosti izdelave za izpolnjevanje posebnih zahtev, ki zagotavljajo prilagodljivost pri oblikovanju in delovanju.<\/li>\n<\/ul>\n<p><img decoding=\"async\" src=\"https:\/\/www.hydraulic-cylinders.net\/wp-content\/uploads\/2025\/04\/songte-cylinder-head-with-all-kinds-excavator-models.webp\" alt=\"Zdru\u017eljivost cilindrov roke\"><\/p>\n<h2>Scenariji uporabe<\/h2>\n<h3>Gradbena oprema<\/h3>\n<p>V gradbeni opremi so cilindri roke bistvenega pomena za bagre, kjer igrajo klju\u010dno vlogo pri kopanju, nakladanju in prevozu zemlje ali ru\u0161evin. Zmogljivost bagra je mo\u010dno odvisna od u\u010dinkovitosti njegovega cilindra roke, ki omogo\u010da, da \u017elica prodre v tla in natan\u010dno izvaja razli\u010dna kopalna dejanja. Poleg tega pri bagrih nakladalnikih cilinder roke pomaga ne le pri izkopavanju, temve\u010d tudi pri dvigovanju te\u017ekih bremen, zaradi \u010desar je nepogre\u0161ljiv pri gradbenih in izkopnih opravilih.<\/p>\n<h3>Kmetijska mehanizacija<\/h3>\n<p>V kmetijski mehanizaciji se cilindri roke uporabljajo v \u010delnih nakladalnikih za zajemanje, dvigovanje in prevoz zemlje, sena in drugih materialov. U\u010dinkovitost kmetijskih operacij je pogosto odvisna od zanesljivosti teh hidravli\u010dnih cilindrov, ki opravljajo ponavljajo\u010da se opravila z minimalnim \u010dasom izpada. Njihova robustna zasnova in mo\u010dno hidravli\u010dno delovanje omogo\u010data razli\u010dne kmetijske aplikacije in zagotavljata produktivnost na polju.<\/p>\n<h3>Bagri<\/h3>\n<p>Bagri uporabljajo cilindre roke za u\u010dinkovito kopanje, saj omogo\u010dajo, da \u017elica prodre v zemljo. Njihova zasnova omogo\u010da natan\u010den nadzor nad globino in kotom \u017elice, kar je bistvenega pomena za izkopavanja. To nadzorovano gibanje ne le pove\u010da u\u010dinkovitost, temve\u010d tudi zagotavlja, da je delo opravljeno v skladu z natan\u010dnimi specifikacijami, kar zmanj\u0161uje tveganje napak pri niveliranju in kopanju jarkov.<\/p>\n<h3>Nakladalci<\/h3>\n<p>Pri \u010delnih nakladalnikih cilindri roke u\u010dinkovito pomagajo pri dvigovanju in odlaganju materialov. Hidravli\u010dni sistem omogo\u010da nemoteno delovanje, kar upravljavcem omogo\u010da enostavno dvigovanje te\u017ekih bremen. Ta zmogljivost je klju\u010dnega pomena za naloge, kot so natovarjanje tovornjakov, premikanje materialov in druga gradbena dela, kar dokazuje pomen zanesljivih cilindrov roke pri delovanju nakladalnikov.<\/p>\n<h2>Oblikovalski vidiki in izbirna merila<\/h2>\n<h3>Nosilnost<\/h3>\n<p>Pri izbiri cilindra roke je nosilnost eden najpomembnej\u0161ih dejavnikov. Bistveno je izbrati cilinder, ki lahko prenese najve\u010djo obremenitev, ki jo pri\u010dakujemo med delovanjem. Nosilnost je treba oceniti glede na specifi\u010dne zahteve stroja in naloge, ki jih bo opravljal. Cilinder s prenizko nosilnostjo lahko povzro\u010di katastrofalno okvaro, medtem ko lahko previsoko nazivna nosilnost povzro\u010di neu\u010dinkovito uporabo mo\u010di in pove\u010dane obratovalne stro\u0161ke. Zato je razumevanje razmerja med specifikacijami cilindra in zahtevami stroja klju\u010dnega pomena.<\/p>\n<h3>Tesnilna zmogljivost<\/h3>\n<p>Tesnilna zmogljivost hidravli\u010dnega cilindra je klju\u010dnega pomena za ohranjanje optimalnega delovanja. Visokokakovostna tesnila prepre\u010dujejo pu\u0161\u010danje hidravli\u010dne teko\u010dine, kar lahko povzro\u010di zmanj\u0161ano u\u010dinkovitost in morebitno po\u0161kodbo hidravli\u010dnega sistema. Pri izbiri cilindra roke je pomembno upo\u0161tevati kakovost uporabljenih tesnil in njihovo zdru\u017eljivost s hidravli\u010dno teko\u010dino. Redni pregledi in vzdr\u017eevanje tesnil so bistveni za zagotovitev dolge \u017eivljenjske dobe hidravli\u010dnega sistema in prepre\u010devanje dragih popravil.<\/p>\n<h3>Vzdr\u017eljivost in dolgo\u017eivost<\/h3>\n<p>Vzdr\u017eljivost je \u0161e en klju\u010dni dejavnik pri zasnovi cilindrov roke. Materiali, uporabljeni pri izdelavi cilindra, morajo biti sposobni prenesti zahtevna okolja in ponavljajo\u010do se uporabo brez poslab\u0161anja. Dejavniki, kot sta odpornost proti obrabi in koroziji, so klju\u010dni za podalj\u0161anje \u017eivljenjske dobe hidravli\u010dnih cilindrov. Vzdr\u017eljiv valj roke zmanj\u0161a pogostost popravil in zamenjav, kar dolgoro\u010dno prihrani \u010das in denar.<\/p>\n<h3>Varnostne funkcije<\/h3>\n<p>Pri na\u010drtovanju hidravli\u010dnih cilindrov mora biti varnost vedno na prvem mestu. Funkcije, kot so za\u0161\u010dita pred preobremenitvijo in varnostni ventili, lahko prepre\u010dijo nesre\u010de in po\u0161kodbe opreme. Bistveno je oceniti varnostne ukrepe, vklju\u010dene v zasnovo cilindra roke, saj prispevajo k splo\u0161ni zanesljivosti in varnosti delovanja strojev. Zagotavljanje teh funkcij lahko upravljavcem zagotovi brezskrbnost in zmanj\u0161a tveganje za nesre\u010de na delovnem mestu.<\/p>\n<h3>Dostopnost vzdr\u017eevanja<\/h3>\n<p>Pri izbiri cilindra roke upo\u0161tevajte tudi enostavnost vzdr\u017eevanja. Cilindri, ki so zasnovani za enostaven dostop do tesnil in notranjih komponent, omogo\u010dajo hitrej\u0161e preglede in vzdr\u017eevalna opravila. Redno vzdr\u017eevanje je klju\u010dnega pomena za zagotavljanje optimalne zmogljivosti, zasnova, ki omogo\u010da enostavno servisiranje, pa lahko znatno skraj\u0161a \u010das izpada. Ocenjevanje potreb po vzdr\u017eevanju hidravli\u010dnih cilindrov je bistvenega pomena za zagotovitev njihovega najve\u010djega u\u010dinka skozi celotno \u017eivljenjsko dobo.<\/p>\n<p><img decoding=\"async\" src=\"https:\/\/www.hydraulic-cylinders.net\/wp-content\/uploads\/2025\/04\/songte-oil-pipes-and-spare-parts.webp\" alt=\"Komponente hidravli\u010dnega cilindra\"><\/p>\n<h2>Tesnjenje in mazanje<\/h2>\n<p>U\u010dinkovito tesnjenje in mazanje sta klju\u010dnega pomena za pravilno delovanje hidravli\u010dnih cilindrov. Za prepre\u010devanje pu\u0161\u010danja in vzdr\u017eevanje tlaka v cilindru se uporabljajo razli\u010dne tesnilne komponente, kot so tesnila bata in ojnice. Pogosto uporabljeni materiali za tesnila vklju\u010dujejo poliuretan in nitrilno gumo, znana po svoji vzdr\u017eljivosti in odpornosti proti obrabi. Telo cilindra in navojne kon\u010dne povr\u0161ine morajo biti natan\u010dno obdelane, da se pove\u010da odpornost proti obrabi in zagotovi tesno tesnjenje.<\/p>\n<p>Redno mazanje je prav tako bistveno za optimalno delovanje. Pomembno je, da v valj ob\u010dasno vbrizgate ustrezno koli\u010dino hidravli\u010dnega olja, da notranje komponente delujejo nemoteno. Pomanjkanje mazanja lahko povzro\u010di pove\u010dano trenje, obrabo in morebitno okvaro hidravli\u010dnega sistema. Dobro vzdr\u017eevana rutina mazanja pomembno prispeva k dolgi \u017eivljenjski dobi in u\u010dinkovitosti cilindra roke.<\/p>\n<h2>Preventivni vzdr\u017eevalni ukrepi<\/h2>\n<ul>\n<li><strong>Rutinski pregledi:<\/strong> Redni pregledi so bistveni za odkrivanje morebitnih znakov obrabe ali po\u0161kodb. Upravljavci morajo preveriti morebitna pu\u0161\u010danja, nenavadne zvoke ali spremembe v delovanju. Zgodnje odpravljanje te\u017eav lahko prepre\u010di draga popravila in izpade.<\/li>\n<li><strong>Na\u010drt mazanja:<\/strong> Vzpostavite urnik mazanja, da zagotovite ustrezno menjavo hidravli\u010dnega olja. To pomaga ohranjati optimalno delovanje in podalj\u0161a \u017eivljenjsko dobo cilindra.<\/li>\n<li><strong>Zamenjava tesnila:<\/strong> Redno preverjajte tesnila glede znakov obrabe in jih po potrebi zamenjajte. Obrabljena tesnila lahko povzro\u010dijo pu\u0161\u010danje teko\u010dine in zmanj\u0161ano u\u010dinkovitost, zato je klju\u010dnega pomena, da se posvetite temu vidiku vzdr\u017eevanja.<\/li>\n<\/ul>\n<h2>Pravilna navodila za namestitev<\/h2>\n<p>Pravilna namestitev hidravli\u010dnih cilindrov je klju\u010dnega pomena za zagotovitev optimalnega delovanja. Najprej temeljito o\u010distite obmo\u010dje namestitve, da odstranite morebitne ostanke ali onesna\u017eevalce, ki bi lahko motili delovanje cilindra. Uporabite ustrezna orodja za poravnavo, da zagotovite pravilno namestitev cilindra glede na druge komponente.<\/p>\n<p>Pri name\u0161\u010danju cilindra upo\u0161tevajte proizvajal\u010deve specifikacije glede navora in pritrjevanja. Klju\u010dnega pomena je, da uporabite ustrezne monta\u017ene nosilce, da pritrdite cilinder na svoje mesto in prepre\u010dite premikanje med delovanjem. Po namestitvi preverite morebitne nepravilnosti ali morebitne ovire, ki bi lahko ovirale delovanje. Na koncu za\u017eenite preskusni cikel, da zagotovite nemoteno in u\u010dinkovito delovanje cilindra, ter po potrebi prilagodite nastavitve.<\/p>\n<h2>Vzdr\u017eevalna opravila<\/h2>\n<ul>\n<li><strong>Redni pregledi:<\/strong> Redno preverjanje pu\u0161\u010danja, nepravilnosti v delovanju in znakov obrabe zagotavlja optimalno delovanje hidravli\u010dnega sistema. Zgodnje odkrivanje te\u017eav lahko prihrani \u010das in vire.<\/li>\n<li><strong>Pravilno mazanje:<\/strong> Dosledno mazanje gibljivih delov je bistvenega pomena za zmanj\u0161anje trenja in podalj\u0161anje \u017eivljenjske dobe hidravli\u010dnega cilindra. Uporaba pravilne vrste in koli\u010dine maziva je klju\u010dnega pomena za ohranjanje delovanja.<\/li>\n<li><strong>Zamenjava tesnila:<\/strong> Redno spremljanje stanja tesnil in njihova zamenjava po potrebi prepre\u010duje pu\u0161\u010danje teko\u010dine in vzdr\u017euje hidravli\u010dni tlak. To je klju\u010dnega pomena za zagotavljanje u\u010dinkovitosti in varnosti hidravli\u010dnega sistema.<\/li>\n<\/ul>\n<p>Pravilna namestitev, mazanje in nastavitev so klju\u010dnega pomena za podalj\u0161anje \u017eivljenjske dobe hidravli\u010dnih valjev. Pomembno je, da valj med namestitvijo natan\u010dno poravnate, saj lahko napa\u010dna poravnava povzro\u010di prezgodnjo obrabo in okvaro. Poleg tega bo uporaba ustreznih pritrdilnih nosilcev pomagala pritrditi valj na svoje mesto in prepre\u010dila premikanje. Redni pregledi in vzdr\u017eevanje bodo dodatno pove\u010dali zanesljivost hidravli\u010dnega sistema.<\/p>\n<p><img decoding=\"async\" src=\"https:\/\/www.hydraulic-cylinders.net\/wp-content\/uploads\/2025\/04\/songte-chushion-collar.webp\" alt=\"Komponente za vgradnjo cilindra\"><\/p>\n<h2>Varnostni vidiki in okoljski dejavniki<\/h2>\n<p>Pri uporabi hidravli\u010dnih cilindrov so varnostni ukrepi najpomembnej\u0161i. Upravljavci morajo biti usposobljeni za prepoznavanje morebitnih nevarnosti in upo\u0161tevanje varnostnih protokolov med upravljanjem strojev. Zagotavljanje pravilnega delovanja varnostnih funkcij in spremljanje okolja glede morebitnih tveganj lahko znatno zmanj\u0161a verjetnost nesre\u010d. Poleg tega je treba pozornost nameniti vplivu hidravli\u010dnih teko\u010din na okolje. Uporaba biorazgradljivih hidravli\u010dnih olj lahko zmanj\u0161a okoljska tveganja, povezana s pu\u0161\u010danjem ali razlitjem, in spodbuja trajnost pri delovanju opreme.<\/p>\n<h2>Diagnoza napak in pogoste te\u017eave<\/h2>\n<ul>\n<li><strong>Pu\u0161\u010danje teko\u010dine:<\/strong> Pogosta te\u017eava je pu\u0161\u010danje hidravli\u010dne teko\u010dine, ki lahko izvira iz obrabljenih tesnil ali po\u0161kodovanih komponent. Redni pregledi lahko pomagajo zgodaj odkriti pu\u0161\u010danja in prepre\u010diti nadaljnjo \u0161kodo.<\/li>\n<li><strong>Neodzivni valj:<\/strong> \u010ce se valj ne odziva na ukaze, je to lahko posledica nizke ravni hidravli\u010dne teko\u010dine ali zraka, ujetega v sistemu. To te\u017eavo lahko odpravite z odzra\u010devanjem sistema in zagotavljanjem ustrezne ravni teko\u010dine.<\/li>\n<li><strong>Prekomerni hrup:<\/strong> Nenavadni hrupi med delovanjem lahko ka\u017eejo na mehanske te\u017eave, kot so obrabljeni le\u017eaji ali nepravilna poravnava. Pravo\u010dasna preiskava vira hrupa je klju\u010dnega pomena za ohranjanje celovitosti sistema.<\/li>\n<\/ul>\n<h2>Nasveti za odpravljanje te\u017eav<\/h2>\n<p>Pri diagnosticiranju te\u017eav s hidravli\u010dnimi cilindri je bistvenega pomena sistemati\u010den pristop. Za\u010dnite s preverjanjem nivoja teko\u010dine in iskanjem vidnih znakov pu\u0161\u010danja. \u010ce se valj ne odziva, preverite, ali je v hidravli\u010dnem sistemu zrak, in ga po potrebi odzra\u010dite. V primeru prekomernega hrupa se prepri\u010dajte, da so komponente pravilno poravnane, in preverite obrabo gibljivih delov. Izvajanje preventivnih ukrepov, kot sta redno vzdr\u017eevanje in pregledi, bo pomagalo ubla\u017eiti morebitne te\u017eave, preden se stopnjujejo.<\/p>\n<p><img decoding=\"async\" src=\"https:\/\/www.hydraulic-cylinders.net\/wp-content\/uploads\/2025\/04\/songte-bushings-with-all-kinds-of-excavator-models.webp\" alt=\"Pogoste te\u017eave s hidravli\u010dnim cilindrom\"><\/p>\n<h2>O na\u0161em podjetju<\/h2>\n<p>Smo vodilni proizvajalec nadomestnih hidravli\u010dnih cilindrov, znani po na\u0161i \u0161iroki paleti izdelkov. Na\u0161a zavezanost odli\u010dnosti nas je uvrstila med vodilne proizvajalce in veletrgovce tako na doma\u010dem kot na mednarodnem trgu. Dr\u017eimo se najvi\u0161jih standardov kakovosti, pri \u010demer se zana\u0161amo na izpopolnjene proizvodne procese, najsodobnej\u0161o opremo in usposobljeno delovno silo, da zagotavljamo vrhunske izdelke.<\/p>\n<p>Na\u0161a osredoto\u010denost na inovacije in nadzor kakovosti zagotavlja, da izpolnjujemo raznolike potrebe na\u0161ih strank. Z mednarodnimi certifikati in zavezanostjo k zadovoljstvu strank ponujamo prilagodljive re\u0161itve, ki so usklajene s specifi\u010dnimi operativnimi zahtevami. Na\u0161e celovite poprodajne storitve \u0161e dodatno krepijo na\u0161o zavezanost kakovosti in zanesljivosti.<\/p>\n<p><img decoding=\"async\" src=\"https:\/\/www.hydraulic-cylinders.net\/wp-content\/uploads\/2025\/04\/songte-company-4.webp\" alt=\"Zagotavljanje kakovosti podjetja\"><br \/>\n<img decoding=\"async\" src=\"https:\/\/www.hydraulic-cylinders.net\/wp-content\/uploads\/2025\/04\/songte-company-3.webp\" alt=\"Proizvodni obrat podjetja\"><\/p>\n<p>Avtor: lyl<\/p>","protected":false},"excerpt":{"rendered":"<p>Boom Cylinder For Wacker E8003 Product Overview The Boom Cylinder for Wacker E8003 is a specialized hydraulic cylinder designed for controlling the movement of heavy machinery buckets, such as those found in excavators, backhoe loaders, and front-end loaders. These cylinders are essential in facilitating the lifting, lowering, and tilting of buckets, streamlining material handling tasks [&hellip;]<\/p>","protected":false},"featured_media":17878,"comment_status":"open","ping_status":"closed","template":"","meta":{"_et_pb_use_builder":"","_et_pb_old_content":"","_et_gb_content_width":""},"product_brand":[],"product_cat":[1546],"product_tag":[1547,1496],"class_list":{"0":"post-19630","1":"product","2":"type-product","3":"status-publish","4":"has-post-thumbnail","6":"product_cat-boom-cylinders","7":"product_tag-boom-cylinders","8":"product_tag-hydraulic-cylinders","10":"first","11":"instock","12":"shipping-taxable","13":"product-type-simple"},"amp_enabled":true,"_links":{"self":[{"href":"https:\/\/www.hydraulic-cylinders.net\/sl\/wp-json\/wp\/v2\/product\/19630","targetHints":{"allow":["GET"]}}],"collection":[{"href":"https:\/\/www.hydraulic-cylinders.net\/sl\/wp-json\/wp\/v2\/product"}],"about":[{"href":"https:\/\/www.hydraulic-cylinders.net\/sl\/wp-json\/wp\/v2\/types\/product"}],"replies":[{"embeddable":true,"href":"https:\/\/www.hydraulic-cylinders.net\/sl\/wp-json\/wp\/v2\/comments?post=19630"}],"wp:featuredmedia":[{"embeddable":true,"href":"https:\/\/www.hydraulic-cylinders.net\/sl\/wp-json\/wp\/v2\/media\/17878"}],"wp:attachment":[{"href":"https:\/\/www.hydraulic-cylinders.net\/sl\/wp-json\/wp\/v2\/media?parent=19630"}],"wp:term":[{"taxonomy":"product_brand","embeddable":true,"href":"https:\/\/www.hydraulic-cylinders.net\/sl\/wp-json\/wp\/v2\/product_brand?post=19630"},{"taxonomy":"product_cat","embeddable":true,"href":"https:\/\/www.hydraulic-cylinders.net\/sl\/wp-json\/wp\/v2\/product_cat?post=19630"},{"taxonomy":"product_tag","embeddable":true,"href":"https:\/\/www.hydraulic-cylinders.net\/sl\/wp-json\/wp\/v2\/product_tag?post=19630"}],"curies":[{"name":"delovni list","href":"https:\/\/api.w.org\/{rel}","templated":true}]}}