{"id":19632,"date":"2025-04-07T06:58:31","date_gmt":"2025-04-07T06:58:31","guid":{"rendered":"https:\/\/www.hydraulic-cylinders.net\/product\/boom-cylinder-for-wacker-e238\/"},"modified":"2025-04-07T06:58:34","modified_gmt":"2025-04-07T06:58:34","slug":"boom-cylinder-for-wacker-e238","status":"publish","type":"product","link":"https:\/\/www.hydraulic-cylinders.net\/sl\/izdelek\/boom-cylinder-for-wacker-e238\/","title":{"rendered":"Cilinder roke za Wacker E238"},"content":{"rendered":"<h1>Cilinder roke za Wacker E238<\/h1>\n<h2>Uvod v cilinder roke<\/h2>\n<p>Cilinder roke je klju\u010dna komponenta hidravli\u010dnega sistema te\u017ekih strojev, posebej zasnovana za nadzor gibanja \u017elic v bagrih, bagrih nakladalnikih in \u010delnih nakladalnikih. Omogo\u010da dvigovanje, spu\u0161\u010danje in nagibanje \u017elice, kar olaj\u0161a u\u010dinkovito ravnanje z materiali. V bistvu je cilinder \u017elice vrsta hidravli\u010dnega cilindra, ki zagotavlja natan\u010den nadzor in nemoteno delovanje razli\u010dnih mehanskih sistemov.<\/p>\n<p><img decoding=\"async\" src=\"https:\/\/www.hydraulic-cylinders.net\/wp-content\/uploads\/2025\/04\/songte-company-1.webp\" alt=\"Cilinder roke\"><\/p>\n<h3>Definicija in pregled<\/h3>\n<p>Hidravli\u010dni cilindri, vklju\u010dno z cilindri roke, delujejo tako, da pretvarjajo hidravli\u010dno energijo v mehansko silo, kar omogo\u010da strojem, da opravljajo naloge, ki zahtevajo dvigovanje, kopanje ali premikanje materialov. So bistveni v gradbeni\u0161tvu in kmetijstvu, kjer sta za u\u010dinkovitost in produktivnost potrebna dvigovanje te\u017ekih bremen in natan\u010dno premikanje.<\/p>\n<h2>Zna\u010dilnosti cilindra roke<\/h2>\n<ul>\n<li><strong>Visoka trdnost in vzdr\u017eljivost:<\/strong> Obi\u010dajno so izdelani iz visoko trdnega jekla ali aluminija, ki lahko prenese visok tlak in velike obremenitve, hkrati pa se prilagajajo zahtevnim delovnim okoljem.<\/li>\n<li><strong>U\u010dinkovito hidravli\u010dno delovanje:<\/strong> Uporablja hidravli\u010dni tlak olja za gladko iztegovanje in vstavljanje, se hitro odziva na krmilne ukaze in zagotavlja mo\u010dno potisno in vle\u010dno silo.<\/li>\n<li><strong>Razli\u010dne vrste:<\/strong> Na voljo v enojno ali dvostransko delujo\u010dih konfiguracijah za razli\u010dne operativne potrebe, pri \u010demer imajo nekateri modeli teleskopske zasnove za ve\u010dji izvle\u010dek brez pove\u010danja zunanjih dimenzij.<\/li>\n<li><strong>Vzdr\u017eevalno prijazna zasnova:<\/strong> Zasnovan za enostaven dostop do komponent, kar poenostavlja vzdr\u017eevanje in skraj\u0161a \u010das izpada.<\/li>\n<li><strong>Odli\u010dni tesnilni mehanizmi:<\/strong> Vklju\u010duje napredne tehnologije tesnjenja za zmanj\u0161anje pu\u0161\u010danja in podalj\u0161anje \u017eivljenjske dobe cilindra.<\/li>\n<\/ul>\n<h2>Uporaba cilindra roke<\/h2>\n<h3>Gradbena oprema<\/h3>\n<p>Pri bagrih so cilindri roke klju\u010dni za kopanje, nakladanje in premikanje zemlje ali ru\u0161evin. Zagotavljajo potrebno silo za dvigovanje in premik \u017elice, kar omogo\u010da u\u010dinkovito izkopavanje. Zasnova teh cilindrov zagotavlja, da lahko obvladajo zahteve zahtevnih gradbenih okolij.<\/p>\n<h3>Kmetijska mehanizacija<\/h3>\n<p>Pri \u010delnih nakladalnikih se cilindri roke uporabljajo za zajemanje, dvigovanje in prevoz zemlje, sena in drugih materialov. Njihova robustna zasnova jim omogo\u010da, da obvladujejo te\u017eke tovore, hkrati pa ohranjajo stabilnost med delovanjem. Ta zanesljivost je bistvenega pomena za kmetijske strokovnjake, ki se za vsakodnevna opravila zana\u0161ajo na te\u017eko mehanizacijo.<\/p>\n<h3>Bagri<\/h3>\n<p>Cilindri roke v bagrih omogo\u010dajo, da \u017elica med kopanjem u\u010dinkovito prodre v zemljo. Njihove hidravli\u010dne zmogljivosti zagotavljajo potrebno silo za globoko izkopavanje, zaradi \u010desar so nepogre\u0161ljivi pri gradbenih in krajinskih projektih.<\/p>\n<h3>Nakladalci<\/h3>\n<p>Pri \u010delnih nakladalnikih cilindri roke pomagajo pri u\u010dinkovitem dvigovanju in odlaganju materialov. Hidravli\u010dna mo\u010d omogo\u010da hitro in u\u010dinkovito delovanje, kar je klju\u010dnega pomena za ohranjanje produktivnosti na gradbi\u0161\u010dih.<\/p>\n<h2>Oblikovalski vidiki in izbirna merila<\/h2>\n<ul>\n<li><strong>Nosilnost:<\/strong> The design must withstand the maximum load during operations. Ensuring the cylinder&#8217;s load capacity matches the machinery&#8217;s requirements is essential for safety and performance.<\/li>\n<li><strong>Celovitost tesnjenja:<\/strong> U\u010dinkovito tesnjenje prepre\u010duje pu\u0161\u010danje hidravli\u010dne teko\u010dine, kar je klju\u010dnega pomena za vzdr\u017eevanje tlaka in obratovalne u\u010dinkovitosti. Izbira visokokakovostnih tesnilnih materialov je bistvenega pomena za vzdr\u017eljivost.<\/li>\n<li><strong>Vzdr\u017eljivost:<\/strong> Materiali, uporabljeni pri izdelavi cilindra roke, morajo biti odporni proti obrabi in koroziji, da se zagotovi dolga \u017eivljenjsko doba, zlasti v zahtevnih okoljih.<\/li>\n<li><strong>Varnostne funkcije:<\/strong> Vklju\u010ditev varnostnih mehanizmov, kot sta za\u0161\u010dita pred preobremenitvijo in varnostni ventili, je klju\u010dnega pomena za prepre\u010devanje nesre\u010d in po\u0161kodb opreme med delovanjem.<\/li>\n<li><strong>Dostopnost vzdr\u017eevanja:<\/strong> Zasnova cilindra za enostaven dostop do komponent poenostavlja redne preglede in vzdr\u017eevanje, kar znatno skraj\u0161a \u010das izpada.<\/li>\n<\/ul>\n<p><img decoding=\"async\" src=\"https:\/\/www.hydraulic-cylinders.net\/wp-content\/uploads\/2025\/04\/songte-oil-pipes-and-spare-parts.webp\" alt=\"Hidravli\u010dne komponente\"><\/p>\n<h2>Tesnjenje in mazanje<\/h2>\n<p>Pravilno tesnjenje je klju\u010dnega pomena pri hidravli\u010dnih cilindrih za ohranjanje u\u010dinkovitosti delovanja in prepre\u010devanje pu\u0161\u010danja. Razli\u010dna tesnila, vklju\u010dno s tesnili bata in ojnice, so izdelana iz trpe\u017enih materialov, kot sta poliuretan in nitrilna guma, da so odporna proti obrabi. Telo cilindra in navojne kon\u010dne povr\u0161ine so fino obdelane za ve\u010djo odpornost proti obrabi. Redno mazanje s hidravli\u010dnim oljem je potrebno za zagotovitev nemotenega delovanja in prepre\u010devanje po\u0161kodb zaradi trenja.<\/p>\n<h2>Redni pregledi in preventivno vzdr\u017eevanje<\/h2>\n<ul>\n<li><strong>Redni pregledi:<\/strong> Redno preverjajte znake obrabe, pu\u0161\u010danja in strukturne celovitosti, da odkrijete te\u017eave, preden se stopnjujejo. Zgodnje odkrivanje lahko prepre\u010di draga popravila in izpade.<\/li>\n<li><strong>Pravilno mazanje:<\/strong> Zagotovite vzdr\u017eevanje ravni hidravli\u010dnega olja in mazanje gibljivih delov, da izbolj\u0161ate delovanje in podalj\u0161ate \u017eivljenjsko dobo cilindra.<\/li>\n<li><strong>Zamenjava tesnila:<\/strong> Redno menjajte obrabljena tesnila, da vzdr\u017eujete hidravli\u010dni tlak in prepre\u010dite pu\u0161\u010danje, s \u010dimer zagotovite u\u010dinkovito delovanje sistema.<\/li>\n<\/ul>\n<h2>Navodila za namestitev<\/h2>\n<p>Pravilna namestitev cilindra roke je klju\u010dnega pomena za optimalno delovanje. Najprej zagotovite, da so nosilci pravilno poravnani in varno pritrjeni. Uporabite ustrezno monta\u017eno opremo, da prepre\u010dite premikanje med delovanjem. Pred namestitvijo na tesnila nanesite tanko plast hidravli\u010dnega olja, da zagotovite bolj gladko delovanje. Po namestitvi preverite poravnavo in jo po potrebi prilagodite, da prepre\u010dite prekomerno obremenitev cilindra med uporabo. Na koncu izvedite testno delovanje, da se prepri\u010date, da vse funkcije delujejo pravilno brez pu\u0161\u010danja ali nenavadnih zvokov.<\/p>\n<p><img decoding=\"async\" src=\"https:\/\/www.hydraulic-cylinders.net\/wp-content\/uploads\/2025\/04\/songte-chushion-collar.webp\" alt=\"Navodila za namestitev\"><\/p>\n<h2>Varnostni vidiki in okoljski dejavniki<\/h2>\n<p>Med delovanjem hidravli\u010dnih cilindrov je klju\u010dnega pomena dati prednost varnosti. Upravljavci se morajo dr\u017eati varnostnih protokolov in uporabljati osebno za\u0161\u010ditno opremo, da bi zmanj\u0161ali tveganja. Upo\u0161tevati je treba tudi okoljske dejavnike, kot so ekstremne temperature in izpostavljenost korozivnim snovem, saj lahko vplivajo na delovanje in \u017eivljenjsko dobo hidravli\u010dnih komponent.<\/p>\n<h2>Odpravljanje te\u017eav in pogoste te\u017eave<\/h2>\n<ul>\n<li><strong>Pu\u0161\u010danje:<\/strong> Pogosto je vzrok obrabljena tesnila ali nepravilna namestitev. Preverite tesnila in jih po potrebi zamenjajte, da odpravite te\u017eave s pu\u0161\u010danjem.<\/li>\n<li><strong>Slaba zmogljivost:<\/strong> To je lahko posledica nezadostne koli\u010dine hidravli\u010dne teko\u010dine ali zraka v sistemu. Prepri\u010dajte se, da je nivo teko\u010dine ustrezen, in po potrebi odzra\u010dite sistem.<\/li>\n<li><strong>Nepri\u010dakovano gibanje:<\/strong> Lahko ka\u017ee na okvaro krmilnega sistema ali obrabljene komponente. Opravite temeljit pregled, da ugotovite in odpravite osnovne te\u017eave.<\/li>\n<\/ul>\n<h2>Nasveti za odpravljanje te\u017eav<\/h2>\n<p>To effectively diagnose and resolve issues, it&#8217;s essential to conduct regular maintenance checks and monitor performance closely. Document any anomalies and perform root cause analysis to prevent recurring problems. Implement preventive measures, such as regular inspections and prompt repairs, to minimize potential issues and ensure the hydraulic system operates smoothly.<\/p>\n<p><img decoding=\"async\" src=\"https:\/\/www.hydraulic-cylinders.net\/wp-content\/uploads\/2025\/04\/songte-bushings-with-all-kinds-of-excavator-models.webp\" alt=\"Nasveti za odpravljanje te\u017eav\"><\/p>\n<h2>O na\u0161em podjetju<\/h2>\n<p>Smo vodilni proizvajalec in veletrgovec hidravli\u010dnih cilindrov, ki ponuja \u0161iroko paleto izdelkov na doma\u010dem in mednarodnem trgu. Na\u0161a zavezanost odli\u010dnosti se odra\u017ea v na\u0161ih izpopolnjenih proizvodnih procesih, ki jih podpira usposobljeno tehni\u010dno osebje in napredna digitalna proizvodna oprema. Nenehno izbolj\u0161ujemo na\u0161e proizvodne zmogljivosti, da bi zadostili raznolikim potrebam na\u0161ih strank in zagotovili visoko u\u010dinkovitost, natan\u010dnost in vrhunsko kakovost izdelkov.<\/p>\n<p><img decoding=\"async\" src=\"https:\/\/www.hydraulic-cylinders.net\/wp-content\/uploads\/2025\/04\/songte-company-4.webp\" alt=\"Na\u0161e podjetje\"><br \/>\n<img decoding=\"async\" src=\"https:\/\/www.hydraulic-cylinders.net\/wp-content\/uploads\/2025\/04\/songte-company-3.webp\" alt=\"Paleta izdelkov\"><\/p>\n<p>Ponujamo re\u0161itve po meri, prilagojene va\u0161im specifi\u010dnim zahtevam, s \u010dimer zagotavljamo, da na\u0161i izdelki ustrezajo mednarodnim standardom. Na\u0161a namenska poprodajna storitev \u0161e dodatno pove\u010duje zadovoljstvo strank in zagotavlja podporo skozi celoten \u017eivljenjski cikel izdelka. Zaupajte nam vse va\u0161e potrebe glede hidravli\u010dnih cilindrov.<\/p>\n<p>Avtor: lyl<\/p>","protected":false},"excerpt":{"rendered":"<p>Boom Cylinder For Wacker E238 Introduction to Boom Cylinder The Boom Cylinder is a vital component in the hydraulic system of heavy machinery, specifically designed for controlling the movement of buckets in excavators, backhoe loaders, and front loaders. It enables the bucket to lift, lower, and tilt, facilitating efficient material handling tasks. In essence, the [&hellip;]<\/p>","protected":false},"featured_media":17880,"comment_status":"open","ping_status":"closed","template":"","meta":{"_et_pb_use_builder":"","_et_pb_old_content":"","_et_gb_content_width":""},"product_brand":[],"product_cat":[1546],"product_tag":[1547,1496],"class_list":{"0":"post-19632","1":"product","2":"type-product","3":"status-publish","4":"has-post-thumbnail","6":"product_cat-boom-cylinders","7":"product_tag-boom-cylinders","8":"product_tag-hydraulic-cylinders","10":"first","11":"instock","12":"shipping-taxable","13":"product-type-simple"},"amp_enabled":true,"_links":{"self":[{"href":"https:\/\/www.hydraulic-cylinders.net\/sl\/wp-json\/wp\/v2\/product\/19632","targetHints":{"allow":["GET"]}}],"collection":[{"href":"https:\/\/www.hydraulic-cylinders.net\/sl\/wp-json\/wp\/v2\/product"}],"about":[{"href":"https:\/\/www.hydraulic-cylinders.net\/sl\/wp-json\/wp\/v2\/types\/product"}],"replies":[{"embeddable":true,"href":"https:\/\/www.hydraulic-cylinders.net\/sl\/wp-json\/wp\/v2\/comments?post=19632"}],"wp:featuredmedia":[{"embeddable":true,"href":"https:\/\/www.hydraulic-cylinders.net\/sl\/wp-json\/wp\/v2\/media\/17880"}],"wp:attachment":[{"href":"https:\/\/www.hydraulic-cylinders.net\/sl\/wp-json\/wp\/v2\/media?parent=19632"}],"wp:term":[{"taxonomy":"product_brand","embeddable":true,"href":"https:\/\/www.hydraulic-cylinders.net\/sl\/wp-json\/wp\/v2\/product_brand?post=19632"},{"taxonomy":"product_cat","embeddable":true,"href":"https:\/\/www.hydraulic-cylinders.net\/sl\/wp-json\/wp\/v2\/product_cat?post=19632"},{"taxonomy":"product_tag","embeddable":true,"href":"https:\/\/www.hydraulic-cylinders.net\/sl\/wp-json\/wp\/v2\/product_tag?post=19632"}],"curies":[{"name":"delovni list","href":"https:\/\/api.w.org\/{rel}","templated":true}]}}