{"id":19633,"date":"2025-04-07T06:58:34","date_gmt":"2025-04-07T06:58:34","guid":{"rendered":"https:\/\/www.hydraulic-cylinders.net\/product\/boom-cylinder-for-aotai-at80e-9\/"},"modified":"2025-04-07T06:58:37","modified_gmt":"2025-04-07T06:58:37","slug":"boom-cylinder-for-aotai-at80e-9","status":"publish","type":"product","link":"https:\/\/www.hydraulic-cylinders.net\/sl\/izdelek\/boom-cylinder-for-aotai-at80e-9\/","title":{"rendered":"Cilinder roke za Aotai AT80E-9"},"content":{"rendered":"<h1>Cilinder roke za Aotai AT80E-9<\/h1>\n<h2>Pregled izdelka<\/h2>\n<p>Hidravli\u010dni cilinder roke za Aotai AT80E-9 je klju\u010dna komponenta, zasnovana posebej za te\u017eko mehanizacijo. Ta hidravli\u010dni cilinder nadzoruje gibanje roke in omogo\u010da u\u010dinkovito dvigovanje, spu\u0161\u010danje in nagibanje \u017elice. Ti cilindri so bistveni za u\u010dinkovito izvajanje nalog ravnanja z materiali pri razli\u010dnih aplikacijah, zlasti pri gradbeni\u0161tvu in izkopavanjih.<\/p>\n<p><img decoding=\"async\" src=\"https:\/\/www.hydraulic-cylinders.net\/wp-content\/uploads\/2025\/04\/songte-company-1.webp\" alt=\"Slika cilindra roke\"><\/p>\n<h3>Definicija in funkcija<\/h3>\n<p>Hidravli\u010dni cilinder \u017elice je vrsta hidravli\u010dnega cilindra, posebej zasnovanega za upravljanje gibanja \u017elic v te\u017ekih strojih, kot so bagri, bagri nakladalniki in \u010delni nakladalniki. Njegova glavna funkcija je olaj\u0161anje dvigovanja, spu\u0161\u010danja in nagibanja \u017elice, kar je klju\u010dnega pomena za u\u010dinkovito ravnanje z materiali. Ti cilindri uporabljajo hidravli\u010dno teko\u010dino za ustvarjanje sile in gibanja, zaradi \u010desar so nepogre\u0161ljivi v hidravli\u010dnih sistemih. Cilinder \u017elice pretvarja hidravli\u010dno energijo v mehansko energijo, kar omogo\u010da natan\u010den nadzor nad gibanjem \u017elice in s tem pove\u010duje produktivnost in u\u010dinkovitost na delovnih mestih.<\/p>\n<h2>Zna\u010dilnosti cilindra roke<\/h2>\n<ul>\n<li><strong>Visoka trdnost in vzdr\u017eljivost:<\/strong> Ti cilindri, izdelani iz visoko trdnega jekla ali aluminija, so zasnovani tako, da prenesejo visok tlak in velike obremenitve, hkrati pa se prilagajajo zahtevnim delovnim okoljem. Njihova zasnova vklju\u010duje odpornost proti obrabi in koroziji, kar znatno podalj\u0161a njihovo \u017eivljenjsko dobo.<\/li>\n<li><strong>U\u010dinkovito hidravli\u010dno delovanje:<\/strong> Cilinder u\u010dinkovito deluje s pomo\u010djo tlaka hidravli\u010dnega olja, kar zagotavlja gladko iztegovanje in vle\u010denje. Hitro se odziva na krmilne ukaze in zagotavlja mo\u010dno potisno in vle\u010dno silo, zaradi \u010desar je primeren za opravljanje te\u017ekih in kompleksnih nalog.<\/li>\n<li><strong>Razli\u010dne vrste:<\/strong> Cilindri roke so na voljo v razli\u010dnih vrstah, vklju\u010dno z enosmerno delujo\u010dimi (hidravli\u010dna sila se uporablja v eni smeri) in dvosmerno delujo\u010dimi (hidravli\u010dna sila se uporablja v obeh smereh). Nekatere razli\u010dice so teleskopske, kar omogo\u010da ve\u010dji izvle\u010dek brez pove\u010danja zunanjih dimenzij, zaradi \u010desar so idealne za kompaktne aplikacije.<\/li>\n<li><strong>Enostavna namestitev:<\/strong> Ti cilindri so zasnovani za enostavno namestitev, kar zagotavlja zdru\u017eljivost z razli\u010dnimi modeli te\u017eke mehanizacije, zaradi \u010desar je zamenjava in vzdr\u017eevanje brez te\u017eav.<\/li>\n<li><strong>Stro\u0161kovna u\u010dinkovitost:<\/strong> Z izbiro na\u0161ih cilindrov roke lahko stranke dose\u017eejo znatne prihranke pri popravilih in zamenjavah, ne da bi pri tem \u017ertvovale zmogljivost ali kakovost.<\/li>\n<\/ul>\n<p>Izdelujemo te cilindre roke, ki zagotavljajo popolno zamenjavo za obstoje\u010de hidravli\u010dne cilindre na trgu.<\/p>\n<p><img decoding=\"async\" src=\"https:\/\/www.hydraulic-cylinders.net\/wp-content\/uploads\/2025\/04\/songte-cylinder-head-with-all-kinds-excavator-models.webp\" alt=\"Modeli bagrov\"><\/p>\n<h2>Uporaba cilindra roke<\/h2>\n<h3>Gradbena oprema<\/h3>\n<p>V gradbeni opremi ima cilinder roke klju\u010dno vlogo pri bagrih pri kopanju, nakladanju in premikanju zemlje ali ru\u0161evin. U\u010dinkovito upravlja dvigovanje in spu\u0161\u010danje roke, kar omogo\u010da natan\u010dna izkopavanja. Hidravli\u010dni cilinder lahko dvigne te\u017eke bremena, zaradi \u010desar je bistvenega pomena za gradbena dela, kjer sta u\u010dinkovitost in hitrost klju\u010dnega pomena za \u010dasovni okvir projekta.<\/p>\n<h3>Kmetijska mehanizacija<\/h3>\n<p>V kmetijstvu se cilinder roke uporablja v \u010delnih nakladalnikih za zajemanje, dvigovanje in prevoz zemlje, sena in drugih materialov. Hidravli\u010dna mo\u010d omogo\u010da hitro in u\u010dinkovito ravnanje s te\u017ekimi bremeni, kar je bistvenega pomena pri kmetijskih opravilih, kjer \u010das in u\u010dinkovitost neposredno vplivata na produktivnost in pridelek.<\/p>\n<h3>Bagri<\/h3>\n<p>Pri bagrih cilinder roke olaj\u0161a kopanje, saj omogo\u010da, da \u017elica u\u010dinkovito prodre v zemljo. Ta sposobnost je klju\u010dnega pomena za razli\u010dne aplikacije, vklju\u010dno z izkopavanjem jarkov in pripravo gradbi\u0161\u010da, kjer je za doseganje \u017eelenih rezultatov brez po\u0161kodb okoli\u0161kih obmo\u010dij potrebna natan\u010dnost.<\/p>\n<h3>Nakladalci<\/h3>\n<p>Pri \u010delnih nakladalnikih cilindri roke pomagajo pri u\u010dinkovitem dvigovanju in odlaganju materialov. Hidravli\u010dni cilindri zagotavljajo potrebno silo za dvigovanje te\u017ekih bremen, kar zagotavlja natan\u010den prevoz in odlaganje materialov, kar je bistveno tako pri gradbenih kot tudi pri ravnanju z materiali.<\/p>\n<h2>Oblikovalski vidiki in izbirna merila<\/h2>\n<h3>Nosilnost<\/h3>\n<p>Nosilnost cilindra roke je klju\u010dni dejavnik pri na\u010drtovanju. Mora biti sposoben prenesti najve\u010djo te\u017eo bremen, s katerimi se sre\u010dujemo pri razli\u010dnih aplikacijah. Izbira cilindra z ustrezno nosilnostjo zagotavlja varnost in u\u010dinkovitost med delovanjem. Premajhen valj lahko povzro\u010di okvaro ali po\u0161kodbo, prevelik valj pa lahko nepotrebno pove\u010da stro\u0161ke.<\/p>\n<h3>Celovitost tesnjenja<\/h3>\n<p>U\u010dinkovito tesnjenje je pri hidravli\u010dnih cilindrih klju\u010dnega pomena, da se prepre\u010di pu\u0161\u010danje teko\u010dine, kar lahko povzro\u010di te\u017eave z delovanjem in pove\u010dane stro\u0161ke vzdr\u017eevanja. Visokokakovostna tesnila iz trpe\u017enih materialov, kot sta poliuretan in nitrilna guma, so bistvena za zagotavljanje dolge \u017eivljenjske dobe in zanesljivosti. Zasnova mora omogo\u010dati enostavno zamenjavo tesnila, da se olaj\u0161a vzdr\u017eevanje.<\/p>\n<h3>Vzdr\u017eljivost<\/h3>\n<p>Vzdr\u017eljivost je pomemben dejavnik za hidravli\u010dne cilindre, ki delujejo v zahtevnih okoljih. Materiali, uporabljeni pri izdelavi, morajo biti odporni proti obrabi in koroziji. Premazi in obdelave, ki se uporabljajo na ohi\u0161ju cilindra, lahko pove\u010dajo vzdr\u017eljivost, podalj\u0161ajo \u017eivljenjsko dobo izdelka in zmanj\u0161ajo pogostost zamenjav.<\/p>\n<h3>Varnostne funkcije<\/h3>\n<p>Varnost je pri na\u010drtovanju hidravli\u010dnih cilindrov najpomembnej\u0161i dejavnik. Vklju\u010ditev funkcij, kot so tla\u010dni varnostni ventili in mehanizmi za zaklepanje, lahko pove\u010da varnost med delovanjem. Te funkcije prepre\u010dujejo nesre\u010de zaradi nepri\u010dakovanih tla\u010dnih sunkov ali odpovedi cilindra, kar zagotavlja varnost upravljavcev in strojev.<\/p>\n<h3>Dostopnost vzdr\u017eevanja<\/h3>\n<p>Zasnova hidravli\u010dnih cilindrov za enostaven dostop za vzdr\u017eevanje je klju\u010dnega pomena. Vzdr\u017eevalna opravila, kot sta mazanje in zamenjava tesnil, morajo biti preprosta, da se \u010dim bolj zmanj\u0161a \u010das izpada. Dobro zasnovan valj lahko znatno zmanj\u0161a stro\u0161ke vzdr\u017eevanja in izbolj\u0161a operativno u\u010dinkovitost.<\/p>\n<p><img decoding=\"async\" src=\"https:\/\/www.hydraulic-cylinders.net\/wp-content\/uploads\/2025\/04\/songte-oil-pipes-and-spare-parts.webp\" alt=\"Oljne cevi in \u200b\u200brezervni deli\"><\/p>\n<h2>Tesnjenje in mazanje<\/h2>\n<p>U\u010dinkovito tesnjenje in mazanje sta klju\u010dnega pomena za ohranjanje delovanja hidravli\u010dnih cilindrov. Razli\u010dna tesnila, vklju\u010dno s tesnili bata in ojnice, so bistvena za prepre\u010devanje pu\u0161\u010danja hidravli\u010dne teko\u010dine. Izbira tesnilnih materialov, kot sta poliuretan ali nitrilna guma, zagotavlja odpornost na obrabo in okoljske pogoje.<\/p>\n<p>Poleg tega sta ohi\u0161je valja in navojni konci natan\u010dno obdelani za ve\u010djo vzdr\u017eljivost in zmogljivost. Redno mazanje z ustreznim hidravli\u010dnim oljem je potrebno za zmanj\u0161anje trenja in obrabe gibljivih komponent. Ta vzdr\u017eevalni korak pomaga zagotoviti nemoteno delovanje in podalj\u0161a \u017eivljenjsko dobo hidravli\u010dnega valja.<\/p>\n<h2>Redno vzdr\u017eevanje in preventivni ukrepi<\/h2>\n<ul>\n<li><strong>In\u0161pekcijski pregledi:<\/strong> Redne preglede je treba izvajati, da se odkrije obraba ali morebitne te\u017eave, preden se stopnjujejo. Ta proaktivni pristop lahko prepre\u010di draga popravila in izpade.<\/li>\n<li><strong>Mazanje:<\/strong> Zagotavljanje ustreznega mazanja hidravli\u010dnih valjev je bistvenega pomena za nemoteno delovanje. Redno preverjanje in dolivanje hidravli\u010dnega olja lahko prepre\u010di prekomerno obrabo in podalj\u0161a \u017eivljenjsko dobo valjev.<\/li>\n<li><strong>Zamenjava tesnila:<\/strong> S\u010dasoma se lahko tesnila obrabijo, kar povzro\u010di pu\u0161\u010danje. Redno spremljanje in pravo\u010dasna zamenjava obrabljenih tesnil sta klju\u010dnega pomena za ohranjanje delovanja in prepre\u010devanje izgube hidravli\u010dne teko\u010dine.<\/li>\n<\/ul>\n<h2>Navodila za namestitev<\/h2>\n<p>Pravilna namestitev cilindra roke je bistvenega pomena za optimalno delovanje. Najprej se prepri\u010dajte, da so vse komponente \u010diste in brez umazanije. Cilinder natan\u010dno poravnajte z nosilci, da prepre\u010dite prekomerno obremenitev cilindra. Uporaba ustreznih nosilcev je klju\u010dnega pomena za pritrditev cilindra na svoje mesto.<\/p>\n<p>Po poravnavi privijte vse vijake v skladu s specifikacijami proizvajalca, da zagotovite varno prileganje. Dvakrat preverite, ali so hidravli\u010dne povezave tesne in ne pu\u0161\u010dajo. Po namestitvi postopoma preizkusite delovanje cilindra in preverite morebitne nenavadne zvoke ali pu\u0161\u010danja. Pravilna poravnava in varna namestitev lahko znatno zmanj\u0161ata te\u017eave med delovanjem.<\/p>\n<h2>Pogosta vzdr\u017eevalna opravila<\/h2>\n<h3>Redni pregledi<\/h3>\n<p>Redni pregledi hidravli\u010dnih cilindrov so klju\u010dnega pomena za zgodnje odkrivanje morebitnih te\u017eav. Preverite cilindre glede znakov obrabe, pu\u0161\u010danja ali po\u0161kodb. Ta proaktivni pristop lahko prepre\u010di nepri\u010dakovane okvare in pove\u010da zanesljivost hidravli\u010dnih sistemov.<\/p>\n<h3>Pravilno mazanje<\/h3>\n<p>Vzdr\u017eevanje ustrezne ravni mazanja je bistvenega pomena za prepre\u010devanje obrabe in zagotavljanje nemotenega delovanja. Redno preverjajte nivo hidravli\u010dnega olja in ga po potrebi dolijte. Uporaba pravilne vrste hidravli\u010dnega olja je klju\u010dnega pomena za optimalno delovanje in dolgo \u017eivljenjsko dobo cilindra.<\/p>\n<h3>Zamenjava tesnil in preverjanje kalibracije<\/h3>\n<p>Redno preverjajte obrabo tesnil in jih po potrebi zamenjajte, da prepre\u010dite pu\u0161\u010danje. Preverjanje kalibracije zagotavlja, da jeklenka deluje znotraj dolo\u010denih parametrov. Pravilno delujo\u010da tesnila in kalibrirane jeklenke pove\u010dajo operativno u\u010dinkovitost in varnost.<\/p>\n<p><img decoding=\"async\" src=\"https:\/\/www.hydraulic-cylinders.net\/wp-content\/uploads\/2025\/04\/songte-chushion-collar.webp\" alt=\"Blazinasti ovratnik\"><\/p>\n<h2>Varnostni vidiki in okoljski dejavniki<\/h2>\n<p>Pri uporabi hidravli\u010dnih cilindrov so varnostni ukrepi najpomembnej\u0161i. Upravljavci morajo biti usposobljeni za prepoznavanje morebitnih nevarnosti, povezanih s hidravli\u010dno opremo. Pri upravljanju strojev, opremljenih s hidravli\u010dnimi cilindri, je treba uporabljati za\u0161\u010ditno opremo in upo\u0161tevati varnostne protokole. Pri na\u010drtovanju in vzdr\u017eevanju hidravli\u010dnih cilindrov je treba upo\u0161tevati tudi okoljske dejavnike, kot so temperaturna nihanja in izpostavljenost korozivnim snovem, da se zagotovi zanesljivost in dolga \u017eivljenjsko dobo.<\/p>\n<h2>Odpravljanje te\u017eav in pogoste te\u017eave<\/h2>\n<ul>\n<li><strong>Neodzivni valj:<\/strong> \u010ce se valj ne odziva na krmiljenje, preverite nivo hidravli\u010dne teko\u010dine in morebitna pu\u0161\u010danja v sistemu. Prepri\u010dajte se, da hidravli\u010dna \u010drpalka deluje pravilno.<\/li>\n<li><strong>Pu\u0161\u010danje teko\u010dine:<\/strong> Pu\u0161\u010danje teko\u010dine lahko ka\u017ee na obrabljena tesnila ali po\u0161kodovane komponente valja. Preverite tesnila glede obrabe in jih po potrebi zamenjajte, da prepre\u010dite izgubo teko\u010dine.<\/li>\n<li><strong>Nenavadni zvoki:<\/strong> Nenavadni hrupi med delovanjem lahko ka\u017eejo na notranje po\u0161kodbe ali nezadostno mazanje. Izvedite temeljite preglede, da ugotovite in odpravite vzrok.<\/li>\n<\/ul>\n<p>Z preventivnimi ukrepi, kot sta redno vzdr\u017eevanje in pregledi, lahko zmanj\u0161ate morebitne te\u017eave in pove\u010date zanesljivost hidravli\u010dnih sistemov.<\/p>\n<p><img decoding=\"async\" src=\"https:\/\/www.hydraulic-cylinders.net\/wp-content\/uploads\/2025\/04\/songte-bushings-with-all-kinds-of-excavator-models.webp\" alt=\"Pu\u0161a z modeli bagrov\"><\/p>\n<h2>Predstavitev podjetja<\/h2>\n<p>Smo vodilni proizvajalec nadomestnih hidravli\u010dnih cilindrov in ponujamo \u0161iroko paleto izdelkov, ki ustrezajo tako doma\u010demu kot mednarodnemu trgu. Na\u0161o zavezanost k odli\u010dnosti kakovosti podpirajo izpopolnjeni proizvodni procesi in robustna strategija upravljanja proizvodnje. Za nenehno izbolj\u0161evanje na\u0161e proizvodne platforme uporabljamo napredno tehnologijo, usposobljeno osebje in inovativne sisteme testiranja.<\/p>\n<p>Na\u0161e proizvodne zmogljivosti nam omogo\u010dajo, da u\u010dinkovito izpolnjujemo raznolike potrebe strank, s poudarkom na visoki u\u010dinkovitosti, natan\u010dnosti in kakovosti. Z mednarodnimi certifikati in prilagojenimi storitvami zagotavljamo, da na\u0161i izdelki izpolnjujejo najvi\u0161je standarde delovanja in zanesljivosti. Na\u0161a poprodajna storitev je zasnovana tako, da zagotavlja stalno podporo in pomo\u010d ter zadovoljstvo strank z na\u0161imi hidravli\u010dnimi re\u0161itvami.<\/p>\n<p><img decoding=\"async\" src=\"https:\/\/www.hydraulic-cylinders.net\/wp-content\/uploads\/2025\/04\/songte-company-4.webp\" alt=\"Slika podjetja 4\"><br \/>\n<img decoding=\"async\" src=\"https:\/\/www.hydraulic-cylinders.net\/wp-content\/uploads\/2025\/04\/songte-company-3.webp\" alt=\"Slika podjetja 3\"><\/p>\n<p>Avtor: lyl<\/p>","protected":false},"excerpt":{"rendered":"<p>Boom Cylinder For Aotai AT80E-9 Product Overview The Boom Cylinder for Aotai AT80E-9 is a crucial component designed specifically for heavy machinery. This hydraulic cylinder controls the movement of the boom, enabling the lifting, lowering, and tilting of the bucket effectively. These cylinders are essential for performing material handling tasks efficiently in various applications, particularly [&hellip;]<\/p>","protected":false},"featured_media":17881,"comment_status":"open","ping_status":"closed","template":"","meta":{"_et_pb_use_builder":"","_et_pb_old_content":"","_et_gb_content_width":""},"product_brand":[],"product_cat":[1546],"product_tag":[1547,1496],"class_list":{"0":"post-19633","1":"product","2":"type-product","3":"status-publish","4":"has-post-thumbnail","6":"product_cat-boom-cylinders","7":"product_tag-boom-cylinders","8":"product_tag-hydraulic-cylinders","10":"first","11":"instock","12":"shipping-taxable","13":"product-type-simple"},"amp_enabled":true,"_links":{"self":[{"href":"https:\/\/www.hydraulic-cylinders.net\/sl\/wp-json\/wp\/v2\/product\/19633","targetHints":{"allow":["GET"]}}],"collection":[{"href":"https:\/\/www.hydraulic-cylinders.net\/sl\/wp-json\/wp\/v2\/product"}],"about":[{"href":"https:\/\/www.hydraulic-cylinders.net\/sl\/wp-json\/wp\/v2\/types\/product"}],"replies":[{"embeddable":true,"href":"https:\/\/www.hydraulic-cylinders.net\/sl\/wp-json\/wp\/v2\/comments?post=19633"}],"wp:featuredmedia":[{"embeddable":true,"href":"https:\/\/www.hydraulic-cylinders.net\/sl\/wp-json\/wp\/v2\/media\/17881"}],"wp:attachment":[{"href":"https:\/\/www.hydraulic-cylinders.net\/sl\/wp-json\/wp\/v2\/media?parent=19633"}],"wp:term":[{"taxonomy":"product_brand","embeddable":true,"href":"https:\/\/www.hydraulic-cylinders.net\/sl\/wp-json\/wp\/v2\/product_brand?post=19633"},{"taxonomy":"product_cat","embeddable":true,"href":"https:\/\/www.hydraulic-cylinders.net\/sl\/wp-json\/wp\/v2\/product_cat?post=19633"},{"taxonomy":"product_tag","embeddable":true,"href":"https:\/\/www.hydraulic-cylinders.net\/sl\/wp-json\/wp\/v2\/product_tag?post=19633"}],"curies":[{"name":"delovni list","href":"https:\/\/api.w.org\/{rel}","templated":true}]}}