{"id":19634,"date":"2025-04-07T06:58:37","date_gmt":"2025-04-07T06:58:37","guid":{"rendered":"https:\/\/www.hydraulic-cylinders.net\/product\/boom-cylinder-for-aotai-at60e-9\/"},"modified":"2025-04-07T06:58:39","modified_gmt":"2025-04-07T06:58:39","slug":"boom-cylinder-for-aotai-at60e-9","status":"publish","type":"product","link":"https:\/\/www.hydraulic-cylinders.net\/sl\/izdelek\/boom-cylinder-for-aotai-at60e-9\/","title":{"rendered":"Cilinder roke za Aotai AT60E-9"},"content":{"rendered":"<h1>Cilinder roke za Aotai AT60E-9<\/h1>\n<h2>Pregled izdelka<\/h2>\n<p>Cilinder roke za Aotai AT60E-9 je bistvena hidravli\u010dna komponenta, zasnovana za nadzor gibanja roke v razli\u010dnih te\u017ekih strojih, kot so bagri in \u010delni nakladalniki. Ta hidravli\u010dni cilinder je posebej zasnovan tako, da omogo\u010da dvigovanje, spu\u0161\u010danje in nagibanje roke, kar olaj\u0161a u\u010dinkovito ravnanje z materiali. Z izkori\u0161\u010danjem mo\u010di hidravli\u010dne teko\u010dine ta cilinder zagotavlja gladko in natan\u010dno gibanje, kar je klju\u010dnega pomena pri gradbenih in rudarskih delih.<\/p>\n<p><img decoding=\"async\" src=\"https:\/\/www.hydraulic-cylinders.net\/wp-content\/uploads\/2025\/04\/songte-company-1.webp\" alt=\"Pregled cilindra roke\"><\/p>\n<h3>Definicija in funkcija<\/h3>\n<p>Hidravli\u010dni cilinder \u017elice, v\u010dasih imenovan tudi cilinder roke, je vrsta hidravli\u010dnega cilindra, ki se uporablja v te\u017eki mehanizaciji. Njegova glavna funkcija je nadzor nad zgibom roke. Pri bagrih ima na primer cilinder \u017elice klju\u010dno vlogo pri kopanju in dvigovanju. Hidravli\u010dni tlak olaj\u0161a iztegovanje in umikanje cilindra, kar omogo\u010da u\u010dinkovit nadzor nad polo\u017eajem roke. Ta funkcionalnost je klju\u010dnega pomena za naloge, kot so izkopavanje zemlje, dvigovanje te\u017ekih bremen in natan\u010dno pozicioniranje \u017elice za prenos materiala.<\/p>\n<h2>Zna\u010dilnosti cilindra roke<\/h2>\n<ul>\n<li><strong>Visoka trdnost in vzdr\u017eljivost:<\/strong> Ta jeklenka, izdelana iz visoko trdnega jekla ali aluminija, je zasnovana tako, da prenese visok tlak in velike obremenitve, hkrati pa se prilagaja zahtevnim delovnim okoljem.<\/li>\n<li><strong>U\u010dinkovito hidravli\u010dno delovanje:<\/strong> Z uporabo hidravli\u010dnega oljnega tlaka valj omogo\u010da gladko iztegovanje in vstavljanje, kar zagotavlja hiter odziv na krmilne ukaze in mo\u010dne sile potiska in vle\u010denja.<\/li>\n<li><strong>Razli\u010dne vrste:<\/strong> Na voljo v enosmerno delujo\u010di (deluje v eno smer) ali dvosmerno delujo\u010di (deluje v dve smeri) konfiguraciji, kar omogo\u010da prilagojene hidravli\u010dne re\u0161itve za razli\u010dne aplikacije.<\/li>\n<li><strong>Prostorsko u\u010dinkovita zasnova:<\/strong> Nekateri modeli imajo teleskopsko zasnovo za dalj\u0161i doseg brez pove\u010danja zunanjih dimenzij, kar je idealno za omejene prostore.<\/li>\n<li><strong>Odpornost proti koroziji:<\/strong> Za pove\u010danje odpornosti proti obrabi in koroziji se uporabljajo posebni premazi in materiali, kar zagotavlja dolgo \u017eivljenjsko dobo in zanesljivost.<\/li>\n<\/ul>\n<p>Ta izdelek izdelujemo natan\u010dno, na\u0161e razli\u010dice pa so odli\u010dna zamenjava za obstoje\u010de hidravli\u010dne cilindre v razli\u010dnih strojih.<\/p>\n<p><img decoding=\"async\" src=\"https:\/\/www.hydraulic-cylinders.net\/wp-content\/uploads\/2025\/04\/songte-cylinder-head-with-all-kinds-excavator-models.webp\" alt=\"Mo\u017enosti zamenjave cilindra\"><\/p>\n<h2>Uporaba cilindra roke<\/h2>\n<h3>Gradbena oprema<\/h3>\n<p>Pri bagrih je cilinder roke klju\u010dnega pomena za kopanje, nakladanje in premikanje zemlje ali ru\u0161evin. Pomaga pri manevriranju \u017elice za u\u010dinkovito opravljanje razli\u010dnih nalog. Hidravli\u010dna sila, ki jo ustvarja cilinder roke, omogo\u010da natan\u010den nadzor, kar omogo\u010da upravljavcem, da z minimalnim naporom kopljejo globoko v zemljo ali dvigujejo te\u017eke breme. Pri bagrih nakladalnikih cilinder \u017elice ne pomaga le pri izkopavanju, temve\u010d tudi pri dvigovanju in prevozu materialov na razli\u010dne lokacije.<\/p>\n<h3>Kmetijska mehanizacija<\/h3>\n<p>Hidravli\u010dni cilinder, ki se uporablja v \u010delnih nakladalnikih, olaj\u0161a postopek zajemanja, dvigovanja in prevoza zemlje, sena in drugih materialov. Ta vsestranskost je bistvena za kmetijska opravila, kjer lahko u\u010dinkovito ravnanje z materiali znatno pove\u010da produktivnost. Zmo\u017enost hidravli\u010dnega cilindra za dvigovanje in nagibanje \u017elice omogo\u010da kmetom u\u010dinkovitej\u0161e upravljanje svojih operacij, kar zmanj\u0161uje \u010das in stro\u0161ke dela.<\/p>\n<h3>Izkopavanja<\/h3>\n<p>Cilinder roke omogo\u010da bagrom prodiranje v zemljo, kar omogo\u010da u\u010dinkovito kopanje. Optimizira postopek kopanja, s \u010dimer pove\u010da hitrost in u\u010dinkovitost izkopavanja materialov. Ker omogo\u010da, da se \u017elica premika globoko v zemljo, zagotavlja temeljite izkope, zaradi \u010desar je klju\u010dna komponenta za gradbena dela in zemeljska dela.<\/p>\n<h3>Nakladalci<\/h3>\n<p>Pri \u010delnih nakladalnikih ima cilinder roke klju\u010dno vlogo pri dvigovanju in razkladanju materialov. Omogo\u010da upravljavcem, da dvignejo \u017elico na \u017eeleno vi\u0161ino za u\u010dinkovito razkladanje, s \u010dimer optimizirajo procese prenosa materiala. Hidravli\u010dna pomo\u010d, ki jo zagotavlja cilinder roke, omogo\u010da hitrej\u0161e in u\u010dinkovitej\u0161e nakladanje in razkladanje, kar znatno izbolj\u0161a produktivnost v razli\u010dnih industrijskih aplikacijah.<\/p>\n<h2>Oblikovalski vidiki in izbirna merila<\/h2>\n<h3>Nosilnost<\/h3>\n<p>Nosilnost cilindra roke je klju\u010dni dejavnik pri na\u010drtovanju. Prenesti mora te\u017eo bremen, ki jih bo dvignil, in sile, ki delujejo med delovanjem. Proizvajalci zagotavljajo, da uporabljeni materiali in metode izdelave lahko prenesejo dolo\u010deno obremenitev, ne da bi pri tem ogrozili varnost ali zmogljivost.<\/p>\n<h3>Tesnilni mehanizmi<\/h3>\n<p>U\u010dinkovito tesnjenje je bistvenega pomena za la\u017eje hidravli\u010dno delovanje in prepre\u010devanje pu\u0161\u010danja. Za zagotovitev celovitosti hidravli\u010dnega sistema je treba uporabiti visokokakovostna tesnila, kot so tesnila bata in ojnice. Izbira trpe\u017enih materialov, kot sta poliuretan in nitrilna guma, izbolj\u0161a tesnilne sposobnosti in splo\u0161no u\u010dinkovitost.<\/p>\n<h3>Vzdr\u017eljivost<\/h3>\n<p>Pri zasnovi hidravli\u010dnega cilindra je vzdr\u017eljivost najpomembnej\u0161a. Cilinder mora biti odporen proti obrabi zaradi neprekinjenega delovanja v zahtevnih okoljih. Proizvajalci pogosto uporabljajo napredne materiale in premaze za izbolj\u0161anje odpornosti proti koroziji in podalj\u0161anje \u017eivljenjske dobe cilindra, kar zagotavlja zanesljivo delovanje skozi \u010das.<\/p>\n<h3>Varnostne funkcije<\/h3>\n<p>Varnost je pri na\u010drtovanju hidravli\u010dnih cilindrov glavna prednostna naloga. Vklju\u010ditev funkcij, kot so tla\u010dni varnostni ventili in mehanizmi za za\u0161\u010dito pred preobremenitvijo, lahko pomaga prepre\u010diti nesre\u010de in okvare opreme. Ti varnostni ukrepi so bistveni za za\u0161\u010dito opreme in upravljavcev med delovanjem.<\/p>\n<h3>Premisleki glede vzdr\u017eevanja in popravil<\/h3>\n<p>Pri zasnovi cilindra z mislijo na enostavno vzdr\u017eevanje je klju\u010dnega pomena. Dostopne komponente in standardizirani deli omogo\u010dajo pravo\u010dasna popravila in skraj\u0161ujejo \u010das izpada. Redni vzdr\u017eevalni postopki, vklju\u010dno s pregledi in zamenjavo delov, morajo biti enostavni za izvajanje, da se zagotovi optimalno delovanje.<\/p>\n<p><img decoding=\"async\" src=\"https:\/\/www.hydraulic-cylinders.net\/wp-content\/uploads\/2025\/04\/songte-oil-pipes-and-spare-parts.webp\" alt=\"Vzdr\u017eevanje hidravli\u010dnih cilindrov\"><\/p>\n<h2>Tesnjenje in mazanje<\/h2>\n<p>Tesnjenje in mazanje sta klju\u010dna vidika ohranjanja delovanja hidravli\u010dnih cilindrov. Za prepre\u010devanje pu\u0161\u010danja in kontaminacije hidravli\u010dne teko\u010dine je treba uporabiti razli\u010dna tesnila, kot so tesnila bata in tesnila palic. Uporaba materialov, odpornih proti obrabi, kot sta poliuretan in nitrilna guma, zagotavlja dolgo \u017eivljenjsko dobo teh tesnil. Telo cilindra in navojne kon\u010dne povr\u0161ine so fino obdelane za ve\u010djo odpornost proti obrabi. Poleg tega je redno mazanje s hidravli\u010dnim oljem potrebno za ohranjanje nemotenega delovanja in prepre\u010devanje prekomernega trenja, ki lahko povzro\u010di prezgodnjo obrabo in okvaro.<\/p>\n<h2>Preventivni vzdr\u017eevalni ukrepi<\/h2>\n<ul>\n<li><strong>Redni pregledi:<\/strong> Izvajanje rednih pregledov za znake obrabe, pu\u0161\u010danja in po\u0161kodb je klju\u010dnega pomena za prepoznavanje morebitnih te\u017eav, preden se stopnjujejo.<\/li>\n<li><strong>Ustrezno mazanje:<\/strong> Zagotavljanje pravilne ravni in dobrega stanja hidravli\u010dne teko\u010dine bo podalj\u0161alo \u017eivljenjsko dobo cilindra in izbolj\u0161alo njegovo delovanje.<\/li>\n<li><strong>Zamenjava tesnila:<\/strong> Redna menjava tesnil lahko prepre\u010di pu\u0161\u010danje in ohrani u\u010dinkovitost hidravli\u010dnega sistema.<\/li>\n<\/ul>\n<h2>Navodila za namestitev<\/h2>\n<p>Pravilna namestitev cilindra roke je bistvenega pomena za optimalno delovanje. Najprej se prepri\u010dajte, da so nosilci varno pritrjeni in poravnani z cilindrom. Za privijanje vseh priklju\u010dkov uporabite ustrezno orodje in se izogibajte prekomerni sili, ki bi lahko po\u0161kodovala cilinder. Prepri\u010dajte se, da so hidravli\u010dne cevi pravilno priklju\u010dene in da ni pu\u0161\u010danja. Priporo\u010dljivo je, da si za posebna navodila, prilagojena modelu, ki ga name\u0161\u010date, ogledate navodila za namestitev proizvajalca. Po namestitvi preizkusite delovanje cilindra pri nizkem tlaku, preden ga postopoma pove\u010date na delovno raven, da zagotovite nemoteno delovanje.<\/p>\n<h2>Pogosta vzdr\u017eevalna opravila<\/h2>\n<ul>\n<li><strong>Redni pregledi:<\/strong> Redni pregledi pomagajo prepoznati obrabo in prepre\u010diti nepri\u010dakovane okvare.<\/li>\n<li><strong>Ustrezno mazanje:<\/strong> Zagotavljanje ustreznega mazanja valja lahko ohrani delovno u\u010dinkovitost in podalj\u0161a njegovo \u017eivljenjsko dobo.<\/li>\n<li><strong>Zamenjava tesnila:<\/strong> Redno spremljanje in zamenjava tesnil po potrebi je klju\u010dnega pomena za prepre\u010devanje pu\u0161\u010danja in ohranjanje delovanja.<\/li>\n<\/ul>\n<p>Pravilna namestitev pravilno poravna valj, ustrezno mazanje pa zagotavlja nemoteno delovanje. Klju\u010dnega pomena je imeti pravo orodje za nastavitve in upo\u0161tevati priporo\u010dene postopke za pregled, popravilo in zamenjavo delov, da se \u010dim bolj podalj\u0161a \u017eivljenjska doba hidravli\u010dnega valja.<\/p>\n<p><img decoding=\"async\" src=\"https:\/\/www.hydraulic-cylinders.net\/wp-content\/uploads\/2025\/04\/songte-chushion-collar.webp\" alt=\"Namestitev cilindra\"><\/p>\n<h2>Varnostni vidiki in okoljski dejavniki<\/h2>\n<p>Pri uporabi hidravli\u010dnih cilindrov je izvajanje varnostnih ukrepov klju\u010dnega pomena za za\u0161\u010dito upravljavcev in opreme. Vedno upo\u0161tevajte omejitve te\u017ee in se izogibajte prekomerni sili med delovanjem. Redno usposabljanje o pravilni uporabi strojev lahko pove\u010da varnost. Poleg tega so okoljski vidiki, kot sta pravilno odstranjevanje teko\u010din in zmanj\u0161evanje pu\u0161\u010danja, bistveni za ohranjanje skladnosti s predpisi in zmanj\u0161anje vpliva na okolje.<\/p>\n<h2>Odpravljanje pogostih te\u017eav<\/h2>\n<ul>\n<li><strong>Pu\u0161\u010danje:<\/strong> \u010ce hidravli\u010dna teko\u010dina pu\u0161\u010da, preverite tesnila in priklju\u010dke glede po\u0161kodb ali obrabe.<\/li>\n<li><strong>Zmanj\u0161ana mo\u010d:<\/strong> \u010ce se valj ne odziva ustrezno, preverite, ali je nivo teko\u010dine zadosten, in preverite morebitne blokade v hidravli\u010dnih ceveh.<\/li>\n<li><strong>Nenavadni zvoki:<\/strong> \u0160kripanje ali ropotanje lahko ka\u017ee na notranje po\u0161kodbe; potreben je takoj\u0161en pregled in popravilo.<\/li>\n<\/ul>\n<h2>Nasveti za re\u0161evanje te\u017eav<\/h2>\n<p>Za u\u010dinkovito diagnosticiranje in re\u0161evanje te\u017eav vzdr\u017eujte strukturiran kontrolni seznam za preglede. Redno vzdr\u017eevanje in pravilno mazanje lahko pomagata zmanj\u0161ati verjetnost te\u017eav. Izvajanje preventivnih ukrepov, kot je usposabljanje upravljavcev za pravilno uporabo strojev, lahko prav tako zmanj\u0161a morebitne te\u017eave.<\/p>\n<p><img decoding=\"async\" src=\"https:\/\/www.hydraulic-cylinders.net\/wp-content\/uploads\/2025\/04\/songte-bushings-with-all-kinds-of-excavator-models.webp\" alt=\"Odpravljanje te\u017eav in vzdr\u017eevanje\"><\/p>\n<h2>O na\u0161em podjetju<\/h2>\n<p>Smo vodilni proizvajalec nadomestnih hidravli\u010dnih cilindrov in ponujamo \u0161iroko paleto izdelkov, ki zadovoljujejo razli\u010dne potrebe trga. Na\u0161o zavezanost k odli\u010dnosti spodbujajo napredne proizvodne strategije, uporaba usposobljenih tehnikov, vrhunska digitalna oprema in profesionalni sistemi za testiranje. Nenehno izbolj\u0161ujemo na\u0161o proizvodno platformo, da bi zagotovili visoko u\u010dinkovitost, natan\u010dnost in kakovost ter izpolnili raznolike zahteve strank. Na\u0161e storitve vklju\u010dujejo re\u0161itve po meri, mednarodne certifikate in celovito poprodajno podporo.<\/p>\n<p><img decoding=\"async\" src=\"https:\/\/www.hydraulic-cylinders.net\/wp-content\/uploads\/2025\/04\/songte-company-4.webp\" alt=\"Pregled podjetja\"><br \/>\n<img decoding=\"async\" src=\"https:\/\/www.hydraulic-cylinders.net\/wp-content\/uploads\/2025\/04\/songte-company-3.webp\" alt=\"Proizvodni obrat\"><\/p>\n<p>Avtor: lyl<\/p>","protected":false},"excerpt":{"rendered":"<p>Boom Cylinder For Aotai AT60E-9 Product Overview The Boom Cylinder for Aotai AT60E-9 is an essential hydraulic component designed to control the movement of the boom in various heavy machinery, such as excavators and front loaders. This hydraulic cylinder is specifically engineered to enable the boom to lift, lower, and tilt, facilitating efficient material handling [&hellip;]<\/p>","protected":false},"featured_media":17867,"comment_status":"open","ping_status":"closed","template":"","meta":{"_et_pb_use_builder":"","_et_pb_old_content":"","_et_gb_content_width":""},"product_brand":[],"product_cat":[1546],"product_tag":[1547,1496],"class_list":{"0":"post-19634","1":"product","2":"type-product","3":"status-publish","4":"has-post-thumbnail","6":"product_cat-boom-cylinders","7":"product_tag-boom-cylinders","8":"product_tag-hydraulic-cylinders","10":"first","11":"instock","12":"shipping-taxable","13":"product-type-simple"},"amp_enabled":true,"_links":{"self":[{"href":"https:\/\/www.hydraulic-cylinders.net\/sl\/wp-json\/wp\/v2\/product\/19634","targetHints":{"allow":["GET"]}}],"collection":[{"href":"https:\/\/www.hydraulic-cylinders.net\/sl\/wp-json\/wp\/v2\/product"}],"about":[{"href":"https:\/\/www.hydraulic-cylinders.net\/sl\/wp-json\/wp\/v2\/types\/product"}],"replies":[{"embeddable":true,"href":"https:\/\/www.hydraulic-cylinders.net\/sl\/wp-json\/wp\/v2\/comments?post=19634"}],"wp:featuredmedia":[{"embeddable":true,"href":"https:\/\/www.hydraulic-cylinders.net\/sl\/wp-json\/wp\/v2\/media\/17867"}],"wp:attachment":[{"href":"https:\/\/www.hydraulic-cylinders.net\/sl\/wp-json\/wp\/v2\/media?parent=19634"}],"wp:term":[{"taxonomy":"product_brand","embeddable":true,"href":"https:\/\/www.hydraulic-cylinders.net\/sl\/wp-json\/wp\/v2\/product_brand?post=19634"},{"taxonomy":"product_cat","embeddable":true,"href":"https:\/\/www.hydraulic-cylinders.net\/sl\/wp-json\/wp\/v2\/product_cat?post=19634"},{"taxonomy":"product_tag","embeddable":true,"href":"https:\/\/www.hydraulic-cylinders.net\/sl\/wp-json\/wp\/v2\/product_tag?post=19634"}],"curies":[{"name":"delovni list","href":"https:\/\/api.w.org\/{rel}","templated":true}]}}