{"id":19641,"date":"2025-04-07T06:59:07","date_gmt":"2025-04-07T06:59:07","guid":{"rendered":"https:\/\/www.hydraulic-cylinders.net\/product\/boom-cylinder-for-atlas-3608lc\/"},"modified":"2025-04-07T06:59:10","modified_gmt":"2025-04-07T06:59:10","slug":"boom-cylinder-for-atlas-3608lc","status":"publish","type":"product","link":"https:\/\/www.hydraulic-cylinders.net\/sl\/izdelek\/boom-cylinder-for-atlas-3608lc\/","title":{"rendered":"Cilinder roke za Atlas 3608LC"},"content":{"rendered":"<h1>Cilinder roke za Atlas 3608LC<\/h1>\n<h2>Pregled izdelka<\/h2>\n<p>Cilinder roke za Atlas 3608LC je klju\u010dna komponenta hidravli\u010dnih sistemov, posebej zasnovana za nadzor gibanja te\u017ekih strojev, kot so bagri, bagri nakladalniki in \u010delni nakladalniki. Ta hidravli\u010dni cilinder omogo\u010da dvigovanje, spu\u0161\u010danje in nagibanje roke, kar omogo\u010da u\u010dinkovito ravnanje z materiali. Cilinder \u017elice je zasnovan tako, da prenese visoke tlake in velike obremenitve, zaradi \u010desar je bistvenega pomena za razli\u010dne gradbene in industrijske aplikacije.<\/p>\n<p><img decoding=\"async\" src=\"https:\/\/www.hydraulic-cylinders.net\/wp-content\/uploads\/2025\/04\/songte-company-1.webp\" alt=\"Slika cilindra roke\" \/><\/p>\n<h2>Klju\u010dne lastnosti<\/h2>\n<ul>\n<li><strong>Visoka trdnost in vzdr\u017eljivost:<\/strong> Izdelana je iz visoko trdnega jekla ali aluminija, zato lahko prenese visok tlak in velike obremenitve, zaradi \u010desar je primerna za zahtevna delovna okolja. Zasnova upo\u0161teva odpornost proti obrabi in koroziji, kar podalj\u0161uje njeno \u017eivljenjsko dobo.<\/li>\n<li><strong>U\u010dinkovito hidravli\u010dno delovanje:<\/strong> Izkori\u0161\u010da tlak hidravli\u010dnega olja za gladko teleskopsko delovanje, kar omogo\u010da hiter odziv na krmilne ukaze in zagotavlja mo\u010dne potisne in vle\u010dne sile, idealne za rokovanje s te\u017ekimi predmeti in kompleksnimi nalogami.<\/li>\n<li><strong>Raznolikost vrst:<\/strong> Na voljo so z enosmernim (hidravli\u010dni cilindri se uporabljajo samo v eni smeri) ali dvosmernim (hidravli\u010dni cilindri se uporabljajo v obeh smereh) delovanjem, da zadostijo razli\u010dnim operativnim potrebam. Nekateri modeli so teleskopski, kar omogo\u010da ve\u010dji razteg brez pove\u010danja zunanjih dimenzij, primerni za uporabo v omejenem prostoru.<\/li>\n<li><strong>Izdelava po meri:<\/strong> Ta izdelek lahko izdelamo po meri va\u0161ih specifikacij in tako zagotovimo popolno zamenjavo za razli\u010dne hidravli\u010dne cilindre.<\/li>\n<\/ul>\n<p><img decoding=\"async\" src=\"https:\/\/www.hydraulic-cylinders.net\/wp-content\/uploads\/2025\/04\/songte-cylinder-head-with-all-kinds-excavator-models.webp\" alt=\"Glava valja za bagre\" \/><\/p>\n<h2>Aplikacije<\/h2>\n<h3>Gradbena oprema<\/h3>\n<p>Pri bagrih so cilindri roke klju\u010dni za kopanje, nakladanje in premikanje zemlje ali ru\u0161evin. Zagotavljajo potrebno mo\u010d za u\u010dinkovito opravljanje teh nalog. Pri bagrih nakladalnikih cilinder roke pomaga tako pri izkopavanju kot pri dvigovanju, kar upravljavcem omogo\u010da nemoteno preklapljanje med nalogami.<\/p>\n<h3>Kmetijska mehanizacija<\/h3>\n<p>Cilindri roke, ki se uporabljajo v \u010delnih nakladalnikih, so bistveni za zajemanje, dvigovanje in prevoz zemlje, sena in drugih materialov. Izbolj\u0161ujejo u\u010dinkovitost kmetijskih opravil, saj zagotavljajo mo\u010d, potrebno za u\u010dinkovito manevriranje te\u017ekih bremen.<\/p>\n<h3>Bagri<\/h3>\n<p>Pri bagrih cilinder roke omogo\u010da, da \u017elica prodre v zemljo, kar olaj\u0161a postopek kopanja. Njegova zasnova zagotavlja, da lahko upravljavci dose\u017eejo \u017eeleno globino in kot, kar pove\u010da produktivnost na gradbi\u0161\u010du.<\/p>\n<h3>Nakladalci<\/h3>\n<p>Pri \u010delnih nakladalnikih ti cilindri u\u010dinkovito pomagajo pri dvigovanju in odlaganju materialov. Njihovo zanesljivo delovanje zagotavlja, da se operacije, kot sta prevoz in odlaganje, izvajajo gladko in u\u010dinkovito.<\/p>\n<h2>Oblikovalski vidiki<\/h2>\n<h3>Nosilnost<\/h3>\n<p>The boom cylinder&#8217;s load capacity is a critical design consideration that determines how much weight it can lift safely. Understanding the load limits helps ensure that the cylinder is used within its designed parameters, preventing failure and extending its longevity.<\/p>\n<h3>Tesnilni sistem<\/h3>\n<p>Robusten tesnilni sistem je klju\u010dnega pomena za vzdr\u017eevanje hidravli\u010dnega tlaka in prepre\u010devanje pu\u0161\u010danja. Visokokakovostna tesnila prepre\u010dujejo kontaminacijo in zagotavljajo optimalno delovanje, kar je klju\u010dnega pomena za zanesljivost hidravli\u010dnih sistemov.<\/p>\n<h3>Vzdr\u017eljivost<\/h3>\n<p>Vzdr\u017eljivost cilindra roke je bistvenega pomena za njegovo delovanje v zahtevnih okoljih. Zasnova, kot so materiali, odporni proti obrabi, in za\u0161\u010ditni premazi, prispeva k dolgi \u017eivljenjski dobi in zanesljivosti cilindra ter zmanj\u0161uje potrebe po vzdr\u017eevanju.<\/p>\n<h3>Varnostne funkcije<\/h3>\n<p>Varnost je pri zasnovi hidravli\u010dnih cilindrov najpomembnej\u0161a. Funkcije, kot so tla\u010dni varnostni ventili in varnostne naprave, so bistvene za prepre\u010devanje nesre\u010d in zagotavljanje varnega delovanja med dvigovanjem te\u017ekih bremen.<\/p>\n<h3>Uporabnost<\/h3>\n<p>Enostavnost vzdr\u017eevanja je \u0161e en klju\u010dni dejavnik pri na\u010drtovanju. Hidravli\u010dni cilindri morajo biti zasnovani tako, da omogo\u010dajo enostaven dostop do komponent, kar omogo\u010da hitra popravila in zamenjave po potrebi ter zagotavlja minimalen \u010das izpada strojev.<\/p>\n<p><img decoding=\"async\" src=\"https:\/\/www.hydraulic-cylinders.net\/wp-content\/uploads\/2025\/04\/songte-oil-pipes-and-spare-parts.webp\" alt=\"Oljne cevi in \u200b\u200brezervni deli\" \/><\/p>\n<h2>Tesnjenje in mazanje<\/h2>\n<p>Tesnilni sistem v cilindru roke uporablja razli\u010dna tesnila, vklju\u010dno s tesnili bata in ojnic, izdelana iz materialov, odpornih proti obrabi, kot sta poliuretan in nitrilna guma. Telo cilindra in navojne kon\u010dne povr\u0161ine so fino obdelane za ve\u010djo odpornost proti obrabi. Redno mazanje s hidravli\u010dnim oljem je bistvenega pomena za zagotovitev nemotenega delovanja in prepre\u010devanje obrabe.<\/p>\n<h2>Preventivni vzdr\u017eevalni ukrepi<\/h2>\n<ul>\n<li><strong>Redni pregledi:<\/strong> Redno pregledujte, da odkrijete morebitne znake obrabe ali po\u0161kodb. Zgodnje odkrivanje te\u017eav lahko prepre\u010di ve\u010dje okvare.<\/li>\n<li><strong>Ustrezno mazanje:<\/strong> Zagotovite, da je hidravli\u010dno olje na pravilni ravni in ga redno dolivajte, da ohranite optimalno delovanje.<\/li>\n<li><strong>Zamenjava tesnila:<\/strong> Tesnila zamenjajte ob prvih znakih obrabe, da prepre\u010dite pu\u0161\u010danje in ohranite hidravli\u010dni tlak.<\/li>\n<\/ul>\n<h2>Navodila za namestitev<\/h2>\n<p>Correct installation is crucial for the performance and longevity of the boom cylinder. Begin by ensuring that all components are clean and free of debris. Use proper alignment tools to position the cylinder accurately, and secure it with appropriate mounting brackets. Follow the manufacturer&#8217;s specifications for hydraulic connections and torque settings. After installation, conduct functional tests to ensure everything operates smoothly.<\/p>\n<h2>Pogosta vzdr\u017eevalna opravila<\/h2>\n<ul>\n<li><strong>Redni pregledi:<\/strong> Redno preverjajte hidravli\u010dni sistem, da ugotovite morebitna pu\u0161\u010danja ali nepravilnosti v delovanju. Pravo\u010dasno odpravljanje te\u017eav lahko prepre\u010di resnej\u0161e te\u017eave.<\/li>\n<li><strong>Pravilno mazanje:<\/strong> Zagotovite, da je valj roke pravilno mazan v skladu s priporo\u010dili proizvajalca. Ustrezno mazanje zmanj\u0161a trenje in obrabo.<\/li>\n<li><strong>Zamenjava tesnila:<\/strong> Redno spremljajte stanje tesnil. Zamenjava obrabljenih tesnil je klju\u010dnega pomena za vzdr\u017eevanje hidravli\u010dnega tlaka in prepre\u010devanje pu\u0161\u010danja.<\/li>\n<\/ul>\n<h2>Varnostni vidiki in okoljski dejavniki<\/h2>\n<p>Pri uporabi hidravli\u010dnih cilindrov je treba dati prednost varnostnim ukrepom. Upravljavci morajo biti usposobljeni za pravilno uporabo in morebitne nevarnosti, povezane z opremo. Nositi je treba za\u0161\u010ditno opremo, delovno obmo\u010dje pa mora biti brez nepotrebnega osebja in ovir, da se zmanj\u0161ajo tveganja. Okoljski vidiki vklju\u010dujejo pravilno odstranjevanje hidravli\u010dnih teko\u010din in zagotavljanje trajnostnega pridobivanja vseh komponent.<\/p>\n<h2>Diagnoza napak in pogoste te\u017eave<\/h2>\n<ul>\n<li><strong>Te\u017eave s pu\u0161\u010danjem:<\/strong> Pu\u0161\u010danje hidravli\u010dne teko\u010dine lahko ka\u017ee na okvaro tesnila ali ohlapne povezave. Preverite tesnila in povezave glede znakov obrabe ali po\u0161kodb ter jih po potrebi zamenjajte.<\/li>\n<li><strong>Po\u010dasno delovanje:<\/strong> \u010ce se valj roke premika po\u010dasi, to lahko ka\u017ee na nizko raven hidravli\u010dne teko\u010dine ali zrak v sistemu. Preverite raven teko\u010din in po potrebi odzra\u010dite sistem.<\/li>\n<li><strong>Nenadzorovani gibi:<\/strong> To je lahko posledica okvar tla\u010dnega varnostnega ventila ali te\u017eav s krmilnim ventilom. Preverite te komponente in jih po potrebi zamenjajte ali popravite.<\/li>\n<\/ul>\n<h2>Nasveti za odpravljanje te\u017eav<\/h2>\n<p>For effective troubleshooting, always refer to the manufacturer&#8217;s guidelines. Regular maintenance can prevent most issues. If problems arise, start with checking hydraulic fluid levels, inspecting seals for wear, and examining for any visible leaks. Keeping a maintenance log can aid in identifying recurring issues and help prevent potential problems.<\/p>\n<p><img decoding=\"async\" src=\"https:\/\/www.hydraulic-cylinders.net\/wp-content\/uploads\/2025\/04\/songte-bushings-with-all-kinds-of-excavator-models.webp\" alt=\"Pu\u0161e za bagre\" \/><\/p>\n<h2>O na\u0161em podjetju<\/h2>\n<p>Smo vodilni proizvajalec nadomestnih hidravli\u010dnih cilindrov in ponujamo \u0161iroko paleto izdelkov, zaradi katerih smo se uvrstili med vodilne dobavitelje tako na doma\u010dem kot na mednarodnem trgu. Dr\u017eimo se strogih standardov kakovosti, ki jih podpira izpopolnjena strategija upravljanja industrijske proizvodnje. Na\u0161a osredoto\u010denost na tehnologijo, napredno proizvodno opremo in profesionalne sisteme testiranja pove\u010duje na\u0161e proizvodne zmogljivosti, kar nam omogo\u010da, da z visoko u\u010dinkovitostjo, natan\u010dnostjo in kakovostjo zadovoljimo raznolike potrebe strank.<\/p>\n<p><img decoding=\"async\" src=\"https:\/\/www.hydraulic-cylinders.net\/wp-content\/uploads\/2025\/04\/songte-company-4.webp\" alt=\"Slika podjetja 1\" \/><br \/>\n<img decoding=\"async\" src=\"https:\/\/www.hydraulic-cylinders.net\/wp-content\/uploads\/2025\/04\/songte-company-3.webp\" alt=\"Slika podjetja 2\" \/><\/p>\n<p>Na trgu nas lo\u010di na\u0161a zavezanost profesionalnosti, mednarodnim certifikatom, prilagojenim storitvam, napredni proizvodni opremi in izjemni poprodajni podpori.<\/p>\n<p>Avtor: lyl<\/p>","protected":false},"excerpt":{"rendered":"<p>Boom Cylinder For Atlas 3608LC Product Overview The Boom Cylinder for Atlas 3608LC is a pivotal component in hydraulic systems, specifically designed for controlling the movement of heavy machinery such as excavators, backhoe loaders, and front loaders. This hydraulic cylinder enables the boom to lift, lower, and tilt, facilitating efficient material handling tasks. The bucket [&hellip;]<\/p>","protected":false},"featured_media":17874,"comment_status":"open","ping_status":"closed","template":"","meta":{"_et_pb_use_builder":"","_et_pb_old_content":"","_et_gb_content_width":""},"product_brand":[],"product_cat":[1546],"product_tag":[1547,1496],"class_list":{"0":"post-19641","1":"product","2":"type-product","3":"status-publish","4":"has-post-thumbnail","6":"product_cat-boom-cylinders","7":"product_tag-boom-cylinders","8":"product_tag-hydraulic-cylinders","10":"first","11":"instock","12":"shipping-taxable","13":"product-type-simple"},"amp_enabled":true,"_links":{"self":[{"href":"https:\/\/www.hydraulic-cylinders.net\/sl\/wp-json\/wp\/v2\/product\/19641","targetHints":{"allow":["GET"]}}],"collection":[{"href":"https:\/\/www.hydraulic-cylinders.net\/sl\/wp-json\/wp\/v2\/product"}],"about":[{"href":"https:\/\/www.hydraulic-cylinders.net\/sl\/wp-json\/wp\/v2\/types\/product"}],"replies":[{"embeddable":true,"href":"https:\/\/www.hydraulic-cylinders.net\/sl\/wp-json\/wp\/v2\/comments?post=19641"}],"wp:featuredmedia":[{"embeddable":true,"href":"https:\/\/www.hydraulic-cylinders.net\/sl\/wp-json\/wp\/v2\/media\/17874"}],"wp:attachment":[{"href":"https:\/\/www.hydraulic-cylinders.net\/sl\/wp-json\/wp\/v2\/media?parent=19641"}],"wp:term":[{"taxonomy":"product_brand","embeddable":true,"href":"https:\/\/www.hydraulic-cylinders.net\/sl\/wp-json\/wp\/v2\/product_brand?post=19641"},{"taxonomy":"product_cat","embeddable":true,"href":"https:\/\/www.hydraulic-cylinders.net\/sl\/wp-json\/wp\/v2\/product_cat?post=19641"},{"taxonomy":"product_tag","embeddable":true,"href":"https:\/\/www.hydraulic-cylinders.net\/sl\/wp-json\/wp\/v2\/product_tag?post=19641"}],"curies":[{"name":"delovni list","href":"https:\/\/api.w.org\/{rel}","templated":true}]}}