{"id":19646,"date":"2025-04-07T06:59:22","date_gmt":"2025-04-07T06:59:22","guid":{"rendered":"https:\/\/www.hydraulic-cylinders.net\/product\/boom-cylinder-for-bonny-ce750-8\/"},"modified":"2025-04-07T06:59:25","modified_gmt":"2025-04-07T06:59:25","slug":"boom-cylinder-for-bonny-ce750-8","status":"publish","type":"product","link":"https:\/\/www.hydraulic-cylinders.net\/sl\/izdelek\/boom-cylinder-for-bonny-ce750-8\/","title":{"rendered":"Cilinder roke za Bonny CE750-8"},"content":{"rendered":"<h1>Cilinder roke za Bonny CE750-8<\/h1>\n<h2>Pregled izdelka<\/h2>\n<p>Cilinder roke za Bonny CE750-8 je klju\u010dna komponenta hidravli\u010dnih sistemov, posebej zasnovana za nadzor gibanja roke na te\u017ekih strojih. Ti cilindri so sestavni del delovanja bagrov, bagrov in \u010delnih nakladalnikov ter omogo\u010dajo dvigovanje, spu\u0161\u010danje in nagibanje roke, kar olaj\u0161a razli\u010dna opravila ravnanja z materiali.<\/p>\n<p>Cilindri \u017elice delujejo z izkori\u0161\u010danjem hidravli\u010dnega tlaka, kar omogo\u010da gladek in u\u010dinkovit nadzor gibanja. Imajo robustno konstrukcijo, ki prenese znatne sile, ki so povezane s te\u017ekimi operacijami, zaradi \u010desar so zanesljiva izbira za gradbeni\u0161tvo, kmetijstvo in druge panoge.<\/p>\n<p><img decoding=\"async\" src=\"https:\/\/www.hydraulic-cylinders.net\/wp-content\/uploads\/2025\/04\/songte-company-1.webp\" alt=\"Cilinder roke za Bonny CE750-8\"><\/p>\n<h2>Klju\u010dne lastnosti<\/h2>\n<ul>\n<li><strong>Visoka trdnost in vzdr\u017eljivost:<\/strong> Ti cilindri, obi\u010dajno izdelani iz visoko trdnega jekla ali aluminija, so zasnovani tako, da prenesejo visoke tlake in velike obremenitve, hkrati pa so odporni na zahtevna delovna okolja.<\/li>\n<li><strong>U\u010dinkovito hidravli\u010dno delovanje:<\/strong> Z uporabo tlaka hidravli\u010dnega olja ti cilindri zagotavljajo gladko iztegovanje in vstavljanje, se hitro odzivajo na ukaze upravljavca in zagotavljajo znatno silo potiska in vle\u010denja.<\/li>\n<li><strong>Razli\u010dne vrste:<\/strong> Na voljo so kot enosmerno delujo\u010di (delujejo v eno smer) ali dvosmerno delujo\u010di (delujejo v obe smeri) cilindri, pri \u010demer imajo nekateri modeli teleskopsko zasnovo za ve\u010dji razteg brez pove\u010danja zunanjih dimenzij, kar je idealno za aplikacije z omejenim prostorom.<\/li>\n<\/ul>\n<p>Na\u0161e proizvodne zmogljivosti zagotavljajo, da lahko izdelujemo cilindre, ki popolnoma nadomestijo obstoje\u010de hidravli\u010dne cilindre, saj ponujajo zanesljivo delovanje in zdru\u017eljivost.<\/p>\n<p><img decoding=\"async\" src=\"https:\/\/www.hydraulic-cylinders.net\/wp-content\/uploads\/2025\/04\/songte-cylinder-head-with-all-kinds-excavator-models.webp\" alt=\"Zamenjava hidravli\u010dnega cilindra\"><\/p>\n<h2>Scenariji uporabe<\/h2>\n<h3>Gradbena oprema<\/h3>\n<p>Pri bagrih so cilindri roke bistveni za kopanje, nakladanje in premikanje zemlje ali ru\u0161evin. Njihova sposobnost iztegovanja in vle\u010denja omogo\u010da upravljavcem izvajanje kompleksnih gibov, zaradi \u010desar so neprecenljivi pri gradbenih opravilih. Tudi bagri uporabljajo te cilindre, ki pomagajo pri izkopavanju in dvigovanju, kar zagotavlja u\u010dinkovito delovanje na gradbi\u0161\u010dih.<\/p>\n<h3>Kmetijska mehanizacija<\/h3>\n<p>\u010celni nakladalniki uporabljajo cilindre roke za zajemanje, dvigovanje in prevoz zemlje, sena in drugih materialov. Mo\u010dno delovanje teh cilindrov omogo\u010da kmetom in kmetijskim delavcem enostavno in natan\u010dno opravljanje nalog, kot so nakladanje, razkladanje in ravnanje z materiali.<\/p>\n<h3>Bagri<\/h3>\n<p>Cilindri bagrske \u017elice igrajo klju\u010dno vlogo pri prodiranju \u017elice v zemljo, kar omogo\u010da u\u010dinkovito kopanje. Njihova robustna zasnova zagotavlja zanesljivo delovanje med zahtevnimi izkopnimi nalogami, zaradi \u010desar so nepogre\u0161ljivi pri razli\u010dnih projektih, od urejanja okolice do obse\u017ene gradnje.<\/p>\n<h3>Nakladalci<\/h3>\n<p>Pri \u010delnih nakladalnikih cilindri roke pomagajo pri u\u010dinkovitem dvigovanju in razkladanju tovora. Njihova sposobnost zagotavljanja velike dvi\u017ene sile pomeni, da se lahko operacije izvajajo u\u010dinkoviteje, kar prispeva k ve\u010dji produktivnosti pri ravnanju z materiali.<\/p>\n<h2>Oblikovalski vidiki in izbirna merila<\/h2>\n<h3>Nosilnost<\/h3>\n<p>Eden najpomembnej\u0161ih dejavnikov pri izbiri cilindra roke je njegova nosilnost. Cilinder mora biti sposoben brez okvare prenesti najve\u010djo obremenitev, ki jo pri\u010dakujemo med delovanjem. To vklju\u010duje izra\u010dun potrebne dvi\u017ene in dr\u017ealne zmogljivosti, pri \u010demer se upo\u0161tevajo varnostne rezerve za zagotovitev zanesljivega delovanja v ekstremnih pogojih.<\/p>\n<h3>Tesnjenje<\/h3>\n<p>U\u010dinkovito tesnjenje je klju\u010dnega pomena za vzdr\u017eevanje hidravli\u010dnega tlaka in prepre\u010devanje pu\u0161\u010danja teko\u010dine. Visokokakovostna tesnila \u0161\u010ditijo pred vdorom umazanije in vlage, kar lahko poslab\u0161a delovanje in povzro\u010di prezgodnjo odpoved. Izbira materialov za tesnila, vklju\u010dno s poliuretanom in nitrilno gumo, igra pomembno vlogo pri zagotavljanju trajnosti in delovanja.<\/p>\n<h3>Vzdr\u017eljivost<\/h3>\n<p>Vzdr\u017eljivost je klju\u010dni dejavnik pri zasnovi cilindrov roke. Prenesti morajo te\u017eke okoljske pogoje, vklju\u010dno z visokim tlakom, abrazivnimi materiali in ekstremnimi temperaturami. Uporaba materialov z visoko odpornostjo proti obrabi in koroziji pomaga podalj\u0161ati \u017eivljenjsko dobo teh cilindrov in zmanj\u0161ati potrebo po pogostih zamenjavah.<\/p>\n<h3>Varnost<\/h3>\n<p>Varnost je pri hidravli\u010dnih sistemih najpomembnej\u0161a. Cilindri roke so zasnovani z varnostnimi funkcijami za prepre\u010devanje nesre\u010d, kot so varnostni ventili za zmanj\u0161anje tveganj zaradi previsokega tlaka. Redni pregledi in upo\u0161tevanje varnostnih protokolov med delovanjem dodatno prispevajo k varnemu delovnemu okolju.<\/p>\n<h3>Vzdr\u017eevanje<\/h3>\n<p>Enostavnost vzdr\u017eevanja je pomemben dejavnik pri zasnovi. Cilindri roke morajo omogo\u010dati enostaven dostop do komponent, ki zahtevajo redne preglede in servisiranje. To vklju\u010duje funkcije, ki olaj\u0161ajo zamenjavo tesnil in drugih delov, kar spodbuja trajnostno obratovalno u\u010dinkovitost in zmanj\u0161uje \u010das izpada.<\/p>\n<p><img decoding=\"async\" src=\"https:\/\/www.hydraulic-cylinders.net\/wp-content\/uploads\/2025\/04\/songte-oil-pipes-and-spare-parts.webp\" alt=\"Deli hidravli\u010dnega cilindra\"><\/p>\n<h2>Tesnjenje in mazanje<\/h2>\n<p>U\u010dinkovito tesnjenje in mazanje sta klju\u010dnega pomena za zanesljivo delovanje cilindrov roke. Za vzdr\u017eevanje hidravli\u010dnega tlaka in prepre\u010devanje pu\u0161\u010danja se uporabljajo razli\u010dne tesnilne komponente, kot so tesnila bata in ojnice. Tesnila so pogosto izdelana iz trpe\u017enih materialov, kot sta poliuretan in nitrilna guma, ki zagotavljajo odpornost proti obrabi in okoljskim dejavnikom.<\/p>\n<p>Telo valja in navojne kon\u010dne povr\u0161ine so natan\u010dno obdelane za pove\u010danje odpornosti proti obrabi in zagotavljanje tesnega prileganja. Redno mazanje je bistvenega pomena; upravljavci morajo redno preverjati nivo hidravli\u010dnega olja in uporabljati pravilno koli\u010dino hidravli\u010dne teko\u010dine, da ohranijo optimalno delovanje in prepre\u010dijo obrabo.<\/p>\n<h2>Redni pregledi in preventivno vzdr\u017eevanje<\/h2>\n<ul>\n<li><strong>Rutinski pregledi:<\/strong> Redno pregledujte, da odkrijete morebitne znake obrabe, pu\u0161\u010danja ali po\u0161kodb. Zgodnje odkrivanje omogo\u010da pravo\u010dasna popravila in prepre\u010devanje resnej\u0161ih te\u017eav.<\/li>\n<li><strong>Pravilno mazanje:<\/strong> Zagotovite vzdr\u017eevanje ravni hidravli\u010dnega olja in uporabo pravilne vrste olja. Redno mazanje zmanj\u0161a trenje in obrabo ter podalj\u0161a \u017eivljenjsko dobo cilindra.<\/li>\n<li><strong>Zamenjava tesnila:<\/strong> Spremljajte stanje tesnil in jih po potrebi zamenjajte. Obrabljena ali po\u0161kodovana tesnila lahko povzro\u010dijo pu\u0161\u010danje in zmanj\u0161ano delovanje, zato je proaktivna zamenjava klju\u010dnega pomena za ohranjanje funkcionalnosti.<\/li>\n<\/ul>\n<h2>Navodila za namestitev<\/h2>\n<p>Pravilna namestitev cilindra roke je klju\u010dnega pomena za zagotovitev njegove u\u010dinkovitosti in dolge \u017eivljenjske dobe. Najprej se prepri\u010dajte, da so valj in njegove pritrdilne to\u010dke \u010disti in brez ne\u010disto\u010d. Cilinder natan\u010dno poravnajte z nosilci in pri tem uporabite ustrezne opore, da ohranite stabilnost med namestitvijo.<\/p>\n<p>Jeklenko trdno pritrdite s priporo\u010denimi pritrdilnimi elementi in se prepri\u010dajte, da so priviti do predpisanih vrednosti, da prepre\u010dite zrahljanje med delovanjem. Po namestitvi temeljito pregledajte, da se prepri\u010date, da so vse povezave varne in da jeklenka deluje gladko in brez ovir. Po namestitvi redno preverjajte pravilno poravnavo, da se izognete prekomerni obremenitvi komponent.<\/p>\n<h2>Vzdr\u017eevalna opravila<\/h2>\n<ul>\n<li><strong>Redni pregledi:<\/strong> Redni pregledi so klju\u010dnega pomena za zgodnje odkrivanje morebitnih te\u017eav. Med delovanjem bodite pozorni na znake obrabe, pu\u0161\u010danja ali kakr\u0161ne koli nenavadne zvoke, saj lahko to ka\u017ee na osnovne te\u017eave, ki zahtevajo pozornost.<\/li>\n<li><strong>Ustrezno mazanje:<\/strong> Vzdr\u017eevanje ustreznega mazanja je bistvenega pomena za nemoteno delovanje cilindra roke. Za prepre\u010ditev prekomerne obrabe uporabite priporo\u010deno hidravli\u010dno olje in ga nana\u0161ajte v intervalih, ki so navedeni v navodilih proizvajalca.<\/li>\n<li><strong>Zamenjava tesnila:<\/strong> Tesnila so klju\u010dnega pomena za vzdr\u017eevanje hidravli\u010dnega tlaka. Redno preverjajte njihovo stanje in jih zamenjajte, \u010de ka\u017eejo znake obrabe, da zagotovite optimalno delovanje in prepre\u010dite pu\u0161\u010danje.<\/li>\n<\/ul>\n<p>Med namestitvijo se prepri\u010dajte, da je valj pravilno poravnan, da prepre\u010dite te\u017eave z neporavnanostjo. Za zagotovitev stabilnosti uporabite ustrezne monta\u017ene nosilce. Upo\u0161tevajte priporo\u010dene postopke pregledovanja in zamenjave ter zagotovite, da so deli zamenjani z enakovredno kakovostnimi komponentami, da ohranite funkcionalnost in podalj\u0161ate \u017eivljenjsko dobo valja.<\/p>\n<p><img decoding=\"async\" src=\"https:\/\/www.hydraulic-cylinders.net\/wp-content\/uploads\/2025\/04\/songte-chushion-collar.webp\" alt=\"Blazinasti ovratnik\"><\/p>\n<h2>Varnostni vidiki in okoljski dejavniki<\/h2>\n<p>Pri uporabi hidravli\u010dnih cilindrov je upo\u0161tevanje varnostnih ukrepov bistvenega pomena za prepre\u010devanje nesre\u010d in po\u0161kodb. Upravljavci morajo biti usposobljeni za pravilno uporabo opreme in seznanjeni z varnostnimi protokoli, vklju\u010dno s prepoznavanjem nevarnosti, povezanih s hidravli\u010dnim tlakom in morebitnimi mehanskimi okvarami. Pravilno ravnanje s hidravli\u010dnimi teko\u010dinami in njihovo shranjevanje sta prav tako klju\u010dnega pomena za prepre\u010devanje onesna\u017eenja okolja.<\/p>\n<h2>Odpravljanje te\u017eav in pogoste te\u017eave<\/h2>\n<ul>\n<li><strong>Pu\u0161\u010danje:<\/strong> Ena najpogostej\u0161ih te\u017eav s hidravli\u010dnimi cilindri je pu\u0161\u010danje, ki ga pogosto povzro\u010dajo obrabljena tesnila. Redni pregledi in pravo\u010dasna zamenjava tesnil lahko ubla\u017eijo to te\u017eavo.<\/li>\n<li><strong>Izguba tlaka:<\/strong> Nezadosten hidravli\u010dni tlak je lahko posledica pu\u0161\u010danja teko\u010dine, zraka v hidravli\u010dnem sistemu ali okvare komponent. Diagnosticiranje vira je klju\u010dnega pomena za ponovno vzpostavitev normalnega delovanja.<\/li>\n<li><strong>Nenavadni zvoki:<\/strong> \u0160kripanje ali sikanje med delovanjem lahko ka\u017ee na notranjo po\u0161kodbo ali nezadostno mazanje. \u010ce vzrok pravo\u010dasno prepoznate in odpravite, lahko prepre\u010dite nadaljnjo \u0161kodo.<\/li>\n<\/ul>\n<p>Za u\u010dinkovito diagnosticiranje te\u017eav morajo upravljavci voditi dnevnik delovanja in zgodovine popravil. Poznavanje pogostih te\u017eav in njihovih simptomov omogo\u010da hitrej\u0161e re\u0161evanje in skraj\u0161a \u010das izpada opreme.<\/p>\n<p>Preventivni ukrepi, kot sta redno vzdr\u017eevanje in upo\u0161tevanje navodil za uporabo, lahko znatno zmanj\u0161ajo pojav morebitnih te\u017eav ter zagotovijo nemoteno delovanje in dolgo \u017eivljenjsko dobo hidravli\u010dnih cilindrov.<\/p>\n<p><img decoding=\"async\" src=\"https:\/\/www.hydraulic-cylinders.net\/wp-content\/uploads\/2025\/04\/songte-bushings-with-all-kinds-of-excavator-models.webp\" alt=\"Pu\u0161e za modele bagrov\"><\/p>\n<h2>O na\u0161em podjetju<\/h2>\n<p>Smo vodilni proizvajalec nadomestnih hidravli\u010dnih cilindrov in ponujamo \u0161iroko paleto izdelkov za zadovoljevanje potreb doma\u010dega in mednarodnega trga. Na\u0161a zavezanost kakovosti se odra\u017ea v natan\u010dnih proizvodnih procesih in upo\u0161tevanju industrijskih standardov.<\/p>\n<p>Na\u0161i napredni proizvodni obrati uporabljajo najsodobnej\u0161o tehnologijo in usposobljeno delovno silo za zagotavljanje visoke u\u010dinkovitosti in natan\u010dnosti. Poudarek dajemo nenehnim izbolj\u0161avam in inovacijam, pri \u010demer izkori\u0161\u010damo svoje tehni\u010dno znanje za izbolj\u0161anje kakovosti izdelkov in izpolnjevanje raznolikih zahtev strank.<\/p>\n<p>Na\u0161e storitve segajo dlje od proizvodnje; ponujamo re\u0161itve po meri, vklju\u010dno z mo\u017enostmi prilagoditve in robustno poprodajno podporo, s \u010dimer zagotavljamo, da na\u0161e stranke prejmejo najvi\u0161jo raven storitev. Zavezani smo k zagotavljanju odli\u010dnosti in zanesljivosti vsakega izdelka, ki ga ponujamo.<\/p>\n<p><img decoding=\"async\" src=\"https:\/\/www.hydraulic-cylinders.net\/wp-content\/uploads\/2025\/04\/songte-company-4.webp\" alt=\"Slika podjetja 1\"><br \/>\n<img decoding=\"async\" src=\"https:\/\/www.hydraulic-cylinders.net\/wp-content\/uploads\/2025\/04\/songte-company-3.webp\" alt=\"Slika podjetja 2\"><\/p>\n<p>Avtor: lyl<\/p>","protected":false},"excerpt":{"rendered":"<p>Boom Cylinder For Bonny CE750-8 Product Overview The Boom Cylinder for Bonny CE750-8 is a crucial component in hydraulic systems, specifically designed to control the movement of the boom on heavy machinery. These cylinders are integral to the operation of excavators, backhoes, and front loaders, enabling the boom to lift, lower, and tilt, thus facilitating [&hellip;]<\/p>","protected":false},"featured_media":17879,"comment_status":"open","ping_status":"closed","template":"","meta":{"_et_pb_use_builder":"","_et_pb_old_content":"","_et_gb_content_width":""},"product_brand":[],"product_cat":[1546],"product_tag":[1547,1496],"class_list":{"0":"post-19646","1":"product","2":"type-product","3":"status-publish","4":"has-post-thumbnail","6":"product_cat-boom-cylinders","7":"product_tag-boom-cylinders","8":"product_tag-hydraulic-cylinders","10":"first","11":"instock","12":"shipping-taxable","13":"product-type-simple"},"amp_enabled":true,"_links":{"self":[{"href":"https:\/\/www.hydraulic-cylinders.net\/sl\/wp-json\/wp\/v2\/product\/19646","targetHints":{"allow":["GET"]}}],"collection":[{"href":"https:\/\/www.hydraulic-cylinders.net\/sl\/wp-json\/wp\/v2\/product"}],"about":[{"href":"https:\/\/www.hydraulic-cylinders.net\/sl\/wp-json\/wp\/v2\/types\/product"}],"replies":[{"embeddable":true,"href":"https:\/\/www.hydraulic-cylinders.net\/sl\/wp-json\/wp\/v2\/comments?post=19646"}],"wp:featuredmedia":[{"embeddable":true,"href":"https:\/\/www.hydraulic-cylinders.net\/sl\/wp-json\/wp\/v2\/media\/17879"}],"wp:attachment":[{"href":"https:\/\/www.hydraulic-cylinders.net\/sl\/wp-json\/wp\/v2\/media?parent=19646"}],"wp:term":[{"taxonomy":"product_brand","embeddable":true,"href":"https:\/\/www.hydraulic-cylinders.net\/sl\/wp-json\/wp\/v2\/product_brand?post=19646"},{"taxonomy":"product_cat","embeddable":true,"href":"https:\/\/www.hydraulic-cylinders.net\/sl\/wp-json\/wp\/v2\/product_cat?post=19646"},{"taxonomy":"product_tag","embeddable":true,"href":"https:\/\/www.hydraulic-cylinders.net\/sl\/wp-json\/wp\/v2\/product_tag?post=19646"}],"curies":[{"name":"delovni list","href":"https:\/\/api.w.org\/{rel}","templated":true}]}}