{"id":19649,"date":"2025-04-07T06:59:31","date_gmt":"2025-04-07T06:59:31","guid":{"rendered":"https:\/\/www.hydraulic-cylinders.net\/product\/boom-cylinder-for-bonny-ce1000-7\/"},"modified":"2025-04-07T06:59:33","modified_gmt":"2025-04-07T06:59:33","slug":"boom-cylinder-for-bonny-ce1000-7","status":"publish","type":"product","link":"https:\/\/www.hydraulic-cylinders.net\/sl\/izdelek\/boom-cylinder-for-bonny-ce1000-7\/","title":{"rendered":"Cilinder roke za Bonny CE1000-7"},"content":{"rendered":"<h1>Cilinder roke za Bonny CE1000-7<\/h1>\n<h2>Razumevanje cilindra roke<\/h2>\n<p>Cilinder roke je klju\u010dna hidravli\u010dna komponenta, ki se uporablja v razli\u010dnih te\u017ekih strojih. Zasnovan je posebej za nadzor gibanja \u017elice v bagrih, bagrih in \u010delnih nakladalnikih ter omogo\u010da dvigovanje, spu\u0161\u010danje in nagibanje \u017elice, zaradi \u010desar so naloge ravnanja z materiali u\u010dinkovite in uspe\u0161ne.<\/p>\n<p>Kot vrsta hidravli\u010dnega cilindra deluje valj roke z uporabo tlaka hidravli\u010dne teko\u010dine za ustvarjanje gibanja. Ta funkcionalnost je klju\u010dnega pomena v gradbeni\u0161tvu in kmetijstvu, kjer je potreben natan\u010den nadzor nad te\u017ekimi bremeni. Hidravli\u010dni sistem izkori\u0161\u010da mo\u010d mehanike teko\u010din, kar omogo\u010da, da valj roke nemoteno opravlja svoje naloge in s tem pove\u010duje produktivnost.<\/p>\n<p><img decoding=\"async\" src=\"https:\/\/www.hydraulic-cylinders.net\/wp-content\/uploads\/2025\/04\/songte-company-1.webp\" alt=\"Cilinder roke\"><\/p>\n<h2>Klju\u010dne zna\u010dilnosti cilindra roke<\/h2>\n<ul>\n<li><strong>Visoka trdnost in vzdr\u017eljivost:<\/strong> Cilinder roke, ki je obi\u010dajno izdelan iz visoko trdnega jekla ali aluminija, lahko prenese visoke tlake in velike obremenitve. Njegova zasnova vklju\u010duje odpornost proti obrabi in koroziji, kar podalj\u0161uje njegovo \u017eivljenjsko dobo tudi v zahtevnih delovnih okoljih.<\/li>\n<li><strong>U\u010dinkovito hidravli\u010dno delovanje:<\/strong> Cilinder uporablja hidravli\u010dni tlak teko\u010dine za gladko iztegovanje in vle\u010denje, se hitro odziva na ukaze upravljavca in zagotavlja mo\u010dno potisno in vle\u010dno silo, primerno za opravljanje te\u017ekih in kompleksnih nalog.<\/li>\n<li><strong>Razli\u010dne vrste:<\/strong> Na voljo je v enosmerno delujo\u010di (hidravli\u010dni tlak se uporablja v eni smeri) ali dvosmerno delujo\u010di (hidravli\u010dni tlak se uporablja v obeh smereh) konfiguraciji, zato je mogo\u010de cilinder roke prilagoditi razli\u010dnim operativnim potrebam. Nekateri modeli so teleskopski, kar omogo\u010da ve\u010dji izvle\u010dek brez pove\u010danja zunanjih dimenzij, kar je idealno za aplikacije z omejenim prostorom.<\/li>\n<li><strong>Izdelava po meri:<\/strong> Ta izdelek lahko proizvedemo, zato so na\u0161i cilindri popolna zamenjava za va\u0161e hidravli\u010dne potrebe.<\/li>\n<li><strong>\u0160irok spekter uporabe:<\/strong> Zaradi te vsestranskosti je cilinder roke primeren za razli\u010dne te\u017eke stroje in operativne kontekste.<\/li>\n<\/ul>\n<p><img decoding=\"async\" src=\"https:\/\/www.hydraulic-cylinders.net\/wp-content\/uploads\/2025\/04\/songte-cylinder-head-with-all-kinds-excavator-models.webp\" alt=\"Modeli bagrov\"><\/p>\n<h2>Uporaba cilindra roke<\/h2>\n<h3>Gradbena oprema<\/h3>\n<p>Cilinder roke se pogosto uporablja v bagrih, kjer je klju\u010dnega pomena za kopanje, nakladanje in premikanje zemlje ali ru\u0161evin. Njegov natan\u010den nadzor omogo\u010da upravljavcem izvajanje natan\u010dnih gibov, kar olaj\u0161a razli\u010dna gradbena opravila. Pri bagrih nakladalnikih cilinder roke ne pomaga le pri izkopavanju, temve\u010d tudi pri dvigovanju materialov, zaradi \u010desar je bistvena komponenta teh strojev.<\/p>\n<h3>Kmetijska mehanizacija<\/h3>\n<p>Pri \u010delnih nakladalnikih se cilindri roke uporabljajo za zajemanje, dvigovanje in prevoz zemlje, sena in drugih materialov. Njihova robustna zasnova zagotavlja, da lahko obvladajo te\u017eke kmetijske naloge, kar izbolj\u0161uje u\u010dinkovitost in produktivnost pri kmetijskih opravilih.<\/p>\n<h3>Bagri<\/h3>\n<p>Cilinder roke omogo\u010da, da \u017elica u\u010dinkovito prodre v tla, kar olaj\u0161a postopek kopanja. Ta funkcionalnost je klju\u010dnega pomena pri gradbenih, krajinskih in izkopnih projektih, kjer so potrebne natan\u010dne zemeljske zmogljivosti.<\/p>\n<h3>Nakladalci<\/h3>\n<p>Pri \u010delnih nakladalnikih cilindri roke pomagajo pri u\u010dinkovitem dvigovanju in prevra\u010danju bremen. Ta zmogljivost je bistvena za premikanje materialov na gradbi\u0161\u010dih, saj zagotavlja hitro in varno opravljanje nalog.<\/p>\n<h2>Oblikovalski vidiki in izbirna merila<\/h2>\n<h3>Nosilnost<\/h3>\n<p>Nosilnost cilindra roke je klju\u010dni vidik, ki dolo\u010da, koliko te\u017ee lahko valj varno dvigne in z njo manevrira. Pravilna ocena nosilnosti zagotavlja, da lahko valj opravlja specifi\u010dne naloge brez tveganja okvare ali po\u0161kodbe.<\/p>\n<h3>Celovitost tesnjenja<\/h3>\n<p>U\u010dinkovito tesnjenje je klju\u010dnega pomena za delovanje in dolgo \u017eivljenjsko dobo cilindra roke. Visokokakovostna tesnila prepre\u010dujejo pu\u0161\u010danje hidravli\u010dne teko\u010dine, kar zagotavlja optimalno delovanje in zmanj\u0161uje tveganje onesna\u017eenja okolja. Izbrati je treba ustrezne tesnilne materiale in tehnologije, ki ustrezajo delovnim pogojem.<\/p>\n<h3>Vzdr\u017eljivost<\/h3>\n<p>Vzdr\u017eljivost vklju\u010duje sposobnost cilindra roke, da prenese obrabo skozi \u010das. To vklju\u010duje odpornost proti abraziji, koroziji in utrujenosti. Izbira materialov in povr\u0161in, ki pove\u010dujejo vzdr\u017eljivost, bo zagotovila zanesljivo delovanje hidravli\u010dnega cilindra v zahtevnih okoljih.<\/p>\n<h3>Varnostne funkcije<\/h3>\n<p>Varnost je pri na\u010drtovanju hidravli\u010dnih cilindrov najpomembnej\u0161a. Vklju\u010ditev funkcij, kot sta za\u0161\u010dita pred preobremenitvijo in varnostni ventili, lahko prepre\u010di nesre\u010de in okvare opreme ter za\u0161\u010diti tako upravljavce kot stroje. Razumevanje varnostnih zahtev in predpisov je klju\u010dnega pomena za skladnost na\u010drtovanja.<\/p>\n<h3>Vzdr\u017eevalni vidiki<\/h3>\n<p>Zasnova za vzdr\u017eevanje pomeni upo\u0161tevanje, kako enostavno je mogo\u010de servisirati ali popravljati cilindre roke. Funkcije, kot so dostopna tesnila, zamenljive komponente in jasna navodila za vzdr\u017eevanje, prispevajo k u\u010dinkovitemu vzdr\u017eevanju, kar zmanj\u0161uje \u010das izpada in obratovalne stro\u0161ke.<\/p>\n<p><img decoding=\"async\" src=\"https:\/\/www.hydraulic-cylinders.net\/wp-content\/uploads\/2025\/04\/songte-oil-pipes-and-spare-parts.webp\" alt=\"Oljne cevi in \u200b\u200brezervni deli\"><\/p>\n<h2>Tesnjenje in mazanje<\/h2>\n<p>U\u010dinkovito tesnjenje in mazanje sta bistvenega pomena za optimalno delovanje cilindra roke. Razli\u010dna tesnila, kot so tesnila bata in ojnice, igrajo klju\u010dno vlogo pri vzdr\u017eevanju hidravli\u010dnega tlaka in prepre\u010devanju pu\u0161\u010danja. Tesnila iz trpe\u017enih materialov, kot sta poliuretan in nitrilna guma, pove\u010dujejo odpornost proti obrabi.<\/p>\n<p>Povr\u0161ine ohi\u0161ja valja in navojnih koncev so fino obdelane za izbolj\u0161anje njihove vzdr\u017eljivosti proti obrabi. Poleg tega je bistveno redno vbrizgavanje ustreznega hidravli\u010dnega olja za mazanje, kar zagotavlja nemoteno delovanje vseh gibljivih delov in zmanj\u0161uje trenje.<\/p>\n<h2>Redni pregledi in preventivno vzdr\u017eevanje<\/h2>\n<ul>\n<li><strong>Rutinski pregledi:<\/strong> Redno preverjajte valj roke glede znakov obrabe, pu\u0161\u010danja ali po\u0161kodb. Zgodnje odkrivanje te\u017eav lahko prepre\u010di ve\u010dje te\u017eave in draga popravila.<\/li>\n<li><strong>Ustrezno mazanje:<\/strong> Zagotovite, da je hidravli\u010dno olje na pravilni ravni in da je mazanje izvedeno v skladu z navodili proizvajalca. To bo izbolj\u0161alo delovanje in podalj\u0161alo \u017eivljenjsko dobo hidravli\u010dnega cilindra.<\/li>\n<li><strong>Zamenjava tesnila:<\/strong> Tesnila je treba zamenjati v okviru rednega vzdr\u017eevalnega na\u010drta, da prepre\u010dite pu\u0161\u010danje in ohranite u\u010dinkovitost sistema. Pravilna izbira nadomestnih tesnil je klju\u010dnega pomena za ohranjanje celovitosti hidravli\u010dnega sistema.<\/li>\n<\/ul>\n<h2>Navodila za namestitev<\/h2>\n<p>Pri name\u0161\u010danju cilindra roke je nujno upo\u0161tevati ta navodila, da se zagotovi pravilno delovanje in dolga \u017eivljenjsko doba:<\/p>\n<ul>\n<li><strong>Poravnava:<\/strong> Pravilno poravnajte valj z pritrdilnimi to\u010dkami, da se izognete te\u017eavam z napetostjo in neporavnanostjo med delovanjem. Po potrebi uporabite podlo\u017eke ali distan\u010dnike za dosego pravilne namestitve.<\/li>\n<li><strong>Varna monta\u017ea:<\/strong> Za pritrditev cilindra uporabite ustrezne nosilce in strojno opremo. Prepri\u010dajte se, da so vsi pritrdilni elementi priviti v skladu s specifikacijami proizvajalca, da prepre\u010dite premikanje med delovanjem.<\/li>\n<li><strong>Hidravli\u010dni priklju\u010dki:<\/strong> Hidravli\u010dne cevi priklju\u010dite previdno, da prepre\u010dite pu\u0161\u010danje. Za ohranitev celovitosti sistema se prepri\u010dajte, da so vsi priklju\u010dki zatesnjeni in priviti v skladu s specifikacijami proizvajalca.<\/li>\n<li><strong>Testiranje:<\/strong> Po namestitvi temeljito preizkusite hidravli\u010dni sistem, da zagotovite pravilno delovanje. Spremljajte morebitna pu\u0161\u010danja, nenavadne zvoke ali te\u017eave z delovanjem.<\/li>\n<\/ul>\n<p><img decoding=\"async\" src=\"https:\/\/www.hydraulic-cylinders.net\/wp-content\/uploads\/2025\/04\/songte-chushion-collar.webp\" alt=\"Blazinasti ovratnik\"><\/p>\n<h2>Varnostni vidiki in okoljski dejavniki<\/h2>\n<p>Pri uporabi hidravli\u010dnih cilindrov je klju\u010dnega pomena dati prednost varnostnim ukrepom. Upravljavci morajo biti usposobljeni za razumevanje delovanja hidravli\u010dnih sistemov in pomena upo\u0161tevanja varnostnih protokolov med delovanjem in vzdr\u017eevanjem. Redni varnostni pregledi in usposabljanje lahko zmanj\u0161ajo tveganja, povezana s hidravli\u010dno opremo.<\/p>\n<h2>Odpravljanje te\u017eav in pogoste te\u017eave<\/h2>\n<ul>\n<li><strong>Pu\u0161\u010danje:<\/strong> Pogosto je vzrok obrabljena tesnila ali ohlapni spoji. Preverite vse hidravli\u010dne povezave in tesnila glede po\u0161kodb in jih po potrebi popravite ali zamenjajte.<\/li>\n<li><strong>Po\u010dasno delovanje:<\/strong> Lahko ka\u017ee na nizko raven hidravli\u010dne teko\u010dine ali zrak v sistemu. Preverite raven teko\u010dine in odzra\u010dite sistem, da odstranite morebitni ujeti zrak.<\/li>\n<li><strong>Prekomerni hrup:<\/strong> Pogosto znak notranje obrabe ali kavitacije. Preverite valj in hidravli\u010dni sistem glede morebitnih okvar in jih nemudoma odpravite.<\/li>\n<\/ul>\n<p>Z razumevanjem teh pogostih te\u017eav lahko operaterji u\u010dinkovito diagnosticirajo in odpravijo te\u017eave ter tako zagotovijo dosledno delovanje.<\/p>\n<p><img decoding=\"async\" src=\"https:\/\/www.hydraulic-cylinders.net\/wp-content\/uploads\/2025\/04\/songte-bushings-with-all-kinds-of-excavator-models.webp\" alt=\"Pu\u0161e z modeli bagrov\"><\/p>\n<h2>Zaklju\u010dek<\/h2>\n<p>Smo vodilni proizvajalec nadomestnih hidravli\u010dnih cilindrov in ponujamo \u0161iroko paleto izdelkov, ki ustrezajo tako doma\u010demu kot mednarodnemu trgu. Na\u0161a zavezanost odli\u010dnosti in natan\u010dne strategije upravljanja proizvodnje nas uvr\u0161\u010dajo med vrhunske proizvajalce in veleprodajne distributerje hidravli\u010dnih cilindrov.<\/p>\n<p>Dajemo prednost kakovosti z naprednimi proizvodnimi obrati in procesi, pri \u010demer uporabljamo usposobljene kadre in najsodobnej\u0161o digitalno opremo. Na\u0161a osredoto\u010denost na zagotavljanje kakovosti, skupaj z na\u0161o sposobnostjo prilagajanja re\u0161itev, zagotavlja, da u\u010dinkovito izpolnjujemo raznolike potrebe strank.<\/p>\n<p><img decoding=\"async\" src=\"https:\/\/www.hydraulic-cylinders.net\/wp-content\/uploads\/2025\/04\/songte-company-4.webp\" alt=\"Pregled podjetja\"><br \/>\n<img decoding=\"async\" src=\"https:\/\/www.hydraulic-cylinders.net\/wp-content\/uploads\/2025\/04\/songte-company-3.webp\" alt=\"Proizvodni obrat\"><\/p>\n<p>Avtor: lyl<\/p>","protected":false},"excerpt":{"rendered":"<p>Boom Cylinder For Bonny CE1000-7 Understanding the Boom Cylinder The boom cylinder is a vital hydraulic component used in various heavy machinery. Specifically designed for controlling the movement of the bucket in excavators, backhoes, and front loaders, it allows the bucket to lift, lower, and tilt, making material handling tasks efficient and effective. As a [&hellip;]<\/p>","protected":false},"featured_media":17867,"comment_status":"open","ping_status":"closed","template":"","meta":{"_et_pb_use_builder":"","_et_pb_old_content":"","_et_gb_content_width":""},"product_brand":[],"product_cat":[1546],"product_tag":[1547,1496],"class_list":{"0":"post-19649","1":"product","2":"type-product","3":"status-publish","4":"has-post-thumbnail","6":"product_cat-boom-cylinders","7":"product_tag-boom-cylinders","8":"product_tag-hydraulic-cylinders","10":"first","11":"instock","12":"shipping-taxable","13":"product-type-simple"},"amp_enabled":true,"_links":{"self":[{"href":"https:\/\/www.hydraulic-cylinders.net\/sl\/wp-json\/wp\/v2\/product\/19649","targetHints":{"allow":["GET"]}}],"collection":[{"href":"https:\/\/www.hydraulic-cylinders.net\/sl\/wp-json\/wp\/v2\/product"}],"about":[{"href":"https:\/\/www.hydraulic-cylinders.net\/sl\/wp-json\/wp\/v2\/types\/product"}],"replies":[{"embeddable":true,"href":"https:\/\/www.hydraulic-cylinders.net\/sl\/wp-json\/wp\/v2\/comments?post=19649"}],"wp:featuredmedia":[{"embeddable":true,"href":"https:\/\/www.hydraulic-cylinders.net\/sl\/wp-json\/wp\/v2\/media\/17867"}],"wp:attachment":[{"href":"https:\/\/www.hydraulic-cylinders.net\/sl\/wp-json\/wp\/v2\/media?parent=19649"}],"wp:term":[{"taxonomy":"product_brand","embeddable":true,"href":"https:\/\/www.hydraulic-cylinders.net\/sl\/wp-json\/wp\/v2\/product_brand?post=19649"},{"taxonomy":"product_cat","embeddable":true,"href":"https:\/\/www.hydraulic-cylinders.net\/sl\/wp-json\/wp\/v2\/product_cat?post=19649"},{"taxonomy":"product_tag","embeddable":true,"href":"https:\/\/www.hydraulic-cylinders.net\/sl\/wp-json\/wp\/v2\/product_tag?post=19649"}],"curies":[{"name":"delovni list","href":"https:\/\/api.w.org\/{rel}","templated":true}]}}