{"id":19651,"date":"2025-04-07T06:59:37","date_gmt":"2025-04-07T06:59:37","guid":{"rendered":"https:\/\/www.hydraulic-cylinders.net\/product\/boom-cylinder-for-bonny-wy160ahd\/"},"modified":"2025-04-07T06:59:40","modified_gmt":"2025-04-07T06:59:40","slug":"boom-cylinder-for-bonny-wy160ahd","status":"publish","type":"product","link":"https:\/\/www.hydraulic-cylinders.net\/sl\/izdelek\/boom-cylinder-for-bonny-wy160ahd\/","title":{"rendered":"Cilinder roke za Bonny WY160AHD"},"content":{"rendered":"<h1>Cilinder roke za Bonny WY160AHD<\/h1>\n<h2>Pregled izdelka<\/h2>\n<p>Hidravli\u010dni cilinder roke za Bonny WY160AHD je specializiran hidravli\u010dni cilinder, zasnovan za krmiljenje gibanja roke v razli\u010dnih te\u017ekih strojih, kot so bagri, bagri nakladalniki in \u010delni nakladalniki. Ti cilindri omogo\u010dajo dvigovanje, spu\u0161\u010danje in nagibanje roke, kar olaj\u0161a in natan\u010dno ravnanje z materiali. Cilinder \u017elice igra klju\u010dno vlogo v hidravli\u010dnih sistemih, saj zagotavlja potrebno silo in nadzor za u\u010dinkovito delovanje v zahtevnih okoljih.<\/p>\n<p><img decoding=\"async\" src=\"https:\/\/www.hydraulic-cylinders.net\/wp-content\/uploads\/2025\/04\/songte-company-1.webp\" alt=\"Cilinder roke za Bonny WY160AHD\"><\/p>\n<h3>Definicija in funkcionalnost<\/h3>\n<p>Valj \u017elice je vrsta hidravli\u010dnega cilindra, posebej zasnovanega za upravljanje delovanja \u017elice na te\u017ekih strojih. Pri bagrih omogo\u010da natan\u010dno kopanje, dvigovanje in nagibanje \u017elice, kar omogo\u010da u\u010dinkovito izkopavanje in transport materiala. Zasnova teh cilindrov obi\u010dajno zagotavlja visoko vzdr\u017eljivost in zanesljivost, kar zagotavlja optimalno delovanje v pogojih visokega tlaka.<\/p>\n<h2>Zna\u010dilnosti cilindra roke<\/h2>\n<ul>\n<li><strong>Visoka trdnost in vzdr\u017eljivost:<\/strong> Izdelani iz visoko trdnega jekla ali aluminija, ti cilindri prenesejo visoke tlake in velike obremenitve, zaradi \u010desar so primerni za zahtevna delovna okolja. Njihova zasnova upo\u0161teva odpornost proti obrabi in koroziji, da se podalj\u0161a njihova \u017eivljenjska doba.<\/li>\n<li><strong>U\u010dinkovito hidravli\u010dno delovanje:<\/strong> Z uporabo hidravli\u010dnega tlaka olja za gladko iztegovanje in vstavljanje se ti cilindri hitro odzivajo na krmilne ukaze in zagotavljajo znatno potisno in vle\u010dno silo, idealno za opravljanje te\u017ekih in kompleksnih nalog.<\/li>\n<li><strong>Razli\u010dne vrste:<\/strong> Mo\u017enosti vklju\u010dujejo enosmerno delujo\u010de (delujejo v eno smer) in dvosmerno delujo\u010de (delujejo v obe smeri) cilindre, ki ustrezajo razli\u010dnim operativnim zahtevam. Nekateri modeli so teleskopski, kar omogo\u010da ve\u010dji razteg brez pove\u010danja zunanjih dimenzij, primerni za aplikacije z omejenim prostorom.<\/li>\n<li><strong>Prilagodljive re\u0161itve:<\/strong> Na\u0161e proizvodne zmogljivosti nam omogo\u010dajo izdelavo cilindrov, ki popolnoma nadomestijo obstoje\u010de hidravli\u010dne cilindre in zagotavljajo brezhibno integracijo v va\u0161o opremo.<\/li>\n<li><strong>Robustna zasnova:<\/strong> Pri in\u017eeniringu teh valjev se upo\u0161tevajo dejavniki, kot so nosilnost, tesnjenje, vzdr\u017eljivost, varnost in vzdr\u017eevanje, kar zagotavlja zanesljivo delovanje v vseh aplikacijah.<\/li>\n<\/ul>\n<p><img decoding=\"async\" src=\"https:\/\/www.hydraulic-cylinders.net\/wp-content\/uploads\/2025\/04\/songte-cylinder-head-with-all-kinds-excavator-models.webp\" alt=\"Glava valja za bagre\"><\/p>\n<h2>Uporaba cilindra roke<\/h2>\n<h3>Gradbena oprema<\/h3>\n<p>Pri bagrih so cilindri roke bistveni za kopanje, nakladanje in premikanje zemlje ali ru\u0161evin. Zagotavljajo potrebno silo za u\u010dinkovito manipulacijo roke, kar omogo\u010da upravljavcem natan\u010dno opravljanje razli\u010dnih nalog. Zmo\u017enost roke za dvigovanje te\u017ekih bremen je klju\u010dnega pomena pri gradbenih projektih, saj zagotavlja u\u010dinkovitost in produktivnost.<\/p>\n<h3>Kmetijska mehanizacija<\/h3>\n<p>Cilindri roke, ki se uporabljajo v \u010delnih nakladalnikih, olaj\u0161ajo zajemanje, dvigovanje in prevoz materialov, kot sta zemlja in seno. Njihova robustna konstrukcija zagotavlja zanesljivo delovanje pri razli\u010dnih kmetijskih opravilih in znatno pove\u010da produktivnost na kmetijah.<\/p>\n<h3>Bagri<\/h3>\n<p>Pri bagrih cilindri roke omogo\u010dajo kopanje tako, da omogo\u010dajo, da \u017elica prodre v zemljo. Njihova zasnova maksimizira hidravli\u010dno u\u010dinkovitost in zagotavlja mo\u010d, potrebno za u\u010dinkovito izkopavanje materialov, s \u010dimer se izbolj\u0161a splo\u0161na zmogljivost stroja.<\/p>\n<h3>Nakladalci<\/h3>\n<p>Pri \u010delnih nakladalnikih cilindri roke pomagajo pri u\u010dinkovitem dvigovanju in razkladanju tovora. Zaradi svoje sposobnosti ravnanja s te\u017ekimi materiali so klju\u010dni v gradbeni\u0161tvu in ravnanju z materiali, saj zagotavljajo hitro in u\u010dinkovito opravljanje nalog.<\/p>\n<h2>Oblikovalski vidiki in izbirna merila<\/h2>\n<h3>Nosilnost<\/h3>\n<p>Pri izbiri cilindra roke je nosilnost klju\u010dni vidik. Cilinder mora biti sposoben prenesti najve\u010djo obremenitev, s katero se bo stroj soo\u010dil. To zahteva skrbno in\u017eenirstvo, da se zagotovi, da uporabljeni materiali prenesejo sile, ki delujejo med delovanjem, brez deformacij ali okvar.<\/p>\n<h3>Tesnjenje<\/h3>\n<p>Tesnjenje je \u0161e en bistven dejavnik. U\u010dinkovita tesnila prepre\u010dujejo pu\u0161\u010danje in kontaminacijo hidravli\u010dne teko\u010dine, kar lahko ogrozi delovanje in varnost. Visokokakovostna tesnila iz materialov, kot sta poliuretan ali nitrilna guma, so klju\u010dnega pomena za ohranjanje celovitosti hidravli\u010dnega sistema.<\/p>\n<h3>Vzdr\u017eljivost<\/h3>\n<p>Vzdr\u017eljivost cilindra roke je klju\u010dnega pomena, zlasti v zahtevnih okoljih. Odporen mora biti na obrabo zaradi stalne uporabe in izpostavljenosti te\u017ekim pogojem. To vklju\u010duje odrgnine zaradi umazanije in ostankov ter korozijo zaradi vlage in kemikalij.<\/p>\n<h3>Varnost<\/h3>\n<p>V zasnovo cilindrov roke morajo biti vklju\u010dene varnostne funkcije, da se prepre\u010dijo nesre\u010de. To vklju\u010duje mehanizme za za\u0161\u010dito pred preobremenitvijo in varnostne ventile, ki lahko prepre\u010dijo, da bi sistem presegel varne obratovalne meje, s \u010dimer se zagotovi varnost upravljavca in dolga \u017eivljenjsko doba opreme.<\/p>\n<h3>Vzdr\u017eevanje<\/h3>\n<p>Nenazadnje je pomemben dejavnik tudi enostavnost vzdr\u017eevanja. Zasnova, ki poenostavlja preglede, mazanje in zamenjavo tesnil, bo privedla do kraj\u0161ih izpadov in stro\u0161kov vzdr\u017eevanja. Proizvajalci bi morali dati prednost zasnovam, ki omogo\u010dajo enostaven dostop do kriti\u010dnih komponent.<\/p>\n<p><img decoding=\"async\" src=\"https:\/\/www.hydraulic-cylinders.net\/wp-content\/uploads\/2025\/04\/songte-oil-pipes-and-spare-parts.webp\" alt=\"Hidravli\u010dne komponente\"><\/p>\n<h2>Tesnjenje in mazanje<\/h2>\n<p>U\u010dinkovitost cilindrov roke je mo\u010dno odvisna od ustreznega tesnjenja in mazanja. Razli\u010dne tesnilne komponente, kot so tesnila bata in palice, so klju\u010dne za vzdr\u017eevanje hidravli\u010dnega tlaka in prepre\u010devanje pu\u0161\u010danja. Tesnila so obi\u010dajno izdelana iz materialov, odpornih proti obrabi, kot sta poliuretan ali nitrilna guma, ki nudita odli\u010dno vzdr\u017eljivost v te\u017ekih obratovalnih pogojih, s katerimi se pogosto soo\u010dajo hidravli\u010dni cilindri. Poleg tega so povr\u0161ine ohi\u0161ja cilindra in navojni konci fino obdelani za pove\u010danje odpornosti proti obrabi, kar prispeva k splo\u0161ni zanesljivosti cilindra.<\/p>\n<p>Redno mazanje je prav tako bistveno. Upravljavcem svetujemo, da hidravli\u010dni sistem redno napolnijo z ustreznim hidravli\u010dnim oljem, da zagotovijo nemoteno delovanje vseh gibljivih delov in zmanj\u0161ajo trenje. Ta praksa podalj\u0161a \u017eivljenjsko dobo cilindra in ohranja optimalno delovanje.<\/p>\n<h2>Preventivni vzdr\u017eevalni ukrepi<\/h2>\n<ul>\n<li><strong>Redni pregledi:<\/strong> Na\u010drtujte pogoste preglede, da odkrijete morebitne znake obrabe, pu\u0161\u010danja ali po\u0161kodb. Zgodnje odkrivanje te\u017eav lahko prepre\u010di nastanek resnej\u0161ih te\u017eav.<\/li>\n<li><strong>Ustrezno mazanje:<\/strong> Zagotovite vzdr\u017eevanje nivoja hidravli\u010dne teko\u010dine in redno mazanje sistema, da zmanj\u0161ate trenje in obrabo gibljivih delov.<\/li>\n<li><strong>Zamenjava tesnila:<\/strong> Spremljajte stanje tesnil in jih po potrebi zamenjajte, da prepre\u010dite pu\u0161\u010danje in ohranite hidravli\u010dno u\u010dinkovitost.<\/li>\n<\/ul>\n<h2>Navodila za namestitev<\/h2>\n<p>Pravilna namestitev cilindra roke je klju\u010dnega pomena za optimalno delovanje in dolgo \u017eivljenjsko dobo. Najprej se prepri\u010dajte, da so pritrdilne to\u010dke na stroju \u010diste in brez ostankov. Cilinder previdno poravnajte in pazite, da je raven, da prepre\u010dite morebitno nepravilno poravnavo, ki bi lahko povzro\u010dila prezgodnjo obrabo ali okvaro. Za pritrditev cilindra uporabite ustrezne pritrdilne nosilce in zagotovite trdno pritrditev.<\/p>\n<p>Za nastavitve navora in morebitne posebne zahteve glede namestitve vedno upo\u0161tevajte specifikacije proizvajalca. Po namestitvi izvedite preizkuse, da potrdite, da valj deluje gladko in brez pu\u0161\u010danja. Na koncu dokumentirajte postopek namestitve in vse spremembe za poznej\u0161o uporabo.<\/p>\n<h2>Pogosta vzdr\u017eevalna opravila<\/h2>\n<h3>Redni pregledi<\/h3>\n<p>Redni pregledi so klju\u010dnega pomena za prepoznavanje morebitnih te\u017eav, preden postanejo resne. Preverite znake obrabe, kot so razpoke ali deformacije v valju, in preverite nivo hidravli\u010dne teko\u010dine, da se prepri\u010date, da je znotraj priporo\u010denega obmo\u010dja. Preglede je treba na\u010drtovati v rednih intervalih, da se ohrani celovitost in delovanje cilindra roke.<\/p>\n<h3>Ustrezno mazanje<\/h3>\n<p>Pravilno mazanje je bistvenega pomena za podalj\u0161anje \u017eivljenjske dobe cilindra roke. Zagotovite ustrezno raven hidravli\u010dnega olja in redno vzdr\u017eevanje mazalnih mest. Uporabljati je treba pravilno vrsto hidravli\u010dnega olja, upravljavci pa morajo upo\u0161tevati priporo\u010dila proizvajalca, da prepre\u010dijo po\u0161kodbe in zagotovijo nemoteno delovanje.<\/p>\n<h3>Zamenjava tesnila<\/h3>\n<p>Tesnila so klju\u010dnega pomena za vzdr\u017eevanje hidravli\u010dnega tlaka in prepre\u010devanje pu\u0161\u010danja. Redno preverjajte tesnila glede znakov obrabe ali po\u0161kodb in jih po potrebi zamenjajte. To bo pomagalo ohranjati u\u010dinkovitost hidravli\u010dnega sistema in prepre\u010dilo draga popravila zaradi pu\u0161\u010danja teko\u010dine. Vodenje evidence zamenjav tesnil bo pomagalo pri sledenju vzdr\u017eevalnih del.<\/p>\n<p><img decoding=\"async\" src=\"https:\/\/www.hydraulic-cylinders.net\/wp-content\/uploads\/2025\/04\/songte-chushion-collar.webp\" alt=\"Blazinasti ovratnik\"><\/p>\n<h2>Varnostni vidiki in okoljski dejavniki<\/h2>\n<p>Pri upravljanju hidravli\u010dnih sistemov so varnostni ukrepi najpomembnej\u0161i. Upravljavci morajo vedno upo\u0161tevati varnostne protokole, vklju\u010dno z no\u0161enjem ustrezne osebne za\u0161\u010ditne opreme (OZO) in zagotavljanjem, da je vse osebje seznanjeno z operativnimi postopki. Ustrezno usposabljanje je bistvenega pomena za prepre\u010devanje nesre\u010d in zagotavljanje varnega delovanja strojev, opremljenih z valji roke.<\/p>\n<p>Okoljski dejavniki igrajo pomembno vlogo tudi pri delovanju in \u017eivljenjski dobi hidravli\u010dnih cilindrov. Upravljavci morajo upo\u0161tevati temperaturne ekstreme, izpostavljenost vlagi in morebitne onesna\u017eevalce v delovnem okolju. Izvajanje za\u0161\u010ditnih ukrepov, kot sta uporaba pokrovov ali izbira ustreznih materialov, lahko zmanj\u0161a ta tveganja.<\/p>\n<h2>Diagnoza napak in pogoste te\u017eave<\/h2>\n<ul>\n<li><strong>Pu\u0161\u010danje:<\/strong> \u010ce hidravli\u010dna teko\u010dina pu\u0161\u010da, preverite tesnila in priklju\u010dke glede po\u0161kodb. Zamenjajte vse okvarjene komponente, da obnovite celovitost sistema.<\/li>\n<li><strong>Nedosledno delovanje:<\/strong> \u010ce se valj ne iztegne ali umakne gladko, preverite, ali so v hidravli\u010dnih ceveh kak\u0161ne blokade, in se prepri\u010dajte, da je v sistemu dovolj hidravli\u010dne teko\u010dine.<\/li>\n<li><strong>Nenavadni zvoki:<\/strong> Zvoki, podobni \u0161kripanju ali ropotanju, lahko ka\u017eejo na notranjo po\u0161kodbo ali obrabo. Preverite valj za morebitne znake mehanske okvare ali obrabe.<\/li>\n<\/ul>\n<h2>Nasveti za odpravljanje te\u017eav<\/h2>\n<p>Za u\u010dinkovito diagnosticiranje in re\u0161evanje te\u017eav morajo upravljavci vzdr\u017eevati sistemati\u010den pristop. Za\u010dnite z vizualnim pregledom hidravli\u010dnega sistema in poi\u0161\u010dite morebitne pu\u0161\u010danja ali o\u010ditne po\u0161kodbe. \u010ce odkrijete te\u017eavo, se posvetujte s proizvajal\u010devimi smernicami za odpravljanje te\u017eav in postopke popravila. Redno usposabljanje o pogostih te\u017eavah in re\u0161itvah lahko upravljavcem omogo\u010di obvladovanje manj\u0161ih te\u017eav, preden se te prerastejo v ve\u010dja popravila.<\/p>\n<p>Izvajanje preventivnih ukrepov, kot so na\u010drtovano vzdr\u017eevanje in redni pregledi, lahko pomaga zmanj\u0161ati morebitne te\u017eave in zagotoviti nemoteno delovanje cilindra roke.<\/p>\n<p><img decoding=\"async\" src=\"https:\/\/www.hydraulic-cylinders.net\/wp-content\/uploads\/2025\/04\/songte-bushings-with-all-kinds-of-excavator-models.webp\" alt=\"Pu\u0161e za bagre\"><\/p>\n<h2>O na\u0161em podjetju<\/h2>\n<p>Smo vodilni proizvajalec in veleprodajni distributer nadomestnih hidravli\u010dnih cilindrov s \u0161iroko paleto izdelkov. Na\u0161a zavezanost izjemni kakovosti nas je uveljavila kot pomembnega akterja tako na doma\u010dem kot na mednarodnem trgu. Dr\u017eimo se prefinjene, industrializirane strategije upravljanja proizvodnje, ki se osredoto\u010da na odli\u010dnost in u\u010dinkovitost.<\/p>\n<p>Na\u0161a ekipa je sestavljena iz usposobljenih strokovnjakov, opremljenih z naprednimi digitalnimi proizvodnimi tehnologijami in profesionalnimi sistemi za testiranje. To zagotavlja, da nenehno izbolj\u0161ujemo na\u0161o proizvodno platformo in izpopolnjujemo proizvodne poti za kakovost izdelkov. Na\u0161e robustne ustvarjalne sposobnosti nam omogo\u010dajo, da z visoko u\u010dinkovitostjo, natan\u010dnostjo in kakovostjo izpolnjujemo raznolike zahteve strank.<\/p>\n<p><img decoding=\"async\" src=\"https:\/\/www.hydraulic-cylinders.net\/wp-content\/uploads\/2025\/04\/songte-company-4.webp\" alt=\"Pregled podjetja\"><br \/>\n<img decoding=\"async\" src=\"https:\/\/www.hydraulic-cylinders.net\/wp-content\/uploads\/2025\/04\/songte-company-3.webp\" alt=\"Proizvodni obrat\"><\/p>\n<p>Ponujamo specializirane storitve, vklju\u010dno z re\u0161itvami po meri, ki jih podpirajo mednarodni certifikati, ki potrjujejo na\u0161o zavezanost kakovosti in varnosti. Na\u0161a najsodobnej\u0161a proizvodna oprema zagotavlja, da vsak izdelek izpolnjuje stroge industrijske standarde, na\u0161a namenska poprodajna storitev pa zagotavlja zadovoljstvo in podporo strank.<\/p>\n<p>Avtor: lyl<\/p>","protected":false},"excerpt":{"rendered":"<p>Boom Cylinder For Bonny WY160AHD Product Overview The Boom Cylinder for Bonny WY160AHD is a specialized hydraulic cylinder designed to control the movement of the boom in various heavy machinery such as excavators, backhoe loaders, and front loaders. These cylinders enable the boom to lift, lower, and tilt, facilitating material handling tasks with ease and [&hellip;]<\/p>","protected":false},"featured_media":17869,"comment_status":"open","ping_status":"closed","template":"","meta":{"_et_pb_use_builder":"","_et_pb_old_content":"","_et_gb_content_width":""},"product_brand":[],"product_cat":[1546],"product_tag":[1547,1496],"class_list":{"0":"post-19651","1":"product","2":"type-product","3":"status-publish","4":"has-post-thumbnail","6":"product_cat-boom-cylinders","7":"product_tag-boom-cylinders","8":"product_tag-hydraulic-cylinders","10":"first","11":"instock","12":"shipping-taxable","13":"product-type-simple"},"amp_enabled":true,"_links":{"self":[{"href":"https:\/\/www.hydraulic-cylinders.net\/sl\/wp-json\/wp\/v2\/product\/19651","targetHints":{"allow":["GET"]}}],"collection":[{"href":"https:\/\/www.hydraulic-cylinders.net\/sl\/wp-json\/wp\/v2\/product"}],"about":[{"href":"https:\/\/www.hydraulic-cylinders.net\/sl\/wp-json\/wp\/v2\/types\/product"}],"replies":[{"embeddable":true,"href":"https:\/\/www.hydraulic-cylinders.net\/sl\/wp-json\/wp\/v2\/comments?post=19651"}],"wp:featuredmedia":[{"embeddable":true,"href":"https:\/\/www.hydraulic-cylinders.net\/sl\/wp-json\/wp\/v2\/media\/17869"}],"wp:attachment":[{"href":"https:\/\/www.hydraulic-cylinders.net\/sl\/wp-json\/wp\/v2\/media?parent=19651"}],"wp:term":[{"taxonomy":"product_brand","embeddable":true,"href":"https:\/\/www.hydraulic-cylinders.net\/sl\/wp-json\/wp\/v2\/product_brand?post=19651"},{"taxonomy":"product_cat","embeddable":true,"href":"https:\/\/www.hydraulic-cylinders.net\/sl\/wp-json\/wp\/v2\/product_cat?post=19651"},{"taxonomy":"product_tag","embeddable":true,"href":"https:\/\/www.hydraulic-cylinders.net\/sl\/wp-json\/wp\/v2\/product_tag?post=19651"}],"curies":[{"name":"delovni list","href":"https:\/\/api.w.org\/{rel}","templated":true}]}}