{"id":19654,"date":"2025-04-07T06:59:59","date_gmt":"2025-04-07T06:59:59","guid":{"rendered":"https:\/\/www.hydraulic-cylinders.net\/product\/boom-cylinder-for-bonny-wzyd18-6\/"},"modified":"2025-04-07T07:00:01","modified_gmt":"2025-04-07T07:00:01","slug":"boom-cylinder-for-bonny-wzyd18-6","status":"publish","type":"product","link":"https:\/\/www.hydraulic-cylinders.net\/sl\/izdelek\/boom-cylinder-for-bonny-wzyd18-6\/","title":{"rendered":"Cilinder roke za Bonny WZYD18-6"},"content":{"rendered":"<h1>Cilinder roke za Bonny WZYD18-6<\/h1>\n<h2>Pregled izdelka<\/h2>\n<p>Cilinder roke za Bonny WZYD18-6 je bistvena komponenta v razli\u010dnih te\u017ekih strojih, posebej zasnovana za nadzor gibanja \u017elic. Ta hidravli\u010dni cilinder igra klju\u010dno vlogo v hidravli\u010dnih sistemih, saj omogo\u010da dvigovanje, spu\u0161\u010danje in nagibanje \u017elic na bagrih, bagrih nakladalnikih in \u010delnih nakladalnikih. Z omogo\u010danjem natan\u010dnega nadzora nad gibanjem znatno pove\u010da u\u010dinkovitost nalog ravnanja z materiali.<\/p>\n<p><img decoding=\"async\" src=\"https:\/\/www.hydraulic-cylinders.net\/wp-content\/uploads\/2025\/04\/songte-company-1.webp\" alt=\"Cilinder roke\" \/><\/p>\n<h3>Razumevanje cilindrov vedra<\/h3>\n<p>Valj \u017elice je specializiran hidravli\u010dni cilinder, ki se uporablja v te\u017eki opremi za upravljanje delovanja \u017elice. Omogo\u010da kriti\u010dne gibe, ki so bistveni za razli\u010dna opravila, vklju\u010dno z izkopavanjem, dvigovanjem in prevozom materiala. Hidravli\u010dni sistem uporablja tla\u010dno teko\u010dino za ustvarjanje gibanja, kar omogo\u010da hitre in odzivne gibe, ki so klju\u010dni v gradbeni\u0161tvu in kmetijstvu.<\/p>\n<h2>Klju\u010dne zna\u010dilnosti cilindra roke<\/h2>\n<ul>\n<li><strong>Visoka trdnost in vzdr\u017eljivost:<\/strong> Ta jeklenka, izdelana iz visoko trdnega jekla ali aluminija, je zasnovana tako, da prenese visok tlak in velike obremenitve, zaradi \u010desar je primerna za zahtevna delovna okolja.<\/li>\n<li><strong>U\u010dinkovito hidravli\u010dno delovanje:<\/strong> Z uporabo hidravli\u010dnega oljnega tlaka zagotavlja gladko iztegovanje in vle\u010denje, kar zagotavlja mo\u010dne potisno-vle\u010dne zmogljivosti, idealne za te\u017eka in kompleksna opravila.<\/li>\n<li><strong>Razli\u010dne vrste:<\/strong> Na voljo so mo\u017enosti za enosmerno delujo\u010de (z uporabo hidravli\u010dnega tlaka v eno smer) ali dvosmerno delujo\u010de cilindre (z uporabo hidravli\u010dnega tlaka v obe smeri), ki ustrezajo razli\u010dnim operativnim potrebam.<\/li>\n<li><strong>Kompaktna zasnova:<\/strong> Nekateri modeli imajo teleskopsko zasnovo, ki omogo\u010da ve\u010dji razteg brez pove\u010danja zunanjih dimenzij, zaradi \u010desar so idealni za uporabo v omejenem prostoru.<\/li>\n<li><strong>Izbolj\u0161ana \u017eivljenjska doba:<\/strong> Zasnovani z mislijo na odpornost proti obrabi in koroziji, ti cilindri ponujajo dolgo \u017eivljenjsko dobo tudi v te\u017ekih pogojih.<\/li>\n<\/ul>\n<p>Na\u0161i izdelki odli\u010dno nadome\u0161\u010dajo razli\u010dne hidravli\u010dne cilindre, ki se uporabljajo v industriji.<\/p>\n<p><img decoding=\"async\" src=\"https:\/\/www.hydraulic-cylinders.net\/wp-content\/uploads\/2025\/04\/songte-cylinder-head-with-all-kinds-excavator-models.webp\" alt=\"Glava hidravli\u010dnega valja\" \/><\/p>\n<h2>Scenariji uporabe<\/h2>\n<h3>Gradbena oprema<\/h3>\n<p>V gradbeni opremi so cilindri roke sestavni del bagrov, ki pomagajo pri kopanju, nakladanju in premikanju zemlje ali ru\u0161evin. Zagotavljajo potrebno silo za manipulacijo \u017elice, kar zagotavlja u\u010dinkovito delovanje na gradbi\u0161\u010dih.<\/p>\n<h3>Kmetijska mehanizacija<\/h3>\n<p>Pri \u010delnih nakladalnikih se ti cilindri uporabljajo za zajemanje, dvigovanje in prevoz zemlje, sena in drugih materialov. Zaradi svoje zanesljivosti in trdnosti so bistveni za kmetijska opravila, saj pove\u010dujejo produktivnost pri kmetijskih dejavnostih.<\/p>\n<h3>Bagri<\/h3>\n<p>Pri bagrih cilindri \u017elice omogo\u010dajo, da \u017elica u\u010dinkovito prodre v tla, kar izbolj\u0161a postopek kopanja. Njihova hidravli\u010dna zmogljivost omogo\u010da znatno kopalno mo\u010d, zaradi \u010desar so nepogre\u0161ljivi v gradbeni\u0161tvu in urejanju okolice.<\/p>\n<h3>Nakladalci<\/h3>\n<p>Pri \u010delnih nakladalnikih ti cilindri pomagajo pri u\u010dinkovitem dvigovanju in razkladanju tovora. Njihova zasnova zagotavlja enostavno premikanje te\u017ekih materialov, kar izbolj\u0161uje splo\u0161no operativno u\u010dinkovitost v razli\u010dnih panogah.<\/p>\n<h2>Oblikovalski vidiki in izbirna merila<\/h2>\n<ul>\n<li><strong>Nosilnost:<\/strong> Nosilnost je klju\u010dnega pomena, saj dolo\u010da koli\u010dino te\u017ee, ki jo jeklenka lahko varno prenese. Bistveno je izbrati jeklenko, ki izpolnjuje ali presega zahteve glede obremenitve stroja, v katerega bo name\u0161\u010dena.<\/li>\n<li><strong>Tesnilna zmogljivost:<\/strong> U\u010dinkovito tesnjenje prepre\u010duje pu\u0161\u010danje hidravli\u010dne teko\u010dine in zagotavlja optimalno delovanje. Visokokakovostna tesnila iz trpe\u017enih materialov podalj\u0161ajo \u017eivljenjsko dobo in u\u010dinkovitost hidravli\u010dnih valjev.<\/li>\n<li><strong>Vzdr\u017eljivost:<\/strong> Materiali, uporabljeni v gradbeni\u0161tvu, morajo biti odporni na te\u017eke pogoje, vklju\u010dno z ekstremnimi temperaturami in korozivnim okoljem. Zasnova mora vklju\u010devati zna\u010dilnosti, ki s\u010dasoma zmanj\u0161ujejo obrabo.<\/li>\n<li><strong>Varnostni standardi:<\/strong> Jeklenke morajo biti v skladu z varnostnimi predpisi in standardi, da se zagotovi varno delovanje. To vklju\u010duje funkcije, kot so varnostni ventili in drugi varnostni mehanizmi za prepre\u010devanje nesre\u010d.<\/li>\n<li><strong>Enostavnost vzdr\u017eevanja:<\/strong> Dobro zasnovan valj mora omogo\u010dati enostaven dostop do komponent za redno vzdr\u017eevanje. Upo\u0161tevanje zamenljivih delov in enostavna monta\u017ea lahko prihranita \u010das in zmanj\u0161ata \u010das izpada.<\/li>\n<\/ul>\n<p><img decoding=\"async\" src=\"https:\/\/www.hydraulic-cylinders.net\/wp-content\/uploads\/2025\/04\/songte-oil-pipes-and-spare-parts.webp\" alt=\"Oljne cevi in \u200b\u200brezervni deli\" \/><\/p>\n<h2>Tesnjenje in mazanje<\/h2>\n<p>Pravilno tesnjenje in mazanje sta klju\u010dnega pomena za delovanje in dolgo \u017eivljenjsko dobo hidravli\u010dnih cilindrov. Za prepre\u010devanje pu\u0161\u010danja teko\u010dine se uporabljajo razli\u010dna tesnila, kot so tesnila bata in ojnice. Tesnila iz materialov, odpornih proti obrabi, kot sta poliuretan in nitrilna guma, zagotavljajo vzdr\u017eljivost pod pritiskom. Telo cilindra in navojne kon\u010dne povr\u0161ine so fino obdelane za pove\u010danje odpornosti proti obrabi, redno mazanje s hidravli\u010dnim oljem pa je potrebno za nemoteno delovanje sistema.<\/p>\n<h2>Redni pregledi in preventivno vzdr\u017eevanje<\/h2>\n<ul>\n<li><strong>Rutinski pregledi:<\/strong> Redni pregledi pomagajo prepoznati obrabo, preden povzro\u010dijo ve\u010dje okvare. Bodite pozorni na znake pu\u0161\u010danja, obrabo tesnil in splo\u0161no stanje.<\/li>\n<li><strong>Pravilno mazanje:<\/strong> Zagotovite pravo\u010dasno mazanje gibljivih delov, da zmanj\u0161ate trenje in obrabo. To vzdr\u017eevanje je klju\u010dnega pomena za ohranjanje optimalne zmogljivosti.<\/li>\n<li><strong>Zamenjava tesnila:<\/strong> Redno preverjajte tesnila glede znakov obrabe. Zamenjava obrabljenih tesnil zagotavlja u\u010dinkovito delovanje hidravli\u010dnega sistema, prepre\u010duje pu\u0161\u010danje in izgubo tlaka.<\/li>\n<\/ul>\n<h2>Navodila za namestitev<\/h2>\n<p>When installing the boom cylinder, it is essential to follow the manufacturer&#8217;s guidelines meticulously. Begin by ensuring that the mounting brackets are secure and correctly aligned with the cylinder. Use appropriate tools to tighten bolts, ensuring a snug fit without over-tightening. Proper alignment of the cylinder is crucial to prevent undue stress and potential failure. After installation, check for hydraulic leaks and ensure smooth operation through the entire range of motion. It is recommended to consult with a professional if any issues arise during installation.<\/p>\n<h2>Pogosta vzdr\u017eevalna opravila<\/h2>\n<ul>\n<li><strong>Redni pregledi:<\/strong> Redno preverjajte delovanje in celovitost jeklenk, da zgodaj odkrijete te\u017eave.<\/li>\n<li><strong>Ustrezno mazanje:<\/strong> Vzdr\u017eujte dosleden urnik mazanja in uporabljajte visokokakovostno hidravli\u010dno olje.<\/li>\n<li><strong>Zamenjava in kalibracija tesnila:<\/strong> Zagotovite zamenjavo tesnil, ko so obrabljena, in redno preverjanje kalibracije, da se ohrani optimalno delovanje.<\/li>\n<\/ul>\n<p>Pravilna poravnava cilindra med namestitvijo je klju\u010dnega pomena, uporaba ustreznih monta\u017enih nosilcev pa bo pove\u010dala stabilnost. Redni pregledi, popravila in zamenjave so bistveni za podalj\u0161anje \u017eivljenjske dobe cilindra.<\/p>\n<p><img decoding=\"async\" src=\"https:\/\/www.hydraulic-cylinders.net\/wp-content\/uploads\/2025\/04\/songte-chushion-collar.webp\" alt=\"Blazinasti ovratnik\" \/><\/p>\n<h2>Varnostni vidiki in okoljski dejavniki<\/h2>\n<p>Pri delu s hidravli\u010dnimi cilindri so varnostni ukrepi najpomembnej\u0161i. Upravljavci morajo biti usposobljeni za varno ravnanje z opremo in razumeti morebitne nevarnosti, povezane s hidravli\u010dnim tlakom. Redno usposabljanje in upo\u0161tevanje varnostnih protokolov lahko znatno zmanj\u0161ata tveganje za nesre\u010de.<\/p>\n<h2>Odpravljanje te\u017eav in pogoste te\u017eave<\/h2>\n<ul>\n<li><strong>Izguba tlaka:<\/strong> \u010ce se valj ne odziva pravilno, preverite nivo hidravli\u010dne teko\u010dine in morebitna pu\u0161\u010danja v sistemu.<\/li>\n<li><strong>Neenakomerno gibanje:<\/strong> To lahko ka\u017ee na te\u017eave s tesnili ali notranjimi komponentami. Preverite tesnila in razmislite o ponovni kalibraciji sistema.<\/li>\n<li><strong>Nenavadni zvoki:<\/strong> Hrup med delovanjem lahko ka\u017ee na to, da je potrebno vzdr\u017eevanje. Preverite morebitne te\u017eave z mazanjem ali obrabljenimi deli.<\/li>\n<\/ul>\n<p>Za u\u010dinkovito diagnosticiranje in odpravljanje te\u017eav sledite sistemati\u010dnemu pristopu k odpravljanju te\u017eav. Redni preventivni ukrepi, vklju\u010dno s preverjanjem pu\u0161\u010danja in nivoja teko\u010din, bodo zmanj\u0161ali morebitne te\u017eave v hidravli\u010dnem sistemu.<\/p>\n<p><img decoding=\"async\" src=\"https:\/\/www.hydraulic-cylinders.net\/wp-content\/uploads\/2025\/04\/songte-bushings-with-all-kinds-of-excavator-models.webp\" alt=\"Pu\u0161e z modeli bagrov\" \/><\/p>\n<h2>Pregled podjetja<\/h2>\n<p>Smo vodilni proizvajalec in distributer nadomestnih hidravli\u010dnih cilindrov, ki ponuja \u0161iroko paleto izdelkov, primernih tako za doma\u010di kot mednarodni trg. Na\u0161o zavezanost odli\u010dnosti podpira izpopolnjena proizvodna strategija, ki vklju\u010duje napredno tehnologijo in usposobljeno osebje. Nenehno izbolj\u0161ujemo na\u0161e proizvodne procese, da bi izbolj\u0161ali kakovost in u\u010dinkovitost izdelkov, s \u010dimer zagotavljamo, da z visoko natan\u010dnostjo in zanesljivostjo izpolnjujemo raznolike potrebe strank.<\/p>\n<p>Na\u0161e podjetje se pona\u0161a s profesionalnostjo, mednarodnimi certifikati, storitvami po meri, napredno proizvodno opremo in celovito poprodajno podporo.<\/p>\n<p><img decoding=\"async\" src=\"https:\/\/www.hydraulic-cylinders.net\/wp-content\/uploads\/2025\/04\/songte-company-4.webp\" alt=\"Slika podjetja 4\" \/><br \/>\n<img decoding=\"async\" src=\"https:\/\/www.hydraulic-cylinders.net\/wp-content\/uploads\/2025\/04\/songte-company-3.webp\" alt=\"Slika podjetja 3\" \/><\/p>\n<p>Avtor: lyl<\/p>","protected":false},"excerpt":{"rendered":"<p>Boom Cylinder For Bonny WZYD18-6 Product Overview The Boom Cylinder for Bonny WZYD18-6 is an essential component in various heavy machinery, specifically designed to control the movement of buckets. This hydraulic cylinder plays a critical role in hydraulic systems, enabling the lifting, lowering, and tilting of buckets on excavators, backhoe loaders, and front-end loaders. By [&hellip;]<\/p>","protected":false},"featured_media":17872,"comment_status":"open","ping_status":"closed","template":"","meta":{"_et_pb_use_builder":"","_et_pb_old_content":"","_et_gb_content_width":""},"product_brand":[],"product_cat":[1546],"product_tag":[1547,1496],"class_list":{"0":"post-19654","1":"product","2":"type-product","3":"status-publish","4":"has-post-thumbnail","6":"product_cat-boom-cylinders","7":"product_tag-boom-cylinders","8":"product_tag-hydraulic-cylinders","10":"first","11":"instock","12":"shipping-taxable","13":"product-type-simple"},"amp_enabled":true,"_links":{"self":[{"href":"https:\/\/www.hydraulic-cylinders.net\/sl\/wp-json\/wp\/v2\/product\/19654","targetHints":{"allow":["GET"]}}],"collection":[{"href":"https:\/\/www.hydraulic-cylinders.net\/sl\/wp-json\/wp\/v2\/product"}],"about":[{"href":"https:\/\/www.hydraulic-cylinders.net\/sl\/wp-json\/wp\/v2\/types\/product"}],"replies":[{"embeddable":true,"href":"https:\/\/www.hydraulic-cylinders.net\/sl\/wp-json\/wp\/v2\/comments?post=19654"}],"wp:featuredmedia":[{"embeddable":true,"href":"https:\/\/www.hydraulic-cylinders.net\/sl\/wp-json\/wp\/v2\/media\/17872"}],"wp:attachment":[{"href":"https:\/\/www.hydraulic-cylinders.net\/sl\/wp-json\/wp\/v2\/media?parent=19654"}],"wp:term":[{"taxonomy":"product_brand","embeddable":true,"href":"https:\/\/www.hydraulic-cylinders.net\/sl\/wp-json\/wp\/v2\/product_brand?post=19654"},{"taxonomy":"product_cat","embeddable":true,"href":"https:\/\/www.hydraulic-cylinders.net\/sl\/wp-json\/wp\/v2\/product_cat?post=19654"},{"taxonomy":"product_tag","embeddable":true,"href":"https:\/\/www.hydraulic-cylinders.net\/sl\/wp-json\/wp\/v2\/product_tag?post=19654"}],"curies":[{"name":"delovni list","href":"https:\/\/api.w.org\/{rel}","templated":true}]}}