{"id":19674,"date":"2025-04-07T07:01:06","date_gmt":"2025-04-07T07:01:06","guid":{"rendered":"https:\/\/www.hydraulic-cylinders.net\/product\/boom-cylinder-for-baoding-wy150\/"},"modified":"2025-04-07T07:01:09","modified_gmt":"2025-04-07T07:01:09","slug":"boom-cylinder-for-baoding-wy150","status":"publish","type":"product","link":"https:\/\/www.hydraulic-cylinders.net\/sl\/izdelek\/boom-cylinder-for-baoding-wy150\/","title":{"rendered":"Cilinder roke za Baoding WY150"},"content":{"rendered":"<h1>Cilinder roke za Baoding WY150<\/h1>\n<h2>Razumevanje cilindra roke<\/h2>\n<p>Hidravli\u010dni cilinder roke je specializiran hidravli\u010dni cilinder, ki se uporablja v razli\u010dnih te\u017ekih strojih, kot so bagri, bagri nakladalniki in \u010delni nakladalniki. Njegova glavna funkcija je nadzor gibanja \u017elice, kar omogo\u010da u\u010dinkovito dvigovanje, spu\u0161\u010danje in nagibanje. Ta zmogljivost je klju\u010dnega pomena za naloge ravnanja z materiali, zaradi \u010desar je cilinder roke bistvena komponenta hidravli\u010dnih sistemov teh strojev.<\/p>\n<p><img decoding=\"async\" src=\"https:\/\/www.hydraulic-cylinders.net\/wp-content\/uploads\/2025\/04\/songte-company-1.webp\" alt=\"Cilinder roke\" \/><\/p>\n<h2>Klju\u010dne zna\u010dilnosti cilindra roke<\/h2>\n<ul>\n<li>\n<h3>Visoka trdnost in vzdr\u017eljivost<\/h3>\n<p> Cilindri roke, ki so obi\u010dajno izdelani iz visoko trdnega jekla ali aluminija, lahko prenesejo visok tlak in velike obremenitve, hkrati pa se prilagajajo te\u017ekim delovnim pogojem. Njihova zasnova poudarja odpornost proti obrabi in za\u0161\u010dito pred korozijo, kar podalj\u0161uje njihovo \u017eivljenjsko dobo.<\/li>\n<li>\n<h3>U\u010dinkovito hidravli\u010dno delovanje<\/h3>\n<p> Ti cilindri uporabljajo hidravli\u010dni tlak olja za gladko iztegovanje in vstavljanje. Hitro se odzivajo na operativne ukaze in zagotavljajo znatno potisno in vle\u010dno silo, zaradi \u010desar so primerni za ravnanje s te\u017ekimi predmeti in kompleksnimi nalogami.<\/li>\n<li>\n<h3>Na voljo so razli\u010dne vrste<\/h3>\n<p> Cilindri roke so lahko enosmerno delujo\u010di (hidravli\u010dni tlak se uporablja v eni smeri) ali dvosmerno delujo\u010di (hidravli\u010dni tlak se uporablja v obeh smereh), da zadostijo razli\u010dnim operativnim potrebam. Nekateri modeli so teleskopski, kar omogo\u010da ve\u010dji izvle\u010dek brez pove\u010danja zunanjih dimenzij, kar je idealno za uporabo v omejenem prostoru.<\/li>\n<li>\n<h3>Izdelava po meri<\/h3>\n<p> Na\u0161i izdelki odli\u010dno nadomestijo te hidravli\u010dne cilindre, kar zagotavlja zdru\u017eljivost in zmogljivost.<\/li>\n<li>\n<h3>Vsestranske uporabe<\/h3>\n<p> Cilinder roke se uporablja v razli\u010dnih strojih in panogah, kar poudarja njegovo prilagodljivost in bistveno vlogo v gradbeni\u0161tvu in kmetijstvu.<\/h3>\n<\/li>\n<\/ul>\n<p><img decoding=\"async\" src=\"https:\/\/www.hydraulic-cylinders.net\/wp-content\/uploads\/2025\/04\/songte-cylinder-head-with-all-kinds-excavator-models.webp\" alt=\"Modeli bagrov\" \/><\/p>\n<h2>Scenariji uporabe cilindrov roke<\/h2>\n<ul>\n<li>\n<h3>Gradbena oprema<\/h3>\n<p> Pri bagrih so cilindri roke klju\u010dnega pomena za kopanje, nakladanje in premikanje zemlje ali ru\u0161evin. Pomagajo izbolj\u0161ati u\u010dinkovitost in produktivnost pri gradbenih opravilih, kar upravljavcem omogo\u010da natan\u010dno in nadzorovano delo.<\/h3>\n<\/li>\n<li>\n<h3>Kmetijska mehanizacija<\/h3>\n<p> Pri \u010delnih nakladalnikih so cilindri roke bistveni za zajemanje, dvigovanje in prevoz zemlje, sena in drugih materialov. Njihova robustna zasnova jim omogo\u010da, da prenesejo te\u017eke bremena, zaradi \u010desar so nepogre\u0161ljivi pri kmetijskih opravilih.<\/h3>\n<\/li>\n<li>\n<h3>Bagri<\/h3>\n<p> Cilinder roke omogo\u010da, da \u017elica u\u010dinkovito prodre v zemljo, kar omogo\u010da u\u010dinkovito kopanje. Ta funkcionalnost znatno pove\u010da produktivnost bagrov na razli\u010dnih terenih.<\/h3>\n<\/li>\n<li>\n<h3>Nakladalci<\/h3>\n<p> Pri \u010delnih nakladalnikih cilindri roke pomagajo pri u\u010dinkovitem dvigovanju in razkladanju bremen. Njihova trdnost zagotavlja zanesljivo delovanje pri delu s te\u017ekimi materiali in izbolj\u0161uje operativne zmogljivosti.<\/h3>\n<\/li>\n<\/ul>\n<h2>Oblikovalski vidiki in izbirna merila<\/h2>\n<ul>\n<li>\n<h3>Nosilnost<\/h3>\n<p> Nosilnost cilindra roke je klju\u010dnega pomena, saj neposredno vpliva na vrsto nalog, ki jih lahko opravlja stroj. Cilindri z visoko nosilnostjo so bistveni za te\u017eka dela, saj zagotavljajo varnost in u\u010dinkovitost delovanja. Ustrezne izra\u010dune in premisleke je treba opraviti glede na predvideno uporabo in okolje.<\/h3>\n<\/li>\n<li>\n<h3>Celovitost tesnjenja<\/h3>\n<p> Robustni tesnilni sistemi so bistveni za prepre\u010devanje pu\u0161\u010danja hidravli\u010dne teko\u010dine, ki lahko ogrozi u\u010dinkovitost in varnost. Uporaba visokokakovostnih tesnil, zasnovanih tako, da prenesejo ekstremne pogoje, zagotavlja dolgo \u017eivljenjsko dobo in zanesljivost. Redni pregledi in vzdr\u017eevanje tesnil pomembno prispevajo k celotni u\u010dinkovitosti hidravli\u010dnih sistemov.<\/h3>\n<\/li>\n<li>\n<h3>Vzdr\u017eljivost<\/h3>\n<p> Materiali, uporabljeni pri izdelavi cilindrov roke, morajo biti odporni na te\u017eke pogoje. Visokokakovostno jeklo ali specializirane zlitine pove\u010dajo vzdr\u017eljivost, kar omogo\u010da, da cilindri dosledno delujejo pod obremenitvijo. Ta vidik je klju\u010dnega pomena za ohranjanje obratovalne nemotenosti in zmanj\u0161anje stro\u0161kov popravil.<\/h3>\n<\/li>\n<li>\n<h3>Varnostne funkcije<\/h3>\n<p> Varnostni mehanizmi, kot sta za\u0161\u010dita pred preobremenitvijo in varnostne zasnove, so pri hidravli\u010dnih cilindrih klju\u010dnega pomena za prepre\u010devanje nesre\u010d in po\u0161kodb opreme. Izbira cilindrov z vgrajenimi varnostnimi funkcijami zagotavlja za\u0161\u010dito upravljavcev in strojev.<\/h3>\n<\/li>\n<li>\n<h3>Dostopnost vzdr\u017eevanja<\/h3>\n<p> Zasnova naj bi omogo\u010dala enostavno vzdr\u017eevanje in popravila. Komponente, do katerih je mogo\u010de enostavno dostopati za pregled, mazanje in zamenjavo, prispevajo k dolgi \u017eivljenjski dobi hidravli\u010dnega sistema in skraj\u0161ajo \u010das izpada.<\/h3>\n<\/li>\n<\/ul>\n<p><img decoding=\"async\" src=\"https:\/\/www.hydraulic-cylinders.net\/wp-content\/uploads\/2025\/04\/songte-oil-pipes-and-spare-parts.webp\" alt=\"Oljne cevi in \u200b\u200brezervni deli\" \/><\/p>\n<h2>Tesnjenje in mazanje cilindrov roke<\/h2>\n<p>U\u010dinkovito delovanje cilindra roke je mo\u010dno odvisno od njegovih tesnilnih in mazalnih sistemov. Za vzdr\u017eevanje hidravli\u010dnega tlaka in prepre\u010devanje pu\u0161\u010danja teko\u010dine se uporabljajo razli\u010dna tesnila, kot so tesnila bata in tesnila palice. Za pove\u010danje vzdr\u017eljivosti se pogosto uporabljajo tesnila iz materialov, odpornih proti obrabi, kot sta poliuretan in nitrilna guma.<\/p>\n<p>Poleg tega sta ohi\u0161je cilindra in navojne kon\u010dne povr\u0161ine fino obdelani za pove\u010danje odpornosti proti obrabi. Redno mazanje z ustreznim hidravli\u010dnim oljem je klju\u010dnega pomena za nemoteno delovanje, saj zmanj\u0161uje trenje in obrabo med gibljivimi komponentami. Dobro mazan hidravli\u010dni sistem zagotavlja optimalno delovanje in dolgo \u017eivljenjsko dobo cilindra roke.<\/p>\n<h2>Preventivni vzdr\u017eevalni ukrepi<\/h2>\n<ul>\n<li>\n<h3>Redni pregledi<\/h3>\n<p> Redni pregledi cilindra roke in hidravli\u010dnega sistema so klju\u010dnega pomena za zgodnje odkrivanje morebitnih te\u017eav. Upravljavci morajo biti pozorni na znake obrabe, pu\u0161\u010danja ali po\u0161kodb, ki lahko, \u010de se ne odpravijo pravo\u010dasno, povzro\u010dijo draga popravila.<\/h3>\n<\/li>\n<li>\n<h3>Pravilno mazanje<\/h3>\n<p> Ustrezno mazanje je bistvenega pomena za prepre\u010devanje obrabe hidravli\u010dnih komponent. Upravljavci morajo upo\u0161tevati priporo\u010dila proizvajalca glede intervalov mazanja in vrst olja, da zagotovijo nemoteno delovanje.<\/h3>\n<\/li>\n<li>\n<h3>Zamenjava tesnila<\/h3>\n<p> Tesnila je treba redno pregledovati in po potrebi zamenjati. Obrabljena ali po\u0161kodovana tesnila lahko povzro\u010dijo pu\u0161\u010danje in zmanj\u0161ano u\u010dinkovitost, kar vpliva na celotno delovanje hidravli\u010dnega sistema. Pravo\u010dasna zamenjava tesnil prispeva k dolgi \u017eivljenjski dobi cilindra roke.<\/h3>\n<\/li>\n<\/ul>\n<h2>Pravilna navodila za namestitev<\/h2>\n<p>Pravilna namestitev cilindra roke je klju\u010dnega pomena za njegovo delovanje in dolgo \u017eivljenjsko dobo. Najprej se prepri\u010dajte, da so vse komponente \u010diste in brez umazanije. Cilinder natan\u010dno poravnajte z pritrdilnimi to\u010dkami, da se izognete prekomerni obremenitvi cilindra med delovanjem.<\/p>\n<p>Za trdno pritrditev cilindra uporabite ustrezne nosilce, ki prepre\u010dujejo premikanje, ki bi lahko povzro\u010dilo okvaro. Upo\u0161tevajte proizvajal\u010deve specifikacije glede nastavitev navora in na\u010dinov priklju\u010ditve. Po namestitvi izvedite funkcionalni preizkus, da zagotovite pravilno delovanje, in po potrebi prilagodite.<\/p>\n<h2>Pogosta vzdr\u017eevalna opravila<\/h2>\n<ul>\n<li>\n<h3>Redni pregledi<\/h3>\n<p> Redni pregledi pomagajo odkriti morebitne te\u017eave, preden postanejo resne. Bistveno je spremljati splo\u0161no stanje cilindra roke in hidravli\u010dnega sistema ter iskati morebitne znake obrabe ali po\u0161kodb.<\/h3>\n<\/li>\n<li>\n<h3>Pravilno mazanje<\/h3>\n<p> Vzdr\u017eevanje ustreznega mazanja je klju\u010dnega pomena za nemoteno delovanje hidravli\u010dnih cilindrov. Upo\u0161tevanje priporo\u010denega na\u010drta mazanja in uporaba ustreznega hidravli\u010dnega olja zagotavljata pravilno delovanje gibljivih delov.<\/h3>\n<\/li>\n<li>\n<h3>Zamenjava tesnil in preverjanje kalibracije<\/h3>\n<p> Redni pregledi in zamenjave tesnil prepre\u010dujejo pu\u0161\u010danje in vzdr\u017eujejo hidravli\u010dni tlak. Preverjanja kalibracije zagotavljajo, da vse komponente delujejo usklajeno, kar prispeva k splo\u0161ni u\u010dinkovitosti hidravli\u010dnega sistema.<\/h3>\n<\/li>\n<\/ul>\n<p><img decoding=\"async\" src=\"https:\/\/www.hydraulic-cylinders.net\/wp-content\/uploads\/2025\/04\/songte-chushion-collar.webp\" alt=\"Blazinasti ovratnik\" \/><\/p>\n<h2>Varnostni vidiki in okoljski dejavniki<\/h2>\n<p>Pri uporabi cilindrov roke so varnostni ukrepi bistvenega pomena za zagotavljanje varnosti upravljavcev in okolice. Redno usposabljanje o varnosti delovanja, pravilnem ravnanju s hidravli\u010dnimi teko\u010dinami in razumevanju omejitev strojev je klju\u010dnega pomena. Med delovanjem in vzdr\u017eevalnimi opravili je treba nositi ustrezno osebno za\u0161\u010ditno opremo (OZO), da se zmanj\u0161ajo tveganja.<\/p>\n<h2>Diagnoza napak in pogoste te\u017eave<\/h2>\n<ul>\n<li>\n<h3>Pu\u0161\u010danje hidravli\u010dne teko\u010dine<\/h3>\n<p> Ena najpogostej\u0161ih te\u017eav je pu\u0161\u010danje hidravli\u010dne teko\u010dine, ki lahko izvira iz po\u0161kodovanih tesnil ali priklju\u010dkov. Redni pregledi lahko pomagajo zgodaj odkriti pu\u0161\u010danja, kar omogo\u010da hitra popravila. Upravljavci morajo skrbno spremljati nivo teko\u010dine in nemudoma odpraviti morebitne znake pu\u0161\u010danja.<\/h3>\n<\/li>\n<li>\n<h3>Po\u010dasno ali neodzivno gibanje<\/h3>\n<p> \u010ce se valj roke odziva po\u010dasi ali se premika sunkovito, to lahko ka\u017ee na nizko raven hidravli\u010dne teko\u010dine ali na zrak, ujet v sistemu. Odzra\u010devanje sistema in zagotavljanje ustrezne ravni teko\u010dine sta bistvena koraka pri odpravljanju te te\u017eave.<\/h3>\n<\/li>\n<li>\n<h3>Nenavadni zvoki<\/h3>\n<p> Nenavadni zvoki med delovanjem lahko ka\u017eejo na mehanske te\u017eave ali nezadostno mazanje. Upravljavci morajo raziskati vir hrupa in sprejeti korektivne ukrepe za prepre\u010ditev nadaljnje \u0161kode.<\/h3>\n<\/li>\n<\/ul>\n<p>Zagotavljanje uporabnih nasvetov in re\u0161itev lahko bralcem pomaga pri u\u010dinkovitem diagnosticiranju in re\u0161evanju teh pogostih te\u017eav. Vzpostavitev rednega urnika vzdr\u017eevanja znatno zmanj\u0161a morebitne te\u017eave, kar zagotavlja bolj gladko delovanje in dalj\u0161o \u017eivljenjsko dobo cilindra roke.<\/p>\n<p><img decoding=\"async\" src=\"https:\/\/www.hydraulic-cylinders.net\/wp-content\/uploads\/2025\/04\/songte-bushings-with-all-kinds-of-excavator-models.webp\" alt=\"Pu\u0161e z modeli bagrov\" \/><\/p>\n<h2>O na\u0161em podjetju<\/h2>\n<p>Smo vodilni proizvajalec nadomestnih hidravli\u010dnih cilindrov in ponujamo \u0161iroko paleto izdelkov, ki ustrezajo tako doma\u010demu kot mednarodnemu trgu. Na\u0161a zavezanost k odli\u010dnosti kakovosti in natan\u010dne proizvodne strategije nas uvr\u0161\u010dajo med vodilne proizvajalce in veletrgovce hidravli\u010dnih cilindrov.<\/p>\n<p>S poudarkom na tehni\u010dnem znanju, vrhunski digitalni proizvodni opremi in specializiranih testnih sistemih nenehno izbolj\u0161ujemo na\u0161e proizvodne zmogljivosti. Na\u0161a zavezanost visoki u\u010dinkovitosti, natan\u010dnosti in kakovosti zagotavlja, da izpolnjujemo raznolike potrebe strank.<\/p>\n<p>Poleg tega na\u0161e podjetje ponuja prilagojene storitve, mednarodne certifikate in robustno poprodajno podporo, s \u010dimer utrjuje na\u0161 ugled v panogi.<\/p>\n<p><img decoding=\"async\" src=\"https:\/\/www.hydraulic-cylinders.net\/wp-content\/uploads\/2025\/04\/songte-company-4.webp\" alt=\"Pregled podjetja\" \/><\/p>\n<p><img decoding=\"async\" src=\"https:\/\/www.hydraulic-cylinders.net\/wp-content\/uploads\/2025\/04\/songte-company-3.webp\" alt=\"Infrastruktura podjetja\" \/><\/p>\n<p>Avtor: lyl<\/p>","protected":false},"excerpt":{"rendered":"<p>Boom Cylinder For Baoding WY150 Understanding the Boom Cylinder The Boom Cylinder is a specialized hydraulic cylinder used in various heavy machinery, such as excavators, backhoe loaders, and front-end loaders. Its primary function is to control the movement of the bucket, allowing it to lift, lower, and tilt effectively. This capability is crucial for material [&hellip;]<\/p>","protected":false},"featured_media":17877,"comment_status":"open","ping_status":"closed","template":"","meta":{"_et_pb_use_builder":"","_et_pb_old_content":"","_et_gb_content_width":""},"product_brand":[],"product_cat":[1546],"product_tag":[1547,1496],"class_list":{"0":"post-19674","1":"product","2":"type-product","3":"status-publish","4":"has-post-thumbnail","6":"product_cat-boom-cylinders","7":"product_tag-boom-cylinders","8":"product_tag-hydraulic-cylinders","10":"first","11":"instock","12":"shipping-taxable","13":"product-type-simple"},"amp_enabled":true,"_links":{"self":[{"href":"https:\/\/www.hydraulic-cylinders.net\/sl\/wp-json\/wp\/v2\/product\/19674","targetHints":{"allow":["GET"]}}],"collection":[{"href":"https:\/\/www.hydraulic-cylinders.net\/sl\/wp-json\/wp\/v2\/product"}],"about":[{"href":"https:\/\/www.hydraulic-cylinders.net\/sl\/wp-json\/wp\/v2\/types\/product"}],"replies":[{"embeddable":true,"href":"https:\/\/www.hydraulic-cylinders.net\/sl\/wp-json\/wp\/v2\/comments?post=19674"}],"wp:featuredmedia":[{"embeddable":true,"href":"https:\/\/www.hydraulic-cylinders.net\/sl\/wp-json\/wp\/v2\/media\/17877"}],"wp:attachment":[{"href":"https:\/\/www.hydraulic-cylinders.net\/sl\/wp-json\/wp\/v2\/media?parent=19674"}],"wp:term":[{"taxonomy":"product_brand","embeddable":true,"href":"https:\/\/www.hydraulic-cylinders.net\/sl\/wp-json\/wp\/v2\/product_brand?post=19674"},{"taxonomy":"product_cat","embeddable":true,"href":"https:\/\/www.hydraulic-cylinders.net\/sl\/wp-json\/wp\/v2\/product_cat?post=19674"},{"taxonomy":"product_tag","embeddable":true,"href":"https:\/\/www.hydraulic-cylinders.net\/sl\/wp-json\/wp\/v2\/product_tag?post=19674"}],"curies":[{"name":"delovni list","href":"https:\/\/api.w.org\/{rel}","templated":true}]}}