{"id":19675,"date":"2025-04-07T07:01:09","date_gmt":"2025-04-07T07:01:09","guid":{"rendered":"https:\/\/www.hydraulic-cylinders.net\/product\/boom-cylinder-for-baoding-wy90d-9\/"},"modified":"2025-04-07T07:01:11","modified_gmt":"2025-04-07T07:01:11","slug":"boom-cylinder-for-baoding-wy90d-9","status":"publish","type":"product","link":"https:\/\/www.hydraulic-cylinders.net\/sl\/izdelek\/boom-cylinder-for-baoding-wy90d-9\/","title":{"rendered":"Cilinder roke za Baoding WY90D-9"},"content":{"rendered":"<h1>Cilinder roke za Baoding WY90D-9<\/h1>\n<h2>Razumevanje cilindra roke<\/h2>\n<p>Cilinder roke, posebej zasnovan za model Baoding WY90D-9, je bistvena komponenta hidravli\u010dnih sistemov. Ta hidravli\u010dni cilinder je zasnovan za nadzor gibanja \u017elic te\u017ekih strojev, kot so tiste v bagrih, bagrih in \u010delnih nakladalnikih. Igra klju\u010dno vlogo pri omogo\u010danju dvigovanja, spu\u0161\u010danja in nagibanja teh \u017elic, kar olaj\u0161a razli\u010dna opravila ravnanja z materiali.<\/p>\n<p>Kot vrsta hidravli\u010dnega cilindra deluje cilinder roke s pretvorbo hidravli\u010dnega tlaka v mehansko silo, kar omogo\u010da upravljavcem natan\u010dno in u\u010dinkovito opravljanje nalog. Njegova zasnova zagotavlja, da lahko prenese zahtevne pogoje, ki so prisotni v gradbeni\u0161tvu in kmetijstvu. Z nadzorom gibanja \u017elice pove\u010duje produktivnost in operativno u\u010dinkovitost pri te\u017ekih aplikacijah.<\/p>\n<p><img decoding=\"async\" src=\"https:\/\/www.hydraulic-cylinders.net\/wp-content\/uploads\/2025\/04\/songte-company-1.webp\" alt=\"Slika cilindra roke\"><\/p>\n<h2>Klju\u010dne zna\u010dilnosti cilindra roke<\/h2>\n<ul>\n<li><strong>Visoka trdnost in vzdr\u017eljivost:<\/strong> Cilinder roke, ki je obi\u010dajno izdelan iz visoko trdnega jekla ali aluminija, je zasnovan tako, da prenese visok tlak in velike obremenitve, zato je primeren za zahtevna delovna okolja. Njegova zasnova upo\u0161teva odpornost proti obrabi in koroziji, da se podalj\u0161a njegova \u017eivljenjska doba.<\/li>\n<li><strong>U\u010dinkovito hidravli\u010dno delovanje:<\/strong> Z uporabo hidravli\u010dnega oljnega tlaka valj omogo\u010da gladko iztegovanje in vle\u010denje, kar omogo\u010da hiter odziv na krmilne ukaze. Zagotavlja mo\u010dne potisne in vle\u010dne sile, idealne za ravnanje s te\u017ekimi predmeti in kompleksne operacije.<\/li>\n<li><strong>Razli\u010dne vrste:<\/strong> Cilinder roke je na voljo v enosmerni (hidravli\u010dna uporaba v eni smeri) ali dvosmerni (hidravli\u010dna uporaba v obeh smereh) konfiguraciji, da zadosti razli\u010dnim operativnim potrebam. Nekateri modeli so teleskopski, kar omogo\u010da ve\u010dji izvle\u010dek brez pove\u010danja zunanjih dimenzij, kar je idealno za aplikacije z omejenim prostorom.<\/li>\n<li><strong>Izdelava po meri:<\/strong> Na\u0161e podjetje je specializirano za proizvodnjo cilindrov roke, ki popolnoma nadomestijo obstoje\u010de hidravli\u010dne cilindre, kar zagotavlja zdru\u017eljivost in zmogljivost.<\/li>\n<li><strong>Prilagodljive aplikacije:<\/strong> Cilinder roke, zasnovan za vrsto te\u017ekih strojev, je vsestranski in se lahko uporablja v razli\u010dnih modelih in vrstah opreme.<\/li>\n<\/ul>\n<p><img decoding=\"async\" src=\"https:\/\/www.hydraulic-cylinders.net\/wp-content\/uploads\/2025\/04\/songte-cylinder-head-with-all-kinds-excavator-models.webp\" alt=\"Modeli bagrov\"><\/p>\n<h2>Scenariji uporabe cilindra roke<\/h2>\n<h3>Gradbena oprema<\/h3>\n<p>V gradbeni opremi so cilindri roke klju\u010dne komponente bagrov. Bistveni so za kopanje, nakladanje in premikanje zemlje ali ru\u0161evin. Zmo\u017enost nadzora polo\u017eaja \u017elice omogo\u010da u\u010dinkovito in natan\u010dno izkopavanje. Pri bagrih nakladalnikih cilindri roke ne pomagajo le pri kopanju, temve\u010d tudi pri dvigovanju, zaradi \u010desar so nepogre\u0161ljivi pri razli\u010dnih gradbenih opravilih.<\/p>\n<h3>Kmetijska mehanizacija<\/h3>\n<p>Pri \u010delnih nakladalnikih se cilindri roke uporabljajo za zajemanje, dvigovanje in prevoz zemlje, sena in drugih materialov. Njihova u\u010dinkovitost pri opravljanju kmetijskih opravil znatno pove\u010da produktivnost na kmetijah, kar omogo\u010da hitro in u\u010dinkovito upravljanje materiala. Hidravli\u010dno delovanje zagotavlja potrebno mo\u010d za spopadanje s te\u017ekimi bremeni in zmanj\u0161anje ro\u010dnega dela.<\/p>\n<h3>Bagri<\/h3>\n<p>Pri bagrih cilinder roke omogo\u010da, da \u017elica u\u010dinkovito prodre v zemljo, kar omogo\u010da u\u010dinkovito kopanje. Natan\u010den nadzor nad gibanjem \u017elice je bistvenega pomena za doseganje \u017eelenih globin in kotov izkopa, kar pove\u010duje operativno u\u010dinkovitost in natan\u010dnost pri razli\u010dnih gradbenih in rudarskih projektih.<\/p>\n<h3>Nakladalci<\/h3>\n<p>Pri \u010delnih nakladalnikih cilindri roke pomagajo pri u\u010dinkovitem dvigovanju in razkladanju materialov. Njihova vloga pri nadzoru gibanja \u017elice zagotavlja varno in u\u010dinkovito ravnanje s tovori, zaradi \u010desar so klju\u010dni za prevoz materiala na gradbi\u0161\u010dih in v skladi\u0161\u010dih.<\/p>\n<h2>Oblikovalski vidiki in izbirna merila<\/h2>\n<h3>Nosilnost<\/h3>\n<p>Nosilnost cilindra roke je klju\u010dni dejavnik pri na\u010drtovanju. Mora biti sposoben prenesti najve\u010dje obremenitve, ki se pojavijo med delovanjem, brez okvare. In\u017eenirji morajo izra\u010dunati zahtevane nosilnosti na podlagi pri\u010dakovanih primerov uporabe, da zagotovijo varnost in zanesljivost. Uporaba visoko trdnih materialov pomaga ohranjati strukturno celovitost pri velikih obremenitvah, s \u010dimer se podalj\u0161a \u017eivljenjska doba cilindra.<\/p>\n<h3>Celovitost tesnjenja<\/h3>\n<p>Tesnjenje je klju\u010dnega pomena za vzdr\u017eevanje hidravli\u010dnega tlaka in prepre\u010devanje pu\u0161\u010danja. Visokokakovostna tesnila iz trpe\u017enih materialov, kot sta poliuretan in nitrilna guma, so bistvena za u\u010dinkovito delovanje. Zasnova mora zagotavljati pravilno prileganje tesnil, da se prepre\u010di pu\u0161\u010danje hidravli\u010dne teko\u010dine, kar bi lahko povzro\u010dilo zmanj\u0161ano delovanje in pove\u010dane stro\u0161ke vzdr\u017eevanja.<\/p>\n<h3>Vzdr\u017eljivost<\/h3>\n<p>Vzdr\u017eljivost je pri zasnovi cilindra roke najpomembnej\u0161a, \u0161e posebej glede na zahtevna okolja, v katerih pogosto delujejo. To vklju\u010duje izpostavljenost umazaniji, vlagi in razli\u010dnim temperaturam. Uporaba materialov, odpornih proti koroziji, in za\u0161\u010ditnih premazov lahko znatno podalj\u0161a \u017eivljenjsko dobo cilindra, kar zmanj\u0161a pogostost in stro\u0161ke zamenjav.<\/p>\n<h3>Varnostne funkcije<\/h3>\n<p>Varnost je pomemben dejavnik pri na\u010drtovanju hidravli\u010dnih cilindrov. Uporaba varnostnih ventilov pomaga prepre\u010diti prekomerno kopi\u010denje tlaka, ki lahko povzro\u010di katastrofalne okvare. Poleg tega zagotavljanje robustne konstrukcije cilindra prispeva k varnemu delovanju, saj \u0161\u010diti tako opremo kot upravljavca pred morebitnimi nesre\u010dami.<\/p>\n<h3>Vzdr\u017eevanje in popravljivost<\/h3>\n<p>Zasnova cilindra roke za enostavno vzdr\u017eevanje je klju\u010dnega pomena. Komponente morajo biti lahko dostopne za pregled in popravilo. Ta dejavnik ne le podalj\u0161a \u017eivljenjsko dobo opreme, temve\u010d tudi zmanj\u0161a \u010das izpada, kar omogo\u010da neprekinjeno delovanje. Dobro premi\u0161ljena zasnova lahko olaj\u0161a hitra popravila in redno vzdr\u017eevanje, kar na koncu prihrani stro\u0161ke.<\/p>\n<p><img decoding=\"async\" src=\"https:\/\/www.hydraulic-cylinders.net\/wp-content\/uploads\/2025\/04\/songte-oil-pipes-and-spare-parts.webp\" alt=\"Oljne cevi in \u200b\u200brezervni deli\"><\/p>\n<h2>Tesnjenje in mazanje cilindra roke<\/h2>\n<p>U\u010dinkovitost cilindra roke je v veliki meri odvisna od njegovega sistema tesnjenja in mazanja. Za ohranjanje hidravli\u010dne celovitosti se uporabljajo razli\u010dna tesnila, vklju\u010dno s tesnili bata in ojnice. Tesnila iz materialov, odpornih proti obrabi, kot sta poliuretan in nitrilna guma, zagotavljajo dolgo \u017eivljenjsko dobo in zanesljivost. Telo cilindra in navojne kon\u010dne povr\u0161ine so natan\u010dno obdelane za izbolj\u0161anje odpornosti proti obrabi, kar je klju\u010dnega pomena za ohranjanje delovanja.<\/p>\n<p>Redno mazanje z ustreznim hidravli\u010dnim oljem je bistvenega pomena za optimalno delovanje. Nezadostno mazanje lahko povzro\u010di pove\u010dano trenje, obrabo in morebitno okvaro hidravli\u010dnega cilindra. Upravljavci morajo zagotoviti redno preverjanje in dopolnjevanje nivoja hidravli\u010dnega olja, da se ohrani nemoteno delovanje in podalj\u0161a \u017eivljenjska doba cilindra.<\/p>\n<h2>Preventivni vzdr\u017eevalni ukrepi<\/h2>\n<ul>\n<li><strong>Redni pregledi:<\/strong> Izvajanje rutinskih pregledov cilindra roke glede znakov obrabe in po\u0161kodb je klju\u010dnega pomena. To vklju\u010duje pregled tesnil, cevi in \u200b\u200bpriklju\u010dkov glede pu\u0161\u010danja ali po\u0161kodb.<\/li>\n<li><strong>Ustrezno mazanje:<\/strong> Zagotavljanje ustreznega mazanja valja s pravilnim hidravli\u010dnim oljem prepre\u010duje trenje in obrabo. Upravljavci morajo upo\u0161tevati priporo\u010dila proizvajalca glede intervalov mazanja in vrst olja.<\/li>\n<li><strong>Zamenjava tesnila:<\/strong> Redno preverjanje in menjava tesnil je klju\u010dnega pomena za prepre\u010devanje pu\u0161\u010danja hidravli\u010dne teko\u010dine, ki lahko znatno vpliva na delovanje. Spremljanje stanja tesnil lahko pomaga prepoznati morebitne te\u017eave, preden se stopnjujejo.<\/li>\n<\/ul>\n<h2>Navodila za namestitev<\/h2>\n<p>Pravilna namestitev cilindra roke je bistvenega pomena za optimalno delovanje. Najprej zagotovite, da je delovno obmo\u010dje \u010disto in brez ostankov, da prepre\u010dite kontaminacijo. Cilinder pravilno poravnajte z pritrdilnimi to\u010dkami z uporabo ustreznih pritrdilnih nosilcev, da ga pritrdite na svoje mesto. Klju\u010dnega pomena je zagotoviti natan\u010dno poravnavo cilindra, da se izognete te\u017eavam z neporavnanostjo, ki lahko povzro\u010dijo prezgodnjo obrabo ali okvaro.<\/p>\n<p>Med namestitvijo preverite tesnost in celovitost vseh hidravli\u010dnih priklju\u010dkov. Po namestitvi hidravli\u010dni sistem napolnite z ustreznim oljem in iz njega odzra\u010dite morebitni zrak, da zagotovite nemoteno delovanje. Po namestitvi pred redno uporabo opreme izvedite poskusni zagon, da preverite morebitna pu\u0161\u010danja in pravilno delovanje.<\/p>\n<h2>Pogosta vzdr\u017eevalna opravila<\/h2>\n<h3>Redni pregledi<\/h3>\n<p>Redni pregledi cilindra roke so bistvenega pomena za zagotovitev njegove dolgo\u017eivosti in u\u010dinkovitosti. To vklju\u010duje pregled tesnil in cevi glede morebitnih znakov obrabe ali pu\u0161\u010danja. Zgodnje odkrivanje te\u017eav lahko prepre\u010di draga popravila in izpade.<\/p>\n<h3>Pravilno mazanje<\/h3>\n<p>Pravilno mazanje je klju\u010dnega pomena za nemoteno delovanje cilindra roke. Redno preverjajte nivo hidravli\u010dne teko\u010dine in jo po potrebi dolijte. Uporaba priporo\u010denega hidravli\u010dnega olja bo pomagala zmanj\u0161ati trenje in obrabo, kar bo zagotovilo optimalno delovanje in podalj\u0161alo \u017eivljenjsko dobo cilindra.<\/p>\n<h3>Zamenjava in kalibracija tesnila<\/h3>\n<p>Za ohranjanje hidravli\u010dne celovitosti je potrebna redna menjava tesnil. Spremljanje stanja tesnil in njihova zamenjava po potrebi lahko prepre\u010dita pu\u0161\u010danje in ohranita delovanje. Poleg tega kalibracija valja zagotavlja, da deluje znotraj dolo\u010denih parametrov, kar pove\u010da varnost in u\u010dinkovitost.<\/p>\n<p><img decoding=\"async\" src=\"https:\/\/www.hydraulic-cylinders.net\/wp-content\/uploads\/2025\/04\/songte-chushion-collar.webp\" alt=\"Slika ovratnika z blazino\"><\/p>\n<h2>Varnostni vidiki in okoljski dejavniki<\/h2>\n<p>Pri uporabi hidravli\u010dnih cilindrov so varnostni ukrepi najpomembnej\u0161i. Upravljavci morajo biti usposobljeni za razumevanje operativnih omejitev cilindra roke in upo\u0161tevati varnostne protokole za zmanj\u0161anje tveganj. Pravilno delujo\u010di varnostni ventili in zasilni izklopi so klju\u010dnega pomena za prepre\u010devanje nesre\u010d. Poleg tega je treba upo\u0161tevati okoljske dejavnike, kot so temperaturna nihanja, saj lahko vplivajo na delovanje hidravli\u010dne teko\u010dine in cilindra.<\/p>\n<h2>Odpravljanje te\u017eav in pogoste te\u017eave<\/h2>\n<h3>Pu\u0161\u010danje<\/h3>\n<p>Pu\u0161\u010danje je ena najpogostej\u0161ih te\u017eav z cilindri roke. Vzrok za to so lahko obrabljena tesnila ali po\u0161kodovane cevi. Redni pregledi lahko pomagajo zgodaj odkriti pu\u0161\u010danja in omogo\u010dijo pravo\u010dasna popravila.<\/p>\n<h3>Po\u010dasno ali nedosledno gibanje<\/h3>\n<p>\u010ce cilinder roke deluje po\u010dasi ali neenakomerno, to lahko ka\u017ee na nizko raven hidravli\u010dne teko\u010dine ali zrak v sistemu. Preverjanje ravni teko\u010dine in odzra\u010devanje sistema lahko odpravita to te\u017eavo.<\/p>\n<h3>Nenavadni zvoki<\/h3>\n<p>Nenavadni zvoki, kot sta \u0161kripanje ali udarjanje, lahko ka\u017eejo na mehanske te\u017eave v cilindru. Klju\u010dnega pomena je, da te zvoke takoj prei\u0161\u010dete in odpravite, da prepre\u010dite nadaljnjo \u0161kodo.<\/p>\n<h2>Nasveti za re\u0161evanje te\u017eav<\/h2>\n<p>Za u\u010dinkovito diagnosticiranje in odpravljanje te\u017eav z cilindrom roke morajo upravljavci vzdr\u017eevati sistemati\u010den pristop. Redno spremljanje in bele\u017eenje delovanja lahko pomagata pri zgodnjem prepoznavanju trendov in morebitnih te\u017eav. Izvajanje preventivnih ukrepov, kot sta redno vzdr\u017eevanje in pregledi, lahko znatno zmanj\u0161a pojav te\u017eav in zagotovi nemoteno delovanje hidravli\u010dnega sistema.<\/p>\n<p><img decoding=\"async\" src=\"https:\/\/www.hydraulic-cylinders.net\/wp-content\/uploads\/2025\/04\/songte-bushings-with-all-kinds-of-excavator-models.webp\" alt=\"Pu\u0161e z modeli bagrov\"><\/p>\n<h2>O na\u0161em podjetju<\/h2>\n<p>Smo vodilni proizvajalec, specializiran za alternativne hidravli\u010dne cilindre. Na\u0161a obse\u017ena paleta izdelkov nas je uveljavila kot enega vodilnih proizvajalcev in veletrgovcev na doma\u010dem in mednarodnem trgu. Z natan\u010dnimi strategijami upravljanja proizvodnje se dr\u017eimo najvi\u0161jih standardov kakovosti. Na\u0161e podjetje nenehno vlaga v tehni\u010dne talente, napredno digitalno proizvodno opremo in profesionalne sisteme testiranja, da bi izbolj\u0161alo svoje proizvodne zmogljivosti.<\/p>\n<p>Z zavezanostjo k visoki u\u010dinkovitosti, natan\u010dnosti in kakovosti si prizadevamo zadovoljiti raznolike potrebe na\u0161ih strank. Na\u0161i izdelki so zasnovani za zanesljivo delovanje, ponujamo pa tudi mo\u017enosti prilagoditve specifi\u010dnim zahtevam. Na\u0161a strokovna podpora in poprodajne storitve zagotavljajo, da stranke prejemajo stalno pomo\u010d in so zadovoljne z na\u0161imi izdelki.<\/p>\n<p><img decoding=\"async\" src=\"https:\/\/www.hydraulic-cylinders.net\/wp-content\/uploads\/2025\/04\/songte-company-4.webp\" alt=\"Slika podjetja\"><br \/>\n<img decoding=\"async\" src=\"https:\/\/www.hydraulic-cylinders.net\/wp-content\/uploads\/2025\/04\/songte-company-3.webp\" alt=\"Druga slika podjetja\"><\/p>\n<p>Avtor: lyl<\/p>","protected":false},"excerpt":{"rendered":"<p>Boom Cylinder For Baoding WY90D-9 Understanding the Boom Cylinder The Boom Cylinder, specifically designed for the Baoding WY90D-9 model, is an essential component in hydraulic systems. This hydraulic cylinder is engineered to control the movement of heavy machinery buckets, such as those found in excavators, backhoes, and front loaders. It plays a crucial role in [&hellip;]<\/p>","protected":false},"featured_media":17878,"comment_status":"open","ping_status":"closed","template":"","meta":{"_et_pb_use_builder":"","_et_pb_old_content":"","_et_gb_content_width":""},"product_brand":[],"product_cat":[1546],"product_tag":[1547,1496],"class_list":{"0":"post-19675","1":"product","2":"type-product","3":"status-publish","4":"has-post-thumbnail","6":"product_cat-boom-cylinders","7":"product_tag-boom-cylinders","8":"product_tag-hydraulic-cylinders","10":"first","11":"instock","12":"shipping-taxable","13":"product-type-simple"},"amp_enabled":true,"_links":{"self":[{"href":"https:\/\/www.hydraulic-cylinders.net\/sl\/wp-json\/wp\/v2\/product\/19675","targetHints":{"allow":["GET"]}}],"collection":[{"href":"https:\/\/www.hydraulic-cylinders.net\/sl\/wp-json\/wp\/v2\/product"}],"about":[{"href":"https:\/\/www.hydraulic-cylinders.net\/sl\/wp-json\/wp\/v2\/types\/product"}],"replies":[{"embeddable":true,"href":"https:\/\/www.hydraulic-cylinders.net\/sl\/wp-json\/wp\/v2\/comments?post=19675"}],"wp:featuredmedia":[{"embeddable":true,"href":"https:\/\/www.hydraulic-cylinders.net\/sl\/wp-json\/wp\/v2\/media\/17878"}],"wp:attachment":[{"href":"https:\/\/www.hydraulic-cylinders.net\/sl\/wp-json\/wp\/v2\/media?parent=19675"}],"wp:term":[{"taxonomy":"product_brand","embeddable":true,"href":"https:\/\/www.hydraulic-cylinders.net\/sl\/wp-json\/wp\/v2\/product_brand?post=19675"},{"taxonomy":"product_cat","embeddable":true,"href":"https:\/\/www.hydraulic-cylinders.net\/sl\/wp-json\/wp\/v2\/product_cat?post=19675"},{"taxonomy":"product_tag","embeddable":true,"href":"https:\/\/www.hydraulic-cylinders.net\/sl\/wp-json\/wp\/v2\/product_tag?post=19675"}],"curies":[{"name":"delovni list","href":"https:\/\/api.w.org\/{rel}","templated":true}]}}