{"id":19686,"date":"2025-04-07T07:01:40","date_gmt":"2025-04-07T07:01:40","guid":{"rendered":"https:\/\/www.hydraulic-cylinders.net\/product\/boom-cylinder-for-tiangong-zg3255lc-9c\/"},"modified":"2025-04-07T07:01:43","modified_gmt":"2025-04-07T07:01:43","slug":"boom-cylinder-for-tiangong-zg3255lc-9c","status":"publish","type":"product","link":"https:\/\/www.hydraulic-cylinders.net\/sl\/izdelek\/boom-cylinder-for-tiangong-zg3255lc-9c\/","title":{"rendered":"Cilinder roke za Tiangong ZG3255LC-9C"},"content":{"rendered":"<h1>Cilinder roke za Tiangong ZG3255LC-9C<\/h1>\n<h2>Pregled izdelka<\/h2>\n<p>Hidravli\u010dni cilinder za Tiangong ZG3255LC-9C je bistvena hidravli\u010dna komponenta, posebej zasnovana za nadzor gibanja \u017elic v razli\u010dnih te\u017ekih strojih, kot so bagri, bagri in \u010delni nakladalniki. Ta hidravli\u010dni cilinder omogo\u010da dvigovanje, spu\u0161\u010danje in nagibanje \u017elice, zaradi \u010desar je klju\u010dno orodje za naloge ravnanja z materiali. Cilinder \u017elice deluje tako, da s pomo\u010djo tlaka hidravli\u010dne teko\u010dine ustvarja gibanje, kar zagotavlja robustno mo\u010d za u\u010dinkovito kopanje, dvigovanje in transport materialov. Njegova zasnova je osredoto\u010dena na vzdr\u017eljivost, kar zagotavlja, da lahko prenese zahteve zahtevnih delovnih okolij.<\/p>\n<p><img decoding=\"async\" src=\"https:\/\/www.hydraulic-cylinders.net\/wp-content\/uploads\/2025\/04\/songte-company-1.webp\" alt=\"Slika cilindra roke\" \/><\/p>\n<h2>Zna\u010dilnosti cilindra roke<\/h2>\n<ul>\n<li>\n<h3>Visoka trdnost in vzdr\u017eljivost<\/h3>\n<p>Cilinder roke, izdelan iz visoko trdnega jekla ali aluminija, je zasnovan tako, da prenese visoke tlake in velike obremenitve, kar zagotavlja zanesljivost v te\u017ekih pogojih. Uporabljeni materiali so izbrani zaradi svoje odpornosti proti obrabi in koroziji, kar podalj\u0161uje \u017eivljenjsko dobo izdelka.<\/p>\n<\/li>\n<li>\n<h3>U\u010dinkovito hidravli\u010dno delovanje<\/h3>\n<p>Ta valj deluje gladko in se hitro odziva na krmilne ukaze, zahvaljujo\u010d u\u010dinkoviti uporabi tlaka hidravli\u010dnega olja. Zagotavlja znatno potisno in vle\u010dno silo, zaradi \u010desar je primeren za ravnanje s te\u017ekimi predmeti in kompleksnimi nalogami.<\/p>\n<\/li>\n<li>\n<h3>Razli\u010dne vrste<\/h3>\n<p>Na voljo so razli\u010dne konfiguracije za specifi\u010dne operativne potrebe, vklju\u010dno z enosmerno delujo\u010dimi (delujejo v eno smer) in dvosmerno delujo\u010dimi (delujejo v obe smeri) cilindri. Nekateri modeli imajo teleskopske zasnove za dalj\u0161i doseg brez pove\u010danja zunanjih dimenzij, kar je idealno za aplikacije z omejenim prostorom.<\/p>\n<\/li>\n<li>\n<h3>Zmogljivosti izdelave po meri<\/h3>\n<p>Ta izdelek izdelujemo tako, da popolnoma nadomesti obstoje\u010de hidravli\u010dne cilindre, kar zagotavlja zdru\u017eljivost in zmogljivost. Na\u0161 proizvodni proces se dr\u017ei najvi\u0161jih standardov, da bi izpolnil razli\u010dne zahteve strank.<\/p>\n<\/li>\n<li>\n<h3>Celovito zagotavljanje kakovosti<\/h3>\n<p>Vsi na\u0161i hidravli\u010dni cilindri so podvr\u017eeni strogim testiranjem in preverjanjem kakovosti, da se zagotovi skladnost z industrijskimi standardi. Ta zavezanost kakovosti na\u0161im strankam zagotavlja delovanje in dolgo \u017eivljenjsko dobo cilindra roke.<\/p>\n<\/li>\n<\/ul>\n<p><img decoding=\"async\" src=\"https:\/\/www.hydraulic-cylinders.net\/wp-content\/uploads\/2025\/04\/songte-cylinder-head-with-all-kinds-excavator-models.webp\" alt=\"Slika glave valja\" \/><\/p>\n<h2>Uporaba cilindra roke<\/h2>\n<ul>\n<li>\n<h3>Gradbena oprema<\/h3>\n<p>Pri bagrih ima cilinder roke klju\u010dno vlogo pri kopanju, nakladanju in premikanju zemlje ali ru\u0161evin. Njegova sposobnost omogo\u010danja natan\u010dnih premikov \u017elice pove\u010duje operativno u\u010dinkovitost in omogo\u010da u\u010dinkovito upravljanje materialov na gradbi\u0161\u010dih.<\/p>\n<\/li>\n<li>\n<h3>Kmetijska mehanizacija<\/h3>\n<p>Pri \u010delnih nakladalnikih je cilinder roke klju\u010dnega pomena za zajemanje, dvigovanje in prevoz zemlje, sena in drugih materialov. Njegovo zanesljivo delovanje v kmetijski uporabi pove\u010duje produktivnost in hkrati zmanj\u0161uje obremenitev upravljavca.<\/p>\n<\/li>\n<li>\n<h3>Bagri<\/h3>\n<p>Cilinder roke omogo\u010da, da \u017elica u\u010dinkovito prodre v zemljo, kar olaj\u0161a u\u010dinkovito izkopavanje. Ta sposobnost je klju\u010dnega pomena za gradbeni\u0161tvo, urejanje krajine in razli\u010dna zemeljska dela.<\/p>\n<\/li>\n<li>\n<h3>Nakladalci<\/h3>\n<p>Pri \u010delnih nakladalnikih pomagajo pri u\u010dinkovitem dvigovanju in razkladanju bremen. Zasnova cilindra roke omogo\u010da maksimalno vi\u0161ino dviga in optimalne kote razkladanja, kar je klju\u010dnega pomena za u\u010dinkovito ravnanje z materialom.<\/p>\n<\/li>\n<\/ul>\n<h2>Oblikovalski vidiki in izbirna merila<\/h2>\n<ul>\n<li>\n<h3>Nosilnost<\/h3>\n<p>Nosilnost cilindra roke je klju\u010dni vidik njegove zasnove. Oceniti jo je treba, da se zagotovi, da izpolnjuje operativne zahteve strojev, s katerimi se uporablja. In\u017eenirji upo\u0161tevajo najve\u010djo te\u017eo, ki jo bo moral valj dvigniti, in zagotovijo, da lahko uporabljeni materiali varno prenesejo to te\u017eo, s \u010dimer prepre\u010dijo okvare med delovanjem. Pravilni izra\u010duni med fazo na\u010drtovanja pomagajo pri izbiri ustreznih velikosti in materialov za valj, da se pove\u010da varnost in funkcionalnost.<\/p>\n<\/li>\n<li>\n<h3>Celovitost tesnjenja<\/h3>\n<p>Tesnjenje je klju\u010dnega pomena pri hidravli\u010dnih cilindrih za prepre\u010devanje pu\u0161\u010danja teko\u010dine in vzdr\u017eevanje tlaka. Izbira tesnil in njihova namestitev morata zagotavljati dolgoro\u010dno delovanje in zanesljivost. Visokokakovostna tesnila iz materialov, kot sta poliuretan in nitrilna guma, pove\u010dujejo vzdr\u017eljivost cilindra. Zasnova mora zagotavljati tudi enostaven dostop za zamenjavo tesnila med vzdr\u017eevanjem, da se \u010dim bolj zmanj\u0161ajo izpadi in motnje v delovanju.<\/p>\n<\/li>\n<li>\n<h3>Vzdr\u017eljivost<\/h3>\n<p>Vzdr\u017eljivost cilindra roke je bistvenega pomena, zlasti v te\u017ekih obratovalnih pogojih. Izbira materiala igra pomembno vlogo pri doseganju dolge \u017eivljenjske dobe, pri \u010demer sta zaradi odpornosti proti obrabi prednostna visoko trdnost jekla ali aluminija. Proizvodni procesi morajo vklju\u010devati obdelave, ki pove\u010dajo trdoto povr\u0161ine in odpornost proti koroziji, kar omogo\u010da, da cilindru uspe vzdr\u017eati ekstremne pogoje brez degradacije.<\/p>\n<\/li>\n<li>\n<h3>Varnostne funkcije<\/h3>\n<p>Varnost je pri hidravli\u010dnih sistemih najpomembnej\u0161a. Zasnova cilindra roke mora vklju\u010devati funkcije, kot so varnostni ventili in varnostne klju\u010davnice, da se prepre\u010dijo nenadzorovani premiki. Redno je treba izvajati varnostne preglede, da se zagotovi pravilno delovanje teh funkcij in skladnost z regulativnimi standardi. Upravljavci morajo biti usposobljeni za razumevanje teh varnostnih funkcij, kar zagotavlja varno delovanje in zmanj\u0161uje tveganje za nesre\u010de.<\/p>\n<\/li>\n<li>\n<h3>Dostopnost vzdr\u017eevanja<\/h3>\n<p>Zasnova cilindra roke z mislijo na vzdr\u017eevanje podalj\u0161a njegovo \u017eivljenjsko dobo in funkcionalnost. Funkcije, kot so enostaven dostop do mazalnih mest, odstranljiva tesnila in jasne nalepke za identifikacijo klju\u010dnih komponent, lahko pospe\u0161ijo in pove\u010dajo u\u010dinkovitost vzdr\u017eevalnih del. Poleg tega je treba zagotoviti obse\u017een priro\u010dnik za vzdr\u017eevanje, ki bo upravljavcem pomagal pri u\u010dinkovitem izvajanju potrebnih vzdr\u017eevalnih opravil.<\/p>\n<\/li>\n<\/ul>\n<p><img decoding=\"async\" src=\"https:\/\/www.hydraulic-cylinders.net\/wp-content\/uploads\/2025\/04\/songte-oil-pipes-and-spare-parts.webp\" alt=\"Slika oljnih cevi in \u200b\u200brezervnih delov\" \/><\/p>\n<h2>Tesnjenje in mazanje valja<\/h2>\n<p>U\u010dinkovito tesnjenje in mazanje sta klju\u010dnega pomena za optimalno delovanje hidravli\u010dnih cilindrov. Za prepre\u010devanje pu\u0161\u010danja hidravli\u010dne teko\u010dine se uporabljajo razli\u010dni tesnilni elementi, kot so tesnila bata in palice. Tesnila iz trpe\u017enih materialov, kot sta poliuretan in nitrilna guma, so prednostna zaradi svoje odpornosti proti obrabi in okoljskim dejavnikom. Telo cilindra in navojne kon\u010dne povr\u0161ine so natan\u010dno obdelane za pove\u010danje odpornosti proti obrabi, kar zagotavlja tesno tesnjenje med delovanjem. Redno mazanje z ustreznim hidravli\u010dnim oljem je bistveno za zmanj\u0161anje trenja med gibljivimi deli, spodbujanje nemotenega delovanja in prepre\u010devanje prezgodnje obrabe. Upravljavci morajo upo\u0161tevati na\u010drt mazanja, da zagotovijo ustrezno raven olja in ohranijo optimalno delovanje.<\/p>\n<h2>Redni pregledi in preventivni vzdr\u017eevalni ukrepi<\/h2>\n<ul>\n<li>\n<h3>Redni pregledi<\/h3>\n<p>Redni pregledi cilindra roke pomagajo prepoznati te\u017eave, preden se razvijejo v resne te\u017eave. Upravljavci morajo preveriti znake pu\u0161\u010danja, obrabe in po\u0161kodb tesnil in ohi\u0161ja cilindra. Redno spremljanje merilnikov delovanja lahko tudi poka\u017ee, kdaj je potrebno vzdr\u017eevanje, s \u010dimer se zagotovi delovanje cilindra znotraj predvidenih parametrov.<\/p>\n<\/li>\n<li>\n<h3>Ustrezno mazanje<\/h3>\n<p>Zagotavljanje ustreznega mazanja valja je bistvenega pomena za nemoteno delovanje. Upravljavci morajo upo\u0161tevati navodila proizvajalca glede pogostosti mazanja in vrste hidravli\u010dnega olja, ki ga je treba uporabiti. Pravilno mazanje zmanj\u0161a trenje, zmanj\u0161a nastajanje toplote in podalj\u0161a \u017eivljenjsko dobo komponent valja.<\/p>\n<\/li>\n<li>\n<h3>Zamenjava tesnil in preverjanje kalibracije<\/h3>\n<p>Redna menjava tesnil glede na vzorce obrabe je klju\u010dnega pomena za ohranjanje celovitosti hidravli\u010dnega sistema. Upravljavci morajo biti usposobljeni za prepoznavanje, kdaj je treba tesnila zamenjati, in upo\u0161tevati ustrezne postopke za namestitev. Preverjanje kalibracije zagotavlja, da valj deluje po predvidenem postopku, kar pomaga prepre\u010diti te\u017eave z neporavnanostjo, ki bi lahko povzro\u010dile neu\u010dinkovitost delovanja.<\/p>\n<\/li>\n<\/ul>\n<p><img decoding=\"async\" src=\"https:\/\/www.hydraulic-cylinders.net\/wp-content\/uploads\/2025\/04\/songte-chushion-collar.webp\" alt=\"Slika ovratnika z blazino\" \/><\/p>\n<h2>Varnostni vidiki in okoljski dejavniki<\/h2>\n<p>Pri uporabi hidravli\u010dnih cilindrov so varnostni ukrepi izjemnega pomena. Upravljavci morajo biti usposobljeni za razumevanje morebitnih tveganj, povezanih s hidravli\u010dnimi sistemi, kot so nenadna odpoved cilindra ali pu\u0161\u010danje hidravli\u010dne teko\u010dine. Izvajanje varnostnih protokolov, kot je uporaba osebne za\u0161\u010ditne opreme (OZO) in zagotavljanje ustreznega usposabljanja, pomaga zmanj\u0161ati tveganja. Upo\u0161tevati je treba tudi okoljske vidike, zagotoviti, da so uporabljene hidravli\u010dne teko\u010dine okolju prijazne ter da se vsa pu\u0161\u010danja ali razlitja takoj zadr\u017eijo in o\u010distijo, da se prepre\u010di kontaminacija.<\/p>\n<h2>Odpravljanje te\u017eav in pogoste te\u017eave<\/h2>\n<ul>\n<li>\n<h3>Pu\u0161\u010danja<\/h3>\n<p>Pu\u0161\u010danje hidravli\u010dnega sistema je med najpogostej\u0161imi te\u017eavami, s katerimi se sre\u010dujemo pri cilindrih roke. Pojavijo se lahko zaradi obrabljenih tesnil ali po\u0161kodb ohi\u0161ja cilindra. Redno je treba izvajati vzdr\u017eevalne preglede, da se odkrijejo pu\u0161\u010danja, in po potrebi takoj ukrepati za popravilo ali zamenjavo tesnil.<\/p>\n<\/li>\n<li>\n<h3>Po\u010dasno delovanje<\/h3>\n<p>\u010ce se cilinder roke premika po\u010dasi, to lahko ka\u017ee na nizko raven hidravli\u010dne teko\u010dine ali zama\u0161eno cev. Upravljavci morajo preveriti raven teko\u010dine in cevi glede morebitnih ovir. Za nemoteno delovanje je klju\u010dnega pomena zagotoviti, da v sistemu ni zra\u010dnih \u017eepov in tujkov.<\/p>\n<\/li>\n<li>\n<h3>Nenavadni zvoki<\/h3>\n<p>Nenavadni hrupi med delovanjem lahko ka\u017eejo na notranje te\u017eave, kot sta kavitacija ali mehanska okvara. Upravljavci morajo prenehati z delovanjem in opraviti temeljit pregled, da ugotovijo vir hrupa in nemudoma odpravijo morebitna potrebna popravila.<\/p>\n<\/li>\n<\/ul>\n<h2>Nasveti za u\u010dinkovito odpravljanje te\u017eav<\/h2>\n<p>Za u\u010dinkovito diagnosticiranje in odpravljanje te\u017eav s hidravli\u010dnimi cilindri morajo upravljavci uporabljati sistemati\u010den pristop. Za\u010dnite s pregledom obratovalnih pogojev in njihovo primerjavo s priporo\u010dili proizvajalca. Preverite vse komponente glede znakov obrabe, po\u0161kodb ali nepravilne poravnave. Manj\u0161e te\u017eave obravnavajte nemudoma, da prepre\u010dite njihovo stopnjevanje, in vodite dnevnik popravil in pregledov, da lahko s\u010dasoma spremljate vzorce. Poleg tega lahko redno usposabljanje upravljavcev o tehnikah odpravljanja te\u017eav znatno izbolj\u0161a u\u010dinkovitost vzdr\u017eevalnega procesa.<\/p>\n<p><img decoding=\"async\" src=\"https:\/\/www.hydraulic-cylinders.net\/wp-content\/uploads\/2025\/04\/songte-bushings-with-all-kinds-of-excavator-models.webp\" alt=\"Slika pu\u0161\" \/><\/p>\n<h2>O na\u0161em podjetju<\/h2>\n<p>Smo vodilni proizvajalec nadomestnih hidravli\u010dnih cilindrov in ponujamo \u0161iroko paleto izdelkov, ki ustrezajo tako doma\u010demu kot mednarodnemu trgu. Na\u0161o zavezanost odli\u010dnosti poudarja na\u0161a osredoto\u010denost na natan\u010dne proizvodne procese in stroge strategije upravljanja proizvodnje. Z uporabo usposobljenih strokovnjakov, napredne digitalne proizvodne opreme in robustnih sistemov testiranja nenehno izbolj\u0161ujemo na\u0161e proizvodne zmogljivosti. Ta predanost natan\u010dnosti in kakovosti zagotavlja, da izpolnjujemo raznolike potrebe strank z visoko u\u010dinkovitostjo, natan\u010dnostjo in kakovostjo.<\/p>\n<ul>\n<li>\n<h3>Strokovno znanje<\/h3>\n<p>Na\u0161a ekipa je sestavljena iz visoko usposobljenih strokovnjakov, ki v proizvodni proces prina\u0161ajo obse\u017eno znanje in izku\u0161nje. Njihovo strokovno znanje zagotavlja, da vsi izdelki izpolnjujejo ali presegajo industrijske standarde.<\/p>\n<\/li>\n<li>\n<h3>Mednarodni certifikati<\/h3>\n<p>Upo\u0161tevamo mednarodne standarde kakovosti in zagotavljamo, da so na\u0161i izdelki certificirani za svetovne trge. Ta zaveza krepi na\u0161o verodostojnost in zaupanje strank.<\/p>\n<\/li>\n<li>\n<h3>Prilagojene storitve<\/h3>\n<p>Ponujamo prilagojene re\u0161itve, ki ustrezajo specifi\u010dnim potrebam na\u0161ih strank, zagotavljamo fleksibilnost in prilagojene izdelke, ki pove\u010dujejo operativno u\u010dinkovitost.<\/p>\n<\/li>\n<li>\n<h3>Najsodobnej\u0161a proizvodna oprema<\/h3>\n<p>Na\u0161i proizvodni obrati so opremljeni z najsodobnej\u0161o tehnologijo, ki nam omogo\u010da natan\u010dno in u\u010dinkovito izdelavo visokokakovostnih hidravli\u010dnih cilindrov.<\/p>\n<\/li>\n<li>\n<h3>Celovita poprodajna podpora<\/h3>\n<p>Verjamemo v zagotavljanje stalne podpore na\u0161im strankam in ponujanje poprodajnih storitev, ki zagotavljajo dolgo \u017eivljenjsko dobo in zanesljivost na\u0161ih izdelkov.<\/p>\n<\/li>\n<\/ul>\n<p><img decoding=\"async\" src=\"https:\/\/www.hydraulic-cylinders.net\/wp-content\/uploads\/2025\/04\/songte-company-4.webp\" alt=\"Slika podjetja 1\" \/><br \/>\n<img decoding=\"async\" src=\"https:\/\/www.hydraulic-cylinders.net\/wp-content\/uploads\/2025\/04\/songte-company-3.webp\" alt=\"Slika podjetja 2\" \/><\/p>\n<p>Avtor lyl<\/p>","protected":false},"excerpt":{"rendered":"<p>Boom Cylinder For Tiangong ZG3255LC-9C Product Overview The Boom Cylinder for Tiangong ZG3255LC-9C is an essential hydraulic component specifically designed to control the motion of buckets in various heavy machinery, such as excavators, backhoes, and front loaders. This hydraulic cylinder allows for the lifting, lowering, and tilting of the bucket, making it a vital tool [&hellip;]<\/p>","protected":false},"featured_media":17874,"comment_status":"open","ping_status":"closed","template":"","meta":{"_et_pb_use_builder":"","_et_pb_old_content":"","_et_gb_content_width":""},"product_brand":[],"product_cat":[1546],"product_tag":[1547,1496],"class_list":{"0":"post-19686","1":"product","2":"type-product","3":"status-publish","4":"has-post-thumbnail","6":"product_cat-boom-cylinders","7":"product_tag-boom-cylinders","8":"product_tag-hydraulic-cylinders","10":"first","11":"instock","12":"shipping-taxable","13":"product-type-simple"},"amp_enabled":true,"_links":{"self":[{"href":"https:\/\/www.hydraulic-cylinders.net\/sl\/wp-json\/wp\/v2\/product\/19686","targetHints":{"allow":["GET"]}}],"collection":[{"href":"https:\/\/www.hydraulic-cylinders.net\/sl\/wp-json\/wp\/v2\/product"}],"about":[{"href":"https:\/\/www.hydraulic-cylinders.net\/sl\/wp-json\/wp\/v2\/types\/product"}],"replies":[{"embeddable":true,"href":"https:\/\/www.hydraulic-cylinders.net\/sl\/wp-json\/wp\/v2\/comments?post=19686"}],"wp:featuredmedia":[{"embeddable":true,"href":"https:\/\/www.hydraulic-cylinders.net\/sl\/wp-json\/wp\/v2\/media\/17874"}],"wp:attachment":[{"href":"https:\/\/www.hydraulic-cylinders.net\/sl\/wp-json\/wp\/v2\/media?parent=19686"}],"wp:term":[{"taxonomy":"product_brand","embeddable":true,"href":"https:\/\/www.hydraulic-cylinders.net\/sl\/wp-json\/wp\/v2\/product_brand?post=19686"},{"taxonomy":"product_cat","embeddable":true,"href":"https:\/\/www.hydraulic-cylinders.net\/sl\/wp-json\/wp\/v2\/product_cat?post=19686"},{"taxonomy":"product_tag","embeddable":true,"href":"https:\/\/www.hydraulic-cylinders.net\/sl\/wp-json\/wp\/v2\/product_tag?post=19686"}],"curies":[{"name":"delovni list","href":"https:\/\/api.w.org\/{rel}","templated":true}]}}