{"id":19695,"date":"2025-04-07T07:02:17","date_gmt":"2025-04-07T07:02:17","guid":{"rendered":"https:\/\/www.hydraulic-cylinders.net\/product\/boom-cylinder-for-dasin-ds90-7\/"},"modified":"2025-04-07T07:02:20","modified_gmt":"2025-04-07T07:02:20","slug":"boom-cylinder-for-dasin-ds90-7","status":"publish","type":"product","link":"https:\/\/www.hydraulic-cylinders.net\/sl\/izdelek\/boom-cylinder-for-dasin-ds90-7\/","title":{"rendered":"Cilinder roke za Dasin DS90-7"},"content":{"rendered":"<h1>Cilinder roke za Dasin DS90-7<\/h1>\n<h2>Uvod v cilinder roke<\/h2>\n<p>Cilinder roke je klju\u010dni sestavni del hidravli\u010dnih sistemov, posebej zasnovan za nadzor gibanja \u017elice v razli\u010dnih te\u017ekih strojih, kot so bagri, bagri nakladalniki in \u010delni nakladalniki. Ta hidravli\u010dni cilinder omogo\u010da dvigovanje, spu\u0161\u010danje in nagibanje \u017elice, zaradi \u010desar je bistvenega pomena za u\u010dinkovito ravnanje z materiali. Cilinder \u017elice deluje s pomo\u010djo hidravli\u010dnega tlaka olja, kar omogo\u010da gladke in mo\u010dne gibe, ki so klju\u010dni pri gradbenih in kmetijskih delih.<\/p>\n<p><img decoding=\"async\" src=\"https:\/\/www.hydraulic-cylinders.net\/wp-content\/uploads\/2025\/04\/songte-company-1.webp\" alt=\"Cilinder roke\"><\/p>\n<h2>Zna\u010dilnosti cilindra roke<\/h2>\n<ul>\n<li>\n<h3>Visoka trdnost in vzdr\u017eljivost<\/h3>\n<p>Cilinder roke, ki je obi\u010dajno izdelan iz visoko trdnega jekla ali aluminija, lahko prenese visok tlak in velike obremenitve, zaradi \u010desar je primeren za zahtevna delovna okolja. Njegova zasnova vklju\u010duje premisleke glede odpornosti proti obrabi in koroziji, kar znatno podalj\u0161a njegovo \u017eivljenjsko dobo.<\/p>\n<\/li>\n<li>\n<h3>U\u010dinkovito hidravli\u010dno delovanje<\/h3>\n<p>Z uporabo tlaka hidravli\u010dnega olja cilinder roke dose\u017ee gladke gibe iztegovanja in vvla\u010devanja. Hitro se odziva na krmilne ukaze in zagotavlja znatno silo potiska in vle\u010denja, kar je idealno za opravljanje te\u017ekih in kompleksnih nalog.<\/p>\n<\/li>\n<li>\n<h3>Razli\u010dne vrste<\/h3>\n<p>Cilinder roke je na voljo v razli\u010dnih izvedbah, ki omogo\u010dajo enosmerno delovanje (hidravli\u010dna sila v eni smeri) ali dvosmerno delovanje (hidravli\u010dna sila v obeh smereh) za razli\u010dne operativne zahteve. Nekateri modeli so teleskopski, kar omogo\u010da ve\u010dji izvle\u010dek brez pove\u010danja zunanjih dimenzij, kar je koristno za aplikacije z omejenim prostorom.<\/p>\n<\/li>\n<li>\n<h3>Izdelava po meri<\/h3>\n<p>Ta izdelek lahko izdelamo, kar zagotavlja, da na\u0161i hidravli\u010dni cilindri popolnoma nadomestijo obstoje\u010de modele, s \u010dimer ohranjamo operativno u\u010dinkovitost in zanesljivost.<\/p>\n<\/li>\n<\/ul>\n<p><img decoding=\"async\" src=\"https:\/\/www.hydraulic-cylinders.net\/wp-content\/uploads\/2025\/04\/songte-cylinder-head-with-all-kinds-excavator-models.webp\" alt=\"Modeli bagrov\"><\/p>\n<h2>Uporaba cilindra roke<\/h2>\n<ul>\n<li>\n<h3>Gradbena oprema<\/h3>\n<p>Pri bagrih je cilindri\u010dni mehanizem roke klju\u010dnega pomena za kopanje, nakladanje in premikanje zemlje ali ru\u0161evin. Pri bagrih nakladalnikih ima dvojno vlogo, saj pomaga pri kopanju in dvigovanju. Natan\u010dnost in mo\u010d cilindra roke zagotavljata, da lahko ti stroji u\u010dinkovito opravljajo svoje naloge, kar znatno prispeva k \u010dasovnim okvirom in produktivnosti projektov.<\/p>\n<\/li>\n<li>\n<h3>Kmetijska mehanizacija<\/h3>\n<p>Pri \u010delnih nakladalnikih cilinder roke olaj\u0161a zajemanje, dvigovanje in prevoz zemlje, sena in drugih materialov. Njegovo u\u010dinkovito delovanje omogo\u010da kmetom hitro in u\u010dinkovito opravljanje nalog, kar pove\u010duje produktivnost na kmetijah in v kmetijskih obratih.<\/p>\n<\/li>\n<li>\n<h3>Bagri<\/h3>\n<p>Cilinder roke je pri bagrih klju\u010dnega pomena, saj omogo\u010da, da \u017elica u\u010dinkovito prodre v zemljo. Ta sposobnost je bistvena za razli\u010dne talne razmere, saj omogo\u010da operaterjem natan\u010dno in u\u010dinkovito izkopavanje, kar je klju\u010dnega pomena za temeljna dela in urejanje okolice.<\/p>\n<\/li>\n<li>\n<h3>Nakladalci<\/h3>\n<p>Pri \u010delnih nakladalnikih cilinder roke pomaga pri u\u010dinkovitem dvigovanju in razkladanju bremen. Ne glede na to, ali premikate materiale na gradbi\u0161\u010du ali preva\u017eate tovor, zanesljivost cilindra roke zagotavlja u\u010dinkovito delovanje in varnost delovanja.<\/p>\n<\/li>\n<\/ul>\n<h2>Oblikovalski vidiki in standardi izbire<\/h2>\n<ul>\n<li>\n<h3>Nosilnost<\/h3>\n<p>Pri zasnovi cilindra roke je treba dati prednost nosilnosti, da se zagotovi, da lahko prenese najve\u010djo te\u017eo, s katero se bo soo\u010dil med delovanjem. Dejavniki, kot so trdnost materiala, premer cilindra in velikost palice, prispevajo k njegovi splo\u0161ni nosilnosti. Ustrezen in\u017eeniring in izbira materialov sta potrebna za prepre\u010devanje okvar in zagotavljanje varnosti med delovanjem.<\/p>\n<\/li>\n<li>\n<h3>Celovitost tesnjenja<\/h3>\n<p>U\u010dinkovito tesnjenje je klju\u010dnega pomena za vzdr\u017eevanje hidravli\u010dnega tlaka v valju. Zasnova mora vklju\u010devati visokokakovostna tesnila, ki so odporna na obrabo in okoljske dejavnike. Redno preverjanje tesnil je potrebno za prepre\u010devanje pu\u0161\u010danja, ki lahko ogrozi delovanje in varnost.<\/p>\n<\/li>\n<li>\n<h3>Vzdr\u017eljivost<\/h3>\n<p>Trpe\u017ena zasnova omogo\u010da u\u010dinkovito delovanje cilindra roke dlje \u010dasa, tudi v zahtevnih okoljih. Uporabljeni materiali morajo biti odporni proti obrabi, koroziji in utrujenosti, kar zagotavlja dolgo \u017eivljenjsko dobo in zmanj\u0161uje potrebo po pogostih zamenjavah ali popravilih.<\/p>\n<\/li>\n<li>\n<h3>Varnostne funkcije<\/h3>\n<p>Uporaba varnostnih funkcij, kot so tla\u010dni varnostni ventili in za\u0161\u010dita pred preobremenitvijo, je bistvenega pomena. Ti ukrepi prepre\u010dujejo katastrofalne okvare in zagotavljajo varno delovanje v razli\u010dnih pogojih. Zasnova mora omogo\u010dati tudi enostaven dostop za vzdr\u017eevanje, da se pove\u010da varnost med popravili in pregledi.<\/p>\n<\/li>\n<li>\n<h3>Vzdr\u017eevanje<\/h3>\n<p>Zasnova cilindra roke za enostavno vzdr\u017eevanje je bistvenega pomena za zmanj\u0161anje \u010dasa izpada. Vklju\u010ditev funkcij, ki omogo\u010dajo enostaven dostop do tesnil in hidravli\u010dnih cevi, bo olaj\u0161ala redno vzdr\u017eevanje in preglede ter zagotovila, da bo cilinder ostal v optimalnem delovnem stanju.<\/p>\n<\/li>\n<\/ul>\n<p><img decoding=\"async\" src=\"https:\/\/www.hydraulic-cylinders.net\/wp-content\/uploads\/2025\/04\/songte-oil-pipes-and-spare-parts.webp\" alt=\"Hidravli\u010dni deli\"><\/p>\n<h2>Tesnjenje in mazanje<\/h2>\n<p>Pravilno tesnjenje in mazanje sta klju\u010dnega pomena za dolgo \u017eivljenjsko dobo in delovanje cilindra roke. Za vzdr\u017eevanje hidravli\u010dnega tlaka se uporabljajo razli\u010dne tesnilne komponente, kot so tesnila bata in palice. Tesnila iz trpe\u017enih materialov, kot sta poliuretan in nitrilna guma, zagotavljajo odpornost proti obrabi. Poleg tega je treba ohi\u0161je cilindra in navojne konce natan\u010dno obdelati, da se pove\u010da odpornost proti obrabi.<\/p>\n<p>Regular lubrication with appropriate hydraulic oil is vital to reduce friction and wear on moving parts. Ensuring the correct oil levels and types will optimize the cylinder&#8217;s performance, allowing for smooth operation and extending its service life. Regular checks and timely oil changes are necessary to maintain efficient hydraulic functions.<\/p>\n<h2>Priporo\u010dila za vzdr\u017eevanje<\/h2>\n<ul>\n<li>\n<h3>Redni pregledi<\/h3>\n<p>Izvajanje rednih pregledov je klju\u010dnega pomena za prepoznavanje morebitnih te\u017eav, preden se te stopnjujejo. Ti pregledi morajo vklju\u010devati preverjanje pu\u0161\u010danja, oceno stanja tesnil in pregled celotne celovitosti jeklenke. Zgodnje odkrivanje obrabe lahko prihrani \u010das in stro\u0161ke, povezane z obse\u017enimi popravili.<\/p>\n<\/li>\n<li>\n<h3>Ustrezno mazanje<\/h3>\n<p>Vzdr\u017eevanje ustrezne ravni mazanja je bistvenega pomena za nemoteno delovanje cilindra roke. Redno preverjanje ravni hidravli\u010dnega olja in njegova zamenjava ali dolivanje po potrebi prepre\u010dujeta pregrevanje in prekomerno obrabo, kar prispeva k dalj\u0161i \u017eivljenjski dobi cilindra.<\/p>\n<\/li>\n<li>\n<h3>Zamenjava tesnil in preverjanje kalibracije<\/h3>\n<p>Over time, seals may wear out and require replacement to maintain hydraulic efficiency. It is essential to have a schedule for seal inspections and replacements. Calibration checks ensure that the cylinder&#8217;s performance aligns with operational standards, allowing for safe and effective use.<\/p>\n<\/li>\n<\/ul>\n<p><img decoding=\"async\" src=\"https:\/\/www.hydraulic-cylinders.net\/wp-content\/uploads\/2025\/04\/songte-chushion-collar.webp\" alt=\"Blazinasti ovratnik\"><\/p>\n<h2>Varnostni in okoljski vidiki<\/h2>\n<p>Pri uporabi hidravli\u010dnih cilindrov, kot je cilinder roke, so varnostni ukrepi najpomembnej\u0161i. Upravljavci morajo upo\u0161tevati varnostne protokole, vklju\u010dno z no\u0161enjem ustrezne osebne za\u0161\u010ditne opreme (OZO) in zagotavljanjem delovanja vseh varnostnih funkcij. Upo\u0161tevati je treba tudi okoljske dejavnike, kot je prepre\u010devanje pu\u0161\u010danja hidravli\u010dne teko\u010dine, ki bi lahko \u0161kodovala okoli\u0161kemu ekosistemu. Za za\u0161\u010dito osebja in okolja je potrebno pravilno zadr\u017eevanje in odstranjevanje hidravli\u010dnih teko\u010din.<\/p>\n<h2>Odpravljanje pogostih te\u017eav<\/h2>\n<ul>\n<li>\n<h3>Hidravli\u010dno pu\u0161\u010danje<\/h3>\n<p>Ena najpogostej\u0161ih te\u017eav s hidravli\u010dnimi cilindri je pu\u0161\u010danje. Lahko je posledica obrabljenih tesnil ali po\u0161kodovanih ohi\u0161ij cilindrov. Redni pregledi in vzdr\u017eevanje lahko pomagajo zgodaj odkriti pu\u0161\u010danja, kar omogo\u010da pravo\u010dasna popravila in prepre\u010di izgubo hidravli\u010dnega tlaka in zmogljivosti.<\/p>\n<\/li>\n<li>\n<h3>Po\u010dasno ali neodzivno gibanje<\/h3>\n<p>\u010ce cilinder roke deluje po\u010dasi ali se ne odziva na krmiljenje, to lahko ka\u017ee na nizko raven hidravli\u010dnega olja, zrak v sistemu ali okvarjene komponente. Preverjanje ravni hidravli\u010dne teko\u010dine in odzra\u010devanje sistema lahko pogosto odpravita te te\u017eave.<\/p>\n<\/li>\n<li>\n<h3>Nenavadni zvoki<\/h3>\n<p>\u010cudni zvoki med delovanjem lahko ka\u017eejo na notranjo obrabo ali po\u0161kodbo. To je lahko posledica nezadostnega mazanja ali obrabljenih le\u017eajev. Redno vzdr\u017eevanje in pravo\u010dasna pozornost na nenavadne zvoke lahko prepre\u010dita nadaljnjo \u0161kodo in draga popravila.<\/p>\n<\/li>\n<\/ul>\n<p><img decoding=\"async\" src=\"https:\/\/www.hydraulic-cylinders.net\/wp-content\/uploads\/2025\/04\/songte-bushings-with-all-kinds-of-excavator-models.webp\" alt=\"Modeli pu\u0161\"><\/p>\n<h2>Zaklju\u010dek<\/h2>\n<p>Smo vodilni proizvajalec nadomestnih hidravli\u010dnih cilindrov z raznoliko paleto izdelkov, ki nas uvr\u0161\u010da med klju\u010dne akterje tako na doma\u010dem kot na mednarodnem trgu. Dr\u017eimo se izjemnih standardov kakovosti, ki jih podpira skrbna proizvodna strategija. Na\u0161e podjetje uporablja usposobljeno tehni\u010dno osebje, napredno digitalno proizvodno opremo in robusten sistem pregledov za izbolj\u0161anje u\u010dinkovitosti proizvodnje in kakovosti izdelkov.<\/p>\n<p>Z zavezanostjo k izpolnjevanju raznolikih potreb strank ponujamo prilagojene storitve, specializirano proizvodno opremo in celovito poprodajno podporo. Na\u0161a osredoto\u010denost na profesionalnost in mednarodne certifikate krepi na\u0161o verodostojnost v industriji hidravli\u010dnih cilindrov.<\/p>\n<p><img decoding=\"async\" src=\"https:\/\/www.hydraulic-cylinders.net\/wp-content\/uploads\/2025\/04\/songte-company-4.webp\" alt=\"Pregled podjetja\"><br \/>\n<img decoding=\"async\" src=\"https:\/\/www.hydraulic-cylinders.net\/wp-content\/uploads\/2025\/04\/songte-company-3.webp\" alt=\"Proizvodnja podjetja\"><\/p>\n<p>Avtor: lyl<\/p>","protected":false},"excerpt":{"rendered":"<p>Boom Cylinder For Dasin DS90-7 Introduction to the Boom Cylinder The Boom Cylinder is a vital component in hydraulic systems, specifically designed to control the movement of the bucket in various heavy machinery such as excavators, backhoe loaders, and front loaders. This hydraulic cylinder enables the bucket to lift, lower, and tilt, making it essential [&hellip;]<\/p>","protected":false},"featured_media":17868,"comment_status":"open","ping_status":"closed","template":"","meta":{"_et_pb_use_builder":"","_et_pb_old_content":"","_et_gb_content_width":""},"product_brand":[],"product_cat":[1546],"product_tag":[1547,1496],"class_list":{"0":"post-19695","1":"product","2":"type-product","3":"status-publish","4":"has-post-thumbnail","6":"product_cat-boom-cylinders","7":"product_tag-boom-cylinders","8":"product_tag-hydraulic-cylinders","10":"first","11":"instock","12":"shipping-taxable","13":"product-type-simple"},"amp_enabled":true,"_links":{"self":[{"href":"https:\/\/www.hydraulic-cylinders.net\/sl\/wp-json\/wp\/v2\/product\/19695","targetHints":{"allow":["GET"]}}],"collection":[{"href":"https:\/\/www.hydraulic-cylinders.net\/sl\/wp-json\/wp\/v2\/product"}],"about":[{"href":"https:\/\/www.hydraulic-cylinders.net\/sl\/wp-json\/wp\/v2\/types\/product"}],"replies":[{"embeddable":true,"href":"https:\/\/www.hydraulic-cylinders.net\/sl\/wp-json\/wp\/v2\/comments?post=19695"}],"wp:featuredmedia":[{"embeddable":true,"href":"https:\/\/www.hydraulic-cylinders.net\/sl\/wp-json\/wp\/v2\/media\/17868"}],"wp:attachment":[{"href":"https:\/\/www.hydraulic-cylinders.net\/sl\/wp-json\/wp\/v2\/media?parent=19695"}],"wp:term":[{"taxonomy":"product_brand","embeddable":true,"href":"https:\/\/www.hydraulic-cylinders.net\/sl\/wp-json\/wp\/v2\/product_brand?post=19695"},{"taxonomy":"product_cat","embeddable":true,"href":"https:\/\/www.hydraulic-cylinders.net\/sl\/wp-json\/wp\/v2\/product_cat?post=19695"},{"taxonomy":"product_tag","embeddable":true,"href":"https:\/\/www.hydraulic-cylinders.net\/sl\/wp-json\/wp\/v2\/product_tag?post=19695"}],"curies":[{"name":"delovni list","href":"https:\/\/api.w.org\/{rel}","templated":true}]}}