{"id":19699,"date":"2025-04-07T07:02:28","date_gmt":"2025-04-07T07:02:28","guid":{"rendered":"https:\/\/www.hydraulic-cylinders.net\/product\/boom-cylinder-for-sinomach-zg3065-9b\/"},"modified":"2025-04-07T07:02:31","modified_gmt":"2025-04-07T07:02:31","slug":"boom-cylinder-for-sinomach-zg3065-9b","status":"publish","type":"product","link":"https:\/\/www.hydraulic-cylinders.net\/sl\/izdelek\/boom-cylinder-for-sinomach-zg3065-9b\/","title":{"rendered":"Cilinder roke za Sinomach ZG3065-9B"},"content":{"rendered":"<h1>Cilinder roke za Sinomach ZG3065-9B<\/h1>\n<h2>Definicija in pregled valja z \u017elico<\/h2>\n<p>Cilinder roke, obi\u010dajno imenovan cilinder \u017elice, je klju\u010dni sestavni del hidravli\u010dnih sistemov, posebej zasnovan za nadzor gibanja \u017elic v razli\u010dnih te\u017ekih strojih, kot so bagri, bagri nakladalniki in \u010delni nakladalniki. Ta hidravli\u010dni cilinder omogo\u010da dvigovanje, spu\u0161\u010danje in nagibanje \u017elice, kar omogo\u010da u\u010dinkovito ravnanje z materiali. Funkcionalnost cilindra roke je bistvenega pomena za delovanje te\u017eke opreme, saj izkori\u0161\u010da hidravli\u010dni tlak za zagotavljanje potrebne sile za natan\u010dno premikanje te\u017ekih bremen.<\/p>\n<p>V hidravli\u010dnih sistemih ima valj roke klju\u010dno vlogo pri pretvorbi hidravli\u010dne energije v mehansko energijo, kar upravljavcem omogo\u010da enostavno izvajanje kompleksnih nalog. Ta valj je zasnovan tako, da prenese visoke tlake in velike obremenitve, kar zagotavlja vzdr\u017eljivost in zanesljivost v zahtevnih okoljih. Njegova zasnova upo\u0161teva odpornost proti obrabi in koroziji, kar podalj\u0161uje \u017eivljenjsko dobo izdelka in ohranja optimalno delovanje tudi v te\u017ekih pogojih.<\/p>\n<p><img decoding=\"async\" src=\"https:\/\/www.hydraulic-cylinders.net\/wp-content\/uploads\/2025\/04\/songte-company-1.webp\" alt=\"Cilinder roke za Sinomach ZG3065-9B\"><\/p>\n<h2>Zna\u010dilnosti cilindra roke<\/h2>\n<ul>\n<li>\n<h3>Visoka trdnost in vzdr\u017eljivost<\/h3>\n<p>Ta jeklenka, ki je obi\u010dajno izdelana iz visoko trdnega jekla ali aluminija, lahko prenese visoke tlake in velike obremenitve, zaradi \u010desar je primerna za zahtevna delovna okolja. Njena zasnova vklju\u010duje lastnosti odpornosti proti obrabi in koroziji, kar podalj\u0161uje njeno \u017eivljenjsko dobo.<\/li>\n<li>\n<h3>U\u010dinkovito hidravli\u010dno delovanje<\/h3>\n<p>Cilinder roke uporablja hidravli\u010dni tlak olja za gladko iztegovanje in vstavljanje, kar omogo\u010da hiter odziv na ukaze upravljavca in zagotavlja zmogljive potiskalne in vle\u010dne zmogljivosti, idealne za opravljanje te\u017ekih in kompleksnih nalog.<\/li>\n<li>\n<h3>Razli\u010dne vrste<\/h3>\n<p>Na voljo v enosmerno delujo\u010di (delujejo v eno smer) in dvosmerno delujo\u010di (delujejo v obe smeri) konfiguraciji za razli\u010dne operativne potrebe. Nekateri modeli so teleskopski, kar omogo\u010da ve\u010dji izvle\u010dek brez pove\u010danja zunanjih dimenzij, primerni za uporabo v omejenem prostoru.<\/li>\n<li>\n<h3>Napredno oblikovanje<\/h3>\n<p>Cilinder roke je izdelan natan\u010dno za optimalno delovanje in zanesljivost ter pod strogim nadzorom kakovosti, da ustreza industrijskim standardom.<\/li>\n<li>\n<h3>Celovite mo\u017enosti zamenjave<\/h3>\n<p>Na\u0161i izdelki lahko popolnoma nadomestijo obstoje\u010de hidravli\u010dne cilindre, kar zagotavlja zdru\u017eljivost in doslednost delovanja va\u0161ih strojev.<\/h3>\n<\/li>\n<\/ul>\n<p><img decoding=\"async\" src=\"https:\/\/www.hydraulic-cylinders.net\/wp-content\/uploads\/2025\/04\/songte-cylinder-head-with-all-kinds-excavator-models.webp\" alt=\"Mo\u017enosti zamenjave cilindra roke\"><\/p>\n<h2>Uporaba cilindra roke<\/h2>\n<h3>Gradbena oprema<\/h3>\n<p>Pri bagrih so cilindri roke bistveni za kopanje, nakladanje in premikanje zemlje ali ru\u0161evin. Zagotavljajo potrebno hidravli\u010dno silo, ki omogo\u010da u\u010dinkovito prodiranje \u017elice v tla. Pri bagrih nakladalnikih ti cilindri pomagajo ne le pri izkopavanju, temve\u010d tudi pri dvigovanju, zaradi \u010desar so vsestransko orodje v gradbenih projektih.<\/p>\n<h3>Kmetijska mehanizacija<\/h3>\n<p>Pri \u010delnih nakladalnikih imajo cilindri roke klju\u010dno vlogo pri zajemanju, dvigovanju in prevozu zemlje, sena in drugih materialov. Izbolj\u0161ujejo sposobnost nakladalnika za u\u010dinkovito opravljanje razli\u010dnih kmetijskih nalog, pa naj gre za premikanje krme, odstranjevanje odpadkov ali ravnanje tal.<\/p>\n<h3>Bagri<\/h3>\n<p>Pri bagrih cilinder roke omogo\u010da, da \u017elica prodre v zemljo, kar omogo\u010da u\u010dinkovito kopanje. Ta funkcionalnost je klju\u010dnega pomena pri gradbenih in krajinskih projektih, kjer je za zagotovitev celovitosti projekta potrebno natan\u010dno izkopavanje.<\/p>\n<h3>Nakladalci<\/h3>\n<p>Pri \u010delnih nakladalnikih cilindri roke pomagajo pri u\u010dinkovitem dvigovanju in razkladanju bremen. Zasnovani so za ravnanje z razli\u010dnimi vrstami materialov in zagotavljajo potrebno mo\u010d za obvladovanje te\u017ekih bremen pri uporabi, od gradbeni\u0161tva do ravnanja z odpadki.<\/p>\n<h2>Oblikovalski vidiki in izbirna merila<\/h2>\n<h3>Nosilnost<\/h3>\n<p>Nosilnost cilindra roke je klju\u010dnega pomena za zagotovitev, da lahko prenese te\u017eo in tlak, ki se izvajata med delovanjem. In\u017eenirji morajo upo\u0161tevati najve\u010djo te\u017eo, ki jo bo cilinder lahko dvignil, in ga ustrezno zasnovati, da prepre\u010dijo okvaro pri velikih obremenitvah.<\/p>\n<h3>Celovitost tesnjenja<\/h3>\n<p>U\u010dinkovito tesnjenje je klju\u010dnega pomena za prepre\u010devanje pu\u0161\u010danja hidravli\u010dne teko\u010dine, ki lahko ogrozi delovanje valja. Uporaba visokokakovostnih tesnil, kot so tesnila bata in ojnice iz trpe\u017enih materialov, zagotavlja dolgo \u017eivljenjsko dobo in zanesljivost hidravli\u010dnega delovanja.<\/p>\n<h3>Vzdr\u017eljivost in odpornost proti obrabi<\/h3>\n<p>Materiali, ki se uporabljajo pri izdelavi cilindrov roke, morajo biti odporni proti obrabi. Pogosta uporaba v zahtevnih okoljih zahteva robustno zasnovo, ki lahko prenese abrazivne pogoje in dolgotrajno izpostavljenost agresivnim elementom.<\/p>\n<h3>Varnostne funkcije<\/h3>\n<p>Zasnova cilindrov roke z varnostnimi funkcijami, kot so varnostni ventili, zagotavlja, da cilinder deluje znotraj varnih meja. To zmanj\u0161a tveganje za nesre\u010de in pove\u010da splo\u0161no varnost strojev, v katere je name\u0161\u010den.<\/p>\n<h3>Dostopnost vzdr\u017eevanja<\/h3>\n<p>V fazi na\u010drtovanja je bistvenega pomena upo\u0161tevati dostopnost za vzdr\u017eevanje. Komponente je treba razporediti tako, da omogo\u010dajo enostaven dostop za preglede, popravila in zamenjave, s \u010dimer se zagotovi u\u010dinkovito in uspe\u0161no izvajanje vzdr\u017eevalnih nalog.<\/p>\n<p><img decoding=\"async\" src=\"https:\/\/www.hydraulic-cylinders.net\/wp-content\/uploads\/2025\/04\/songte-oil-pipes-and-spare-parts.webp\" alt=\"Premisleki pri na\u010drtovanju cilindra roke\"><\/p>\n<h2>Tesnjenje in mazanje<\/h2>\n<p>U\u010dinkovito tesnjenje se dose\u017ee z uporabo razli\u010dnih tesnilnih komponent, kot so tesnila bata in tesnila palic, ki so bistvena za vzdr\u017eevanje hidravli\u010dnega tlaka. Izbira tesnil iz trpe\u017enih materialov, kot sta poliuretan in nitrilna guma, pove\u010da odpornost proti obrabi in dolgo \u017eivljenjsko dobo. Telo valja in navojne kon\u010dne povr\u0161ine so natan\u010dno obdelane za izbolj\u0161anje vzdr\u017eljivosti proti obrabi.<\/p>\n<p>Redno mazanje s hidravli\u010dnim oljem je klju\u010dnega pomena za nemoteno delovanje cilindra roke. Redno je treba vbrizgati zadostno koli\u010dino hidravli\u010dne teko\u010dine, da se zagotovi mazanje vseh gibljivih delov, kar zmanj\u0161a trenje in prepre\u010di prezgodnja obraba.<\/p>\n<h2>Preventivni vzdr\u017eevalni ukrepi<\/h2>\n<ul>\n<li>\n<h3>Redni pregledi<\/h3>\n<p>Redni pregledi cilindra roke pomagajo prepoznati morebitne te\u017eave, preden se poslab\u0161ajo. To vklju\u010duje preverjanje pu\u0161\u010danja, nenormalne obrabe in delovanja.<\/h3>\n<\/li>\n<li>\n<h3>Pravilno mazanje<\/h3>\n<p>Zagotavljanje ustreznega mazanja valja s pravo vrsto hidravli\u010dnega olja je bistvenega pomena za nemoteno delovanje in podalj\u0161anje \u017eivljenjske dobe komponente.<\/h3>\n<\/li>\n<li>\n<h3>Zamenjava tesnila<\/h3>\n<p>S\u010dasoma se lahko tesnila obrabijo in jih je treba zamenjati. Redni pregledi in pravo\u010dasna zamenjava lahko prepre\u010dijo pu\u0161\u010danje in ohranijo u\u010dinkovitost delovanja.<\/h3>\n<\/li>\n<\/ul>\n<h2>Navodila za namestitev<\/h2>\n<p>Pravilna namestitev cilindra roke je klju\u010dnega pomena za njegovo delovanje. Najprej zagotovite, da je delovno obmo\u010dje \u010disto in brez ostankov. Cilinder natan\u010dno poravnajte s pritrdilnimi to\u010dkami na stroju, da prepre\u010dite napa\u010dno poravnavo, ki lahko povzro\u010di prezgodnjo obrabo. Za trdno pritrditev cilindra uporabite ustrezne pritrdilne nosilce.<\/p>\n<p>Za zagotovitev varne namestitve upo\u0161tevajte proizvajal\u010deve specifikacije glede nastavitev navora in vrst priklju\u010dkov. Po namestitvi preverite poravnavo in se prepri\u010dajte, da so vsi hidravli\u010dni priklju\u010dki tesni. Za\u017eenite stroj in izvedite poskusni zagon, da se prepri\u010date, da valj deluje gladko in brez pu\u0161\u010danja.<\/p>\n<h2>Pogosta vzdr\u017eevalna opravila<\/h2>\n<ul>\n<li>\n<h3>Redni pregledi<\/h3>\n<p>Za zagotovitev nemotenega delovanja so potrebni pogosti pregledi cilindra roke glede znakov obrabe, pu\u0161\u010danja ali drugih te\u017eav. Zgodnje odkrivanje te\u017eav lahko prepre\u010di ve\u010dje okvare in draga popravila.<\/h3>\n<\/li>\n<li>\n<h3>Ustrezno mazanje<\/h3>\n<p>Redno mazanje valja s priporo\u010denim hidravli\u010dnim oljem je bistvenega pomena. To zmanj\u0161a trenje in obrabo ter prispeva k dalj\u0161i \u017eivljenjski dobi hidravli\u010dnega sistema.<\/h3>\n<\/li>\n<li>\n<h3>Zamenjava in kalibracija tesnila<\/h3>\n<p>Po potrebi preglejte in zamenjajte tesnila, da ohranite hidravli\u010dno celovitost. Redni pregledi kalibracije zagotavljajo, da valj deluje znotraj dolo\u010denih parametrov, kar izbolj\u0161a u\u010dinkovitost in varnost.<\/h3>\n<\/li>\n<\/ul>\n<p><img decoding=\"async\" src=\"https:\/\/www.hydraulic-cylinders.net\/wp-content\/uploads\/2025\/04\/songte-chushion-collar.webp\" alt=\"Navodila za namestitev cilindra roke\"><\/p>\n<h2>Varnostni vidiki in okoljski dejavniki<\/h2>\n<p>Pri uporabi hidravli\u010dnih cilindrov so varnostni ukrepi najpomembnej\u0161i. Upravljavci morajo biti usposobljeni za pravilno ravnanje z opremo in upo\u0161tevati vse varnostne protokole. No\u0161enje ustrezne osebne za\u0161\u010ditne opreme (OZO) in upo\u0161tevanje operativnih smernic lahko znatno zmanj\u0161ata tveganje za nesre\u010de in po\u0161kodbe na delovnem mestu.<\/p>\n<h2>Odpravljanje te\u017eav in pogoste te\u017eave<\/h2>\n<ul>\n<li>\n<h3>Hidravli\u010dna pu\u0161\u010danja<\/h3>\n<p>Pu\u0161\u010danja lahko nastanejo zaradi obrabljenih tesnil ali po\u0161kodovanih cevi. Pravo\u010dasno odpravljanje pu\u0161\u010danj je klju\u010dnega pomena za ohranjanje delovanja in prepre\u010devanje nadaljnje \u0161kode.<\/h3>\n<\/li>\n<li>\n<h3>Slaba zmogljivost<\/h3>\n<p>\u010ce se valj ne odziva po pri\u010dakovanjih, to lahko ka\u017ee na zrak v hidravli\u010dnem sistemu ali nizko raven hidravli\u010dne teko\u010dine. Redni pregledi lahko prepre\u010dijo to te\u017eavo.<\/h3>\n<\/li>\n<li>\n<h3>Prekomerna obraba<\/h3>\n<p>Pogosti pregledi lahko razkrijejo znake prekomerne obrabe, kar spodbuja pravo\u010dasno vzdr\u017eevanje za zmanj\u0161anje nadaljnje \u0161kode.<\/h3>\n<\/li>\n<\/ul>\n<p>Izvajanje preventivnih ukrepov in redno vzdr\u017eevanje lahko pomagata zmanj\u0161ati morebitne te\u017eave in zagotoviti u\u010dinkovito delovanje cilindra roke.<\/p>\n<p><img decoding=\"async\" src=\"https:\/\/www.hydraulic-cylinders.net\/wp-content\/uploads\/2025\/04\/songte-bushings-with-all-kinds-of-excavator-models.webp\" alt=\"Odpravljanje te\u017eav z cilindrom roke\"><\/p>\n<h2>O na\u0161em podjetju<\/h2>\n<p>Smo proizvajalec, specializiran za nadomestne hidravli\u010dne cilindre, ki ponuja \u0161iroko paleto izdelkov. Kot eden vodilnih proizvajalcev in veletrgovcev hidravli\u010dnih cilindrov na doma\u010dem in mednarodnem trgu smo zavezani k odli\u010dnosti v kakovosti. Na\u0161a strategija upravljanja industrijske proizvodnje poudarja natan\u010dno izdelavo, ki jo podpirajo tehni\u010dni talenti in uporaba napredne digitalne proizvodne opreme.<\/p>\n<p>Na\u0161e nenehno izbolj\u0161evanje proizvodnih platform in poti za zagotavljanje kakovosti izdelkov odra\u017ea na\u0161e mo\u010dne ustvarjalne sposobnosti, ki zagotavljajo, da izpolnjujemo raznolike potrebe strank z visoko u\u010dinkovitostjo, natan\u010dnostjo in na\u010deli kakovosti. Na\u0161a ponudba vklju\u010duje storitve po meri, strokovne certifikate in robustno poprodajno podporo za zagotavljanje zadovoljstva strank.<\/p>\n<p><img decoding=\"async\" src=\"https:\/\/www.hydraulic-cylinders.net\/wp-content\/uploads\/2025\/04\/songte-company-4.webp\" alt=\"Pregled na\u0161ega podjetja\"><br \/>\n<img decoding=\"async\" src=\"https:\/\/www.hydraulic-cylinders.net\/wp-content\/uploads\/2025\/04\/songte-company-3.webp\" alt=\"Na\u0161e proizvodne zmogljivosti\"><\/p>\n<p>Avtor: lyl<\/p>","protected":false},"excerpt":{"rendered":"<p>Boom Cylinder For Sinomach ZG3065-9B Definition and Overview of Bucket Cylinder The boom cylinder, commonly referred to as a bucket cylinder, is a critical component in hydraulic systems, specifically designed to control the movement of buckets in various heavy machinery such as excavators, backhoe loaders, and front loaders. This hydraulic cylinder enables the bucket to [&hellip;]<\/p>","protected":false},"featured_media":17872,"comment_status":"open","ping_status":"closed","template":"","meta":{"_et_pb_use_builder":"","_et_pb_old_content":"","_et_gb_content_width":""},"product_brand":[],"product_cat":[1546],"product_tag":[1547,1496],"class_list":{"0":"post-19699","1":"product","2":"type-product","3":"status-publish","4":"has-post-thumbnail","6":"product_cat-boom-cylinders","7":"product_tag-boom-cylinders","8":"product_tag-hydraulic-cylinders","10":"first","11":"instock","12":"shipping-taxable","13":"product-type-simple"},"amp_enabled":true,"_links":{"self":[{"href":"https:\/\/www.hydraulic-cylinders.net\/sl\/wp-json\/wp\/v2\/product\/19699","targetHints":{"allow":["GET"]}}],"collection":[{"href":"https:\/\/www.hydraulic-cylinders.net\/sl\/wp-json\/wp\/v2\/product"}],"about":[{"href":"https:\/\/www.hydraulic-cylinders.net\/sl\/wp-json\/wp\/v2\/types\/product"}],"replies":[{"embeddable":true,"href":"https:\/\/www.hydraulic-cylinders.net\/sl\/wp-json\/wp\/v2\/comments?post=19699"}],"wp:featuredmedia":[{"embeddable":true,"href":"https:\/\/www.hydraulic-cylinders.net\/sl\/wp-json\/wp\/v2\/media\/17872"}],"wp:attachment":[{"href":"https:\/\/www.hydraulic-cylinders.net\/sl\/wp-json\/wp\/v2\/media?parent=19699"}],"wp:term":[{"taxonomy":"product_brand","embeddable":true,"href":"https:\/\/www.hydraulic-cylinders.net\/sl\/wp-json\/wp\/v2\/product_brand?post=19699"},{"taxonomy":"product_cat","embeddable":true,"href":"https:\/\/www.hydraulic-cylinders.net\/sl\/wp-json\/wp\/v2\/product_cat?post=19699"},{"taxonomy":"product_tag","embeddable":true,"href":"https:\/\/www.hydraulic-cylinders.net\/sl\/wp-json\/wp\/v2\/product_tag?post=19699"}],"curies":[{"name":"delovni list","href":"https:\/\/api.w.org\/{rel}","templated":true}]}}