{"id":19712,"date":"2025-04-07T07:03:16","date_gmt":"2025-04-07T07:03:16","guid":{"rendered":"https:\/\/www.hydraulic-cylinders.net\/product\/boom-cylinder-for-hengte-wheel-excavator-htl90\/"},"modified":"2025-04-07T07:03:19","modified_gmt":"2025-04-07T07:03:19","slug":"boom-cylinder-for-hengte-wheel-excavator-htl90","status":"publish","type":"product","link":"https:\/\/www.hydraulic-cylinders.net\/sl\/izdelek\/boom-cylinder-for-hengte-wheel-excavator-htl90\/","title":{"rendered":"Cilinder roke za kolesni bager Hengte HTL90"},"content":{"rendered":"<h1>Cilinder roke za kolesni bager Hengte HTL90<\/h1>\n<h2>Pregled cilindra roke<\/h2>\n<p>Cilinder roke je klju\u010dna hidravli\u010dna komponenta, posebej zasnovana za kolesni bager Hengte HTL90. Ta vrsta hidravli\u010dnega cilindra igra klju\u010dno vlogo pri nadzoru gibanja roke bagra. Z olaj\u0161anjem dvigovanja, spu\u0161\u010danja in nagibanja roke znatno pove\u010da u\u010dinkovitost nalog ravnanja z materiali. Cilinder roke deluje s hidravli\u010dnim tlakom, kar omogo\u010da gladke in odzivne gibe, ki so bistveni pri razli\u010dnih aplikacijah te\u017eke mehanizacije.<\/p>\n<p><img decoding=\"async\" src=\"https:\/\/www.hydraulic-cylinders.net\/wp-content\/uploads\/2025\/04\/songte-company-1.webp\" alt=\"Slika cilindra roke\" \/><\/p>\n<h2>Klju\u010dne zna\u010dilnosti cilindra roke<\/h2>\n<ul>\n<li>\n<h3>Visoka trdnost in vzdr\u017eljivost<\/h3>\n<p>Ti cilindri, izdelani iz visoko trdnega jekla ali aluminija, so izdelani tako, da prenesejo visok tlak in velike obremenitve. Zasnovani so za optimalno delovanje v zahtevnih delovnih okoljih, saj so odporni proti obrabi in koroziji, kar podalj\u0161a njihovo \u017eivljenjsko dobo.<\/p>\n<\/li>\n<li>\n<h3>U\u010dinkovito hidravli\u010dno delovanje<\/h3>\n<p>Cilinder roke uporablja hidravli\u010dni tlak olja za doseganje gladkih gibov iztegovanja in vvla\u010devanja. Ta hiter odziv na krmilne ukaze zagotavlja robustno silo potiska in vle\u010denja, zaradi \u010desar je idealen za opravljanje te\u017ekih in kompleksnih nalog.<\/p>\n<\/li>\n<li>\n<h3>Na voljo so razli\u010dne vrste<\/h3>\n<p>Stranke lahko izbirajo med enosmerno delujo\u010dimi cilindri, ki delujejo v eno smer, ali dvosmerno delujo\u010dimi cilindri, ki delujejo v obe smeri. Nekateri modeli so teleskopski, kar omogo\u010da dalj\u0161i doseg brez pove\u010danja zunanjih dimenzij, primerni za aplikacije z omejenim prostorom.<\/p>\n<\/li>\n<\/ul>\n<h2>Proizvodne zmogljivosti<\/h2>\n<p>Ponosno izdelujemo ta izdelek in ponujamo hidravli\u010dne cilindre, ki popolnoma nadome\u0161\u010dajo obstoje\u010de modele. Na\u0161a zavezanost kakovosti in zmogljivosti zagotavlja, da na\u0161i cilindri izpolnjujejo najvi\u0161je standarde odli\u010dnosti.<\/p>\n<p><img decoding=\"async\" src=\"https:\/\/www.hydraulic-cylinders.net\/wp-content\/uploads\/2025\/04\/songte-cylinder-head-with-all-kinds-excavator-models.webp\" alt=\"Modeli bagrov\" \/><\/p>\n<h2>Uporaba cilindra roke<\/h2>\n<ul>\n<li>\n<h3>Gradbena oprema<\/h3>\n<p>Pri bagrih je cilinder roke bistvenega pomena za kopanje, nakladanje in premikanje zemlje ali ru\u0161evin. Pri bagrih z nakladalno glavo pomaga tako pri izkopavanju kot pri dvigovanju, zaradi \u010desar je vsestranski sestavni del v gradbenih delih.<\/p>\n<\/li>\n<li>\n<h3>Kmetijska mehanizacija<\/h3>\n<p>Pri \u010delnih nakladalnikih se cilinder roke uporablja za zajemanje, dvigovanje in prevoz zemlje, sena in drugih materialov. Izbolj\u0161uje funkcionalnost kmetijske opreme in prispeva k u\u010dinkovitemu kmetijskemu delu.<\/p>\n<\/li>\n<li>\n<h3>Bagri<\/h3>\n<p>Cilinder roke omogo\u010da, da \u017elica u\u010dinkovito prodre v zemljo, kar olaj\u0161a kopanje, ki je klju\u010dnega pomena za izkopne projekte. Njegova robustna zasnova zagotavlja zanesljivo delovanje v zahtevnih okoljih.<\/p>\n<\/li>\n<li>\n<h3>Nakladalci<\/h3>\n<p>Pri \u010delnih nakladalnikih cilinder roke pomaga pri u\u010dinkovitem dvigovanju in razkladanju bremen. Ta zmogljivost je bistvena za naloge ravnanja z materiali v razli\u010dnih panogah, saj pove\u010duje produktivnost in u\u010dinkovitost.<\/p>\n<\/li>\n<\/ul>\n<h2>Oblikovalski vidiki in izbirna merila<\/h2>\n<ul>\n<li>\n<h3>Nosilnost<\/h3>\n<p>Eden glavnih dejavnikov pri izbiri cilindra roke je njegova nosilnost. Cilinder mora biti sposoben prenesti najve\u010djo obremenitev, ki se pri\u010dakuje med delovanjem. Pravilno dimenzioniran valj zagotavlja varnost in prepre\u010duje prezgodnjo okvaro zaradi preobremenitve.<\/p>\n<\/li>\n<li>\n<h3>Tesnilna zmogljivost<\/h3>\n<p>U\u010dinkovito tesnjenje je klju\u010dnega pomena za prepre\u010devanje pu\u0161\u010danja hidravli\u010dne teko\u010dine in zagotavljanje u\u010dinkovitega delovanja valja. Visokokakovostna tesnila iz materialov, kot sta poliuretan in nitrilna guma, so bistvena za vzdr\u017eevanje hidravli\u010dnega tlaka in dolgo \u017eivljenjsko dobo.<\/p>\n<\/li>\n<li>\n<h3>Vzdr\u017eljivost<\/h3>\n<p>Komponente cilindra roke morajo prena\u0161ati stalne obremenitve in biti izpostavljene te\u017ekim pogojem. Zato je treba materiale skrbno izbrati, da se zagotovi visoka odpornost proti obrabi in koroziji, kar prispeva k splo\u0161ni vzdr\u017eljivosti cilindra.<\/p>\n<\/li>\n<li>\n<h3>Varnostne funkcije<\/h3>\n<p>Vklju\u010ditev varnostnih funkcij, kot so tla\u010dni varnostni ventili in za\u0161\u010dita pred preobremenitvijo, je bistvenega pomena za prepre\u010devanje nesre\u010d in zagotavljanje varnega delovanja. Razumevanje varnostnih standardov, pomembnih za hidravli\u010dne sisteme, je klju\u010dnega pomena za izbiro ustreznih valjev.<\/p>\n<\/li>\n<li>\n<h3>Dostopnost vzdr\u017eevanja<\/h3>\n<p>Zasnova cilindra za enostavno vzdr\u017eevanje je klju\u010dnega pomena za zagotovitev dolgoro\u010dnega delovanja. Komponente morajo biti dostopne za pregled, mazanje in zamenjavo, s \u010dimer se zmanj\u0161a \u010das izpada in zagotovi u\u010dinkovito delovanje.<\/p>\n<\/li>\n<\/ul>\n<p><img decoding=\"async\" src=\"https:\/\/www.hydraulic-cylinders.net\/wp-content\/uploads\/2025\/04\/songte-oil-pipes-and-spare-parts.webp\" alt=\"Hidravli\u010dni deli\" \/><\/p>\n<h2>Tesnjenje in mazanje hidravli\u010dnega cilindra<\/h2>\n<p>Za zagotovitev optimalne zmogljivosti se uporabljajo razli\u010dne tesnilne komponente, vklju\u010dno s tesnili bata in batnice. Tesnila so obi\u010dajno izdelana iz trpe\u017enih materialov, kot sta poliuretan in nitrilna guma, ki so odporni proti obrabi. Telo valja in navojne kon\u010dne povr\u0161ine so natan\u010dno obdelane za pove\u010danje odpornosti proti obrabi. Redno mazanje z zadostno koli\u010dino hidravli\u010dnega olja je bistveno za zmanj\u0161anje trenja in prepre\u010devanje prezgodnje obrabe, kar zagotavlja nemoteno delovanje valja skozi \u010das.<\/p>\n<h2>Preventivni vzdr\u017eevalni ukrepi<\/h2>\n<ul>\n<li>\n<h3>Redni pregledi<\/h3>\n<p>Redni pregledi cilindra roke pomagajo zgodaj prepoznati znake obrabe, pu\u0161\u010danja ali drugih te\u017eav. Vizualni pregledi pu\u0161\u010danja hidravli\u010dne teko\u010dine, obrabe tesnil in splo\u0161nega stanja cilindra so bistveni preventivni ukrepi.<\/p>\n<\/li>\n<li>\n<h3>Pravilno mazanje<\/h3>\n<p>Vzdr\u017eevanje ustrezne ravni mazanja je klju\u010dnega pomena za dolgo \u017eivljenjsko dobo cilindra. Redno preverjajte in dolivajte hidravli\u010dno olje, da zagotovite ustrezno mazanje tesnil in gibljivih delov, kar zmanj\u0161a obrabo in izbolj\u0161a delovanje.<\/p>\n<\/li>\n<li>\n<h3>Zamenjava tesnila<\/h3>\n<p>Tesnila je treba zamenjati v skladu s priporo\u010dili proizvajalca ali ko se zazna obraba. Pravilno delujo\u010da tesnila so klju\u010dnega pomena za vzdr\u017eevanje hidravli\u010dnega tlaka in prepre\u010devanje pu\u0161\u010danja teko\u010dine.<\/p>\n<\/li>\n<\/ul>\n<h2>Navodila za namestitev<\/h2>\n<p>Pravilna namestitev cilindra roke je bistvenega pomena za optimalno delovanje. Najprej se prepri\u010dajte, da so monta\u017ene povr\u0161ine \u010diste in brez umazanije. Cilinder previdno poravnajte z monta\u017enimi to\u010dkami in ga pritrdite z ustreznimi nosilci. Klju\u010dnega pomena je, da med postopkom namestitve vzdr\u017eujete pravilno poravnavo, da prepre\u010dite prekomerno obremenitev cilindra. Po namestitvi preverite hidravli\u010dne povezave glede pu\u0161\u010danja in se prepri\u010dajte, da je sistem napolnjen s pravilno vrsto in koli\u010dino hidravli\u010dne teko\u010dine, preden preizkusite delovanje cilindra roke.<\/p>\n<h2>Pogosta vzdr\u017eevalna opravila<\/h2>\n<ul>\n<li>\n<h3>Redno preverjajte nivo hidravli\u010dne teko\u010dine<\/h3>\n<p>Za optimalno delovanje cilindra je bistveno spremljati in vzdr\u017eevati ustrezno raven hidravli\u010dne teko\u010dine. Nizka raven teko\u010dine lahko zmanj\u0161a u\u010dinkovitost delovanja in povzro\u010di morebitno \u0161kodo. Vedno dolijte priporo\u010deno vrsto teko\u010dine in upo\u0161tevajte urnike vzdr\u017eevanja.<\/p>\n<\/li>\n<li>\n<h3>Ustrezno mazanje<\/h3>\n<p>Mazanje zagotavlja nemoteno delovanje in podalj\u0161uje \u017eivljenjsko dobo cilindra roke. Uporabljajte predpisano hidravli\u010dno olje in upo\u0161tevajte navodila proizvajalca glede intervalov mazanja. Pravilno mazanje zmanj\u0161a trenje in obrabo ter izbolj\u0161a zmogljivost.<\/p>\n<\/li>\n<li>\n<h3>Zamenjava tesnil in preverjanje kalibracije<\/h3>\n<p>Redno pregledujte tesnila glede obrabe in jih po potrebi zamenjajte, da prepre\u010dite pu\u0161\u010danje hidravli\u010dne teko\u010dine. Preverjanje kalibracije zagotavlja, da valj deluje pravilno in izpolnjuje operativne specifikacije. Pravo\u010dasna obravnava teh nalog lahko prepre\u010di ve\u010dje te\u017eave v prihodnosti.<\/p>\n<\/li>\n<\/ul>\n<p><img decoding=\"async\" src=\"https:\/\/www.hydraulic-cylinders.net\/wp-content\/uploads\/2025\/04\/songte-chushion-collar.webp\" alt=\"Blazinasti ovratnik\" \/><\/p>\n<h2>Varnostni vidiki in okoljski dejavniki<\/h2>\n<p>Pri uporabi hidravli\u010dnih komponent, kot je valj roke, so varnostni ukrepi najpomembnej\u0161i. Upravljavci morajo biti usposobljeni za varno ravnanje, da se zmanj\u0161a tveganje za nesre\u010de. Redno vzdr\u017eevanje in pregledi pomagajo prepre\u010diti okvare, ki bi lahko povzro\u010dile nevarne situacije. Poleg tega lahko okoljski dejavniki, kot so ekstremne temperature in izpostavljenost korozivnim snovem, vplivajo na delovanje valjev, zato je potrebna ustrezna izbira materialov in za\u0161\u010ditnih premazov za pove\u010danje vzdr\u017eljivosti.<\/p>\n<h2>Odpravljanje te\u017eav in pogoste te\u017eave<\/h2>\n<ul>\n<li>\n<h3>Te\u017eave s pu\u0161\u010danjem<\/h3>\n<p>Pu\u0161\u010danje je pogosta te\u017eava, ki se lahko pojavi zaradi obrabljenih tesnil ali ohlapnih spojev. Redni pregledi in pravo\u010dasna zamenjava tesnil lahko ubla\u017eijo to te\u017eavo. \u010ce pride do pu\u0161\u010danja, ugotovite vir in ga nemudoma odpravite, da prepre\u010dite izgubo hidravli\u010dne teko\u010dine.<\/p>\n<\/li>\n<li>\n<h3>Po\u010dasno delovanje<\/h3>\n<p>\u010ce se valj roke premika po\u010dasi, to lahko ka\u017ee na nizko raven hidravli\u010dne teko\u010dine ali zrak v sistemu. Preverite raven teko\u010dine in odzra\u010dite sistem, da odstranite zra\u010dne \u017eepe in zagotovite u\u010dinkovito delovanje.<\/p>\n<\/li>\n<li>\n<h3>Izguba mo\u010di<\/h3>\n<p>Izguba mo\u010di v cilindru roke je lahko posledica razli\u010dnih dejavnikov, vklju\u010dno z blokadami v hidravli\u010dnih ceveh ali okvarjenimi ventili. Preverite hidravli\u010dni sistem glede ovir in se prepri\u010dajte, da vse komponente delujejo pravilno.<\/p>\n<\/li>\n<\/ul>\n<p><img decoding=\"async\" src=\"https:\/\/www.hydraulic-cylinders.net\/wp-content\/uploads\/2025\/04\/songte-bushings-with-all-kinds-of-excavator-models.webp\" alt=\"Pu\u0161e za bagre\" \/><\/p>\n<h2>Nasveti za odpravljanje te\u017eav<\/h2>\n<p>Za pomo\u010d uporabnikom pri u\u010dinkovitem diagnosticiranju in odpravljanju te\u017eav z cilindrom roke je bistvenega pomena vzpostavitev vzdr\u017eevalne rutine. Redni pregledi lahko pomagajo zgodaj odkriti morebitne te\u017eave. Vodenje dnevnika vzdr\u017eevalnih dejavnosti in morebitnih nepravilnosti v delovanju lahko pomaga pri diagnosticiranju te\u017eav. Poleg tega lahko razpolo\u017eljivost rezervnih delov pospe\u0161i popravila in skraj\u0161a \u010das izpada. Preventivni ukrepi, kot sta pravilno mazanje in redni pregledi, lahko znatno zmanj\u0161ajo verjetnost ve\u010djih te\u017eav v prihodnosti.<\/p>\n<h2>O na\u0161em podjetju<\/h2>\n<p>Smo vodilni proizvajalec nadomestnih hidravli\u010dnih cilindrov in ponujamo \u0161iroko paleto izdelkov, ki zadovoljujejo tako doma\u010de kot mednarodne povpra\u0161evanja na trgu. Na\u0161a zavezanost odli\u010dnosti se odra\u017ea v na\u0161ih dovr\u0161enih proizvodnih procesih, kjer uporabljamo najsodobnej\u0161o tehnologijo in usposobljeno osebje za izbolj\u0161anje kakovosti izdelkov. Nenehno izpopolnjujemo na\u0161e proizvodne strategije, da bi zagotovili visoko u\u010dinkovitost in natan\u010dnost ter zadovoljili raznolike potrebe na\u0161ih strank.<\/p>\n<p><img decoding=\"async\" src=\"https:\/\/www.hydraulic-cylinders.net\/wp-content\/uploads\/2025\/04\/songte-company-4.webp\" alt=\"Slika podjetja 1\" \/><br \/>\n<img decoding=\"async\" src=\"https:\/\/www.hydraulic-cylinders.net\/wp-content\/uploads\/2025\/04\/songte-company-3.webp\" alt=\"Slika podjetja 2\" \/><\/p>\n<p>Na\u0161a strokovna ekipa je predana zagotavljanju mednarodnih certifikatov, prilagojenih storitev in robustne poprodajne podpore. Vzdr\u017eujemo \u0161iroko paleto proizvodne opreme, da zagotovimo u\u010dinkovito izpolnjevanje vseh specifi\u010dnih proizvodnih zahtev.<\/p>\n<p>Avtor: lyl<\/p>","protected":false},"excerpt":{"rendered":"<p>Boom Cylinder For Hengte Wheel Excavator HTL90 Overview of the Boom Cylinder The Boom Cylinder is a crucial hydraulic component specifically designed for the Hengte Wheel Excavator HTL90. This type of hydraulic cylinder plays a vital role in controlling the movement of the excavator&#8217;s boom. By facilitating the boom&#8217;s lifting, lowering, and tilting actions, it [&hellip;]<\/p>","protected":false},"featured_media":17870,"comment_status":"open","ping_status":"closed","template":"","meta":{"_et_pb_use_builder":"","_et_pb_old_content":"","_et_gb_content_width":""},"product_brand":[],"product_cat":[1546],"product_tag":[1547,1496],"class_list":{"0":"post-19712","1":"product","2":"type-product","3":"status-publish","4":"has-post-thumbnail","6":"product_cat-boom-cylinders","7":"product_tag-boom-cylinders","8":"product_tag-hydraulic-cylinders","10":"first","11":"instock","12":"shipping-taxable","13":"product-type-simple"},"amp_enabled":true,"_links":{"self":[{"href":"https:\/\/www.hydraulic-cylinders.net\/sl\/wp-json\/wp\/v2\/product\/19712","targetHints":{"allow":["GET"]}}],"collection":[{"href":"https:\/\/www.hydraulic-cylinders.net\/sl\/wp-json\/wp\/v2\/product"}],"about":[{"href":"https:\/\/www.hydraulic-cylinders.net\/sl\/wp-json\/wp\/v2\/types\/product"}],"replies":[{"embeddable":true,"href":"https:\/\/www.hydraulic-cylinders.net\/sl\/wp-json\/wp\/v2\/comments?post=19712"}],"wp:featuredmedia":[{"embeddable":true,"href":"https:\/\/www.hydraulic-cylinders.net\/sl\/wp-json\/wp\/v2\/media\/17870"}],"wp:attachment":[{"href":"https:\/\/www.hydraulic-cylinders.net\/sl\/wp-json\/wp\/v2\/media?parent=19712"}],"wp:term":[{"taxonomy":"product_brand","embeddable":true,"href":"https:\/\/www.hydraulic-cylinders.net\/sl\/wp-json\/wp\/v2\/product_brand?post=19712"},{"taxonomy":"product_cat","embeddable":true,"href":"https:\/\/www.hydraulic-cylinders.net\/sl\/wp-json\/wp\/v2\/product_cat?post=19712"},{"taxonomy":"product_tag","embeddable":true,"href":"https:\/\/www.hydraulic-cylinders.net\/sl\/wp-json\/wp\/v2\/product_tag?post=19712"}],"curies":[{"name":"delovni list","href":"https:\/\/api.w.org\/{rel}","templated":true}]}}