{"id":19713,"date":"2025-04-07T07:03:19","date_gmt":"2025-04-07T07:03:19","guid":{"rendered":"https:\/\/www.hydraulic-cylinders.net\/product\/boom-cylinder-for-hengte-wheel-excavator-htl106\/"},"modified":"2025-04-07T07:03:22","modified_gmt":"2025-04-07T07:03:22","slug":"boom-cylinder-for-hengte-wheel-excavator-htl106","status":"publish","type":"product","link":"https:\/\/www.hydraulic-cylinders.net\/sl\/izdelek\/boom-cylinder-for-hengte-wheel-excavator-htl106\/","title":{"rendered":"Cilinder roke za kolesni bager Hengte HTL106"},"content":{"rendered":"<h1>Cilinder roke za kolesni bager Hengte HTL106<\/h1>\n<h2>Uvod v cilindre roke<\/h2>\n<p>Cilinder roke je klju\u010dna hidravli\u010dna komponenta, zasnovana za nadzor gibanja roke v te\u017ekih strojih, zlasti v bagrih, bagrih nakladalnikih in \u010delnih nakladalnikih. Omogo\u010da dvigovanje, spu\u0161\u010danje in nagibanje roke, kar omogo\u010da u\u010dinkovito ravnanje z materiali. Ta hidravli\u010dni cilinder deluje tako, da izkori\u0161\u010da tlak hidravli\u010dne teko\u010dine in ga pretvarja v mehansko silo za natan\u010dne gibe.<\/p>\n<p><img decoding=\"async\" src=\"https:\/\/www.hydraulic-cylinders.net\/wp-content\/uploads\/2025\/04\/songte-company-1.webp\" alt=\"Slika cilindra roke\" \/><\/p>\n<p>V gradbeni\u0161tvu in kmetijstvu so cilindri roke bistvenega pomena. Ti cilindri morajo biti robustni in zanesljivi, saj so izpostavljeni ekstremnim pritiskom in te\u017ekim delovnim pogojem. Njihova sposobnost zagotavljanja nemotenega in u\u010dinkovitega delovanja neposredno vpliva na delovanje strojev, v katere so vgrajeni.<\/p>\n<h2>Zna\u010dilnosti cilindra roke<\/h2>\n<h3>1. Visoka trdnost in vzdr\u017eljivost<\/h3>\n<p>Izdelani iz visoko trdnega jekla ali aluminija, so cilindri roke zasnovani tako, da prenesejo velike obremenitve in okolja z visokim tlakom. Njihova konstrukcija upo\u0161teva odpornost proti obrabi in koroziji, s \u010dimer se podalj\u0161a njihova \u017eivljenjska doba.<\/p>\n<h3>2. U\u010dinkovito hidravli\u010dno delovanje<\/h3>\n<p>Ti cilindri uporabljajo hidravli\u010dni tlak teko\u010dine za gladko iztegovanje in vstavljanje. Hitro se odzivajo na ukaze upravljavca in zagotavljajo znatne potisne in vle\u010dne sile, potrebne za ravnanje s te\u017ekimi materiali in opravljanje zapletenih nalog.<\/p>\n<h3>3. Raznolikost vrst<\/h3>\n<p>Glede na operativne potrebe lahko uporabniki izbirajo med enosmerno delujo\u010dimi (hidravli\u010dni tlak deluje v eni smeri) ali dvosmerno delujo\u010dimi (hidravli\u010dni tlak deluje v obeh smereh) cilindri. Nekateri modeli so teleskopski, kar omogo\u010da ve\u010dji razteg brez pove\u010danja zunanjih dimenzij, zaradi \u010desar so primerni za uporabo v omejenem prostoru.<\/p>\n<h3>4. Prilagodljive re\u0161itve<\/h3>\n<p>Na\u0161i izdelki lahko popolnoma nadomestijo obstoje\u010de hidravli\u010dne cilindre, kar zagotavlja zdru\u017eljivost in zmogljivost v razli\u010dnih aplikacijah.<\/p>\n<p><img decoding=\"async\" src=\"https:\/\/www.hydraulic-cylinders.net\/wp-content\/uploads\/2025\/04\/songte-cylinder-head-with-all-kinds-excavator-models.webp\" alt=\"Prilagodljive re\u0161itve\" \/><\/p>\n<h2>Scenariji uporabe<\/h2>\n<h3>1. Gradbena oprema<\/h3>\n<p>Pri bagrih imajo cilindri roke klju\u010dno vlogo pri kopanju, nakladanju in premikanju zemlje ali ru\u0161evin. Omogo\u010dajo izteg in vle\u010denje roke, hkrati pa zagotavljajo dvi\u017ene zmogljivosti, potrebne za u\u010dinkovito delovanje. Pri bagrih nakladalnikih pomagajo tako pri izkopavanju kot pri dvigovanju, kar ka\u017ee na njihovo vsestranskost na gradbi\u0161\u010dih.<\/p>\n<h3>2. Kmetijska mehanizacija<\/h3>\n<p>Pri \u010delnih nakladalnikih so cilindri roke odgovorni za zajemanje, dvigovanje in transport zemlje, sena in drugih materialov. Njihova u\u010dinkovitost pri izvajanju teh nalog pove\u010duje produktivnost v kmetijstvu, zaradi \u010desar so nepogre\u0161ljivi pri kmetijskih dejavnostih.<\/p>\n<h3>3. Bagri<\/h3>\n<p>Ti hidravli\u010dni cilindri omogo\u010dajo, da \u017elica prodre v tla, kar olaj\u0161a kopanje. Natan\u010den nadzor, ki ga omogo\u010dajo cilindri roke, je klju\u010dnega pomena za uspe\u0161ne izkopne projekte.<\/p>\n<h3>4. Nakladalci<\/h3>\n<p>Pri \u010delnih nakladalnikih cilindri roke u\u010dinkovito pomagajo pri dvigovanju in razkladanju bremen. Njihova zasnova zagotavlja, da je mogo\u010de te\u017eke materiale upravljati brez ogro\u017eanja stabilnosti stroja.<\/p>\n<h2>Oblikovalski vidiki in izbirna merila<\/h2>\n<h3>1. Nosilnost<\/h3>\n<p>Bistveno je izbrati valj roke, ki ustreza specifi\u010dnim zahtevam glede obremenitve opreme, s katero se bo uporabljal. Cilinder mora biti sposoben brezhibno prenesti najve\u010djo obremenitev, kar zagotavlja varno delovanje med te\u017ekimi opravili.<\/p>\n<h3>2. Zmo\u017enost tesnjenja<\/h3>\n<p>U\u010dinkovito tesnjenje je klju\u010dnega pomena za prepre\u010devanje pu\u0161\u010danja hidravli\u010dne teko\u010dine, kar lahko povzro\u010di neu\u010dinkovitost in morebitno \u0161kodo. Za ohranjanje operativne integritete in zmanj\u0161anje potreb po vzdr\u017eevanju je treba uporabljati visokokakovostna tesnila.<\/p>\n<h3>3. Vzdr\u017eljivost<\/h3>\n<p>Vzdr\u017eljivost je klju\u010dni vidik zasnove, saj cilindri roke delujejo v zahtevnih okoljih. Izdelani morajo biti iz materialov, ki so odporni proti obrabi in koroziji, s \u010dimer se podalj\u0161a njihova \u017eivljenjska doba in zmanj\u0161a pogostost zamenjav.<\/p>\n<h3>4. Varnostne funkcije<\/h3>\n<p>Vklju\u010ditev varnostnih elementov v zasnovo je klju\u010dnega pomena za prepre\u010devanje nesre\u010d. Vklju\u010deni morajo biti varnostni ventili in mehanizmi za razbremenitev tlaka, ki \u0161\u010ditijo pred preobremenitvijo in zagotavljajo varnost upravljavca.<\/p>\n<h3>5. Vzdr\u017eevanje in popravljivost<\/h3>\n<p>Zasnova naj bi omogo\u010dala enostavno vzdr\u017eevanje in popravila. Komponente, ki jih je mogo\u010de servisirati ali zamenjati brez dalj\u0161ih izpadov, prispevajo k splo\u0161ni operativni u\u010dinkovitosti.<\/p>\n<p><img decoding=\"async\" src=\"https:\/\/www.hydraulic-cylinders.net\/wp-content\/uploads\/2025\/04\/songte-oil-pipes-and-spare-parts.webp\" alt=\"Oblikovalski vidiki\" \/><\/p>\n<h2>Tesnjenje in mazanje<\/h2>\n<p>U\u010dinkovitost hidravli\u010dnih cilindrov je mo\u010dno odvisna od ustreznega tesnjenja in mazanja. Za vzdr\u017eevanje hidravli\u010dnega tlaka je treba uporabiti razli\u010dne tesnilne komponente, kot so tesnila bata in palice. Materiali, kot sta poliuretan in nitrilna guma, so prednostni zaradi svoje odpornosti proti obrabi. Poleg tega je treba ohi\u0161je cilindra in navojne konce natan\u010dno obdelati, da se pove\u010da vzdr\u017eljivost proti obrabi. Redno mazanje s hidravli\u010dnim oljem je potrebno za nemoteno delovanje in podalj\u0161anje \u017eivljenjske dobe cilindra, kar omogo\u010da optimalno delovanje med uporabo.<\/p>\n<h2>Preventivni vzdr\u017eevalni ukrepi<\/h2>\n<ul>\n<li>Redno pregledujte, da odkrijete morebitna pu\u0161\u010danja ali po\u0161kodbe.<\/li>\n<li>Za ohranitev u\u010dinkovitosti zagotovite ustrezno mazanje tesnil in gibljivih delov.<\/li>\n<li>Obrabljena tesnila nemudoma zamenjajte, da prepre\u010dite izgubo hidravli\u010dne teko\u010dine.<\/li>\n<\/ul>\n<h2>Navodila za namestitev<\/h2>\n<p>Pravilna namestitev je klju\u010dnega pomena za uspe\u0161no delovanje cilindrov roke. Za\u010dnite s poravnavo cilindra s pritrdilnimi to\u010dkami na stroju. Za trdno pritrditev cilindra uporabite ustrezne pritrdilne nosilce. Prepri\u010dajte se, da so hidravli\u010dne cevi pravilno priklju\u010dene, pri \u010demer se izogibajte morebitnim zvijanjem ali upogibanjem, ki bi lahko povzro\u010dila pu\u0161\u010danje. Po namestitvi preizkusite sistem, da se prepri\u010date, da deluje gladko, brez nenavadnih zvokov ali upora. Bodite pozorni na poravnavo cilindra, da prepre\u010dite prekomerno obremenitev komponent, kar lahko povzro\u010di prezgodnjo okvaro. Redno preverjanje priklju\u010dkov in zagotavljanje varne namestitve bosta podalj\u0161ala \u017eivljenjsko dobo in zmogljivost cilindra roke.<\/p>\n<h2>Pogosta vzdr\u017eevalna opravila<\/h2>\n<h3>1. Redni pregledi<\/h3>\n<p>Redni pregledi so klju\u010dnega pomena za zgodnje odkrivanje morebitnih znakov obrabe in po\u0161kodb. Preverite hidravli\u010dne cevi glede pu\u0161\u010danja in tesnost priklju\u010dkov. Izvajanje teh pregledov pomaga prepre\u010diti nepri\u010dakovane okvare in omogo\u010da pravo\u010dasna popravila.<\/p>\n<h3>2. Ustrezno mazanje<\/h3>\n<p>Zagotavljanje ustreznega mazanja tesnil in gibljivih delov je klju\u010dnega pomena za prepre\u010devanje po\u0161kodb zaradi trenja. Redno mazanje s pravilno vrsto hidravli\u010dnega olja bo podalj\u0161alo \u017eivljenjsko dobo cilindra in izbolj\u0161alo njegovo delovanje.<\/p>\n<h3>3. Zamenjava tesnila in preverjanje kalibracije<\/h3>\n<p>S\u010dasoma se tesnila lahko obrabijo in jih je treba zamenjati. Pomembno je spremljati njihovo stanje in jih po potrebi zamenjati. Poleg tega redna kalibracija hidravli\u010dnega sistema zagotavlja optimalno u\u010dinkovitost delovanja, kar ohranja varnost in funkcionalnost opreme.<\/p>\n<p><img decoding=\"async\" src=\"https:\/\/www.hydraulic-cylinders.net\/wp-content\/uploads\/2025\/04\/songte-chushion-collar.webp\" alt=\"Vzdr\u017eevalna opravila\" \/><\/p>\n<h2>Varnostni vidiki in okoljski dejavniki<\/h2>\n<p>Pri delu s hidravli\u010dnimi sistemi je upo\u0161tevanje varnostnih ukrepov klju\u010dnega pomena za prepre\u010devanje nesre\u010d. Upravljavci morajo biti usposobljeni za varno delovanje in razumeti delovanje cilindra roke. Uporaba osebne za\u0161\u010ditne opreme (OZO) je bistvenega pomena za zmanj\u0161anje tveganj, povezanih z izpostavljenostjo hidravli\u010dni teko\u010dini ali okvaro opreme. Poleg tega bi morali vzdr\u017eevalni postopki upo\u0161tevati okoljske vidike, da se prepre\u010di pu\u0161\u010danje teko\u010dine, ki bi lahko \u0161kodovalo okoli\u0161kim ekosistemom.<\/p>\n<h2>Diagnoza napak in pogoste te\u017eave<\/h2>\n<h3>1. Hidravli\u010dna pu\u0161\u010danja<\/h3>\n<p>Pu\u0161\u010danja je pogosto mogo\u010de odkriti z opazovanjem lu\u017e teko\u010dine okoli opreme. Redno preverjanje tesnil in fitingov lahko prepre\u010di izgubo teko\u010dine. \u010ce odkrijete pu\u0161\u010danje, preglejte in zamenjajte okvarjene komponente, da obnovite delovanje.<\/p>\n<h3>2. Po\u010dasno delovanje<\/h3>\n<p>\u010ce se valj premika po\u010dasi, to lahko ka\u017ee na nizko raven hidravli\u010dne teko\u010dine ali blokado v ceveh. Preverite raven teko\u010dine in odstranite morebitne ovire, da zagotovite nemoteno delovanje.<\/p>\n<h3>3. Nenavadni zvoki<\/h3>\n<p>Vsakr\u0161no \u0161kripanje ali ropotanje med delovanjem obi\u010dajno ka\u017ee na mehanske te\u017eave. Preverite vir hrupa in nemudoma odpravite morebitne obrabljene ali po\u0161kodovane komponente.<\/p>\n<p><img decoding=\"async\" src=\"https:\/\/www.hydraulic-cylinders.net\/wp-content\/uploads\/2025\/04\/songte-bushings-with-all-kinds-of-excavator-models.webp\" alt=\"Diagnoza napak\" \/><\/p>\n<h2>Nasveti za odpravljanje te\u017eav<\/h2>\n<p>Za u\u010dinkovito diagnozo napak za\u010dnite z bele\u017eenjem simptomov, ki jih ka\u017ee cilinder roke. Izvedite sistemati\u010dno preiskavo nivoja hidravli\u010dne teko\u010dine, tesnil in priklju\u010dkov. Vodenje servisnega dnevnika lahko pomaga pri sledenju preteklim te\u017eavam, kar olaj\u0161a prepoznavanje ponavljajo\u010dih se te\u017eav. Izvajanje preventivnih ukrepov, kot so redni vzdr\u017eevalni pregledi in pravo\u010dasna popravila, lahko ubla\u017ei morebitne obratovalne motnje in podalj\u0161a \u017eivljenjsko dobo cilindra roke.<\/p>\n<h2>O na\u0161em podjetju<\/h2>\n<p>Smo vodilni proizvajalec in veleprodajni distributer nadomestnih hidravli\u010dnih cilindrov, ki ponuja \u0161iroko paleto izdelkov za zadovoljevanje razli\u010dnih potreb industrije. Na\u0161a zavezanost kakovosti in odli\u010dnosti je vodilo na\u0161ih proizvodnih procesov, ki jih podpirajo napredne strategije upravljanja proizvodnje. Na\u0161a usposobljena tehni\u010dna ekipa v kombinaciji z vrhunsko digitalno proizvodno opremo in profesionalnimi sistemi za testiranje zagotavlja vrhunsko kakovost izdelkov. Nenehno izbolj\u0161ujemo na\u0161o proizvodno platformo, pri \u010demer se dr\u017eimo na\u010del visoke u\u010dinkovitosti, natan\u010dnosti in kakovosti, da bi zadostili raznolikim zahtevam na\u0161ih strank.<\/p>\n<p><img decoding=\"async\" src=\"https:\/\/www.hydraulic-cylinders.net\/wp-content\/uploads\/2025\/04\/songte-company-4.webp\" alt=\"Pregled podjetja\" \/><br \/>\n<img decoding=\"async\" src=\"https:\/\/www.hydraulic-cylinders.net\/wp-content\/uploads\/2025\/04\/songte-company-3.webp\" alt=\"Pregled podjetja\" \/><\/p>\n<p>Na\u0161e podjetje izstopa s profesionalnostjo, mednarodnimi certifikati, prilagojenimi storitvami, napredno proizvodno opremo in izjemno poprodajno podporo.<\/p>\n<p>Avtor: lyl<\/p>","protected":false},"excerpt":{"rendered":"<p>Boom Cylinder For Hengte Wheel Excavator HTL106 Introduction to Boom Cylinders The boom cylinder is a crucial hydraulic component designed to control the movement of the boom in heavy machinery, particularly in excavators, backhoe loaders, and front loaders. It allows the boom to lift, lower, and tilt, facilitating efficient material handling tasks. This hydraulic cylinder [&hellip;]<\/p>","protected":false},"featured_media":17871,"comment_status":"open","ping_status":"closed","template":"","meta":{"_et_pb_use_builder":"","_et_pb_old_content":"","_et_gb_content_width":""},"product_brand":[],"product_cat":[1546],"product_tag":[1547,1496],"class_list":{"0":"post-19713","1":"product","2":"type-product","3":"status-publish","4":"has-post-thumbnail","6":"product_cat-boom-cylinders","7":"product_tag-boom-cylinders","8":"product_tag-hydraulic-cylinders","10":"first","11":"instock","12":"shipping-taxable","13":"product-type-simple"},"amp_enabled":true,"_links":{"self":[{"href":"https:\/\/www.hydraulic-cylinders.net\/sl\/wp-json\/wp\/v2\/product\/19713","targetHints":{"allow":["GET"]}}],"collection":[{"href":"https:\/\/www.hydraulic-cylinders.net\/sl\/wp-json\/wp\/v2\/product"}],"about":[{"href":"https:\/\/www.hydraulic-cylinders.net\/sl\/wp-json\/wp\/v2\/types\/product"}],"replies":[{"embeddable":true,"href":"https:\/\/www.hydraulic-cylinders.net\/sl\/wp-json\/wp\/v2\/comments?post=19713"}],"wp:featuredmedia":[{"embeddable":true,"href":"https:\/\/www.hydraulic-cylinders.net\/sl\/wp-json\/wp\/v2\/media\/17871"}],"wp:attachment":[{"href":"https:\/\/www.hydraulic-cylinders.net\/sl\/wp-json\/wp\/v2\/media?parent=19713"}],"wp:term":[{"taxonomy":"product_brand","embeddable":true,"href":"https:\/\/www.hydraulic-cylinders.net\/sl\/wp-json\/wp\/v2\/product_brand?post=19713"},{"taxonomy":"product_cat","embeddable":true,"href":"https:\/\/www.hydraulic-cylinders.net\/sl\/wp-json\/wp\/v2\/product_cat?post=19713"},{"taxonomy":"product_tag","embeddable":true,"href":"https:\/\/www.hydraulic-cylinders.net\/sl\/wp-json\/wp\/v2\/product_tag?post=19713"}],"curies":[{"name":"delovni list","href":"https:\/\/api.w.org\/{rel}","templated":true}]}}