{"id":19718,"date":"2025-04-07T07:03:35","date_gmt":"2025-04-07T07:03:35","guid":{"rendered":"https:\/\/www.hydraulic-cylinders.net\/product\/boom-cylinder-for-yigong-cy65-8\/"},"modified":"2025-04-07T07:03:38","modified_gmt":"2025-04-07T07:03:38","slug":"boom-cylinder-for-yigong-cy65-8","status":"publish","type":"product","link":"https:\/\/www.hydraulic-cylinders.net\/sl\/izdelek\/boom-cylinder-for-yigong-cy65-8\/","title":{"rendered":"Cilinder roke za Yigong CY65-8"},"content":{"rendered":"<h1>Cilinder roke za Yigong CY65-8<\/h1>\n<h2>Uvod v cilinder roke<\/h2>\n<p>Cilinder roke je klju\u010dna komponenta hidravli\u010dnih sistemov, zlasti pri uporabi te\u017ekih strojev. Ta hidravli\u010dni cilinder, posebej zasnovan za stroje, kot so bagri, bagri nakladalniki in \u010delni nakladalniki, nadzoruje gibanje \u017elice. Omogo\u010da dvigovanje, spu\u0161\u010danje in nagibanje \u017elice, kar olaj\u0161a u\u010dinkovito ravnanje z materiali. Cilinder \u017elice v teh strojih deluje kot pogonska enota, ki omogo\u010da natan\u010dno delovanje med kopanjem, nakladanjem in prevozom materialov.<\/p>\n<p><img decoding=\"async\" src=\"https:\/\/www.hydraulic-cylinders.net\/wp-content\/uploads\/2025\/04\/songte-company-1.webp\" alt=\"Slika cilindra roke\"><\/p>\n<h3>Definicija in pregled<\/h3>\n<p>Hidravli\u010dni cilindri \u017elice so vrsta hidravli\u010dnega cilindra, ki igra klju\u010dno vlogo pri delovanju te\u017eke opreme. Njegova glavna funkcija je prenos hidravli\u010dne energije v mehansko gibanje, ki premika \u017elico stroja. Zasnova teh cilindrov vklju\u010duje visoko trdne materiale, da prenesejo zahtevne pogoje v gradbeni\u0161tvu in kmetijskem okolju.<\/p>\n<h2>Zna\u010dilnosti cilindra roke<\/h2>\n<ul>\n<li><strong>Visoka trdnost in vzdr\u017eljivost:<\/strong> Izdelan je iz visoko trdnega jekla ali aluminija in lahko prenese visoke tlake in velike obremenitve. Njegova zasnova upo\u0161teva odpornost proti obrabi in koroziji, kar podalj\u0161uje njegovo \u017eivljenjsko dobo.<\/li>\n<li><strong>U\u010dinkovito hidravli\u010dno delovanje:<\/strong> Cilinder uporablja hidravli\u010dni tlak olja za gladko iztegovanje in vstavljanje, kar zagotavlja hiter odziv na krmilne ukaze in mo\u010dno silo potiska in vle\u010denja, idealno za te\u017eka in kompleksna opravila.<\/li>\n<li><strong>Razli\u010dne vrste:<\/strong> Na voljo je v enosmerni (hidravli\u010dna sila se uporablja v eni smeri) in dvosmerni (hidravli\u010dna sila se uporablja v obeh smereh) konfiguraciji, zato lahko cilinder roke zadovolji razli\u010dne operativne potrebe. Nekateri modeli so teleskopski, kar omogo\u010da ve\u010dji izvle\u010dek brez pove\u010danja zunanjih dimenzij, zato so primerni za uporabo v omejenem prostoru.<\/li>\n<li><strong>Prilagodljivost:<\/strong> Cilinder roke je zdru\u017eljiv s \u0161iroko paleto te\u017ekih strojev in ga je mogo\u010de prilagoditi specifi\u010dnim modelom in aplikacijam, kar zagotavlja brezhibno integracijo v obstoje\u010de sisteme.<\/li>\n<li><strong>Zagotavljanje kakovosti:<\/strong> Ti cilindri, izdelani po strogih postopkih nadzora kakovosti, so zasnovani tako, da presegajo industrijske standarde in zagotavljajo zanesljivo delovanje v vseh obratovalnih pogojih.<\/li>\n<\/ul>\n<p>Na\u0161e proizvodne zmogljivosti zagotavljajo, da lahko izdelamo ta izdelek, ki je popolna zamenjava za razli\u010dne hidravli\u010dne cilindre.<\/p>\n<p><img decoding=\"async\" src=\"https:\/\/www.hydraulic-cylinders.net\/wp-content\/uploads\/2025\/04\/songte-cylinder-head-with-all-kinds-excavator-models.webp\" alt=\"Slika modelov bagrov\"><\/p>\n<h2>Uporaba cilindra roke<\/h2>\n<h3>Gradbena oprema<\/h3>\n<p>Pri bagrih so cilindri roke bistveni za kopanje, nakladanje in premikanje zemlje ali ru\u0161evin. Zasnova omogo\u010da upravljavcem nadzor nad globino in kotom \u017elice, kar izbolj\u0161a u\u010dinkovitost in natan\u010dnost med izkopavanjem. Pri bagrih nakladalnikih ti cilindri olaj\u0161ajo tako kopanje kot dvigovanje, zaradi \u010desar so vsestranska orodja na gradbi\u0161\u010dih.<\/p>\n<h3>Kmetijska mehanizacija<\/h3>\n<p>Pri \u010delnih nakladalnikih se cilindri roke uporabljajo za zajemanje, dvigovanje in prevoz zemlje, sena in drugih materialov. Njihova robustna zasnova in zanesljivo delovanje pove\u010dujeta produktivnost pri kmetijskih opravilih, kar kmetom omogo\u010da enostavno premikanje te\u017ekih bremen.<\/p>\n<h3>Bagri<\/h3>\n<p>Cilinder roke omogo\u010da, da \u017elica prodre v zemljo in dose\u017ee u\u010dinkovito kopanje. Ta sposobnost je klju\u010dnega pomena za razli\u010dna opravila, od kopanja jarkov do ravnanja, saj zagotavlja optimalno delovanje te\u017eke mehanizacije v razli\u010dnih pogojih.<\/p>\n<h3>Nakladalci<\/h3>\n<p>Pri \u010delnih nakladalnikih cilindri roke pomagajo pri u\u010dinkovitem dvigovanju in razkladanju bremen. Njihova zasnova omogo\u010da nemoteno delovanje, kar upravljavcem omogo\u010da u\u010dinkovito upravljanje dvigovanja in prekucovanja materialov, kar je bistveno v gradbeni\u0161tvu in pri ravnanju z materiali.<\/p>\n<h2>Oblikovalski vidiki in izbirna merila<\/h2>\n<h3>Nosilnost<\/h3>\n<p>Pri izbiri cilindra roke je bistvenega pomena razumevanje njegove nosilnosti. Cilinder mora biti sposoben prenesti najve\u010djo te\u017eo, ki jo bodo stroj in njegovi priklju\u010dki izvajali med delovanjem. Dobro umerjena nosilnost zagotavlja varnost in optimalno delovanje ter prepre\u010duje okvare opreme ali nesre\u010de.<\/p>\n<h3>Tesnilna zmogljivost<\/h3>\n<p>U\u010dinkovito tesnjenje je klju\u010dnega pomena pri hidravli\u010dnih cilindrih za vzdr\u017eevanje tlaka in prepre\u010devanje pu\u0161\u010danja teko\u010dine. Uporabljati je treba visokokakovostna tesnila iz trpe\u017enih materialov, kot sta poliuretan ali nitrilna guma. Pravilno tesnjenje zagotavlja, da hidravli\u010dna teko\u010dina ostane zaprta, kar pove\u010da u\u010dinkovitost in zmanj\u0161a tveganje kontaminacije v hidravli\u010dnem sistemu.<\/p>\n<h3>Vzdr\u017eljivost<\/h3>\n<p>Vzdr\u017eljivost je klju\u010dni dejavnik pri zasnovi hidravli\u010dnih cilindrov. Prenesti morajo te\u017eka delovna okolja, vklju\u010dno z ekstremnimi temperaturami, prahom in vlago. Uporaba naprednih premazov in robustnih materialov pove\u010da njihovo odpornost proti obrabi in znatno podalj\u0161a njihovo \u017eivljenjsko dobo.<\/p>\n<h3>Varnostne funkcije<\/h3>\n<p>Varnost mora biti pri na\u010drtovanju hidravli\u010dnih cilindrov vedno na prvem mestu. Uporaba funkcij, kot so tla\u010dni varnostni ventili, za\u0161\u010dita pred preobremenitvijo in robustne mo\u017enosti pritrditve, lahko prepre\u010di nesre\u010de in zagotovi varno delovanje v vseh okoli\u0161\u010dinah. Te funkcije prispevajo k splo\u0161ni varnosti delovanja in zagotavljajo brezskrbnost za upravljavce.<\/p>\n<h3>Dostopnost vzdr\u017eevanja<\/h3>\n<p>Dobra zasnova mora upo\u0161tevati tudi enostavnost vzdr\u017eevanja. Hidravli\u010dni cilindri morajo biti zasnovani tako, da omogo\u010dajo enostaven dostop do tesnil in drugih komponent, ki jih je treba redno pregledovati ali zamenjati. Ta dostopnost pomaga zmanj\u0161ati \u010das izpada in zagotavlja u\u010dinkovito izvajanje vzdr\u017eevanja, s \u010dimer se stroji ohranjajo v optimalnem stanju.<\/p>\n<p><img decoding=\"async\" src=\"https:\/\/www.hydraulic-cylinders.net\/wp-content\/uploads\/2025\/04\/songte-oil-pipes-and-spare-parts.webp\" alt=\"Slika oljnih cevi in \u200b\u200brezervnih delov\"><\/p>\n<h2>Tesnjenje in mazanje<\/h2>\n<p>Celovitost hidravli\u010dnih sistemov je pogosto odvisna od kakovosti tesnjenja in mazanja. Razli\u010dni tesnilni elementi, kot so tesnila bata in ojnice, so klju\u010dni za vzdr\u017eevanje tlaka in prepre\u010devanje pu\u0161\u010danja. Izbira trpe\u017enih materialov za tesnila, kot sta poliuretan in nitrilna guma, pove\u010da odpornost proti obrabi in okoljskim dejavnikom.<\/p>\n<p>Poleg tega je treba ohi\u0161je valja in navojne kon\u010dne povr\u0161ine natan\u010dno obdelati, da se izbolj\u0161a odpornost proti obrabi. Redno mazanje z ustreznim hidravli\u010dnim oljem je bistvenega pomena za zmanj\u0161anje trenja, ki lahko povzro\u010di prezgodnjo obrabo in okvaro. Ustrezne intervale mazanja je treba dolo\u010diti glede na obratovalne pogoje.<\/p>\n<h2>Redni pregledi in preventivno vzdr\u017eevanje<\/h2>\n<ul>\n<li><strong>Redni pregledi:<\/strong> Redno preverjajte hidravli\u010dne cilindre glede znakov obrabe, pu\u0161\u010danja ali po\u0161kodb. Zgodnje odkrivanje te\u017eav lahko prepre\u010di draga popravila in izpade.<\/li>\n<li><strong>Pravilno mazanje:<\/strong> Zagotovite, da je valj ustrezno namazan v skladu s specifikacijami proizvajalca. Pravilno mazanje zmanj\u0161a trenje in podalj\u0161a \u017eivljenjsko dobo valja.<\/li>\n<li><strong>Zamenjava tesnila:<\/strong> Redno pregledujte tesnila glede obrabe in jih po potrebi zamenjajte, da ohranite celovitost tesnjenja. To pomaga prepre\u010diti pu\u0161\u010danje hidravli\u010dne teko\u010dine in ohranja u\u010dinkovitost sistema.<\/li>\n<\/ul>\n<h2>Navodila za namestitev<\/h2>\n<p>Pravilna namestitev cilindra roke je klju\u010dnega pomena za njegovo dolgo \u017eivljenjsko dobo in u\u010dinkovitost. Najprej se prepri\u010dajte, da so vse pritrdilne povr\u0161ine \u010diste in brez umazanije. Cilinder pravilno poravnajte s pritrdilnimi to\u010dkami in ga pritrdite z ustreznimi pritrdilnimi nosilci. Prepri\u010dajte se, da so vse hidravli\u010dne cevi pravilno priklju\u010dene in da ni pregibov ali ostrih ovinkov, ki bi lahko omejili pretok teko\u010dine.<\/p>\n<p>Po namestitvi odzra\u010dite hidravli\u010dni sistem, da odstranite morebitni ujeti zrak. Ta korak je klju\u010dnega pomena za zagotovitev optimalnega delovanja. Na koncu izvedite preizkusno delovanje, da preverite, ali valj deluje gladko in u\u010dinkovito brez pu\u0161\u010danja.<\/p>\n<h2>Pogosta vzdr\u017eevalna opravila<\/h2>\n<ul>\n<li><strong>Redni pregledi:<\/strong> Redni pregledi so klju\u010dnega pomena za odkrivanje morebitnih te\u017eav, preden se stopnjujejo. Preverite pu\u0161\u010danja, obrabo in morebitne nenavadne zvoke med delovanjem. Zgodnje odpravljanje teh te\u017eav lahko prepre\u010di draga popravila.<\/li>\n<li><strong>Pravilno mazanje:<\/strong> Za zmanj\u0161anje trenja in obrabe je bistveno zagotoviti ustrezno mazanje cilindra roke. Za maksimalno u\u010dinkovitost upo\u0161tevajte priporo\u010dila proizvajalca glede intervalov mazanja in vrst hidravli\u010dnega olja.<\/li>\n<li><strong>Zamenjava tesnila:<\/strong> Tesnila je treba redno pregledovati in po potrebi zamenjati. Obrabljena tesnila lahko povzro\u010dijo pu\u0161\u010danje hidravli\u010dnega sistema, kar ogro\u017ea delovanje in varnost. Ohranjanje celovitosti tesnil je klju\u010dnega pomena za u\u010dinkovito delovanje hidravli\u010dnih valjev.<\/li>\n<\/ul>\n<p>Pravilna namestitev, mazanje in nastavitve so klju\u010dnega pomena za podalj\u0161anje \u017eivljenjske dobe in u\u010dinkovitosti cilindra roke. Med namestitvijo zagotovite, da je valj pravilno poravnan s strojem, da se izognete prekomerni obremenitvi komponent. Za trdno pritrditev cilindra uporabite ustrezne nosilce in s tem zmanj\u0161ajte premikanje med delovanjem. Redni pregledi in vzdr\u017eevanje bodo pomagali prepoznati obrabo ter zagotoviti, da sistem ostane delujo\u010d.<\/p>\n<p><img decoding=\"async\" src=\"https:\/\/www.hydraulic-cylinders.net\/wp-content\/uploads\/2025\/04\/songte-chushion-collar.webp\" alt=\"Slika ovratnika z blazino\"><\/p>\n<h2>Varnostni vidiki in okoljski dejavniki<\/h2>\n<p>Varnostni ukrepi so klju\u010dnega pomena pri delu s hidravli\u010dno opremo. Upravljavci morajo biti usposobljeni za razumevanje morebitnih nevarnosti, povezanih s hidravli\u010dnimi sistemi, vklju\u010dno s tveganjem pu\u0161\u010danja hidravli\u010dne teko\u010dine in mo\u017enostjo nesre\u010d zaradi visokega tlaka. No\u0161enje ustrezne osebne za\u0161\u010ditne opreme (OZO) je bistvenega pomena za za\u0161\u010dito pred po\u0161kodbami. Poleg tega lahko izvajanje rednih varnostnih pregledov in vzdr\u017eevalnih pregledov pomaga zmanj\u0161ati tveganja.<\/p>\n<h2>Odpravljanje te\u017eav in pogoste te\u017eave<\/h2>\n<ul>\n<li><strong>Pu\u0161\u010danje:<\/strong> Pu\u0161\u010danje hidravli\u010dne teko\u010dine je pogosto posledica obrabljenih tesnil ali po\u0161kodovanih fitingov. Redno je treba pregledovati, da se morebitna pu\u0161\u010danja odkrijejo in pravo\u010dasno odpravijo.<\/li>\n<li><strong>Po\u010dasno delovanje:<\/strong> \u010ce valj deluje po\u010dasi, to lahko ka\u017ee na nizko raven hidravli\u010dne teko\u010dine ali na ujet zrak v sistemu. Preverite raven teko\u010dine in po potrebi odzra\u010dite sistem.<\/li>\n<li><strong>Nenavadni zvoki:<\/strong> Nenavadni zvoki med delovanjem lahko ka\u017eejo na notranjo po\u0161kodbo ali pomanjkanje mazanja. Prei\u0161\u010dite vir hrupa in ga odpravite, da prepre\u010dite nadaljnjo \u0161kodo.<\/li>\n<\/ul>\n<p>Za u\u010dinkovito diagnosticiranje in odpravljanje te\u017eav morajo upravljavci voditi podroben dnevnik delovanja jeklenke in morebitnih nepravilnosti. Ta dnevnik lahko pomaga prepoznati vzorce in olaj\u0161ati preventivne ukrepe, s \u010dimer se zmanj\u0161a tveganje za ponavljajo\u010de se te\u017eave.<\/p>\n<p><img decoding=\"async\" src=\"https:\/\/www.hydraulic-cylinders.net\/wp-content\/uploads\/2025\/04\/songte-bushings-with-all-kinds-of-excavator-models.webp\" alt=\"Slika pu\u0161\"><\/p>\n<h2>O na\u0161em podjetju<\/h2>\n<p>Smo vodilni proizvajalec nadomestnih hidravli\u010dnih cilindrov in ponujamo \u0161iroko paleto izdelkov, zaradi katerih smo eden vodilnih proizvajalcev in veletrgovcev hidravli\u010dnih cilindrov na doma\u010dem in mednarodnem trgu. Na\u0161o zavezanost odli\u010dnosti podpira izpopolnjena proizvodna strategija, ki izkori\u0161\u010da usposobljeno tehni\u010dno osebje, napredno digitalno proizvodno opremo in specializirane testne sisteme za izbolj\u0161anje na\u0161ih proizvodnih zmogljivosti.<\/p>\n<p>Na\u0161a osredoto\u010denost na kakovost zagotavlja, da z u\u010dinkovitimi, natan\u010dnimi in visokokakovostnimi proizvodnimi procesi izpolnjujemo raznolike potrebe strank. Ponosni smo na svojo sposobnost prilagajanja re\u0161itev, saj imamo razli\u010dne mednarodne certifikate, ki potrjujejo na\u0161o zanesljivost in standarde delovanja.<\/p>\n<p><img decoding=\"async\" src=\"https:\/\/www.hydraulic-cylinders.net\/wp-content\/uploads\/2025\/04\/songte-company-4.webp\" alt=\"Slika podjetja\"><br \/>\n<img decoding=\"async\" src=\"https:\/\/www.hydraulic-cylinders.net\/wp-content\/uploads\/2025\/04\/songte-company-3.webp\" alt=\"Slika podjetja\"><\/p>\n<p>Avtor: lyl<\/p>","protected":false},"excerpt":{"rendered":"<p>Boom Cylinder For Yigong CY65-8 Introduction to Boom Cylinder The Boom Cylinder is a critical component in hydraulic systems, especially in heavy machinery applications. Specifically designed for machines like excavators, backhoe loaders, and front loaders, this hydraulic cylinder controls the movement of the bucket. It enables the bucket to lift, lower, and tilt, facilitating efficient [&hellip;]<\/p>","protected":false},"featured_media":17876,"comment_status":"open","ping_status":"closed","template":"","meta":{"_et_pb_use_builder":"","_et_pb_old_content":"","_et_gb_content_width":""},"product_brand":[],"product_cat":[1546],"product_tag":[1547,1496],"class_list":{"0":"post-19718","1":"product","2":"type-product","3":"status-publish","4":"has-post-thumbnail","6":"product_cat-boom-cylinders","7":"product_tag-boom-cylinders","8":"product_tag-hydraulic-cylinders","10":"first","11":"instock","12":"shipping-taxable","13":"product-type-simple"},"amp_enabled":true,"_links":{"self":[{"href":"https:\/\/www.hydraulic-cylinders.net\/sl\/wp-json\/wp\/v2\/product\/19718","targetHints":{"allow":["GET"]}}],"collection":[{"href":"https:\/\/www.hydraulic-cylinders.net\/sl\/wp-json\/wp\/v2\/product"}],"about":[{"href":"https:\/\/www.hydraulic-cylinders.net\/sl\/wp-json\/wp\/v2\/types\/product"}],"replies":[{"embeddable":true,"href":"https:\/\/www.hydraulic-cylinders.net\/sl\/wp-json\/wp\/v2\/comments?post=19718"}],"wp:featuredmedia":[{"embeddable":true,"href":"https:\/\/www.hydraulic-cylinders.net\/sl\/wp-json\/wp\/v2\/media\/17876"}],"wp:attachment":[{"href":"https:\/\/www.hydraulic-cylinders.net\/sl\/wp-json\/wp\/v2\/media?parent=19718"}],"wp:term":[{"taxonomy":"product_brand","embeddable":true,"href":"https:\/\/www.hydraulic-cylinders.net\/sl\/wp-json\/wp\/v2\/product_brand?post=19718"},{"taxonomy":"product_cat","embeddable":true,"href":"https:\/\/www.hydraulic-cylinders.net\/sl\/wp-json\/wp\/v2\/product_cat?post=19718"},{"taxonomy":"product_tag","embeddable":true,"href":"https:\/\/www.hydraulic-cylinders.net\/sl\/wp-json\/wp\/v2\/product_tag?post=19718"}],"curies":[{"name":"delovni list","href":"https:\/\/api.w.org\/{rel}","templated":true}]}}