{"id":19719,"date":"2025-04-07T07:03:38","date_gmt":"2025-04-07T07:03:38","guid":{"rendered":"https:\/\/www.hydraulic-cylinders.net\/product\/boom-cylinder-for-yigong-cy860\/"},"modified":"2025-04-07T07:03:41","modified_gmt":"2025-04-07T07:03:41","slug":"boom-cylinder-for-yigong-cy860","status":"publish","type":"product","link":"https:\/\/www.hydraulic-cylinders.net\/sl\/izdelek\/boom-cylinder-for-yigong-cy860\/","title":{"rendered":"Cilinder roke za Yigong CY860"},"content":{"rendered":"<h1>Cilinder roke za Yigong CY860<\/h1>\n<h2>Pregled izdelka<\/h2>\n<p>Cilinder roke za Yigong CY860 je specializirana hidravli\u010dna komponenta, zasnovana za nadzor gibanja \u017elic te\u017ekih strojev. Ta hidravli\u010dni cilinder igra klju\u010dno vlogo v bagrih, bagrih nakladalnikih in \u010delnih nakladalnikih, saj tem strojem omogo\u010da u\u010dinkovito dvigovanje, spu\u0161\u010danje in nagibanje \u017elic. Njegova natan\u010dna in\u017eeniring omogo\u010da nemoteno delovanje pri razli\u010dnih nalogah ravnanja z materiali, zaradi \u010desar je bistveni del hidravli\u010dnih sistemov.<\/p>\n<p><img decoding=\"async\" src=\"https:\/\/www.hydraulic-cylinders.net\/wp-content\/uploads\/2025\/04\/songte-company-1.webp\" alt=\"Cilinder roke za Yigong CY860\" \/><\/p>\n<h3>Definicija in funkcionalnost<\/h3>\n<p>Cilinder \u017elice, pogosto imenovan tudi cilinder roke, je vrsta hidravli\u010dnega cilindra, ki se uporablja posebej v te\u017ekih strojih za upravljanje gibanja \u017elic. Ti cilindri uporabljajo hidravli\u010dno teko\u010dino za ustvarjanje sile, ki omogo\u010da gibanje \u017elice, kar je klju\u010dnega pomena za u\u010dinkovito kopanje, dvigovanje in prevoz materialov. Zasnova cilindrov roke zagotavlja visoko zmogljivost in zanesljivost v zahtevnih delovnih okoljih.<\/p>\n<h2>Zna\u010dilnosti cilindra roke<\/h2>\n<ul>\n<li><strong>Visoka trdnost in vzdr\u017eljivost:<\/strong> Te valje, izdelane iz visoko trdnega jekla ali aluminija, so izdelane tako, da prenesejo visok tlak in velike obremenitve, zaradi \u010desar so primerne za te\u017eke delovne pogoje.<\/li>\n<li><strong>U\u010dinkovito hidravli\u010dno delovanje:<\/strong> Zasnova omogo\u010da gladko vle\u010denje in iztegovanje, kar zagotavlja mo\u010dne potisne in vle\u010dne zmogljivosti, ki so bistvene za dvigovanje te\u017ekih bremen in kompleksna opravila.<\/li>\n<li><strong>Razli\u010dne vrste:<\/strong> Na voljo v enosmerni (hidravli\u010dna sila v eni smeri) ali dvosmerni (hidravli\u010dna sila v dveh smereh) konfiguraciji za izpolnjevanje razli\u010dnih operativnih zahtev.<\/li>\n<li><strong>Kompaktna zasnova:<\/strong> Nekateri modeli imajo teleskopsko zasnovo, ki omogo\u010da ve\u010dji razteg brez pove\u010danja zunanjih dimenzij, kar je idealno za aplikacije z omejenim prostorom.<\/li>\n<li><strong>Izbolj\u0161ana odpornost proti obrabi in koroziji:<\/strong> Zasnovani z upo\u0161tevanjem lastnosti odpornosti proti obrabi in koroziji, imajo ti cilindri dalj\u0161o \u017eivljenjsko dobo in jih je treba manj pogosto menjati.<\/li>\n<\/ul>\n<p>Na\u0161i izdelki lahko popolnoma nadomestijo te hidravli\u010dne cilindre.<\/p>\n<p><img decoding=\"async\" src=\"https:\/\/www.hydraulic-cylinders.net\/wp-content\/uploads\/2025\/04\/songte-cylinder-head-with-all-kinds-excavator-models.webp\" alt=\"Zamenjava hidravli\u010dnih cilindrov\" \/><\/p>\n<h2>Uporaba cilindra roke<\/h2>\n<h3>Gradbena oprema<\/h3>\n<p>Pri bagrih so cilindri roke klju\u010dni za kopanje, nakladanje in premikanje zemlje ali ru\u0161evin. Omogo\u010dajo natan\u010dne gibe, potrebne za u\u010dinkovito izkopavanje. Pri bagrih nakladalnikih ti cilindri pomagajo tako pri kopanju kot dvigovanju, zaradi \u010desar so vsestranski za razli\u010dna gradbena opravila.<\/p>\n<h3>Kmetijska mehanizacija<\/h3>\n<p>Pri \u010delnih nakladalnikih se cilindri roke uporabljajo za zajemanje, dvigovanje in prevoz zemlje, sena in drugih materialov, kar pove\u010duje produktivnost v kmetijskih dejavnostih. Njihova robustna zasnova zagotavlja, da lahko obvladajo dvigovanje te\u017ekih bremen, ki je potrebno pri kmetijskih opravilih.<\/p>\n<h3>Bagri<\/h3>\n<p>Cilindri \u017elice omogo\u010dajo kopanje bagrov, saj omogo\u010dajo \u017elici, da u\u010dinkovito prodre v tla. Zasnovani so tako, da zagotavljajo mo\u010dne gibe, s \u010dimer se pove\u010da u\u010dinkovitost izkopavanja na razli\u010dnih terenih.<\/p>\n<h3>Nakladalci<\/h3>\n<p>Pri \u010delnih nakladalnikih cilindri roke prispevajo k dvigovanju in razkladanju bremen, poenostavljajo delovanje ter pove\u010dujejo hitrost in u\u010dinkovitost ravnanja z materiali. Njihovo zanesljivo delovanje je bistvenega pomena za u\u010dinkovito nakladanje in razkladanje.<\/p>\n<h2>Oblikovalski vidiki in izbirna merila<\/h2>\n<h3>Nosilnost<\/h3>\n<p>Pri izbiri cilindra roke je klju\u010dnega pomena ocena njegove nosilnosti. Cilinder mora biti sposoben brez okvare prenesti najve\u010dje obremenitve, s katerimi se sre\u010dujejo med delovanjem. Zasnova mora zagotoviti, da valj ohrani strukturno celovitost pri velikih obremenitvah, kar vklju\u010duje oceno trdnosti materiala, debeline in celotne geometrije zasnove.<\/p>\n<h3>Zanesljivost tesnjenja<\/h3>\n<p>U\u010dinkovito tesnjenje je klju\u010dnega pomena za hidravli\u010dne cilindre, da se prepre\u010di pu\u0161\u010danje teko\u010dine, kar lahko povzro\u010di te\u017eave z delovanjem in zmanj\u0161a u\u010dinkovitost. Izbira tesnilnih materialov, kot sta poliuretan in nitrilna guma, vpliva na sposobnost cilindra, da vzdr\u017euje tlak in u\u010dinkovito deluje. Redni vzdr\u017eevalni pregledi tesnil so potrebni za prepre\u010devanje dragih popravil in zagotavljanje optimalne u\u010dinkovitosti.<\/p>\n<h3>Vzdr\u017eljivost<\/h3>\n<p>Vzdr\u017eljivost je bistven dejavnik pri na\u010drtovanju cilindrov roke. Dejavniki, kot so izbira visokokakovostnih materialov, povr\u0161inska obdelava in za\u0161\u010ditni premazi, lahko znatno podalj\u0161ajo \u017eivljenjsko dobo cilindra. Vzdr\u017eljiv valj zmanj\u0161a \u010das izpada in stro\u0161ke vzdr\u017eevanja, kar vodi do izbolj\u0161ane obratovalne u\u010dinkovitosti.<\/p>\n<h3>Varnostne funkcije<\/h3>\n<p>Varnostne funkcije so pri zasnovi hidravli\u010dnih cilindrov bistvenega pomena. Vgradnja varnostnih ventilov in sistemov za razbremenitev tlaka pomaga prepre\u010diti previsok tlak in morebitne nesre\u010de. In\u017eenirji morajo upo\u0161tevati te varnostne vidike, da bi izpolnjevali industrijske standarde in zagotovili varnost uporabnikov med delovanjem.<\/p>\n<h3>Dostopnost vzdr\u017eevanja<\/h3>\n<p>Klju\u010dnega pomena je zasnova hidravli\u010dnih cilindrov za enostavno vzdr\u017eevanje. Zna\u010dilnosti, kot so dostopne mazalne to\u010dke in enostavno zamenljiva tesnila, lahko olaj\u0161ajo redno vzdr\u017eevanje, s \u010dimer se skraj\u0161a \u010das in trud, potreben za ohranjanje cilindra v optimalnem stanju. Poudarek na dostopnosti za vzdr\u017eevanje pove\u010da splo\u0161no zanesljivost opreme.<\/p>\n<p><img decoding=\"async\" src=\"https:\/\/www.hydraulic-cylinders.net\/wp-content\/uploads\/2025\/04\/songte-oil-pipes-and-spare-parts.webp\" alt=\"Deli hidravli\u010dnega cilindra\" \/><\/p>\n<h2>Tesnjenje in mazanje<\/h2>\n<p>Cilindri roke uporabljajo razli\u010dne tesnilne komponente, vklju\u010dno s tesnili bata in tesnili palic. Ta tesnila so obi\u010dajno izdelana iz materialov, odpornih proti obrabi, kot sta poliuretan in nitrilna guma, kar zagotavlja, da lahko prenesejo te\u017eke delovne pogoje. Telo cilindra in navojni konci so natan\u010dno obdelani za pove\u010danje odpornosti proti obrabi in s tem podalj\u0161anje \u017eivljenjske dobe. Za ohranjanje optimalne zmogljivosti in prepre\u010devanje obrabe je potrebno redno mazanje s hidravli\u010dnim oljem.<\/p>\n<h2>Redni pregledi in preventivno vzdr\u017eevanje<\/h2>\n<ul>\n<li><strong>Rutinski pregledi:<\/strong> Redni pregledi pu\u0161\u010danja, obrabe in drugih po\u0161kodb lahko pomagajo odkriti te\u017eave, preden povzro\u010dijo okvare. Izvajanje na\u010drta preventivnega vzdr\u017eevanja lahko znatno zmanj\u0161a stro\u0161ke popravil in izpade.<\/li>\n<li><strong>Ustrezno mazanje:<\/strong> Zagotavljanje pravilne ravni in vrste hidravli\u010dnega olja je klju\u010dnega pomena za ohranjanje delovanja cilindra. Redno dolivanje in menjava hidravli\u010dne teko\u010dine lahko podalj\u0161a \u017eivljenjsko dobo cilindra.<\/li>\n<li><strong>Zamenjava tesnila:<\/strong> S\u010dasoma se lahko tesnila zaradi obrabe in okoljskih dejavnikov obrabijo. Redni pregled tesnil in pravo\u010dasna zamenjava sta bistvenega pomena za ohranjanje celovitosti in u\u010dinkovitosti cilindra.<\/li>\n<\/ul>\n<h2>Navodila za namestitev<\/h2>\n<p>Pravilna namestitev cilindra roke je klju\u010dnega pomena za njegovo optimalno delovanje. Zagotovite, da je valj pravilno poravnan z monta\u017enimi nosilci, da prepre\u010dite prekomerno obremenitev in morebitne po\u0161kodbe med delovanjem. Za trdno pritrditev cilindra uporabite ustrezno monta\u017eno opremo. Priporo\u010dljivo je, da se za specifi\u010dne nastavitve navora in postopke poravnave posvetujete z navodili za namestitev proizvajalca. Poleg tega je treba po namestitvi preveriti tesnjenje vseh hidravli\u010dnih priklju\u010dkov in opraviti tla\u010dne preizkuse, da se zagotovi pravilno delovanje.<\/p>\n<h2>Vzdr\u017eevalna opravila<\/h2>\n<ul>\n<li><strong>Redni pregledi:<\/strong> Redni vizualni in funkcionalni pregledi za odkrivanje morebitnih znakov obrabe, po\u0161kodb ali pu\u0161\u010danja teko\u010dine so bistvenega pomena. Ta proaktivni pristop pomaga pri zgodnjem odpravljanju morebitnih te\u017eav.<\/li>\n<li><strong>Pravilno mazanje:<\/strong> Zagotavljanje ustreznega mazanja valja z ustrezno hidravli\u010dno teko\u010dino prepre\u010duje obrabo in ohranja optimalno delovanje. Redno preverjanje nivoja maziva je potrebno.<\/li>\n<li><strong>Zamenjava tesnil in preverjanje kalibracije:<\/strong> Redna menjava obrabljenih tesnil in preverjanje kalibracije cilindra pomagata ohranjati natan\u010dno delovanje. Pravilna kalibracija zagotavlja, da cilinder deluje znotraj dolo\u010denih parametrov.<\/li>\n<\/ul>\n<p>Pravilna namestitev, mazanje in nastavitev cilindra roke so klju\u010dnega pomena za njegovo dolgo \u017eivljenjsko dobo in delovanje. Pravilna poravnava cilindra med namestitvijo in uporaba ustreznih podpornih nosilcev lahko prepre\u010dita te\u017eave z nepravilno poravnavo. Za zagotovitev u\u010dinkovitosti delovanja je treba upo\u0161tevati priporo\u010dene postopke pregleda, popravila in zamenjave. Zagotavljanje storitev obnove in nasvetov za podalj\u0161anje \u017eivljenjske dobe hidravli\u010dnih cilindrov bo prav tako izbolj\u0161alo uporabni\u0161ko izku\u0161njo.<\/p>\n<p><img decoding=\"async\" src=\"https:\/\/www.hydraulic-cylinders.net\/wp-content\/uploads\/2025\/04\/songte-chushion-collar.webp\" alt=\"Blazinasti ovratnik\" \/><\/p>\n<h2>Varnostni vidiki in okoljski dejavniki<\/h2>\n<p>Izvajanje ustreznih varnostnih ukrepov med delovanjem hidravli\u010dnih cilindrov je klju\u010dnega pomena. Operaterji morajo biti usposobljeni za prepoznavanje opozorilnih znakov okvare in razumevanje pomena upo\u0161tevanja varnostnih protokolov. Ustrezno usposabljanje operaterjev in upo\u0161tevanje varnostnih smernic pomagata prepre\u010diti nesre\u010de in zagotoviti varno delovno okolje.<\/p>\n<h2>Diagnoza napak in pogoste te\u017eave<\/h2>\n<ul>\n<li><strong>Pu\u0161\u010danje:<\/strong> Pu\u0161\u010danje hidravli\u010dne teko\u010dine lahko ka\u017ee na okvaro ali po\u0161kodbo tesnila. Redni pregledi in pravo\u010dasna zamenjava tesnil lahko prepre\u010dijo izgubo teko\u010dine in ohranijo delovanje.<\/li>\n<li><strong>Po\u010dasno ali nedosledno gibanje:<\/strong> \u010ce se valj odziva po\u010dasi ali nedosledno, lahko to ka\u017ee na nizko raven hidravli\u010dne teko\u010dine ali potrebo po mazanju. Preverjanje ravni teko\u010dine in zagotavljanje ustreznega vzdr\u017eevanja lahko odpravita te te\u017eave.<\/li>\n<li><strong>Nenavadni zvoki:<\/strong> Kakr\u0161ni koli nenavadni zvoki med delovanjem lahko ka\u017eejo na notranje po\u0161kodbe ali nezadostno mazanje. Takoj je treba posvetiti pozornost preiskavi in \u200b\u200bodpravljanju vzroka teh zvokov.<\/li>\n<\/ul>\n<p>Zagotavljanje nasvetov za odpravljanje te\u017eav in re\u0161itev za pogoste te\u017eave z jeklenkami lahko uporabnikom omogo\u010di u\u010dinkovito diagnosticiranje in re\u0161evanje te\u017eav ter s tem zmanj\u0161anje motenj v delovanju.<\/p>\n<p><img decoding=\"async\" src=\"https:\/\/www.hydraulic-cylinders.net\/wp-content\/uploads\/2025\/04\/songte-bushings-with-all-kinds-of-excavator-models.webp\" alt=\"Pu\u0161e za bagre\" \/><\/p>\n<h2>Pregled podjetja<\/h2>\n<p>Smo vodilni proizvajalec in veleprodajni distributer hidravli\u010dnih cilindrov s celovito ponudbo izdelkov. Na\u0161a zavezanost odli\u010dnosti in izpopolnjene proizvodne strategije nas uvr\u0161\u010dajo med vodilne dobavitelje tako na doma\u010dem kot mednarodnem trgu. Z uporabo napredne proizvodne opreme in profesionalnih sistemov testiranja nenehno izbolj\u0161ujemo na\u0161e proizvodne zmogljivosti in procese zagotavljanja kakovosti. Na\u0161a osredoto\u010denost na visoko u\u010dinkovitost, natan\u010dnost in kakovost nam omogo\u010da, da u\u010dinkovito izpolnjujemo raznolike potrebe strank.<\/p>\n<p>Poleg specializacije za hidravli\u010dne cilindre ponujamo tudi prilagojene storitve, prilagojene edinstvenim zahtevam strank, kar zagotavlja zadovoljstvo in u\u010dinkovitost. Na\u0161 proizvodni obrat je opremljen z najsodobnej\u0161o tehnologijo, ki nam omogo\u010da dosledno proizvodnjo zanesljivih in visokokakovostnih izdelkov. Poleg tega na\u0161a namenska poprodajna podpora zagotavlja, da stranke prejmejo celovito pomo\u010d tudi po nakupu.<\/p>\n<p><img decoding=\"async\" src=\"https:\/\/www.hydraulic-cylinders.net\/wp-content\/uploads\/2025\/04\/songte-company-4.webp\" alt=\"Pregled podjetja\" \/><br \/>\n<img decoding=\"async\" src=\"https:\/\/www.hydraulic-cylinders.net\/wp-content\/uploads\/2025\/04\/songte-company-3.webp\" alt=\"Proizvodni obrat\" \/><\/p>\n<p>Avtor: lyl<\/p>","protected":false},"excerpt":{"rendered":"<p>Boom Cylinder For Yigong CY860 Product Overview The Boom Cylinder for Yigong CY860 is a specialized hydraulic component designed to control the movement of heavy machinery buckets. This hydraulic cylinder plays a critical role in excavators, backhoe loaders, and front-end loaders, enabling these machines to lift, lower, and tilt their buckets efficiently. Its precise engineering [&hellip;]<\/p>","protected":false},"featured_media":17877,"comment_status":"open","ping_status":"closed","template":"","meta":{"_et_pb_use_builder":"","_et_pb_old_content":"","_et_gb_content_width":""},"product_brand":[],"product_cat":[1546],"product_tag":[1547,1496],"class_list":{"0":"post-19719","1":"product","2":"type-product","3":"status-publish","4":"has-post-thumbnail","6":"product_cat-boom-cylinders","7":"product_tag-boom-cylinders","8":"product_tag-hydraulic-cylinders","10":"first","11":"instock","12":"shipping-taxable","13":"product-type-simple"},"amp_enabled":true,"_links":{"self":[{"href":"https:\/\/www.hydraulic-cylinders.net\/sl\/wp-json\/wp\/v2\/product\/19719","targetHints":{"allow":["GET"]}}],"collection":[{"href":"https:\/\/www.hydraulic-cylinders.net\/sl\/wp-json\/wp\/v2\/product"}],"about":[{"href":"https:\/\/www.hydraulic-cylinders.net\/sl\/wp-json\/wp\/v2\/types\/product"}],"replies":[{"embeddable":true,"href":"https:\/\/www.hydraulic-cylinders.net\/sl\/wp-json\/wp\/v2\/comments?post=19719"}],"wp:featuredmedia":[{"embeddable":true,"href":"https:\/\/www.hydraulic-cylinders.net\/sl\/wp-json\/wp\/v2\/media\/17877"}],"wp:attachment":[{"href":"https:\/\/www.hydraulic-cylinders.net\/sl\/wp-json\/wp\/v2\/media?parent=19719"}],"wp:term":[{"taxonomy":"product_brand","embeddable":true,"href":"https:\/\/www.hydraulic-cylinders.net\/sl\/wp-json\/wp\/v2\/product_brand?post=19719"},{"taxonomy":"product_cat","embeddable":true,"href":"https:\/\/www.hydraulic-cylinders.net\/sl\/wp-json\/wp\/v2\/product_cat?post=19719"},{"taxonomy":"product_tag","embeddable":true,"href":"https:\/\/www.hydraulic-cylinders.net\/sl\/wp-json\/wp\/v2\/product_tag?post=19719"}],"curies":[{"name":"delovni list","href":"https:\/\/api.w.org\/{rel}","templated":true}]}}