{"id":19722,"date":"2025-04-07T07:03:54","date_gmt":"2025-04-07T07:03:54","guid":{"rendered":"https:\/\/www.hydraulic-cylinders.net\/product\/boom-cylinder-for-yigong-cy330lc-8\/"},"modified":"2025-04-07T07:03:57","modified_gmt":"2025-04-07T07:03:57","slug":"boom-cylinder-for-yigong-cy330lc-8","status":"publish","type":"product","link":"https:\/\/www.hydraulic-cylinders.net\/sl\/izdelek\/boom-cylinder-for-yigong-cy330lc-8\/","title":{"rendered":"Cilinder roke za Yigong CY330LC-8"},"content":{"rendered":"<h1>Cilinder roke za Yigong CY330LC-8<\/h1>\n<h2>Pregled izdelka<\/h2>\n<p>Hidravli\u010dni cilinder za Yigong CY330LC-8 je klju\u010dna hidravli\u010dna komponenta, zasnovana posebej za nadzor gibanja roke te\u017ekih strojev, vklju\u010dno z bagri, bagri nakladalniki in \u010delnimi nakladalniki. Ta hidravli\u010dni cilinder omogo\u010da dvigovanje, spu\u0161\u010danje in nagibanje roke, kar olaj\u0161a u\u010dinkovito ravnanje z materiali. Kot hidravli\u010dni cilinder uporablja hidravli\u010dno teko\u010dino pod tlakom za ustvarjanje linearnega gibanja, kar je bistveno za delovanje razli\u010dnih gradbenih in kmetijskih strojev.<\/p>\n<p><img decoding=\"async\" src=\"https:\/\/www.hydraulic-cylinders.net\/wp-content\/uploads\/2025\/04\/songte-company-1.webp\" alt=\"Slika cilindra roke\"><\/p>\n<h3>Funkcije in aplikacije<\/h3>\n<p>Valj \u017elice igra klju\u010dno vlogo v hidravli\u010dnih sistemih, saj omogo\u010da natan\u010den nadzor nad gibanjem te\u017eke opreme. V gradbeni\u0161tvu pomaga pri kopanju, nakladanju in premikanju materialov, kar zagotavlja u\u010dinkovito izvajanje nalog. Zasnova valja \u017elice ustreza visokim zahtevam te\u017eke mehanizacije, zaradi \u010desar je nepogre\u0161ljiv tako v gradbeni\u0161tvu kot v kmetijstvu.<\/p>\n<h2>Klju\u010dne lastnosti<\/h2>\n<ul>\n<li><strong>Visoka trdnost in vzdr\u017eljivost:<\/strong> Cilinder roke je izdelan iz visoko trdnega jekla ali aluminija in je zasnovan tako, da prenese visok tlak in velike obremenitve, zaradi \u010desar je primeren za te\u017eke delovne pogoje.<\/li>\n<li><strong>U\u010dinkovito hidravli\u010dno delovanje:<\/strong> Z uporabo tlaka hidravli\u010dnega olja ti cilindri zagotavljajo gladko iztegovanje in vle\u010denje, kar zagotavlja mo\u010dne potisne in vle\u010dne zmogljivosti za opravljanje te\u017ekih in kompleksnih nalog.<\/li>\n<li><strong>Razli\u010dne vrste:<\/strong> Cilindri roke, ki so na voljo v enojno in dvostransko delujo\u010dih modelih, se lahko prilagodijo specifi\u010dnim operativnim potrebam, vklju\u010dno s teleskopskimi izvedbami za kompaktne aplikacije.<\/li>\n<li><strong>Izbolj\u0161ana zmogljivost:<\/strong> Zasnovan z mislijo na odpornost proti obrabi in koroziji, kar podalj\u0161uje \u017eivljenjsko dobo cilindra.<\/li>\n<li><strong>Enostavno vzdr\u017eevanje:<\/strong> Zasnova omogo\u010da preproste preglede in popravila, kar zagotavlja dolgoro\u010dno uporabnost in zanesljivost.<\/li>\n<\/ul>\n<p>Ta izdelek izdelujemo mi, na\u0161i cilindri pa lahko odli\u010dno nadomestijo obstoje\u010de hidravli\u010dne cilindre.<\/p>\n<p><img decoding=\"async\" src=\"https:\/\/www.hydraulic-cylinders.net\/wp-content\/uploads\/2025\/04\/songte-cylinder-head-with-all-kinds-excavator-models.webp\" alt=\"Slika glave valja\"><\/p>\n<h2>Aplikacije<\/h2>\n<h3>Gradbena oprema<\/h3>\n<p>Pri bagrih je cilinder roke bistvenega pomena za kopanje, nakladanje in premikanje zemlje ali ru\u0161evin. Njegova sposobnost zagotavljanja velike dvi\u017ene mo\u010di omogo\u010da upravljavcem u\u010dinkovito opravljanje razli\u010dnih nalog. Pri bagrih nakladalnikih cilinder roke ne pomaga le pri izkopavanju, temve\u010d tudi pri dvigovanju te\u017ekih bremen, zaradi \u010desar je klju\u010dni sestavni del gradbenih projektov.<\/p>\n<h3>Kmetijska mehanizacija<\/h3>\n<p>\u010celni nakladalniki se za zajemanje, dvigovanje in prevoz zemlje, sena in drugih materialov zana\u0161ajo na cilindre roke. Ti cilindri pove\u010dujejo produktivnost na kmetijah, saj omogo\u010dajo u\u010dinkovito ravnanje z razsutimi materiali.<\/p>\n<h3>Bagri<\/h3>\n<p>Pri bagrih cilinder roke omogo\u010da, da \u017elica u\u010dinkovito prodre v zemljo, kar olaj\u0161a globoko kopanje. Ta funkcionalnost je klju\u010dnega pomena za razli\u010dne gradbene aplikacije, od temeljenja do urejanja okolice.<\/p>\n<h3>Nakladalci<\/h3>\n<p>Pri \u010delnih nakladalnikih cilindri roke pomagajo dvigovati in razkladati tovore, kar optimizira delovanje na gradbi\u0161\u010du. Njihovo zanesljivo delovanje je bistvenega pomena za hitro in u\u010dinkovito ravnanje z materiali med gradbenimi in krajinskimi deli.<\/p>\n<h2>Oblikovalski vidiki in izbirna merila<\/h2>\n<h3>Nosilnost<\/h3>\n<p>Nosilnost cilindra roke je najpomembnej\u0161a. Dolo\u010da, koliko te\u017ee lahko valj prenese, hkrati pa ohranja varnostne in zmogljivostne standarde. Pravilni izra\u010duni obremenitve so potrebni za prepre\u010devanje okvar, saj zagotavljajo, da lahko valj prenese operativne zahteve, ki so nanj nalo\u017eene, ne da bi pri tem ogrozil strukturno celovitost.<\/p>\n<h3>Zmogljivost tesnjenja<\/h3>\n<p>U\u010dinkovito tesnjenje je klju\u010dnega pomena za prepre\u010devanje pu\u0161\u010danja hidravli\u010dne teko\u010dine, ki lahko povzro\u010di okvare sistema. Izbrati je treba visokokakovostna tesnila, ki zagotavljajo, da lahko prenesejo tlake in temperature, ki nastanejo med delovanjem. Redni pregledi tesnil pomagajo ohranjati optimalno delovanje in podalj\u0161ujejo \u017eivljenjsko dobo valja.<\/p>\n<h3>Vzdr\u017eljivost<\/h3>\n<p>Vzdr\u017eljivost je bistvenega pomena za hidravli\u010dne cilindre, izpostavljene zahtevnim okoljem. Izbira materialov in povr\u0161in, ki so odporni proti obrabi in koroziji, bo podalj\u0161ala \u017eivljenjsko dobo cilindra. Vzdr\u017eljiva zasnova zmanj\u0161uje potrebo po pogostih zamenjavah in vzdr\u017eevanju, kar na koncu prihrani stro\u0161ke.<\/p>\n<h3>Varnostne funkcije<\/h3>\n<p>Vklju\u010ditev varnostnih elementov v zasnovo cilindrov roke je neizogibna. Te funkcije prepre\u010dujejo nesre\u010de in po\u0161kodbe med delovanjem. Varnostni ukrepi lahko vklju\u010dujejo vgrajene tla\u010dne varnostne ventile ali robustne mehanizme za zaklepanje, ki zagotavljajo stabilnost cilindra pod obremenitvijo.<\/p>\n<h3>Vzdr\u017eevanje<\/h3>\n<p>Zasnova cilindrov roke za enostavno vzdr\u017eevanje je klju\u010dnega pomena. Cilinder, ki omogo\u010da enostaven pregled, mazanje in zamenjavo delov, bo skraj\u0161al \u010das izpada in pove\u010dal produktivnost. Vsaka komponenta mora biti dostopna brez zapletenih postopkov razstavljanja, da se zagotovi u\u010dinkovito izvajanje vzdr\u017eevalnih nalog.<\/p>\n<p><img decoding=\"async\" src=\"https:\/\/www.hydraulic-cylinders.net\/wp-content\/uploads\/2025\/04\/songte-oil-pipes-and-spare-parts.webp\" alt=\"Slika hidravli\u010dnih delov\"><\/p>\n<h2>Tesnjenje in mazanje<\/h2>\n<p>Pravilno tesnjenje in mazanje sta klju\u010dnega pomena za delovanje in dolgo \u017eivljenjsko dobo cilindra roke. Razli\u010dne tesnilne komponente, kot so tesnila bata in tesnila palic, je treba skrbno izbrati. Materiali, kot sta poliuretan in nitrilna guma, so prednostni zaradi svoje odpornosti proti obrabi. Ohi\u0161je cilindra in navojni konci morajo biti fino obdelani, da se pove\u010da odpornost proti obrabi. Redno mazanje s hidravli\u010dnim oljem je potrebno za zmanj\u0161anje trenja in zagotovitev nemotenega delovanja.<\/p>\n<h2>Preventivni vzdr\u017eevalni ukrepi<\/h2>\n<ul>\n<li><strong>Redni pregledi:<\/strong> Redno preverjanje pu\u0161\u010danja, obrabe in te\u017eav z delovanjem pomaga prepoznati morebitne te\u017eave, preden se stopnjujejo.<\/li>\n<li><strong>Ustrezno mazanje:<\/strong> Za optimalno delovanje cilindra je klju\u010dnega pomena zagotavljanje pravilne ravni in stanja hidravli\u010dnega olja.<\/li>\n<li><strong>Zamenjava tesnila:<\/strong> Redna menjava tesnil prepre\u010duje pu\u0161\u010danje in vzdr\u017euje hidravli\u010dni tlak, kar zagotavlja u\u010dinkovito delovanje.<\/li>\n<\/ul>\n<h2>Navodila za namestitev<\/h2>\n<p>Proper installation is essential for the performance of the boom cylinder. Start by ensuring that the mounting surfaces are clean and free of debris. Align the cylinder accurately, utilizing appropriate mounting brackets to secure it firmly. It is important to follow the manufacturer&#8217;s specifications for torque and alignment to prevent misalignment, which can lead to premature wear or failure. After installation, check for any leaks and ensure that all connections are secure.<\/p>\n<h2>Vzdr\u017eevalna opravila<\/h2>\n<ul>\n<li><strong>Redni pregledi:<\/strong> Redni pregledi pomagajo odkriti te\u017eave zgodaj in ohranjati vrhunsko delovanje.<\/li>\n<li><strong>Pravilno mazanje:<\/strong> Redno mazanje cilindra je bistvenega pomena za prepre\u010devanje obrabe in pregrevanja.<\/li>\n<li><strong>Zamenjava tesnila:<\/strong> Pravo\u010dasna zamenjava tesnil je klju\u010dnega pomena za vzdr\u017eevanje hidravli\u010dnega tlaka in prepre\u010devanje pu\u0161\u010danja.<\/li>\n<\/ul>\n<p>Pravilna namestitev, mazanje in poravnava so klju\u010dnega pomena za podalj\u0161anje \u017eivljenjske dobe cilindra roke. Uporaba pravilnih tehnik poravnave med namestitvijo zagotavlja nemoteno delovanje cilindra brez prekomerne obremenitve. Upo\u0161tevanje priporo\u010denih postopkov preverjanja, popravil in zamenjave je bistveno za ohranjanje funkcionalnosti in zanesljivosti.<\/p>\n<p><img decoding=\"async\" src=\"https:\/\/www.hydraulic-cylinders.net\/wp-content\/uploads\/2025\/04\/songte-chushion-collar.webp\" alt=\"Slika ovratnika z blazino\"><\/p>\n<h2>Varnostni vidiki in okoljski dejavniki<\/h2>\n<p>Pri razpravi o cilindrih roke so varnostni ukrepi najpomembnej\u0161i. Upravljavci morajo biti usposobljeni za prepoznavanje in zmanj\u0161evanje tveganj, povezanih s hidravli\u010dnimi sistemi. Nositi je treba ustrezno osebno za\u0161\u010ditno opremo (OZO), upo\u0161tevanje varnostnih protokolov pa je bistvenega pomena za prepre\u010devanje nesre\u010d in zagotavljanje varnega delovnega okolja.<\/p>\n<h2>Odpravljanje te\u017eav in pogoste te\u017eave<\/h2>\n<ul>\n<li><strong>Pu\u0161\u010danje:<\/strong> \u010ce odkrijete pu\u0161\u010danje teko\u010dine, preverite tesnila in priklju\u010dke, da ugotovite vir pu\u0161\u010danja.<\/li>\n<li><strong>Po\u010dasno gibanje:<\/strong> To lahko ka\u017ee na nezadostno koli\u010dino hidravli\u010dne teko\u010dine ali morebitne notranje po\u0161kodbe; preverite nivo teko\u010dine in preglejte morebitno obrabo.<\/li>\n<li><strong>Nenavadni zvoki:<\/strong> Kakr\u0161ni koli nenavadni zvoki med delovanjem lahko ka\u017eejo na mehanske te\u017eave ali premalo mazanja; odpravite te\u017eave ustrezno.<\/li>\n<\/ul>\n<p>Zagotavljanje nasvetov in re\u0161itev za odpravljanje te\u017eav omogo\u010da upravljavcem, da u\u010dinkovito prepoznajo in odpravijo te\u017eave z cilindri roke. Preventivni ukrepi in redno vzdr\u017eevanje lahko znatno zmanj\u0161ajo verjetnost pojava teh te\u017eav.<\/p>\n<p><img decoding=\"async\" src=\"https:\/\/www.hydraulic-cylinders.net\/wp-content\/uploads\/2025\/04\/songte-bushings-with-all-kinds-of-excavator-models.webp\" alt=\"Slika pu\u0161\"><\/p>\n<h2>Pregled podjetja<\/h2>\n<p>Smo vodilni proizvajalec nadomestnih hidravli\u010dnih cilindrov, znani po na\u0161i celoviti ponudbi izdelkov. Na\u0161a zavezanost kakovosti nas je uveljavila kot vodilnega akterja tako na doma\u010dem kot na mednarodnem trgu. Odli\u010dnost dosledno dosledno uporabljamo z dobrimi proizvodnimi praksami in naprednimi strategijami upravljanja proizvodnje. Na\u0161a usposobljena delovna sila v kombinaciji z najsodobnej\u0161o digitalno proizvodno opremo izbolj\u0161uje na\u0161e proizvodne zmogljivosti.<\/p>\n<p>S poudarkom na strokovnem znanju, mednarodnih certifikatih in prilagojenih storitvah na\u0161i izdelki izpolnjujejo raznolike potrebe strank. Na\u0161a robustna poprodajna podpora zagotavlja, da stranke prejmejo pomo\u010d skozi celoten \u017eivljenjski cikel na\u0161ih izdelkov.<\/p>\n<p><img decoding=\"async\" src=\"https:\/\/www.hydraulic-cylinders.net\/wp-content\/uploads\/2025\/04\/songte-company-4.webp\" alt=\"Slika podjetja 1\"><br \/>\n<img decoding=\"async\" src=\"https:\/\/www.hydraulic-cylinders.net\/wp-content\/uploads\/2025\/04\/songte-company-3.webp\" alt=\"Slika podjetja 2\"><\/p>\n<p>Avtor: lyl<\/p>","protected":false},"excerpt":{"rendered":"<p>Boom Cylinder For Yigong CY330LC-8 Product Overview The Boom Cylinder for Yigong CY330LC-8 is a vital hydraulic component designed specifically to control the movement of the boom of heavy machinery, including excavators, backhoe loaders, and front loaders. This hydraulic cylinder allows for the lifting, lowering, and tilting of the boom, facilitating efficient material handling tasks. [&hellip;]<\/p>","protected":false},"featured_media":17880,"comment_status":"open","ping_status":"closed","template":"","meta":{"_et_pb_use_builder":"","_et_pb_old_content":"","_et_gb_content_width":""},"product_brand":[],"product_cat":[1546],"product_tag":[1547,1496],"class_list":{"0":"post-19722","1":"product","2":"type-product","3":"status-publish","4":"has-post-thumbnail","6":"product_cat-boom-cylinders","7":"product_tag-boom-cylinders","8":"product_tag-hydraulic-cylinders","10":"first","11":"instock","12":"shipping-taxable","13":"product-type-simple"},"amp_enabled":true,"_links":{"self":[{"href":"https:\/\/www.hydraulic-cylinders.net\/sl\/wp-json\/wp\/v2\/product\/19722","targetHints":{"allow":["GET"]}}],"collection":[{"href":"https:\/\/www.hydraulic-cylinders.net\/sl\/wp-json\/wp\/v2\/product"}],"about":[{"href":"https:\/\/www.hydraulic-cylinders.net\/sl\/wp-json\/wp\/v2\/types\/product"}],"replies":[{"embeddable":true,"href":"https:\/\/www.hydraulic-cylinders.net\/sl\/wp-json\/wp\/v2\/comments?post=19722"}],"wp:featuredmedia":[{"embeddable":true,"href":"https:\/\/www.hydraulic-cylinders.net\/sl\/wp-json\/wp\/v2\/media\/17880"}],"wp:attachment":[{"href":"https:\/\/www.hydraulic-cylinders.net\/sl\/wp-json\/wp\/v2\/media?parent=19722"}],"wp:term":[{"taxonomy":"product_brand","embeddable":true,"href":"https:\/\/www.hydraulic-cylinders.net\/sl\/wp-json\/wp\/v2\/product_brand?post=19722"},{"taxonomy":"product_cat","embeddable":true,"href":"https:\/\/www.hydraulic-cylinders.net\/sl\/wp-json\/wp\/v2\/product_cat?post=19722"},{"taxonomy":"product_tag","embeddable":true,"href":"https:\/\/www.hydraulic-cylinders.net\/sl\/wp-json\/wp\/v2\/product_tag?post=19722"}],"curies":[{"name":"delovni list","href":"https:\/\/api.w.org\/{rel}","templated":true}]}}