{"id":19730,"date":"2025-04-07T07:04:27","date_gmt":"2025-04-07T07:04:27","guid":{"rendered":"https:\/\/www.hydraulic-cylinders.net\/product\/boom-cylinder-for-kato-small-excavator-hd250\/"},"modified":"2025-04-07T07:04:30","modified_gmt":"2025-04-07T07:04:30","slug":"boom-cylinder-for-kato-small-excavator-hd250","status":"publish","type":"product","link":"https:\/\/www.hydraulic-cylinders.net\/sl\/izdelek\/boom-cylinder-for-kato-small-excavator-hd250\/","title":{"rendered":"Cilinder roke za majhen bager Kato HD250"},"content":{"rendered":"<h1>Cilinder roke za majhen bager Kato HD250<\/h1>\n<h2>Pregled izdelka<\/h2>\n<p>Cilinder roke za majhen bager Kato HD250 je klju\u010dna komponenta hidravli\u010dnih sistemov, posebej zasnovana za upravljanje gibanja \u017elice v te\u017ekih strojih. Kot vrsta hidravli\u010dnega cilindra igra klju\u010dno vlogo pri nadzoru razli\u010dnih funkcij, kot so dvigovanje, spu\u0161\u010danje in nagibanje \u017elice bagra, s \u010dimer omogo\u010da u\u010dinkovito ravnanje z materiali.<\/p>\n<p><img decoding=\"async\" src=\"https:\/\/www.hydraulic-cylinders.net\/wp-content\/uploads\/2025\/04\/songte-company-1.webp\" alt=\"Pregled cilindra roke\" \/><\/p>\n<h3>Kaj je valj z vedrom?<\/h3>\n<p>Hidravli\u010dni valj \u017elice je posebej zasnovan za krmiljenje gibanja \u017elic v te\u017eki opremi, kot so bagri, bagri in \u010delni nakladalniki. Omogo\u010da dvigovanje, spu\u0161\u010danje in nagibanje \u017elice, zaradi \u010desar je bistvenega pomena za naloge, ki vklju\u010dujejo premikanje zemlje, ru\u0161evin ali drugih materialov. V hidravli\u010dnih sistemih so cilindri \u017elice odgovorni za pretvorbo hidravli\u010dnega tlaka v linearno gibanje, kar u\u010dinkovito omogo\u010da natan\u010dnost delovanja. Zaradi tega so nepogre\u0161ljivi na gradbi\u0161\u010dih in v razli\u010dnih industrijskih aplikacijah.<\/p>\n<h2>Zna\u010dilnosti cilindra roke<\/h2>\n<ul>\n<li><strong>Visoka trdnost in vzdr\u017eljivost:<\/strong> Ti cilindri, obi\u010dajno izdelani iz visoko trdnega jekla ali aluminija, prenesejo visok tlak in velike obremenitve, zaradi \u010desar so primerni za zahtevna delovna okolja. Zasnova upo\u0161teva odpornost proti obrabi in koroziji, kar podalj\u0161uje njihovo \u017eivljenjsko dobo.<\/li>\n<li><strong>U\u010dinkovito hidravli\u010dno delovanje:<\/strong> Z uporabo hidravli\u010dnega tlaka olja dose\u017ee valj roke gladko iztegovanje in vstavljanje, se hitro odziva na krmilne ukaze in zagotavlja mo\u010dno potisno in vle\u010dno silo, kar je idealno za opravljanje te\u017ekih in kompleksnih nalog.<\/li>\n<li><strong>Raznolikost vrst:<\/strong> Ti cilindri, ki so na voljo v enosmerni (hidravlika deluje v eni smeri) ali dvosmerni (hidravlika deluje v obeh smereh), ustrezajo razli\u010dnim operativnim potrebam. Nekateri modeli so teleskopski, kar omogo\u010da ve\u010dji razteg brez pove\u010danja zunanjih dimenzij, primerni za uporabo v omejenem prostoru.<\/li>\n<li><strong>Izdelava po meri:<\/strong> Ta izdelek izdelujemo tako, da popolnoma nadomesti razli\u010dne hidravli\u010dne cilindre, kar zagotavlja zdru\u017eljivost in zanesljivost za razli\u010dne stroje.<\/li>\n<\/ul>\n<p><img decoding=\"async\" src=\"https:\/\/www.hydraulic-cylinders.net\/wp-content\/uploads\/2025\/04\/songte-cylinder-head-with-all-kinds-excavator-models.webp\" alt=\"Cilinder roke po meri\" \/><\/p>\n<h2>Uporaba cilindra roke<\/h2>\n<h3>Gradbena oprema<\/h3>\n<p>Pri bagrih imajo cilindri roke klju\u010dno vlogo pri kopanju, nakladanju in premikanju zemlje ali ru\u0161evin. Omogo\u010dajo, da \u017elica prodre v tla, zaradi \u010desar je bistvenega pomena za izkopavanja. Poleg tega pri bagrih cilinder roke pomaga tako pri kopanju kot dvigovanju, kar zagotavlja vsestranskost na gradbi\u0161\u010dih.<\/p>\n<h3>Kmetijska mehanizacija<\/h3>\n<p>Pri \u010delnih nakladalnikih so cilindri roke klju\u010dni za zajemanje, dvigovanje in prevoz zemlje, sena in drugih materialov. Upravljavcem omogo\u010dajo u\u010dinkovito upravljanje kmetijskih opravil, kar pove\u010duje produktivnost in zmanj\u0161uje intenzivnost dela.<\/p>\n<h3>Bagri<\/h3>\n<p>Cilindri roke omogo\u010dajo kopanje pri bagrih, saj omogo\u010dajo, da \u017elica u\u010dinkovito prodre v zemljo, kar je bistvenega pomena za razli\u010dne izkopne projekte. Njihova hidravli\u010dna sila zagotavlja hitro in u\u010dinkovito izvajanje izkopnih del.<\/p>\n<h3>Nakladalci<\/h3>\n<p>Pri \u010delnih nakladalnikih cilindri roke pomagajo pri dvigovanju in razkladanju tovora, kar pove\u010duje operativno u\u010dinkovitost. Omogo\u010dajo gladke in mo\u010dne premike, ki so bistveni za prevoz materialov med gradbi\u0161\u010di.<\/p>\n<h2>Oblikovalski vidiki<\/h2>\n<h3>Nosilnost<\/h3>\n<p>Nosilnost cilindra roke je klju\u010dnega pomena za zagotavljanje varnega in u\u010dinkovitega delovanja te\u017ekih strojev. Zasnovan mora biti tako, da prenese najve\u010djo obremenitev, ki se pri\u010dakuje v operativnih scenarijih, in zagotavljati zadostne varnostne rezerve za prepre\u010devanje okvar med uporabo. In\u017eenirji morajo natan\u010dno izra\u010dunati predvidene obremenitve, pri \u010demer morajo upo\u0161tevati dinami\u010dne pogoje, ki se lahko pojavijo med delovanjem.<\/p>\n<h3>Tesnjenje<\/h3>\n<p>U\u010dinkovito tesnjenje je bistvenega pomena za prepre\u010devanje pu\u0161\u010danja hidravli\u010dne teko\u010dine, ki lahko ogrozi u\u010dinkovitost hidravli\u010dnega sistema. Visokokakovostna tesnila iz trpe\u017enih materialov, kot sta poliuretan in nitrilna guma, zagotavljajo dolgotrajno delovanje. Redno vzdr\u017eevanje in pravo\u010dasna zamenjava tesnil sta klju\u010dnega pomena za ohranjanje operativne integritete in zmanj\u0161anje izpadov.<\/p>\n<h3>Vzdr\u017eljivost<\/h3>\n<p>Na vzdr\u017eljivost cilindrov roke vplivajo uporabljeni materiali in proizvodni proces. Visoko trdni materiali v kombinaciji z naprednimi proizvodnimi tehnikami omogo\u010dajo, da cilindri prenesejo ekstremne pogoje. Ta vzdr\u017eljivost podalj\u0161a \u017eivljenjsko dobo izdelka in zmanj\u0161a pogostost zamenjav, kar vodi do prihrankov stro\u0161kov za upravljavce.<\/p>\n<h3>Varnost<\/h3>\n<p>V zasnovo cilindrov roke morajo biti vklju\u010dene varnostne funkcije, da se prepre\u010dijo nesre\u010de in zagotovi zaupanje upravljavca. To vklju\u010duje uporabo varnostnih mehanizmov, tla\u010dnih varnostnih ventilov in robustne konstrukcije, ki lahko prenese nepri\u010dakovane pritiske ali udarce, s \u010dimer se pove\u010da splo\u0161na varnost med delovanjem.<\/p>\n<h3>Vzdr\u017eevanje<\/h3>\n<p>Enostavnost vzdr\u017eevanja je klju\u010dni dejavnik pri na\u010drtovanju. Cilindri roke morajo biti zasnovani za enostaven pregled, mazanje in zamenjavo delov. Proizvajalci bi morali upo\u0161tevati dostopnost servisnih storitev, da bi skraj\u0161ali \u010das in stro\u0161ke vzdr\u017eevanja ter s tem zagotovili, da stroji ostanejo delujo\u010di dlje \u010dasa.<\/p>\n<p><img decoding=\"async\" src=\"https:\/\/www.hydraulic-cylinders.net\/wp-content\/uploads\/2025\/04\/songte-oil-pipes-and-spare-parts.webp\" alt=\"Deli hidravli\u010dnega cilindra\" \/><\/p>\n<h2>Tesnjenje in mazanje<\/h2>\n<p>U\u010dinkovito tesnjenje in mazanje sta klju\u010dnega pomena za pravilno delovanje cilindrov roke. Za prepre\u010devanje pu\u0161\u010danja hidravli\u010dne teko\u010dine se uporabljajo razli\u010dna tesnila, kot so tesnila bata in tesnila palic. Zaradi svoje vzdr\u017eljivosti se pogosto uporabljajo tesnila iz materialov, odpornih proti obrabi, kot sta poliuretan in nitrilna guma. Ohi\u0161je cilindra in navojni konci so fino obdelani za ve\u010djo odpornost proti obrabi. Za vzdr\u017eevanje ustreznega mazanja in prepre\u010devanje trenja in obrabe gibljivih delov je nujno redno dolivati \u200b\u200bhidravli\u010dno olje.<\/p>\n<h2>Preventivni vzdr\u017eevalni ukrepi<\/h2>\n<ul>\n<li><strong>Redni pregledi:<\/strong> Izvajanje rednih pregledov pomaga zgodaj prepoznati obrabo, kar omogo\u010da pravo\u010dasna popravila in zamenjave. Upravljavci morajo preveriti pu\u0161\u010danja, obrabo tesnil in splo\u0161no celovitost jeklenke.<\/li>\n<li><strong>Ustrezno mazanje:<\/strong> Zagotovite, da je hidravli\u010dni sistem ustrezno mazan. Za ohranjanje optimalne zmogljivosti in prepre\u010devanje po\u0161kodb zaradi trenja uporabljajte hidravli\u010dno olje, ki ga priporo\u010da proizvajalec, in upo\u0161tevajte na\u010drt mazanja.<\/li>\n<li><strong>Zamenjava tesnila:<\/strong> Redno pregledujte tesnila glede znakov obrabe ali po\u0161kodb in jih po potrebi zamenjajte, da prepre\u010dite pu\u0161\u010danje in ohranite u\u010dinkovitost sistema.<\/li>\n<\/ul>\n<h2>Navodila za namestitev<\/h2>\n<p>Pravilna namestitev cilindra roke je bistvenega pomena za optimalno delovanje. Najprej zagotovite, da je delovno obmo\u010dje \u010disto in brez umazanije. Cilinder roke natan\u010dno poravnajte z pritrdilnimi to\u010dkami in ga pritrdite z ustreznimi pritrdilnimi nosilci. Pri privijanju vijakov je klju\u010dnega pomena uporaba pravilnih specifikacij navora, da prepre\u010dite ogro\u017eanje celovitosti cilindra. Po namestitvi preverite poravnavo in delovanje cilindra, da zagotovite njegovo nemoteno delovanje brez ovir. Redno pregledujte postopke namestitve, da izbolj\u0161ate delovanje in varnost med delovanjem.<\/p>\n<h2>Pogosta vzdr\u017eevalna opravila<\/h2>\n<ul>\n<li><strong>Redni pregledi:<\/strong> Redni pregledi cilindra roke za morebitne vidne po\u0161kodbe ali obrabo so bistveni. To vklju\u010duje pregled tesnil glede pu\u0161\u010danja in zagotavljanje, da so vsi priklju\u010dki varni in nepo\u0161kodovani.<\/li>\n<li><strong>Pravilno mazanje:<\/strong> Hidravli\u010dni sistem je nujno ustrezno mazati, da se zmanj\u0161a trenje med gibljivimi deli. Upo\u0161tevajte navodila proizvajalca glede intervalov in koli\u010din mazanja.<\/li>\n<li><strong>Zamenjava tesnil in preverjanje kalibracije:<\/strong> Redno menjajte obrabljena tesnila in izvajajte kalibracijske preglede, da zagotovite delovanje hidravli\u010dnega sistema znotraj dolo\u010denih parametrov. To pomaga ohranjati u\u010dinkovitost in podalj\u0161uje \u017eivljenjsko dobo opreme.<\/li>\n<\/ul>\n<p>Med namestitvijo je klju\u010dnega pomena zagotoviti pravilno poravnavo valja. Uporaba ustreznih monta\u017enih nosilcev bo zagotovila stabilizacijsko oporo za valj. Redni pregledi in zamenjava komponent bodo pove\u010dali vzdr\u017eljivost in u\u010dinkovitost hidravli\u010dnega sistema.<\/p>\n<p><img decoding=\"async\" src=\"https:\/\/www.hydraulic-cylinders.net\/wp-content\/uploads\/2025\/04\/songte-chushion-collar.webp\" alt=\"Blazinasti ovratnik\" \/><\/p>\n<h2>Varnostni vidiki in okoljski dejavniki<\/h2>\n<p>Pri uporabi cilindrov roke so varnostni ukrepi bistvenega pomena za prepre\u010devanje nesre\u010d. Upravljavci morajo biti usposobljeni za prepoznavanje morebitnih nevarnosti in izvajanje varnostnih protokolov. Med delovanjem je treba nositi ustrezno osebno za\u0161\u010ditno opremo (OZO). Poleg tega je treba pri izbiri materialov za cilindre roke upo\u0161tevati okoljske dejavnike, kot je izpostavljenost ekstremnim temperaturam ali korozivnim snovem, da se zagotovi dolga \u017eivljenjsko dobo in zanesljivost.<\/p>\n<h2>Diagnoza napak in pogoste te\u017eave<\/h2>\n<ul>\n<li><strong>Pu\u0161\u010danje:<\/strong> Ena najpogostej\u0161ih te\u017eav s hidravli\u010dnimi cilindri je pu\u0161\u010danje, ki ga pogosto povzro\u010dajo obrabljena tesnila. Redni pregledi lahko pomagajo odkriti pu\u0161\u010danja, preden povzro\u010dijo resne te\u017eave.<\/li>\n<li><strong>Pregrevanje:<\/strong> Do pregrevanja lahko pride zaradi nizke ravni hidravli\u010dne teko\u010dine ali prekomerne obremenitve. Spremljanje ravni teko\u010dine in vzdr\u017eevanje ustreznih obratovalnih obremenitev lahko pomagata ubla\u017eiti to te\u017eavo.<\/li>\n<li><strong>Neenakomerno gibanje:<\/strong> \u010ce cilinder roke deluje neenakomerno ali nepravilno, lahko to ka\u017ee na te\u017eavo s hidravli\u010dno teko\u010dino ali notranjo po\u0161kodbo. Preverjanje kakovosti in nivoja teko\u010dine je klju\u010dnega pomena za ohranjanje nemotenega delovanja.<\/li>\n<\/ul>\n<h2>Nasveti in re\u0161itve za odpravljanje te\u017eav<\/h2>\n<p>Za u\u010dinkovito diagnosticiranje in odpravljanje te\u017eav z cilindri roke morajo upravljavci redno izvajati vzdr\u017eevalne preglede. Za morebitno pu\u0161\u010danje preglejte tesnila in jih po potrebi zamenjajte. \u010ce pride do pregrevanja, ocenite nivo teko\u010dine in razmislite o zmanj\u0161anju obratovalnih obremenitev. V primerih neenakomernega gibanja ocenite kakovost hidravli\u010dne teko\u010dine in preverite morebitne notranje blokade ali po\u0161kodbe. Preventivni ukrepi, kot so redni pregledi in pravilno mazanje, so bistveni za zmanj\u0161anje morebitnih te\u017eav in zagotovitev nemotenega delovanja.<\/p>\n<p><img decoding=\"async\" src=\"https:\/\/www.hydraulic-cylinders.net\/wp-content\/uploads\/2025\/04\/songte-bushings-with-all-kinds-of-excavator-models.webp\" alt=\"Pu\u0161e za bagre\" \/><\/p>\n<h2>O na\u0161em podjetju<\/h2>\n<p>Smo vodilni proizvajalec nadomestnih hidravli\u010dnih cilindrov in ponujamo \u0161iroko paleto izdelkov, ki ustrezajo tako doma\u010demu kot mednarodnemu trgu. Na\u0161o zavezanost k odli\u010dnosti kakovosti podpira izpopolnjena proizvodna strategija z uporabo napredne tehnologije in usposobljenih strokovnjakov. Nenehno izbolj\u0161ujemo na\u0161e proizvodne zmogljivosti in zagotavljamo, da na\u0161i izdelki izpolnjujejo visoke standarde natan\u010dnosti in vzdr\u017eljivosti.<\/p>\n<h3>Specializirane storitve<\/h3>\n<ul>\n<li><strong>Strokovno znanje:<\/strong> Na\u0161a ekipa je sestavljena iz usposobljenih strokovnjakov, ki razumejo zapletenosti hidravli\u010dnih sistemov in so zavezani k zagotavljanju vrhunskih izdelkov.<\/li>\n<li><strong>Mednarodni certifikati:<\/strong> Dr\u017eimo se mednarodnih standardov kakovosti in varnosti, kar zagotavlja, da so na\u0161i izdelki zanesljivi in \u200b\u200bvredni zaupanja.<\/li>\n<li><strong>Re\u0161itve po meri:<\/strong> Ponujamo prilagojene re\u0161itve, ki ustrezajo specifi\u010dnim zahtevam strank, in zagotavljamo, da se na\u0161i izdelki popolnoma prilegajo razli\u010dnim aplikacijam.<\/li>\n<li><strong>Napredna oprema:<\/strong> Na\u0161a najsodobnej\u0161a proizvodna oprema nam omogo\u010da izdelavo visokokakovostnih hidravli\u010dnih cilindrov z izjemno u\u010dinkovitostjo.<\/li>\n<li><strong>Poprodajna podpora:<\/strong> Nudimo celovite poprodajne storitve, s katerimi zagotavljamo zadovoljstvo strank in podporo \u0161e dolgo po nakupu.<\/li>\n<\/ul>\n<p><img decoding=\"async\" src=\"https:\/\/www.hydraulic-cylinders.net\/wp-content\/uploads\/2025\/04\/songte-company-4.webp\" alt=\"Pregled podjetja\" \/><br \/>\n<img decoding=\"async\" src=\"https:\/\/www.hydraulic-cylinders.net\/wp-content\/uploads\/2025\/04\/songte-company-3.webp\" alt=\"Proizvodni obrat\" \/><\/p>\n<p>Avtor: lyl<\/p>","protected":false},"excerpt":{"rendered":"<p>Boom Cylinder For Kato Small Excavator HD250 Product Overview The boom cylinder for the Kato small excavator HD250 is a crucial component in hydraulic systems, specifically designed to manage the movement of the bucket in heavy machinery. As a type of hydraulic cylinder, it plays a vital role in controlling various functions such as lifting, [&hellip;]<\/p>","protected":false},"featured_media":17873,"comment_status":"open","ping_status":"closed","template":"","meta":{"_et_pb_use_builder":"","_et_pb_old_content":"","_et_gb_content_width":""},"product_brand":[],"product_cat":[1546],"product_tag":[1547,1496],"class_list":{"0":"post-19730","1":"product","2":"type-product","3":"status-publish","4":"has-post-thumbnail","6":"product_cat-boom-cylinders","7":"product_tag-boom-cylinders","8":"product_tag-hydraulic-cylinders","10":"first","11":"instock","12":"shipping-taxable","13":"product-type-simple"},"amp_enabled":true,"_links":{"self":[{"href":"https:\/\/www.hydraulic-cylinders.net\/sl\/wp-json\/wp\/v2\/product\/19730","targetHints":{"allow":["GET"]}}],"collection":[{"href":"https:\/\/www.hydraulic-cylinders.net\/sl\/wp-json\/wp\/v2\/product"}],"about":[{"href":"https:\/\/www.hydraulic-cylinders.net\/sl\/wp-json\/wp\/v2\/types\/product"}],"replies":[{"embeddable":true,"href":"https:\/\/www.hydraulic-cylinders.net\/sl\/wp-json\/wp\/v2\/comments?post=19730"}],"wp:featuredmedia":[{"embeddable":true,"href":"https:\/\/www.hydraulic-cylinders.net\/sl\/wp-json\/wp\/v2\/media\/17873"}],"wp:attachment":[{"href":"https:\/\/www.hydraulic-cylinders.net\/sl\/wp-json\/wp\/v2\/media?parent=19730"}],"wp:term":[{"taxonomy":"product_brand","embeddable":true,"href":"https:\/\/www.hydraulic-cylinders.net\/sl\/wp-json\/wp\/v2\/product_brand?post=19730"},{"taxonomy":"product_cat","embeddable":true,"href":"https:\/\/www.hydraulic-cylinders.net\/sl\/wp-json\/wp\/v2\/product_cat?post=19730"},{"taxonomy":"product_tag","embeddable":true,"href":"https:\/\/www.hydraulic-cylinders.net\/sl\/wp-json\/wp\/v2\/product_tag?post=19730"}],"curies":[{"name":"delovni list","href":"https:\/\/api.w.org\/{rel}","templated":true}]}}