{"id":19731,"date":"2025-04-07T07:04:32","date_gmt":"2025-04-07T07:04:32","guid":{"rendered":"https:\/\/www.hydraulic-cylinders.net\/product\/boom-cylinder-for-kato-small-excavator-hd400-1-7\/"},"modified":"2025-04-07T07:04:34","modified_gmt":"2025-04-07T07:04:34","slug":"boom-cylinder-for-kato-small-excavator-hd400-1-7","status":"publish","type":"product","link":"https:\/\/www.hydraulic-cylinders.net\/sl\/izdelek\/boom-cylinder-for-kato-small-excavator-hd400-1-7\/","title":{"rendered":"Cilinder roke za majhen bager Kato HD400-1-7"},"content":{"rendered":"<h1>Cilinder roke za majhen bager Kato HD400-1-7<\/h1>\n<h2>Uvod v cilinder roke<\/h2>\n<p>Cilinder roke za majhen bager Kato HD400-1-7 je bistvena hidravli\u010dna komponenta, zasnovana za nadzor gibanja roke v razli\u010dnih te\u017ekih strojih, zlasti bagrih. Kot vrsta hidravli\u010dnega cilindra igra klju\u010dno vlogo v hidravli\u010dnem sistemu, saj omogo\u010da dvigovanje, spu\u0161\u010danje in nagibanje roke, kar omogo\u010da u\u010dinkovito ravnanje z materiali. Cilinder \u017elice je posebej zasnovan za delovanje pod visokim tlakom, zaradi \u010desar je klju\u010dnega pomena za delovanje opreme, kot so bagri, bagri in \u010delni nakladalniki.<\/p>\n<p>Ti hidravli\u010dni cilindri so odgovorni za prenos mo\u010di prek hidravli\u010dne teko\u010dine, kar omogo\u010da gladko in natan\u010dno gibanje. Ta funkcionalnost je klju\u010dnega pomena pri premikanju te\u017ekih bremen ali opravljanju zapletenih nalog v gradbeni\u0161tvu, kmetijstvu in drugih panogah. Edinstvene lastnosti cilindrov roke, vklju\u010dno z njihovo zasnovo in delovanjem, jim omogo\u010dajo, da prenesejo zahtevna delovna okolja, kar zagotavlja dolgo \u017eivljenjsko dobo in zanesljivost.<\/p>\n<p><img decoding=\"async\" src=\"https:\/\/www.hydraulic-cylinders.net\/wp-content\/uploads\/2025\/04\/songte-company-1.webp\" alt=\"Cilinder roke za bagre\" \/><\/p>\n<h2>Zna\u010dilnosti cilindra roke<\/h2>\n<h3>1. Visoka trdnost in vzdr\u017eljivost<\/h3>\n<p>Cilinder roke, izdelan iz visoko trdnega jekla ali aluminija, je zasnovan tako, da prenese visok tlak in velike obremenitve. Zgrajen je tako, da prenese te\u017eke delovne pogoje, z lastnostmi, ki izbolj\u0161ajo odpornost proti obrabi in koroziji, kar podalj\u0161a njegovo \u017eivljenjsko dobo.<\/p>\n<h3>2. U\u010dinkovito hidravli\u010dno delovanje<\/h3>\n<p>Hidravli\u010dni cilinder izkori\u0161\u010da tlak hidravli\u010dnega olja za gladko iztegovanje in vstavljanje ter se hitro odziva na ukaze upravljavca. Ta zmogljivost zagotavlja mo\u010dno potisno in vle\u010dno silo, zaradi \u010desar je idealen za ravnanje s te\u017ekimi materiali in kompleksnimi nalogami.<\/p>\n<h3>3. Raznolikost vrst<\/h3>\n<p>Na voljo je v enosmerno delujo\u010di (hidravli\u010dna mo\u010d deluje v eno smer) in dvosmerno delujo\u010di (v obe smeri) konfiguraciji, zato je mogo\u010de cilinder roke prilagoditi razli\u010dnim operativnim potrebam. Nekateri modeli imajo tudi teleskopsko zasnovo za dalj\u0161i doseg brez pove\u010danja zunanjih dimenzij, kar je idealno za aplikacije z omejenim prostorom.<\/p>\n<h3>4. Zdru\u017eljivost in zamenjava<\/h3>\n<p>Na\u0161e proizvodne zmogljivosti nam omogo\u010dajo izdelavo cilindrov roke, ki popolnoma nadomestijo obstoje\u010de hidravli\u010dne cilindre. To zagotavlja brezhibno integracijo v va\u0161e stroje in pove\u010duje operativno u\u010dinkovitost.<\/p>\n<p><img decoding=\"async\" src=\"https:\/\/www.hydraulic-cylinders.net\/wp-content\/uploads\/2025\/04\/songte-cylinder-head-with-all-kinds-excavator-models.webp\" alt=\"Modeli bagrov\" \/><\/p>\n<h3>5. Aplikacije in uporabnost<\/h3>\n<h2>Uporaba cilindra roke<\/h2>\n<h3>1. Gradbena oprema<\/h3>\n<p>Pri gradbeni opremi, kot so bagri, je cilinder roke klju\u010dnega pomena za kopanje, nakladanje in premikanje zemlje ali ru\u0161evin. Omogo\u010da izteg in umik roke, kar pove\u010da splo\u0161no u\u010dinkovitost stroja. Zaradi natan\u010dnosti hidravli\u010dnega cilindra je nepogre\u0161ljiv pri izvajanju izkopavanj, kjer sta natan\u010dnost in mo\u010d bistvenega pomena.<\/p>\n<h3>2. Kmetijska mehanizacija<\/h3>\n<p>\u010celni nakladalniki uporabljajo cilindre roke za zajemanje, dvigovanje in prevoz zemlje, sena in drugih materialov. Zmo\u017enost natan\u010dnega nadzora vi\u0161ine in kota dviga je klju\u010dnega pomena v kmetijskih okoljih, saj omogo\u010da la\u017eje in u\u010dinkovitej\u0161e delo. Prilagodljivost cilindrov roke zagotavlja, da lahko obvladujejo razli\u010dne kmetijske aplikacije, kar znatno prispeva k produktivnosti.<\/p>\n<h3>3. Bagri<\/h3>\n<p>Cilinder roke v bagrih omogo\u010da, da \u017elica u\u010dinkovito prodre v zemljo, kar olaj\u0161a postopek kopanja. Hidravli\u010dna mo\u010d omogo\u010da uporabo znatne sile, kar je klju\u010dnega pomena pri delu v te\u017ekih tleh, saj zagotavlja hitro in u\u010dinkovito opravljanje nalog.<\/p>\n<h3>4. Nakladalci<\/h3>\n<p>Pri \u010delnih nakladalnikih cilindri roke pomagajo pri u\u010dinkovitem dvigovanju in razkladanju bremen. Ta uporaba je klju\u010dnega pomena v gradbeni\u0161tvu in ravnanju z materiali, kjer lahko pravo\u010dasno razkladanje materialov vpliva na celotne \u010dasovne okvire projekta. Zaradi odzivnosti hidravli\u010dnega sistema je prednostna izbira za tak\u0161ne operacije.<\/p>\n<h2>Oblikovalski vidiki in izbirna merila<\/h2>\n<h3>1. Nosilnost<\/h3>\n<p>Pri izbiri cilindra roke je bistveno upo\u0161tevati njegovo nosilnost. Cilinder mora biti sposoben prenesti najve\u010djo te\u017eo, ki jo bo treba dvigniti ali spustiti. Uporaba cilindra z nezadostno prostornino lahko povzro\u010di okvaro opreme ali nesre\u010de, zato je klju\u010dnega pomena, da se specifikacije cilindra uskladijo z zahtevami uporabe.<\/p>\n<h3>2. Tesnjenje in vzdr\u017eljivost<\/h3>\n<p>U\u010dinkovito tesnjenje je v hidravli\u010dnih sistemih klju\u010dnega pomena za prepre\u010devanje pu\u0161\u010danja in ohranjanje operativne u\u010dinkovitosti. Kakovost tesnil, ki se uporabljajo v cilindru roke, kot sta tesnilo bata in tesnilo ojnice, neposredno vpliva na delovanje in dolgo \u017eivljenjsko dobo. Izbira visokokakovostnih tesnil iz trpe\u017enih materialov je bistvenega pomena za zagotavljanje celovitosti hidravli\u010dnega sistema.<\/p>\n<h3>3. Varnostne funkcije<\/h3>\n<p>Pri na\u010drtovanju cilindrov roke bi morala biti varnost glavna skrb. Funkcije, kot so tla\u010dni varnostni ventili, varnostne klju\u010davnice in robustni konstrukcijski materiali, prispevajo k varnosti delovanja. Izvajanje teh varnostnih ukrepov zmanj\u0161uje tveganje za nesre\u010de in zagotavlja varnej\u0161e delovno okolje.<\/p>\n<h3>4. Vzdr\u017eevanje in uporabnost<\/h3>\n<p>Zasnova cilindrov roke za enostavno vzdr\u017eevanje je klju\u010dnega pomena. Dostopnost klju\u010dnih komponent za popravilo ali zamenjavo lahko znatno zmanj\u0161a \u010das izpada in stro\u0161ke vzdr\u017eevanja. Izbira zasnove, ki omogo\u010da hitro servisiranje, lahko pove\u010da splo\u0161no u\u010dinkovitost stroja.<\/p>\n<p><img decoding=\"async\" src=\"https:\/\/www.hydraulic-cylinders.net\/wp-content\/uploads\/2025\/04\/songte-oil-pipes-and-spare-parts.webp\" alt=\"Hidravli\u010dni deli\" \/><\/p>\n<h2>Tesnjenje in mazanje<\/h2>\n<p>U\u010dinkovito tesnjenje in mazanje sta klju\u010dnega pomena za delovanje hidravli\u010dnih cilindrov. Razli\u010dne tesnilne komponente, kot so tesnila bata in ojnice, so klju\u010dne za vzdr\u017eevanje hidravli\u010dnega tlaka in prepre\u010devanje pu\u0161\u010danja teko\u010dine. Izbira tesnil iz materialov, odpornih proti obrabi, kot sta poliuretan ali nitrilna guma, pove\u010da vzdr\u017eljivost in zmogljivost.<\/p>\n<p>Povr\u0161ina ohi\u0161ja valja in navojnega konca je obi\u010dajno fino obdelana za izbolj\u0161anje odpornosti proti obrabi. Redno mazanje z ustrezno koli\u010dino hidravli\u010dnega olja je potrebno za zagotovitev nemotenega delovanja in podalj\u0161anje \u017eivljenjske dobe valja. Bistveno je spremljati nivo in kakovost olja, da se prepre\u010di poslab\u0161anje hidravli\u010dnega sistema.<\/p>\n<h2>Redni pregledi in preventivno vzdr\u017eevanje<\/h2>\n<h3>1. Na\u010drtovani pregledi<\/h3>\n<p>Redni pregledi za oceno stanja cilindra roke so klju\u010dnega pomena. Bodite pozorni na znake obrabe, pu\u0161\u010danja in po\u0161kodb. Izvajanje rutinskih pregledov lahko pomaga prepoznati morebitne te\u017eave, preden postanejo resne, s \u010dimer se zagotovi u\u010dinkovito in varno delovanje cilindra.<\/p>\n<h3>2. Pravilno mazanje<\/h3>\n<p>Vzdr\u017eevanje ustreznega mazanja je bistvenega pomena za dolgo \u017eivljenjsko dobo hidravli\u010dnega sistema. Redno preverjajte nivo olja in se prepri\u010dajte, da je hidravli\u010dna teko\u010dina \u010dista in brez ne\u010disto\u010d. Nezadostno mazanje lahko povzro\u010di prekomerno obrabo in prezgodnjo odpoved valja.<\/p>\n<h3>3. Zamenjava tesnila in preverjanje kalibracije<\/h3>\n<p>Tesnila je treba redno menjati, da prepre\u010dite pu\u0161\u010danje in ohranite u\u010dinkovitost. Med vzdr\u017eevanjem preverite tesnila glede obrabe ali po\u0161kodb in jih po potrebi zamenjajte. Izvesti je treba tudi kalibracijske preglede, da se zagotovi delovanje jeklenke znotraj dolo\u010denih parametrov, kar pove\u010da zanesljivost in varnost.<\/p>\n<p><img decoding=\"async\" src=\"https:\/\/www.hydraulic-cylinders.net\/wp-content\/uploads\/2025\/04\/songte-chushion-collar.webp\" alt=\"Blazinasti ovratnik\" \/><\/p>\n<h2>Varnostni vidiki in okoljski dejavniki<\/h2>\n<p>Izvajanje varnostnih ukrepov pri uporabi cilindrov roke je klju\u010dnega pomena za za\u0161\u010dito upravljavcev in opreme. Ustrezno usposabljanje za pravilno uporabo hidravli\u010dnih sistemov lahko znatno zmanj\u0161a tveganje za nesre\u010de. Poleg tega upo\u0161tevanje varnostnih predpisov in smernic pomaga ubla\u017eiti vplive na okolje ter zagotavlja u\u010dinkovito in odgovorno delovanje.<\/p>\n<h2>Odpravljanje te\u017eav in pogoste te\u017eave<\/h2>\n<h3>1. Hidravli\u010dna pu\u0161\u010danja<\/h3>\n<p>Do pu\u0161\u010danja hidravli\u010dne sistema lahko pride zaradi obrabljenih tesnil ali po\u0161kodovanih komponent. Za odpravo pu\u0161\u010danja preglejte tesnilne povr\u0161ine in zamenjajte morebitna po\u0161kodovana tesnila. Prepri\u010dajte se, da so vse povezave tesne, da prepre\u010dite izgubljanje teko\u010dine.<\/p>\n<h3>2. Zatikanje valja<\/h3>\n<p>Do zatikanja valja lahko pride zaradi ostankov ali ovir v hidravli\u010dnem sistemu. Redno \u010di\u0161\u010denje in vzdr\u017eevanje lahko pomagata prepre\u010diti to te\u017eavo. \u010ce pride do zatikanja, preverite valj glede blokad in odstranite morebitne ostanke.<\/p>\n<h3>3. Nedosledna u\u010dinkovitost delovanja<\/h3>\n<p>\u010ce delovanje cilindra roke ni konstantno, preverite nivo hidravli\u010dne teko\u010dine in se prepri\u010dajte, da je znotraj priporo\u010denega obmo\u010dja. Nizek nivo teko\u010dine lahko povzro\u010di nepravilno delovanje. Poleg tega preverite stanje hidravli\u010dne \u010drpalke in cevi glede morebitnih te\u017eav.<\/p>\n<h2>Preventivni ukrepi<\/h2>\n<p>Da bi zmanj\u0161ali morebitne te\u017eave z cilindri roke, izvajajte preventivne ukrepe, kot so redni vzdr\u017eevalni pregledi, zagotavljanje ustreznega mazanja in spremljanje pu\u0161\u010danja hidravli\u010dnega sistema. Usposabljanje osebja za pravilno uporabo in vzdr\u017eevanje lahko prav tako zmanj\u0161a verjetnost nastanka te\u017eav.<\/p>\n<p><img decoding=\"async\" src=\"https:\/\/www.hydraulic-cylinders.net\/wp-content\/uploads\/2025\/04\/songte-bushings-with-all-kinds-of-excavator-models.webp\" alt=\"Pu\u0161e za bagre\" \/><\/p>\n<h2>Pregled podjetja<\/h2>\n<p>Smo vodilni proizvajalec nadomestnih hidravli\u010dnih cilindrov in ponujamo \u0161iroko paleto izdelkov tako za doma\u010di kot mednarodni trg. Na\u0161a zavezanost kakovosti se ka\u017ee v na\u0161ih natan\u010dnih proizvodnih procesih. Uporabljamo napredne strategije upravljanja proizvodnje, usposobljeno osebje, vrhunsko digitalno proizvodno opremo in profesionalne sisteme testiranja.<\/p>\n<p>Na\u0161a proizvodna platforma se nenehno izbolj\u0161uje, kar nam omogo\u010da, da izbolj\u0161amo kakovost izdelkov in u\u010dinkovito zadovoljimo raznolike potrebe strank. S poudarkom na u\u010dinkovitosti, natan\u010dnosti in visokokakovostni proizvodnji smo predani zagotavljanju vrhunskih hidravli\u010dnih cilindrov in izjemni storitvi za stranke.<\/p>\n<h3>Dodatne lastnosti podjetja<\/h3>\n<ul>\n<li><strong>Strokovno znanje:<\/strong> Na\u0161a ekipa ima obse\u017eno znanje in strokovno znanje na podro\u010dju hidravli\u010dnih sistemov, kar zagotavlja vrhunsko kakovost izdelkov.<\/li>\n<li><strong>Mednarodno certificiranje:<\/strong> Na\u0161i izdelki izpolnjujejo stroge mednarodne standarde, kar zagotavlja kakovost in zanesljivost.<\/li>\n<li><strong>Storitve prilagajanja:<\/strong> Ponujamo prilagojene re\u0161itve, ki ustrezajo specifi\u010dnim zahtevam strank in s tem pove\u010dujejo vsestranskost izdelkov.<\/li>\n<li><strong>Najsodobnej\u0161a proizvodna oprema:<\/strong> Na\u0161i napredni proizvodni obrati zagotavljajo visoko u\u010dinkovitost in natan\u010dnost proizvodnje.<\/li>\n<li><strong>Poprodajna podpora:<\/strong> Na\u0161a predana ekipa za pomo\u010d strankam je vedno na voljo za pomo\u010d pri poizvedbah in podporo.<\/li>\n<\/ul>\n<p><img decoding=\"async\" src=\"https:\/\/www.hydraulic-cylinders.net\/wp-content\/uploads\/2025\/04\/songte-company-4.webp\" alt=\"Pregled podjetja\" \/><br \/>\n<img decoding=\"async\" src=\"https:\/\/www.hydraulic-cylinders.net\/wp-content\/uploads\/2025\/04\/songte-company-3.webp\" alt=\"Proizvodni obrat\" \/><\/p>\n<p>Avtor: lyl<\/p>","protected":false},"excerpt":{"rendered":"<p>Boom Cylinder For Kato Small Excavator HD400-1-7 Introduction to Boom Cylinder The Boom Cylinder for Kato Small Excavator HD400-1-7 is an essential hydraulic component designed to control the movement of a boom in various heavy machinery, particularly excavators. As a type of hydraulic cylinder, it plays a crucial role in the hydraulic system by allowing [&hellip;]<\/p>","protected":false},"featured_media":17874,"comment_status":"open","ping_status":"closed","template":"","meta":{"_et_pb_use_builder":"","_et_pb_old_content":"","_et_gb_content_width":""},"product_brand":[],"product_cat":[1546],"product_tag":[1547,1496],"class_list":{"0":"post-19731","1":"product","2":"type-product","3":"status-publish","4":"has-post-thumbnail","6":"product_cat-boom-cylinders","7":"product_tag-boom-cylinders","8":"product_tag-hydraulic-cylinders","10":"first","11":"instock","12":"shipping-taxable","13":"product-type-simple"},"amp_enabled":true,"_links":{"self":[{"href":"https:\/\/www.hydraulic-cylinders.net\/sl\/wp-json\/wp\/v2\/product\/19731","targetHints":{"allow":["GET"]}}],"collection":[{"href":"https:\/\/www.hydraulic-cylinders.net\/sl\/wp-json\/wp\/v2\/product"}],"about":[{"href":"https:\/\/www.hydraulic-cylinders.net\/sl\/wp-json\/wp\/v2\/types\/product"}],"replies":[{"embeddable":true,"href":"https:\/\/www.hydraulic-cylinders.net\/sl\/wp-json\/wp\/v2\/comments?post=19731"}],"wp:featuredmedia":[{"embeddable":true,"href":"https:\/\/www.hydraulic-cylinders.net\/sl\/wp-json\/wp\/v2\/media\/17874"}],"wp:attachment":[{"href":"https:\/\/www.hydraulic-cylinders.net\/sl\/wp-json\/wp\/v2\/media?parent=19731"}],"wp:term":[{"taxonomy":"product_brand","embeddable":true,"href":"https:\/\/www.hydraulic-cylinders.net\/sl\/wp-json\/wp\/v2\/product_brand?post=19731"},{"taxonomy":"product_cat","embeddable":true,"href":"https:\/\/www.hydraulic-cylinders.net\/sl\/wp-json\/wp\/v2\/product_cat?post=19731"},{"taxonomy":"product_tag","embeddable":true,"href":"https:\/\/www.hydraulic-cylinders.net\/sl\/wp-json\/wp\/v2\/product_tag?post=19731"}],"curies":[{"name":"delovni list","href":"https:\/\/api.w.org\/{rel}","templated":true}]}}