{"id":19732,"date":"2025-04-07T07:04:34","date_gmt":"2025-04-07T07:04:34","guid":{"rendered":"https:\/\/www.hydraulic-cylinders.net\/product\/boom-cylinder-for-kato-small-excavator-hd550-1-7\/"},"modified":"2025-04-07T07:04:37","modified_gmt":"2025-04-07T07:04:37","slug":"boom-cylinder-for-kato-small-excavator-hd550-1-7","status":"publish","type":"product","link":"https:\/\/www.hydraulic-cylinders.net\/sl\/izdelek\/boom-cylinder-for-kato-small-excavator-hd550-1-7\/","title":{"rendered":"Cilinder roke za majhen bager Kato HD550-1-7"},"content":{"rendered":"<h1>Cilinder roke za majhen bager Kato HD550-1-7<\/h1>\n<h2>Razumevanje cilindra roke<\/h2>\n<p>Hidravli\u010dni cilinder roke je posebej zasnovan za krmiljenje gibanja roke na razli\u010dnih te\u017ekih strojih, kot so bagri, bagri nakladalniki in \u010delni nakladalniki. Ta bistvena komponenta omogo\u010da dvigovanje, spu\u0161\u010danje in nagibanje roke, kar omogo\u010da u\u010dinkovito ravnanje z materiali. V hidravli\u010dnih sistemih ima cilinder roke klju\u010dno vlogo, saj uporablja hidravli\u010dno teko\u010dino za prenos mo\u010di, kar omogo\u010da gladke in nadzorovane gibe. Zasnova teh cilindrov zagotavlja robustno delovanje in zanesljivost, zaradi \u010desar so nepogre\u0161ljivi pri gradbenih in izkopnih delih.<\/p>\n<p><img decoding=\"async\" src=\"https:\/\/www.hydraulic-cylinders.net\/wp-content\/uploads\/2025\/04\/songte-company-1.webp\" alt=\"Cilinder roke za majhen bager Kato\"><\/p>\n<h3>Klju\u010dne zna\u010dilnosti cilindra roke<\/h3>\n<ul>\n<li><strong>Visoka trdnost in vzdr\u017eljivost:<\/strong> Izdelan je iz visoko trdnega jekla ali aluminija, zato lahko valj roke prenese visok tlak in velike obremenitve, zaradi \u010desar je primeren za te\u017eke delovne pogoje.<\/li>\n<li><strong>U\u010dinkovito hidravli\u010dno delovanje:<\/strong> Cilinder uporablja hidravli\u010dni tlak olja za doseganje gladkega iztegovanja in vvla\u010devanja, kar zagotavlja hiter odziv na operativne ukaze.<\/li>\n<li><strong>Razli\u010dne vrste:<\/strong> Na voljo v enosmerni (hidravli\u010dno delovanje v eno smer) ali dvosmerni (hidravli\u010dno delovanje v obe smeri) konfiguraciji, ki ustreza razli\u010dnim operativnim potrebam.<\/li>\n<li><strong>Kompaktna zasnova:<\/strong> Nekateri modeli imajo teleskopsko zasnovo, ki omogo\u010da ve\u010dji razteg brez pove\u010danja zunanjih dimenzij, kar je idealno za aplikacije z omejenim prostorom.<\/li>\n<li><strong>Enostavnost zamenjave:<\/strong> Na\u0161i cilindri so zasnovani tako, da brezhibno nadomestijo obstoje\u010de hidravli\u010dne cilindre, kar zagotavlja zdru\u017eljivost in operativno u\u010dinkovitost.<\/li>\n<\/ul>\n<p><img decoding=\"async\" src=\"https:\/\/www.hydraulic-cylinders.net\/wp-content\/uploads\/2025\/04\/songte-cylinder-head-with-all-kinds-excavator-models.webp\" alt=\"Mo\u017enosti zamenjave hidravli\u010dnega cilindra\"><\/p>\n<h2>Uporaba cilindra roke<\/h2>\n<h3>1. Gradbena oprema<\/h3>\n<p>Pri bagrih je cilinder roke klju\u010dnega pomena za kopanje, nakladanje in premikanje zemlje ali ru\u0161evin. Njegova sposobnost iztegovanja in spu\u0161\u010danja omogo\u010da natan\u010dno kopanje in odlaganje materiala. Pri bagrih nakladalnikih cilinder pomaga pri izkopavanju in dvigovanju, kar pove\u010duje splo\u0161no produktivnost. U\u010dinkovito delovanje cilindra roke neposredno vpliva na hitrost in u\u010dinkovitost gradbenih projektov.<\/p>\n<h3>2. Kmetijska mehanizacija<\/h3>\n<p>\u010celni nakladalniki uporabljajo cilindre roke za zajemanje, dvigovanje in prevoz zemlje, sena in drugih materialov. Hidravli\u010dna mo\u010d, ki jo zagotavlja cilinder, omogo\u010da hitro in u\u010dinkovito nalaganje, kar je bistveno za upravljanje kmetije. Prilagodljivost cilindra roke razli\u010dnim kmetijskim opravilom pove\u010duje njegovo vrednost v kmetijskem sektorju.<\/p>\n<h3>3. Bagri<\/h3>\n<p>Cilinder roke omogo\u010da, da \u017elica med kopanjem prodre v zemljo, kar omogo\u010da globlje in u\u010dinkovitej\u0161e izkopavanje. Njegove hidravli\u010dne zmogljivosti omogo\u010dajo bagru opravljanje razli\u010dnih funkcij, kot sta kopanje jarkov in ravnanje, kar ka\u017ee na njegovo vsestranskost v gradbeni\u0161tvu in urejanju krajine.<\/p>\n<h3>4. Nakladalci<\/h3>\n<p>Pri \u010delnih nakladalnikih cilindri roke u\u010dinkovito pomagajo pri dvigovanju in odlaganju materialov. Ta funkcija je klju\u010dnega pomena za gradbeni\u0161tvo in urejanje krajine, kjer lahko pravo\u010dasno premikanje materialov bistveno vpliva na \u010dasovne okvire projekta. Zanesljivost cilindra roke zagotavlja, da nakladalniki delujejo z optimalno u\u010dinkovitostjo.<\/p>\n<h2>Oblikovalski vidiki in izbirna merila<\/h2>\n<h3>Nosilnost<\/h3>\n<p>Pri izbiri cilindra roke je razumevanje nosilnosti najpomembnej\u0161e. Cilinder mora biti sposoben prenesti najve\u010djo te\u017eo, ki jo bo dvignil, ne da bi pri tem ogrozil zmogljivost ali varnost. To zahteva temeljite izra\u010dune na podlagi pri\u010dakovanih obratovalnih obremenitev, da se zagotovi izpolnjevanje pravilnih specifikacij.<\/p>\n<h3>Tesnilna zmogljivost<\/h3>\n<p>U\u010dinkovito tesnjenje je v hidravli\u010dnih sistemih klju\u010dnega pomena za prepre\u010devanje pu\u0161\u010danja teko\u010dine in vzdr\u017eevanje tlaka. Za ve\u010djo vzdr\u017eljivost je treba izbrati visokokakovostne tesnilne materiale, kot sta poliuretan in nitrilna guma. Natan\u010dna zasnova tesnilnih komponent zagotavlja dolgotrajno delovanje in zmanj\u0161uje potrebe po vzdr\u017eevanju.<\/p>\n<h3>Vzdr\u017eljivost<\/h3>\n<p>Vzdr\u017eljivost je klju\u010dni dejavnik, saj cilindri roke delujejo v napornih pogojih. Materiali morajo biti odporni proti obrabi, zasnove pa morajo vklju\u010devati za\u0161\u010ditne premaze, ki prepre\u010dujejo korozijo. Ta dejavnik znatno podalj\u0161a \u017eivljenjsko dobo cilindra in zmanj\u0161a pogostost zamenjav.<\/p>\n<h3>Varnostne funkcije<\/h3>\n<p>Vklju\u010ditev varnostnih elementov, kot so varnostni ventili, je bistvenega pomena za prepre\u010devanje preobremenitve in morebitnih okvar. Zasnova mora vklju\u010devati mehanizme, ki zagotavljajo varno delovanje te\u017ekih strojev in prispevajo k varnej\u0161emu delovnemu okolju.<\/p>\n<h3>Dostopnost vzdr\u017eevanja<\/h3>\n<p>Pri na\u010drtovanju cilindrov roke z mislijo na vzdr\u017eevanje je klju\u010dnega pomena. Komponente morajo biti lahko dostopne za redno servisiranje, kar omogo\u010da pravo\u010dasne preglede in popravila. Ta dostopnost pomaga podalj\u0161ati \u017eivljenjsko dobo in obratovalno u\u010dinkovitost strojev.<\/p>\n<p><img decoding=\"async\" src=\"https:\/\/www.hydraulic-cylinders.net\/wp-content\/uploads\/2025\/04\/songte-oil-pipes-and-spare-parts.webp\" alt=\"Komponente hidravli\u010dnega cilindra\"><\/p>\n<h2>Tesnjenje in mazanje<\/h2>\n<p>Pravilno tesnjenje in mazanje sta bistvenega pomena za u\u010dinkovito delovanje cilindrov roke. Za prepre\u010devanje pu\u0161\u010danja hidravli\u010dne teko\u010dine se uporabljajo razli\u010dni tesnilni elementi, kot so tesnila bata in ojnice. Tesnila iz materialov, odpornih proti obrabi, kot sta poliuretan in nitrilna guma, so prednostna zaradi svoje vzdr\u017eljivosti in u\u010dinkovitosti.<\/p>\n<p>Telo valja in navojne kon\u010dne povr\u0161ine so skrbno obdelane za pove\u010danje odpornosti proti obrabi. Redno mazanje s hidravli\u010dnim oljem je potrebno za zmanj\u0161anje trenja in zagotavljanje nemotenega delovanja komponent. Vzpostavitev rutine mazanja pomaga ohranjati optimalno delovanje in podalj\u0161uje \u017eivljenjsko dobo valja.<\/p>\n<h2>Redni pregledi in preventivno vzdr\u017eevanje<\/h2>\n<ul>\n<li><strong>Vizualni pregledi:<\/strong> Redno pregledujte valj roke glede vidnih po\u0161kodb, pu\u0161\u010danja ali znakov obrabe. Zgodnje odkrivanje te\u017eav lahko prepre\u010di nadaljnjo \u0161kodo in draga popravila.<\/li>\n<li><strong>Preverjanje mazanja:<\/strong> Zagotovite, da je raven hidravli\u010dnega olja ustrezna in da olje ne vsebuje ne\u010disto\u010d. Ustrezno mazanje je klju\u010dnega pomena za nemoteno delovanje.<\/li>\n<li><strong>Zamenjava tesnila:<\/strong> Spremljajte stanje tesnil in jih po potrebi zamenjajte, da prepre\u010dite pu\u0161\u010danje in ohranite hidravli\u010dni tlak.<\/li>\n<\/ul>\n<h2>Navodila za namestitev<\/h2>\n<p>Pravilna namestitev cilindra roke je klju\u010dnega pomena za njegovo delovanje in dolgo \u017eivljenjsko dobo. Najprej pravilno poravnajte cilinder s pritrdilnimi to\u010dkami stroja. Za zagotovitev stabilnosti in prepre\u010devanje nepravilne poravnave med delovanjem je zelo priporo\u010dljiva uporaba ustreznih pritrdilnih nosilcev.<\/p>\n<p>Pred uporabo se prepri\u010dajte, da so vse hidravli\u010dne povezave varne, in preverite morebitna pu\u0161\u010danja. Pomembno je upo\u0161tevati proizvajal\u010deve specifikacije glede nastavitev navora in postopkov namestitve. Pravilna poravnava in varna pritrditev cilindra bosta izbolj\u0161ala njegovo delovanje in zmanj\u0161ala obrabo.<\/p>\n<h2>Pogosta vzdr\u017eevalna opravila<\/h2>\n<ul>\n<li><strong>Redni pregledi:<\/strong> Redno pregledujte, da zgodaj odkrijete znake obrabe ali morebitne okvare. Ta praksa zagotavlja pravo\u010dasne posege in prepre\u010duje ve\u010dje okvare.<\/li>\n<li><strong>Pravilno mazanje:<\/strong> Vzdr\u017eujte dosleden urnik mazanja, da zagotovite ustrezno mazanje vseh gibljivih delov. To prepre\u010duje prekomerno obrabo in podalj\u0161uje \u017eivljenjsko dobo valja.<\/li>\n<li><strong>Zamenjava tesnila:<\/strong> Redno pregledujte tesnila in jih zamenjajte, ko ka\u017eejo znake obrabe. To preprosto opravilo lahko prepre\u010di pu\u0161\u010danje in ohrani celovitost hidravli\u010dnega sistema.<\/li>\n<\/ul>\n<h2>Varnostni vidiki in okoljski dejavniki<\/h2>\n<p>Varnostni ukrepi so klju\u010dnega pomena pri upravljanju hidravli\u010dnih strojev. Upravljavci morajo biti usposobljeni za pravilno uporabo in varnostne protokole, da se zmanj\u0161ajo tveganja. Razumevanje omejitev stroja in upo\u0161tevanje priporo\u010denih postopkov delovanja je bistvenega pomena za prepre\u010devanje nesre\u010d.<\/p>\n<h2>Odpravljanje te\u017eav in pogoste te\u017eave<\/h2>\n<ul>\n<li><strong>Po\u010dasno gibanje:<\/strong> To lahko ka\u017ee na nizko raven hidravli\u010dne teko\u010dine ali zrak v sistemu. Preverite raven teko\u010dine in odzra\u010dite sistem, da odpravite te\u017eavo.<\/li>\n<li><strong>Pu\u0161\u010danje:<\/strong> Preverite tesnila in priklju\u010dke glede obrabe ali po\u0161kodb. Po potrebi zamenjajte tesnila, da ohranite tlak in prepre\u010dite pu\u0161\u010danje.<\/li>\n<li><strong>Brez gibanja:<\/strong> To je lahko posledica elektri\u010dnih te\u017eav ali blokad v hidravli\u010dnih ceveh. Hidravli\u010dni tokokrog temeljito preglejte glede napak.<\/li>\n<\/ul>\n<h2>Nasveti za u\u010dinkovito odpravljanje te\u017eav<\/h2>\n<p>Pri diagnosticiranju te\u017eav z cilindrom roke za\u010dnite z vizualnimi pregledi, da ugotovite morebitne o\u010ditne te\u017eave. Redno vzdr\u017eevanje lahko pomaga prepre\u010diti \u0161tevilne pogoste te\u017eave, kot so pu\u0161\u010danje in po\u010dasno delovanje. Vodenje podrobnega dnevnika vzdr\u017eevanja lahko pomaga pri prepoznavanju ponavljajo\u010dih se te\u017eav in omogo\u010da bolj\u0161e na\u010drtovanje popravil.<\/p>\n<p><img decoding=\"async\" src=\"https:\/\/www.hydraulic-cylinders.net\/wp-content\/uploads\/2025\/04\/songte-bushings-with-all-kinds-of-excavator-models.webp\" alt=\"Modeli bagrov\"><\/p>\n<h2>O na\u0161em podjetju<\/h2>\n<p>Smo vodilni proizvajalec nadomestnih hidravli\u010dnih cilindrov in ponujamo \u0161iroko paleto izdelkov. Na\u0161e podjetje se je uveljavilo kot vodilni proizvajalec in veleprodajni distributer hidravli\u010dnih cilindrov tako na doma\u010dem kot na mednarodnem trgu. Dr\u017eimo se vrhunskih standardov kakovosti in uporabljamo prefinjeno strategijo upravljanja proizvodnje.<\/p>\n<p>Z uporabo nadarjenih strokovnjakov, napredne digitalne proizvodne opreme in specializiranih sistemov za testiranje nenehno izbolj\u0161ujemo na\u0161e proizvodne zmogljivosti. Na\u0161a zavezanost kakovosti ne le izpolnjuje raznolike potrebe strank, temve\u010d tudi krepi na\u0161 tr\u017eni polo\u017eaj.<\/p>\n<p><img decoding=\"async\" src=\"https:\/\/www.hydraulic-cylinders.net\/wp-content\/uploads\/2025\/04\/songte-company-4.webp\" alt=\"Pregled podjetja\"><br \/>\n<img decoding=\"async\" src=\"https:\/\/www.hydraulic-cylinders.net\/wp-content\/uploads\/2025\/04\/songte-company-3.webp\" alt=\"Proizvodni obrat\"><\/p>\n<p>Ponosni smo na svojo profesionalnost, mednarodne certifikate, prilagodljive storitve in odli\u010dno poprodajno podporo, s \u010dimer zagotavljamo, da na\u0161e stranke prejmejo najbolj\u0161o kakovost in storitev.<\/p>\n<p>Avtor: lyl<\/p>","protected":false},"excerpt":{"rendered":"<p>Boom Cylinder For Kato Small Excavator HD550-1-7 Understanding the Boom Cylinder The boom cylinder is a hydraulic cylinder specifically designed for controlling the movement of the boom on various heavy machinery, such as excavators, backhoe loaders, and front-end loaders. This essential component allows the boom to lift, lower, and tilt, facilitating efficient material handling tasks. [&hellip;]<\/p>","protected":false},"featured_media":17875,"comment_status":"open","ping_status":"closed","template":"","meta":{"_et_pb_use_builder":"","_et_pb_old_content":"","_et_gb_content_width":""},"product_brand":[],"product_cat":[1546],"product_tag":[1547,1496],"class_list":{"0":"post-19732","1":"product","2":"type-product","3":"status-publish","4":"has-post-thumbnail","6":"product_cat-boom-cylinders","7":"product_tag-boom-cylinders","8":"product_tag-hydraulic-cylinders","10":"first","11":"instock","12":"shipping-taxable","13":"product-type-simple"},"amp_enabled":true,"_links":{"self":[{"href":"https:\/\/www.hydraulic-cylinders.net\/sl\/wp-json\/wp\/v2\/product\/19732","targetHints":{"allow":["GET"]}}],"collection":[{"href":"https:\/\/www.hydraulic-cylinders.net\/sl\/wp-json\/wp\/v2\/product"}],"about":[{"href":"https:\/\/www.hydraulic-cylinders.net\/sl\/wp-json\/wp\/v2\/types\/product"}],"replies":[{"embeddable":true,"href":"https:\/\/www.hydraulic-cylinders.net\/sl\/wp-json\/wp\/v2\/comments?post=19732"}],"wp:featuredmedia":[{"embeddable":true,"href":"https:\/\/www.hydraulic-cylinders.net\/sl\/wp-json\/wp\/v2\/media\/17875"}],"wp:attachment":[{"href":"https:\/\/www.hydraulic-cylinders.net\/sl\/wp-json\/wp\/v2\/media?parent=19732"}],"wp:term":[{"taxonomy":"product_brand","embeddable":true,"href":"https:\/\/www.hydraulic-cylinders.net\/sl\/wp-json\/wp\/v2\/product_brand?post=19732"},{"taxonomy":"product_cat","embeddable":true,"href":"https:\/\/www.hydraulic-cylinders.net\/sl\/wp-json\/wp\/v2\/product_cat?post=19732"},{"taxonomy":"product_tag","embeddable":true,"href":"https:\/\/www.hydraulic-cylinders.net\/sl\/wp-json\/wp\/v2\/product_tag?post=19732"}],"curies":[{"name":"delovni list","href":"https:\/\/api.w.org\/{rel}","templated":true}]}}