{"id":19736,"date":"2025-04-07T07:04:44","date_gmt":"2025-04-07T07:04:44","guid":{"rendered":"https:\/\/www.hydraulic-cylinders.net\/product\/boom-cylinder-for-kato-small-excavator-hd250-7\/"},"modified":"2025-04-07T07:04:46","modified_gmt":"2025-04-07T07:04:46","slug":"boom-cylinder-for-kato-small-excavator-hd250-7","status":"publish","type":"product","link":"https:\/\/www.hydraulic-cylinders.net\/sl\/izdelek\/boom-cylinder-for-kato-small-excavator-hd250-7\/","title":{"rendered":"Cilinder roke za majhen bager Kato HD250-7"},"content":{"rendered":"<h1>Cilinder roke za majhen bager Kato HD250-7<\/h1>\n<h2>Pregled izdelka<\/h2>\n<p>Cilinder roke za majhen bager Kato HD250-7 je bistvena komponenta, ki igra klju\u010dno vlogo pri delovanju hidravli\u010dnih sistemov v gradbenih strojih. Cilinder \u017elice, posebej zasnovan za nadzor gibanja \u017elic v te\u017eki opremi, kot so bagri, bagri nakladalniki in \u010delni nakladalniki, omogo\u010da dvigovanje, spu\u0161\u010danje in nagibanje \u017elice. Ta funkcionalnost je klju\u010dnega pomena za u\u010dinkovito ravnanje z materiali.<\/p>\n<p><img decoding=\"async\" src=\"https:\/\/www.hydraulic-cylinders.net\/wp-content\/uploads\/2025\/04\/songte-company-1.webp\" alt=\"Slika cilindra roke\" \/><\/p>\n<p>Z uporabo hidravli\u010dnega tlaka olja cilindri \u017elice zagotavljajo nemoteno in u\u010dinkovito delovanje, kar je klju\u010dnega pomena za produktivnost in varnost na gradbi\u0161\u010du. Natan\u010den nadzor, ki ga ponujajo, omogo\u010da upravljavcem enostavno manevriranje s te\u017ekimi materiali, zaradi \u010desar so nepogre\u0161ljivi v razli\u010dnih aplikacijah, od gradbeni\u0161tva do kmetijskih del.<\/p>\n<h2>Zna\u010dilnosti cilindra roke<\/h2>\n<ul>\n<li><strong>Visoka trdnost in vzdr\u017eljivost:<\/strong> Ta jeklenka, izdelana iz visoko trdnega jekla ali aluminija, lahko prenese visok tlak in velike obremenitve, zaradi \u010desar je primerna za zahtevna delovna okolja. Pri zasnovi upo\u0161teva tudi odpornost proti obrabi in koroziji, kar podalj\u0161uje njeno \u017eivljenjsko dobo.<\/li>\n<li><strong>U\u010dinkovito hidravli\u010dno delovanje:<\/strong> Cilinder uporablja hidravli\u010dni tlak olja za doseganje gladkega iztegovanja in vvla\u010devanja, kar omogo\u010da hiter odziv na ukaze upravljavca in zagotavlja znatno dvi\u017eno silo, primerno za opravljanje te\u017ekih in kompleksnih nalog.<\/li>\n<li><strong>Razli\u010dne vrste na voljo:<\/strong> Glede na operativne potrebe lahko stranke izbirajo med enosmerno delujo\u010dimi (hidravli\u010dno delovanje v eno smer) ali dvosmerno delujo\u010dimi (hidravli\u010dno delovanje v obe smeri) cilindri. Nekateri modeli imajo teleskopsko zasnovo, ki ponuja ve\u010dji doseg brez pove\u010danja zunanje velikosti, kar je idealno za aplikacije z omejenim prostorom.<\/li>\n<li><strong>Izdelava po meri:<\/strong> Na\u0161e proizvodne zmogljivosti nam omogo\u010dajo izdelavo cilindrov, ki popolnoma nadomestijo obstoje\u010de hidravli\u010dne cilindre, kar zagotavlja zdru\u017eljivost in zmogljivost v razli\u010dnih strojih.<\/li>\n<li><strong>Vsestranske uporabe:<\/strong> Ta valj ni omejen na eno samo vrsto stroja; prilagodljiv je za razli\u010dne modele te\u017eke opreme, zaradi \u010desar je dragoceno sredstvo v ve\u010d panogah.<\/li>\n<\/ul>\n<p><img decoding=\"async\" src=\"https:\/\/www.hydraulic-cylinders.net\/wp-content\/uploads\/2025\/04\/songte-cylinder-head-with-all-kinds-excavator-models.webp\" alt=\"Slika modelov bagrov\" \/><\/p>\n<h2>Uporaba cilindra roke<\/h2>\n<h3>Gradbena oprema<\/h3>\n<p>Pri bagrih so cilindri roke klju\u010dni za kopanje, nakladanje in premikanje zemlje ali ru\u0161evin. Omogo\u010dajo premikanje \u017elice, kar je bistveno za naloge, kot so kopanje jarkov in priprava gradbi\u0161\u010da. Pri bagrih nakladalnikih cilinder \u017elice pomaga tako pri izkopavanju kot dvigovanju, kar omogo\u010da \u0161irok spekter nalog brez menjave opreme.<\/p>\n<h3>Kmetijska mehanizacija<\/h3>\n<p>Pri \u010delnih nakladalnikih so cilindri roke bistveni za zajemanje, dvigovanje in prevoz zemlje, sena in drugih materialov. Zaradi svoje mo\u010di in u\u010dinkovitosti so idealni za kmetijska opravila, kjer je premikanje te\u017ekih bremen pogosto.<\/p>\n<h3>Bagri<\/h3>\n<p>Cilindri roke omogo\u010dajo bagrom u\u010dinkovito prodiranje v tla, kar omogo\u010da natan\u010dno izvedbo kopanja. Zagotavljajo potrebno silo za prebijanje trdne zemlje, zaradi \u010desar so klju\u010dni sestavni del gradbenih in krajinskih del.<\/p>\n<h3>Nakladalci<\/h3>\n<p>Pri \u010delnih nakladalnikih cilindri roke pomagajo pri u\u010dinkovitem dvigovanju in razkladanju tovora. Njihova zasnova zagotavlja, da lahko upravljavci premikajo in razkladajo materiale z minimalnim naporom, kar pove\u010duje produktivnost na gradbi\u0161\u010du.<\/p>\n<h2>Oblikovalski vidiki in izbirna merila<\/h2>\n<h3>Nosilnost<\/h3>\n<p>Pri izbiri cilindra roke je nosilnost glavni dejavnik. Cilinder mora biti sposoben prenesti najve\u010djo obremenitev, ki se pri\u010dakuje med delovanjem, ne da bi pri tem ogrozil varnost ali delovanje. To vklju\u010duje temeljite izra\u010dune in testiranja za zagotovitev zanesljivosti. In\u017eenirji morajo oceniti te\u017eo materiala, ki se premika, silo, ki se izvaja med delovanjem, in varnostne dejavnike, potrebne za prepre\u010devanje okvare.<\/p>\n<h3>Celovitost tesnjenja<\/h3>\n<p>U\u010dinkovito tesnjenje je klju\u010dnega pomena za hidravli\u010dne cilindre, saj prepre\u010duje pu\u0161\u010danje in vzdr\u017euje tlak v sistemu. Visokokakovostna tesnila iz trpe\u017enih materialov, kot sta poliuretan in nitrilna guma, so bistvena za odpornost na obratovalne pogoje. Redni pregledi in morebitna zamenjava tesnil lahko podalj\u0161ajo \u017eivljenjsko dobo cilindra in zagotovijo dosledno delovanje.<\/p>\n<h3>Vzdr\u017eljivost<\/h3>\n<p>Vzdr\u017eljivost je pomemben dejavnik pri zasnovi cilindrov roke. Ti cilindri morajo prenesti zahtevna okolja, vklju\u010dno z izpostavljenostjo prahu, vlagi in kemikalijam. Izbira materialov, ki so odporni proti koroziji in obrabi, podalj\u0161a \u017eivljenjsko dobo cilindra in zmanj\u0161a stro\u0161ke vzdr\u017eevanja. In\u017eenirji vklju\u010dujejo tudi oblikovne zna\u010dilnosti, ki pove\u010dajo odpornost proti udarcem in abrazivnim materialom, s katerimi se sre\u010dujemo med uporabo.<\/p>\n<h3>Varnostne funkcije<\/h3>\n<p>Pri na\u010drtovanju hidravli\u010dnih cilindrov se varnost nikoli ne sme ogroziti. Vklju\u010ditev funkcij, kot so varnostni ventili, pomaga prepre\u010diti previsok tlak, ki lahko povzro\u010di katastrofalne okvare. Poleg tega vklju\u010ditev redundantnih sistemov in redni vzdr\u017eevalni pregledi prispevajo k varnosti delovanja na terenu.<\/p>\n<h3>Vzdr\u017eevanje<\/h3>\n<p>Enostavnost vzdr\u017eevanja je bistven vidik zasnove. Jeklenke morajo biti zasnovane z mislijo na dostopnost, kar omogo\u010da hitre preglede in popravila. Vklju\u010ditev zamenljivih delov lahko zmanj\u0161a \u010das izpada in stro\u0161ke vzdr\u017eevanja, kar operaterjem olaj\u0161a vzdr\u017eevanje opreme v optimalnem stanju.<\/p>\n<p><img decoding=\"async\" src=\"https:\/\/www.hydraulic-cylinders.net\/wp-content\/uploads\/2025\/04\/songte-oil-pipes-and-spare-parts.webp\" alt=\"Oljne cevi in \u200b\u200brezervni deli\" \/><\/p>\n<h2>Tesnjenje in mazanje valja<\/h2>\n<p>U\u010dinkovito tesnjenje in mazanje sta klju\u010dna sestavna dela za delovanje in dolgo \u017eivljenjsko dobo hidravli\u010dnih cilindrov. Razli\u010dna tesnila, kot so tesnila bata in ojnice, zagotavljajo, da hidravli\u010dna teko\u010dina ostane v cilindru, kar prepre\u010duje pu\u0161\u010danje in vzdr\u017euje tlak. Izbira materialov tesnil, vklju\u010dno s poliuretanom, odpornim proti obrabi, in nitrilno gumo, je bistvena za zagotavljanje vzdr\u017eljivosti proti obrabi in okoljskim dejavnikom.<\/p>\n<p>Poleg tega je treba ohi\u0161je valja in navojne konce fino obdelati, da se pove\u010da odpornost proti obrabi. Potrebno je tudi redno mazanje; upravljavci morajo redno preverjati in dolivati \u200b\u200bhidravli\u010dno olje, da ohranijo optimalno delovanje. Pravilno mazanje zmanj\u0161a trenje, pove\u010da u\u010dinkovitost hidravli\u010dnega sistema ter podalj\u0161a \u017eivljenjsko dobo tesnil in celotnega hidravli\u010dnega valja.<\/p>\n<h2>Redni pregledi in preventivno vzdr\u017eevanje<\/h2>\n<ul>\n<li><strong>Na\u010drtovani pregledi:<\/strong> Redno pregledujte valj roke glede morebitnih znakov obrabe, po\u0161kodb ali pu\u0161\u010danja. Zgodnje odkrivanje te\u017eav lahko prepre\u010di ve\u010dje te\u017eave in draga popravila v prihodnosti.<\/li>\n<li><strong>Mazanje:<\/strong> Uvedite redni na\u010drt mazanja, da zagotovite ustrezno mazanje vseh gibljivih delov. To zmanj\u0161a obrabo in izbolj\u0161a splo\u0161no delovanje hidravli\u010dnega sistema.<\/li>\n<li><strong>Zamenjava tesnila:<\/strong> Spremljajte stanje tesnil in jih po potrebi zamenjajte. Obrabljena tesnila lahko povzro\u010dijo pu\u0161\u010danje teko\u010dine, kar zmanj\u0161a u\u010dinkovitost hidravli\u010dnega sistema in povzro\u010di okvaro opreme.<\/li>\n<\/ul>\n<h2>Navodila za namestitev<\/h2>\n<p>Pravilna namestitev cilindra roke je klju\u010dnega pomena za zagotavljanje optimalne zmogljivosti in varnosti. Za\u010dnite s pripravo mesta namestitve in se prepri\u010dajte, da so vse komponente \u010diste in brez ostankov. Cilinder pravilno poravnajte z nosilci in ga pritrdite z ustreznim pritrdilnim materialom. Da prepre\u010dite po\u0161kodbe cilindra, je pomembno upo\u0161tevati proizvajal\u010deve specifikacije glede nastavitev navora za vse pritrdilne elemente.<\/p>\n<p>Prepri\u010dajte se, da so hidravli\u010dne cevi pravilno priklju\u010dene in da na poti pretoka ni ovir. Po namestitvi odzra\u010dite hidravli\u010dni sistem, da odstranite morebitne zra\u010dne \u017eepe, ki lahko vplivajo na delovanje. Na koncu temeljito pregledajte name\u0161\u010deni valj, da se prepri\u010date, da so vse komponente varno pritrjene in da delujejo gladko.<\/p>\n<h2>Pogosta vzdr\u017eevalna opravila<\/h2>\n<ul>\n<li><strong>Redni pregledi:<\/strong> Redno pregledujte morebitne znake obrabe ali po\u0161kodb. Redno spremljanje lahko pomaga prepoznati morebitne te\u017eave, preden se stopnjujejo, kar zagotavlja dolgo \u017eivljenjsko dobo cilindra roke in strojev, ki jih podpira.<\/li>\n<li><strong>Pravilno mazanje:<\/strong> Vzdr\u017eujte pravilen na\u010drt mazanja hidravli\u010dnega sistema. Uporaba pravilne vrste in koli\u010dine hidravli\u010dnega olja je klju\u010dnega pomena za nemoteno in u\u010dinkovito delovanje. Prekomerno ali premalo mazanje lahko povzro\u010di resne okvare.<\/li>\n<li><strong>Zamenjava tesnil in preverjanje kalibracije:<\/strong> Redno preverjajte tesnila glede obrabe in jih po potrebi zamenjajte. Kalibracija hidravli\u010dnega sistema zagotavlja, da vse komponente delujejo znotraj svojih predvidenih parametrov, kar je klju\u010dnega pomena za varno in u\u010dinkovito delovanje.<\/li>\n<\/ul>\n<p>Med namestitvijo je pomembno, da valj pravilno poravnate, da se izognete prekomerni obremenitvi komponent. Za pritrditev valja uporabite ustrezne monta\u017ene nosilce. Upo\u0161tevanje priporo\u010denih postopkov pregleda, popravila in zamenjave bo pripomoglo k podalj\u0161anju \u017eivljenjske dobe valja roke in izbolj\u0161anju operativne u\u010dinkovitosti.<\/p>\n<p><img decoding=\"async\" src=\"https:\/\/www.hydraulic-cylinders.net\/wp-content\/uploads\/2025\/04\/songte-chushion-collar.webp\" alt=\"Blazinasti ovratnik\" \/><\/p>\n<h2>Varnostni vidiki in okoljski dejavniki<\/h2>\n<p>Pri uporabi hidravli\u010dne opreme so varnostni ukrepi najpomembnej\u0161i. Upravljavci morajo nositi ustrezno osebno za\u0161\u010ditno opremo (OZO) in biti usposobljeni za varne delovne postopke. Redna usposabljanja lahko pomagajo osebju, da ostane obve\u0161\u010deno o tveganjih, povezanih s hidravli\u010dnimi sistemi, in najbolj\u0161ih praksah za upravljanje te\u017ekih strojev. Poleg tega lahko okoljski dejavniki, kot sta temperatura in vla\u017enost delovnega okolja, vplivajo na hidravli\u010dno delovanje. Zagotavljanje, da so vse komponente ocenjene za pri\u010dakovane pogoje, pomaga zmanj\u0161ati tveganja.<\/p>\n<h2>Diagnoza napak in pogoste te\u017eave<\/h2>\n<ul>\n<li><strong>Pu\u0161\u010danje tesnil:<\/strong> Ena najpogostej\u0161ih te\u017eav pri hidravli\u010dnih cilindrih je pu\u0161\u010danje tesnil. To je pogosto mogo\u010de prepoznati po prisotnosti hidravli\u010dne teko\u010dine okoli cilindra. Redni pregledi in takoj\u0161nja zamenjava obrabljenih tesnil so klju\u010dnega pomena za ohranjanje delovanja.<\/li>\n<li><strong>Zmanj\u0161ana hitrost valja:<\/strong> \u010ce cilinder roke deluje po\u010dasneje kot obi\u010dajno, to lahko ka\u017ee na blokado v hidravli\u010dnih ceveh ali nizko raven hidravli\u010dne teko\u010dine. Preverjanje ravni teko\u010din in zagotovitev, da so cevi \u010diste, lahko odpravi to te\u017eavo.<\/li>\n<li><strong>Nedosledno gibanje:<\/strong> \u010ce se valj ne iztegne ali umakne gladko, je to lahko posledica zraka, ujetega v hidravli\u010dnem sistemu. Odzra\u010devanje sistema lahko obi\u010dajno odpravi to te\u017eavo in obnovi nemoteno delovanje.<\/li>\n<\/ul>\n<h2>Nasveti in re\u0161itve za odpravljanje te\u017eav<\/h2>\n<p>Za u\u010dinkovito diagnosticiranje in odpravljanje te\u017eav morajo upravljavci jasno razumeti delovanje hidravli\u010dnega sistema. Redno usposabljanje o tehnikah odpravljanja te\u017eav lahko osebju omogo\u010di u\u010dinkovito prepoznavanje in re\u0161evanje te\u017eav. Na primer, \u010de se odkrijejo pu\u0161\u010danja, lahko pregled tesnil in povezav pogosto natan\u010dno dolo\u010di vir te\u017eave. \u010ce se pojavijo te\u017eave z delovanjem, lahko preverjanje nivoja hidravli\u010dne teko\u010dine ter stanja cevi in \u200b\u200bfitingov pomaga ugotoviti vzrok.<\/p>\n<p>Preventivni ukrepi, kot so redno vzdr\u017eevanje in pregledi, lahko znatno zmanj\u0161ajo verjetnost pojava te\u017eav. Vzpostavitev celovitega urnika vzdr\u017eevanja, ki zajema redne preglede, mazanje in zamenjavo tesnil, bo pomagala zmanj\u0161ati morebitne te\u017eave in zagotoviti nemoteno delovanje hidravli\u010dnega sistema.<\/p>\n<p><img decoding=\"async\" src=\"https:\/\/www.hydraulic-cylinders.net\/wp-content\/uploads\/2025\/04\/songte-bushings-with-all-kinds-of-excavator-models.webp\" alt=\"Pu\u0161e z modeli bagrov\" \/><\/p>\n<h2>Profil podjetja<\/h2>\n<p>Smo vodilni proizvajalec nadomestnih hidravli\u010dnih cilindrov s \u0161iroko paleto izdelkov in se uveljavljamo kot pomemben akter tako na doma\u010dem kot na mednarodnem trgu. Na\u0161a zavezanost odli\u010dnosti se odra\u017ea v na\u0161ih natan\u010dnih strategijah upravljanja proizvodnje, ki izkori\u0161\u010dajo vrhunsko digitalno proizvodno opremo in specializirane sisteme za testiranje.<\/p>\n<p>Na\u0161a ekipa usposobljenih strokovnjakov nenehno izbolj\u0161uje na\u0161o proizvodno platformo, kar zagotavlja visoko u\u010dinkovitost, natan\u010dnost in kakovost. Ponujamo prilagojene storitve, ki ustrezajo razli\u010dnim potrebam strank, hkrati pa upo\u0161tevamo mednarodne standarde in certifikate.<\/p>\n<p>Na\u0161a predanost zadovoljstvu strank sega dlje od same prodaje, saj nudimo robustno poprodajno podporo, da zagotovimo zanesljivost in delovanje na\u0161ih izdelkov na terenu.<\/p>\n<p><img decoding=\"async\" src=\"https:\/\/www.hydraulic-cylinders.net\/wp-content\/uploads\/2025\/04\/songte-company-4.webp\" alt=\"Slika podjetja 1\" \/><br \/>\n<img decoding=\"async\" src=\"https:\/\/www.hydraulic-cylinders.net\/wp-content\/uploads\/2025\/04\/songte-company-3.webp\" alt=\"Slika podjetja 2\" \/><\/p>\n<p>Avtor: lyl<\/p>","protected":false},"excerpt":{"rendered":"<p>Boom Cylinder For Kato Small Excavator HD250-7 Product Overview The Boom Cylinder for Kato Small Excavator HD250-7 is an essential component that plays a critical role in the operation of hydraulic systems in construction machinery. A bucket cylinder, specifically designed for controlling the movement of buckets in heavy equipment such as excavators, backhoe loaders, and [&hellip;]<\/p>","protected":false},"featured_media":17879,"comment_status":"open","ping_status":"closed","template":"","meta":{"_et_pb_use_builder":"","_et_pb_old_content":"","_et_gb_content_width":""},"product_brand":[],"product_cat":[1546],"product_tag":[1547,1496],"class_list":{"0":"post-19736","1":"product","2":"type-product","3":"status-publish","4":"has-post-thumbnail","6":"product_cat-boom-cylinders","7":"product_tag-boom-cylinders","8":"product_tag-hydraulic-cylinders","10":"first","11":"instock","12":"shipping-taxable","13":"product-type-simple"},"amp_enabled":true,"_links":{"self":[{"href":"https:\/\/www.hydraulic-cylinders.net\/sl\/wp-json\/wp\/v2\/product\/19736","targetHints":{"allow":["GET"]}}],"collection":[{"href":"https:\/\/www.hydraulic-cylinders.net\/sl\/wp-json\/wp\/v2\/product"}],"about":[{"href":"https:\/\/www.hydraulic-cylinders.net\/sl\/wp-json\/wp\/v2\/types\/product"}],"replies":[{"embeddable":true,"href":"https:\/\/www.hydraulic-cylinders.net\/sl\/wp-json\/wp\/v2\/comments?post=19736"}],"wp:featuredmedia":[{"embeddable":true,"href":"https:\/\/www.hydraulic-cylinders.net\/sl\/wp-json\/wp\/v2\/media\/17879"}],"wp:attachment":[{"href":"https:\/\/www.hydraulic-cylinders.net\/sl\/wp-json\/wp\/v2\/media?parent=19736"}],"wp:term":[{"taxonomy":"product_brand","embeddable":true,"href":"https:\/\/www.hydraulic-cylinders.net\/sl\/wp-json\/wp\/v2\/product_brand?post=19736"},{"taxonomy":"product_cat","embeddable":true,"href":"https:\/\/www.hydraulic-cylinders.net\/sl\/wp-json\/wp\/v2\/product_cat?post=19736"},{"taxonomy":"product_tag","embeddable":true,"href":"https:\/\/www.hydraulic-cylinders.net\/sl\/wp-json\/wp\/v2\/product_tag?post=19736"}],"curies":[{"name":"delovni list","href":"https:\/\/api.w.org\/{rel}","templated":true}]}}