{"id":19741,"date":"2025-04-07T07:04:57","date_gmt":"2025-04-07T07:04:57","guid":{"rendered":"https:\/\/www.hydraulic-cylinders.net\/product\/boom-cylinder-for-kato-small-excavator-hd1430r\/"},"modified":"2025-04-07T07:04:59","modified_gmt":"2025-04-07T07:04:59","slug":"boom-cylinder-for-kato-small-excavator-hd1430r","status":"publish","type":"product","link":"https:\/\/www.hydraulic-cylinders.net\/sl\/izdelek\/boom-cylinder-for-kato-small-excavator-hd1430r\/","title":{"rendered":"Cilinder roke za majhen bager Kato HD1430R"},"content":{"rendered":"<h1>Cilinder roke za majhen bager Kato HD1430R<\/h1>\n<h2>Pregled izdelka<\/h2>\n<p>Cilinder roke za majhen bager Kato HD1430R je klju\u010dna hidravli\u010dna komponenta, zasnovana posebej za te\u017eke stroje, kot so bagri. Ta vrsta hidravli\u010dnega cilindra nadzoruje gibanje roke bagra, kar omogo\u010da natan\u010dno dvigovanje, spu\u0161\u010danje in nagibanje \u017elice. Kot klju\u010dni del hidravli\u010dnega sistema cilinder roke uporablja hidravli\u010dni tlak za nemoteno in u\u010dinkovito delovanje, zaradi \u010desar je bistvenega pomena za razli\u010dna opravila ravnanja z materiali.<\/p>\n<p><img decoding=\"async\" src=\"https:\/\/www.hydraulic-cylinders.net\/wp-content\/uploads\/2025\/04\/songte-company-1.webp\" alt=\"Pregled cilindra roke\"><\/p>\n<h3>Definicija in funkcija<\/h3>\n<p>Cilinder \u017elice je specializirana hidravli\u010dna komponenta, ki igra pomembno vlogo pri nadzoru gibanja \u017elice v te\u017ekih strojih, kot so bagri, bagri nakladalniki in \u010delni nakladalniki. Ta hidravli\u010dni cilinder omogo\u010da premikanje \u017elice navzgor in navzdol ter nagibanje, kar olaj\u0161a u\u010dinkovito ravnanje z materiali. Njegovo delovanje temelji na hidravli\u010dnih na\u010delih, kjer se za ustvarjanje gibanja uporablja tlak teko\u010dine, ki zagotavlja potrebno silo za dvigovanje te\u017ekih bremen in natan\u010dno manevriranje.<\/p>\n<h2>Zna\u010dilnosti cilindra roke<\/h2>\n<ul>\n<li><strong>Visoka trdnost in vzdr\u017eljivost:<\/strong> Izdelano iz visoko trdnega jekla ali aluminija, ki vzdr\u017ei visok pritisk in velike obremenitve, zasnovano za zahtevna delovna okolja, s poudarkom na odpornosti proti obrabi in koroziji za podalj\u0161anje \u017eivljenjske dobe.<\/li>\n<li><strong>U\u010dinkovito hidravli\u010dno delovanje:<\/strong> Uporablja hidravli\u010dni tlak teko\u010dine za gladko iztegovanje in vstavljanje, kar omogo\u010da hiter odziv na operativne ukaze, hkrati pa zagotavlja mo\u010dne potisne in vle\u010dne sile, primerne za rokovanje s te\u017ekimi bremeni.<\/li>\n<li><strong>Razli\u010dne vrste:<\/strong> Na voljo v enosmerno delujo\u010di (hidravli\u010dno delovanje v eno smer) ali dvosmerno delujo\u010di (hidravli\u010dno delovanje v obe smeri) konfiguraciji za razli\u010dne operativne potrebe, pri \u010demer nekateri modeli ponujajo teleskopske zmogljivosti za ve\u010dji razteg brez pove\u010danja zunanjih dimenzij.<\/li>\n<\/ul>\n<p>Ta izdelek izdelujemo mi, na\u0161i cilindri pa lahko popolnoma nadomestijo te hidravli\u010dne cilindre.<\/p>\n<p><img decoding=\"async\" src=\"https:\/\/www.hydraulic-cylinders.net\/wp-content\/uploads\/2025\/04\/songte-cylinder-head-with-all-kinds-excavator-models.webp\" alt=\"Vrste cilindrov roke\"><\/p>\n<h2>Scenariji uporabe<\/h2>\n<h3>Gradbena oprema<\/h3>\n<p>V gradbeni\u0161tvu se cilindri roke nahajajo v bagrih, kjer igrajo klju\u010dno vlogo pri kopanju, nakladanju in premikanju zemlje ali ru\u0161evin. Omogo\u010dajo, da \u017elica u\u010dinkovito prodre v tla, kar omogo\u010da u\u010dinkovite postopke izkopavanja. Pri bagrih nakladalnikih cilinder roke ne pomaga le pri izkopavanju, temve\u010d tudi pri dvigovanju, kar pove\u010duje vsestranskost na gradbi\u0161\u010dih.<\/p>\n<h3>Kmetijska mehanizacija<\/h3>\n<p>V kmetijstvu so cilindri roke sestavni del \u010delnih nakladalnikov, kjer se uporabljajo za zajemanje, dvigovanje in prevoz zemlje, sena in drugih materialov. Njihova mo\u010d in natan\u010dnost sta klju\u010dnega pomena za naloge, kot so natovarjanje krme, odstranjevanje odpadkov in opravljanje razli\u010dnih kmetijskih del, zaradi \u010desar so nepogre\u0161ljivi v sodobnem kmetijstvu.<\/p>\n<h3>Bagri<\/h3>\n<p>Pri bagrih cilindri \u017elice omogo\u010dajo kopanje, saj omogo\u010dajo \u017elici, da brez napora prodre v zemljo. Ta sposobnost je klju\u010dnega pomena pri gradbenih in krajinskih projektih, kjer je natan\u010dno in u\u010dinkovito kopanje potrebno za pripravo gradbi\u0161\u010d za gradnjo ali sajenje.<\/p>\n<h3>Nakladalci<\/h3>\n<p>Pri \u010delnih nakladalnikih cilindri roke u\u010dinkovito prispevajo k dvigovanju in odlaganju materialov. Izbolj\u0161ajo sposobnost nakladalnika, da dvigne te\u017eke tovore dovolj visoko, da izpraznijo kesone tovornjakov ali skladi\u0161\u010dne zabojnike, kar izbolj\u0161a produktivnost pri gradbenih in krajinskih delih.<\/p>\n<h2>Oblikovalski vidiki in izbirna merila<\/h2>\n<h3>Nosilnost<\/h3>\n<p>Nosilnost cilindra roke je bistvenega pomena za njegovo delovanje. Zasnovan mora biti tako, da prenese najve\u010dje pri\u010dakovane obremenitve, hkrati pa zagotavlja varnost in zanesljivost. In\u017eenirji upo\u0161tevajo dejavnike, kot so trdnost materiala, dimenzije cilindra in delovni tlak, da dolo\u010dijo optimalno nosilnost.<\/p>\n<h3>Tesnjenje<\/h3>\n<p>U\u010dinkovito tesnjenje je klju\u010dnega pomena za vzdr\u017eevanje hidravli\u010dnega tlaka in prepre\u010devanje pu\u0161\u010danja. Visokokakovostna tesnila so bistvena za zagotovitev dolge \u017eivljenjske dobe valja. Razli\u010dne vrste tesnil, vklju\u010dno s tesnili bata in batnice, so izbrane glede na njihovo sposobnost, da prenesejo te\u017eke obratovalne pogoje in ohranijo delovanje skozi \u010das.<\/p>\n<h3>Vzdr\u017eljivost<\/h3>\n<p>Vzdr\u017eljivost je klju\u010dni dejavnik pri zasnovi hidravli\u010dnih cilindrov. Prenesti morajo ekstremne pogoje, vklju\u010dno z visokimi temperaturami, nihanji tlaka ter izpostavljenostjo umazaniji in onesna\u017eevalcem. Izbira robustnih materialov in nanos za\u0161\u010ditnih premazov lahko znatno pove\u010data vzdr\u017eljivost cilindrov roke.<\/p>\n<h3>Varnost<\/h3>\n<p>Pri zasnovi hidravli\u010dnih cilindrov je varnost najpomembnej\u0161a. To vklju\u010duje vgradnjo varnostnih funkcij za prepre\u010devanje okvare cilindrov, kot so tla\u010dni varnostni ventili in za\u0161\u010dita pred preobremenitvijo. Redno vzdr\u017eevanje in upo\u0161tevanje varnostnih standardov sta bistvena za zagotovitev varnega delovanja na terenu.<\/p>\n<h3>Vzdr\u017eevanje<\/h3>\n<p>Vzdr\u017eevanje se nana\u0161a na to, kako enostavno je mogo\u010de servisirati in popravljati hidravli\u010dni valj. Pri zasnovi je treba upo\u0161tevati dostopnost za preglede, enostavnost zamenjave tesnil in razpolo\u017eljivost rezervnih delov. Zasnova, ki omogo\u010da redno vzdr\u017eevanje, lahko podalj\u0161a \u017eivljenjsko dobo cilindra roke in zmanj\u0161a \u010das izpada delovanja.<\/p>\n<p><img decoding=\"async\" src=\"https:\/\/www.hydraulic-cylinders.net\/wp-content\/uploads\/2025\/04\/songte-oil-pipes-and-spare-parts.webp\" alt=\"Komponente hidravli\u010dnega cilindra\"><\/p>\n<h2>Tesnjenje in mazanje<\/h2>\n<p>U\u010dinkovito tesnjenje in mazanje sta klju\u010dnega pomena za delovanje hidravli\u010dnih cilindrov. Uporabljajo se razli\u010dna tesnila, kot so tesnila bata in ojnice, pogosto izdelana iz trpe\u017enih materialov, kot sta poliuretan in nitrilna guma, da se zagotovi odpornost proti obrabi. Telo cilindra in navojni konci so fino obdelani za pove\u010danje odpornosti proti obrabi. Redno mazanje s hidravli\u010dnim oljem je potrebno za zmanj\u0161anje trenja in obrabe, kar zagotavlja nemoteno delovanje in podalj\u0161uje \u017eivljenjsko dobo cilindra.<\/p>\n<h2>Redni pregledi in preventivno vzdr\u017eevanje<\/h2>\n<ul>\n<li><strong>Redni pregledi:<\/strong> Izvajanje rednih pregledov je bistvenega pomena za zgodnje odkrivanje morebitnih znakov obrabe ali po\u0161kodb. To vklju\u010duje preverjanje pu\u0161\u010danja, korozije in nenavadnih zvokov med delovanjem.<\/li>\n<li><strong>Pravilno mazanje:<\/strong> Zagotavljanje ustreznega mazanja hidravli\u010dnega cilindra s pravo vrsto in koli\u010dino hidravli\u010dnega olja je klju\u010dnega pomena. To pomaga zmanj\u0161ati trenje in pregrevanje, kar lahko povzro\u010di prezgodnjo okvaro.<\/li>\n<li><strong>Zamenjava tesnila:<\/strong> Redna menjava tesnil je potrebna za vzdr\u017eevanje hidravli\u010dnega tlaka in prepre\u010devanje pu\u0161\u010danja. Pomembno je uporabljati visokokakovostna tesnila, ki so primerna za specifi\u010dno uporabo in delovne pogoje.<\/li>\n<\/ul>\n<h2>Navodila za namestitev<\/h2>\n<p>Pravilna namestitev cilindra roke je klju\u010dnega pomena za optimalno delovanje. Najprej zagotovite, da je delovno obmo\u010dje \u010disto in brez umazanije. Hidravli\u010dni cilinder pravilno poravnajte z nosilci, po potrebi z ustreznimi monta\u017enimi \u0161ablonami. Prepri\u010dajte se, da so vsi vijaki in pritrdilni elementi priviti v skladu s specifikacijami proizvajalca, da prepre\u010dite premikanje med delovanjem. Prav tako je pomembno, da hidravli\u010dne cevi varno priklju\u010dite in pred izpraznitvijo sistema preverite morebitno pu\u0161\u010danje. Z upo\u0161tevanjem teh korakov boste zagotovili pravilno in u\u010dinkovito delovanje cilindra.<\/p>\n<h2>Vzdr\u017eevalna opravila<\/h2>\n<ul>\n<li><strong>Redni pregledi:<\/strong> Pogosto preverjanje lahko pomaga prepoznati te\u017eave, preden postanejo resne. To vklju\u010duje iskanje pu\u0161\u010danj in zagotavljanje, da so vsi vijaki pritrjeni.<\/li>\n<li><strong>Ustrezno mazanje:<\/strong> Mazanje je treba izvajati redno, pri \u010demer je treba zagotoviti, da se uporablja pravilna vrsta in koli\u010dina hidravli\u010dne teko\u010dine za nemoteno delovanje valja.<\/li>\n<li><strong>Zamenjava tesnila:<\/strong> Pravo\u010dasna zamenjava tesnil je klju\u010dnega pomena za prepre\u010devanje pu\u0161\u010danja hidravli\u010dne teko\u010dine in ohranjanje delovanja. Redno preverjajte tesnila glede obrabe in po\u0161kodb ter jih po potrebi zamenjajte.<\/li>\n<\/ul>\n<h2>Varnostni vidiki in okoljski dejavniki<\/h2>\n<p>Pri delu s hidravli\u010dnimi cilindri so varnostni ukrepi bistveni za prepre\u010devanje nesre\u010d in po\u0161kodb. Upravljavci morajo nositi ustrezno za\u0161\u010ditno opremo, med namestitvijo in vzdr\u017eevanjem pa je treba upo\u0161tevati vse varnostne protokole. Poleg tega je pomembno upo\u0161tevati okoljske dejavnike, kot je pravilno odstranjevanje hidravli\u010dnih teko\u010din in starih delov, da se \u010dim bolj zmanj\u0161a vpliv na okolje.<\/p>\n<h2>Diagnoza napak in pogoste te\u017eave<\/h2>\n<ul>\n<li><strong>Pu\u0161\u010danja:<\/strong> Pu\u0161\u010danje hidravli\u010dne teko\u010dine lahko ka\u017ee na okvaro tesnila ali po\u0161kodbo ohi\u0161ja valja. Redni pregledi lahko pomagajo zgodaj odkriti pu\u0161\u010danja.<\/li>\n<li><strong>Slaba zmogljivost:<\/strong> \u010ce se valj ne izteguje ali umika gladko, lahko to ka\u017ee na te\u017eave z mazanjem ali notranje po\u0161kodbe.<\/li>\n<li><strong>Hrupno delovanje:<\/strong> Nenavadni zvoki med delovanjem lahko ka\u017eejo na notranjo obrabo ali nezadostno mazanje, kar zahteva takoj\u0161njo pozornost.<\/li>\n<\/ul>\n<p>Nasveti in re\u0161itve za odpravljanje te\u017eav lahko bralcem pomagajo pri u\u010dinkovitem diagnosticiranju in odpravljanju te\u017eav s hidravli\u010dnimi cilindri. Preventivni ukrepi, kot sta redno vzdr\u017eevanje in pregledi, lahko znatno zmanj\u0161ajo verjetnost nastanka te\u017eav.<\/p>\n<p><img decoding=\"async\" src=\"https:\/\/www.hydraulic-cylinders.net\/wp-content\/uploads\/2025\/04\/songte-bushings-with-all-kinds-of-excavator-models.webp\" alt=\"Diagnoza napak\"><\/p>\n<h2>O na\u0161em podjetju<\/h2>\n<p>Smo vodilni proizvajalec nadomestnih hidravli\u010dnih cilindrov in ponujamo \u0161iroko paleto izdelkov, zaradi katerih smo se uveljavili kot eden vodilnih proizvajalcev in veletrgovcev na doma\u010dem in mednarodnem trgu. Na\u0161o zavezanost odli\u010dnosti podpira natan\u010dno dolo\u010dena strategija upravljanja proizvodnje. Z uporabo usposobljenega osebja, napredne digitalne proizvodne opreme in profesionalnih sistemov testiranja nenehno izbolj\u0161ujemo na\u0161o proizvodno platformo in izbolj\u0161ujemo kakovost izdelkov. Na\u0161a mo\u010dna inovacijska sposobnost, skupaj z visoko u\u010dinkovitostjo, natan\u010dnostjo in kakovostjo, nam omogo\u010da, da zadovoljimo raznolike potrebe na\u0161ih strank.<\/p>\n<p><img decoding=\"async\" src=\"https:\/\/www.hydraulic-cylinders.net\/wp-content\/uploads\/2025\/04\/songte-company-4.webp\" alt=\"Pregled podjetja\"><br \/>\n<img decoding=\"async\" src=\"https:\/\/www.hydraulic-cylinders.net\/wp-content\/uploads\/2025\/04\/songte-company-3.webp\" alt=\"Prostori podjetja\"><\/p>\n<p>Avtor: lyl<\/p>","protected":false},"excerpt":{"rendered":"<p>Boom Cylinder For Kato Small Excavator HD1430R Product Overview The Boom Cylinder for Kato Small Excavator HD1430R is a crucial hydraulic component designed specifically for heavy machinery such as excavators. This type of hydraulic cylinder controls the movement of the excavator&#8217;s boom, allowing for precise lifting, lowering, and tilting of the bucket. As a vital [&hellip;]<\/p>","protected":false},"featured_media":17869,"comment_status":"open","ping_status":"closed","template":"","meta":{"_et_pb_use_builder":"","_et_pb_old_content":"","_et_gb_content_width":""},"product_brand":[],"product_cat":[1546],"product_tag":[1547,1496],"class_list":{"0":"post-19741","1":"product","2":"type-product","3":"status-publish","4":"has-post-thumbnail","6":"product_cat-boom-cylinders","7":"product_tag-boom-cylinders","8":"product_tag-hydraulic-cylinders","10":"first","11":"instock","12":"shipping-taxable","13":"product-type-simple"},"amp_enabled":true,"_links":{"self":[{"href":"https:\/\/www.hydraulic-cylinders.net\/sl\/wp-json\/wp\/v2\/product\/19741","targetHints":{"allow":["GET"]}}],"collection":[{"href":"https:\/\/www.hydraulic-cylinders.net\/sl\/wp-json\/wp\/v2\/product"}],"about":[{"href":"https:\/\/www.hydraulic-cylinders.net\/sl\/wp-json\/wp\/v2\/types\/product"}],"replies":[{"embeddable":true,"href":"https:\/\/www.hydraulic-cylinders.net\/sl\/wp-json\/wp\/v2\/comments?post=19741"}],"wp:featuredmedia":[{"embeddable":true,"href":"https:\/\/www.hydraulic-cylinders.net\/sl\/wp-json\/wp\/v2\/media\/17869"}],"wp:attachment":[{"href":"https:\/\/www.hydraulic-cylinders.net\/sl\/wp-json\/wp\/v2\/media?parent=19741"}],"wp:term":[{"taxonomy":"product_brand","embeddable":true,"href":"https:\/\/www.hydraulic-cylinders.net\/sl\/wp-json\/wp\/v2\/product_brand?post=19741"},{"taxonomy":"product_cat","embeddable":true,"href":"https:\/\/www.hydraulic-cylinders.net\/sl\/wp-json\/wp\/v2\/product_cat?post=19741"},{"taxonomy":"product_tag","embeddable":true,"href":"https:\/\/www.hydraulic-cylinders.net\/sl\/wp-json\/wp\/v2\/product_tag?post=19741"}],"curies":[{"name":"delovni list","href":"https:\/\/api.w.org\/{rel}","templated":true}]}}