{"id":20089,"date":"2025-05-09T01:07:59","date_gmt":"2025-05-09T01:07:59","guid":{"rendered":"https:\/\/www.hydraulic-cylinders.net\/?post_type=product&#038;p=20089"},"modified":"2025-05-12T05:29:34","modified_gmt":"2025-05-12T05:29:34","slug":"support-cylinder-for-scissor-type-aerial-work-vehicles","status":"publish","type":"product","link":"https:\/\/www.hydraulic-cylinders.net\/sl\/izdelek\/support-cylinder-for-scissor-type-aerial-work-vehicles\/","title":{"rendered":"Podporni valj za \u0161karjasta zra\u010dna delovna vozila"},"content":{"rendered":"<h1 style=\"text-align: center;\"><strong>Podporni valj za \u0161karjasta zra\u010dna delovna vozila<\/strong><\/h1>\n<p><img loading=\"lazy\" decoding=\"async\" class=\"wp-image-20090 aligncenter\" src=\"https:\/\/www.hydraulic-cylinders.net\/wp-content\/uploads\/2025\/04\/support-hydraulic-cylinders-for-scissor-type-aerial-work-vehicle.jpg\" alt=\"\" width=\"500\" height=\"500\" srcset=\"https:\/\/www.hydraulic-cylinders.net\/wp-content\/uploads\/2025\/04\/support-hydraulic-cylinders-for-scissor-type-aerial-work-vehicle.jpg 500w, https:\/\/www.hydraulic-cylinders.net\/wp-content\/uploads\/2025\/04\/support-hydraulic-cylinders-for-scissor-type-aerial-work-vehicle-480x480.jpg 480w\" sizes=\"(min-width: 0px) and (max-width: 480px) 480px, (min-width: 481px) 500px, 100vw\" \/><\/p>\n<h2><strong>Podporni valj za \u0161karjasta dvigala <\/strong><strong>Tehni\u010dne specifikacije:<\/strong><\/h2>\n<p>Funkcija: Uravnote\u017eite sredino avtomobila, da prepre\u010dite njegovo nagibanje<br \/>\nPremer valja: 70 mm-90 mm<br \/>\nPremer palice: 50 mm-700 mm<br \/>\nHod: 477 mm - 754 mm<br \/>\nNajvi\u0161ji tlak: 20 MPa<br \/>\nNajve\u010dji potisk: 127 kN<\/p>\n<section id=\"features\">\n<h2><strong>Klju\u010dne zna\u010dilnosti podpornega cilindra za \u0161karjasta dvigala:<\/strong><\/h2>\n<ul>\n<li><strong>Robustna podpora za te\u017eke obremenitve:<\/strong>\u00a0Podporni valj za \u0161karjasta dvi\u017ena vozila je zasnovan z robustno zasnovo za prena\u0161anje te\u017ekih bremen, kar zagotavlja stabilno oporo za \u0161karjasta dvi\u017ena vozila med delovanjem. Ta hidravli\u010dni valj zmanj\u0161uje nihanje in pove\u010duje varnost, zaradi \u010desar je odli\u010dna izbira za podporni valj za \u0161karjasta dvi\u017ena vozila pri gradbenih ali vzdr\u017eevalnih delih.<\/li>\n<li><strong>Trpe\u017ena konstrukcija za zahtevne pogoje:<\/strong>\u00a0Ta hidravli\u010dni cilinder za \u0161karjasto dvigalo, izdelan iz visoko trdnega legiranega jekla s protikorozijsko prevleko, je odporen na te\u017eka okolja, kot so prah, vlaga in ekstremne temperature. Zagotavlja dolgotrajno delovanje in zmanj\u0161uje \u010das izpada pri zahtevnih aplikacijah, kot so skladi\u0161\u010denje ali industrijsko vzdr\u017eevanje z dvi\u017eno delovno plo\u0161\u010dadjo.<\/li>\n<li><strong>Brezhibna zdru\u017eljivost z modeli \u0161karjastih dvi\u017enih plo\u0161\u010dadi:<\/strong>\u00a0Podporni valj za \u0161karjaste dvi\u017ene plo\u0161\u010dadi, zasnovan za \u0161karjaste dvi\u017ene plo\u0161\u010dadi Genie GS-2632, JLG 4069LE in Skyjack SJIII 4626 (2015\u20132025), zagotavlja popolno prileganje in zanesljivo dvi\u017eno zmogljivost. Ta visokozmogljiv podporni valj za \u0161karjaste dvi\u017ene plo\u0161\u010dadi pove\u010da u\u010dinkovitost va\u0161e \u0161karjaste dvi\u017ene plo\u0161\u010dadi in podpira varno delovanje pri dvignjenih nalogah.<\/li>\n<li><strong>U\u010dinkovito delovanje z zmanj\u0161anim vzdr\u017eevanjem:<\/strong>\u00a0Z napredno tehnologijo tesnjenja in optimiziranimi mazalnimi kanali ta podporni valj zagotavlja bolj gladko delovanje in zmanj\u0161uje obrabo kriti\u010dnih komponent. Zni\u017euje stro\u0161ke vzdr\u017eevanja in podalj\u0161uje \u017eivljenjsko dobo va\u0161ega \u0161karjastega dvi\u017enega vozila ter ponuja odli\u010dno zamenjavo za podporni valj \u0161karjastega dvigala za intenzivne dvi\u017ene aplikacije.<\/li>\n<\/ul>\n<\/section>\n<section id=\"applications\">\n<h2><strong>Uporaba podpornega cilindra za \u0161karjasta dvigala:<\/strong><\/h2>\n<ul>\n<li><strong>Gradnja in vzdr\u017eevanje visokih stavb:<\/strong>\u00a0Podporni cilinder za \u0161karjasta dvi\u017ena vozila zagotavlja zanesljivo podporo \u0161karjastim dvi\u017enim plo\u0161\u010dadem pri gradbenih projektih in delavcem omogo\u010da dostop do visokih stavb za opravila, kot so vgradnja oken ali popravilo konstrukcij. Njegov hidravli\u010dni cilinder za podporo \u0161karjastega dvi\u017enega plo\u0161\u010dadi zagotavlja stabilno vi\u0161ino, kar pove\u010duje varnost in produktivnost na gradbi\u0161\u010du s podpornim valjem za dvi\u017ene delovne plo\u0161\u010dadi.<\/li>\n<li><strong>Skladi\u0161\u010denje in upravljanje zalog:<\/strong>\u00a0Ta podporni cilinder, zasnovan za \u0161karjasta dvi\u017ena vozila v skladi\u0161\u010dih, omogo\u010da u\u010dinkovito dvigovanje zalog na razli\u010dnih vi\u0161inah. Zagotavlja nemoteno delovanje in pomaga upravljavcem ohranjati produktivnost v prometnih logisti\u010dnih okoljih z visokozmogljivim podpornim valjem za \u0161karjasta dvi\u017ena vozila.<\/li>\n<li><strong>Vzdr\u017eevanje industrijske opreme:<\/strong>\u00a0Podporni valj za \u0161karjasta dvi\u017ena vozila, idealen za \u0161karjasta dvi\u017ena vozila, ki se uporabljajo v industrijskih okoljih, omogo\u010da varen dostop do strojev ali nadzemnih sistemov za vzdr\u017eevalna dela. Njegova trpe\u017ena zasnova hidravli\u010dnega cilindra zagotavlja dosledno delovanje in slu\u017ei kot zanesljiva zamenjava za podporni valj \u0161karjastega dvi\u017enega vozila pri pogosti uporabi v zahtevnih pogojih.<\/li>\n<\/ul>\n<h2><strong>Kolik\u0161en je najvi\u0161ji delovni tlak podpornega valja?<\/strong><\/h2>\n<p dir=\"auto\">Najvi\u0161ji delovni tlak podpornega cilindra za \u0161karjasta dvi\u017ena vozila je 280 barov, zaradi \u010desar je to visokozmogljiv hidravli\u010dni cilinder za podporo \u0161karjastih dvi\u017enih vozil. Ta robustna tla\u010dna zmogljivost zagotavlja, da podporni cilinder lahko prenese te\u017eke obremenitve in zahtevne pogoje, kar zagotavlja stabilno in varno dvigovanje za \u0161karjasta dvi\u017ena vozila v aplikacijah, kot so gradbeni\u0161tvo, skladi\u0161\u010denje in industrijsko vzdr\u017eevanje. Ne glede na to, ali upravljate \u0161karjasto dvi\u017eno vozilo na prometnem gradbi\u0161\u010du ali pri vzdr\u017eevalnih delih na visoki nadmorski vi\u0161ini, ta hidravli\u010dni cilinder za podporo \u0161karjastih dvi\u017enih vozil zagotavlja dosledno delovanje brez ogro\u017eanja varnosti.<\/p>\n<p dir=\"auto\">Poleg tega zasnova cilindra vklju\u010duje napredno tehnologijo tesnjenja, ki prepre\u010duje pu\u0161\u010danje in ohranja integriteto tlaka, tudi pri pogosti uporabi. \u010ce potrebujete nadomestni podporni valj za \u0161karjasto dvi\u017eno plo\u0161\u010dad, ki lahko prenese okolja z visokim tlakom, je ta podporni valj za dvi\u017ene plo\u0161\u010dadi idealna izbira. Za ve\u010d podrobnosti o tem, kako lahko ta visokozmogljiv podporni valj za \u0161karjasto dvi\u017eno plo\u0161\u010dad izpolni va\u0161e specifi\u010dne potrebe, se obrnite na na\u0161o ekipo!<\/p>\n<h2><strong>Proizvodno obmo\u010dje hidravli\u010dnih cilindrov:<\/strong><\/h2>\n<h2><img loading=\"lazy\" decoding=\"async\" class=\"alignnone size-full wp-image-16972\" src=\"https:\/\/www.hydraulic-cylinders.net\/wp-content\/uploads\/2025\/01\/hydraulic-cylinder-factory-1-scaled.webp\" alt=\"\" width=\"2016\" height=\"2560\" srcset=\"https:\/\/www.hydraulic-cylinders.net\/wp-content\/uploads\/2025\/01\/hydraulic-cylinder-factory-1-scaled.webp 2016w, https:\/\/www.hydraulic-cylinders.net\/wp-content\/uploads\/2025\/01\/hydraulic-cylinder-factory-1-1280x1625.webp 1280w, https:\/\/www.hydraulic-cylinders.net\/wp-content\/uploads\/2025\/01\/hydraulic-cylinder-factory-1-980x1244.webp 980w, https:\/\/www.hydraulic-cylinders.net\/wp-content\/uploads\/2025\/01\/hydraulic-cylinder-factory-1-480x610.webp 480w\" sizes=\"(min-width: 0px) and (max-width: 480px) 480px, (min-width: 481px) and (max-width: 980px) 980px, (min-width: 981px) and (max-width: 1280px) 1280px, (min-width: 1281px) 2016px, 100vw\" \/><\/h2>\n<p>Pona\u0161amo se z najsodobnej\u0161o neodvisno platformo za raziskave in razvoj, namenjeno monta\u017ei, ki zagotavlja vrhunske inovacije in kakovost v na\u0161ih proizvodnih procesih. Na\u0161a delavnica za proizvodnjo valjev za vili\u010darje ima \u0161tiri polavtomatske monta\u017ene linije za dvi\u017ene valje in popolnoma avtomatsko monta\u017eno linijo za nagibne valje, ki so skupaj zasnovane za proizvodnjo do milijona enot letno.<\/p>\n<p>Poleg tega je na\u0161a specializirana delavnica za jeklenke opremljena s polavtomatskimi sistemi za \u010di\u0161\u010denje in monta\u017eo, prilagojenimi razli\u010dnim specifikacijam, z letno proizvodno zmogljivostjo 200.000 kosov. Uporabljamo priznano CNC opremo, obdelovalne centre in specializirana orodja za visoko precizno obdelavo jeklenk. Na\u0161 obrat vklju\u010duje tudi napredne robotske varilne stroje, avtomatske sisteme za \u010di\u0161\u010denje in popolnoma avtomatizirane linije za monta\u017eo in barvanje jeklenk. Z ve\u010d kot 300 klju\u010dnimi kosi opreme v uporabi optimiziramo dodelitev virov in zagotavljamo u\u010dinkovito izrabo, pri \u010demer izpolnjujemo stroge standarde natan\u010dnosti in kakovosti.<\/p>\n<h2><img loading=\"lazy\" decoding=\"async\" class=\"alignnone size-full wp-image-16973\" src=\"https:\/\/www.hydraulic-cylinders.net\/wp-content\/uploads\/2025\/01\/hydraulic-cylinder-factory-2-scaled.webp\" alt=\"\" width=\"2011\" height=\"2560\" srcset=\"https:\/\/www.hydraulic-cylinders.net\/wp-content\/uploads\/2025\/01\/hydraulic-cylinder-factory-2-scaled.webp 2011w, https:\/\/www.hydraulic-cylinders.net\/wp-content\/uploads\/2025\/01\/hydraulic-cylinder-factory-2-1280x1629.webp 1280w, https:\/\/www.hydraulic-cylinders.net\/wp-content\/uploads\/2025\/01\/hydraulic-cylinder-factory-2-980x1248.webp 980w, https:\/\/www.hydraulic-cylinders.net\/wp-content\/uploads\/2025\/01\/hydraulic-cylinder-factory-2-480x611.webp 480w\" sizes=\"(min-width: 0px) and (max-width: 480px) 480px, (min-width: 481px) and (max-width: 980px) 980px, (min-width: 981px) and (max-width: 1280px) 1280px, (min-width: 1281px) 2011px, 100vw\" \/><\/h2>\n<p>Upravljamo popolnoma avtomatsko linijo za barvanje na vodni osnovi, posebej zasnovano za majhne in srednje velike jeklenke, z avtomatiziranimi roboti za nalaganje, razkladanje in brizganje. Ta najsodobnej\u0161i sistem se pona\u0161a s proizvodno zmogljivostjo 4000 enot na izmeno. Poleg tega imamo polavtomatsko linijo za barvanje velikih jeklenk, ki jo poganja veri\u017eni pogon, s projektno zmogljivostjo 60 zabojev na izmeno.<\/p>\n<p>Poleg tega za zagotovitev varnosti na\u0161ih hidravli\u010dnih sistemov izvajamo spremljanje stanja klju\u010dnih parametrov delovanja, vklju\u010dno s temperaturo olja, nivojem teko\u010dine in stanjem filtrirne naprave. Na\u0161e preskusno mesto za hidravli\u010dne cilindre lahko z natan\u010dnimi od\u010ditki oceni \u00bbu\u010dinkovitost obremenitve\u00ab in \u00bbnotranje pu\u0161\u010danje\u00ab. Opremljeno je tudi z merilnim instrumentom z ravnilom, ki ustreza nacionalnim standardom in zagotavlja skladnost z vsemi zahtevami glede presku\u0161anja hidravli\u010dnih cilindrov.<\/p>\n<p>&nbsp;<\/p>\n<\/section>","protected":false},"excerpt":{"rendered":"<p>Support Cylinder For Scissor Type Aerial Work Vehicles Support Cylinder for Scissor Type Aerial Work Vehicles Technical Specifications: Function: Balance the center of the car to prevent it from tilting Cylinder diameter: 70mm-90mm Rod diameter: 50mm-700mm Travel: 477 mm- 754 mm Maximum pressure: 20MPa Maximum thrust: 127KN Key Features of the Support Cylinder for Scissor [&hellip;]<\/p>","protected":false},"featured_media":20091,"comment_status":"open","ping_status":"closed","template":"","meta":{"_et_pb_use_builder":"","_et_pb_old_content":"","_et_gb_content_width":""},"product_brand":[],"product_cat":[1376],"product_tag":[],"class_list":{"0":"post-20089","1":"product","2":"type-product","3":"status-publish","4":"has-post-thumbnail","6":"product_cat-hydraulic-cylinder","8":"first","9":"instock","10":"shipping-taxable","11":"product-type-simple"},"amp_enabled":true,"_links":{"self":[{"href":"https:\/\/www.hydraulic-cylinders.net\/sl\/wp-json\/wp\/v2\/product\/20089","targetHints":{"allow":["GET"]}}],"collection":[{"href":"https:\/\/www.hydraulic-cylinders.net\/sl\/wp-json\/wp\/v2\/product"}],"about":[{"href":"https:\/\/www.hydraulic-cylinders.net\/sl\/wp-json\/wp\/v2\/types\/product"}],"replies":[{"embeddable":true,"href":"https:\/\/www.hydraulic-cylinders.net\/sl\/wp-json\/wp\/v2\/comments?post=20089"}],"wp:featuredmedia":[{"embeddable":true,"href":"https:\/\/www.hydraulic-cylinders.net\/sl\/wp-json\/wp\/v2\/media\/20091"}],"wp:attachment":[{"href":"https:\/\/www.hydraulic-cylinders.net\/sl\/wp-json\/wp\/v2\/media?parent=20089"}],"wp:term":[{"taxonomy":"product_brand","embeddable":true,"href":"https:\/\/www.hydraulic-cylinders.net\/sl\/wp-json\/wp\/v2\/product_brand?post=20089"},{"taxonomy":"product_cat","embeddable":true,"href":"https:\/\/www.hydraulic-cylinders.net\/sl\/wp-json\/wp\/v2\/product_cat?post=20089"},{"taxonomy":"product_tag","embeddable":true,"href":"https:\/\/www.hydraulic-cylinders.net\/sl\/wp-json\/wp\/v2\/product_tag?post=20089"}],"curies":[{"name":"delovni list","href":"https:\/\/api.w.org\/{rel}","templated":true}]}}