{"id":20124,"date":"2025-05-09T08:14:18","date_gmt":"2025-05-09T08:14:18","guid":{"rendered":"https:\/\/www.hydraulic-cylinders.net\/?post_type=product&#038;p=20124"},"modified":"2025-05-12T05:29:49","modified_gmt":"2025-05-12T05:29:49","slug":"pin-shaft-hydraulic-cylinders-for-crawler-crane","status":"publish","type":"product","link":"https:\/\/www.hydraulic-cylinders.net\/sl\/izdelek\/pin-shaft-hydraulic-cylinders-for-crawler-crane\/","title":{"rendered":"Hidravli\u010dni cilindri z zati\u010dem za goseni\u010dni \u017eerjav"},"content":{"rendered":"<h1 style=\"text-align: center;\"><strong>Hidravli\u010dni cilindri z zati\u010dem za goseni\u010dni \u017eerjav<\/strong><\/h1>\n<p><img loading=\"lazy\" decoding=\"async\" class=\"wp-image-20125 aligncenter\" src=\"https:\/\/www.hydraulic-cylinders.net\/wp-content\/uploads\/2025\/05\/pin-shaft-hydraulic-cylinders-for-crawler-crane-scaled.webp\" alt=\"Hidravli\u010dni cilindri z zati\u010dem za goseni\u010dni \u017eerjav\" width=\"500\" height=\"500\" \/><\/p>\n<section id=\"introduction\">Hidravli\u010dni cilindri z zati\u010dem za goseni\u010dne \u017eerjave so robustni hidravli\u010dni cilindri za te\u017eka dela, zasnovani za goseni\u010dne \u017eerjave, zdru\u017eljivi z vodilnimi modeli. Ta hidravli\u010dni cilindri z zati\u010dem so zasnovani za vzdr\u017eljivost in natan\u010dnost ter izbolj\u0161ujejo delovanje \u017eerjava, saj zagotavljajo zanesljivo dvigovanje in premikanje te\u017ekih bremen v zahtevnih okoljih, kot so gradbi\u0161\u010da, rudarstvo in infrastrukturni projekti. Ta hidravli\u010dni cilinder \u017eerjava je idealen za dvigovanje te\u017ekih bremen, saj ponuja neprekosljivo trdnost in stabilnost za va\u0161e potrebe po cilindrih goseni\u010dnih \u017eerjavov.<\/section>\n<section id=\"specifications\">\n<h2><strong>Tehni\u010dne specifikacije hidravli\u010dnih cilindrov z zati\u010dem za goseni\u010dni \u017eerjav:<\/strong><\/h2>\n<p><img loading=\"lazy\" decoding=\"async\" class=\"aligncenter wp-image-20129 size-full\" src=\"https:\/\/www.hydraulic-cylinders.net\/wp-content\/uploads\/2025\/05\/truss-arm-crawler-crane-hydraulic-cylinders.webp\" alt=\"Hidravli\u010dni cilinder goseni\u010dne \u017eerjave\" width=\"640\" height=\"358\" srcset=\"https:\/\/www.hydraulic-cylinders.net\/wp-content\/uploads\/2025\/05\/truss-arm-crawler-crane-hydraulic-cylinders.webp 640w, https:\/\/www.hydraulic-cylinders.net\/wp-content\/uploads\/2025\/05\/truss-arm-crawler-crane-hydraulic-cylinders-480x269.webp 480w\" sizes=\"(min-width: 0px) and (max-width: 480px) 480px, (min-width: 481px) 640px, 100vw\" \/><\/p>\n<ul>\n<li>\n<p class=\"ds-markdown-paragraph\"><strong>Funkcija<\/strong>: U\u010dinek pufra<\/p>\n<\/li>\n<li>\n<p class=\"ds-markdown-paragraph\"><strong>Premer valja<\/strong>80 mm<\/p>\n<\/li>\n<li>\n<p class=\"ds-markdown-paragraph\"><strong>Premer palice<\/strong>40 mm<\/p>\n<\/li>\n<li>\n<p class=\"ds-markdown-paragraph\"><strong>Potovanja<\/strong>200 mm \u2013 530 mm<\/p>\n<\/li>\n<li>\n<p class=\"ds-markdown-paragraph\"><strong>Najve\u010dji tlak<\/strong>: 25 MPa<\/p>\n<\/li>\n<li>\n<p class=\"ds-markdown-paragraph\"><strong>Najve\u010dji potisk<\/strong>: 125 kN<\/p>\n<\/li>\n<\/ul>\n<\/section>\n<section id=\"features\">\n<h2><strong>Klju\u010dne zna\u010dilnosti hidravli\u010dnih cilindrov z zati\u010dem za goseni\u010dni \u017eerjav:<\/strong><\/h2>\n<ul>\n<li><strong>Izbolj\u0161ano dvigovanje z zasnovo zati\u010da:<\/strong> Hidravli\u010dni cilindri z zati\u010dem za goseni\u010dni \u017eerjav imajo robustno zasnovo cilindra z zati\u010dem, ki zagotavlja vrhunsko nosilnost in natan\u010dno gibanje pri dvigovanju te\u017ekih bremen. Ta hidravli\u010dni cilinder z visokimi obremenitvami zagotavlja stabilnost in varnost med delovanjem \u017eerjava v gradbeni\u0161tvu in rudarstvu.<\/li>\n<li><strong>Trpe\u017ena konstrukcija za ekstremne pogoje:<\/strong>\u00a0Ta hidravli\u010dni cilinder \u017eerjava, izdelan iz visoko trdnega legiranega jekla s protikorozijsko prevleko, je odporen na zahtevna okolja, kot so pra\u0161na gradbi\u0161\u010da, vla\u017ena obalna obmo\u010dja in projekti na visoki nadmorski vi\u0161ini. Zagotavlja dolgotrajno delovanje, zaradi \u010desar je zanesljiv hidravli\u010dni cilinder z zati\u010dem za uporabo v cilindrih goseni\u010dnih \u017eerjavov.<\/li>\n<li><strong>Brezhibna zdru\u017eljivost z goseni\u010dnimi \u017eerjavi:<\/strong> Ta cilinder z zati\u010dem, zasnovan za goseni\u010dne \u017eerjave Liebherr LR 1300, Manitowoc 14000 in Kobelco CKE2500, zagotavlja popolno prileganje in optimalno delovanje pri delu z \u017eerjavom. Ta cilinder goseni\u010dne \u017eerjave s svojim robustnim hidravli\u010dnim cilindrom izbolj\u0161a u\u010dinkovitost dvigovanja in zanesljivost va\u0161ega \u017eerjava.<\/li>\n<li><strong>U\u010dinkovito delovanje z minimalnim vzdr\u017eevanjem:<\/strong>\u00a0Z napredno tehnologijo tesnjenja in optimiziranimi mazalnimi kanali ta hidravli\u010dni cilinder z gredjo za zati\u010d zagotavlja bolj gladko delovanje in zmanj\u0161uje obrabo kriti\u010dnih komponent. Zni\u017euje stro\u0161ke vzdr\u017eevanja in podalj\u0161uje \u017eivljenjsko dobo va\u0161ega goseni\u010dnega \u017eerjava ter ponuja odli\u010dno zamenjavo za hidravli\u010dni cilinder \u017eerjava za zahtevne aplikacije.<\/li>\n<\/ul>\n<\/section>\n<section id=\"applications\">\n<h2><strong>Uporaba hidravli\u010dnih cilindrov z zati\u010dem za goseni\u010dni \u017eerjav:<\/strong><\/h2>\n<p><img loading=\"lazy\" decoding=\"async\" class=\"alignnone size-full wp-image-20131\" src=\"https:\/\/www.hydraulic-cylinders.net\/wp-content\/uploads\/2025\/05\/hydraulic-cylinder-application.webp\" alt=\"Uporaba hidravli\u010dnega cilindra goseni\u010dnih \u017eerjavov\" width=\"2048\" height=\"1152\" srcset=\"https:\/\/www.hydraulic-cylinders.net\/wp-content\/uploads\/2025\/05\/hydraulic-cylinder-application.webp 2048w, https:\/\/www.hydraulic-cylinders.net\/wp-content\/uploads\/2025\/05\/hydraulic-cylinder-application-1280x720.webp 1280w, https:\/\/www.hydraulic-cylinders.net\/wp-content\/uploads\/2025\/05\/hydraulic-cylinder-application-980x551.webp 980w, https:\/\/www.hydraulic-cylinders.net\/wp-content\/uploads\/2025\/05\/hydraulic-cylinder-application-480x270.webp 480w\" sizes=\"(min-width: 0px) and (max-width: 480px) 480px, (min-width: 481px) and (max-width: 980px) 980px, (min-width: 981px) and (max-width: 1280px) 1280px, (min-width: 1281px) 2048px, 100vw\" \/><\/p>\n<ul>\n<li><strong>Gradbeni in infrastrukturni projekti:<\/strong> Hidravli\u010dni cilindri z zati\u010dem za goseni\u010dne \u017eerjave zagotavljajo zanesljivo delovanje cilindrov goseni\u010dnih \u017eerjavov v gradbenih projektih, kar omogo\u010da natan\u010dno ravnanje s te\u017ekimi materiali, kot so jekleni nosilci in betonske plo\u0161\u010de. Njihovi robustni hidravli\u010dni cilindri za goseni\u010dne \u017eerjave pove\u010dujejo varnost in produktivnost na velikih infrastrukturnih gradbi\u0161\u010dih.<\/li>\n<li><strong>Rudarstvo in ravnanje z materiali:<\/strong>\u00a0Ta hidravli\u010dni cilinder \u017eerjava, zasnovan za goseni\u010dne \u017eerjave v rudarskih obratih, podpira u\u010dinkovito dvigovanje in premikanje te\u017ekih bremen, kot sta ruda in oprema. Zagotavlja nemoteno delovanje v zahtevnih okoljih, zaradi \u010desar je visokozmogljiv cilinder goseni\u010dnih \u017eerjavov za delovanje z \u017eerjavom.<\/li>\n<li><strong>Te\u017eka industrija in operacije na morju:<\/strong>\u00a0Ta hidravli\u010dni cilinder z zati\u010dem, idealen za goseni\u010dne \u017eerjave, ki se uporabljajo v te\u017eki industriji in pri projektih na morju, omogo\u010da varno dvigovanje prevelikih bremen v zahtevnih pogojih, kot so platforme na morju. Zaradi svoje vzdr\u017eljivosti je zanesljiv hidravli\u010dni cilinder z zati\u010dem za delovanje \u017eerjavov v zahtevnih aplikacijah.<\/li>\n<\/ul>\n<h2><strong>Razi\u0161\u010dite ve\u010d hidravli\u010dnih cilindrov za \u017eerjave:<\/strong><\/h2>\n<p>Ponujamo tudi \u0161iroko paleto drugih hidravli\u010dnih cilindrov za \u017eerjave, ki ustrezajo razli\u010dnim potrebam dvigovanja. Ne glede na to, ali potrebujete zamenjavo hidravli\u010dnega cilindra za stolpne \u017eerjave, mobilne \u017eerjave ali specializirano te\u017eko opremo, ima Ever-Power Huachang Hydraulic re\u0161itev. Oglejte si na\u0161o celotno ponudbo. <a href=\"https:\/\/www.hydraulic-cylinders.net\/sl\/mobile-crane-hydraulic-cylinders\/\">hidravli\u010dni cilindri \u017eerjava<\/a> da bi na\u0161li popolno re\u0161itev za va\u0161e delo z \u017eerjavom.<\/p>\n<h2><strong>Kako zasnova gredi zati\u010da hidravli\u010dnih cilindrov z gredjo zati\u010da izbolj\u0161a zmogljivost pri te\u017ekih aplikacijah?<\/strong><\/h2>\n<p dir=\"auto\">Zasnova hidravli\u010dnih cilindrov z zati\u010dem znatno izbolj\u0161a zmogljivost pri te\u017ekih aplikacijah, saj zagotavlja izjemno nosilnost in natan\u010den nadzor gibanja, kar je klju\u010dnega pomena za zahtevna okolja, kot so gradbi\u0161\u010da, rudarske dejavnosti in projekti na morju. Natan\u010dneje, konfiguracija cilindra z zati\u010dem zagotavlja optimalno porazdelitev sile po hidravli\u010dnem cilindru \u017eerjava, kar zmanj\u0161uje koncentracijo napetosti in tveganje mehanskih okvar med te\u017ekimi dvigovalnimi opravili z goseni\u010dnimi \u017eerjavi.<\/p>\n<p dir=\"auto\">Ta zasnova izbolj\u0161a tudi poravnavo in stabilnost, kar omogo\u010da, da hidravli\u010dni cilinder za te\u017eke obremenitve ohranja dosledno delovanje pod visokim tlakom \u2013 do 350 barov, kot je navedeno v tehni\u010dnih podrobnostih. Poleg tega hidravli\u010dni cilinder z zati\u010dem omogo\u010da bolj gladek prenos obremenitve, kar zmanj\u0161uje obrabo kriti\u010dnih komponent in podalj\u0161uje \u017eivljenjsko dobo cilindra goseni\u010dne dvigalke, tudi v ekstremnih pogojih, kot so pra\u0161na ali vla\u017ena okolja.<\/p>\n<p dir=\"auto\">Z integracijo napredne tehnologije tesnjenja in optimiziranih mazalnih kanalov hidravli\u010dni cilindri z gredjo za goseni\u010dne \u017eerjave zagotavljajo minimalno trenje in kopi\u010denje toplote, kar pove\u010duje operativno u\u010dinkovitost in zmanj\u0161uje potrebe po vzdr\u017eevanju. Zaradi tega je hidravli\u010dni cilinder z gredjo za \u017eerjave idealna izbira za uporabnike, ki i\u0161\u010dejo zanesljivo zamenjavo hidravli\u010dnega cilindra \u017eerjava, ki lahko prenese obremenitve dvigovanja te\u017ekih bremen, hkrati pa ohranja natan\u010dnost in varnost.<\/p>\n<\/section>\n<section id=\"company-introduction\">\n<h2><strong>O podjetju Ever-Power Huachang Hydraulic:<\/strong><\/h2>\n<h2><img loading=\"lazy\" decoding=\"async\" class=\"alignnone size-full wp-image-16972\" src=\"https:\/\/www.hydraulic-cylinders.net\/wp-content\/uploads\/2025\/01\/hydraulic-cylinder-factory-1-scaled.webp\" alt=\"\" width=\"2016\" height=\"2560\" srcset=\"https:\/\/www.hydraulic-cylinders.net\/wp-content\/uploads\/2025\/01\/hydraulic-cylinder-factory-1-scaled.webp 2016w, https:\/\/www.hydraulic-cylinders.net\/wp-content\/uploads\/2025\/01\/hydraulic-cylinder-factory-1-1280x1625.webp 1280w, https:\/\/www.hydraulic-cylinders.net\/wp-content\/uploads\/2025\/01\/hydraulic-cylinder-factory-1-980x1244.webp 980w, https:\/\/www.hydraulic-cylinders.net\/wp-content\/uploads\/2025\/01\/hydraulic-cylinder-factory-1-480x610.webp 480w\" sizes=\"(min-width: 0px) and (max-width: 480px) 480px, (min-width: 481px) and (max-width: 980px) 980px, (min-width: 981px) and (max-width: 1280px) 1280px, (min-width: 1281px) 2016px, 100vw\" \/><\/h2>\n<p>Pona\u0161amo se z najsodobnej\u0161o neodvisno platformo za raziskave in razvoj, namenjeno monta\u017ei, ki zagotavlja vrhunske inovacije in kakovost v na\u0161ih proizvodnih procesih. Na\u0161a delavnica za proizvodnjo valjev za vili\u010darje ima \u0161tiri polavtomatske monta\u017ene linije za dvi\u017ene valje in popolnoma avtomatsko monta\u017eno linijo za nagibne valje, ki so skupaj zasnovane za proizvodnjo do milijona enot letno.<\/p>\n<p>Na\u0161a strojna delavnica ima stru\u017eilne centre za nagibne vodilne tirnice po meri, obdelovalne centre, visokohitrostne stroje za honanje, varilne robote in drugo bistveno opremo. Ta postavitev nam omogo\u010da obdelavo valjastih cevi z najve\u010djim notranjim premerom 400 mm in dol\u017eino do 6 metrov, kar \u0161e dodatno izbolj\u0161uje na\u0161e proizvodne zmogljivosti.<\/p>\n<p>Upravljamo popolnoma avtomatsko linijo za barvanje na vodni osnovi, posebej zasnovano za majhne in srednje velike jeklenke, z avtomatiziranimi roboti za nalaganje, razkladanje in brizganje. Ta najsodobnej\u0161i sistem se pona\u0161a s proizvodno zmogljivostjo 4000 enot na izmeno. Poleg tega imamo polavtomatsko linijo za barvanje velikih jeklenk, ki jo poganja veri\u017eni pogon, s projektno zmogljivostjo 60 zabojev na izmeno.<\/p>\n<h2><img loading=\"lazy\" decoding=\"async\" class=\"alignnone size-full wp-image-16973\" src=\"https:\/\/www.hydraulic-cylinders.net\/wp-content\/uploads\/2025\/01\/hydraulic-cylinder-factory-2-scaled.webp\" alt=\"\" width=\"2011\" height=\"2560\" srcset=\"https:\/\/www.hydraulic-cylinders.net\/wp-content\/uploads\/2025\/01\/hydraulic-cylinder-factory-2-scaled.webp 2011w, https:\/\/www.hydraulic-cylinders.net\/wp-content\/uploads\/2025\/01\/hydraulic-cylinder-factory-2-1280x1629.webp 1280w, https:\/\/www.hydraulic-cylinders.net\/wp-content\/uploads\/2025\/01\/hydraulic-cylinder-factory-2-980x1248.webp 980w, https:\/\/www.hydraulic-cylinders.net\/wp-content\/uploads\/2025\/01\/hydraulic-cylinder-factory-2-480x611.webp 480w\" sizes=\"(min-width: 0px) and (max-width: 480px) 480px, (min-width: 481px) and (max-width: 980px) 980px, (min-width: 981px) and (max-width: 1280px) 1280px, (min-width: 1281px) 2011px, 100vw\" \/><\/h2>\n<p>Da bi izbolj\u0161ali u\u010dinkovitost izdelkov in utrdili vodilni polo\u017eaj v industriji hidravli\u010dnih cilindrov, smo se povezali z dru\u017ebo zjimee in ustanovili celovit laboratorij za merjenje u\u010dinkovitosti, namenjen hidravli\u010dnim cilindrom, ventilom in \u010drpalkam. Ta napredni laboratorij uporablja ra\u010dunalni\u0161ko podprto testiranje z elektrohidravli\u010dno tehnologijo, kar omogo\u010da vnaprej dolo\u010dene pogoje testiranja, ki izbolj\u0161ajo natan\u010dnost in vsestranskost sistema. Avtomatiziran postopek zbiranja podatkov uporablja senzorje za zbiranje izhodnih podatkov, kot so notranje pu\u0161\u010danje in izkoristek obremenitve, ki jih nato obdela ra\u010dunalnik in pretvori v standardne enote (ml\/min%).<\/p>\n<p>Hidravli\u010dni cilindri z zati\u010dem za goseni\u010dne \u017eerjave, zasnovani kot hidravli\u010dni cilindri za te\u017eka dela, zlasti za modele Liebherr, Manitowoc in Kobelco, ka\u017eejo na\u0161o predanost kakovosti in zmogljivosti. Zagotavljajo optimalno stabilnost dvigovanja in vzdr\u017eljivost v zahtevnih aplikacijah, kot so gradbeni\u0161tvo, rudarstvo in operacije na morju z \u017eerjavi. Na\u0161i izdelki, ki jim zaupajo veliki proizvajalci opreme po vsem svetu, so si prislu\u017eili dober sloves zanesljivosti, Ever-Power Huachang Hydraulic pa je priznan kot vodilni v proizvodnji hidravli\u010dnih cilindrov.<\/p>\n<\/section>","protected":false},"excerpt":{"rendered":"<p>Pin Shaft Hydraulic Cylinders for Crawler Crane The pin shaft hydraulic cylinders for crawler crane are robust heavy-duty hydraulic cylinders designed for crawler cranes, compatible with leading models. Engineered for durability and precision, this pin shaft cylinder enhances crane operations, ensuring reliable lifting and movement of heavy loads in demanding environments like construction sites, mining [&hellip;]<\/p>","protected":false},"featured_media":20126,"comment_status":"open","ping_status":"closed","template":"","meta":{"_et_pb_use_builder":"","_et_pb_old_content":"","_et_gb_content_width":""},"product_brand":[],"product_cat":[1514],"product_tag":[],"class_list":{"0":"post-20124","1":"product","2":"type-product","3":"status-publish","4":"has-post-thumbnail","6":"product_cat-mobile-crane-hydraulic-cylinders","8":"first","9":"instock","10":"shipping-taxable","11":"product-type-simple"},"amp_enabled":true,"_links":{"self":[{"href":"https:\/\/www.hydraulic-cylinders.net\/sl\/wp-json\/wp\/v2\/product\/20124","targetHints":{"allow":["GET"]}}],"collection":[{"href":"https:\/\/www.hydraulic-cylinders.net\/sl\/wp-json\/wp\/v2\/product"}],"about":[{"href":"https:\/\/www.hydraulic-cylinders.net\/sl\/wp-json\/wp\/v2\/types\/product"}],"replies":[{"embeddable":true,"href":"https:\/\/www.hydraulic-cylinders.net\/sl\/wp-json\/wp\/v2\/comments?post=20124"}],"wp:featuredmedia":[{"embeddable":true,"href":"https:\/\/www.hydraulic-cylinders.net\/sl\/wp-json\/wp\/v2\/media\/20126"}],"wp:attachment":[{"href":"https:\/\/www.hydraulic-cylinders.net\/sl\/wp-json\/wp\/v2\/media?parent=20124"}],"wp:term":[{"taxonomy":"product_brand","embeddable":true,"href":"https:\/\/www.hydraulic-cylinders.net\/sl\/wp-json\/wp\/v2\/product_brand?post=20124"},{"taxonomy":"product_cat","embeddable":true,"href":"https:\/\/www.hydraulic-cylinders.net\/sl\/wp-json\/wp\/v2\/product_cat?post=20124"},{"taxonomy":"product_tag","embeddable":true,"href":"https:\/\/www.hydraulic-cylinders.net\/sl\/wp-json\/wp\/v2\/product_tag?post=20124"}],"curies":[{"name":"delovni list","href":"https:\/\/api.w.org\/{rel}","templated":true}]}}