{"id":20133,"date":"2025-05-09T08:57:03","date_gmt":"2025-05-09T08:57:03","guid":{"rendered":"https:\/\/www.hydraulic-cylinders.net\/?post_type=product&#038;p=20133"},"modified":"2025-05-12T05:30:01","modified_gmt":"2025-05-12T05:30:01","slug":"spring-hydraulic-cylinders-for-crawler-crane","status":"publish","type":"product","link":"https:\/\/www.hydraulic-cylinders.net\/sl\/izdelek\/spring-hydraulic-cylinders-for-crawler-crane\/","title":{"rendered":"Vzmetni hidravli\u010dni cilindri za goseni\u010dni \u017eerjav"},"content":{"rendered":"<h1 style=\"text-align: center;\"><strong>Vzmetni hidravli\u010dni cilindri za goseni\u010dni \u017eerjav<\/strong><\/h1>\n<p><img loading=\"lazy\" decoding=\"async\" class=\"wp-image-20134 aligncenter\" src=\"https:\/\/www.hydraulic-cylinders.net\/wp-content\/uploads\/2025\/05\/spring-hydraulic-cylinders-for-crawler-crane-scaled.webp\" alt=\"Vzmetni hidravli\u010dni cilinder za goseni\u010dni \u017eerjav\" width=\"500\" height=\"500\" \/><\/p>\n<section id=\"introduction\">Vzmetni hidravli\u010dni cilinder za goseni\u010dni \u017eerjav podjetja ever-power huachang hydraulic je robusten vzmetno-povratni cilinder, zasnovan za delovanje goseni\u010dnih \u017eerjavov in zdru\u017eljiv z razli\u010dnimi modeli. Ta hidravli\u010dni cilinder za goseni\u010dni \u017eerjav s svojim vzmetnim mehanizmom izbolj\u0161a u\u010dinkovitost dvigovanja in zagotavlja zanesljivo delovanje v gradbeni\u0161tvu, rudarstvu in te\u017ekih industrijskih opravilih. Zasnovan za vzdr\u017eljivost, cilinder za goseni\u010dni \u017eerjav ponuja re\u0161itev za zahtevna okolja.<\/section>\n<section id=\"specifications\">\n<h2><strong>Tehni\u010dne specifikacije:<\/strong><\/h2>\n<p><img loading=\"lazy\" decoding=\"async\" class=\"aligncenter wp-image-20129 size-full\" src=\"https:\/\/www.hydraulic-cylinders.net\/wp-content\/uploads\/2025\/05\/truss-arm-crawler-crane-hydraulic-cylinders.webp\" alt=\"Hidravli\u010dni cilinder goseni\u010dne \u017eerjave\" width=\"640\" height=\"358\" srcset=\"https:\/\/www.hydraulic-cylinders.net\/wp-content\/uploads\/2025\/05\/truss-arm-crawler-crane-hydraulic-cylinders.webp 640w, https:\/\/www.hydraulic-cylinders.net\/wp-content\/uploads\/2025\/05\/truss-arm-crawler-crane-hydraulic-cylinders-480x269.webp 480w\" sizes=\"(min-width: 0px) and (max-width: 480px) 480px, (min-width: 481px) 640px, 100vw\" \/><\/p>\n<ul>\n<li>\n<p class=\"ds-markdown-paragraph\"><strong>Funkcija<\/strong>: U\u010dinek pufra<\/p>\n<\/li>\n<li>\n<p class=\"ds-markdown-paragraph\"><strong>Premer valja<\/strong>: 50 mm \u2013 63 mm (nastavljiva ali dvojna luknja)<\/p>\n<\/li>\n<li>\n<p class=\"ds-markdown-paragraph\"><strong>Premer palice<\/strong>32 mm<\/p>\n<\/li>\n<li>\n<p class=\"ds-markdown-paragraph\"><strong>Potovanja<\/strong>: 25 mm \u2013 60 mm (skupni hod 35 mm)<\/p>\n<\/li>\n<li>\n<p class=\"ds-markdown-paragraph\"><strong>Najve\u010dji tlak<\/strong>6 MPa<\/p>\n<\/li>\n<li>\n<p class=\"ds-markdown-paragraph\"><strong>Najve\u010dji potisk<\/strong>: 19 kN<\/p>\n<\/li>\n<\/ul>\n<\/section>\n<section id=\"features\">\n<h2><strong>Klju\u010dne zna\u010dilnosti vzmetnega hidravli\u010dnega cilindra za goseni\u010dni \u017eerjav:<\/strong><\/h2>\n<ul>\n<li><strong>Napredna zasnova vzmetnega vra\u010danja:<\/strong>\u00a0Vzmetni hidravli\u010dni cilinder za goseni\u010dni \u017eerjav ima vzmetni povratni cilinder, ki zagotavlja hitro umikanje in s tem pove\u010duje u\u010dinkovitost cilindra goseni\u010dnega \u017eerjava med dvigovanjem te\u017ekih bremen.<\/li>\n<li><strong>Robustna vzdr\u017eljivost:<\/strong>\u00a0Ta hidravli\u010dni cilinder za goseni\u010dni \u017eerjav, izdelan iz visoko trdnega jekla in prevleke, odporne proti koroziji, prenese te\u017eke pogoje, kot so pra\u0161na gradbi\u0161\u010da in vla\u017eno podnebje, zaradi \u010desar je zanesljiv hidravli\u010dni cilinder za te\u017eka dela.<\/li>\n<li><strong>Prilagodljiva zmogljivost:<\/strong>\u00a0Z nastavljivim hodom in silo vzmeti se cilinder goseni\u010dne dvigalke z vzmetnim mehanizmom prilagaja specifi\u010dnim potrebam dvigovanja in optimizira hidravli\u010dni cilinder za delovanje goseni\u010dne dvigalke.<\/li>\n<li><strong>Nizka vzdr\u017eevalna u\u010dinkovitost:<\/strong>\u00a0Ta vzmetno-povratni hidravli\u010dni cilinder, opremljen z naprednimi tesnili, zmanj\u0161uje obrabo, stro\u0161ke vzdr\u017eevanja za uporabo goseni\u010dnih \u017eerjavov in ponuja vzdr\u017eljiv vzmetni hidravli\u010dni cilinder za \u017eerjave.<\/li>\n<\/ul>\n<\/section>\n<section id=\"applications\">\n<h2><strong>Uporaba vzmetnega hidravli\u010dnega cilindra za goseni\u010dni \u017eerjav:<\/strong><\/h2>\n<p><img loading=\"lazy\" decoding=\"async\" class=\"alignnone size-full wp-image-20137\" src=\"https:\/\/www.hydraulic-cylinders.net\/wp-content\/uploads\/2025\/05\/spring-hydraulic-cylinder-for-crawler-crane-application.webp\" alt=\"\" width=\"1082\" height=\"612\" srcset=\"https:\/\/www.hydraulic-cylinders.net\/wp-content\/uploads\/2025\/05\/spring-hydraulic-cylinder-for-crawler-crane-application.webp 1082w, https:\/\/www.hydraulic-cylinders.net\/wp-content\/uploads\/2025\/05\/spring-hydraulic-cylinder-for-crawler-crane-application-980x554.webp 980w, https:\/\/www.hydraulic-cylinders.net\/wp-content\/uploads\/2025\/05\/spring-hydraulic-cylinder-for-crawler-crane-application-480x271.webp 480w\" sizes=\"(min-width: 0px) and (max-width: 480px) 480px, (min-width: 481px) and (max-width: 980px) 980px, (min-width: 981px) 1082px, 100vw\" \/><\/p>\n<ul>\n<li><strong>Gradbi\u0161\u010da:<\/strong>\u00a0Vzmetni hidravli\u010dni cilinder za goseni\u010dni \u017eerjav se odlikuje po konstrukciji, saj zagotavlja vzmetno povratno cilinder za dvigovanje te\u017ekih jeklenih nosilcev in betonskih plo\u0161\u010d z natan\u010dnim krmiljenjem cilindra goseni\u010dnega \u017eerjava.<\/li>\n<li><strong>Rudarske operacije:<\/strong>\u00a0Ta hidravli\u010dni cilinder za delovanje goseni\u010dnih \u017eerjavov, zasnovan za rudarstvo, zagotavlja stabilno dvigovanje rude in opreme, podprt pa je s hidravli\u010dnim cilindrom z vzmetjo za \u017eerjave na neravnih terenih.<\/li>\n<li><strong>Industrijski projekti:<\/strong>\u00a0Idealen za industrijska okolja, cilinder goseni\u010dne \u017eerjavne naprave z vzmetnim mehanizmom omogo\u010da varno ravnanje s tovorom v tovarnah in pove\u010duje u\u010dinkovitost z zanesljivim vzmetnim hidravli\u010dnim cilindrom.<\/li>\n<\/ul>\n<\/section>\n<section id=\"explore-more\">\n<h2><strong>Razi\u0161\u010dite ve\u010d cilindrov za goseni\u010dne \u017eerjave:<\/strong><\/h2>\n<p>Ponujamo tudi vrsto drugih cilindrov za goseni\u010dne \u017eerjave, ki ustrezajo razli\u010dnim potrebam dvigovanja. Ne glede na to, ali potrebujete hidravli\u010dni cilinder za delovanje goseni\u010dnih \u017eerjavov ali hidravli\u010dni cilinder z vzmetjo za te\u017eka dela, ima Ever-Power Huachang Hydraulic re\u0161itev. Oglejte si na\u0161o celotno ponudbo. <a href=\"https:\/\/www.hydraulic-cylinders.net\/sl\/mobile-crane-hydraulic-cylinders\/\">cilindri goseni\u010dnega \u017eerjava<\/a>.<\/p>\n<h2><strong>Kako vzmetni mehanizem v vzmetnem hidravli\u010dnem cilindru za goseni\u010dni \u017eerjav izbolj\u0161a dvi\u017ene operacije?<\/strong><\/h2>\n<p dir=\"auto\">Vzmetni mehanizem v vzmetnem hidravli\u010dnem cilindru za goseni\u010dni \u017eerjav znatno izbolj\u0161a dvigovanje, saj zagotavlja hitro in zanesljivo umikanje, kar optimizira u\u010dinkovitost delovanja cilindra goseni\u010dne \u017eerjave v zahtevnih aplikacijah, kot sta gradbeni\u0161tvo in rudarstvo. Za razliko od tradicionalnih hidravli\u010dnih cilindrov ima zasnova vzmetno-povratnega cilindra robustno vzmet, ki po pogonskem hodu samodejno umakne bat, s \u010dimer odpravi potrebo po zunanjih silah ali dodatnem hidravli\u010dnem tlaku za vrnitev cilindra v za\u010detni polo\u017eaj.<\/p>\n<p dir=\"auto\">Ta lastnost je \u0161e posebej koristna pri hidravli\u010dnih cilindrih za delovanje goseni\u010dnih \u017eerjavov, kjer so pogosti cikli dvigovanja obi\u010dajni, saj zmanj\u0161a \u010das izpada med dvigi in izbolj\u0161a operativno preto\u010dnost. Poleg tega vzmetni mehanizem v tem hidravli\u010dnem cilindru za te\u017eka bremena zmanj\u0161uje porabo energije z izkori\u0161\u010danjem mehanske sile vzmeti za umik, zaradi \u010desar je okolju prijazna in stro\u0161kovno u\u010dinkovita re\u0161itev za te\u017eka dvigovanja.<\/p>\n<p dir=\"auto\">Cilinder goseni\u010dne \u017eerjavne plo\u0161\u010dadi z vzmetnim mehanizmom prav tako pove\u010duje varnost, saj zagotavlja dosledno umikanje tudi pri spremenljivih obremenitvah, kar prepre\u010duje morebitno neporavnanost ali prekomerno raztezanje med delovanjem \u017eerjava. Vzmetni hidravli\u010dni cilinder za goseni\u010dno \u017eerjavno plo\u0161\u010dad, izdelan iz visoko trdnega jekla in z napredno tehnologijo tesnjenja, ohranja vzdr\u017eljivost in delovanje brez pu\u0161\u010danja, tudi v zahtevnih okoljih, kot so pra\u0161na mesta ali vla\u017ena obalna obmo\u010dja, kar zagotavlja dolgoro\u010dno zanesljivost te\u017ekega vzmetnega hidravli\u010dnega cilindra za \u017eerjave.<\/p>\n<\/section>\n<section id=\"company-introduction\">\n<h2><strong>O podjetju Ever-Power Huachang Hydraulic:<\/strong><\/h2>\n<h2><img loading=\"lazy\" decoding=\"async\" class=\"alignnone size-full wp-image-16972\" src=\"https:\/\/www.hydraulic-cylinders.net\/wp-content\/uploads\/2025\/01\/hydraulic-cylinder-factory-1-scaled.webp\" alt=\"\" width=\"2016\" height=\"2560\" srcset=\"https:\/\/www.hydraulic-cylinders.net\/wp-content\/uploads\/2025\/01\/hydraulic-cylinder-factory-1-scaled.webp 2016w, https:\/\/www.hydraulic-cylinders.net\/wp-content\/uploads\/2025\/01\/hydraulic-cylinder-factory-1-1280x1625.webp 1280w, https:\/\/www.hydraulic-cylinders.net\/wp-content\/uploads\/2025\/01\/hydraulic-cylinder-factory-1-980x1244.webp 980w, https:\/\/www.hydraulic-cylinders.net\/wp-content\/uploads\/2025\/01\/hydraulic-cylinder-factory-1-480x610.webp 480w\" sizes=\"(min-width: 0px) and (max-width: 480px) 480px, (min-width: 481px) and (max-width: 980px) 980px, (min-width: 981px) and (max-width: 1280px) 1280px, (min-width: 1281px) 2016px, 100vw\" \/><\/h2>\n<p>Pona\u0161amo se z najsodobnej\u0161o neodvisno platformo za raziskave in razvoj, namenjeno monta\u017ei, ki zagotavlja vrhunske inovacije in kakovost v na\u0161ih proizvodnih procesih. Na\u0161a delavnica za proizvodnjo valjev za vili\u010darje ima \u0161tiri polavtomatske monta\u017ene linije za dvi\u017ene valje in popolnoma avtomatsko monta\u017eno linijo za nagibne valje, ki so skupaj zasnovane za proizvodnjo do milijona enot letno.<\/p>\n<p>Na\u0161a strojna delavnica ima stru\u017eilne centre za nagibne vodilne tirnice po meri, obdelovalne centre, visokohitrostne stroje za honanje, varilne robote in drugo bistveno opremo. Ta postavitev nam omogo\u010da obdelavo valjastih cevi z najve\u010djim notranjim premerom 400 mm in dol\u017eino do 6 metrov, kar \u0161e dodatno izbolj\u0161uje na\u0161e proizvodne zmogljivosti.<\/p>\n<h2><img loading=\"lazy\" decoding=\"async\" class=\"alignnone size-full wp-image-16973\" src=\"https:\/\/www.hydraulic-cylinders.net\/wp-content\/uploads\/2025\/01\/hydraulic-cylinder-factory-2-scaled.webp\" alt=\"\" width=\"2011\" height=\"2560\" srcset=\"https:\/\/www.hydraulic-cylinders.net\/wp-content\/uploads\/2025\/01\/hydraulic-cylinder-factory-2-scaled.webp 2011w, https:\/\/www.hydraulic-cylinders.net\/wp-content\/uploads\/2025\/01\/hydraulic-cylinder-factory-2-1280x1629.webp 1280w, https:\/\/www.hydraulic-cylinders.net\/wp-content\/uploads\/2025\/01\/hydraulic-cylinder-factory-2-980x1248.webp 980w, https:\/\/www.hydraulic-cylinders.net\/wp-content\/uploads\/2025\/01\/hydraulic-cylinder-factory-2-480x611.webp 480w\" sizes=\"(min-width: 0px) and (max-width: 480px) 480px, (min-width: 481px) and (max-width: 980px) 980px, (min-width: 981px) and (max-width: 1280px) 1280px, (min-width: 1281px) 2011px, 100vw\" \/><\/h2>\n<p>Upravljamo popolnoma avtomatsko linijo za barvanje na vodni osnovi, posebej zasnovano za majhne in srednje velike jeklenke, z avtomatiziranimi roboti za nalaganje, razkladanje in brizganje. Ta najsodobnej\u0161i sistem se pona\u0161a s proizvodno zmogljivostjo 4000 enot na izmeno. Poleg tega imamo polavtomatsko linijo za barvanje velikih jeklenk, ki jo poganja veri\u017eni pogon, s projektno zmogljivostjo 60 zabojev na izmeno.<\/p>\n<p>Poleg tega za zagotovitev varnosti na\u0161ih hidravli\u010dnih sistemov izvajamo spremljanje stanja klju\u010dnih parametrov delovanja, vklju\u010dno s temperaturo olja, nivojem teko\u010dine in stanjem filtrirne naprave. Na\u0161e preskusno mesto za hidravli\u010dne cilindre lahko z natan\u010dnimi od\u010ditki oceni \u00bbu\u010dinkovitost obremenitve\u00ab in \u00bbnotranje pu\u0161\u010danje\u00ab. Opremljeno je tudi z merilnim instrumentom z ravnilom, ki ustreza nacionalnim standardom in zagotavlja skladnost z vsemi zahtevami glede presku\u0161anja hidravli\u010dnih cilindrov.<\/p>\n<p>Vzmetni hidravli\u010dni cilinder za goseni\u010dni \u017eerjav dokazuje na\u0161o predanost kakovosti in zmogljivosti, zasnovan kot hidravli\u010dni cilinder za delovanje goseni\u010dnih \u017eerjavov, zlasti za modele Liebherr, Manitowoc in Kobelco. Na\u0161i izdelki, ki jim zaupajo veliki svetovni proizvajalci opreme, so si prislu\u017eili dober sloves zanesljivosti, podjetje Ever-Power Huachang Hydraulic pa je priznano kot vodilno podjetje v proizvodnji hidravli\u010dnih cilindrov.<\/p>\n<\/section>","protected":false},"excerpt":{"rendered":"<p>Spring Hydraulic Cylinders for Crawler Crane The spring hydraulic cylinder for crawler crane from ever-power huachang hydraulic is a robust spring-return cylinder designed for crawler crane operations, compatible with various models. This hydraulic cylinder for crawler crane enhances lifting efficiency with its spring mechanism, ensuring reliable performance in construction, mining, and heavy industrial tasks. Engineered [&hellip;]<\/p>","protected":false},"featured_media":20135,"comment_status":"open","ping_status":"closed","template":"","meta":{"_et_pb_use_builder":"","_et_pb_old_content":"","_et_gb_content_width":""},"product_brand":[],"product_cat":[1376],"product_tag":[],"class_list":{"0":"post-20133","1":"product","2":"type-product","3":"status-publish","4":"has-post-thumbnail","6":"product_cat-hydraulic-cylinder","8":"first","9":"instock","10":"shipping-taxable","11":"product-type-simple"},"amp_enabled":true,"_links":{"self":[{"href":"https:\/\/www.hydraulic-cylinders.net\/sl\/wp-json\/wp\/v2\/product\/20133","targetHints":{"allow":["GET"]}}],"collection":[{"href":"https:\/\/www.hydraulic-cylinders.net\/sl\/wp-json\/wp\/v2\/product"}],"about":[{"href":"https:\/\/www.hydraulic-cylinders.net\/sl\/wp-json\/wp\/v2\/types\/product"}],"replies":[{"embeddable":true,"href":"https:\/\/www.hydraulic-cylinders.net\/sl\/wp-json\/wp\/v2\/comments?post=20133"}],"wp:featuredmedia":[{"embeddable":true,"href":"https:\/\/www.hydraulic-cylinders.net\/sl\/wp-json\/wp\/v2\/media\/20135"}],"wp:attachment":[{"href":"https:\/\/www.hydraulic-cylinders.net\/sl\/wp-json\/wp\/v2\/media?parent=20133"}],"wp:term":[{"taxonomy":"product_brand","embeddable":true,"href":"https:\/\/www.hydraulic-cylinders.net\/sl\/wp-json\/wp\/v2\/product_brand?post=20133"},{"taxonomy":"product_cat","embeddable":true,"href":"https:\/\/www.hydraulic-cylinders.net\/sl\/wp-json\/wp\/v2\/product_cat?post=20133"},{"taxonomy":"product_tag","embeddable":true,"href":"https:\/\/www.hydraulic-cylinders.net\/sl\/wp-json\/wp\/v2\/product_tag?post=20133"}],"curies":[{"name":"delovni list","href":"https:\/\/api.w.org\/{rel}","templated":true}]}}