{"id":20141,"date":"2025-05-11T14:31:41","date_gmt":"2025-05-11T14:31:41","guid":{"rendered":"https:\/\/www.hydraulic-cylinders.net\/?post_type=product&#038;p=20141"},"modified":"2025-05-12T05:30:19","modified_gmt":"2025-05-12T05:30:19","slug":"hydraulic-cylinders-for-crawler-crane","status":"publish","type":"product","link":"https:\/\/www.hydraulic-cylinders.net\/sl\/izdelek\/hydraulic-cylinders-for-crawler-crane\/","title":{"rendered":"Hidravli\u010dni cilindri za goseni\u010dni \u017eerjav"},"content":{"rendered":"<h1 style=\"text-align: center;\"><strong>Hidravli\u010dni cilindri za goseni\u010dni \u017eerjav<\/strong><\/h1>\n<p><img loading=\"lazy\" decoding=\"async\" class=\"wp-image-20150 aligncenter\" src=\"https:\/\/www.hydraulic-cylinders.net\/wp-content\/uploads\/2025\/05\/hydraulic-cylinders-for-crawler-crane-scaled.webp\" alt=\"\" width=\"500\" height=\"500\" \/><\/p>\n<section id=\"introduction\">Hidravli\u010dni cilinder za goseni\u010dni \u017eerjav podjetja Ever-Power Huachang Hydraulic je robusten cilinder za goseni\u010dni \u017eerjav, zasnovan za dvigovanje te\u017ekih bremen, zdru\u017eljiv z modeli, kot sta Liebherr LR 1300 in Manitowoc 14000. Ta hidravli\u010dni cilinder za dvigovanje z goseni\u010dnim \u017eerjavom, zasnovan za natan\u010dnost, izbolj\u0161a delovanje hidravli\u010dnega sistema \u017eerjava v gradbeni\u0161tvu, rudarstvu in industrijskih projektih ter zagotavlja zanesljivo mo\u010d in stabilnost za zahtevne naloge.<\/section>\n<section id=\"specifications\">\n<h2><strong>Tehni\u010dne specifikacije:<\/strong><\/h2>\n<p><strong>Funkcija:<\/strong>\u00a0U\u010dinek pufranja<br \/>\n<strong>Premer valja:<\/strong>\u00a0120 mm\u2013300 mm<br \/>\n<strong>Premer palice:<\/strong>\u00a0100 mm\u2013280 mm<br \/>\n<strong>Potovanje:<\/strong>\u00a0148 mm\u2013320 mm<br \/>\n<strong>Najve\u010dji tlak:<\/strong>\u00a040 MPa<br \/>\n<strong>Najve\u010dji potisk:<\/strong>\u00a02463KN<\/p>\n<\/section>\n<section id=\"features\">\n<h2><strong>Klju\u010dne zna\u010dilnosti hidravli\u010dnega cilindra za goseni\u010dni \u017eerjav:<\/strong><\/h2>\n<ul>\n<li><strong>Robustna dvi\u017ena zmogljivost:<\/strong>\u00a0Hidravli\u010dni cilinder za goseni\u010dni \u017eerjav ponuja vrhunsko nosilnost, zaradi \u010desar je idealen cilinder za goseni\u010dni \u017eerjav za dvigovanje te\u017ekih bremen v zahtevnih okoljih.<\/li>\n<li><strong>Trpe\u017ena konstrukcija:<\/strong>\u00a0Ta hidravli\u010dni cilinder za te\u017eke obremenitve, izdelan iz visoko trdnega jekla in prevle\u010den proti koroziji, prenese te\u017eke pogoje in zagotavlja dolgotrajno delovanje v hidravli\u010dnih sistemih \u017eerjavov.<\/li>\n<li><strong>Precizno in\u017eenirstvo:<\/strong>\u00a0Ta industrijski hidravli\u010dni cilinder, zasnovan za brezhibno integracijo z goseni\u010dnimi \u017eerjavi, izbolj\u0161a stabilnost in u\u010dinkovitost hidravli\u010dnega cilindra za delovanje goseni\u010dnih \u017eerjavov.<\/li>\n<li><strong>Zasnova z nizkimi stro\u0161ki vzdr\u017eevanja:<\/strong>\u00a0Z napredno tehnologijo tesnjenja cilinder goseni\u010dne dvigalke zmanj\u0161uje obrabo, kar zmanj\u0161uje stro\u0161ke vzdr\u017eevanja in zagotavlja zanesljiv hidravli\u010dni cilinder za dvigovanje z goseni\u010dno dvigalko.<\/li>\n<\/ul>\n<\/section>\n<section id=\"applications\">\n<h2><strong>Uporaba hidravli\u010dnega cilindra za goseni\u010dni \u017eerjav:<\/strong><\/h2>\n<p><img loading=\"lazy\" decoding=\"async\" class=\"alignnone size-full wp-image-20166\" src=\"https:\/\/www.hydraulic-cylinders.net\/wp-content\/uploads\/2025\/05\/hydraulic-cylinder-application-1.webp\" alt=\"\" width=\"2048\" height=\"1152\" srcset=\"https:\/\/www.hydraulic-cylinders.net\/wp-content\/uploads\/2025\/05\/hydraulic-cylinder-application-1.webp 2048w, https:\/\/www.hydraulic-cylinders.net\/wp-content\/uploads\/2025\/05\/hydraulic-cylinder-application-1-1280x720.webp 1280w, https:\/\/www.hydraulic-cylinders.net\/wp-content\/uploads\/2025\/05\/hydraulic-cylinder-application-1-980x551.webp 980w, https:\/\/www.hydraulic-cylinders.net\/wp-content\/uploads\/2025\/05\/hydraulic-cylinder-application-1-480x270.webp 480w\" sizes=\"(min-width: 0px) and (max-width: 480px) 480px, (min-width: 481px) and (max-width: 980px) 980px, (min-width: 981px) and (max-width: 1280px) 1280px, (min-width: 1281px) 2048px, 100vw\" \/><\/p>\n<ul>\n<li><strong>Gradbeni projekti:<\/strong>\u00a0Hidravli\u010dni cilinder za goseni\u010dni \u017eerjav se odlikuje po konstrukciji in zagotavlja mo\u010dan hidravli\u010dni cilinder za goseni\u010dne \u017eerjave, ki natan\u010dno dviguje jeklene nosilce in betonske plo\u0161\u010de.<\/li>\n<li><strong>Rudarske operacije:<\/strong>\u00a0Ta hidravli\u010dni cilinder za goseni\u010dni \u017eerjav, zasnovan za rudarstvo, podpira u\u010dinkovito dvigovanje te\u017ekih bremen, kot je ruda, in izbolj\u0161uje delovanje goseni\u010dne \u017eerjavne naprave na neravnem terenu.<\/li>\n<li><strong>Industrijski te\u017eki stroji:<\/strong>\u00a0Industrijski hidravli\u010dni cilinder za te\u017eke stroje, idealen za industrijska okolja, zagotavlja varno in zanesljivo delovanje v tovarnah in velikih projektih.<\/li>\n<\/ul>\n<\/section>\n<section id=\"explore-more\">\n<h2><strong>Razi\u0161\u010dite ve\u010d cilindrov za goseni\u010dne \u017eerjave:<\/strong><\/h2>\n<p>Ponujamo tudi vrsto drugih cilindrov za goseni\u010dne \u017eerjave, ki ustrezajo razli\u010dnim potrebam dvigovanja. Ne glede na to, ali potrebujete hidravli\u010dni cilinder za delovanje goseni\u010dne \u017eerjave ali zamenjavo cilindra goseni\u010dne \u017eerjave, ima Ever-Power Huachang Hydraulic re\u0161itev. Oglejte si na\u0161o celotno ponudbo. <a href=\"https:\/\/www.hydraulic-cylinders.net\/sl\/mobile-crane-hydraulic-cylinders\/\">cilindri goseni\u010dnega \u017eerjava<\/a>.<\/p>\n<h2 dir=\"auto\"><strong>Kolik\u0161en je najve\u010dji delovni tlak hidravli\u010dnega cilindra za goseni\u010dni \u017eerjav?<\/strong><\/h2>\n<p dir=\"auto\">Najvi\u0161ji delovni tlak hidravli\u010dnega cilindra za goseni\u010dni \u017eerjav je 350 barov, kot je navedeno v razdelku Tehni\u010dne specifikacije na strani izdelka. Ta visokotla\u010dna zmogljivost zagotavlja, da lahko hidravli\u010dni cilinder za goseni\u010dni \u017eerjav obvladuje ekstremne zahteve dvigovanja te\u017ekih bremen in natan\u010dnega delovanja cilindra goseni\u010dne \u017eerjave v zahtevnih okoljih, kot so gradbi\u0161\u010da, rudniki in industrijski projekti. Nazivni tlak 350 barov odra\u017ea robustno konstrukcijo tega te\u017ekega hidravli\u010dnega cilindra, ki mu omogo\u010da, da podpira znatne obremenitve \u2013 do ve\u010d ton \u2013 hkrati pa ohranja strukturno celovitost in obratovalno stabilnost znotraj hidravli\u010dnega sistema \u017eerjava.<\/p>\n<p dir=\"auto\">Ta prag tlaka je dose\u017een z uporabo visoko trdne jeklene konstrukcije in napredne tehnologije tesnjenja, ki prepre\u010duje pu\u0161\u010danje in vzdr\u017ei zahteve neprekinjene uporabe v te\u017ekih pogojih, kot so pra\u0161ni tereni ali vla\u017ena obalna obmo\u010dja. Poleg tega je hidravli\u010dni cilinder za dvigovanje z goseni\u010dnimi \u017eerjavi zasnovan s prilagodljivimi velikostmi izvrtin (od 180 mm do 300 mm) in dol\u017einami hoda (od 600 mm do 2500 mm), kar omogo\u010da prilagoditev razli\u010dnim zahtevam glede tlaka pri razli\u010dnih modelih goseni\u010dnih \u017eerjavov, kot sta Liebherr LR 1300 in Manitowoc 14000.<\/p>\n<p dir=\"auto\">Kombinacija te tla\u010dne zmogljivosti in trpe\u017ene zasnove zmanj\u0161uje obrabo, zmanj\u0161uje pogostost vzdr\u017eevanja in podalj\u0161uje \u017eivljenjsko dobo industrijskega hidravli\u010dnega cilindra, zaradi \u010desar je odli\u010dna zamenjava za cilindre goseni\u010dnega \u017eerjava za upravljavce, ki i\u0161\u010dejo zanesljivo delovanje v te\u017ekih aplikacijah. Za posebne prilagoditve tlaka ali podrobnosti o zdru\u017eljivosti se obrnite na strokovno ekipo Ever-Power Huachang Hydraulic.<\/p>\n<\/section>\n<section id=\"company-introduction\">\n<h2><strong>O podjetju Ever-Power Huachang Hydraulic:<\/strong><\/h2>\n<h2><img loading=\"lazy\" decoding=\"async\" class=\"alignnone size-full wp-image-16972\" src=\"https:\/\/www.hydraulic-cylinders.net\/wp-content\/uploads\/2025\/01\/hydraulic-cylinder-factory-1-scaled.webp\" alt=\"\" width=\"2016\" height=\"2560\" srcset=\"https:\/\/www.hydraulic-cylinders.net\/wp-content\/uploads\/2025\/01\/hydraulic-cylinder-factory-1-scaled.webp 2016w, https:\/\/www.hydraulic-cylinders.net\/wp-content\/uploads\/2025\/01\/hydraulic-cylinder-factory-1-1280x1625.webp 1280w, https:\/\/www.hydraulic-cylinders.net\/wp-content\/uploads\/2025\/01\/hydraulic-cylinder-factory-1-980x1244.webp 980w, https:\/\/www.hydraulic-cylinders.net\/wp-content\/uploads\/2025\/01\/hydraulic-cylinder-factory-1-480x610.webp 480w\" sizes=\"(min-width: 0px) and (max-width: 480px) 480px, (min-width: 481px) and (max-width: 980px) 980px, (min-width: 981px) and (max-width: 1280px) 1280px, (min-width: 1281px) 2016px, 100vw\" \/><\/h2>\n<p>Pona\u0161amo se z najsodobnej\u0161o neodvisno platformo za raziskave in razvoj, namenjeno monta\u017ei, ki zagotavlja vrhunske inovacije in kakovost v na\u0161ih proizvodnih procesih. Na\u0161a delavnica za proizvodnjo valjev za vili\u010darje ima \u0161tiri polavtomatske monta\u017ene linije za dvi\u017ene valje in popolnoma avtomatsko monta\u017eno linijo za nagibne valje, ki so skupaj zasnovane za proizvodnjo do milijona enot letno.<\/p>\n<p>Na\u0161a strojna delavnica ima stru\u017eilne centre za nagibne vodilne tirnice po meri, obdelovalne centre, visokohitrostne stroje za honanje, varilne robote in drugo bistveno opremo. Ta postavitev nam omogo\u010da obdelavo valjastih cevi z najve\u010djim notranjim premerom 400 mm in dol\u017eino do 6 metrov, kar \u0161e dodatno izbolj\u0161uje na\u0161e proizvodne zmogljivosti.<\/p>\n<p>Upravljamo popolnoma avtomatsko linijo za barvanje na vodni osnovi, posebej zasnovano za majhne in srednje velike jeklenke, z avtomatiziranimi roboti za nalaganje, razkladanje in brizganje. Ta najsodobnej\u0161i sistem se pona\u0161a s proizvodno zmogljivostjo 4000 enot na izmeno. Poleg tega imamo polavtomatsko linijo za barvanje velikih jeklenk, ki jo poganja veri\u017eni pogon, s projektno zmogljivostjo 60 zabojev na izmeno.<\/p>\n<h2><img loading=\"lazy\" decoding=\"async\" class=\"alignnone size-full wp-image-16973\" src=\"https:\/\/www.hydraulic-cylinders.net\/wp-content\/uploads\/2025\/01\/hydraulic-cylinder-factory-2-scaled.webp\" alt=\"\" width=\"2011\" height=\"2560\" srcset=\"https:\/\/www.hydraulic-cylinders.net\/wp-content\/uploads\/2025\/01\/hydraulic-cylinder-factory-2-scaled.webp 2011w, https:\/\/www.hydraulic-cylinders.net\/wp-content\/uploads\/2025\/01\/hydraulic-cylinder-factory-2-1280x1629.webp 1280w, https:\/\/www.hydraulic-cylinders.net\/wp-content\/uploads\/2025\/01\/hydraulic-cylinder-factory-2-980x1248.webp 980w, https:\/\/www.hydraulic-cylinders.net\/wp-content\/uploads\/2025\/01\/hydraulic-cylinder-factory-2-480x611.webp 480w\" sizes=\"(min-width: 0px) and (max-width: 480px) 480px, (min-width: 481px) and (max-width: 980px) 980px, (min-width: 981px) and (max-width: 1280px) 1280px, (min-width: 1281px) 2011px, 100vw\" \/><\/h2>\n<p>Da bi izbolj\u0161ali u\u010dinkovitost izdelkov in utrdili na\u0161o vodilno vlogo v industriji hidravli\u010dnih cilindrov, smo se povezali z ZJIMEE in ustanovili celovit laboratorij za merjenje u\u010dinkovitosti, namenjen hidravli\u010dnim cilindrom, ventilom in \u010drpalkam. Ta napredni laboratorij uporablja ra\u010dunalni\u0161ko podprto testiranje z elektrohidravli\u010dno tehnologijo, kar omogo\u010da vnaprej dolo\u010dene pogoje testiranja, ki izbolj\u0161ajo natan\u010dnost in vsestranskost sistema. Avtomatiziran postopek zbiranja podatkov uporablja senzorje za zbiranje izhodnih podatkov, kot so notranje pu\u0161\u010danje in izkoristek obremenitve, ki jih nato obdela ra\u010dunalnik in pretvori v standardne enote (ml\/min%).<\/p>\n<p>Hidravli\u010dni cilinder za goseni\u010dni \u017eerjav dokazuje na\u0161o predanost kakovosti in zmogljivosti, zasnovan kot hidravli\u010dni cilinder za dvigovanje z goseni\u010dnimi \u017eerjavi, zlasti za modele Liebherr, Manitowoc in Kobelco. Na\u0161i izdelki, ki jim zaupajo veliki svetovni proizvajalci opreme, so si prislu\u017eili dober sloves zanesljivosti, podjetje Ever-Power Huachang Hydraulic pa je priznano kot vodilno podjetje v proizvodnji hidravli\u010dnih cilindrov.<\/p>\n<\/section>","protected":false},"excerpt":{"rendered":"<p>Hydraulic Cylinders for Crawler Crane The Hydraulic Cylinder for Crawler Crane from Ever-Power Huachang Hydraulic is a robust crawler crane cylinder designed for heavy-duty lifting, compatible with models like Liebherr LR 1300 and Manitowoc 14000. Engineered for precision, this hydraulic cylinder for crawler crane lifting enhances crane hydraulic system performance in construction, mining, and industrial [&hellip;]<\/p>","protected":false},"featured_media":20162,"comment_status":"open","ping_status":"closed","template":"","meta":{"_et_pb_use_builder":"","_et_pb_old_content":"","_et_gb_content_width":""},"product_brand":[],"product_cat":[1514],"product_tag":[],"class_list":{"0":"post-20141","1":"product","2":"type-product","3":"status-publish","4":"has-post-thumbnail","6":"product_cat-mobile-crane-hydraulic-cylinders","8":"first","9":"instock","10":"shipping-taxable","11":"product-type-simple"},"amp_enabled":true,"_links":{"self":[{"href":"https:\/\/www.hydraulic-cylinders.net\/sl\/wp-json\/wp\/v2\/product\/20141","targetHints":{"allow":["GET"]}}],"collection":[{"href":"https:\/\/www.hydraulic-cylinders.net\/sl\/wp-json\/wp\/v2\/product"}],"about":[{"href":"https:\/\/www.hydraulic-cylinders.net\/sl\/wp-json\/wp\/v2\/types\/product"}],"replies":[{"embeddable":true,"href":"https:\/\/www.hydraulic-cylinders.net\/sl\/wp-json\/wp\/v2\/comments?post=20141"}],"wp:featuredmedia":[{"embeddable":true,"href":"https:\/\/www.hydraulic-cylinders.net\/sl\/wp-json\/wp\/v2\/media\/20162"}],"wp:attachment":[{"href":"https:\/\/www.hydraulic-cylinders.net\/sl\/wp-json\/wp\/v2\/media?parent=20141"}],"wp:term":[{"taxonomy":"product_brand","embeddable":true,"href":"https:\/\/www.hydraulic-cylinders.net\/sl\/wp-json\/wp\/v2\/product_brand?post=20141"},{"taxonomy":"product_cat","embeddable":true,"href":"https:\/\/www.hydraulic-cylinders.net\/sl\/wp-json\/wp\/v2\/product_cat?post=20141"},{"taxonomy":"product_tag","embeddable":true,"href":"https:\/\/www.hydraulic-cylinders.net\/sl\/wp-json\/wp\/v2\/product_tag?post=20141"}],"curies":[{"name":"delovni list","href":"https:\/\/api.w.org\/{rel}","templated":true}]}}